{"id":10272,"date":"2022-10-05T10:47:58","date_gmt":"2022-10-05T08:47:58","guid":{"rendered":"https:\/\/www.bulkgenetics.com\/cheese-regular\/"},"modified":"2024-10-08T01:09:01","modified_gmt":"2024-10-07T23:09:01","slug":"cheese-regular","status":"publish","type":"product","link":"https:\/\/bulkgenetics.com\/fr\/cheese-regular\/","title":{"rendered":"Cheese Regular"},"content":{"rendered":"\n<p><strong>Cheese Regular<\/strong> est une vari\u00e9t\u00e9 de cannabis c\u00e9l\u00e8bre dans le monde entier pour son odeur et <strong>son go\u00fbt uniques et inimitables de Cheetos<\/strong>. Personne ne peut r\u00e9sister \u00e0 ses charmes et ceux qui l&#8217;essaient, ne peuvent plus s&#8217;en passer.<\/p>\n\n\n\n<p>Cheese est une s\u00e9lection de <a href=\"https:\/\/bulkgenetics.com\/fr\/skunk-1\/\">Skunk #1<\/a> faite par le collectif britannique Exodus. Son nom complet est donc <strong>UK Exodus Cheese<\/strong>. Parmi cette s\u00e9lection, une g\u00e9n\u00e9tique s&#8217;est distingu\u00e9e par son ar\u00f4me et son go\u00fbt inhabituels de fromage vieilli. Le reste appartient \u00e0 l&#8217;histoire.<\/p>\n\n\n\n<p>Aujourd&#8217;hui, il est rare de trouver une banque qui ne propose pas la Cheese ou un hybride de la Cheese. Dans notre cas, nous avons choisi de <strong>combiner le clone original avec un parent Skunk<\/strong>, ce qui permet de conserver le go\u00fbt intact, mais d&#8217;am\u00e9liorer la production et la vigueur. De plus, s&#8217;agissant de graines r\u00e9guli\u00e8res, la s\u00e9lection d&#8217;un bon m\u00e2le peut encourager les cultivateurs \u00e0 d\u00e9velopper leurs propres hybrides de Cheese.<\/p>\n\n\n\n<h2 class=\"wp-block-heading\">Comment cultiver la Cheese Regular<\/h2>\n\n\n\n<p>La Skunk est synonyme de plantes qui peuvent tout supporter. En tant que bonne Skunk, <strong>la Cheese est l&#8217;une des g\u00e9n\u00e9tiques pr\u00e9f\u00e9r\u00e9es des d\u00e9butants<\/strong>, car elle assure toujours des r\u00e9coltes abondantes et de tr\u00e8s haute qualit\u00e9.<\/p>\n\n\n\n<p><strong>\u00c0 l&#8217;ext\u00e9rieur<\/strong>, elle atteint une <strong>hauteur moyenne de 2,5 m\u00e8tres<\/strong>, avec une stature robuste et une structure typique de sapin, avec des entre-n\u0153uds courts, des feuilles vert fonc\u00e9, une grande branche apicale et de nombreuses branches satellites tr\u00e8s productives.<\/p>\n\n\n\n<p>Elle a une courte p\u00e9riode de floraison et <strong>sera r\u00e9colt\u00e9e entre la premi\u00e8re et la deuxi\u00e8me semaine d&#8217;octobre<\/strong>. Elle est \u00e9galement tr\u00e8s r\u00e9sistante aux champignons dans les environnements \u00e0 forte humidit\u00e9.<\/p>\n\n\n\n<p><strong>En int\u00e9rieur<\/strong>, c&#8217;est la vari\u00e9t\u00e9 parfaite pour les cultures SOG si vous recherchez une production maximale. Elle accepte \u00e9galement <strong>la taille et le palissage des branches<\/strong> pour les cultures SCROG comportant peu de plantes.<\/p>\n\n\n\n<p>\u00c0 partir du changement de photop\u00e9riode, il faudra environ <strong>50 \u00e0 60 jours pour r\u00e9colter<\/strong> les t\u00eates les plus puantes que vous puissiez imaginer. L&#8217;utilisation d&#8217;un bon filtre anti-odeur sera tr\u00e8s n\u00e9cessaire.<\/p>\n\n\n\n<h2 class=\"wp-block-heading\">Caract\u00e9ristiques de la Cheese Regular<\/h2>\n\n\n\n<p>Les producteurs qui optent pour cette vari\u00e9t\u00e9 savent toujours que le rendement est \u00e9lev\u00e9. En ext\u00e9rieur, <strong>elle atteindra 900 grammes<\/strong> par plante pour les plus grandes. \u00c0 l&#8217;int\u00e9rieur, vous pouvez esp\u00e9rer jusqu&#8217;\u00e0 <strong>600 grammes par m\u00b2<\/strong> avec une LED de 300-350 W.<\/p>\n\n\n\n<p>Elle produit des <strong>t\u00eates \u00e9paisses, coniques, tr\u00e8s compactes et recouvertes de r\u00e9sine<\/strong>. C&#8217;est une plante particuli\u00e8rement adapt\u00e9e \u00e0 la fabrication de toutes sortes d&#8217;extractions de cannabino\u00efdes.<\/p>\n\n\n\n<p><strong>La saveur et les ar\u00f4mes<\/strong> rappellent les Cheetos, avec un soup\u00e7on de fromage vieilli qui s&#8217;am\u00e9liore avec un bon et lent affinage. C&#8217;est vraiment unique et d\u00e9licieux.<\/p>\n\n\n\n<p><strong>Les effets sont \u00e9quilibr\u00e9s, des sensations \u00e9nergiques et euphoriques<\/strong> s&#8217;empareront de votre \u00eatre, mais avec une touche de d\u00e9tente qui ne vous emp\u00eachera pas d&#8217;exercer une quelconque activit\u00e9.<\/p>\n\n\n\n<div style=\"height:50px\" aria-hidden=\"true\" class=\"wp-block-spacer uag-hide-mob\"><\/div>\n\n\n\n<div class=\"wp-block-columns is-layout-flex wp-container-core-columns-is-layout-28f84493 wp-block-columns-is-layout-flex\">\n<div class=\"wp-block-column is-layout-flow wp-block-column-is-layout-flow\">\n<p class=\"has-text-align-center has-medium-font-size\"><strong>Ce qui nous pla\u00eet le plus<\/strong><\/p>\n\n\n\n<ul class=\"wp-block-list\">\n<li>Tr\u00e8s facile \u00e0 cultiver.<\/li>\n\n\n\n<li>Production \u00e9lev\u00e9e.<\/li>\n\n\n\n<li>Saveur de Cheetos.<\/li>\n\n\n\n<li>Effets tr\u00e8s balanc\u00e9s.<\/li>\n\n\n\n<li>Son prix.<\/li>\n<\/ul>\n<\/div>\n\n\n\n<div class=\"wp-block-column is-layout-flow wp-block-column-is-layout-flow\">\n<p class=\"has-text-align-center has-medium-font-size\"><strong>Ce qui nous pla\u00eet le moins<\/strong><\/p>\n\n\n\n<ul class=\"wp-block-list\">\n<li>Odeur tr\u00e8s intense en floraison.<\/li>\n<\/ul>\n<\/div>\n<\/div>\n\n\n\n<div style=\"height:50px\" aria-hidden=\"true\" class=\"wp-block-spacer uag-hide-mob\"><\/div>\n\n\n\n<h2 class=\"wp-block-heading\">Questions fr\u00e9quentes<\/h2>\n\n\n\n<p>Si vous \u00eates int\u00e9ress\u00e9 par ces graines ordinaires en vrac, voici les questions les plus fr\u00e9quemment pos\u00e9es sur leur culture.<\/p>\n\n\n<div id=\"rank-math-faq\" class=\"rank-math-block\">\n<div class=\"rank-math-list \">\n<div id=\"faq-question-1663029074962\" class=\"rank-math-list-item\">\n<h3 class=\"rank-math-question \">Quand commence la floraison de la Cheese Regular en ext\u00e9rieur ?<\/h3>\n<div class=\"rank-math-answer \">\n\n<p>Selon la latitude de la culture, la floraison commence au cours de la premi\u00e8re quinzaine d&#8217;ao\u00fbt.<\/p>\n\n<\/div>\n<\/div>\n<div id=\"faq-question-1663029159933\" class=\"rank-math-list-item\">\n<h3 class=\"rank-math-question \">Quand r\u00e9colter la Cheese Regular en ext\u00e9rieur ?<\/h3>\n<div class=\"rank-math-answer \">\n\n<p>Il s&#8217;agit d&#8217;une vari\u00e9t\u00e9 \u00e0 floraison rapide qui est r\u00e9colt\u00e9e au cours de la premi\u00e8re moiti\u00e9 d&#8217;octobre.<\/p>\n\n<\/div>\n<\/div>\n<div id=\"faq-question-1663029165861\" class=\"rank-math-list-item\">\n<h3 class=\"rank-math-question \">Comment cultiver la Cheese Regular?<\/h3>\n<div class=\"rank-math-answer \">\n\n<p>C&#8217;est une plante tr\u00e8s facile \u00e0 cultiver comme une bonne Skunk. En floraison, elle est tr\u00e8s parfum\u00e9e.<\/p>\n\n<\/div>\n<\/div>\n<div id=\"faq-question-1666780029954\" class=\"rank-math-list-item\">\n<h3 class=\"rank-math-question \">Quels sont les effets de la Cheese Regular en vrac ?<\/h3>\n<div class=\"rank-math-answer \">\n\n<p>Les effets sont \u00e9quilibr\u00e9s. Des sensations relaxantes, \u00e9nerg\u00e9tiques et euphorisantes vont envahir votre corps et votre esprit.<\/p>\n\n<\/div>\n<\/div>\n<\/div>\n<\/div>","protected":false},"excerpt":{"rendered":"<p>Cheese Regular est l&#8217;une des plantes les plus faciles \u00e0 cultiver. C&#8217;est un croisement hybride avec une l\u00e9g\u00e8re dominance Indica de UK Chesse x Skunk qui se distingue par son ar\u00f4me et son go\u00fbt incomparables et prononc\u00e9s de fromage affin\u00e9. Elle atteint une hauteur moyenne de 2,5 m\u00e8tres, avec des branches fortes qui ne c\u00e8dent pas sous le poids des t\u00eates denses et r\u00e9sineuses. De plus, la p\u00e9riode de floraison est courte, environ 8 semaines. Les effets sont puissants et \u00e9quilibr\u00e9s, offrant un high rapide et euphorique avec une dose de s\u00e9r\u00e9nit\u00e9 qui s&#8217;intensifie avec le temps.<\/p>\n","protected":false},"featured_media":9147,"comment_status":"open","ping_status":"closed","template":"","meta":{"_acf_changed":false,"inline_featured_image":false,"_uag_custom_page_level_css":""},"product_brand":[],"product_cat":[2522],"product_tag":[],"class_list":{"0":"post-10272","1":"product","2":"type-product","3":"status-publish","4":"has-post-thumbnail","6":"product_cat-graines-regulieres-en-gros","8":"first","9":"instock","10":"taxable","11":"shipping-taxable","12":"purchasable","13":"product-type-simple"},"acf":[],"uagb_featured_image_src":{"full":["https:\/\/bulkgenetics.com\/wp-content\/uploads\/2022\/10\/Cheese.jpg",1600,1600,false],"thumbnail":["https:\/\/bulkgenetics.com\/wp-content\/uploads\/2022\/10\/Cheese-150x150.jpg",150,150,true],"medium":["https:\/\/bulkgenetics.com\/wp-content\/uploads\/2022\/10\/Cheese-300x300.jpg",300,300,true],"medium_large":["https:\/\/bulkgenetics.com\/wp-content\/uploads\/2022\/10\/Cheese-768x768.jpg",768,768,true],"large":["https:\/\/bulkgenetics.com\/wp-content\/uploads\/2022\/10\/Cheese-1024x1024.jpg",1024,1024,true],"1536x1536":["https:\/\/bulkgenetics.com\/wp-content\/uploads\/2022\/10\/Cheese-1536x1536.jpg",1536,1536,true],"2048x2048":["https:\/\/bulkgenetics.com\/wp-content\/uploads\/2022\/10\/Cheese.jpg",1600,1600,false],"commercegurus-pdp-large":["https:\/\/bulkgenetics.com\/wp-content\/uploads\/2022\/10\/Cheese-990x990.jpg",990,990,true],"commercegurus-plp-mobile":["https:\/\/bulkgenetics.com\/wp-content\/uploads\/2022\/10\/Cheese-441x441.jpg",441,441,true],"cgkit_image_swatch":["https:\/\/bulkgenetics.com\/wp-content\/uploads\/2022\/10\/Cheese-100x100.jpg",100,100,true],"woocommerce_thumbnail":["https:\/\/bulkgenetics.com\/wp-content\/uploads\/2022\/10\/Cheese-300x300.jpg",300,300,true],"woocommerce_single":["https:\/\/bulkgenetics.com\/wp-content\/uploads\/2022\/10\/Cheese-800x800.jpg",800,800,true],"woocommerce_gallery_thumbnail":["https:\/\/bulkgenetics.com\/wp-content\/uploads\/2022\/10\/Cheese-150x150.jpg",150,150,true],"dgwt-wcas-product-suggestion":["https:\/\/bulkgenetics.com\/wp-content\/uploads\/2022\/10\/Cheese-64x64.jpg",64,64,true]},"uagb_author_info":{"display_name":"J\u00e9r\u00f4me","author_link":"https:\/\/bulkgenetics.com\/fr\/author\/"},"uagb_comment_info":0,"uagb_excerpt":"Cheese Regular est l'une des plantes les plus faciles \u00e0 cultiver. C'est un croisement hybride avec une l\u00e9g\u00e8re dominance Indica de UK Chesse x Skunk qui se distingue par son ar\u00f4me et son go\u00fbt incomparables et prononc\u00e9s de fromage affin\u00e9. Elle atteint une hauteur moyenne de 2,5 m\u00e8tres, avec des branches fortes qui ne c\u00e8dent\u2026","_links":{"self":[{"href":"https:\/\/bulkgenetics.com\/fr\/wp-json\/wp\/v2\/product\/10272","targetHints":{"allow":["GET"]}}],"collection":[{"href":"https:\/\/bulkgenetics.com\/fr\/wp-json\/wp\/v2\/product"}],"about":[{"href":"https:\/\/bulkgenetics.com\/fr\/wp-json\/wp\/v2\/types\/product"}],"replies":[{"embeddable":true,"href":"https:\/\/bulkgenetics.com\/fr\/wp-json\/wp\/v2\/comments?post=10272"}],"wp:featuredmedia":[{"embeddable":true,"href":"https:\/\/bulkgenetics.com\/fr\/wp-json\/wp\/v2\/media\/9147"}],"wp:attachment":[{"href":"https:\/\/bulkgenetics.com\/fr\/wp-json\/wp\/v2\/media?parent=10272"}],"wp:term":[{"taxonomy":"product_brand","embeddable":true,"href":"https:\/\/bulkgenetics.com\/fr\/wp-json\/wp\/v2\/product_brand?post=10272"},{"taxonomy":"product_cat","embeddable":true,"href":"https:\/\/bulkgenetics.com\/fr\/wp-json\/wp\/v2\/product_cat?post=10272"},{"taxonomy":"product_tag","embeddable":true,"href":"https:\/\/bulkgenetics.com\/fr\/wp-json\/wp\/v2\/product_tag?post=10272"}],"curies":[{"name":"wp","href":"https:\/\/api.w.org\/{rel}","templated":true}]}}