{"id":10388,"date":"2022-11-03T11:57:54","date_gmt":"2022-11-03T10:57:54","guid":{"rendered":"https:\/\/www.bulkgenetics.com\/chocolope\/"},"modified":"2024-10-08T01:09:01","modified_gmt":"2024-10-07T23:09:01","slug":"chocolope","status":"publish","type":"product","link":"https:\/\/bulkgenetics.com\/fr\/chocolope\/","title":{"rendered":"Chocolope"},"content":{"rendered":"\n<p>Le <strong>Chocolope<\/strong> est une vari\u00e9t\u00e9 de cannabis et l&#8217;un des <strong>joyaux g\u00e9n\u00e9tiques les plus populaires<\/strong> parmi les cultivateurs du monde entier.  <\/p>\n\n\n\n<p>Chocolope offre tout ce que les amateurs de Sativa peuvent souhaiter. Elle est <strong>tr\u00e8s rapide, r\u00e9sistante, productive<\/strong> et particuli\u00e8rement savoureuse.  <\/p>\n\n\n\n<h2 class=\"wp-block-heading\">Gen\u00e9tique<\/h2>\n\n\n\n<p>La Chocolope est une vari\u00e9t\u00e9 d\u00e9velopp\u00e9e par la banque de semences de DNA Genetics avant de quitter les \u00c9tats-Unis et de s&#8217;installer en Hollande.<\/p>\n\n\n\n<p>C&#8217;est un hybride presque <strong>100% Sativa<\/strong> qui combine une m\u00e8re Chocolate Thai avec un p\u00e8re <a href=\"https:\/\/bulkgenetics.com\/fr\/cannalope-haze\/\">Cannalope Haze<\/a>.<\/p>\n\n\n\n<p>Sur les sites sp\u00e9cialis\u00e9s comme Leafly ou Seedfinder, elle est consid\u00e9r\u00e9e comme l&#8217;<strong>une des meilleures Sativas<\/strong> d\u00e9velopp\u00e9es au cours des 20 derni\u00e8res ann\u00e9es.<\/p>\n\n\n\n<h2 class=\"wp-block-heading\">Comment cultiver la Chocolope<\/h2>\n\n\n\n<p>Ce n&#8217;est pas du tout <strong>une vari\u00e9t\u00e9 compliqu\u00e9e \u00e0 cultiver<\/strong>. Bien qu&#8217;il s&#8217;agisse d&#8217;une Sativa presque pure, elle ne pr\u00e9sente pas de probl\u00e8mes particuliers, que ce soit \u00e0 l&#8217;int\u00e9rieur ou \u00e0 l&#8217;ext\u00e9rieur.<\/p>\n\n\n\n<h3 class=\"wp-block-heading\">En ext\u00e9rieur<\/h3>\n\n\n\n<p>\u00c0 l&#8217;ext\u00e9rieur, elle <strong>atteint<\/strong> une hauteur d&#8217;environ 2-2,5 m\u00e8tres et poss\u00e8de une structure pyramidale. Elle a des entrenoeuds moyens et des feuilles avec des p\u00e9tales typiques de Sativa.<\/p>\n\n\n\n<p>La p\u00e9riode de floraison est tr\u00e8s courte en raison de sa g\u00e9n\u00e9tique. Selon le ph\u00e9notype, elle peut \u00eatre r\u00e9colt\u00e9e pendant la <strong>premi\u00e8re quinzaine d&#8217;octobre<\/strong>.<\/p>\n\n\n\n<h3 class=\"wp-block-heading\">En int\u00e9rieur<\/h3>\n\n\n\n<p>En g\u00e9n\u00e9ral, les plantes Sativa sont difficiles \u00e0 cultiver en int\u00e9rieur en raison de leur forte croissance. La Chocolope, en revanche, <strong>pousse de mani\u00e8re plus compacte<\/strong> et ne s&#8217;\u00e9tire pas autant que les autres Sativas pendant la floraison.<\/p>\n\n\n\n<p>Du changement de photop\u00e9riode \u00e0 la floraison, il faut compter <strong>environ 9 \u00e0 10 semaines pour la r\u00e9colte<\/strong>. Les ph\u00e9notypes les plus rapides peuvent m\u00eame se r\u00e9colter en 8 semaines environ.<\/p>\n\n\n\n<h2 class=\"wp-block-heading\">Caract\u00e9ristiques de la Chocolope<\/h2>\n\n\n\n<p>Avec nos graines de cannabis Chocolope, vous obtiendrez une r\u00e9colte <strong>de qualit\u00e9 sup\u00e9rieure<\/strong>. Les t\u00eates de taille moyenne sont tr\u00e8s grandes, ainsi que tr\u00e8s compactes et minces.<\/p>\n\n\n\n<h3 class=\"wp-block-heading\">Ar\u00f4me et saveur<\/h3>\n\n\n\n<p>L&#8217;ar\u00f4me et la saveur sont en accord avec le nom de la vari\u00e9t\u00e9 proposant des <strong>notes claires de chocolat<\/strong>, de haschisch, d&#8217;herbes et de terre qui restent longtemps en bouche.<\/p>\n\n\n\n<h3 class=\"wp-block-heading\">Effets de Chocolope<\/h3>\n\n\n\n<p>Les effets de cette vari\u00e9t\u00e9 sont <strong>puissants, psychoactifs, introspectifs, positifs<\/strong> et, dans une certaine mesure, relaxants. C&#8217;est l&#8217;herbe parfaite \u00e0 d\u00e9guster pendant la journ\u00e9e.<\/p>\n\n\n\n<h3 class=\"wp-block-heading\">Production<\/h3>\n\n\n\n<p><strong>En ext\u00e9rieur<\/strong>, les plus grands sp\u00e9cimens donneront des rendements de <strong>600-800 grammes<\/strong> par plante.<\/p>\n\n\n\n<p><strong>\u00c0 l&#8217;int\u00e9rieur,<\/strong> elle convient \u00e0 toutes les techniques de culture. Elle est particuli\u00e8rement productive en SOG \u00e0 partir de graines, avec des rendements qui peuvent atteindre <strong>500-600 grammes par m\u00b2<\/strong>.<\/p>\n\n\n\n<div style=\"height:50px\" aria-hidden=\"true\" class=\"wp-block-spacer uag-hide-mob\"><\/div>\n\n\n\n<div class=\"wp-block-columns is-layout-flex wp-container-core-columns-is-layout-28f84493 wp-block-columns-is-layout-flex\">\n<div class=\"wp-block-column is-layout-flow wp-block-column-is-layout-flow\">\n<p class=\"has-text-align-center has-medium-font-size\"><strong>Ce qui nous pla\u00eet le plus<\/strong><\/p>\n\n\n\n<ul class=\"wp-block-list\">\n<li>Facile \u00e0 cultiver et r\u00e9sistante.<\/li>\n\n\n\n<li>Sativa avec une floraison rapide.<\/li>\n\n\n\n<li><span style=\"color: initial;\">Saveur intense de chocolat et de Hash.<\/span><\/li>\n\n\n\n<li>Son prix.<\/li>\n<\/ul>\n<\/div>\n\n\n\n<div class=\"wp-block-column is-layout-flow wp-block-column-is-layout-flow\">\n<p class=\"has-text-align-center has-medium-font-size\"><strong>Ce qui nous pla\u00eet le moins<\/strong><\/p>\n\n\n\n<ul class=\"wp-block-list\">\n<li>Il ne faut pas la consommer pour aller dormir.<\/li>\n<\/ul>\n<\/div>\n<\/div>\n\n\n\n<div style=\"height:50px\" aria-hidden=\"true\" class=\"wp-block-spacer uag-hide-mob\"><\/div>\n\n\n\n<h2 class=\"wp-block-heading\">Questions fr\u00e9quentes<\/h2>\n\n\n\n<p>Nous r\u00e9pondons donc \u00e0 certaines des questions les plus fr\u00e9quemment pos\u00e9es par les cultivateurs sur cette vari\u00e9t\u00e9 :<\/p>\n\n\n<div id=\"rank-math-faq\" class=\"rank-math-block\">\n<div class=\"rank-math-list \">\n<div id=\"faq-question-1663029074962\" class=\"rank-math-list-item\">\n<h3 class=\"rank-math-question \">Quand commence la floraison de la Chocolope en ext\u00e9rieur ?<\/h3>\n<div class=\"rank-math-answer \">\n\n<p>La floraison commence g\u00e9n\u00e9ralement pendant la premi\u00e8re quinzaine d&#8217;ao\u00fbt.<\/p>\n\n<\/div>\n<\/div>\n<div id=\"faq-question-1663029159933\" class=\"rank-math-list-item\">\n<h3 class=\"rank-math-question \">Quand se r\u00e9colte une Chocolope \u00e0 l&#8217;ext\u00e9rieur ?<\/h3>\n<div class=\"rank-math-answer \">\n\n<p>C&#8217;est une vari\u00e9t\u00e9 Sativa \u00e0 floraison rapide. Elle se r\u00e9colte lors de la premi\u00e8re quinzaine d&#8217;octobre.<\/p>\n\n<\/div>\n<\/div>\n<div id=\"faq-question-1663029165861\" class=\"rank-math-list-item\">\n<h3 class=\"rank-math-question \">Comment cultiver une Chocolope femelle ?<\/h3>\n<div class=\"rank-math-answer \">\n\n<p>Nos graines de cannabis Chocolope en vrac vous garantissent des plantes fortes et \u00e0 croissance rapide. La Chocolope pr\u00e9f\u00e8re les climats tels que le climat m\u00e9diterran\u00e9en, bien qu&#8217;elle puisse s&#8217;adapter \u00e0 tout autre climat.<\/p>\n\n<\/div>\n<\/div>\n<div id=\"faq-question-1663166878983\" class=\"rank-math-list-item\">\n<h3 class=\"rank-math-question \">Quels sont les effets de la Chocolope en vrac ?<\/h3>\n<div class=\"rank-math-answer \">\n\n<p>Les effets sont puissants, tr\u00e8s psychoactifs, positifs et presque psych\u00e9d\u00e9liques. Elle a une touche de relaxation mentale tr\u00e8s int\u00e9ressante.<\/p>\n\n<\/div>\n<\/div>\n<\/div>\n<\/div>","protected":false},"excerpt":{"rendered":"<p>Chocolope est une vari\u00e9t\u00e9 de cannabis Sativa avec Chocolate Thai x Cannalope Haze. C&#8217;est une plante tr\u00e8s facile \u00e0 cultiver et elle est c\u00e9l\u00e8bre pour sa courte p\u00e9riode de floraison. C&#8217;est l&#8217;une des meilleures g\u00e9n\u00e9tiques pour les amateurs de Sativa qui ne peuvent pas les cultiver pour des raisons climatiques. Il offre un d\u00e9licieux go\u00fbt de chocolat et de biscuit avec des touches terreuses et herbac\u00e9es qui plaisent \u00e0 tous.<\/p>\n","protected":false},"featured_media":9037,"comment_status":"open","ping_status":"closed","template":"","meta":{"_acf_changed":false,"inline_featured_image":false,"_uag_custom_page_level_css":""},"product_brand":[],"product_cat":[2577],"product_tag":[],"class_list":{"0":"post-10388","1":"product","2":"type-product","3":"status-publish","4":"has-post-thumbnail","6":"product_cat-non-classe-bulk","8":"first","9":"instock","10":"taxable","11":"shipping-taxable","12":"purchasable","13":"product-type-simple"},"acf":[],"uagb_featured_image_src":{"full":["https:\/\/bulkgenetics.com\/wp-content\/uploads\/2022\/09\/chocolope.jpg",1200,1200,false],"thumbnail":["https:\/\/bulkgenetics.com\/wp-content\/uploads\/2022\/09\/chocolope-150x150.jpg",150,150,true],"medium":["https:\/\/bulkgenetics.com\/wp-content\/uploads\/2022\/09\/chocolope-300x300.jpg",300,300,true],"medium_large":["https:\/\/bulkgenetics.com\/wp-content\/uploads\/2022\/09\/chocolope-768x768.jpg",768,768,true],"large":["https:\/\/bulkgenetics.com\/wp-content\/uploads\/2022\/09\/chocolope-1024x1024.jpg",1024,1024,true],"1536x1536":["https:\/\/bulkgenetics.com\/wp-content\/uploads\/2022\/09\/chocolope.jpg",1200,1200,false],"2048x2048":["https:\/\/bulkgenetics.com\/wp-content\/uploads\/2022\/09\/chocolope.jpg",1200,1200,false],"commercegurus-pdp-large":["https:\/\/bulkgenetics.com\/wp-content\/uploads\/2022\/09\/chocolope-990x990.jpg",990,990,true],"commercegurus-plp-mobile":["https:\/\/bulkgenetics.com\/wp-content\/uploads\/2022\/09\/chocolope-441x441.jpg",441,441,true],"cgkit_image_swatch":["https:\/\/bulkgenetics.com\/wp-content\/uploads\/2022\/09\/chocolope-100x100.jpg",100,100,true],"woocommerce_thumbnail":["https:\/\/bulkgenetics.com\/wp-content\/uploads\/2022\/09\/chocolope-300x300.jpg",300,300,true],"woocommerce_single":["https:\/\/bulkgenetics.com\/wp-content\/uploads\/2022\/09\/chocolope-800x800.jpg",800,800,true],"woocommerce_gallery_thumbnail":["https:\/\/bulkgenetics.com\/wp-content\/uploads\/2022\/09\/chocolope-150x150.jpg",150,150,true],"dgwt-wcas-product-suggestion":["https:\/\/bulkgenetics.com\/wp-content\/uploads\/2022\/09\/chocolope-64x64.jpg",64,64,true]},"uagb_author_info":{"display_name":"J\u00e9r\u00f4me","author_link":"https:\/\/bulkgenetics.com\/fr\/author\/"},"uagb_comment_info":0,"uagb_excerpt":"Chocolope est une vari\u00e9t\u00e9 de cannabis Sativa avec Chocolate Thai x Cannalope Haze. C'est une plante tr\u00e8s facile \u00e0 cultiver et elle est c\u00e9l\u00e8bre pour sa courte p\u00e9riode de floraison. C'est l'une des meilleures g\u00e9n\u00e9tiques pour les amateurs de Sativa qui ne peuvent pas les cultiver pour des raisons climatiques. Il offre un d\u00e9licieux go\u00fbt\u2026","_links":{"self":[{"href":"https:\/\/bulkgenetics.com\/fr\/wp-json\/wp\/v2\/product\/10388","targetHints":{"allow":["GET"]}}],"collection":[{"href":"https:\/\/bulkgenetics.com\/fr\/wp-json\/wp\/v2\/product"}],"about":[{"href":"https:\/\/bulkgenetics.com\/fr\/wp-json\/wp\/v2\/types\/product"}],"replies":[{"embeddable":true,"href":"https:\/\/bulkgenetics.com\/fr\/wp-json\/wp\/v2\/comments?post=10388"}],"wp:featuredmedia":[{"embeddable":true,"href":"https:\/\/bulkgenetics.com\/fr\/wp-json\/wp\/v2\/media\/9037"}],"wp:attachment":[{"href":"https:\/\/bulkgenetics.com\/fr\/wp-json\/wp\/v2\/media?parent=10388"}],"wp:term":[{"taxonomy":"product_brand","embeddable":true,"href":"https:\/\/bulkgenetics.com\/fr\/wp-json\/wp\/v2\/product_brand?post=10388"},{"taxonomy":"product_cat","embeddable":true,"href":"https:\/\/bulkgenetics.com\/fr\/wp-json\/wp\/v2\/product_cat?post=10388"},{"taxonomy":"product_tag","embeddable":true,"href":"https:\/\/bulkgenetics.com\/fr\/wp-json\/wp\/v2\/product_tag?post=10388"}],"curies":[{"name":"wp","href":"https:\/\/api.w.org\/{rel}","templated":true}]}}