{"id":10566,"date":"2022-10-04T12:37:53","date_gmt":"2022-10-04T10:37:53","guid":{"rendered":"https:\/\/www.bulkgenetics.com\/bruce-banner-auto\/"},"modified":"2024-10-08T01:13:54","modified_gmt":"2024-10-07T23:13:54","slug":"bruce-banner-auto","status":"publish","type":"product","link":"https:\/\/bulkgenetics.com\/fr\/bruce-banner-auto\/","title":{"rendered":"Bruce Banner Auto"},"content":{"rendered":"\n<p>La <strong>Bruce Banner Auto<\/strong> est une vari\u00e9t\u00e9 qui fait sensation. N\u00e9e de la puissante combinaison entre <strong><a href=\"https:\/\/bulkgenetics.com\/fr\/og-kush\/\">OG Kush<\/a><\/strong> et <strong>Strawberry Diesel<\/strong>, cette version autoflorissante conserve toute la magie de sa version originale, mais avec la facilit\u00e9 de culture caract\u00e9ristique des graines autoflorissantes. Son nom rend hommage au personnage de Marvel, le Dr. Bruce Banner, qui se transforme en l&#8217;incroyable Hulk. Tout comme le personnage, cette strain cache un pouvoir surprenant sous une apparence calme.<\/p>\n\n\n\n<p>En ce qui concerne sa g\u00e9n\u00e9tique, la <strong>Bruce Banner Auto<\/strong> se distingue par sa dominance Sativa. Elle pr\u00e9sente une structure robuste et vigoureuse, avec une hauteur qui reste g\u00e9n\u00e9ralement en dessous de 110 cm, ce qui la rend id\u00e9ale pour les cultures discr\u00e8tes sur les terrasses ou les balcons. Ses feuilles sont longues et fines, typiques de sa g\u00e9n\u00e9tique Sativa, et ses t\u00eates sont un v\u00e9ritable r\u00e9gal pour les yeux.<\/p>\n\n\n\n<p>Les t\u00eates sont grandes, compactes et tr\u00e8s collantes, couvertes d&#8217;une couche dense de trichomes qui leur donne un \u00e9clat presque cristallin. Cet aspect r\u00e9sineux et brillant n&#8217;est pas seulement attrayant visuellement, mais il indique \u00e9galement la haute puissance et qualit\u00e9 de la plante. Les couleurs des t\u00eates varient du vert intense \u00e0 des tons plus clairs, avec des pistils orang\u00e9s qui ajoutent une touche vibrante \u00e0 l&#8217;ensemble.<\/p>\n\n\n\n<h2 class=\"wp-block-heading\">Saveur et Effets<\/h2>\n\n\n\n<p><strong>Bruce Banner Auto<\/strong> offre une exp\u00e9rience sensorielle unique. En ouvrant un bocal de cette vari\u00e9t\u00e9, tu seras accueilli par des ar\u00f4mes combinant des notes d&#8217;agrumes et de diesel avec une douceur subtile, presque comme un m\u00e9lange de limonade et d&#8217;essence. En la d\u00e9gustant, les saveurs se d\u00e9ploient en une symphonie d&#8217;agrumes et de diesel, avec une touche sucr\u00e9e qui compl\u00e8te l&#8217;exp\u00e9rience. Imagine une explosion de citrons frais et de carburant, m\u00e9lang\u00e9e \u00e0 une douceur qui caresse le palais, cr\u00e9ant une exp\u00e9rience sensorielle inoubliable.<\/p>\n\n\n\n<p>L&#8217;effet de la <strong>Bruce Banner Auto<\/strong> est aussi puissant que son nom le sugg\u00e8re. Avec un taux de <strong>THC<\/strong> qui varie entre <strong>20% et 25%<\/strong>, cette vari\u00e9t\u00e9 garantit une exp\u00e9rience forte et durable. Quelques bouff\u00e9es suffisent pour te recharger \u00e0 tout moment de la journ\u00e9e, offrant une euphorie imm\u00e9diate suivie d&#8217;un accroissement de la cr\u00e9ativit\u00e9 et de la concentration. Bien qu&#8217;elle soit majoritairement Sativa, elle offre \u00e9galement une relaxation corporelle douce gr\u00e2ce \u00e0 sa g\u00e9n\u00e9tique Indica, ce qui la rend parfaite pour ceux qui recherchent un high \u00e9nergique et joyeux, id\u00e9al \u00e0 tout moment de la journ\u00e9e.<\/p>\n\n\n\n<p>En ce qui concerne le <strong>CBD<\/strong>, la <strong>Bruce Banner Auto<\/strong> a un taux faible, inf\u00e9rieur \u00e0 <strong>1%<\/strong>, ce qui la rend plus adapt\u00e9e \u00e0 ceux qui recherchent des effets psychoactifs plut\u00f4t que th\u00e9rapeutiques. Cette vari\u00e9t\u00e9 t&#8217;emm\u00e8ne dans un voyage de l&#8217;euphorie \u00e0 la relaxation, laissant une sensation de bien-\u00eatre et de satisfaction qui dure des heures.<\/p>\n\n\n\n<h3 class=\"wp-block-heading\">Terp\u00e8nes de la Bruce Banner Auto<\/h3>\n\n\n\n<p>Les terp\u00e8nes dans la <strong>Bruce Banner Auto<\/strong> jouent un r\u00f4le crucial dans son profil aromatique et ses effets. Cette vari\u00e9t\u00e9 contient un m\u00e9lange riche de terp\u00e8nes, y compris <strong>Alpha Cedrene, Alpha-Pinene, Beta-Caryophyllene<\/strong> et <strong>Delta-limonene<\/strong>. Ces compos\u00e9s ne contribuent pas seulement \u00e0 son ar\u00f4me frais et citronn\u00e9, mais apportent \u00e9galement des bienfaits th\u00e9rapeutiques.<\/p>\n\n\n\n<p><strong>Alpha Cedrene<\/strong> et <strong>Beta-Caryophyllene<\/strong> sont connus pour leurs propri\u00e9t\u00e9s anti-inflammatoires et analg\u00e9siques, id\u00e9ales pour ceux qui recherchent un soulagement de la douleur. L&#8217;<strong>Alpha-Pinene<\/strong> apporte une touche de pin frais, am\u00e9liorant la m\u00e9moire et la vigilance. Enfin, le <strong>Delta-limonene<\/strong>, avec son ar\u00f4me citronn\u00e9, \u00e9l\u00e8ve l&#8217;humeur et combat le stress.<\/p>\n\n\n\n<p>Ces terp\u00e8nes ne font pas seulement am\u00e9liorer l&#8217;exp\u00e9rience sensorielle, mais ils renforcent \u00e9galement les effets de la <strong>Bruce Banner Auto<\/strong>, faisant de chaque bouff\u00e9e une exp\u00e9rience compl\u00e8te et satisfaisante. Imagine inhaler une bouff\u00e9e d&#8217;air frais dans une for\u00eat de pins tandis qu&#8217;une douce touche d&#8217;agrumes t&#8217;entoure et \u00e9l\u00e8ve ton esprit, combattant le stress et l&#8217;anxi\u00e9t\u00e9. C&#8217;est l&#8217;exp\u00e9rience avec la <strong>Bruce Banner Auto<\/strong>, une vari\u00e9t\u00e9 qui offre bien plus qu&#8217;un simple high.<\/p>\n\n\n\n<h2 class=\"wp-block-heading\">Production et Temps de Floraison<\/h2>\n\n\n\n<p>En int\u00e9rieur, la <strong>Bruce Banner Auto<\/strong> a un temps de floraison d&#8217;environ <strong>65 jours<\/strong> \u00e0 partir de la germination. Dans des conditions optimales et avec un \u00e9clairage LED de 300-350W, cette strain peut produire environ <strong>400 \u00e0 500 grammes par m\u00e8tre carr\u00e9<\/strong>. Les t\u00eates, denses et r\u00e9sineuses, rempliront ton espace de culture avec un parfum irr\u00e9sistible et une apparence qui ne laisse aucun doute sur sa qualit\u00e9.<\/p>\n\n\n\n<p>En ext\u00e9rieur, la <strong>Bruce Banner Auto<\/strong> montre \u00e9galement sa valeur, offrant des r\u00e9coltes abondantes et de haute qualit\u00e9. Dans un environnement ad\u00e9quat, les plantes peuvent atteindre une hauteur de <strong>0,8 \u00e0 1,1 m\u00e8tres<\/strong>, produisant jusqu&#8217;\u00e0 <strong>150 grammes par plante<\/strong>. Sa structure robuste et sa capacit\u00e9 \u00e0 s&#8217;adapter \u00e0 diverses conditions climatiques en font une option id\u00e9ale pour la culture en ext\u00e9rieur, m\u00eame dans des espaces plus r\u00e9duits comme les terrasses ou les balcons.<\/p>\n\n\n\n<p>Gr\u00e2ce \u00e0 son cycle de vie rapide et efficace, il est possible de r\u00e9aliser jusqu&#8217;\u00e0 trois cultures cons\u00e9cutives pendant les mois de printemps et d&#8217;\u00e9t\u00e9, maximisant ainsi la production annuelle. La combinaison de temps de floraison rapides et de rendements \u00e9lev\u00e9s assure que tu puisses profiter de multiples r\u00e9coltes par an, faisant de cette vari\u00e9t\u00e9 un investissement gratifiant et d\u00e9licieux.<\/p>\n\n\n\n<h2 class=\"wp-block-heading\">Comment Cultiver la Bruce Banner Auto<\/h2>\n\n\n\n<p>La culture de la <strong>Bruce Banner Auto<\/strong> est une exp\u00e9rience gratifiante tant pour les cultivateurs novices que pour les plus exp\u00e9riment\u00e9s. Cette vari\u00e9t\u00e9 est connue pour sa robustesse et sa facilit\u00e9 de culture, ce qui en fait un excellent choix pour ceux qui recherchent une plante r\u00e9sistante et \u00e0 haut rendement sans complications.<\/p>\n\n\n\n<p>La <strong>Bruce Banner Auto<\/strong> s&#8217;adapte bien \u00e0 une vari\u00e9t\u00e9 de climats, bien qu&#8217;elle pr\u00e9f\u00e8re des conditions chaudes et ensoleill\u00e9es. Id\u00e9alement, nous devons maintenir les temp\u00e9ratures entre <strong>20-27\u00b0C<\/strong> pendant la journ\u00e9e et l\u00e9g\u00e8rement plus fra\u00eeches la nuit. Cette plante prosp\u00e8re dans des environnements \u00e0 humidit\u00e9 contr\u00f4l\u00e9e : nous recommandons de maintenir l&#8217;humidit\u00e9 relative entre <strong>55-60%<\/strong> pendant la phase v\u00e9g\u00e9tative et de la r\u00e9duire \u00e0 <strong>40%<\/strong> pendant la phase de floraison pour \u00e9viter les probl\u00e8mes de moisissure et de champignons.<\/p>\n\n\n\n<p>Un des grands avantages de cette vari\u00e9t\u00e9 est sa r\u00e9sistance aux parasites et aux maladies. La <strong>Bruce Banner Auto<\/strong> montre une grande t\u00e9nacit\u00e9 face aux probl\u00e8mes courants de culture, bien qu&#8217;il soit toujours important de maintenir de bonnes pratiques de culture et de surveiller r\u00e9guli\u00e8rement les plantes pour assurer leur sant\u00e9 optimale.<\/p>\n\n\n\n<div style=\"height:50px\" aria-hidden=\"true\" class=\"wp-block-spacer uag-hide-mob\"><\/div>\n\n\n\n<div class=\"wp-block-columns is-layout-flex wp-container-core-columns-is-layout-28f84493 wp-block-columns-is-layout-flex\">\n<div class=\"wp-block-column is-layout-flow wp-block-column-is-layout-flow\">\n<p class=\"has-text-align-center has-medium-font-size\"><strong>Ce que nous aimons le plus<\/strong><\/p>\n\n\n\n<ul class=\"wp-block-list\">\n<li>Facilit\u00e9 de culture, parfaite pour les cultivateurs de tous niveaux<\/li>\n\n\n\n<li>Production abondante en int\u00e9rieur comme en ext\u00e9rieur<\/li>\n\n\n\n<li>Profil de saveur et d&#8217;ar\u00f4me unique, avec des notes d&#8217;agrumes, de diesel et sucr\u00e9es<\/li>\n\n\n\n<li>Haute r\u00e9sistance aux parasites et aux maladies<\/li>\n\n\n\n<li>Effets puissants et durables, id\u00e9aux pour la cr\u00e9ativit\u00e9 et la relaxation<\/li>\n<\/ul>\n<\/div>\n\n\n\n<div class=\"wp-block-column is-layout-flow wp-block-column-is-layout-flow\">\n<p class=\"has-text-align-center has-medium-font-size\"><strong>Ce que nous aimons le moins<\/strong><\/p>\n\n\n\n<ul class=\"wp-block-list\">\n<li>N\u00e9cessite un contr\u00f4le pr\u00e9cis de l&#8217;humidit\u00e9 pendant la floraison<\/li>\n\n\n\n<li>Peut n\u00e9cessiter un soutien suppl\u00e9mentaire en raison de sa structure robuste<\/li>\n<\/ul>\n<\/div>\n<\/div>\n\n\n\n<div style=\"height:50px\" aria-hidden=\"true\" class=\"wp-block-spacer uag-hide-mob\"><\/div>\n\n\n\n<h2 class=\"wp-block-heading\">Questions Fr\u00e9quentes<\/h2>\n\n\n\n<p>Voici les r\u00e9ponses aux questions les plus fr\u00e9quentes pos\u00e9es par les cultivateurs int\u00e9ress\u00e9s par cette strain :<\/p>\n\n\n<div id=\"rank-math-faq\" class=\"rank-math-block\">\n<div class=\"rank-math-list \">\n<div id=\"faq-question-1722335656062\" class=\"rank-math-list-item\">\n<h3 class=\"rank-math-question \">Bruce Banner Auto est-elle sativa ou indica?<\/h3>\n<div class=\"rank-math-answer \">\n\n<p>La <strong>Bruce Banner Auto<\/strong> est principalement sativa. Les plantes sativa sont g\u00e9n\u00e9ralement hautes et fines, avec des feuilles \u00e9troites et longues. Ces vari\u00e9t\u00e9s sont connues pour leurs effets \u00e9nergisants et stimulants, id\u00e9ales pour une consommation diurne. En revanche, les plantes indica sont plus compactes et robustes, avec des feuilles plus larges et des effets plus relaxants, parfaits pour une consommation nocturne. La Bruce Banner Auto combine le meilleur des deux mondes, offrant une exp\u00e9rience \u00e9quilibr\u00e9e avec une dominance sativa qui procure \u00e9nergie et cr\u00e9ativit\u00e9.<\/p>\n\n<\/div>\n<\/div>\n<div id=\"faq-question-1722335657075\" class=\"rank-math-list-item\">\n<h3 class=\"rank-math-question \">Quel croisement est la Bruce Banner Auto?<\/h3>\n<div class=\"rank-math-answer \">\n\n<p>La <strong>Bruce Banner Auto<\/strong> est le r\u00e9sultat d&#8217;un croisement entre <strong>OG Kush<\/strong> et <strong>Strawberry Diesel<\/strong>, combin\u00e9 avec une g\u00e9n\u00e9tique autoflorissante de <strong>Ruderalis<\/strong>. Ce croisement lui conf\u00e8re un h\u00e9ritage g\u00e9n\u00e9tique robuste et un m\u00e9lange unique de saveurs et d&#8217;effets.<\/p>\n\n<\/div>\n<\/div>\n<div id=\"faq-question-1663029074962\" class=\"rank-math-list-item\">\n<h3 class=\"rank-math-question \">Quand commence \u00e0 fleurir la Bruce Banner Auto en ext\u00e9rieur?<\/h3>\n<div class=\"rank-math-answer \">\n\n<p>Depuis la germination, les plantes de <strong>Bruce Banner Auto<\/strong> commencent \u00e0 fleurir apr\u00e8s <strong>3-4 semaines<\/strong>. Ce d\u00e9but rapide de la floraison est l&#8217;une des caract\u00e9ristiques qui rendent les graines autoflorissantes si populaires parmi les cultivateurs.<\/p>\n\n<\/div>\n<\/div>\n<div id=\"faq-question-1663029159933\" class=\"rank-math-list-item\">\n<h3 class=\"rank-math-question \">Combien de temps faut-il pour r\u00e9colter une Bruce Banner Auto depuis la germination?<\/h3>\n<div class=\"rank-math-answer \">\n\n<p>Le cycle de vie de la <strong>Bruce Banner Auto<\/strong> est tr\u00e8s court et se r\u00e9colte en <strong>65 jours<\/strong> depuis la germination. Cela permet de r\u00e9aliser plusieurs r\u00e9coltes tout au long de l&#8217;ann\u00e9e, maximisant ainsi la production.<\/p>\n\n<\/div>\n<\/div>\n<div id=\"faq-question-1663029165861\" class=\"rank-math-list-item\">\n<h3 class=\"rank-math-question \">Comment cultiver une Bruce Banner Auto f\u00e9minis\u00e9e?<\/h3>\n<div class=\"rank-math-answer \">\n\n<p>La <strong>Bruce Banner Auto<\/strong> est facile \u00e0 cultiver et ne n\u00e9cessite pas de soins particuliers. Nous recommandons d&#8217;\u00e9viter les transplantations et d&#8217;utiliser un grand pot avec un substrat riche en nutriments d\u00e8s le premier jour pour obtenir des plantes plus grandes et productives. Maintenez les temp\u00e9ratures entre <strong>20-27\u00b0C<\/strong> et contr\u00f4lez l&#8217;humidit\u00e9 relative pour assurer la meilleure croissance.<\/p>\n\n<\/div>\n<\/div>\n<div id=\"faq-question-1666780029954\" class=\"rank-math-list-item\">\n<h3 class=\"rank-math-question \">Quels sont les effets de la Bruce Banner Auto en grande quantit\u00e9?<\/h3>\n<div class=\"rank-math-answer \">\n\n<p>La <strong>Bruce Banner Auto<\/strong> procure un effet euphorique et joyeux. Elle est id\u00e9ale pour augmenter la cr\u00e9ativit\u00e9 et l&#8217;\u00e9nergie, te faisant sentir pr\u00eat \u00e0 affronter n&#8217;importe quelle t\u00e2che. Bien qu&#8217;elle soit majoritairement sativa, elle offre \u00e9galement une relaxation corporelle douce gr\u00e2ce \u00e0 sa g\u00e9n\u00e9tique indica, procurant un \u00e9quilibre parfait.<\/p>\n\n<\/div>\n<\/div>\n<div id=\"faq-question-1722335737864\" class=\"rank-math-list-item\">\n<h3 class=\"rank-math-question \">Quel est le go\u00fbt de la Bruce Banner Auto?<\/h3>\n<div class=\"rank-math-answer \">\n\n<p>La <strong>Bruce Banner Auto<\/strong> offre une saveur impressionnante avec des touches sucr\u00e9es et terreuses, en plus des notes typiques de diesel des hybrides am\u00e9ricains, avec un l\u00e9ger arri\u00e8re-go\u00fbt fruit\u00e9 comme celui de la fraise. Cette combinaison cr\u00e9e une exp\u00e9rience sensorielle unique et tr\u00e8s agr\u00e9able.<\/p>\n\n<\/div>\n<\/div>\n<div id=\"faq-question-1722335738802\" class=\"rank-math-list-item\">\n<h3 class=\"rank-math-question \">Quel est le contenu en cannabino\u00efdes de la Bruce Banner Auto?<\/h3>\n<div class=\"rank-math-answer \">\n\n<p>Les niveaux de <strong>THC<\/strong> de la <strong>Bruce Banner Auto<\/strong> atteignent <strong>20% &#8211; 25%<\/strong>, ce qui en fait une vari\u00e9t\u00e9 tr\u00e8s puissante. Le contenu en <strong>CBD<\/strong> est faible, moins de <strong>1%<\/strong>, ce qui la rend adapt\u00e9e \u00e0 ceux qui recherchent principalement des effets psychoactifs.<\/p>\n\n<\/div>\n<\/div>\n<\/div>\n<\/div>","protected":false},"excerpt":{"rendered":"<p><b>Bruce Banner Auto<\/b> t\u2019offre une exp\u00e9rience unique : facile \u00e0 cultiver, avec des r\u00e9coltes abondantes et un <strong>effet euphorique<\/strong> qui stimule ta cr\u00e9ativit\u00e9. Profite de son <strong>go\u00fbt sucr\u00e9 et diesel<\/strong> tout en te remplissant d\u2019\u00e9nergie et de bien-\u00eatre. Parfaite pour n\u2019importe quel moment de la journ\u00e9e.<\/p>\n","protected":false},"featured_media":11252,"comment_status":"open","ping_status":"closed","template":"","meta":{"_acf_changed":false,"inline_featured_image":false,"_uag_custom_page_level_css":""},"product_brand":[],"product_cat":[2265],"product_tag":[],"class_list":{"0":"post-10566","1":"product","2":"type-product","3":"status-publish","4":"has-post-thumbnail","6":"product_cat-graines-autofloraison-en-gros","8":"first","9":"instock","10":"taxable","11":"shipping-taxable","12":"purchasable","13":"product-type-simple"},"acf":[],"uagb_featured_image_src":{"full":["https:\/\/bulkgenetics.com\/wp-content\/uploads\/2022\/10\/bruce-banner-auto.jpg",1600,1600,false],"thumbnail":["https:\/\/bulkgenetics.com\/wp-content\/uploads\/2022\/10\/bruce-banner-auto-150x150.jpg",150,150,true],"medium":["https:\/\/bulkgenetics.com\/wp-content\/uploads\/2022\/10\/bruce-banner-auto-300x300.jpg",300,300,true],"medium_large":["https:\/\/bulkgenetics.com\/wp-content\/uploads\/2022\/10\/bruce-banner-auto-768x768.jpg",768,768,true],"large":["https:\/\/bulkgenetics.com\/wp-content\/uploads\/2022\/10\/bruce-banner-auto-1024x1024.jpg",1024,1024,true],"1536x1536":["https:\/\/bulkgenetics.com\/wp-content\/uploads\/2022\/10\/bruce-banner-auto-1536x1536.jpg",1536,1536,true],"2048x2048":["https:\/\/bulkgenetics.com\/wp-content\/uploads\/2022\/10\/bruce-banner-auto.jpg",1600,1600,false],"commercegurus-pdp-large":["https:\/\/bulkgenetics.com\/wp-content\/uploads\/2022\/10\/bruce-banner-auto-990x990.jpg",990,990,true],"commercegurus-plp-mobile":["https:\/\/bulkgenetics.com\/wp-content\/uploads\/2022\/10\/bruce-banner-auto-441x441.jpg",441,441,true],"cgkit_image_swatch":["https:\/\/bulkgenetics.com\/wp-content\/uploads\/2022\/10\/bruce-banner-auto-100x100.jpg",100,100,true],"woocommerce_thumbnail":["https:\/\/bulkgenetics.com\/wp-content\/uploads\/2022\/10\/bruce-banner-auto-300x300.jpg",300,300,true],"woocommerce_single":["https:\/\/bulkgenetics.com\/wp-content\/uploads\/2022\/10\/bruce-banner-auto-800x800.jpg",800,800,true],"woocommerce_gallery_thumbnail":["https:\/\/bulkgenetics.com\/wp-content\/uploads\/2022\/10\/bruce-banner-auto-150x150.jpg",150,150,true],"dgwt-wcas-product-suggestion":["https:\/\/bulkgenetics.com\/wp-content\/uploads\/2022\/10\/bruce-banner-auto-64x64.jpg",64,64,true]},"uagb_author_info":{"display_name":"Bruno Crespo","author_link":"https:\/\/bulkgenetics.com\/fr\/author\/"},"uagb_comment_info":0,"uagb_excerpt":"Bruce Banner Auto t\u2019offre une exp\u00e9rience unique : facile \u00e0 cultiver, avec des r\u00e9coltes abondantes et un effet euphorique qui stimule ta cr\u00e9ativit\u00e9. Profite de son go\u00fbt sucr\u00e9 et diesel tout en te remplissant d\u2019\u00e9nergie et de bien-\u00eatre. Parfaite pour n\u2019importe quel moment de la journ\u00e9e.","_links":{"self":[{"href":"https:\/\/bulkgenetics.com\/fr\/wp-json\/wp\/v2\/product\/10566","targetHints":{"allow":["GET"]}}],"collection":[{"href":"https:\/\/bulkgenetics.com\/fr\/wp-json\/wp\/v2\/product"}],"about":[{"href":"https:\/\/bulkgenetics.com\/fr\/wp-json\/wp\/v2\/types\/product"}],"replies":[{"embeddable":true,"href":"https:\/\/bulkgenetics.com\/fr\/wp-json\/wp\/v2\/comments?post=10566"}],"wp:featuredmedia":[{"embeddable":true,"href":"https:\/\/bulkgenetics.com\/fr\/wp-json\/wp\/v2\/media\/11252"}],"wp:attachment":[{"href":"https:\/\/bulkgenetics.com\/fr\/wp-json\/wp\/v2\/media?parent=10566"}],"wp:term":[{"taxonomy":"product_brand","embeddable":true,"href":"https:\/\/bulkgenetics.com\/fr\/wp-json\/wp\/v2\/product_brand?post=10566"},{"taxonomy":"product_cat","embeddable":true,"href":"https:\/\/bulkgenetics.com\/fr\/wp-json\/wp\/v2\/product_cat?post=10566"},{"taxonomy":"product_tag","embeddable":true,"href":"https:\/\/bulkgenetics.com\/fr\/wp-json\/wp\/v2\/product_tag?post=10566"}],"curies":[{"name":"wp","href":"https:\/\/api.w.org\/{rel}","templated":true}]}}