{"id":10573,"date":"2022-10-04T17:42:40","date_gmt":"2022-10-04T15:42:40","guid":{"rendered":"https:\/\/www.bulkgenetics.com\/white-widow-auto\/"},"modified":"2024-10-08T01:09:05","modified_gmt":"2024-10-07T23:09:05","slug":"white-widow-auto","status":"publish","type":"product","link":"https:\/\/bulkgenetics.com\/fr\/white-widow-auto\/","title":{"rendered":"White Widow Auto"},"content":{"rendered":"\n<p><strong>White Widow Auto<\/strong> est la petite s\u0153ur rapide de la l\u00e9gendaire vari\u00e9t\u00e9 hollandaise, l&#8217;une des vari\u00e9t\u00e9s les plus c\u00e9l\u00e8bres, cultiv\u00e9es et r\u00e9compens\u00e9es au monde.<\/p>\n\n\n\n<p>Depuis son introduction par Greenhouse au milieu des ann\u00e9es 1990, <a href=\"https:\/\/bulkgenetics.com\/fr\/white-widow\/\">White Widow<\/a> est devenu un objet de d\u00e9sir pour tous les cultivateurs. Il s&#8217;agit d&#8217;un c<strong>roisement hybride Indica\/Sativa<\/strong> stabilis\u00e9 de Br\u00e9sil x Inde, tout simplement parfait.<\/p>\n\n\n\n<p>Depuis, de nouvelles versions et de nouveaux hybrides ont \u00e9t\u00e9 d\u00e9velopp\u00e9s par des banques telles que Dutch Passion, Pyramid Seeds, Nirvana, Dinafem ou Sweet Seeds.<\/p>\n\n\n\n<h2 class=\"wp-block-heading\">Comment cultiver la White Widow Auto<\/h2>\n\n\n\n<p>C&#8217;est une plante qui n&#8217;a <strong>pas besoin de beaucoup de soins pour donner d&#8217;excellents r\u00e9sultats<\/strong> \u00e0 l&#8217;int\u00e9rieur ou \u00e0 l&#8217;ext\u00e9rieur. C&#8217;est une vari\u00e9t\u00e9 de cannabis typique qui est parfaite pour le cultivateur d\u00e9butant en raison de sa simplicit\u00e9 de culture, mais aussi pour le cultivateur v\u00e9t\u00e9ran en raison de son excellente qualit\u00e9.<\/p>\n\n\n\n<p>On obtient des plantes plus grandes,<strong> jusqu&#8217;\u00e0 130 cm de haut<\/strong>, en utilisant un bon substrat et un grand pot d\u00e8s le premier jour. Les plantes pousseront sans la pause typique du rempotage jusqu&#8217;au d\u00e9but de la phase de floraison.  <\/p>\n\n\n\n<p>Il ne faut que <strong>9 \u00e0 10 semaines de la germination \u00e0 la r\u00e9colte<\/strong>. Comme elle est si rapide, elle peut \u00eatre cultiv\u00e9e jusqu&#8217;\u00e0 3 fois en ext\u00e9rieur pendant les mois de printemps et d&#8217;\u00e9t\u00e9.<\/p>\n\n\n\n<h2 class=\"wp-block-heading\">Caract\u00e9ristiques de la White Widow Auto<\/h2>\n\n\n\n<p>Tous les cultivateurs s&#8217;extasient sur <strong>ses t\u00eates, grosses, dures comme la pierre et recouvertes d&#8217;une \u00e9paisse couche de r\u00e9sine onctueuse<\/strong>. Elle produit un haschich de qualit\u00e9 sup\u00e9rieure, typique des Coffe-Shops n\u00e9erlandais.<\/p>\n\n\n\n<p>Son ar\u00f4me et sa saveur sont intenses, une <strong>fum\u00e9e \u00e9paisse aux notes \u00e9pic\u00e9es<\/strong>, herbac\u00e9es et terreuses inondera votre palais. Il y a aussi un arri\u00e8re-go\u00fbt tr\u00e8s subtil de bois noble.<\/p>\n\n\n\n<p>Les effets sont puissants, <strong>tr\u00e8s heureux, gais, rieurs, \u00e9nergiques, cr\u00e9atifs et sociaux<\/strong>. C&#8217;est la g\u00e9n\u00e9tique parfaite \u00e0 appr\u00e9cier \u00e0 tout moment de la journ\u00e9e, en accrochant un sourire sur votre visage.<\/p>\n\n\n\n<p>Le rendement est tr\u00e8s abondants. Les plantes plus grandes cultiv\u00e9es en ext\u00e9rieur produiront <strong>jusqu&#8217;\u00e0 200 grammes<\/strong>. En int\u00e9rieur et avec un \u00e9clairage LED de 300-350W, les cultivateurs obtiennent <strong>450-550 grammes par m\u00b2<\/strong>.<\/p>\n\n\n\n<div style=\"height:50px\" aria-hidden=\"true\" class=\"wp-block-spacer uag-hide-mob\"><\/div>\n\n\n\n<div class=\"wp-block-columns is-layout-flex wp-container-core-columns-is-layout-28f84493 wp-block-columns-is-layout-flex\">\n<div class=\"wp-block-column is-layout-flow wp-block-column-is-layout-flow\">\n<p class=\"has-text-align-center has-medium-font-size\"><strong>Ce que nous aimons le plus<\/strong><\/p>\n\n\n\n<ul class=\"wp-block-list\">\n<li>Simple \u00e0 cultiver.<\/li>\n\n\n\n<li>Production tr\u00e8s abondantes.<\/li>\n\n\n\n<li>R\u00e9colte en seulement 9-10 semaines.<\/li>\n\n\n\n<li>T\u00eates tr\u00e8s r\u00e9sineuses. <\/li>\n\n\n\n<li>Des effets positifs.<\/li>\n\n\n\n<li>Son prix.<\/li>\n<\/ul>\n<\/div>\n\n\n\n<div class=\"wp-block-column is-layout-flow wp-block-column-is-layout-flow\">\n<p class=\"has-text-align-center has-medium-font-size\"><strong>Ce que nous aimons le moins<\/strong><\/p>\n\n\n\n<ul class=\"wp-block-list\">\n<li>Tr\u00e8s odorante en floraison.<\/li>\n<\/ul>\n<\/div>\n<\/div>\n\n\n\n<div style=\"height:50px\" aria-hidden=\"true\" class=\"wp-block-spacer uag-hide-mob\"><\/div>\n\n\n\n<h2 class=\"wp-block-heading\">Questions fr\u00e9quentes<\/h2>\n\n\n\n<p>Vous trouverez ci-dessous les r\u00e9ponses aux questions les plus fr\u00e9quemment pos\u00e9es par les cultivateurs qui souhaitent cultiver ces graines en vrac :<\/p>\n\n\n<div id=\"rank-math-faq\" class=\"rank-math-block\">\n<div class=\"rank-math-list \">\n<div id=\"faq-question-1663029074962\" class=\"rank-math-list-item\">\n<h3 class=\"rank-math-question \">Quand commence la floraison de la White Widow Auto en ext\u00e9rieur ?<\/h3>\n<div class=\"rank-math-answer \">\n\n<p>La p\u00e9riode de croissance est tr\u00e8s rapide. Apr\u00e8s environ 3-4 semaines apr\u00e8s la germination, les plantes commencent \u00e0 fleurir.<\/p>\n\n<\/div>\n<\/div>\n<div id=\"faq-question-1663029159933\" class=\"rank-math-list-item\">\n<h3 class=\"rank-math-question \">Quand r\u00e9colter la White Widow Auto \u00e0 partir de la germination ?<\/h3>\n<div class=\"rank-math-answer \">\n\n<p>De la germination \u00e0 la r\u00e9colte, il faut compter au total 9 \u00e0 10 semaines.<\/p>\n\n<\/div>\n<\/div>\n<div id=\"faq-question-1663029165861\" class=\"rank-math-list-item\">\n<h3 class=\"rank-math-question \">Comment cultiver la White Widow Auto f\u00e9minis\u00e9e ?<\/h3>\n<div class=\"rank-math-answer \">\n\n<p>C&#8217;est une plante tr\u00e8s facile \u00e0 cultiver \u00e0 l&#8217;int\u00e9rieur et \u00e0 l&#8217;ext\u00e9rieur, id\u00e9ale pour les d\u00e9butants. Elle est discr\u00e8te et tr\u00e8s productive si elle est cultiv\u00e9e dans un grand pot.<\/p>\n\n<\/div>\n<\/div>\n<div id=\"faq-question-1666780029954\" class=\"rank-math-list-item\">\n<h3 class=\"rank-math-question \">Quels sont les effets de White Widow Auto en vrac ?<\/h3>\n<div class=\"rank-math-answer \">\n\n<p>Les effets sont puissants, \u00e9nergiques, sociaux et tr\u00e8s heureux, \u00e0 tout moment de la journ\u00e9e.<\/p>\n\n<\/div>\n<\/div>\n<\/div>\n<\/div>","protected":false},"excerpt":{"rendered":"<p>White Widow Auto est la version rapide d&#8217;un classique n\u00e9erlandais, laur\u00e9at de plusieurs prix pour sa grande qualit\u00e9. C&#8217;est une plante qui n\u00e9cessite peu de soins et qui garantit toujours des rendements imbattables. Elle propose est d&#8217;une taille discr\u00e8te, entre 100 et 130 cm. Elle a un cycle de vie tr\u00e8s court, en seulement 9-10 semaines, elle sera pr\u00eate \u00e0 r\u00e9colter pour d&#8217;\u00e9normes t\u00eates compl\u00e8tement blanches en raison de la quantit\u00e9 de r\u00e9sine qu&#8217;elle accumule. Son go\u00fbt classique de terre et de plantes est accompagn\u00e9 d&#8217;effets tr\u00e8s puissants, \u00e9nergiques et agr\u00e9ables. Vous en voudrez toujours plus.<\/p>\n","protected":false},"featured_media":26512,"comment_status":"open","ping_status":"closed","template":"","meta":{"_acf_changed":false,"inline_featured_image":false,"_uag_custom_page_level_css":""},"product_brand":[],"product_cat":[2265,4112],"product_tag":[],"class_list":{"0":"post-10573","1":"product","2":"type-product","3":"status-publish","4":"has-post-thumbnail","6":"product_cat-graines-autofloraison-en-gros","7":"product_cat-graines-de-cannabis-a-1-euro","9":"first","10":"instock","11":"sale","12":"taxable","13":"shipping-taxable","14":"purchasable","15":"product-type-simple"},"acf":[],"uagb_featured_image_src":{"full":["https:\/\/bulkgenetics.com\/wp-content\/uploads\/2022\/10\/white-widow-auto-autoflowering-cannabis-seeds.jpg",1600,1600,false],"thumbnail":["https:\/\/bulkgenetics.com\/wp-content\/uploads\/2022\/10\/white-widow-auto-autoflowering-cannabis-seeds-150x150.jpg",150,150,true],"medium":["https:\/\/bulkgenetics.com\/wp-content\/uploads\/2022\/10\/white-widow-auto-autoflowering-cannabis-seeds-300x300.jpg",300,300,true],"medium_large":["https:\/\/bulkgenetics.com\/wp-content\/uploads\/2022\/10\/white-widow-auto-autoflowering-cannabis-seeds-768x768.jpg",768,768,true],"large":["https:\/\/bulkgenetics.com\/wp-content\/uploads\/2022\/10\/white-widow-auto-autoflowering-cannabis-seeds-1024x1024.jpg",1024,1024,true],"1536x1536":["https:\/\/bulkgenetics.com\/wp-content\/uploads\/2022\/10\/white-widow-auto-autoflowering-cannabis-seeds-1536x1536.jpg",1536,1536,true],"2048x2048":["https:\/\/bulkgenetics.com\/wp-content\/uploads\/2022\/10\/white-widow-auto-autoflowering-cannabis-seeds.jpg",1600,1600,false],"commercegurus-pdp-large":["https:\/\/bulkgenetics.com\/wp-content\/uploads\/2022\/10\/white-widow-auto-autoflowering-cannabis-seeds-990x990.jpg",990,990,true],"commercegurus-plp-mobile":["https:\/\/bulkgenetics.com\/wp-content\/uploads\/2022\/10\/white-widow-auto-autoflowering-cannabis-seeds-441x441.jpg",441,441,true],"cgkit_image_swatch":["https:\/\/bulkgenetics.com\/wp-content\/uploads\/2022\/10\/white-widow-auto-autoflowering-cannabis-seeds-100x100.jpg",100,100,true],"woocommerce_thumbnail":["https:\/\/bulkgenetics.com\/wp-content\/uploads\/2022\/10\/white-widow-auto-autoflowering-cannabis-seeds-300x300.jpg",300,300,true],"woocommerce_single":["https:\/\/bulkgenetics.com\/wp-content\/uploads\/2022\/10\/white-widow-auto-autoflowering-cannabis-seeds-800x800.jpg",800,800,true],"woocommerce_gallery_thumbnail":["https:\/\/bulkgenetics.com\/wp-content\/uploads\/2022\/10\/white-widow-auto-autoflowering-cannabis-seeds-150x150.jpg",150,150,true],"dgwt-wcas-product-suggestion":["https:\/\/bulkgenetics.com\/wp-content\/uploads\/2022\/10\/white-widow-auto-autoflowering-cannabis-seeds-64x64.jpg",64,64,true]},"uagb_author_info":{"display_name":"\u00c1ngel Flores","author_link":"https:\/\/bulkgenetics.com\/fr\/author\/"},"uagb_comment_info":0,"uagb_excerpt":"White Widow Auto est la version rapide d'un classique n\u00e9erlandais, laur\u00e9at de plusieurs prix pour sa grande qualit\u00e9. C'est une plante qui n\u00e9cessite peu de soins et qui garantit toujours des rendements imbattables. Elle propose est d'une taille discr\u00e8te, entre 100 et 130 cm. Elle a un cycle de vie tr\u00e8s court, en seulement 9-10\u2026","_links":{"self":[{"href":"https:\/\/bulkgenetics.com\/fr\/wp-json\/wp\/v2\/product\/10573","targetHints":{"allow":["GET"]}}],"collection":[{"href":"https:\/\/bulkgenetics.com\/fr\/wp-json\/wp\/v2\/product"}],"about":[{"href":"https:\/\/bulkgenetics.com\/fr\/wp-json\/wp\/v2\/types\/product"}],"replies":[{"embeddable":true,"href":"https:\/\/bulkgenetics.com\/fr\/wp-json\/wp\/v2\/comments?post=10573"}],"wp:featuredmedia":[{"embeddable":true,"href":"https:\/\/bulkgenetics.com\/fr\/wp-json\/wp\/v2\/media\/26512"}],"wp:attachment":[{"href":"https:\/\/bulkgenetics.com\/fr\/wp-json\/wp\/v2\/media?parent=10573"}],"wp:term":[{"taxonomy":"product_brand","embeddable":true,"href":"https:\/\/bulkgenetics.com\/fr\/wp-json\/wp\/v2\/product_brand?post=10573"},{"taxonomy":"product_cat","embeddable":true,"href":"https:\/\/bulkgenetics.com\/fr\/wp-json\/wp\/v2\/product_cat?post=10573"},{"taxonomy":"product_tag","embeddable":true,"href":"https:\/\/bulkgenetics.com\/fr\/wp-json\/wp\/v2\/product_tag?post=10573"}],"curies":[{"name":"wp","href":"https:\/\/api.w.org\/{rel}","templated":true}]}}