{"id":10574,"date":"2022-10-04T12:21:19","date_gmt":"2022-10-04T10:21:19","guid":{"rendered":"https:\/\/www.bulkgenetics.com\/devil-jack-xl-auto\/"},"modified":"2024-10-08T01:13:56","modified_gmt":"2024-10-07T23:13:56","slug":"devil-jack-xl-auto","status":"publish","type":"product","link":"https:\/\/bulkgenetics.com\/fr\/devil-jack-xl-auto\/","title":{"rendered":"Devil Jack XL Auto"},"content":{"rendered":"\n<p>La <strong>Devil Jack XL Auto<\/strong> est une vari\u00e9t\u00e9 autoflorissante qui surprend toujours les cultivateurs par sa simplicit\u00e9, sa r\u00e9sistance et sa productivit\u00e9. Si tu cherches une plante facile \u00e0 g\u00e9rer mais offrant des r\u00e9sultats exceptionnels, tu es au bon endroit.<\/p>\n\n\n\n<p>Il s&#8217;agit d&#8217;une s\u00e9lection soign\u00e9e des ph\u00e9notypes les plus rapides, grands et productifs de la c\u00e9l\u00e8bre Big Devil XL Auto de Sweet Seeds. De plus, dans son arbre g\u00e9n\u00e9alogique se trouvent les g\u00e8nes de la l\u00e9gendaire <a href=\"https:\/\/bulkgenetics.com\/fr\/jack-herer\/\"><strong>Jack Herer<\/strong><\/a> de Sensi Seeds, l&#8217;un des meilleurs hybrides Haze jamais cr\u00e9\u00e9s et gagnant de multiples prix.<\/p>\n\n\n\n<p>C&#8217;est une plante robuste et r\u00e9sistante qui peut atteindre jusqu&#8217;\u00e0 160 cm de hauteur. Bien qu&#8217;elle ne soit pas la plus discr\u00e8te des autoflorissantes en raison de sa taille, elle est sans aucun doute l&#8217;une des plus impressionnantes que tu pourras trouver. Ses t\u00eates sont grosses, lourdes et m\u00e9ga-r\u00e9sineuses, une caract\u00e9ristique qui la fait se d\u00e9marquer parmi d&#8217;autres vari\u00e9t\u00e9s.<\/p>\n\n\n\n<p>Les g\u00e8nes Skunk pr\u00e9sents dans cette plante font que ses fleurs sont denses et spectaculaires, charg\u00e9es de r\u00e9sine aromatique. De plus, les t\u00eates affichent une belle couleur verte avec des pistils orange qui contrastent de mani\u00e8re spectaculaire, \u00e9voquant des images d&#8217;une r\u00e9colte abondante et de haute qualit\u00e9.<\/p>\n\n\n\n<h2 class=\"wp-block-heading\">Saveur et Effets<\/h2>\n\n\n\n<p>La <strong>Devil Jack XL Auto<\/strong> se distingue non seulement par son apparence, mais aussi par sa saveur et ses effets. L&#8217;ar\u00f4me et la saveur de cette vari\u00e9t\u00e9 sont inconfondables, avec de nettes notes citronn\u00e9es qui se fondent parfaitement avec les touches encens\u00e9es typiques de la Haze. C&#8217;est un d\u00e9lice pour les sens, offrant une exp\u00e9rience olfactive et gustative unique.<\/p>\n\n\n\n<p>En ce qui concerne les effets, la <strong>Devil Jack XL Auto<\/strong> est puissante et enveloppante. D\u00e8s les premi\u00e8res bouff\u00e9es, on ressent une explosion d&#8217;\u00e9nergie et de bonheur qui fait vibrer tout le corps. Avec le temps, les sensations deviennent plus relaxantes, offrant une exp\u00e9rience \u00e9quilibr\u00e9e qui peut \u00eatre \u00e0 la fois stimulante et apaisante selon la situation.<\/p>\n\n\n\n<p>La teneur en <strong>THC<\/strong> de cette vari\u00e9t\u00e9 se situe entre 15% et 20%, garantissant un effet puissant et durable. D&#8217;autre part, le <strong>CBD<\/strong> est faible, avec moins de 1%, ce qui contribue aux effets principalement psychoactifs de cette plante.<\/p>\n\n\n\n<h3 class=\"wp-block-heading\">Terp\u00e8nes de Devil Jack XL Auto<\/h3>\n\n\n\n<p>Les terp\u00e8nes de la <strong>Devil Jack XL Auto<\/strong> sont responsables de son ar\u00f4me et de sa saveur distinctifs. Les principaux terp\u00e8nes pr\u00e9sents dans cette vari\u00e9t\u00e9 incluent le <strong>limon\u00e8ne<\/strong>, qui apporte l&#8217;ar\u00f4me citronn\u00e9 caract\u00e9ristique, et le <strong>myrc\u00e8ne<\/strong>, qui contribue avec ses notes encens\u00e9es et ses propri\u00e9t\u00e9s relaxantes.<\/p>\n\n\n\n<p>Le limon\u00e8ne offre non seulement un ar\u00f4me rafra\u00eechissant, mais poss\u00e8de \u00e9galement des propri\u00e9t\u00e9s \u00e9l\u00e9vatrices de l&#8217;humeur et peut aider \u00e0 r\u00e9duire le stress. Quant au myrc\u00e8ne, il est connu pour ses effets s\u00e9datifs et calmants, parfaits pour d\u00e9tendre le corps et l&#8217;esprit apr\u00e8s une longue journ\u00e9e.<\/p>\n\n\n\n<p>Ces terp\u00e8nes travaillent en synergie pour offrir une exp\u00e9rience compl\u00e8te combinant le meilleur des deux mondes : l&#8217;\u00e9nergie et la vigueur du limon\u00e8ne avec la relaxation et la tranquillit\u00e9 du myrc\u00e8ne. Ce profil terp\u00e9nique en fait une option id\u00e9ale pour ceux qui recherchent un \u00e9quilibre entre effets stimulants et apaisants, accompagn\u00e9 d&#8217;une d\u00e9licieuse saveur.<\/p>\n\n\n\n<h2 class=\"wp-block-heading\">Production et Temps de Floraison<\/h2>\n\n\n\n<p>La <strong>Devil Jack XL Auto<\/strong> est une vari\u00e9t\u00e9 qui se distingue par son impressionnante production, tant en int\u00e9rieur qu&#8217;en ext\u00e9rieur. Si tu d\u00e9cides de la cultiver en int\u00e9rieur, tu peux t&#8217;attendre \u00e0 des rendements de <strong>450 \u00e0 550 grammes<\/strong> par m\u00e8tre carr\u00e9, en utilisant un \u00e9clairage LED de 300-350W par m\u00b2. Ce type de culture permet de maximiser le potentiel de la plante et d&#8217;obtenir une r\u00e9colte abondante et de haute qualit\u00e9.<\/p>\n\n\n\n<p>En ext\u00e9rieur, la <strong>Devil Jack XL Auto<\/strong> ne d\u00e9\u00e7oit pas non plus. Les plantes qui d\u00e9passent <strong>150 cm de hauteur<\/strong> peuvent produire entre <strong>150 et 300 grammes<\/strong> de t\u00eates s\u00e8ches. Cette capacit\u00e9 productive en fait une option id\u00e9ale pour ceux qui disposent de l&#8217;espace en plein air et recherchent une plante g\u00e9n\u00e9reuse en termes de rendements.<\/p>\n\n\n\n<p>Le temps de floraison de cette vari\u00e9t\u00e9 est remarquablement court, ce qui la rend encore plus attrayante pour les cultivateurs impatients. De la germination \u00e0 la r\u00e9colte, il suffit d&#8217;attendre entre 9 et 10 semaines. Cette rapidit\u00e9 permet de r\u00e9aliser jusqu&#8217;\u00e0 deux cultures compl\u00e8tes en une saison de culture en ext\u00e9rieur, voire trois dans les zones o\u00f9 le mois d&#8217;octobre est sec.<\/p>\n\n\n\n<p>En r\u00e9sum\u00e9, la <strong>Devil Jack XL Auto<\/strong> est non seulement facile \u00e0 cultiver et offre une saveur et un ar\u00f4me exceptionnels, mais elle garantit \u00e9galement une production \u00e9lev\u00e9e en un temps record. Sans aucun doute, c&#8217;est une option parfaite pour tout cultivateur, qu&#8217;il soit d\u00e9butant ou exp\u00e9riment\u00e9, qui cherche \u00e0 maximiser sa r\u00e9colte sans complications.<\/p>\n\n\n\n<h2 class=\"wp-block-heading\">Comment Cultiver Devil Jack XL Auto<\/h2>\n\n\n\n<p>La <strong>Devil Jack XL Auto<\/strong> est connue pour sa facilit\u00e9 de culture, ce qui la rend id\u00e9ale tant pour les d\u00e9butants que pour les cultivateurs exp\u00e9riment\u00e9s. C&#8217;est une plante qui ne n\u00e9cessite pas de soins compliqu\u00e9s, ce qui en fait une option parfaite pour ceux qui recherchent une exp\u00e9rience de culture sans stress.<\/p>\n\n\n\n<p>En ce qui concerne le climat et les conditions de culture, cette vari\u00e9t\u00e9 s&#8217;adapte bien \u00e0 diff\u00e9rents environnements. Elle pr\u00e9f\u00e8re les climats chauds et ensoleill\u00e9s, mais peut \u00e9galement bien pousser dans des climats plus frais, \u00e0 condition de recevoir suffisamment de lumi\u00e8re. En int\u00e9rieur, il est important de fournir un bon \u00e9clairage et de maintenir une temp\u00e9rature stable pour maximiser sa croissance et sa production.<\/p>\n\n\n\n<p>La <strong>Devil Jack XL Auto<\/strong> se distingue par sa r\u00e9sistance aux ravageurs et aux maladies. Gr\u00e2ce \u00e0 sa g\u00e9n\u00e9tique robuste, cette plante est moins susceptible aux probl\u00e8mes courants qui affectent d&#8217;autres vari\u00e9t\u00e9s de cannabis. Cependant, il est toujours recommand\u00e9 de surveiller l&#8217;environnement de culture et de prendre les mesures pr\u00e9ventives n\u00e9cessaires pour assurer une croissance saine.<\/p>\n\n\n\n<div style=\"height:50px\" aria-hidden=\"true\" class=\"wp-block-spacer uag-hide-mob\"><\/div>\n\n\n\n<div class=\"wp-block-columns is-layout-flex wp-container-core-columns-is-layout-28f84493 wp-block-columns-is-layout-flex\">\n<div class=\"wp-block-column is-layout-flow wp-block-column-is-layout-flow\">\n<p class=\"has-text-align-center has-medium-font-size\"><strong>Ce que nous aimons le plus<\/strong><\/p>\n\n\n\n<ul class=\"wp-block-list\">\n<li>Tr\u00e8s facile \u00e0 cultiver.<\/li>\n\n\n\n<li>Production XXL.<\/li>\n\n\n\n<li>Se r\u00e9colte en seulement 9-10 semaines.<\/li>\n\n\n\n<li>Saveur citronn\u00e9e.<\/li>\n\n\n\n<li>Effets puissants.<\/li>\n\n\n\n<li>Prix abordable.<\/li>\n<\/ul>\n<\/div>\n\n\n\n<div class=\"wp-block-column is-layout-flow wp-block-column-is-layout-flow\">\n<p class=\"has-text-align-center has-medium-font-size\"><strong>Ce que nous aimons le moins<\/strong><\/p>\n\n\n\n<ul class=\"wp-block-list\">\n<li>En floraison, elle produit une odeur tr\u00e8s intense.<\/li>\n\n\n\n<li>Ce n&#8217;est pas la vari\u00e9t\u00e9 autoflorissante la plus discr\u00e8te en raison de sa hauteur.<\/li>\n<\/ul>\n<\/div>\n<\/div>\n\n\n\n<div style=\"height:50px\" aria-hidden=\"true\" class=\"wp-block-spacer uag-hide-mob\"><\/div>\n\n\n\n<h2 class=\"wp-block-heading\">Questions Fr\u00e9quentes<\/h2>\n\n\n\n<p>Si tu as des questions sur ces graines bon march\u00e9, nous r\u00e9pondons ci-dessous aux plus fr\u00e9quentes :<\/p>\n\n\n<div id=\"rank-math-faq\" class=\"rank-math-block\">\n<div class=\"rank-math-list \">\n<div id=\"faq-question-1722250565674\" class=\"rank-math-list-item\">\n<h3 class=\"rank-math-question \">La Devil Jack XL Auto est-elle sativa ou indica ?<\/h3>\n<div class=\"rank-math-answer \">\n\n<p>La <strong>Devil Jack XL Auto<\/strong> est un hybride qui combine des caract\u00e9ristiques des deux vari\u00e9t\u00e9s : indica et sativa. Cela signifie que tu profiteras du meilleur des deux mondes. Les plantes indica sont g\u00e9n\u00e9ralement plus compactes et ont des effets relaxants, tandis que les sativa sont connues pour leur hauteur et leurs effets \u00e9nergisants. Avec cette vari\u00e9t\u00e9, tu auras une plante robuste avec des effets \u00e9quilibr\u00e9s qui peuvent \u00eatre \u00e0 la fois relaxants et stimulants.<\/p>\n\n<\/div>\n<\/div>\n<div id=\"faq-question-1722250569685\" class=\"rank-math-list-item\">\n<h3 class=\"rank-math-question \">Quel est le croisement de la Devil Jack XL Auto ?<\/h3>\n<div class=\"rank-math-answer \">\n\n<p>La <strong>Devil Jack XL Auto<\/strong> est le r\u00e9sultat du croisement entre la Big Devil XL Auto de Sweet Seeds et la l\u00e9gendaire Jack Herer de Sensi Seeds. Cette combinaison g\u00e9n\u00e9tique a produit une plante facile \u00e0 cultiver, r\u00e9sistante et tr\u00e8s productive.<\/p>\n\n<\/div>\n<\/div>\n<div id=\"faq-question-1663029074962\" class=\"rank-math-list-item\">\n<h3 class=\"rank-math-question \">Quand commence \u00e0 fleurir la Devil Jack XL Auto en ext\u00e9rieur ?<\/h3>\n<div class=\"rank-math-answer \">\n\n<p>La <strong>Devil Jack XL Auto<\/strong> commence \u00e0 fleurir environ 3 \u00e0 4 semaines apr\u00e8s la germination. Cette phase d\u00e9bute ind\u00e9pendamment de la quantit\u00e9 d&#8217;heures de lumi\u00e8re qu&#8217;elle re\u00e7oit, gr\u00e2ce \u00e0 sa nature autoflorissante.<\/p>\n\n<\/div>\n<\/div>\n<div id=\"faq-question-1663029159933\" class=\"rank-math-list-item\">\n<h3 class=\"rank-math-question \">Combien de temps faut-il pour r\u00e9colter une Devil Jack XL Auto depuis sa germination ?<\/h3>\n<div class=\"rank-math-answer \">\n\n<p>Cette vari\u00e9t\u00e9 est extr\u00eamement rapide, et se r\u00e9colte en seulement 9 \u00e0 10 semaines apr\u00e8s la germination. Cette rapidit\u00e9 permet de r\u00e9aliser plusieurs cultures tout au long de la saison, maximisant ainsi la production.<\/p>\n\n<\/div>\n<\/div>\n<div id=\"faq-question-1663029165861\" class=\"rank-math-list-item\">\n<h3 class=\"rank-math-question \">Comment cultiver une Devil Jack XL Auto f\u00e9minis\u00e9e ?<\/h3>\n<div class=\"rank-math-answer \">\n\n<p>Pour cultiver la <strong>Devil Jack XL Auto<\/strong>, nous recommandons d&#8217;utiliser un grand pot d\u00e8s le d\u00e9but et un bon substrat pour \u00e9viter le stress de transplantation. De plus, il est important de fournir toutes les facilit\u00e9s durant les premi\u00e8res semaines de croissance pour assurer un d\u00e9veloppement rapide et sans interruption.<\/p>\n\n<\/div>\n<\/div>\n<div id=\"faq-question-1666780029954\" class=\"rank-math-list-item\">\n<h3 class=\"rank-math-question \">Quels sont les effets de la Devil Jack XL Auto en vrac ?<\/h3>\n<div class=\"rank-math-answer \">\n\n<p>Les effets de la <strong>Devil Jack XL Auto<\/strong> sont puissants et \u00e9quilibr\u00e9s. Initialement, tu ressentiras une explosion d&#8217;\u00e9nergie et de bonheur, suivie d&#8217;une relaxation profonde et agr\u00e9able. Cette combinaison d&#8217;effets la rend id\u00e9ale pour diff\u00e9rents moments de la journ\u00e9e et situations.<\/p>\n\n<\/div>\n<\/div>\n<div id=\"faq-question-1722250639234\" class=\"rank-math-list-item\">\n<h3 class=\"rank-math-question \">Quel est le go\u00fbt de la Devil Jack XL Auto ?<\/h3>\n<div class=\"rank-math-answer \">\n\n<p>Le go\u00fbt de la <strong>Devil Jack XL Auto<\/strong> est un m\u00e9lange d\u00e9licieux de citrons et de touches encens\u00e9es typiques de la Haze. Cette combinaison cr\u00e9e une exp\u00e9rience gustative unique et tr\u00e8s appr\u00e9ci\u00e9e par les connaisseurs de cannabis.<\/p>\n\n<\/div>\n<\/div>\n<div id=\"faq-question-1722250641210\" class=\"rank-math-list-item\">\n<h3 class=\"rank-math-question \">Quel est le contenu en cannabino\u00efdes de la Devil Jack XL Auto ?<\/h3>\n<div class=\"rank-math-answer \">\n\n<p>La <strong>Devil Jack XL Auto<\/strong> a une teneur en <strong>THC<\/strong> qui oscille entre 15 % et 20 %, offrant un effet puissant et durable. Le <strong>CBD<\/strong> est faible, avec moins de 1 %, ce qui contribue aux effets psychoactifs pr\u00e9dominants de cette vari\u00e9t\u00e9.<\/p>\n\n<\/div>\n<\/div>\n<\/div>\n<\/div>","protected":false},"excerpt":{"rendered":"<p><b>Devil Jack XL Auto<\/b> est le choix parfait pour ceux qui cherchent une plante facile \u00e0 cultiver avec une <strong>production XXL<\/strong> en un temps record. Profite d&#8217;une <strong>saveur citronn\u00e9e<\/strong> et d&#8217;effets puissants qui combinent <strong>\u00e9nergie et relaxation<\/strong>. Id\u00e9ale pour maximiser ta r\u00e9colte sans complications !<\/p>\n","protected":false},"featured_media":11549,"comment_status":"open","ping_status":"closed","template":"","meta":{"_acf_changed":false,"inline_featured_image":false,"_uag_custom_page_level_css":""},"product_brand":[],"product_cat":[2265],"product_tag":[],"class_list":{"0":"post-10574","1":"product","2":"type-product","3":"status-publish","4":"has-post-thumbnail","6":"product_cat-graines-autofloraison-en-gros","8":"first","9":"instock","10":"taxable","11":"shipping-taxable","12":"purchasable","13":"product-type-simple"},"acf":[],"uagb_featured_image_src":{"full":["https:\/\/bulkgenetics.com\/wp-content\/uploads\/2022\/10\/devil-jack-xl-auto.jpg",1600,1600,false],"thumbnail":["https:\/\/bulkgenetics.com\/wp-content\/uploads\/2022\/10\/devil-jack-xl-auto-150x150.jpg",150,150,true],"medium":["https:\/\/bulkgenetics.com\/wp-content\/uploads\/2022\/10\/devil-jack-xl-auto-300x300.jpg",300,300,true],"medium_large":["https:\/\/bulkgenetics.com\/wp-content\/uploads\/2022\/10\/devil-jack-xl-auto-768x768.jpg",768,768,true],"large":["https:\/\/bulkgenetics.com\/wp-content\/uploads\/2022\/10\/devil-jack-xl-auto-1024x1024.jpg",1024,1024,true],"1536x1536":["https:\/\/bulkgenetics.com\/wp-content\/uploads\/2022\/10\/devil-jack-xl-auto-1536x1536.jpg",1536,1536,true],"2048x2048":["https:\/\/bulkgenetics.com\/wp-content\/uploads\/2022\/10\/devil-jack-xl-auto.jpg",1600,1600,false],"commercegurus-pdp-large":["https:\/\/bulkgenetics.com\/wp-content\/uploads\/2022\/10\/devil-jack-xl-auto-990x990.jpg",990,990,true],"commercegurus-plp-mobile":["https:\/\/bulkgenetics.com\/wp-content\/uploads\/2022\/10\/devil-jack-xl-auto-441x441.jpg",441,441,true],"cgkit_image_swatch":["https:\/\/bulkgenetics.com\/wp-content\/uploads\/2022\/10\/devil-jack-xl-auto-100x100.jpg",100,100,true],"woocommerce_thumbnail":["https:\/\/bulkgenetics.com\/wp-content\/uploads\/2022\/10\/devil-jack-xl-auto-300x300.jpg",300,300,true],"woocommerce_single":["https:\/\/bulkgenetics.com\/wp-content\/uploads\/2022\/10\/devil-jack-xl-auto-800x800.jpg",800,800,true],"woocommerce_gallery_thumbnail":["https:\/\/bulkgenetics.com\/wp-content\/uploads\/2022\/10\/devil-jack-xl-auto-150x150.jpg",150,150,true],"dgwt-wcas-product-suggestion":["https:\/\/bulkgenetics.com\/wp-content\/uploads\/2022\/10\/devil-jack-xl-auto-64x64.jpg",64,64,true]},"uagb_author_info":{"display_name":"Bruno Crespo","author_link":"https:\/\/bulkgenetics.com\/fr\/author\/"},"uagb_comment_info":0,"uagb_excerpt":"Devil Jack XL Auto est le choix parfait pour ceux qui cherchent une plante facile \u00e0 cultiver avec une production XXL en un temps record. Profite d'une saveur citronn\u00e9e et d'effets puissants qui combinent \u00e9nergie et relaxation. Id\u00e9ale pour maximiser ta r\u00e9colte sans complications !","_links":{"self":[{"href":"https:\/\/bulkgenetics.com\/fr\/wp-json\/wp\/v2\/product\/10574","targetHints":{"allow":["GET"]}}],"collection":[{"href":"https:\/\/bulkgenetics.com\/fr\/wp-json\/wp\/v2\/product"}],"about":[{"href":"https:\/\/bulkgenetics.com\/fr\/wp-json\/wp\/v2\/types\/product"}],"replies":[{"embeddable":true,"href":"https:\/\/bulkgenetics.com\/fr\/wp-json\/wp\/v2\/comments?post=10574"}],"wp:featuredmedia":[{"embeddable":true,"href":"https:\/\/bulkgenetics.com\/fr\/wp-json\/wp\/v2\/media\/11549"}],"wp:attachment":[{"href":"https:\/\/bulkgenetics.com\/fr\/wp-json\/wp\/v2\/media?parent=10574"}],"wp:term":[{"taxonomy":"product_brand","embeddable":true,"href":"https:\/\/bulkgenetics.com\/fr\/wp-json\/wp\/v2\/product_brand?post=10574"},{"taxonomy":"product_cat","embeddable":true,"href":"https:\/\/bulkgenetics.com\/fr\/wp-json\/wp\/v2\/product_cat?post=10574"},{"taxonomy":"product_tag","embeddable":true,"href":"https:\/\/bulkgenetics.com\/fr\/wp-json\/wp\/v2\/product_tag?post=10574"}],"curies":[{"name":"wp","href":"https:\/\/api.w.org\/{rel}","templated":true}]}}