{"id":10576,"date":"2022-10-04T17:36:01","date_gmt":"2022-10-04T15:36:01","guid":{"rendered":"https:\/\/www.bulkgenetics.com\/somango-auto\/"},"modified":"2025-02-03T09:32:05","modified_gmt":"2025-02-03T08:32:05","slug":"somango-auto","status":"publish","type":"product","link":"https:\/\/bulkgenetics.com\/fr\/somango-auto\/","title":{"rendered":"Somango Auto"},"content":{"rendered":"\n<p><strong>Somango Auto<\/strong> est notre version autofleurrissante de l&#8217;une des vari\u00e9t\u00e9s les plus exotiques jamais cr\u00e9\u00e9es. Chaque consommateur est s\u00e9duit par son go\u00fbt exceptionnel, ce qui lui a permis de remporter des prix importants et le c\u0153ur de milliers de personnes.<\/p>\n\n\n\n<p><a href=\"https:\/\/bulkgenetics.com\/fr\/somango\/\">Somango<\/a> est un <strong>hybride \u00e0 forte dominance Indica<\/strong> d\u00e9velopp\u00e9 par Soma Seeds. Au d\u00e9but, elle \u00e9tait connue sous le nom de Soma #5, mais en raison de sa saveur intense et prononc\u00e9e de mangue, il a \u00e9t\u00e9 chang\u00e9 pour le nom actuel. Il s&#8217;agit d&#8217;un croisement de <strong>Jack Herer x Big Skunk Korean<\/strong> qui est tout simplement parfait.<\/p>\n\n\n\n<p>De nombreuses versions f\u00e9minis\u00e9es et autofloraison sont disponibles aupr\u00e8s de banques comme Advanded Seeds et Spanish Seeds. La seule diff\u00e9rence que vous trouverez est que nos graines en vrac sont beaucoup moins ch\u00e8res.<\/p>\n\n\n\n<h2 class=\"wp-block-heading\">Comment cultiver la Somango Auto<\/h2>\n\n\n\n<p>C&#8217;est une plante qui ne demande pas beaucoup de soins. Ses anc\u00eatres sont r\u00e9put\u00e9s pour leur grande endurance, ce dont Somango Automatic h\u00e9rite. Elle pousse avec une structure typique de sapin, avec des branches qui pourront \u00e0 peine supporter le poids des fleurs.<\/p>\n\n\n\n<p>Avec une <strong>hauteur d&#8217;environ 90-120 cm<\/strong>, elle est id\u00e9ale pour les terrasses et les balcons o\u00f9 elle restera discr\u00e8te et \u00e0 l&#8217;abri des regards des passants. Pour obtenir les plus grandes plantes, nous vous conseillons d&#8217;\u00e9viter les rempotages. Optez pour un grand pot d\u00e8s le premier jour avec un bon substrat riche en nutriments.<\/p>\n\n\n\n<p>Depuis la germination des graines, les t\u00eates <strong>peuvent \u00eatre r\u00e9colt\u00e9es en un temps record de 60-65 jours<\/strong>, ce qui permet de r\u00e9aliser jusqu&#8217;\u00e0 3 r\u00e9coltes cons\u00e9cutives tout au long de la saison ext\u00e9rieure.<\/p>\n\n\n\n<h2 class=\"wp-block-heading\">Caract\u00e9ristiques de la Somango Auto<\/h2>\n\n\n\n<p>Les fleurs sont \u00e9normes, dures comme de la pierre et tr\u00e8s collantes. C&#8217;est la vari\u00e9t\u00e9 de cannabis parfaite pour faire les plus d\u00e9licieux extraits de cannabis, l\u00e9gendaires dans les Coffee-Shops n\u00e9erlandais.<\/p>\n\n\n\n<p>Son nom est un jeu de mots qui fait r\u00e9f\u00e9rence \u00e0 son <strong>ar\u00f4me et \u00e0 son go\u00fbt<\/strong>. C&#8217;est comme sentir et manger une mangue sucr\u00e9e, un <em>bouquet <\/em>tr\u00e8s doux et qui reste longtemps en bouche.<\/p>\n\n\n\n<p>Les <strong>effets<\/strong> sont des montagnes russes d&#8217;\u00e9motions, commen\u00e7ant par un high rapide et \u00e9nergique, suivi d&#8217;une sensation de flottement et de d\u00e9tente totale.<\/p>\n\n\n\n<p>Les rendements de nos graines Somango Auto bon march\u00e9 sont tr\u00e8s \u00e9lev\u00e9s malgr\u00e9 leur taille discr\u00e8te. En int\u00e9rieur, avec 300-350W d&#8217;\u00e9clairage LED, vous obtiendrez au moins <strong>400-450 grammes par m\u00b2<\/strong>. En ext\u00e9rieur, les plantes plus grandes donnent jusqu&#8217;\u00e0 <strong>150 grammes<\/strong>.<\/p>\n\n\n\n<div style=\"height:50px\" aria-hidden=\"true\" class=\"wp-block-spacer uag-hide-mob\"><\/div>\n\n\n\n<div class=\"wp-block-columns is-layout-flex wp-container-core-columns-is-layout-28f84493 wp-block-columns-is-layout-flex\">\n<div class=\"wp-block-column is-layout-flow wp-block-column-is-layout-flow\">\n<p class=\"has-text-align-center has-medium-font-size\"><strong>Ce que nous aimons le plus<\/strong><\/p>\n\n\n\n<ul class=\"wp-block-list\">\n<li>Tr\u00e8s facile \u00e0 cultiver et r\u00e9sistante.<\/li>\n\n\n\n<li>Production abondante.<\/li>\n\n\n\n<li>R\u00e9colte en seulement 60-65 jours.<\/li>\n\n\n\n<li>D\u00e9licieuse saveur de mangue sucr\u00e9e.<\/li>\n\n\n\n<li>Des effets puissants.<\/li>\n\n\n\n<li>Son prix.<\/li>\n<\/ul>\n<\/div>\n\n\n\n<div class=\"wp-block-column is-layout-flow wp-block-column-is-layout-flow\">\n<p class=\"has-text-align-center has-medium-font-size\"><strong>Ce que nous aimons le moins<\/strong><\/p>\n\n\n\n<ul class=\"wp-block-list\">\n<li>Odeur intense en floraison.<\/li>\n<\/ul>\n<\/div>\n<\/div>\n\n\n\n<div style=\"height:50px\" aria-hidden=\"true\" class=\"wp-block-spacer uag-hide-mob\"><\/div>\n\n\n\n<h2 class=\"wp-block-heading\">Questions fr\u00e9quentes<\/h2>\n\n\n\n<p>Vous trouverez ci-dessous les r\u00e9ponses \u00e0 certaines des questions les plus fr\u00e9quemment pos\u00e9es par les cultivateurs int\u00e9ress\u00e9s par ces graines en vrac :<\/p>\n\n\n<div id=\"rank-math-faq\" class=\"rank-math-block\">\n<div class=\"rank-math-list \">\n<div id=\"faq-question-1663029074962\" class=\"rank-math-list-item\">\n<h3 class=\"rank-math-question \">Quand commence la floraison de la Somango Auto en ext\u00e9rieur ?<\/h3>\n<div class=\"rank-math-answer \">\n\n<p>La p\u00e9riode de croissance est tr\u00e8s rapide. Apr\u00e8s environ 3-4 semaines \u00e0 partir de la germination des graines, la floraison commencera.<\/p>\n\n<\/div>\n<\/div>\n<div id=\"faq-question-1663029159933\" class=\"rank-math-list-item\">\n<h3 class=\"rank-math-question \">Quand r\u00e9colter la Somango Auto \u00e0 partir de la germination ?<\/h3>\n<div class=\"rank-math-answer \">\n\n<p>C&#8217;est une vari\u00e9t\u00e9 tr\u00e8s rapide qui, \u00e0 partir de la germination, est r\u00e9colt\u00e9e en un total de 60-65 jours.<\/p>\n\n<\/div>\n<\/div>\n<div id=\"faq-question-1663029165861\" class=\"rank-math-list-item\">\n<h3 class=\"rank-math-question \">Comment cultiver la Somango Auto f\u00e9minis\u00e9e ?<\/h3>\n<div class=\"rank-math-answer \">\n\n<p>C&#8217;est une plante tr\u00e8s facile \u00e0 cultiver, id\u00e9ale pour les d\u00e9butants qui recherchent une culture simple. Utilisez un grand pot d\u00e8s le premier jour pour obtenir des plantes plus grandes et plus productives.<\/p>\n\n<\/div>\n<\/div>\n<div id=\"faq-question-1666780029954\" class=\"rank-math-list-item\">\n<h3 class=\"rank-math-question \">Quels sont les effets de Somango Auto en vrac ?<\/h3>\n<div class=\"rank-math-answer \">\n\n<p>Les effets sont \u00e9nergiques au d\u00e9but, avec un final relaxant. Id\u00e9al pour la fin de la journ\u00e9e.<\/p>\n\n<\/div>\n<\/div>\n<\/div>\n<\/div>","protected":false},"excerpt":{"rendered":"<p>Somango Auto est une vari\u00e9t\u00e9 facile \u00e0 cultiver et tr\u00e8s rapide. C&#8217;est la version autofleurrissante de la l\u00e9gendaire g\u00e9n\u00e9tique Soma Seeds, dont elle h\u00e9rite d&#8217;un d\u00e9licieux ar\u00f4me et d&#8217;une saveur de mangue. C&#8217;est une plante discr\u00e8te de 90-120 cm de haut qui, en seulement 60-65 jours de germination, d\u00e9livre les t\u00eates les plus fraiches que vous puisses imaginer. En plus d&#8217;\u00eatre r\u00e9sineuses et collantes, leur odeur sucr\u00e9 et enivrante, si douce et tropicale, est un plaisir pour les sens. L&#8217;effet est puissant, il commence par une mont\u00e9e rapide d&#8217;\u00e9nergie et de cr\u00e9ativit\u00e9 et descend lentement dans un ab\u00eeme de calme.<\/p>\n","protected":false},"featured_media":29917,"comment_status":"open","ping_status":"closed","template":"","meta":{"_acf_changed":false,"inline_featured_image":false,"_uag_custom_page_level_css":""},"product_brand":[],"product_cat":[2265,4112],"product_tag":[],"class_list":{"0":"post-10576","1":"product","2":"type-product","3":"status-publish","4":"has-post-thumbnail","6":"product_cat-graines-autofloraison-en-gros","7":"product_cat-graines-de-cannabis-a-1-euro","9":"first","10":"instock","11":"sale","12":"taxable","13":"shipping-taxable","14":"purchasable","15":"product-type-simple"},"acf":[],"uagb_featured_image_src":{"full":["https:\/\/bulkgenetics.com\/wp-content\/uploads\/2022\/10\/somango-auto-autoflower-cannabis-seeds-1.jpg",1600,1600,false],"thumbnail":["https:\/\/bulkgenetics.com\/wp-content\/uploads\/2022\/10\/somango-auto-autoflower-cannabis-seeds-1-150x150.jpg",150,150,true],"medium":["https:\/\/bulkgenetics.com\/wp-content\/uploads\/2022\/10\/somango-auto-autoflower-cannabis-seeds-1-300x300.jpg",300,300,true],"medium_large":["https:\/\/bulkgenetics.com\/wp-content\/uploads\/2022\/10\/somango-auto-autoflower-cannabis-seeds-1-768x768.jpg",768,768,true],"large":["https:\/\/bulkgenetics.com\/wp-content\/uploads\/2022\/10\/somango-auto-autoflower-cannabis-seeds-1-1024x1024.jpg",1024,1024,true],"1536x1536":["https:\/\/bulkgenetics.com\/wp-content\/uploads\/2022\/10\/somango-auto-autoflower-cannabis-seeds-1-1536x1536.jpg",1536,1536,true],"2048x2048":["https:\/\/bulkgenetics.com\/wp-content\/uploads\/2022\/10\/somango-auto-autoflower-cannabis-seeds-1.jpg",1600,1600,false],"commercegurus-pdp-large":["https:\/\/bulkgenetics.com\/wp-content\/uploads\/2022\/10\/somango-auto-autoflower-cannabis-seeds-1-990x990.jpg",990,990,true],"commercegurus-plp-mobile":["https:\/\/bulkgenetics.com\/wp-content\/uploads\/2022\/10\/somango-auto-autoflower-cannabis-seeds-1-441x441.jpg",441,441,true],"cgkit_image_swatch":["https:\/\/bulkgenetics.com\/wp-content\/uploads\/2022\/10\/somango-auto-autoflower-cannabis-seeds-1-100x100.jpg",100,100,true],"woocommerce_thumbnail":["https:\/\/bulkgenetics.com\/wp-content\/uploads\/2022\/10\/somango-auto-autoflower-cannabis-seeds-1-300x300.jpg",300,300,true],"woocommerce_single":["https:\/\/bulkgenetics.com\/wp-content\/uploads\/2022\/10\/somango-auto-autoflower-cannabis-seeds-1-800x800.jpg",800,800,true],"woocommerce_gallery_thumbnail":["https:\/\/bulkgenetics.com\/wp-content\/uploads\/2022\/10\/somango-auto-autoflower-cannabis-seeds-1-150x150.jpg",150,150,true],"dgwt-wcas-product-suggestion":["https:\/\/bulkgenetics.com\/wp-content\/uploads\/2022\/10\/somango-auto-autoflower-cannabis-seeds-1-64x64.jpg",64,64,true]},"uagb_author_info":{"display_name":"J\u00e9r\u00f4me","author_link":"https:\/\/bulkgenetics.com\/fr\/author\/"},"uagb_comment_info":1,"uagb_excerpt":"Somango Auto est une vari\u00e9t\u00e9 facile \u00e0 cultiver et tr\u00e8s rapide. C'est la version autofleurrissante de la l\u00e9gendaire g\u00e9n\u00e9tique Soma Seeds, dont elle h\u00e9rite d'un d\u00e9licieux ar\u00f4me et d'une saveur de mangue. C'est une plante discr\u00e8te de 90-120 cm de haut qui, en seulement 60-65 jours de germination, d\u00e9livre les t\u00eates les plus fraiches que\u2026","_links":{"self":[{"href":"https:\/\/bulkgenetics.com\/fr\/wp-json\/wp\/v2\/product\/10576","targetHints":{"allow":["GET"]}}],"collection":[{"href":"https:\/\/bulkgenetics.com\/fr\/wp-json\/wp\/v2\/product"}],"about":[{"href":"https:\/\/bulkgenetics.com\/fr\/wp-json\/wp\/v2\/types\/product"}],"replies":[{"embeddable":true,"href":"https:\/\/bulkgenetics.com\/fr\/wp-json\/wp\/v2\/comments?post=10576"}],"wp:featuredmedia":[{"embeddable":true,"href":"https:\/\/bulkgenetics.com\/fr\/wp-json\/wp\/v2\/media\/29917"}],"wp:attachment":[{"href":"https:\/\/bulkgenetics.com\/fr\/wp-json\/wp\/v2\/media?parent=10576"}],"wp:term":[{"taxonomy":"product_brand","embeddable":true,"href":"https:\/\/bulkgenetics.com\/fr\/wp-json\/wp\/v2\/product_brand?post=10576"},{"taxonomy":"product_cat","embeddable":true,"href":"https:\/\/bulkgenetics.com\/fr\/wp-json\/wp\/v2\/product_cat?post=10576"},{"taxonomy":"product_tag","embeddable":true,"href":"https:\/\/bulkgenetics.com\/fr\/wp-json\/wp\/v2\/product_tag?post=10576"}],"curies":[{"name":"wp","href":"https:\/\/api.w.org\/{rel}","templated":true}]}}