{"id":10578,"date":"2022-10-04T12:36:16","date_gmt":"2022-10-04T10:36:16","guid":{"rendered":"https:\/\/www.bulkgenetics.com\/auto-au-fromage-bleu\/"},"modified":"2024-10-08T01:13:55","modified_gmt":"2024-10-07T23:13:55","slug":"blue-cheese-auto","status":"publish","type":"product","link":"https:\/\/bulkgenetics.com\/fr\/blue-cheese-auto\/","title":{"rendered":"Blue Cheese Auto"},"content":{"rendered":"\n<p>La <strong>Blue Cheese Auto<\/strong> est un v\u00e9ritable joyau g\u00e9n\u00e9tique qui ne laisse personne indiff\u00e9rent. Cette strain autoflorissante est le r\u00e9sultat de l&#8217;union entre la d\u00e9licieuse <a href=\"https:\/\/bulkgenetics.com\/fr\/blueberry\/\"><strong>Blueberry<\/strong><\/a> et l&#8217;aromatique <a href=\"https:\/\/bulkgenetics.com\/fr\/cheese\/\"><strong>Cheese<\/strong><\/a>, deux l\u00e9gendes du monde du cannabis qui ensemble cr\u00e9ent une exp\u00e9rience unique. Cet hybride \u00e0 dominance Indica combine le meilleur des deux mondes : la douceur fruit\u00e9e de la Blueberry et l&#8217;ar\u00f4me p\u00e9n\u00e9trant de fromage de la Cheese.<\/p>\n\n\n\n<p>L&#8217;origine de la <strong>Blue Cheese Auto<\/strong> remonte aux ann\u00e9es 70, lorsque la Blueberry a \u00e9t\u00e9 cr\u00e9\u00e9e \u00e0 partir d&#8217;un m\u00e9lange de g\u00e9n\u00e9tiques mexicaines, tha\u00eflandaises et afghanes. D&#8217;autre part, la Cheese a ses racines au Royaume-Uni, \u00e9tant une s\u00e9lection sp\u00e9ciale de Skunk #1 connue pour son intense odeur de fromage. Ces caract\u00e9ristiques se fusionnent dans la Blue Cheese Auto, offrant le meilleur des deux vari\u00e9t\u00e9s en une seule plante.<\/p>\n\n\n\n<p>Cette vari\u00e9t\u00e9 autoflorissante pr\u00e9sente une structure compacte et robuste, parfaite pour les cultivateurs de tous niveaux. Avec une hauteur qui d\u00e9passe rarement un m\u00e8tre, elle est discr\u00e8te et facile \u00e0 g\u00e9rer, id\u00e9ale pour les espaces r\u00e9duits ou les cultures en terrasses et balcons. Son apparence est celle d&#8217;un petit sapin, avec des branches denses et bien r\u00e9parties qui supportent des t\u00eates lourdes et r\u00e9sineuses.<\/p>\n\n\n\n<p>Les t\u00eates sont un v\u00e9ritable d\u00e9lice. Denses, tr\u00e8s compactes et couvertes d&#8217;une \u00e9paisse couche de trichomes qui ressemblent \u00e0 des gouttes de ros\u00e9e du matin. \u00c0 la fin de la floraison, les tons verts se m\u00e9langent avec des nuances bleu\u00e2tres et pourpres, h\u00e9rit\u00e9es de sa descendance Blueberry, ce qui lui donne un aspect exotique et attrayant.<\/p>\n\n\n\n<h2 class=\"wp-block-heading\">Saveur et Effets<\/h2>\n\n\n\n<p>La <strong>Blue Cheese Auto<\/strong> est un vrai r\u00e9gal pour les sens. D\u00e8s le premier moment o\u00f9 vous vous approchez de ses t\u00eates, un ar\u00f4me intense et distinctif vous enveloppe. L&#8217;odeur de fromage cr\u00e9meux se m\u00e9lange parfaitement avec des touches sucr\u00e9es et fruit\u00e9es de myrtilles, cr\u00e9ant une combinaison irr\u00e9sistible qui rappelle un dessert gourmet. Ce profil aromatique est si caract\u00e9ristique qu&#8217;il est devenu un favori parmi les cultivateurs et les consommateurs.<\/p>\n\n\n\n<p>En la consommant, la saveur est une exp\u00e9rience complexe et riche. Chaque bouff\u00e9e offre une explosion de fromage m\u00fbr avec une touche fruit\u00e9e qui rappelle les myrtilles et les fruits des bois. Cette saveur unique est le r\u00e9sultat de la combinaison de ses g\u00e9n\u00e9tiques parentales, rendant chaque inhalation une exp\u00e9rience m\u00e9morable.<\/p>\n\n\n\n<p>Quant \u00e0 ses effets, la <strong>Blue Cheese Auto<\/strong> offre un \u00e9quilibre parfait entre le physique et le mental. Avec une teneur en THC qui oscille entre 15% et 20%, et une faible teneur en CBD, inf\u00e9rieure \u00e0 1%, cette vari\u00e9t\u00e9 procure une sensation de bien-\u00eatre g\u00e9n\u00e9ral et de soulagement du stress. Les effets commencent par une douce et heureuse euphorie, vous laissant dans un \u00e9tat de relaxation profonde sans vous aliter. Elle est parfaite pour tout moment de la journ\u00e9e, que ce soit pour se d\u00e9tendre apr\u00e8s le travail ou pour profiter d&#8217;une journ\u00e9e tranquille de repos.<\/p>\n\n\n\n<h3 class=\"wp-block-heading\">Terp\u00e8nes de Blue Cheese Auto<\/h3>\n\n\n\n<p>Les terp\u00e8nes sont les compos\u00e9s responsables de l&#8217;ar\u00f4me et du go\u00fbt distinctifs de la <strong>Blue Cheese Auto<\/strong>, et jouent \u00e9galement un r\u00f4le crucial dans ses effets th\u00e9rapeutiques. Cette vari\u00e9t\u00e9 est remplie d&#8217;un riche m\u00e9lange de terp\u00e8nes qui non seulement contribuent \u00e0 son profil aromatique, mais offrent \u00e9galement divers avantages.<\/p>\n\n\n\n<p>Parmi les terp\u00e8nes les plus remarquables de la <strong>Blue Cheese Auto<\/strong> se trouvent le <strong>Myrc\u00e8ne<\/strong>, connu pour ses effets s\u00e9datifs et relaxants, et le <strong>Caryophyll\u00e8ne<\/strong>, qui apporte une touche \u00e9pic\u00e9e et offre des propri\u00e9t\u00e9s anti-inflammatoires et analg\u00e9siques. L&#8217;<strong>Alpha-Pin\u00e8ne<\/strong> et le <strong>B\u00eata-Pin\u00e8ne<\/strong> fournissent des effets anti-inflammatoires et am\u00e9liorent la m\u00e9moire, tandis que le <strong>Limon\u00e8ne<\/strong> ajoute un ar\u00f4me citronn\u00e9 rafra\u00eechissant et peut am\u00e9liorer l&#8217;humeur et soulager le stress. Enfin, le <strong>Linalool<\/strong>, avec son parfum floral, est connu pour ses propri\u00e9t\u00e9s calmantes, id\u00e9ales pour lutter contre l&#8217;anxi\u00e9t\u00e9 et l&#8217;insomnie.<\/p>\n\n\n\n<p>Gr\u00e2ce \u00e0 ce riche m\u00e9lange de terp\u00e8nes, la <strong>Blue Cheese Auto<\/strong> offre non seulement une exp\u00e9rience sensorielle incomparable, mais elle procure \u00e9galement des avantages qui peuvent am\u00e9liorer la qualit\u00e9 de vie de ceux qui la consomment.<\/p>\n\n\n\n<h2 class=\"wp-block-heading\">Rendement et Temps de Floraison<\/h2>\n\n\n\n<p>En int\u00e9rieur, la <strong>Blue Cheese Auto<\/strong> a un temps de floraison d&#8217;environ <strong>9 \u00e0 10 semaines<\/strong> de la germination \u00e0 la r\u00e9colte. Pendant cette p\u00e9riode, les plantes peuvent atteindre une hauteur allant jusqu&#8217;\u00e0 1 m\u00e8tre et produire entre <strong>400 et 500 grammes<\/strong> par m\u00e8tre carr\u00e9. Ce rendement est impressionnant pour une vari\u00e9t\u00e9 autoflorissante, ce qui en fait une option id\u00e9ale pour les cultivateurs cherchant \u00e0 maximiser leur production dans des espaces limit\u00e9s.<\/p>\n\n\n\n<p>En ext\u00e9rieur, cette vari\u00e9t\u00e9 se montre \u00e9galement tr\u00e8s efficace. Dans des conditions id\u00e9ales, elle peut produire entre <strong>80 et 120 grammes<\/strong> par plante, atteignant une hauteur similaire \u00e0 celle obtenue en int\u00e9rieur. Sa r\u00e9sistance et son adaptabilit\u00e9 en font une excellente option pour divers climats et conditions de culture.<\/p>\n\n\n\n<p>Gr\u00e2ce \u00e0 sa nature autoflorissante, la <strong>Blue Cheese Auto<\/strong> ne d\u00e9pend pas du changement de photop\u00e9riode pour commencer la floraison. Cela permet aux cultivateurs d&#8217;avoir un plus grand contr\u00f4le sur le processus de culture et facilite la planification de plusieurs r\u00e9coltes tout au long de l&#8217;ann\u00e9e. De plus, sa structure compacte et robuste la rend moins sujette aux probl\u00e8mes courants tels que les parasites et les maladies, garantissant une r\u00e9colte saine et abondante.<\/p>\n\n\n\n<h2 class=\"wp-block-heading\">Comment Cultiver la Blue Cheese Auto<\/h2>\n\n\n\n<p>La <strong>Blue Cheese Auto<\/strong> est une vari\u00e9t\u00e9 que nous recommandons autant aux cultivateurs novices qu&#8217;aux plus exp\u00e9riment\u00e9s, gr\u00e2ce \u00e0 sa facilit\u00e9 de culture et \u00e0 sa capacit\u00e9 \u00e0 s&#8217;adapter \u00e0 diverses conditions.<\/p>\n\n\n\n<p><strong>Difficult\u00e9 de culture:<\/strong> Cultiver la <strong>Blue Cheese Auto<\/strong> est relativement simple. Cette vari\u00e9t\u00e9 autoflorissante ne n\u00e9cessite pas de changements de photop\u00e9riode, ce qui simplifie le processus de culture. Sa nature r\u00e9sistante et sa structure compacte en font une option id\u00e9ale pour ceux qui recherchent une plante n\u00e9cessitant peu d&#8217;entretien mais offrant des rendements \u00e9lev\u00e9s.<\/p>\n\n\n\n<p><strong>Climat et conditions de culture ad\u00e9quates:<\/strong> La <strong>Blue Cheese Auto<\/strong> prosp\u00e8re dans des climats mod\u00e9r\u00e9s \u00e0 chauds, avec des temp\u00e9ratures id\u00e9ales entre 20-25\u00b0C pendant la journ\u00e9e et l\u00e9g\u00e8rement plus fra\u00eeches pendant la nuit. Bien qu&#8217;elle soit adaptable, nous recommandons de la cultiver dans un environnement contr\u00f4l\u00e9 o\u00f9 l&#8217;on peut maintenir des niveaux optimaux de temp\u00e9rature et d&#8217;humidit\u00e9. En ext\u00e9rieur, elle s&#8217;adapte bien \u00e0 la plupart des conditions, mais obtenir la plus grande quantit\u00e9 possible de lumi\u00e8re solaire directe optimisera son rendement.<\/p>\n\n\n\n<p><strong>R\u00e9sistance aux parasites et aux maladies:<\/strong> L&#8217;une des caract\u00e9ristiques que nous aimons le plus de la <strong>Blue Cheese Auto<\/strong> est sa r\u00e9sistance naturelle aux parasites et aux maladies. Cette robustesse facilite sa culture et r\u00e9duit la n\u00e9cessit\u00e9 de traitements chimiques, ce qui est id\u00e9al pour ceux qui recherchent une culture plus organique. Cependant, il est important de maintenir une bonne circulation de l&#8217;air et de contr\u00f4ler l&#8217;humidit\u00e9 pour pr\u00e9venir des probl\u00e8mes tels que la moisissure et les champignons.<\/p>\n\n\n\n<div style=\"height:50px\" aria-hidden=\"true\" class=\"wp-block-spacer uag-hide-mob\"><\/div>\n\n\n\n<div class=\"wp-block-columns is-layout-flex wp-container-core-columns-is-layout-28f84493 wp-block-columns-is-layout-flex\">\n<div class=\"wp-block-column is-layout-flow wp-block-column-is-layout-flow\">\n<p class=\"has-text-align-center has-medium-font-size\"><strong>Ce que nous aimons le plus<\/strong><\/p>\n\n\n\n<ul class=\"wp-block-list\">\n<li><strong>Saveur unique:<\/strong> La combinaison de fromage cr\u00e9meux et de fruits sucr\u00e9s est in\u00e9galable.<\/li>\n\n\n\n<li><strong>Facilit\u00e9 de culture:<\/strong> Id\u00e9ale pour les d\u00e9butants et les experts gr\u00e2ce \u00e0 sa r\u00e9sistance et son adaptabilit\u00e9.<\/li>\n\n\n\n<li><strong>Rendement \u00e9lev\u00e9:<\/strong> Que ce soit en int\u00e9rieur ou en ext\u00e9rieur, elle produit des t\u00eates denses et r\u00e9sineuses.<\/li>\n\n\n\n<li><strong>Effets \u00e9quilibr\u00e9s:<\/strong> Elle offre un parfait m\u00e9lange de relaxation et d&#8217;euphorie.<\/li>\n<\/ul>\n<\/div>\n\n\n\n<div class=\"wp-block-column is-layout-flow wp-block-column-is-layout-flow\">\n<p class=\"has-text-align-center has-medium-font-size\"><strong>Ce que nous aimons le moins<\/strong><\/p>\n\n\n\n<ul class=\"wp-block-list\">\n<li><strong>Odeur forte:<\/strong> Son ar\u00f4me p\u00e9n\u00e9trant peut \u00eatre un probl\u00e8me si la discr\u00e9tion est n\u00e9cessaire.<\/li>\n\n\n\n<li><strong>Hauteur limit\u00e9e:<\/strong> Bien qu&#8217;elle soit compacte, elle peut ne pas \u00eatre id\u00e9ale pour ceux qui recherchent des plantes plus hautes.<\/li>\n<\/ul>\n<\/div>\n<\/div>\n\n\n\n<div style=\"height:50px\" aria-hidden=\"true\" class=\"wp-block-spacer uag-hide-mob\"><\/div>\n\n\n\n<h2 class=\"wp-block-heading\">Questions Fr\u00e9quentes<\/h2>\n\n\n\n<p>Les cultivateurs int\u00e9ress\u00e9s par nos graines bon march\u00e9 nous posent souvent des questions li\u00e9es \u00e0 leur culture auxquelles nous r\u00e9pondons ci-dessous :<\/p>\n\n\n<div id=\"rank-math-faq\" class=\"rank-math-block\">\n<div class=\"rank-math-list \">\n<div id=\"faq-question-1722323283716\" class=\"rank-math-list-item\">\n<h3 class=\"rank-math-question \">La Blue Cheese Auto est-elle sativa ou indica ?<\/h3>\n<div class=\"rank-math-answer \">\n\n<p>La <strong>Blue Cheese Auto<\/strong> est majoritairement indica. Cette vari\u00e9t\u00e9 a une dominance indica, ce qui signifie que ses effets tendent \u00e0 \u00eatre plus relaxants et corporels, contrairement aux vari\u00e9t\u00e9s sativa, qui ont g\u00e9n\u00e9ralement un effet plus \u00e9nergisant et c\u00e9r\u00e9bral. Les plantes indica sont souvent plus compactes et robustes, id\u00e9ales pour la culture en int\u00e9rieur, tandis que les sativas sont g\u00e9n\u00e9ralement plus hautes et \u00e9lanc\u00e9es, adapt\u00e9es \u00e0 la culture en ext\u00e9rieur.<\/p>\n\n<\/div>\n<\/div>\n<div id=\"faq-question-1722323286021\" class=\"rank-math-list-item\">\n<h3 class=\"rank-math-question \">Quel est le croisement de la Blue Cheese Auto ?<\/h3>\n<div class=\"rank-math-answer \">\n\n<p>La <strong>Blue Cheese Auto<\/strong> est le r\u00e9sultat du croisement entre la <strong>Blueberry<\/strong> et la <strong>Cheese<\/strong>, deux vari\u00e9t\u00e9s l\u00e9gendaires. Ce croisement combine la douceur fruit\u00e9e de la Blueberry avec l&#8217;ar\u00f4me p\u00e9n\u00e9trant de fromage de la Cheese, cr\u00e9ant une vari\u00e9t\u00e9 unique en saveur et en effets.<\/p>\n\n<\/div>\n<\/div>\n<div id=\"faq-question-1663029074962\" class=\"rank-math-list-item\">\n<h3 class=\"rank-math-question \">Quand commence la floraison de la Blue Cheese Auto en ext\u00e9rieur ?<\/h3>\n<div class=\"rank-math-answer \">\n\n<p>La <strong>Blue Cheese Auto<\/strong> commence sa floraison environ 3 \u00e0 4 semaines apr\u00e8s la germination, ind\u00e9pendamment de la photop\u00e9riode. Cette caract\u00e9ristique autoflorissante simplifie la culture, car elle ne n\u00e9cessite pas de changements de cycle lumineux pour commencer la floraison.<\/p>\n\n<\/div>\n<\/div>\n<div id=\"faq-question-1663029159933\" class=\"rank-math-list-item\">\n<h3 class=\"rank-math-question \">Combien de temps faut-il pour r\u00e9colter une Blue Cheese Auto depuis la germination ?<\/h3>\n<div class=\"rank-math-answer \">\n\n<p>La <strong>Blue Cheese Auto<\/strong> est pr\u00eate \u00e0 \u00eatre r\u00e9colt\u00e9e en un total de 10 semaines depuis la germination. Ce cycle de vie court permet aux cultivateurs d&#8217;obtenir des r\u00e9coltes rapides et efficaces, id\u00e9al pour ceux qui cherchent des r\u00e9sultats rapides.<\/p>\n\n<\/div>\n<\/div>\n<div id=\"faq-question-1663029165861\" class=\"rank-math-list-item\">\n<h3 class=\"rank-math-question \">Comment cultiver une Blue Cheese Auto f\u00e9minis\u00e9e ?<\/h3>\n<div class=\"rank-math-answer \">\n\n<p>La <strong>Blue Cheese Auto<\/strong> est une plante tr\u00e8s facile \u00e0 cultiver, r\u00e9sistante et id\u00e9ale pour les d\u00e9butants. Nous recommandons d&#8217;utiliser un grand pot et un substrat riche en nutriments d\u00e8s le premier jour pour obtenir les plus grands sp\u00e9cimens. Elle est parfaite pour les terrasses et les balcons en raison de sa hauteur compacte et discr\u00e8te.<\/p>\n\n<\/div>\n<\/div>\n<div id=\"faq-question-1666780029954\" class=\"rank-math-list-item\">\n<h3 class=\"rank-math-question \">Quels sont les effets de la Blue Cheese Auto en vrac ?<\/h3>\n<div class=\"rank-math-answer \">\n\n<p>Les effets de la <strong>Blue Cheese Auto<\/strong> sont \u00e9quilibr\u00e9s, m\u00e9langeant l&#8217;euphorie douce et joyeuse des g\u00e8nes sativa avec la relaxation profonde des indicas. Elle est parfaite pour tout moment de la journ\u00e9e, procurant une sensation de bien-\u00eatre g\u00e9n\u00e9ral et de soulagement du stress sans vous aliter.<\/p>\n\n<\/div>\n<\/div>\n<div id=\"faq-question-1722323369538\" class=\"rank-math-list-item\">\n<h3 class=\"rank-math-question \">Quel est le go\u00fbt de la Blue Cheese Auto ?<\/h3>\n<div class=\"rank-math-answer \">\n\n<p>Le go\u00fbt de la <strong>Blue Cheese Auto<\/strong> est une exp\u00e9rience complexe et riche, avec une combinaison de fromage m\u00fbr et de notes fruit\u00e9es rappelant les myrtilles et les baies sauvages. Ce profil de saveur unique en fait une vari\u00e9t\u00e9 tr\u00e8s appr\u00e9ci\u00e9e des amateurs de cannabis.<\/p>\n\n<\/div>\n<\/div>\n<div id=\"faq-question-1722323370598\" class=\"rank-math-list-item\">\n<h3 class=\"rank-math-question \">Quel est le contenu en cannabino\u00efdes de la Blue Cheese Auto ?<\/h3>\n<div class=\"rank-math-answer \">\n\n<p>La <strong>Blue Cheese Auto<\/strong> a une teneur en THC qui varie entre 15% et 20%, offrant des effets puissants et \u00e9quilibr\u00e9s. Son contenu en CBD est faible, inf\u00e9rieur \u00e0 1%, ce qui garantit que les effets du THC se font pleinement sentir.<\/p>\n\n<\/div>\n<\/div>\n<\/div>\n<\/div>","protected":false},"excerpt":{"rendered":"<p><b>Blue Cheese Auto<\/b> offre une exp\u00e9rience sensorielle unique avec son <strong>go\u00fbt de fromage cr\u00e9meux et de myrtilles sucr\u00e9es<\/strong>. Parfaite pour les cultivateurs de tous niveaux, elle est facile \u00e0 cultiver, hautement r\u00e9sistante et garantit des r\u00e9coltes rapides et abondantes. Profitez d&#8217;effets \u00e9quilibr\u00e9s qui combinent <strong>relaxation profonde et euphorie heureuse<\/strong>.<\/p>\n","protected":false},"featured_media":22981,"comment_status":"open","ping_status":"closed","template":"","meta":{"_acf_changed":false,"inline_featured_image":false,"_uag_custom_page_level_css":""},"product_brand":[],"product_cat":[2265,4112],"product_tag":[],"class_list":{"0":"post-10578","1":"product","2":"type-product","3":"status-publish","4":"has-post-thumbnail","6":"product_cat-graines-autofloraison-en-gros","7":"product_cat-graines-de-cannabis-a-1-euro","9":"first","10":"instock","11":"sale","12":"taxable","13":"shipping-taxable","14":"purchasable","15":"product-type-simple"},"acf":[],"uagb_featured_image_src":{"full":["https:\/\/bulkgenetics.com\/wp-content\/uploads\/2022\/10\/blue-cheese-auto-1.jpg",1600,1600,false],"thumbnail":["https:\/\/bulkgenetics.com\/wp-content\/uploads\/2022\/10\/blue-cheese-auto-1-150x150.jpg",150,150,true],"medium":["https:\/\/bulkgenetics.com\/wp-content\/uploads\/2022\/10\/blue-cheese-auto-1-300x300.jpg",300,300,true],"medium_large":["https:\/\/bulkgenetics.com\/wp-content\/uploads\/2022\/10\/blue-cheese-auto-1-768x768.jpg",768,768,true],"large":["https:\/\/bulkgenetics.com\/wp-content\/uploads\/2022\/10\/blue-cheese-auto-1-1024x1024.jpg",1024,1024,true],"1536x1536":["https:\/\/bulkgenetics.com\/wp-content\/uploads\/2022\/10\/blue-cheese-auto-1-1536x1536.jpg",1536,1536,true],"2048x2048":["https:\/\/bulkgenetics.com\/wp-content\/uploads\/2022\/10\/blue-cheese-auto-1.jpg",1600,1600,false],"commercegurus-pdp-large":["https:\/\/bulkgenetics.com\/wp-content\/uploads\/2022\/10\/blue-cheese-auto-1-990x990.jpg",990,990,true],"commercegurus-plp-mobile":["https:\/\/bulkgenetics.com\/wp-content\/uploads\/2022\/10\/blue-cheese-auto-1-441x441.jpg",441,441,true],"cgkit_image_swatch":["https:\/\/bulkgenetics.com\/wp-content\/uploads\/2022\/10\/blue-cheese-auto-1-100x100.jpg",100,100,true],"woocommerce_thumbnail":["https:\/\/bulkgenetics.com\/wp-content\/uploads\/2022\/10\/blue-cheese-auto-1-300x300.jpg",300,300,true],"woocommerce_single":["https:\/\/bulkgenetics.com\/wp-content\/uploads\/2022\/10\/blue-cheese-auto-1-800x800.jpg",800,800,true],"woocommerce_gallery_thumbnail":["https:\/\/bulkgenetics.com\/wp-content\/uploads\/2022\/10\/blue-cheese-auto-1-150x150.jpg",150,150,true],"dgwt-wcas-product-suggestion":["https:\/\/bulkgenetics.com\/wp-content\/uploads\/2022\/10\/blue-cheese-auto-1-64x64.jpg",64,64,true]},"uagb_author_info":{"display_name":"Bruno Crespo","author_link":"https:\/\/bulkgenetics.com\/fr\/author\/"},"uagb_comment_info":0,"uagb_excerpt":"Blue Cheese Auto offre une exp\u00e9rience sensorielle unique avec son go\u00fbt de fromage cr\u00e9meux et de myrtilles sucr\u00e9es. Parfaite pour les cultivateurs de tous niveaux, elle est facile \u00e0 cultiver, hautement r\u00e9sistante et garantit des r\u00e9coltes rapides et abondantes. Profitez d'effets \u00e9quilibr\u00e9s qui combinent relaxation profonde et euphorie heureuse.","_links":{"self":[{"href":"https:\/\/bulkgenetics.com\/fr\/wp-json\/wp\/v2\/product\/10578","targetHints":{"allow":["GET"]}}],"collection":[{"href":"https:\/\/bulkgenetics.com\/fr\/wp-json\/wp\/v2\/product"}],"about":[{"href":"https:\/\/bulkgenetics.com\/fr\/wp-json\/wp\/v2\/types\/product"}],"replies":[{"embeddable":true,"href":"https:\/\/bulkgenetics.com\/fr\/wp-json\/wp\/v2\/comments?post=10578"}],"wp:featuredmedia":[{"embeddable":true,"href":"https:\/\/bulkgenetics.com\/fr\/wp-json\/wp\/v2\/media\/22981"}],"wp:attachment":[{"href":"https:\/\/bulkgenetics.com\/fr\/wp-json\/wp\/v2\/media?parent=10578"}],"wp:term":[{"taxonomy":"product_brand","embeddable":true,"href":"https:\/\/bulkgenetics.com\/fr\/wp-json\/wp\/v2\/product_brand?post=10578"},{"taxonomy":"product_cat","embeddable":true,"href":"https:\/\/bulkgenetics.com\/fr\/wp-json\/wp\/v2\/product_cat?post=10578"},{"taxonomy":"product_tag","embeddable":true,"href":"https:\/\/bulkgenetics.com\/fr\/wp-json\/wp\/v2\/product_tag?post=10578"}],"curies":[{"name":"wp","href":"https:\/\/api.w.org\/{rel}","templated":true}]}}