{"id":10580,"date":"2022-09-30T17:38:07","date_gmt":"2022-09-30T15:38:07","guid":{"rendered":"https:\/\/www.bulkgenetics.com\/gelato-33\/"},"modified":"2024-10-08T01:14:02","modified_gmt":"2024-10-07T23:14:02","slug":"gelato-33","status":"publish","type":"product","link":"https:\/\/bulkgenetics.com\/fr\/gelato-33\/","title":{"rendered":"Gelato 33"},"content":{"rendered":"\n<p>La <strong>Gelato 33<\/strong>, \u00e9galement connue sous le nom de <strong>Larry Bird<\/strong>, est un joyau n\u00e9 dans la baie de San Francisco. Cette vari\u00e9t\u00e9 est le r\u00e9sultat du croisement de deux poids lourds du monde du cannabis : <a href=\"https:\/\/bulkgenetics.com\/fr\/sherbet\/\"><strong>Sunset Sherbert<\/strong><\/a> et <a href=\"https:\/\/bulkgenetics.com\/fr\/girl-scout-cookies\/\"><strong>Girl Scout Cookies<\/strong><\/a>. Depuis son apparition, elle a captiv\u00e9 tout le monde gr\u00e2ce \u00e0 son profil de terp\u00e8nes unique et ses effets \u00e9quilibr\u00e9s.<\/p>\n\n\n\n<p>Sa lign\u00e9e est impressionnante. Le <strong>Sunset Sherbet<\/strong>, un croisement entre <strong>Girl Scout Cookies x Pink Panties<\/strong>, offre de gros bourgeons r\u00e9sineux avec une saveur douce de bonbons aux fruits tropicaux. D&#8217;autre part, la <strong>Girl Scout Cookies<\/strong> est l&#8217;un des hybrides les plus c\u00e9l\u00e8bres de <strong>OG Kush<\/strong>, connue pour son go\u00fbt de biscuits \u00e0 la vanille fra\u00eechement cuits et ses fleurs denses et collantes. La combinaison de ces deux strains a donn\u00e9 naissance \u00e0 la Gelato 33, qui montre le meilleur des deux mondes.<\/p>\n\n\n\n<p>Cette plante est assez compacte et robuste, id\u00e9ale pour la culture en int\u00e9rieur comme en ext\u00e9rieur. \u00c0 l&#8217;ext\u00e9rieur, elle peut atteindre des hauteurs de 2 \u00e0 2,5 m\u00e8tres, d\u00e9veloppant une structure forte et compacte qui la rend r\u00e9sistante \u00e0 diverses conditions climatiques. Les bourgeons de Gelato 33 sont super compacts et durs comme des pierres, orn\u00e9s de pistils orange vif et de tons pourpres profonds qui sont accentu\u00e9s par le froid. De plus, ils sont recouverts d&#8217;une couche dense de trichomes cristallins, leur donnant une apparence givr\u00e9e spectaculaire.<\/p>\n\n\n\n<h2 class=\"wp-block-heading\">Saveur et Effets<\/h2>\n\n\n\n<p>La <strong>Gelato 33<\/strong> d\u00e9ploie un ar\u00f4me irr\u00e9sistible qui combine des notes de fruits acides, d&#8217;agrumes frais et une touche douce de vanille. En ouvrant un bocal de ces bourgeons, tu es envelopp\u00e9 d&#8217;un parfum \u00e9voquant un dessert de luxe. Sa saveur suit le m\u00eame chemin, offrant une fum\u00e9e douce et cr\u00e9meuse avec des nuances fruit\u00e9es et une finale douce et terreuse. Cette vari\u00e9t\u00e9 est un v\u00e9ritable plaisir pour les sens.<\/p>\n\n\n\n<p>Avec une teneur en THC oscillant entre 20% et 25%, la Gelato 33 garantit une exp\u00e9rience puissante et m\u00e9morable. Ses bourgeons ont une faible teneur en CBD, inf\u00e9rieure \u00e0 1%, ce qui intensifie encore les effets psychoactifs. En la consommant, les utilisateurs ressentent une euphorie initiale qui stimule la cr\u00e9ativit\u00e9 et la conversation, parfaite pour les r\u00e9unions sociales. Au fur et \u00e0 mesure que l&#8217;effet progresse, une relaxation profonde et corporelle se fait sentir, soulageant le stress et l&#8217;anxi\u00e9t\u00e9 sans te laisser immobile.<\/p>\n\n\n\n<h3 class=\"wp-block-heading\">Terp\u00e8nes de Gelato 33<\/h3>\n\n\n\n<p>Les terp\u00e8nes de la <strong>Gelato 33<\/strong> sont une symphonie d&#8217;ar\u00f4mes et de bienfaits. Le <strong>B\u00eata-Caryophyll\u00e8ne<\/strong> apporte une touche \u00e9pic\u00e9e et terreuse qui compl\u00e8te sa saveur douce et citronn\u00e9e, en plus de poss\u00e9der des propri\u00e9t\u00e9s anti-inflammatoires. Le <strong>Limon\u00e8ne<\/strong>, connu pour son ar\u00f4me d&#8217;agrumes, renforce le soulagement du stress et de l&#8217;anxi\u00e9t\u00e9, tandis que le <strong>Myrc\u00e8ne<\/strong> ajoute des notes herbac\u00e9es et a des effets s\u00e9datifs qui aident \u00e0 d\u00e9tendre le corps et l&#8217;esprit.<\/p>\n\n\n\n<p>Le <strong>Linalool<\/strong>, avec son ar\u00f4me distinct de lavande, contribue \u00e0 r\u00e9duire l&#8217;anxi\u00e9t\u00e9 et \u00e0 am\u00e9liorer le sommeil, faisant de la Gelato 33 une option id\u00e9ale pour ceux qui cherchent \u00e0 soulager l&#8217;anxi\u00e9t\u00e9 et l&#8217;insomnie. Ces terp\u00e8nes am\u00e9liorent non seulement le profil de saveur de la Gelato 33, mais intensifient \u00e9galement ses effets th\u00e9rapeutiques, offrant une exp\u00e9rience compl\u00e8te et agr\u00e9able.<\/p>\n\n\n\n<h2 class=\"wp-block-heading\">Production et Temps de Floraison<\/h2>\n\n\n\n<p>La <strong>Gelato 33<\/strong> est une strain qui r\u00e9compense g\u00e9n\u00e9reusement ses cultivateurs, tant en int\u00e9rieur qu&#8217;en ext\u00e9rieur. En culture int\u00e9rieure, la production peut atteindre entre 450 et 550 grammes par m\u00e8tre carr\u00e9. Cette plante s&#8217;adapte bien \u00e0 diverses techniques de culture, y compris la m\u00e9thode ScrOG (Screen of Green), qui aide \u00e0 maximiser le rendement et assure une croissance uniforme des t\u00eates. Le temps de floraison en int\u00e9rieur est relativement court, prenant entre 8 et 9 semaines \u00e0 partir du changement de photop\u00e9riode.<\/p>\n\n\n\n<p>En ext\u00e9rieur, la Gelato 33 peut d\u00e9ployer tout son potentiel, atteignant une hauteur de 2 \u00e0 2,5 m\u00e8tres dans des conditions favorables. La production ext\u00e9rieure est tout aussi impressionnante, avec des rendements allant de 700 \u00e0 900 grammes par plante. Pour les cultivateurs de l&#8217;h\u00e9misph\u00e8re nord, il est recommand\u00e9 de planter les graines de cannabis en avril pour une r\u00e9colte optimale fin septembre. Certains ph\u00e9notypes peuvent prendre un peu plus de temps et \u00eatre pr\u00eats \u00e0 r\u00e9colter d\u00e9but octobre, bien que cela ne soit pas habituel.<\/p>\n\n\n\n<p>Le court temps de floraison et la haute production font de la Gelato 33 une excellente option tant pour les cultivateurs novices qu&#8217;exp\u00e9riment\u00e9s. Avec des soins appropri\u00e9s et des conditions id\u00e9ales, on peut s&#8217;attendre \u00e0 des r\u00e9coltes abondantes de t\u00eates denses et r\u00e9sineuses, pr\u00eates \u00e0 offrir une exp\u00e9rience de qualit\u00e9 sup\u00e9rieure.<\/p>\n\n\n\n<h2 class=\"wp-block-heading\">Comment Cultiver la Gelato 33<\/h2>\n\n\n\n<p>La <strong>Gelato 33<\/strong> est une vari\u00e9t\u00e9 relativement facile \u00e0 cultiver, id\u00e9ale tant pour les d\u00e9butants que pour les cultivateurs plus exp\u00e9riment\u00e9s. Sa structure robuste et sa capacit\u00e9 d&#8217;adaptation la rendent adapt\u00e9e \u00e0 une vari\u00e9t\u00e9 de m\u00e9thodes de culture. Bien qu&#8217;elle pr\u00e9f\u00e8re les climats chauds et ensoleill\u00e9s, comme le climat m\u00e9diterran\u00e9en, elle s&#8217;adapte bien \u00e0 des conditions moins id\u00e9ales.<\/p>\n\n\n\n<p>Pour obtenir les meilleurs r\u00e9sultats, nous recommandons de maintenir les temp\u00e9ratures diurnes entre 20\u00b0C et 27\u00b0C, tandis que la nuit, il est pr\u00e9f\u00e9rable de les garder l\u00e9g\u00e8rement plus fra\u00eeches, mais pas en dessous de 15\u00b0C. La Gelato 33 pr\u00e9f\u00e8re une humidit\u00e9 relative de 55%-60% pendant la phase v\u00e9g\u00e9tative, r\u00e9duisant \u00e0 environ 40% pendant la floraison. \u00c0 la fin du cycle, nous pouvons abaisser l&#8217;humidit\u00e9 \u00e0 30% pour am\u00e9liorer la qualit\u00e9 des t\u00eates.<\/p>\n\n\n\n<p>En termes de r\u00e9sistance aux parasites et aux maladies, la Gelato 33 se distingue par sa robustesse. Elle montre une bonne r\u00e9sistance aux parasites et aux maladies courants, ce qui facilite sa culture dans diff\u00e9rents environnements. Cependant, il est toujours prudent de surveiller nos plantes et de les garder libres de menaces potentielles. Utiliser un substrat de haute qualit\u00e9, comme la perlite, la tourbe ou la fibre de coco, peut aider \u00e0 retenir l&#8217;humidit\u00e9 et \u00e0 fournir les nutriments n\u00e9cessaires \u00e0 une croissance saine.<\/p>\n\n\n\n<div style=\"height:50px\" aria-hidden=\"true\" class=\"wp-block-spacer uag-hide-mob\"><\/div>\n\n\n\n<div class=\"wp-block-columns is-layout-flex wp-container-core-columns-is-layout-28f84493 wp-block-columns-is-layout-flex\">\n<div class=\"wp-block-column is-layout-flow wp-block-column-is-layout-flow\">\n<p class=\"has-text-align-center has-medium-font-size\"><strong>Ce que nous aimons le plus<\/strong><\/p>\n\n\n\n<ul class=\"wp-block-list\">\n<li>Facile \u00e0 cultiver et robuste.<\/li>\n\n\n\n<li>Saveur de fruits, citron et vanille.<\/li>\n\n\n\n<li>Effets tr\u00e8s puissants et \u00e9nerg\u00e9tiques.<\/li>\n\n\n\n<li>Son apparence impressionnante avec des tons violets.<\/li>\n<\/ul>\n<\/div>\n\n\n\n<div class=\"wp-block-column is-layout-flow wp-block-column-is-layout-flow\">\n<p class=\"has-text-align-center has-medium-font-size\"><strong>Ce que nous aimons le moins<\/strong><\/p>\n\n\n\n<ul class=\"wp-block-list\">\n<li>Effets tr\u00e8s puissants, pas adapt\u00e9s aux d\u00e9butants.<\/li>\n\n\n\n<li>Peut n\u00e9cessiter un support suppl\u00e9mentaire en raison de la densit\u00e9 des t\u00eates.<\/li>\n<\/ul>\n<\/div>\n<\/div>\n\n\n\n<div style=\"height:50px\" aria-hidden=\"true\" class=\"wp-block-spacer uag-hide-mob\"><\/div>\n\n\n\n<h2 class=\"wp-block-heading\">Questions Fr\u00e9quentes<\/h2>\n\n\n\n<p>Beaucoup des cultivateurs qui choisissent nos graines Gelato 33 se posent souvent des questions sur sa culture. Voici les r\u00e9ponses aux plus fr\u00e9quentes :<\/p>\n\n\n<div id=\"rank-math-faq\" class=\"rank-math-block\">\n<div class=\"rank-math-list \">\n<div id=\"faq-question-1663029074962\" class=\"rank-math-list-item\">\n<h3 class=\"rank-math-question \">Quand commence la floraison de la Gelato 33 en ext\u00e9rieur?<br><\/h3>\n<div class=\"rank-math-answer \">\n\n<p>En ext\u00e9rieur, la <strong>Gelato 33<\/strong> commence g\u00e9n\u00e9ralement sa floraison entre fin juillet et d\u00e9but ao\u00fbt.<\/p>\n\n<\/div>\n<\/div>\n<div id=\"faq-question-1663029159933\" class=\"rank-math-list-item\">\n<h3 class=\"rank-math-question \">Quand r\u00e9colter une Gelato 33 en ext\u00e9rieur?<\/h3>\n<div class=\"rank-math-answer \">\n\n<p>La p\u00e9riode de r\u00e9colte de la <strong>Gelato 33<\/strong> est fin septembre. Certains ph\u00e9notypes peuvent prendre un peu plus de temps et \u00eatre pr\u00eats \u00e0 r\u00e9colter d\u00e9but octobre.<\/p>\n\n<\/div>\n<\/div>\n<div id=\"faq-question-1663029165861\" class=\"rank-math-list-item\">\n<h3 class=\"rank-math-question \">Comment cultiver une Gelato 33 f\u00e9minis\u00e9e?<\/h3>\n<div class=\"rank-math-answer \">\n\n<p>La <strong>Gelato 33<\/strong> est une vari\u00e9t\u00e9 r\u00e9sistante et facile \u00e0 cultiver. Elle s&#8217;adapte bien \u00e0 diff\u00e9rentes techniques de culture et pr\u00e9f\u00e8re les climats chauds et ensoleill\u00e9s, bien qu&#8217;elle puisse \u00e9galement prosp\u00e9rer dans des conditions moins id\u00e9ales. Il est important de maintenir une humidit\u00e9 ad\u00e9quate et de surveiller les parasites et les maladies.<\/p>\n\n<\/div>\n<\/div>\n<div id=\"faq-question-1666706026709\" class=\"rank-math-list-item\">\n<h3 class=\"rank-math-question \">Quels sont les effets de la Gelato 33 en vrac?<br><\/h3>\n<div class=\"rank-math-answer \">\n\n<p>Les effets de la <strong>Gelato 33<\/strong> comprennent une euphorie initiale qui stimule la cr\u00e9ativit\u00e9 et la conversation, suivie d&#8217;une profonde relaxation corporelle. Elle est parfaite pour soulager le stress, l&#8217;anxi\u00e9t\u00e9 et la douleur, offrant une exp\u00e9rience \u00e9quilibr\u00e9e et agr\u00e9able.<\/p>\n\n<\/div>\n<\/div>\n<div id=\"faq-question-1721300448799\" class=\"rank-math-list-item\">\n<h3 class=\"rank-math-question \">La Gelato 33 est-elle sativa ou indica?<\/h3>\n<div class=\"rank-math-answer \">\n\n<p>La <strong>Gelato 33<\/strong> est un hybride \u00e0 dominance indica, environ 55% indica et 45% sativa. Les vari\u00e9t\u00e9s indica offrent g\u00e9n\u00e9ralement une relaxation corporelle intense, id\u00e9ale pour soulager la douleur et se d\u00e9tendre. En revanche, les sativas procurent un effet c\u00e9r\u00e9bral stimulant, parfait pour la cr\u00e9ativit\u00e9 et les activit\u00e9s sociales. La Gelato 33 combine le meilleur des deux mondes, offrant une relaxation profonde avec une euphorie joyeuse.<\/p>\n\n<\/div>\n<\/div>\n<div id=\"faq-question-1721300512090\" class=\"rank-math-list-item\">\n<h3 class=\"rank-math-question \">Quel est le go\u00fbt de la Gelato 33?<\/h3>\n<div class=\"rank-math-answer \">\n\n<p>La <strong>Gelato 33<\/strong> offre une saveur douce et cr\u00e9meuse avec des notes de fruits acides, d&#8217;agrumes frais et une touche sucr\u00e9e de vanille. Son ar\u00f4me est tout aussi attractif, \u00e9voquant un dessert de luxe.<\/p>\n\n<\/div>\n<\/div>\n<div id=\"faq-question-1721300536048\" class=\"rank-math-list-item\">\n<h3 class=\"rank-math-question \">Quel est le contenu en cannabino\u00efdes de la Gelato 33?<\/h3>\n<div class=\"rank-math-answer \">\n\n<p>La <strong>Gelato 33<\/strong> a une teneur en THC qui varie entre 20% et 25%, tandis que sa teneur en CBD est faible, inf\u00e9rieure \u00e0 1%.<\/p>\n\n<\/div>\n<\/div>\n<div id=\"faq-question-1721300565227\" class=\"rank-math-list-item\">\n<h3 class=\"rank-math-question \">Quel est le croisement de la Gelato 33?<\/h3>\n<div class=\"rank-math-answer \">\n\n<p>La <strong>Gelato 33<\/strong> est le r\u00e9sultat du croisement entre <strong>Sunset Sherbet<\/strong> et <strong>Girl Scout Cookies<\/strong>. Cette lign\u00e9e lui conf\u00e8re son profil de terp\u00e8nes unique et ses effets puissants.<\/p>\n\n<\/div>\n<\/div>\n<\/div>\n<\/div>","protected":false},"excerpt":{"rendered":"<p><b>Gelato 33<\/b> offre une exp\u00e9rience unique avec son <strong>go\u00fbt doux et fruit\u00e9<\/strong> et ses <strong>effets puissants<\/strong> qui combinent euphorie et relaxation. Parfaite pour les cultivateurs de tous niveaux, elle garantit des r\u00e9coltes abondantes et des <strong>t\u00eates denses et r\u00e9sineuses<\/strong>.<\/p>\n","protected":false},"featured_media":19224,"comment_status":"open","ping_status":"closed","template":"","meta":{"_acf_changed":false,"inline_featured_image":false,"_uag_custom_page_level_css":""},"product_brand":[],"product_cat":[1125,4112],"product_tag":[],"class_list":{"0":"post-10580","1":"product","2":"type-product","3":"status-publish","4":"has-post-thumbnail","6":"product_cat-graines-feminisees-en-gros","7":"product_cat-graines-de-cannabis-a-1-euro","9":"first","10":"instock","11":"sale","12":"taxable","13":"shipping-taxable","14":"purchasable","15":"product-type-simple"},"acf":[],"uagb_featured_image_src":{"full":["https:\/\/bulkgenetics.com\/wp-content\/uploads\/2022\/09\/gelato-33-weed-strain-bulk.jpg",1600,1600,false],"thumbnail":["https:\/\/bulkgenetics.com\/wp-content\/uploads\/2022\/09\/gelato-33-weed-strain-bulk-150x150.jpg",150,150,true],"medium":["https:\/\/bulkgenetics.com\/wp-content\/uploads\/2022\/09\/gelato-33-weed-strain-bulk-300x300.jpg",300,300,true],"medium_large":["https:\/\/bulkgenetics.com\/wp-content\/uploads\/2022\/09\/gelato-33-weed-strain-bulk-768x768.jpg",768,768,true],"large":["https:\/\/bulkgenetics.com\/wp-content\/uploads\/2022\/09\/gelato-33-weed-strain-bulk-1024x1024.jpg",1024,1024,true],"1536x1536":["https:\/\/bulkgenetics.com\/wp-content\/uploads\/2022\/09\/gelato-33-weed-strain-bulk-1536x1536.jpg",1536,1536,true],"2048x2048":["https:\/\/bulkgenetics.com\/wp-content\/uploads\/2022\/09\/gelato-33-weed-strain-bulk.jpg",1600,1600,false],"commercegurus-pdp-large":["https:\/\/bulkgenetics.com\/wp-content\/uploads\/2022\/09\/gelato-33-weed-strain-bulk-990x990.jpg",990,990,true],"commercegurus-plp-mobile":["https:\/\/bulkgenetics.com\/wp-content\/uploads\/2022\/09\/gelato-33-weed-strain-bulk-441x441.jpg",441,441,true],"cgkit_image_swatch":["https:\/\/bulkgenetics.com\/wp-content\/uploads\/2022\/09\/gelato-33-weed-strain-bulk-100x100.jpg",100,100,true],"woocommerce_thumbnail":["https:\/\/bulkgenetics.com\/wp-content\/uploads\/2022\/09\/gelato-33-weed-strain-bulk-300x300.jpg",300,300,true],"woocommerce_single":["https:\/\/bulkgenetics.com\/wp-content\/uploads\/2022\/09\/gelato-33-weed-strain-bulk-800x800.jpg",800,800,true],"woocommerce_gallery_thumbnail":["https:\/\/bulkgenetics.com\/wp-content\/uploads\/2022\/09\/gelato-33-weed-strain-bulk-150x150.jpg",150,150,true],"dgwt-wcas-product-suggestion":["https:\/\/bulkgenetics.com\/wp-content\/uploads\/2022\/09\/gelato-33-weed-strain-bulk-64x64.jpg",64,64,true]},"uagb_author_info":{"display_name":"Bruno Crespo","author_link":"https:\/\/bulkgenetics.com\/fr\/author\/"},"uagb_comment_info":0,"uagb_excerpt":"Gelato 33 offre une exp\u00e9rience unique avec son go\u00fbt doux et fruit\u00e9 et ses effets puissants qui combinent euphorie et relaxation. Parfaite pour les cultivateurs de tous niveaux, elle garantit des r\u00e9coltes abondantes et des t\u00eates denses et r\u00e9sineuses.","_links":{"self":[{"href":"https:\/\/bulkgenetics.com\/fr\/wp-json\/wp\/v2\/product\/10580","targetHints":{"allow":["GET"]}}],"collection":[{"href":"https:\/\/bulkgenetics.com\/fr\/wp-json\/wp\/v2\/product"}],"about":[{"href":"https:\/\/bulkgenetics.com\/fr\/wp-json\/wp\/v2\/types\/product"}],"replies":[{"embeddable":true,"href":"https:\/\/bulkgenetics.com\/fr\/wp-json\/wp\/v2\/comments?post=10580"}],"wp:featuredmedia":[{"embeddable":true,"href":"https:\/\/bulkgenetics.com\/fr\/wp-json\/wp\/v2\/media\/19224"}],"wp:attachment":[{"href":"https:\/\/bulkgenetics.com\/fr\/wp-json\/wp\/v2\/media?parent=10580"}],"wp:term":[{"taxonomy":"product_brand","embeddable":true,"href":"https:\/\/bulkgenetics.com\/fr\/wp-json\/wp\/v2\/product_brand?post=10580"},{"taxonomy":"product_cat","embeddable":true,"href":"https:\/\/bulkgenetics.com\/fr\/wp-json\/wp\/v2\/product_cat?post=10580"},{"taxonomy":"product_tag","embeddable":true,"href":"https:\/\/bulkgenetics.com\/fr\/wp-json\/wp\/v2\/product_tag?post=10580"}],"curies":[{"name":"wp","href":"https:\/\/api.w.org\/{rel}","templated":true}]}}