{"id":10582,"date":"2022-10-04T18:10:20","date_gmt":"2022-10-04T16:10:20","guid":{"rendered":"https:\/\/www.bulkgenetics.com\/caramel-blanc\/"},"modified":"2024-10-08T01:09:03","modified_gmt":"2024-10-07T23:09:03","slug":"white-caramel","status":"publish","type":"product","link":"https:\/\/bulkgenetics.com\/fr\/white-caramel\/","title":{"rendered":"White Caramel"},"content":{"rendered":"\n<p>La <strong>White Caramel<\/strong> est une vari\u00e9t\u00e9 de marijuana qui te plaira d\u00e8s le premier moment o\u00f9 tu la rencontreras. Cette merveille g\u00e9n\u00e9tique provient d&#8217;une s\u00e9lection de la c\u00e9l\u00e8bre <strong>Cream Caramel<\/strong>, l&#8217;une des vari\u00e9t\u00e9s les plus embl\u00e9matiques de la banque espagnole <strong>Sweet Seeds<\/strong>. Les origines de ce joyau remontent \u00e0 une combinaison m\u00e9ticuleuse de <strong>Blue Black<\/strong>, <strong>Maple Leaf Indica<\/strong> de <strong>Sensi Seeds<\/strong> et <strong>White Rhino<\/strong> de <strong>Greenhouse<\/strong>.<\/p>\n\n\n\n<p>Cette plante pr\u00e9sente une structure typique d&#8217;indica, semblable \u00e0 un arbre de No\u00ebl. Elle est compacte, robuste et pousse avec une vigueur impressionnante d\u00e8s le premier jour. Les t\u00eates sont spectaculaires, extr\u00eamement compactes et couvertes d&#8217;une couche de r\u00e9sine si \u00e9paisse qu&#8217;elles ressemblent \u00e0 des bijoux sortis d&#8217;un conte de f\u00e9es. Les couleurs vont d&#8217;un vert profond \u00e0 des tons pourpres, orn\u00e9s de pistils orange qui contrastent merveilleusement avec la r\u00e9sine brillante.<\/p>\n\n\n\n<h2 class=\"wp-block-heading\">Saveur et Effets<\/h2>\n\n\n\n<p>L&#8217;ar\u00f4me de la <strong>White Caramel<\/strong> est tout simplement c\u00e9leste. En ouvrant un bocal de cette vari\u00e9t\u00e9, tu seras accueilli par un m\u00e9lange doux et caram\u00e9lis\u00e9 qui te transportera dans une confiserie. Ce profil de saveur n&#8217;est pas seulement sucr\u00e9, il a aussi un fond terreux et forestier, h\u00e9ritage de ses g\u00e8nes <a href=\"https:\/\/bulkgenetics.com\/fr\/blueberry\/\"><strong>Blueberry<\/strong><\/a>. Chaque bouff\u00e9e est une exp\u00e9rience sensorielle qui combine des notes initiales d&#8217;agrumes avec une finale douce et terreuse qui laisse un arri\u00e8re-go\u00fbt de caramel sur la langue.<\/p>\n\n\n\n<p>En consommant White Caramel, les effets ne se font pas attendre. Cette vari\u00e9t\u00e9 est connue pour son puissant effet indica qui produit une profonde relaxation corporelle et mentale. Id\u00e9ale pour se d\u00e9connecter apr\u00e8s une longue journ\u00e9e, elle te laissera affal\u00e9 sur le canap\u00e9 ou te conduira directement au lit pour un sommeil r\u00e9parateur. Avec une teneur en <strong>THC de 15% \u00e0 20%<\/strong>, elle offre une mont\u00e9e forte mais g\u00e9rable qui induit une sensation de bonheur et de bien-\u00eatre. De plus, sa <strong>teneur en CBD est faible, moins de 1%<\/strong>, ce qui compl\u00e8te ses effets th\u00e9rapeutiques, la rendant id\u00e9ale pour le traitement des douleurs l\u00e9g\u00e8res et du stress.<\/p>\n\n\n\n<h3 class=\"wp-block-heading\">Terp\u00e8nes de White Caramel<\/h3>\n\n\n\n<p>Le profil terp\u00e9nique de la <strong>White Caramel<\/strong> est une symphonie d&#8217;ar\u00f4mes et de bienfaits th\u00e9rapeutiques. Cette vari\u00e9t\u00e9 contient des terp\u00e8nes comme <strong>alpha-pin\u00e8ne, limon\u00e8ne et linalool<\/strong>, chacun apportant ses propres propri\u00e9t\u00e9s uniques au m\u00e9lange.<\/p>\n\n\n\n<p>L&#8217;<strong>alpha-pin\u00e8ne<\/strong>, connu pour son ar\u00f4me de pin frais, agit comme un \u00e9nergisant naturel, aidant \u00e0 r\u00e9duire la fatigue et \u00e0 am\u00e9liorer la concentration. Il est parfait pour ces moments o\u00f9 tu as besoin d&#8217;un coup de pouce suppl\u00e9mentaire sans te sentir accabl\u00e9.<\/p>\n\n\n\n<p>Le <strong>limon\u00e8ne<\/strong>, avec son parfum rafra\u00eechissant d&#8217;agrumes, non seulement am\u00e9liore l&#8217;humeur mais poss\u00e8de \u00e9galement des propri\u00e9t\u00e9s anti-stress. Ce terp\u00e8ne est id\u00e9al pour ceux qui cherchent un r\u00e9pit du stress quotidien et une dose de bonheur.<\/p>\n\n\n\n<p>Enfin, le <strong>linalool<\/strong> apporte une touche florale et relaxante au profil de White Caramel. Ce terp\u00e8ne est bien connu pour ses effets calmants et sa capacit\u00e9 \u00e0 soulager l&#8217;anxi\u00e9t\u00e9 et les spasmes musculaires, compl\u00e9tant ainsi un profil th\u00e9rapeutique robuste et \u00e9quilibr\u00e9.<\/p>\n\n\n\n<h2 class=\"wp-block-heading\">Production et Temps de Floraison<\/h2>\n\n\n\n<p>La <strong>White Caramel<\/strong> est une strain qui se distingue non seulement par son go\u00fbt et ses effets, mais aussi par sa production g\u00e9n\u00e9reuse. Les cultivateurs d\u00e9butants comme exp\u00e9riment\u00e9s trouveront dans cette vari\u00e9t\u00e9 une alli\u00e9e fiable pour obtenir des r\u00e9coltes abondantes et de haute qualit\u00e9.<\/p>\n\n\n\n<p>En <strong>culture int\u00e9rieure<\/strong>, la White Caramel a un temps de floraison de <strong>8 \u00e0 9 semaines<\/strong>. Pendant cette p\u00e9riode, les plantes atteignent leur potentiel maximal, produisant entre <strong>450 et 550 grammes par m\u00e8tre carr\u00e9<\/strong>. Elle est parfaite pour les cultures en SOG (Sea of Green) en raison de la facilit\u00e9 \u00e0 concentrer la production en grosses t\u00eates. Pour maximiser la production, il est recommand\u00e9 de s\u00e9lectionner une m\u00e8re \u00e0 croissance colonnaire et d&#8217;utiliser des pots de maximum 3 litres.<\/p>\n\n\n\n<p>En <strong>culture ext\u00e9rieure<\/strong>, la White Caramel montre sa v\u00e9ritable force. Si tu commences la culture au d\u00e9but du printemps, les plantes atteindront une hauteur d&#8217;environ 2 m\u00e8tres. La floraison en ext\u00e9rieur commence g\u00e9n\u00e9ralement dans la deuxi\u00e8me quinzaine de juillet jusqu&#8217;au d\u00e9but ao\u00fbt, et la r\u00e9colte peut se faire entre <strong>fin septembre et d\u00e9but octobre<\/strong>. Dans ces conditions, tu peux t&#8217;attendre \u00e0 une production de <strong>600 \u00e0 800 grammes par plante<\/strong>, toujours en fonction de la taille et du climat. Dans des conditions optimales, les rendements peuvent atteindre jusqu&#8217;\u00e0 <strong>900 grammes par plante<\/strong>.<\/p>\n\n\n\n<h2 class=\"wp-block-heading\">Comment Cultiver la White Caramel<\/h2>\n\n\n\n<p>La <strong>White Caramel<\/strong> est une strain que nous recommandons largement pour sa facilit\u00e9 de culture et sa robustesse. Elle ne n\u00e9cessite pas de grandes connaissances pr\u00e9alables, ce qui la rend parfaite pour les cultivateurs d\u00e9butants. Voici nos conseils pour obtenir les meilleurs r\u00e9sultats.<\/p>\n\n\n\n<h3 class=\"wp-block-heading\">Difficult\u00e9 de Culture<\/h3>\n\n\n\n<p>La White Caramel est une vari\u00e9t\u00e9 tr\u00e8s simple \u00e0 cultiver. Sa grande vigueur et sa croissance rapide d\u00e8s le premier jour en font une option id\u00e9ale pour ceux qui recherchent une culture sans complications. Elle ne n\u00e9cessite pas de soins sp\u00e9ciaux, et sa structure robuste et r\u00e9sistante assure une r\u00e9colte r\u00e9ussie avec un minimum d&#8217;effort.<\/p>\n\n\n\n<h3 class=\"wp-block-heading\">Climat et Conditions de Culture Ad\u00e9quates<\/h3>\n\n\n\n<p>Cette vari\u00e9t\u00e9 s&#8217;adapte bien \u00e0 diff\u00e9rents climats, bien qu&#8217;elle pr\u00e9f\u00e8re les climats temp\u00e9r\u00e9s et ensoleill\u00e9s. En ext\u00e9rieur, les plantes peuvent atteindre jusqu&#8217;\u00e0 2 m\u00e8tres de hauteur si elles sont cultiv\u00e9es d\u00e8s le d\u00e9but du printemps. En int\u00e9rieur, il est crucial de maintenir les temp\u00e9ratures diurnes entre <strong>20\u00b0C et 27\u00b0C<\/strong> et les nocturnes l\u00e9g\u00e8rement plus fra\u00eeches. De plus, il est important de contr\u00f4ler les niveaux d&#8217;humidit\u00e9, en les maintenant entre <strong>55% et 60%<\/strong> pendant la phase v\u00e9g\u00e9tative et en les r\u00e9duisant \u00e0 environ <strong>40%<\/strong> pendant la floraison pour \u00e9viter les probl\u00e8mes de moisissure.<\/p>\n\n\n\n<h3 class=\"wp-block-heading\">R\u00e9sistance aux Ravageurs et Maladies<\/h3>\n\n\n\n<p>La White Caramel se distingue par sa r\u00e9sistance aux ravageurs et aux maladies. Sa structure compacte et robuste la rend moins susceptible aux attaques des ravageurs communs et elle tol\u00e8re bien les conditions adverses. Cependant, il est toujours recommand\u00e9 de rester vigilant et de prendre des mesures pr\u00e9ventives pour assurer une r\u00e9colte saine.<\/p>\n\n\n\n<div style=\"height:50px\" aria-hidden=\"true\" class=\"wp-block-spacer uag-hide-mob\"><\/div>\n\n\n\n<div class=\"wp-block-columns is-layout-flex wp-container-core-columns-is-layout-28f84493 wp-block-columns-is-layout-flex\">\n<div class=\"wp-block-column is-layout-flow wp-block-column-is-layout-flow\">\n<p class=\"has-text-align-center has-medium-font-size\"><strong>Ce que nous aimons le plus<\/strong><\/p>\n\n\n\n<ul class=\"wp-block-list\">\n<li>Facile \u00e0 cultiver et r\u00e9sistante.<\/li>\n\n\n\n<li>Saveur douce et caram\u00e9lis\u00e9e.<\/li>\n\n\n\n<li>Haute production en int\u00e9rieur comme en ext\u00e9rieur.<\/li>\n\n\n\n<li>Effets relaxants et th\u00e9rapeutiques.<\/li>\n<\/ul>\n<\/div>\n\n\n\n<div class=\"wp-block-column is-layout-flow wp-block-column-is-layout-flow\">\n<p class=\"has-text-align-center has-medium-font-size\"><strong>Ce que nous aimons le moins<\/strong><\/p>\n\n\n\n<ul class=\"wp-block-list\">\n<li>En floraison, elle est tr\u00e8s odorante, ce qui peut n\u00e9cessiter des syst\u00e8mes anti-odeur.<\/li>\n\n\n\n<li>N\u00e9cessite un contr\u00f4le de l&#8217;humidit\u00e9 pour \u00e9viter les probl\u00e8mes de moisissure.<\/li>\n<\/ul>\n<\/div>\n<\/div>\n\n\n\n<div style=\"height:50px\" aria-hidden=\"true\" class=\"wp-block-spacer uag-hide-mob\"><\/div>\n\n\n\n<h2 class=\"wp-block-heading\">Questions Fr\u00e9quentes<\/h2>\n\n\n\n<p>Voici les r\u00e9ponses aux questions les plus fr\u00e9quentes pos\u00e9es par les cultivateurs int\u00e9ress\u00e9s par ces graines en gros bon march\u00e9 :<\/p>\n\n\n<div id=\"rank-math-faq\" class=\"rank-math-block\">\n<div class=\"rank-math-list \">\n<div id=\"faq-question-1663029074962\" class=\"rank-math-list-item\">\n<h3 class=\"rank-math-question \">White Caramel est-elle sativa ou indica?<\/h3>\n<div class=\"rank-math-answer \">\n\n<p>White Caramel est une vari\u00e9t\u00e9 majoritairement indica. Les vari\u00e9t\u00e9s indica se caract\u00e9risent par leur effet relaxant et s\u00e9datif, id\u00e9al pour la fin de journ\u00e9e ou pour soulager le stress et la douleur. En revanche, les vari\u00e9t\u00e9s sativa ont g\u00e9n\u00e9ralement un effet plus \u00e9nergisant et c\u00e9r\u00e9bral, adapt\u00e9 aux activit\u00e9s diurnes. White Caramel combine le meilleur de ses parents indica pour offrir une exp\u00e9rience de relaxation profonde.<\/p>\n\n<\/div>\n<\/div>\n<div id=\"faq-question-1721741173627\" class=\"rank-math-list-item\">\n<h3 class=\"rank-math-question \">Quel est le croisement de White Caramel?<\/h3>\n<div class=\"rank-math-answer \">\n\n<p>White Caramel est le r\u00e9sultat d&#8217;un croisement m\u00e9ticuleux entre <strong>Blue Black<\/strong>, <strong>Maple Leaf Indica<\/strong> et <strong>White Rhino<\/strong>. Cette combinaison g\u00e9n\u00e9tique assure une plante robuste et facile \u00e0 cultiver, avec une saveur et des effets qui raviront tout cultivateur et consommateur.<\/p>\n\n<\/div>\n<\/div>\n<div id=\"faq-question-1721741205994\" class=\"rank-math-list-item\">\n<h3 class=\"rank-math-question \">Quand commence la floraison de White Caramel?<\/h3>\n<div class=\"rank-math-answer \">\n\n<p>En ext\u00e9rieur, la floraison de White Caramel commence g\u00e9n\u00e9ralement \u00e0 partir de la deuxi\u00e8me quinzaine de juillet et jusqu&#8217;au d\u00e9but ao\u00fbt. C&#8217;est une plante \u00e0 floraison rapide, id\u00e9ale pour divers climats.<\/p>\n\n<\/div>\n<\/div>\n<div id=\"faq-question-1721741206906\" class=\"rank-math-list-item\">\n<h3 class=\"rank-math-question \">Quand r\u00e9colter White Caramel?<\/h3>\n<div class=\"rank-math-answer \">\n\n<p>White Caramel est une vari\u00e9t\u00e9 \u00e0 floraison relativement rapide, et en ext\u00e9rieur elle peut \u00eatre r\u00e9colt\u00e9e entre fin septembre et d\u00e9but octobre. En int\u00e9rieur, elle est pr\u00eate \u00e0 \u00eatre r\u00e9colt\u00e9e en environ 8 \u00e0 9 semaines apr\u00e8s le changement de photop\u00e9riode \u00e0 floraison.<\/p>\n\n<\/div>\n<\/div>\n<div id=\"faq-question-1721741246177\" class=\"rank-math-list-item\">\n<h3 class=\"rank-math-question \">Comment cultiver White Caramel?<\/h3>\n<div class=\"rank-math-answer \">\n\n<p>White Caramel est une plante facile \u00e0 cultiver et s&#8217;adapte aussi bien aux int\u00e9rieurs qu&#8217;aux ext\u00e9rieurs. En int\u00e9rieur, nous recommandons d&#8217;utiliser des techniques comme le SOG (Sea of Green) pour maximiser la production. En ext\u00e9rieur, il est id\u00e9al de commencer la culture au d\u00e9but du printemps pour lui permettre d&#8217;atteindre sa hauteur et sa production maximales.<\/p>\n\n<\/div>\n<\/div>\n<div id=\"faq-question-1721741250408\" class=\"rank-math-list-item\">\n<h3 class=\"rank-math-question \">Quel est le go\u00fbt de White Caramel?<\/h3>\n<div class=\"rank-math-answer \">\n\n<p>Le go\u00fbt de White Caramel est une combinaison d\u00e9licieuse de douceur et de terre, avec des notes de caramel qui rappellent une confiserie. Son ar\u00f4me est \u00e9galement doux et caram\u00e9lis\u00e9, avec un fond terreux provenant de ses g\u00e8nes Blueberry.<\/p>\n\n<\/div>\n<\/div>\n<div id=\"faq-question-1721741252201\" class=\"rank-math-list-item\">\n<h3 class=\"rank-math-question \">Quel est le contenu en cannabino\u00efdes de White Caramel?<\/h3>\n<div class=\"rank-math-answer \">\n\n<p>White Caramel a une teneur en THC qui varie entre <strong>15% et 20%<\/strong>, ce qui garantit un effet puissant et relaxant. Sa teneur en CBD est faible, g\u00e9n\u00e9ralement inf\u00e9rieure \u00e0 <strong>1%<\/strong>, ce qui compl\u00e8te ses effets th\u00e9rapeutiques sans r\u00e9duire la puissance du high du THC.<\/p>\n\n<\/div>\n<\/div>\n<div id=\"faq-question-1721741253697\" class=\"rank-math-list-item\">\n<h3 class=\"rank-math-question \">Quels sont les effets de White Caramel?<\/h3>\n<div class=\"rank-math-answer \">\n\n<p>White Caramel est connue pour ses effets relaxants et apaisants. Elle est id\u00e9ale pour se d\u00e9connecter apr\u00e8s une longue journ\u00e9e, en te laissant affal\u00e9 sur le canap\u00e9 ou en t&#8217;emmenant directement au lit pour un sommeil r\u00e9parateur. Elle est \u00e9galement efficace pour le traitement des douleurs l\u00e9g\u00e8res et du stress, procurant une sensation de bonheur et de bien-\u00eatre.<\/p>\n\n<\/div>\n<\/div>\n<\/div>\n<\/div>","protected":false},"excerpt":{"rendered":"<p><b>White Caramel<\/b> offre une exp\u00e9rience de culture simple et une r\u00e9colte abondante avec des <strong>buds denses et r\u00e9sineux<\/strong>. Profite de son <strong>go\u00fbt sucr\u00e9 et caram\u00e9lis\u00e9<\/strong> et d\u00e9tends-toi profond\u00e9ment avec son <strong>puissant effet indica<\/strong>. Id\u00e9ale pour ceux qui recherchent qualit\u00e9 et facilit\u00e9 dans une seule vari\u00e9t\u00e9.<\/p>\n","protected":false},"featured_media":26447,"comment_status":"open","ping_status":"closed","template":"","meta":{"_acf_changed":false,"inline_featured_image":false,"_uag_custom_page_level_css":""},"product_brand":[],"product_cat":[1125],"product_tag":[],"class_list":{"0":"post-10582","1":"product","2":"type-product","3":"status-publish","4":"has-post-thumbnail","6":"product_cat-graines-feminisees-en-gros","8":"first","9":"instock","10":"taxable","11":"shipping-taxable","12":"purchasable","13":"product-type-simple"},"acf":[],"uagb_featured_image_src":{"full":["https:\/\/bulkgenetics.com\/wp-content\/uploads\/2022\/10\/white-caramel-strain-feminized-cannabis-seeds.jpg",1600,1600,false],"thumbnail":["https:\/\/bulkgenetics.com\/wp-content\/uploads\/2022\/10\/white-caramel-strain-feminized-cannabis-seeds-150x150.jpg",150,150,true],"medium":["https:\/\/bulkgenetics.com\/wp-content\/uploads\/2022\/10\/white-caramel-strain-feminized-cannabis-seeds-300x300.jpg",300,300,true],"medium_large":["https:\/\/bulkgenetics.com\/wp-content\/uploads\/2022\/10\/white-caramel-strain-feminized-cannabis-seeds-768x768.jpg",768,768,true],"large":["https:\/\/bulkgenetics.com\/wp-content\/uploads\/2022\/10\/white-caramel-strain-feminized-cannabis-seeds-1024x1024.jpg",1024,1024,true],"1536x1536":["https:\/\/bulkgenetics.com\/wp-content\/uploads\/2022\/10\/white-caramel-strain-feminized-cannabis-seeds-1536x1536.jpg",1536,1536,true],"2048x2048":["https:\/\/bulkgenetics.com\/wp-content\/uploads\/2022\/10\/white-caramel-strain-feminized-cannabis-seeds.jpg",1600,1600,false],"commercegurus-pdp-large":["https:\/\/bulkgenetics.com\/wp-content\/uploads\/2022\/10\/white-caramel-strain-feminized-cannabis-seeds-990x990.jpg",990,990,true],"commercegurus-plp-mobile":["https:\/\/bulkgenetics.com\/wp-content\/uploads\/2022\/10\/white-caramel-strain-feminized-cannabis-seeds-441x441.jpg",441,441,true],"cgkit_image_swatch":["https:\/\/bulkgenetics.com\/wp-content\/uploads\/2022\/10\/white-caramel-strain-feminized-cannabis-seeds-100x100.jpg",100,100,true],"woocommerce_thumbnail":["https:\/\/bulkgenetics.com\/wp-content\/uploads\/2022\/10\/white-caramel-strain-feminized-cannabis-seeds-300x300.jpg",300,300,true],"woocommerce_single":["https:\/\/bulkgenetics.com\/wp-content\/uploads\/2022\/10\/white-caramel-strain-feminized-cannabis-seeds-800x800.jpg",800,800,true],"woocommerce_gallery_thumbnail":["https:\/\/bulkgenetics.com\/wp-content\/uploads\/2022\/10\/white-caramel-strain-feminized-cannabis-seeds-150x150.jpg",150,150,true],"dgwt-wcas-product-suggestion":["https:\/\/bulkgenetics.com\/wp-content\/uploads\/2022\/10\/white-caramel-strain-feminized-cannabis-seeds-64x64.jpg",64,64,true]},"uagb_author_info":{"display_name":"Bruno Crespo","author_link":"https:\/\/bulkgenetics.com\/fr\/author\/"},"uagb_comment_info":0,"uagb_excerpt":"White Caramel offre une exp\u00e9rience de culture simple et une r\u00e9colte abondante avec des buds denses et r\u00e9sineux. Profite de son go\u00fbt sucr\u00e9 et caram\u00e9lis\u00e9 et d\u00e9tends-toi profond\u00e9ment avec son puissant effet indica. Id\u00e9ale pour ceux qui recherchent qualit\u00e9 et facilit\u00e9 dans une seule vari\u00e9t\u00e9.","_links":{"self":[{"href":"https:\/\/bulkgenetics.com\/fr\/wp-json\/wp\/v2\/product\/10582","targetHints":{"allow":["GET"]}}],"collection":[{"href":"https:\/\/bulkgenetics.com\/fr\/wp-json\/wp\/v2\/product"}],"about":[{"href":"https:\/\/bulkgenetics.com\/fr\/wp-json\/wp\/v2\/types\/product"}],"replies":[{"embeddable":true,"href":"https:\/\/bulkgenetics.com\/fr\/wp-json\/wp\/v2\/comments?post=10582"}],"wp:featuredmedia":[{"embeddable":true,"href":"https:\/\/bulkgenetics.com\/fr\/wp-json\/wp\/v2\/media\/26447"}],"wp:attachment":[{"href":"https:\/\/bulkgenetics.com\/fr\/wp-json\/wp\/v2\/media?parent=10582"}],"wp:term":[{"taxonomy":"product_brand","embeddable":true,"href":"https:\/\/bulkgenetics.com\/fr\/wp-json\/wp\/v2\/product_brand?post=10582"},{"taxonomy":"product_cat","embeddable":true,"href":"https:\/\/bulkgenetics.com\/fr\/wp-json\/wp\/v2\/product_cat?post=10582"},{"taxonomy":"product_tag","embeddable":true,"href":"https:\/\/bulkgenetics.com\/fr\/wp-json\/wp\/v2\/product_tag?post=10582"}],"curies":[{"name":"wp","href":"https:\/\/api.w.org\/{rel}","templated":true}]}}