{"id":10583,"date":"2022-10-04T17:35:45","date_gmt":"2022-10-04T15:35:45","guid":{"rendered":"https:\/\/www.bulkgenetics.com\/skunk-auto\/"},"modified":"2024-10-08T01:09:06","modified_gmt":"2024-10-07T23:09:06","slug":"skunk-auto","status":"publish","type":"product","link":"https:\/\/bulkgenetics.com\/fr\/skunk-auto\/","title":{"rendered":"Skunk Auto"},"content":{"rendered":"\n<p>Skunk Auto est notre version autofleurrissante de la vari\u00e9t\u00e9 la plus cultiv\u00e9e et la plus influente de l&#8217;histoire, sans laquelle de nombreux hybrides d&#8217;aujourd&#8217;hui seraient inconcevables.<\/p>\n\n\n\n<p>La <a href=\"https:\/\/bulkgenetics.com\/fr\/producto\/skunk-1\/\">Skunk #1<\/a> est une g\u00e9n\u00e9tique originaire des \u00c9tats-Unis, mais qui est devenue mondialement c\u00e9l\u00e8bre une fois d\u00e9velopp\u00e9e en Hollande. C&#8217;est un hybride <strong>Mexique x Colombie x Afghan<\/strong> et l&#8217;une des stars de Sensi Seeds, l&#8217;une des banques qui travaillent encore avec la lign\u00e9e originale.<\/p>\n\n\n\n<p>C&#8217;\u00e9tait l&#8217;un des premiers hybrides adapt\u00e9s \u00e0 la culture en int\u00e9rieur et elle a donn\u00e9 naissance \u00e0 des vari\u00e9t\u00e9s l\u00e9gendaires comme <strong>la Amnesia, la Jack Herer, la Diesel ou la Super Silver Haze<\/strong>. On peut dire que plus de 80% des g\u00e9n\u00e9tiques actuelles contiennent des g\u00e8nes de Skunk d&#8217;une mani\u00e8re ou d&#8217;une autre.<\/p>\n\n\n\n<h2 class=\"wp-block-heading\">Comment cultiver la <strong>Skunk Auto<\/strong><\/h2>\n\n\n\n<p>C&#8217;est l&#8217;une des plantes les plus simples \u00e0 cultiver et celle qui est le plus souvent recommand\u00e9e aux cultivateurs d\u00e9butants en raison de sa fiabilit\u00e9 et de ses bons r\u00e9sultats \u00e0 l&#8217;int\u00e9rieur comme \u00e0 l&#8217;ext\u00e9rieur. Pour les cultivateurs exp\u00e9riment\u00e9s, il s&#8217;agira probablement d&#8217;un retour aux sources.<\/p>\n\n\n\n<p><strong>\u00c0 l&#8217;ext\u00e9rieur<\/strong>, dans des conditions optimales, elle atteint une <strong>hauteur discr\u00e8te de 1 \u00e0 1,3 m\u00e8tre<\/strong>, id\u00e9ale pour les terrasses et les petits balcons, o\u00f9 elle passera inaper\u00e7ue des regards indiscrets.<\/p>\n\n\n\n<p><strong>En int\u00e9rieur<\/strong>, elle est simple \u00e0 cultiver gr\u00e2ce \u00e0 son stretch contenu. Cependant, c&#8217;est l&#8217;une des vari\u00e9t\u00e9s de cannabis dont l&#8217;odeur est la plus intense et la plus reconnaissable, ce qui rend n\u00e9cessaire l&#8217;utilisation d&#8217;un bon syst\u00e8me anti-odeur.<\/p>\n\n\n\n<p>Pour obtenir les plantes les plus grandes et les plus productives, nous vous recommandons d&#8217;utiliser un grand pot d\u00e8s le d\u00e9but. Les plantes pousseront sans \u00eatre d\u00e9rang\u00e9es pendant environ 3-4 semaines, puis commenceront \u00e0 fleurir.  <strong>En 9 semaines au total, elle peut \u00eatre r\u00e9colt\u00e9e.<\/strong><\/p>\n\n\n\n<h2 class=\"wp-block-heading\">Caract\u00e9ristiques de la Skunk Auto<\/h2>\n\n\n\n<p>Les t\u00eates sont grosses, compactes, r\u00e9sineuses et tr\u00e8s compactes, son <strong>ar\u00f4me et sa saveur<\/strong> sont c\u00e9l\u00e8bres pour leur intensit\u00e9, se classant parmi les meilleurs. Les touches terreuses, \u00e2cres et <em>skunky<\/em> sont pr\u00e9sent plus ou moins intensemment dans tous les ph\u00e9notypes. <\/p>\n\n\n\n<p>Les <strong>effets sont tr\u00e8s \u00e9quilibr\u00e9s<\/strong>, avec un high rapide, tr\u00e8s \u00e9nergique et cr\u00e9atif, et un final plus relaxant et apaisant, id\u00e9al pour ne rien faire. <\/p>\n\n\n\n<p>Les rendements sont tr\u00e8s \u00e9lev\u00e9s, les grandes plantes d&#8217;ext\u00e9rieur atteignant sans probl\u00e8me <strong>150 grammes<\/strong> par plante. En int\u00e9rieur et avec une puissance de 300-350W d&#8217;\u00e9clairage LED, il ne sera pas difficile de r\u00e9colter <strong>entre 450 et 500 grammes par m\u00b2<\/strong>.<\/p>\n\n\n\n<div style=\"height:50px\" aria-hidden=\"true\" class=\"wp-block-spacer uag-hide-mob\"><\/div>\n\n\n\n<div class=\"wp-block-columns is-layout-flex wp-container-core-columns-is-layout-28f84493 wp-block-columns-is-layout-flex\">\n<div class=\"wp-block-column is-layout-flow wp-block-column-is-layout-flow\">\n<p class=\"has-text-align-center has-medium-font-size\"><strong>Ce que nous aimons le plus<\/strong><\/p>\n\n\n\n<ul class=\"wp-block-list\">\n<li>Tr\u00e8s facile \u00e0 cultiver et r\u00e9sistante.<\/li>\n\n\n\n<li>Production abondante.<\/li>\n\n\n\n<li>Se r\u00e9colte en 63 jours.<\/li>\n\n\n\n<li>Des effets puissants et \u00e9quilibr\u00e9s.<\/li>\n\n\n\n<li>Son prix.<\/li>\n<\/ul>\n<\/div>\n\n\n\n<div class=\"wp-block-column is-layout-flow wp-block-column-is-layout-flow\">\n<p class=\"has-text-align-center has-medium-font-size\"><strong>Ce que nous aimons le moins<\/strong><\/p>\n\n\n\n<ul class=\"wp-block-list\">\n<li>Odeur intense en floraison.<\/li>\n<\/ul>\n<\/div>\n<\/div>\n\n\n\n<div style=\"height:50px\" aria-hidden=\"true\" class=\"wp-block-spacer uag-hide-mob\"><\/div>\n\n\n\n<h2 class=\"wp-block-heading\">Questions fr\u00e9quentes<\/h2>\n\n\n\n<p>Vous trouverez ci-dessous les r\u00e9ponses aux questions les plus fr\u00e9quemment pos\u00e9es par les cultivateurs int\u00e9ress\u00e9s par cette g\u00e9n\u00e9tique :<\/p>\n\n\n<div id=\"rank-math-faq\" class=\"rank-math-block\">\n<div class=\"rank-math-list \">\n<div id=\"faq-question-1663029074962\" class=\"rank-math-list-item\">\n<h3 class=\"rank-math-question \">Quand commence la floraison de la Skunk Auto en ext\u00e9rieur ?<\/h3>\n<div class=\"rank-math-answer \">\n\n<p>La p\u00e9riode de croissance est tr\u00e8s rapide et apr\u00e8s environ 3-4 semaines \u00e0 partir de la germination des graines, les plantes commencent \u00e0 fleurir.<\/p>\n\n<\/div>\n<\/div>\n<div id=\"faq-question-1663029159933\" class=\"rank-math-list-item\">\n<h3 class=\"rank-math-question \">Quand r\u00e9colter la Skunk Auto \u00e0 partir de la germination ?<\/h3>\n<div class=\"rank-math-answer \">\n\n<p>De la germination \u00e0 la r\u00e9colte en 63 jours au total.<\/p>\n\n<\/div>\n<\/div>\n<div id=\"faq-question-1663029165861\" class=\"rank-math-list-item\">\n<h3 class=\"rank-math-question \">Comment cultiver la Skunk Auto f\u00e9minis\u00e9e ?<\/h3>\n<div class=\"rank-math-answer \">\n\n<p>C&#8217;est l&#8217;une des plantes les plus faciles \u00e0 cultiver, id\u00e9ale pour les d\u00e9butants. Elle est discr\u00e9te et tr\u00e8s productive, mais tr\u00e8s odorante.<\/p>\n\n<\/div>\n<\/div>\n<div id=\"faq-question-1666780029954\" class=\"rank-math-list-item\">\n<h3 class=\"rank-math-question \">Quels sont les effets de la Skunk Auto en vrac ?<\/h3>\n<div class=\"rank-math-answer \">\n\n<p>Les effets sont puissants et \u00e9quilibr\u00e9s entre physique et c\u00e9r\u00e9bral, vous remplissant d&#8217;\u00e9nergie et de cr\u00e9ativit\u00e9, mais permettant tout de m\u00eame de se d\u00e9tendre.<\/p>\n\n<\/div>\n<\/div>\n<\/div>\n<\/div>","protected":false},"excerpt":{"rendered":"<p>Skunk Auto conserve tout le charme de la g\u00e9n\u00e9tique originale, mais concentr\u00e9e dans une plante beaucoup plus discr\u00e8te et rapide, id\u00e9ale pour les terrasses, les balcons ou les petits jardins o\u00f9 elle n&#8217;attirera pas l&#8217;attention. Il ne faut que 9 semaines de la germination \u00e0 la r\u00e9colte. Ses bourgeons sont tr\u00e8s odorants, gros, durs comme le roc et m\u00e9ga collants. Elle a une fum\u00e9e dense, <em>skunky,<\/em> \u00e2cre, terreuse et old-school, avec des effets influenc\u00e9s par ses traits sativa. Un regain d&#8217;\u00e9nergie et de cr\u00e9ativit\u00e9 envahira ton corps, id\u00e9al pour en profiter \u00e0 tout moment de la journ\u00e9e.<\/p>\n","protected":false},"featured_media":12276,"comment_status":"open","ping_status":"closed","template":"","meta":{"_acf_changed":false,"inline_featured_image":false,"_uag_custom_page_level_css":""},"product_brand":[],"product_cat":[2265,4112],"product_tag":[],"class_list":{"0":"post-10583","1":"product","2":"type-product","3":"status-publish","4":"has-post-thumbnail","6":"product_cat-graines-autofloraison-en-gros","7":"product_cat-graines-de-cannabis-a-1-euro","9":"first","10":"instock","11":"sale","12":"taxable","13":"shipping-taxable","14":"purchasable","15":"product-type-simple"},"acf":[],"uagb_featured_image_src":{"full":["https:\/\/bulkgenetics.com\/wp-content\/uploads\/2022\/10\/skunk-auto-3.jpg",1600,1600,false],"thumbnail":["https:\/\/bulkgenetics.com\/wp-content\/uploads\/2022\/10\/skunk-auto-3-150x150.jpg",150,150,true],"medium":["https:\/\/bulkgenetics.com\/wp-content\/uploads\/2022\/10\/skunk-auto-3-300x300.jpg",300,300,true],"medium_large":["https:\/\/bulkgenetics.com\/wp-content\/uploads\/2022\/10\/skunk-auto-3-768x768.jpg",768,768,true],"large":["https:\/\/bulkgenetics.com\/wp-content\/uploads\/2022\/10\/skunk-auto-3-1024x1024.jpg",1024,1024,true],"1536x1536":["https:\/\/bulkgenetics.com\/wp-content\/uploads\/2022\/10\/skunk-auto-3-1536x1536.jpg",1536,1536,true],"2048x2048":["https:\/\/bulkgenetics.com\/wp-content\/uploads\/2022\/10\/skunk-auto-3.jpg",1600,1600,false],"commercegurus-pdp-large":["https:\/\/bulkgenetics.com\/wp-content\/uploads\/2022\/10\/skunk-auto-3-990x990.jpg",990,990,true],"commercegurus-plp-mobile":["https:\/\/bulkgenetics.com\/wp-content\/uploads\/2022\/10\/skunk-auto-3-441x441.jpg",441,441,true],"cgkit_image_swatch":["https:\/\/bulkgenetics.com\/wp-content\/uploads\/2022\/10\/skunk-auto-3-100x100.jpg",100,100,true],"woocommerce_thumbnail":["https:\/\/bulkgenetics.com\/wp-content\/uploads\/2022\/10\/skunk-auto-3-300x300.jpg",300,300,true],"woocommerce_single":["https:\/\/bulkgenetics.com\/wp-content\/uploads\/2022\/10\/skunk-auto-3-800x800.jpg",800,800,true],"woocommerce_gallery_thumbnail":["https:\/\/bulkgenetics.com\/wp-content\/uploads\/2022\/10\/skunk-auto-3-150x150.jpg",150,150,true],"dgwt-wcas-product-suggestion":["https:\/\/bulkgenetics.com\/wp-content\/uploads\/2022\/10\/skunk-auto-3-64x64.jpg",64,64,true]},"uagb_author_info":{"display_name":"J\u00e9r\u00f4me","author_link":"https:\/\/bulkgenetics.com\/fr\/author\/"},"uagb_comment_info":0,"uagb_excerpt":"Skunk Auto conserve tout le charme de la g\u00e9n\u00e9tique originale, mais concentr\u00e9e dans une plante beaucoup plus discr\u00e8te et rapide, id\u00e9ale pour les terrasses, les balcons ou les petits jardins o\u00f9 elle n'attirera pas l'attention. Il ne faut que 9 semaines de la germination \u00e0 la r\u00e9colte. Ses bourgeons sont tr\u00e8s odorants, gros, durs comme\u2026","_links":{"self":[{"href":"https:\/\/bulkgenetics.com\/fr\/wp-json\/wp\/v2\/product\/10583","targetHints":{"allow":["GET"]}}],"collection":[{"href":"https:\/\/bulkgenetics.com\/fr\/wp-json\/wp\/v2\/product"}],"about":[{"href":"https:\/\/bulkgenetics.com\/fr\/wp-json\/wp\/v2\/types\/product"}],"replies":[{"embeddable":true,"href":"https:\/\/bulkgenetics.com\/fr\/wp-json\/wp\/v2\/comments?post=10583"}],"wp:featuredmedia":[{"embeddable":true,"href":"https:\/\/bulkgenetics.com\/fr\/wp-json\/wp\/v2\/media\/12276"}],"wp:attachment":[{"href":"https:\/\/bulkgenetics.com\/fr\/wp-json\/wp\/v2\/media?parent=10583"}],"wp:term":[{"taxonomy":"product_brand","embeddable":true,"href":"https:\/\/bulkgenetics.com\/fr\/wp-json\/wp\/v2\/product_brand?post=10583"},{"taxonomy":"product_cat","embeddable":true,"href":"https:\/\/bulkgenetics.com\/fr\/wp-json\/wp\/v2\/product_cat?post=10583"},{"taxonomy":"product_tag","embeddable":true,"href":"https:\/\/bulkgenetics.com\/fr\/wp-json\/wp\/v2\/product_tag?post=10583"}],"curies":[{"name":"wp","href":"https:\/\/api.w.org\/{rel}","templated":true}]}}