{"id":10584,"date":"2022-10-03T11:57:13","date_gmt":"2022-10-03T09:57:13","guid":{"rendered":"https:\/\/www.bulkgenetics.com\/banana-blaze-auto\/"},"modified":"2024-10-08T01:13:57","modified_gmt":"2024-10-07T23:13:57","slug":"banana-kush-auto","status":"publish","type":"product","link":"https:\/\/bulkgenetics.com\/fr\/banana-kush-auto\/","title":{"rendered":"Banana Kush Auto"},"content":{"rendered":"\n<p>La <strong>Banana Kush Auto<\/strong> est une merveille g\u00e9n\u00e9tique qui a captiv\u00e9 le c\u0153ur des cultivateurs du monde entier. Cette vari\u00e9t\u00e9 autoflorissante est la version la plus rapide et efficace de la <a href=\"https:\/\/bulkgenetics.com\/fr\/banana-kush\/\"><strong>Banana Kush<\/strong><\/a>, reconnue pour sa saveur exceptionnelle. Issue d&#8217;un croisement entre Banana Kush et Ruderalis, cette strain te proposera une culture si facile et productive qu&#8217;elle te laissera sans voix.<\/p>\n\n\n\n<p>Cette plante pousse avec vigueur et \u00e9l\u00e9gance, atteignant des hauteurs allant jusqu&#8217;\u00e0 1,5 m\u00e8tre dans des conditions optimales. Bien qu&#8217;elle ne soit pas une petite autoflorissante, sa structure est compacte et discr\u00e8te, id\u00e9ale pour les cultures en int\u00e9rieur comme en ext\u00e9rieur. Les t\u00eates sont grandes, lourdes et extr\u00eamement collantes, recouvertes d&#8217;une r\u00e9sine brillante qui les fait para\u00eetre enrob\u00e9es de cristal.<\/p>\n\n\n\n<h2 class=\"wp-block-heading\">Saveur et Effets<\/h2>\n\n\n\n<p>L&#8217;ar\u00f4me et la saveur sont une exp\u00e9rience sensorielle que tu n&#8217;oublieras pas de sit\u00f4t. D\u00e8s le premier moment o\u00f9 tu ouvres le bocal, un intense ar\u00f4me de banane sucr\u00e9e envahit tes sens, te transportant dans un paradis tropical. Ce profil aromatique est compl\u00e9t\u00e9 par des notes fruit\u00e9es et des touches tropicales qui rendent chaque moment avec cette strain un v\u00e9ritable d\u00e9lice pour tes papilles gustatives.<\/p>\n\n\n\n<p>La saveur de la <strong>Banana Kush Auto<\/strong> suit la m\u00eame ligne : une douce et cr\u00e9meuse saveur de banane qui t&#8217;enveloppe dans une douceur incomparable. Chaque inhalation est comme mordre dans une banane m\u00fbre, avec une touche fruit\u00e9e et tropicale qui persiste sur le palais, laissant une impression durable et d\u00e9licieuse.<\/p>\n\n\n\n<p>Quant aux effets, elle est c\u00e9l\u00e8bre pour son haut contenu en THC, qui peut atteindre jusqu&#8217;\u00e0 25%, offrant une mont\u00e9e puissante et euphorique. Cette vari\u00e9t\u00e9 est parfaite pour d\u00e9connecter en fin de journ\u00e9e, car ses effets sont profond\u00e9ment relaxants et heureux. La mont\u00e9e initiale te remplit d&#8217;une sensation de bien-\u00eatre et de joie, tandis que la relaxation corporelle t&#8217;aide \u00e0 lib\u00e9rer le stress et les tensions accumul\u00e9es. Avec un faible contenu en CBD (&lt;1%), la <strong>Banana Kush Auto<\/strong> se concentre sur la fourniture d&#8217;une exp\u00e9rience principalement psychoactive, id\u00e9ale pour ceux qui recherchent un effet puissant et plaisant.<\/p>\n\n\n\n<h3 class=\"wp-block-heading\">Terp\u00e8nes de la Banana Kush Auto<\/h3>\n\n\n\n<p>Le terp\u00e8ne dominant dans la <strong>Banana Kush Auto<\/strong> est le <strong>limon\u00e8ne<\/strong>, qui apporte une touche citronn\u00e9e et est connu pour ses propri\u00e9t\u00e9s \u00e9l\u00e9vatrices de l&#8217;humeur et de r\u00e9duction du stress. Le <strong>myrc\u00e8ne<\/strong>, avec ses notes terreuses et musqu\u00e9es, contribue \u00e0 une relaxation profonde et est efficace pour soulager la douleur et les inflammations.<\/p>\n\n\n\n<p>Un autre terp\u00e8ne important dans cette vari\u00e9t\u00e9 est le <strong>b\u00eata-caryophyll\u00e8ne<\/strong>, qui ajoute une touche \u00e9pic\u00e9e et est connu pour ses propri\u00e9t\u00e9s anti-inflammatoires et analg\u00e9siques. La pr\u00e9sence de <strong>linalol<\/strong>, avec son doux ar\u00f4me floral, renforce la relaxation et aide \u00e0 combattre l&#8217;anxi\u00e9t\u00e9 et le stress.<\/p>\n\n\n\n<p>De plus, la <strong>Banana Kush Auto<\/strong> contient de <strong>l&#8217;humul\u00e8ne<\/strong>, qui contribue avec ses notes herbac\u00e9es et ses effets suppresseurs de l&#8217;app\u00e9tit, et du <strong>terpinol\u00e8ne<\/strong>, qui ajoute un ar\u00f4me frais et floral, connu pour ses propri\u00e9t\u00e9s antioxydantes et s\u00e9datives.<\/p>\n\n\n\n<h2 class=\"wp-block-heading\">Production et Temps de Floraison<\/h2>\n\n\n\n<p>La <strong>Banana Kush Auto<\/strong> est un choix exceptionnel tant pour les cultivateurs en int\u00e9rieur qu&#8217;en ext\u00e9rieur, gr\u00e2ce \u00e0 son rendement g\u00e9n\u00e9reux et \u00e0 son cycle de vie rapide. En culture int\u00e9rieure, la <strong>Banana Kush Auto<\/strong> peut produire entre <strong>450 et 550 grammes par m\u00e8tre carr\u00e9<\/strong>. Son temps de floraison est d&#8217;environ <strong>8 \u00e0 10 semaines<\/strong>, ce qui en fait un excellent choix pour ceux qui recherchent plusieurs r\u00e9coltes par an. Avec une structure compacte mais robuste, cette plante maximise l&#8217;espace de culture et s&#8217;adapte bien aux techniques telles que le SCROG (Screen of Green) pour optimiser la production.<\/p>\n\n\n\n<p>En ext\u00e9rieur, la <strong>Banana Kush Auto<\/strong> brille \u00e9galement par son rendement. Elle peut atteindre une hauteur de <strong>1 \u00e0 1,5 m\u00e8tres<\/strong>, et produire entre <strong>100 et 150 grammes par plante<\/strong>. La p\u00e9riode id\u00e9ale pour la cultiver en plein air est du d\u00e9but du printemps \u00e0 la mi-\u00e9t\u00e9, permettant jusqu&#8217;\u00e0 <strong>2-3 r\u00e9coltes cons\u00e9cutives<\/strong> avant l&#8217;arriv\u00e9e de l&#8217;automne. Cela est d\u00fb \u00e0 son cycle de vie complet rapide, qui va de la germination \u00e0 la r\u00e9colte en seulement <strong>75 \u00e0 90 jours<\/strong>.<\/p>\n\n\n\n<h2 class=\"wp-block-heading\">Comment Cultiver la Banana Kush Auto<\/h2>\n\n\n\n<p>La <strong>Banana Kush Auto<\/strong> est une plante extr\u00eamement facile \u00e0 cultiver, ce qui en fait un excellent choix tant pour les cultivateurs d\u00e9butants que pour ceux ayant plus d&#8217;exp\u00e9rience. Gr\u00e2ce \u00e0 sa nature autoflorissante, elle ne n\u00e9cessite pas de changements dans le cycle de lumi\u00e8re pour commencer \u00e0 fleurir, simplifiant grandement le processus de culture.<\/p>\n\n\n\n<p>Pour obtenir les meilleurs r\u00e9sultats, nous recommandons de cultiver la <strong>Banana Kush Auto<\/strong> dans un climat chaud et ensoleill\u00e9. Cette strain prosp\u00e8re \u00e0 des temp\u00e9ratures comprises entre 20\u00b0C et 30\u00b0C. En int\u00e9rieur, il est crucial de maintenir un environnement contr\u00f4l\u00e9 avec une bonne circulation d&#8217;air et des niveaux d&#8217;humidit\u00e9 ad\u00e9quats. En ext\u00e9rieur, choisis un endroit o\u00f9 les plantes re\u00e7oivent de nombreuses heures de soleil direct pour maximiser leur potentiel.<\/p>\n\n\n\n<p>Un des grands avantages de la <strong>Banana Kush Auto<\/strong> est sa r\u00e9sistance aux parasites et aux maladies. Cependant, il est toujours recommand\u00e9 de garder un \u0153il attentif et d&#8217;appliquer des traitements pr\u00e9ventifs lorsque cela est n\u00e9cessaire. Utiliser des nutriments organiques et solides peut aider \u00e0 maintenir les plantes en bonne sant\u00e9 et \u00e0 renforcer leur r\u00e9sistance naturelle.<\/p>\n\n\n\n<div style=\"height:50px\" aria-hidden=\"true\" class=\"wp-block-spacer uag-hide-mob\"><\/div>\n\n\n\n<div class=\"wp-block-columns is-layout-flex wp-container-core-columns-is-layout-28f84493 wp-block-columns-is-layout-flex\">\n<div class=\"wp-block-column is-layout-flow wp-block-column-is-layout-flow\">\n<p class=\"has-text-align-center has-medium-font-size\"><strong>Ce que nous aimons le plus<\/strong><\/p>\n\n\n\n<ul class=\"wp-block-list\">\n<li>Tr\u00e8s facile \u00e0 cultiver, id\u00e9al pour les d\u00e9butants.<\/li>\n\n\n\n<li>R\u00e9colte en seulement 10 semaines.<\/li>\n\n\n\n<li>D\u00e9licieuse saveur de banane sucr\u00e9e.<\/li>\n\n\n\n<li>Effets relaxants et heureux.<\/li>\n\n\n\n<li>Haute r\u00e9sistance aux parasites et aux maladies.<\/li>\n<\/ul>\n<\/div>\n\n\n\n<div class=\"wp-block-column is-layout-flow wp-block-column-is-layout-flow\">\n<p class=\"has-text-align-center has-medium-font-size\"><strong>Ce que nous aimons le moins<\/strong><\/p>\n\n\n\n<ul class=\"wp-block-list\">\n<li>Sensible aux doses \u00e9lev\u00e9es d&#8217;engrais.<\/li>\n\n\n\n<li>Ce n&#8217;est pas la strain la plus discr\u00e8te en termes d&#8217;odeur.<\/li>\n<\/ul>\n<\/div>\n<\/div>\n\n\n\n<div style=\"height:50px\" aria-hidden=\"true\" class=\"wp-block-spacer uag-hide-mob\"><\/div>\n\n\n\n<h2 class=\"wp-block-heading\">Questions Fr\u00e9quentes<\/h2>\n\n\n\n<p>Ci-dessous, tu trouveras les r\u00e9ponses aux questions les plus fr\u00e9quentes pos\u00e9es par les cultivateurs int\u00e9ress\u00e9s par cette g\u00e9n\u00e9tique :<\/p>\n\n\n<div id=\"rank-math-faq\" class=\"rank-math-block\">\n<div class=\"rank-math-list \">\n<div id=\"faq-question-1722238334429\" class=\"rank-math-list-item\">\n<h3 class=\"rank-math-question \">La Banana Kush Auto est-elle sativa ou indica ?<\/h3>\n<div class=\"rank-math-answer \">\n\n<p>La <strong>Banana Kush Auto<\/strong> est majoritairement indica. En g\u00e9n\u00e9ral, les vari\u00e9t\u00e9s indica procurent une sensation de relaxation profonde et des effets corporels intenses, id\u00e9ales pour la fin de journ\u00e9e. D&#8217;un autre c\u00f4t\u00e9, les sativas offrent g\u00e9n\u00e9ralement un effet plus \u00e9nergisant et c\u00e9r\u00e9bral, adapt\u00e9 \u00e0 la journ\u00e9e. La <strong>Banana Kush Auto<\/strong> combine le meilleur des deux mondes avec une mont\u00e9e de bonheur suivie d&#8217;une relaxation corporelle.<\/p>\n\n<\/div>\n<\/div>\n<div id=\"faq-question-1722238335508\" class=\"rank-math-list-item\">\n<h3 class=\"rank-math-question \">Quel est le croisement de la Banana Kush Auto ?<\/h3>\n<div class=\"rank-math-answer \">\n\n<p>La <strong>Banana Kush Auto<\/strong> est le r\u00e9sultat du croisement entre <em>Banana Kush<\/em> et <em>Ruderalis<\/em>, ce qui lui conf\u00e8re son caract\u00e8re autoflorissant et ses caract\u00e9ristiques exceptionnelles.<\/p>\n\n<\/div>\n<\/div>\n<div id=\"faq-question-1663029074962\" class=\"rank-math-list-item\">\n<h3 class=\"rank-math-question \">Quand commence la floraison de la Banana Kush Auto en ext\u00e9rieur ?<\/h3>\n<div class=\"rank-math-answer \">\n\n<p>La <strong>Banana Kush Auto<\/strong> commence sa floraison environ 3 \u00e0 4 semaines apr\u00e8s la germination. Pendant cette p\u00e9riode, les plantes atteignent leur hauteur maximale pour maximiser la production de t\u00eates.<\/p>\n\n<\/div>\n<\/div>\n<div id=\"faq-question-1663029159933\" class=\"rank-math-list-item\">\n<h3 class=\"rank-math-question \">Combien de temps faut-il pour r\u00e9colter une Banana Kush Auto depuis sa germination ?<\/h3>\n<div class=\"rank-math-answer \">\n\n<p>La <strong>Banana Kush Auto<\/strong> est une plante tr\u00e8s rapide. De la germination \u00e0 la r\u00e9colte, le processus complet prend environ 70 \u00e0 75 jours.<\/p>\n\n<\/div>\n<\/div>\n<div id=\"faq-question-1663029165861\" class=\"rank-math-list-item\">\n<h3 class=\"rank-math-question \">Comment cultiver une Banana Kush Auto f\u00e9minis\u00e9e ?<\/h3>\n<div class=\"rank-math-answer \">\n\n<p>La <strong>Banana Kush Auto<\/strong> est extr\u00eamement facile \u00e0 cultiver. Elle pr\u00e9f\u00e8re les grands pots d\u00e8s le d\u00e9but pour \u00e9viter le stress du repiquage. Elle est sensible aux doses \u00e9lev\u00e9es d&#8217;engrais, c&#8217;est pourquoi nous recommandons d&#8217;utiliser des nutriments organiques et solides qui se lib\u00e8rent lentement dans le substrat.<\/p>\n\n<\/div>\n<\/div>\n<div id=\"faq-question-1666780029954\" class=\"rank-math-list-item\">\n<h3 class=\"rank-math-question \">Quels sont les effets de la Banana Kush Auto en vrac ?<\/h3>\n<div class=\"rank-math-answer \">\n\n<p>Les effets de la <strong>Banana Kush Auto<\/strong> sont intenses et combinent une sensation de bonheur avec une relaxation corporelle profonde. Elle est parfaite pour se d\u00e9connecter \u00e0 la fin de la journ\u00e9e, procurant une mont\u00e9e de bien-\u00eatre et de joie suivie d&#8217;une relaxation qui aide \u00e0 lib\u00e9rer le stress.<\/p>\n\n<\/div>\n<\/div>\n<div id=\"faq-question-1722238454122\" class=\"rank-math-list-item\">\n<h3 class=\"rank-math-question \">Quel est le go\u00fbt de la Banana Kush Auto ?<\/h3>\n<div class=\"rank-math-answer \">\n\n<p>Le go\u00fbt de la <strong>Banana Kush Auto<\/strong> est une saveur douce et cr\u00e9meuse de banane, avec des touches fruit\u00e9es et tropicales qui ravissent le palais \u00e0 chaque inhalation.<\/p>\n\n<\/div>\n<\/div>\n<div id=\"faq-question-1722238459656\" class=\"rank-math-list-item\">\n<h3 class=\"rank-math-question \">Quel est le contenu en cannabino\u00efdes de la Banana Kush Auto ?<\/h3>\n<div class=\"rank-math-answer \">\n\n<p>La <strong>Banana Kush Auto<\/strong> a une teneur \u00e9lev\u00e9e en THC, qui peut atteindre jusqu&#8217;\u00e0 25%, et une faible teneur en CBD, inf\u00e9rieure \u00e0 1%.<\/p>\n\n<\/div>\n<\/div>\n<\/div>\n<\/div>","protected":false},"excerpt":{"rendered":"<p><b>Banana Kush Auto<\/b> est le choix parfait pour ceux qui recherchent une exp\u00e9rience sensorielle in\u00e9gal\u00e9e et une <strong>r\u00e9colte rapide et abondante<\/strong>. Profitez de son d\u00e9licieux <strong>go\u00fbt de banane sucr\u00e9e et de ses effets relaxants et heureux<\/strong>, id\u00e9aux pour d\u00e9connecter en fin de journ\u00e9e. Cultivez avec facilit\u00e9 et obtenez des r\u00e9sultats extraordinaires !<\/p>\n","protected":false},"featured_media":22939,"comment_status":"open","ping_status":"closed","template":"","meta":{"_acf_changed":false,"inline_featured_image":false,"_uag_custom_page_level_css":""},"product_brand":[],"product_cat":[2265],"product_tag":[],"class_list":{"0":"post-10584","1":"product","2":"type-product","3":"status-publish","4":"has-post-thumbnail","6":"product_cat-graines-autofloraison-en-gros","8":"first","9":"instock","10":"taxable","11":"shipping-taxable","12":"purchasable","13":"product-type-simple"},"acf":[],"uagb_featured_image_src":{"full":["https:\/\/bulkgenetics.com\/wp-content\/uploads\/2022\/10\/banana-kush-auto.jpg",1600,1600,false],"thumbnail":["https:\/\/bulkgenetics.com\/wp-content\/uploads\/2022\/10\/banana-kush-auto-150x150.jpg",150,150,true],"medium":["https:\/\/bulkgenetics.com\/wp-content\/uploads\/2022\/10\/banana-kush-auto-300x300.jpg",300,300,true],"medium_large":["https:\/\/bulkgenetics.com\/wp-content\/uploads\/2022\/10\/banana-kush-auto-768x768.jpg",768,768,true],"large":["https:\/\/bulkgenetics.com\/wp-content\/uploads\/2022\/10\/banana-kush-auto-1024x1024.jpg",1024,1024,true],"1536x1536":["https:\/\/bulkgenetics.com\/wp-content\/uploads\/2022\/10\/banana-kush-auto-1536x1536.jpg",1536,1536,true],"2048x2048":["https:\/\/bulkgenetics.com\/wp-content\/uploads\/2022\/10\/banana-kush-auto.jpg",1600,1600,false],"commercegurus-pdp-large":["https:\/\/bulkgenetics.com\/wp-content\/uploads\/2022\/10\/banana-kush-auto-990x990.jpg",990,990,true],"commercegurus-plp-mobile":["https:\/\/bulkgenetics.com\/wp-content\/uploads\/2022\/10\/banana-kush-auto-441x441.jpg",441,441,true],"cgkit_image_swatch":["https:\/\/bulkgenetics.com\/wp-content\/uploads\/2022\/10\/banana-kush-auto-100x100.jpg",100,100,true],"woocommerce_thumbnail":["https:\/\/bulkgenetics.com\/wp-content\/uploads\/2022\/10\/banana-kush-auto-300x300.jpg",300,300,true],"woocommerce_single":["https:\/\/bulkgenetics.com\/wp-content\/uploads\/2022\/10\/banana-kush-auto-800x800.jpg",800,800,true],"woocommerce_gallery_thumbnail":["https:\/\/bulkgenetics.com\/wp-content\/uploads\/2022\/10\/banana-kush-auto-150x150.jpg",150,150,true],"dgwt-wcas-product-suggestion":["https:\/\/bulkgenetics.com\/wp-content\/uploads\/2022\/10\/banana-kush-auto-64x64.jpg",64,64,true]},"uagb_author_info":{"display_name":"Bruno Crespo","author_link":"https:\/\/bulkgenetics.com\/fr\/author\/"},"uagb_comment_info":0,"uagb_excerpt":"Banana Kush Auto est le choix parfait pour ceux qui recherchent une exp\u00e9rience sensorielle in\u00e9gal\u00e9e et une r\u00e9colte rapide et abondante. Profitez de son d\u00e9licieux go\u00fbt de banane sucr\u00e9e et de ses effets relaxants et heureux, id\u00e9aux pour d\u00e9connecter en fin de journ\u00e9e. Cultivez avec facilit\u00e9 et obtenez des r\u00e9sultats extraordinaires !","_links":{"self":[{"href":"https:\/\/bulkgenetics.com\/fr\/wp-json\/wp\/v2\/product\/10584","targetHints":{"allow":["GET"]}}],"collection":[{"href":"https:\/\/bulkgenetics.com\/fr\/wp-json\/wp\/v2\/product"}],"about":[{"href":"https:\/\/bulkgenetics.com\/fr\/wp-json\/wp\/v2\/types\/product"}],"replies":[{"embeddable":true,"href":"https:\/\/bulkgenetics.com\/fr\/wp-json\/wp\/v2\/comments?post=10584"}],"wp:featuredmedia":[{"embeddable":true,"href":"https:\/\/bulkgenetics.com\/fr\/wp-json\/wp\/v2\/media\/22939"}],"wp:attachment":[{"href":"https:\/\/bulkgenetics.com\/fr\/wp-json\/wp\/v2\/media?parent=10584"}],"wp:term":[{"taxonomy":"product_brand","embeddable":true,"href":"https:\/\/bulkgenetics.com\/fr\/wp-json\/wp\/v2\/product_brand?post=10584"},{"taxonomy":"product_cat","embeddable":true,"href":"https:\/\/bulkgenetics.com\/fr\/wp-json\/wp\/v2\/product_cat?post=10584"},{"taxonomy":"product_tag","embeddable":true,"href":"https:\/\/bulkgenetics.com\/fr\/wp-json\/wp\/v2\/product_tag?post=10584"}],"curies":[{"name":"wp","href":"https:\/\/api.w.org\/{rel}","templated":true}]}}