{"id":10587,"date":"2022-10-04T16:50:10","date_gmt":"2022-10-04T14:50:10","guid":{"rendered":"https:\/\/www.bulkgenetics.com\/lemon-skunk-auto\/"},"modified":"2024-10-08T01:13:49","modified_gmt":"2024-10-07T23:13:49","slug":"lemon-skunk-auto","status":"publish","type":"product","link":"https:\/\/bulkgenetics.com\/fr\/lemon-skunk-auto\/","title":{"rendered":"Lemon Skunk Auto"},"content":{"rendered":"\n<p><strong>Lemon Skunk Auto<\/strong> est une autofloraison rapide, tr\u00e8s productive et tout le monde l&#8217;aime, surtout ceux qui aiment les saveurs d&#8217;agrumes et de citron.<\/p>\n\n\n\n<p>C&#8217;est notre version rapide de la <a href=\"https:\/\/bulkgenetics.com\/fr\/lemon-skunk\/\">Lemon Skunk<\/a>, un hybride \u00e0 dominance Sativa qui combine deux lign\u00e9es <a href=\"https:\/\/bulkgenetics.com\/fr\/skunk-1\/\"><strong>Skunk<\/strong><\/a>  . L&#8217;une d&#8217;entre elles est la Las Vegas Lemon Skunk, tandis que l&#8217;origine de l&#8217;autre est quelque peu inconnue.<\/p>\n\n\n\n<p>C&#8217;est une vari\u00e9t\u00e9 travaill\u00e9e par des banques telles que DNA, Greenhouse ou Bulk Seeds, entre autres. La diff\u00e9rence est que nos graines de cannabis en vrac sont les moins ch\u00e8res.<\/p>\n\n\n\n<h2 class=\"wp-block-heading\">Comment cultiver la Lemon Skunk Auto<\/h2>\n\n\n\n<p>C&#8217;est la plante typique que l&#8217;on recommande \u00e0 tout d\u00e9butant. Comme une bonne lign\u00e9e de Skunk, elle est tr\u00e8s facile \u00e0 cultiver et r\u00e9sistante dans n&#8217;importe quel climat. <strong>Elle atteint une hauteur maximale de 110 cm<\/strong>, ce qui le rend tr\u00e8s discr\u00e8te et id\u00e9ale pour les terrasses ou les balcons.<\/p>\n\n\n\n<p>Pour obtenir une production maximale, il faut obtenir les plus grandes plantes. Les cultivateurs optent g\u00e9n\u00e9ralement pour un grand pot d\u00e8s le premier jour. Cela \u00e9vite le rempotage, \u00e0 laquelle de nombreuses plantes r\u00e9agissent par un ralentissement de leur d\u00e9veloppement.<\/p>\n\n\n\n<p>\u00c0 partir du moment o\u00f9 les graines sont mises \u00e0 germer, vous devrez<strong> attendre que 9 semaines avant de pouvoir r\u00e9colter<\/strong>. Comme elle est tr\u00e8s rapide, il est possible de faire jusqu&#8217;\u00e0 trois r\u00e9coltes cons\u00e9cutives du d\u00e9but du printemps au d\u00e9but de l&#8217;automne.<\/p>\n\n\n\n<h2 class=\"wp-block-heading\">Caract\u00e9ristiques de la Lemon Skunk Auto<\/h2>\n\n\n\n<p>Les t\u00eates sont spectaculaire. Elles sont grosses, tr\u00e8s dures et incroyablement r\u00e9sineuses. Son odeur est intense et \u00e0 l&#8217;int\u00e9rieur, un bon syst\u00e8me anti-odeur sera n\u00e9cessaire pour \u00e9viter d&#8217;\u00e9ventuels probl\u00e8mes.<\/p>\n\n\n\n<p>L&#8217;ar\u00f4me et le go\u00fbt peuvent \u00eatre d\u00e9finis comme <em>skunky <\/em>citronn\u00e9, avec <strong>des notes fra\u00eeches, piquantes et sucr\u00e9es<\/strong>. Les saveurs collent au palais et vous percevrez longtemps un arri\u00e8re-go\u00fbt d&#8217;agrumes particuli\u00e8rement savoureux.<\/p>\n\n\n\n<p>Les <strong>effets sont puissants<\/strong>, la g\u00e9n\u00e9tique typique pour se sentir bien, comme si vous entriez dans un monde de bonheur o\u00f9 tout n&#8217;est qu&#8217;amusement.<\/p>\n\n\n\n<p>La production compte tenu de sa taille discr\u00e8te est tr\u00e8s \u00e9lev\u00e9e. Les plantes qui poussent le plus haut en ext\u00e9rieur atteindront <strong>150 grammes par plante<\/strong>. En int\u00e9rieur, avec une LED de 300-350 W, n&#8217;importe qui pourra r\u00e9colter jusqu&#8217;\u00e0 <strong>550 grammes par m\u00b2<\/strong>.<\/p>\n\n\n\n<div style=\"height:50px\" aria-hidden=\"true\" class=\"wp-block-spacer uag-hide-mob\"><\/div>\n\n\n\n<div class=\"wp-block-columns is-layout-flex wp-container-core-columns-is-layout-28f84493 wp-block-columns-is-layout-flex\">\n<div class=\"wp-block-column is-layout-flow wp-block-column-is-layout-flow\">\n<p class=\"has-text-align-center has-medium-font-size\"><strong>Ce que nous aimons le plus<\/strong><\/p>\n\n\n\n<ul class=\"wp-block-list\">\n<li>Tr\u00e8s facile \u00e0 cultiver et r\u00e9sistante.<\/li>\n\n\n\n<li>Production abondante.<\/li>\n\n\n\n<li>R\u00e9colte en seulement 9 semaines.<\/li>\n\n\n\n<li>Intense saveur de citron.<\/li>\n\n\n\n<li>Des effets tr\u00e8s heureux et positifs.<\/li>\n\n\n\n<li>Son prix.<\/li>\n<\/ul>\n<\/div>\n\n\n\n<div class=\"wp-block-column is-layout-flow wp-block-column-is-layout-flow\">\n<p class=\"has-text-align-center has-medium-font-size\"><strong>Ce que nous aimons le moins<\/strong><\/p>\n\n\n\n<ul class=\"wp-block-list\">\n<li>Odeur intense en floraison.<\/li>\n<\/ul>\n<\/div>\n<\/div>\n\n\n\n<div style=\"height:50px\" aria-hidden=\"true\" class=\"wp-block-spacer uag-hide-mob\"><\/div>\n\n\n\n<h2 class=\"wp-block-heading\">Questions fr\u00e9quentes<\/h2>\n\n\n\n<p>Vous trouverez ci-dessous les r\u00e9ponses aux questions les plus courantes pos\u00e9es par les cultivateurs int\u00e9ress\u00e9s par ces graines en vrac :<\/p>\n\n\n<div id=\"rank-math-faq\" class=\"rank-math-block\">\n<div class=\"rank-math-list \">\n<div id=\"faq-question-1663029074962\" class=\"rank-math-list-item\">\n<h3 class=\"rank-math-question \">Quand commence la floraison de la Lemon Skunk Auto  ?<\/h3>\n<div class=\"rank-math-answer \">\n\n<p>La p\u00e9riode de croissance est tr\u00e8s rapide et les plantes commenceront \u00e0 fleurir en 3-4 semaines.<\/p>\n\n<\/div>\n<\/div>\n<div id=\"faq-question-1663029159933\" class=\"rank-math-list-item\">\n<h3 class=\"rank-math-question \">Quand r\u00e9colter la Lemon Skunk Auto apr\u00e8s la germination ?<\/h3>\n<div class=\"rank-math-answer \">\n\n<p>C&#8217;est une vari\u00e9t\u00e9 de cannabis autofloraison tr\u00e8s rapide qui se r\u00e9colte en 9 semaines au total.<\/p>\n\n<\/div>\n<\/div>\n<div id=\"faq-question-1663029165861\" class=\"rank-math-list-item\">\n<h3 class=\"rank-math-question \">Comment cultiver la Lemon Skunk Auto f\u00e9minis\u00e9e ?<\/h3>\n<div class=\"rank-math-answer \">\n\n<p>Comme une bonne Skunk, elle est facile \u00e0 cultiver et tr\u00e8s r\u00e9sistante. Utilisez un grand pot d\u00e8s le premier jour pour \u00e9viter le rempotage. Les plantes seront plus grandes et plus productives.<\/p>\n\n<\/div>\n<\/div>\n<div id=\"faq-question-1666780029954\" class=\"rank-math-list-item\">\n<h3 class=\"rank-math-question \">Quels sont les effets de Lemon Skunk Auto en vrac ?<\/h3>\n<div class=\"rank-math-answer \">\n\n<p>Les effets sont puissants, \u00e9nergiques, tr\u00e8s positifs et vous feront rire sans arr\u00eat.<\/p>\n\n<\/div>\n<\/div>\n<\/div>\n<\/div>","protected":false},"excerpt":{"rendered":"<p>Lemon Skunk Auto est la version rapide de Lemon Skunk, un hybride \u00e0 dominance Sativa qui combine deux lign\u00e9es de Skunk. C&#8217;est une plante tr\u00e8s facile \u00e0 cultiver, avec une taille discr\u00e8te et un cycle tr\u00e8s court. Il ne faut que 9 semaines de la germination \u00e0 la r\u00e9colte. Elle produit des t\u00eates centrales \u00e9normes, tr\u00e8s collantes, avec un ar\u00f4me intense de citron acide accompagn\u00e9 de touches tr\u00e8s <em>skunky <\/em>. Les effets sont tr\u00e8s puissants et \u00e9quilibr\u00e9s, vous remarquerez comment votre esprit se remplit d&#8217;\u00e9nergie et votre corps tombe dans une relaxation progressive sans devenir lourd.<\/p>\n<div id=\"shoptimizer-modals-wrapper\">\n<div class=\"commercekit-wishlist\">\u00a0<\/div>\n<\/div>\n","protected":false},"featured_media":11737,"comment_status":"open","ping_status":"closed","template":"","meta":{"_acf_changed":false,"inline_featured_image":false,"_uag_custom_page_level_css":""},"product_brand":[],"product_cat":[2265],"product_tag":[],"class_list":{"0":"post-10587","1":"product","2":"type-product","3":"status-publish","4":"has-post-thumbnail","6":"product_cat-graines-autofloraison-en-gros","8":"first","9":"instock","10":"taxable","11":"shipping-taxable","12":"purchasable","13":"product-type-simple"},"acf":[],"uagb_featured_image_src":{"full":["https:\/\/bulkgenetics.com\/wp-content\/uploads\/2022\/10\/lemon-skunk-auto.jpg",1600,1600,false],"thumbnail":["https:\/\/bulkgenetics.com\/wp-content\/uploads\/2022\/10\/lemon-skunk-auto-150x150.jpg",150,150,true],"medium":["https:\/\/bulkgenetics.com\/wp-content\/uploads\/2022\/10\/lemon-skunk-auto-300x300.jpg",300,300,true],"medium_large":["https:\/\/bulkgenetics.com\/wp-content\/uploads\/2022\/10\/lemon-skunk-auto-768x768.jpg",768,768,true],"large":["https:\/\/bulkgenetics.com\/wp-content\/uploads\/2022\/10\/lemon-skunk-auto-1024x1024.jpg",1024,1024,true],"1536x1536":["https:\/\/bulkgenetics.com\/wp-content\/uploads\/2022\/10\/lemon-skunk-auto-1536x1536.jpg",1536,1536,true],"2048x2048":["https:\/\/bulkgenetics.com\/wp-content\/uploads\/2022\/10\/lemon-skunk-auto.jpg",1600,1600,false],"commercegurus-pdp-large":["https:\/\/bulkgenetics.com\/wp-content\/uploads\/2022\/10\/lemon-skunk-auto-990x990.jpg",990,990,true],"commercegurus-plp-mobile":["https:\/\/bulkgenetics.com\/wp-content\/uploads\/2022\/10\/lemon-skunk-auto-441x441.jpg",441,441,true],"cgkit_image_swatch":["https:\/\/bulkgenetics.com\/wp-content\/uploads\/2022\/10\/lemon-skunk-auto-100x100.jpg",100,100,true],"woocommerce_thumbnail":["https:\/\/bulkgenetics.com\/wp-content\/uploads\/2022\/10\/lemon-skunk-auto-300x300.jpg",300,300,true],"woocommerce_single":["https:\/\/bulkgenetics.com\/wp-content\/uploads\/2022\/10\/lemon-skunk-auto-800x800.jpg",800,800,true],"woocommerce_gallery_thumbnail":["https:\/\/bulkgenetics.com\/wp-content\/uploads\/2022\/10\/lemon-skunk-auto-150x150.jpg",150,150,true],"dgwt-wcas-product-suggestion":["https:\/\/bulkgenetics.com\/wp-content\/uploads\/2022\/10\/lemon-skunk-auto-64x64.jpg",64,64,true]},"uagb_author_info":{"display_name":"J\u00e9r\u00f4me","author_link":"https:\/\/bulkgenetics.com\/fr\/author\/"},"uagb_comment_info":0,"uagb_excerpt":"Lemon Skunk Auto est la version rapide de Lemon Skunk, un hybride \u00e0 dominance Sativa qui combine deux lign\u00e9es de Skunk. C'est une plante tr\u00e8s facile \u00e0 cultiver, avec une taille discr\u00e8te et un cycle tr\u00e8s court. Il ne faut que 9 semaines de la germination \u00e0 la r\u00e9colte. Elle produit des t\u00eates centrales \u00e9normes,\u2026","_links":{"self":[{"href":"https:\/\/bulkgenetics.com\/fr\/wp-json\/wp\/v2\/product\/10587","targetHints":{"allow":["GET"]}}],"collection":[{"href":"https:\/\/bulkgenetics.com\/fr\/wp-json\/wp\/v2\/product"}],"about":[{"href":"https:\/\/bulkgenetics.com\/fr\/wp-json\/wp\/v2\/types\/product"}],"replies":[{"embeddable":true,"href":"https:\/\/bulkgenetics.com\/fr\/wp-json\/wp\/v2\/comments?post=10587"}],"wp:featuredmedia":[{"embeddable":true,"href":"https:\/\/bulkgenetics.com\/fr\/wp-json\/wp\/v2\/media\/11737"}],"wp:attachment":[{"href":"https:\/\/bulkgenetics.com\/fr\/wp-json\/wp\/v2\/media?parent=10587"}],"wp:term":[{"taxonomy":"product_brand","embeddable":true,"href":"https:\/\/bulkgenetics.com\/fr\/wp-json\/wp\/v2\/product_brand?post=10587"},{"taxonomy":"product_cat","embeddable":true,"href":"https:\/\/bulkgenetics.com\/fr\/wp-json\/wp\/v2\/product_cat?post=10587"},{"taxonomy":"product_tag","embeddable":true,"href":"https:\/\/bulkgenetics.com\/fr\/wp-json\/wp\/v2\/product_tag?post=10587"}],"curies":[{"name":"wp","href":"https:\/\/api.w.org\/{rel}","templated":true}]}}