{"id":10588,"date":"2022-10-03T11:59:55","date_gmt":"2022-10-03T09:59:55","guid":{"rendered":"https:\/\/www.bulkgenetics.com\/banana-purple-punch-auto\/"},"modified":"2024-10-08T01:13:57","modified_gmt":"2024-10-07T23:13:57","slug":"banana-purple-punch-auto","status":"publish","type":"product","link":"https:\/\/bulkgenetics.com\/fr\/banana-purple-punch-auto\/","title":{"rendered":"Banana Purple Punch Auto"},"content":{"rendered":"\n<p>La <strong>Banana Purple Punch Auto<\/strong> est le joyau exotique que vous recherchiez pour votre jardin ou votre armoire de culture. Cette vari\u00e9t\u00e9 est la version \u00e0 floraison rapide de la c\u00e9l\u00e8bre <a href=\"https:\/\/bulkgenetics.com\/fr\/banana-punch\/\"><strong>Banana Punch<\/strong><\/a>, un m\u00e9lange l\u00e9gendaire de <strong>Banana OG<\/strong> et <a href=\"https:\/\/bulkgenetics.com\/fr\/purple-punch\/\"><strong>Purple Punch<\/strong><\/a>, deux v\u00e9ritables tr\u00e9sors de la c\u00f4te ouest des \u00c9tats-Unis. Gr\u00e2ce \u00e0 la combinaison avec une Ruderalis, tout le charme qui a fait de cette g\u00e9n\u00e9tique un succ\u00e8s retentissant dans des banques comme FastBuds ou Barney\u2019s Farm a \u00e9t\u00e9 pr\u00e9serv\u00e9.<\/p>\n\n\n\n<p><strong>Banana Purple Punch Auto<\/strong> est une plante discr\u00e8te, parfaite pour les terrasses ou les balcons gr\u00e2ce \u00e0 sa taille compacte qui ne d\u00e9passe pas un m\u00e8tre de hauteur. Sa structure pyramidale et compacte est typique des Indicas, avec des entren\u0153uds courts, une apicale \u00e9paisse et de nombreuses branches satellites qui s&#8217;av\u00e8rent tr\u00e8s productives. Les t\u00eates sont un v\u00e9ritable spectacle visuel. Grandes et compactes, elles pr\u00e9sentent une couleur pourpre frappante qui contraste avec la couche brillante de trichomes qui les recouvre.<\/p>\n\n\n\n<h2 class=\"wp-block-heading\">Saveur et Effets<\/h2>\n\n\n\n<p>Les fleurs d\u00e9gagent un ar\u00f4me qui vous transporte dans un march\u00e9 tropical : banane m\u00fbre, citron frais, ananas et fruits rouges se m\u00ealent \u00e0 des touches terreuses, cr\u00e9ant une exp\u00e9rience olfactive unique et irr\u00e9sistible.<\/p>\n\n\n\n<p>En la go\u00fbtant, la saveur est un voyage sensoriel. Imaginez d\u00e9guster un dessert exotique avec des notes de banane m\u00fbre et de citron, combin\u00e9es \u00e0 la douceur de l&#8217;ananas et des fruits rouges, le tout avec un fond terreux qui ajoute de la profondeur. C&#8217;est une combinaison qui fera de chaque bouff\u00e9e un moment \u00e0 savourer.<\/p>\n\n\n\n<p>Les effets de la <strong>Banana Purple Punch Auto<\/strong> sont aussi puissants que sa saveur. Avec une teneur en <strong>THC qui peut d\u00e9passer 25%<\/strong>, cette vari\u00e9t\u00e9 offre un high relaxant et joyeux, parfait pour se d\u00e9tendre apr\u00e8s une longue journ\u00e9e. Elle est id\u00e9ale pour se relaxer, lire un bon livre ou regarder votre s\u00e9rie pr\u00e9f\u00e9r\u00e9e. De plus, sa faible teneur en <strong>CBD, inf\u00e9rieure \u00e0 1%<\/strong>, assure une exp\u00e9rience puissante ax\u00e9e sur le bien-\u00eatre et la cr\u00e9ativit\u00e9.<\/p>\n\n\n\n<h3 class=\"wp-block-heading\">Terp\u00e8nes de Banana Purple Punch Auto<\/h3>\n\n\n\n<p>Les terp\u00e8nes sont responsables du profil aromatique et de nombreux effets de cette merveilleuse strain. La <strong>Banana Purple Punch Auto<\/strong> est charg\u00e9e de terp\u00e8nes tels que le <strong>limon\u00e8ne<\/strong>, le <strong>pin\u00e8ne<\/strong> et le <strong>linalol<\/strong>, qui non seulement contribuent \u00e0 son ar\u00f4me citronn\u00e9 et terreux, mais apportent \u00e9galement de nombreux bienfaits th\u00e9rapeutiques.<\/p>\n\n\n\n<p>Le <strong>limon\u00e8ne<\/strong> est connu pour son ar\u00f4me de citron et ses propri\u00e9t\u00e9s anti-inflammatoires et anxiolytiques, aidant \u00e0 soulager le stress et \u00e0 am\u00e9liorer l&#8217;humeur. Le <strong>pin\u00e8ne<\/strong>, avec son ar\u00f4me caract\u00e9ristique de pin, a des effets anti-inflammatoires et peut am\u00e9liorer la m\u00e9moire et la concentration. Enfin, le <strong>linalol<\/strong>, qui apporte un ar\u00f4me floral, est connu pour ses propri\u00e9t\u00e9s relaxantes et s\u00e9datives, id\u00e9ales pour lutter contre l&#8217;insomnie et l&#8217;anxi\u00e9t\u00e9.<\/p>\n\n\n\n<p>Gr\u00e2ce \u00e0 cette riche combinaison de terp\u00e8nes, la <strong>Banana Purple Punch Auto<\/strong> est non seulement un choix d\u00e9licieux, mais aussi une alli\u00e9e parfaite pour ceux qui recherchent une exp\u00e9rience de consommation compl\u00e8te, combinant saveur, effets et bienfaits th\u00e9rapeutiques.<\/p>\n\n\n\n<h2 class=\"wp-block-heading\">Production et Temps de Floraison<\/h2>\n\n\n\n<p>En <strong>cultures int\u00e9rieures<\/strong>, la <strong>Banana Purple Punch Auto<\/strong> se distingue par sa capacit\u00e9 de production. Avec un \u00e9clairage LED ad\u00e9quat de 300-350 W, il n&#8217;est pas difficile d&#8217;atteindre entre <strong>450 et 550 grammes par m\u00e8tre carr\u00e9<\/strong>. Son cycle de vie complet est court, avec moins de 75 jours entre la germination et la r\u00e9colte, ce qui permet plusieurs r\u00e9coltes par an et maximise votre investissement.<\/p>\n\n\n\n<p>En <strong>cultures ext\u00e9rieures<\/strong>, malgr\u00e9 sa taille compacte, les rendements peuvent \u00eatre \u00e9tonnamment \u00e9lev\u00e9s, atteignant jusqu&#8217;\u00e0 <strong>180 grammes par plante<\/strong> pour les sp\u00e9cimens les plus grands. Sa phase de croissance est tr\u00e8s courte, commen\u00e7ant \u00e0 fleurir seulement <strong>3-4 semaines<\/strong> apr\u00e8s la germination, et elle est pr\u00eate \u00e0 \u00eatre r\u00e9colt\u00e9e en un temps record de <strong>8 semaines<\/strong> depuis la germination.<\/p>\n\n\n\n<p>Gr\u00e2ce \u00e0 sa structure compacte et discr\u00e8te, la <strong>Banana Purple Punch Auto<\/strong> est id\u00e9ale pour ceux qui cultivent dans des espaces r\u00e9duits comme les terrasses ou les balcons. Sa capacit\u00e9 \u00e0 rester en dessous d&#8217;un m\u00e8tre de hauteur la rend parfaite pour ceux qui recherchent une plante qui ne se fait pas remarquer.<\/p>\n\n\n\n<h2 class=\"wp-block-heading\">Comment cultiver Banana Purple Punch Auto<\/h2>\n\n\n\n<p>Pour ceux qui recherchent une vari\u00e9t\u00e9 facile \u00e0 g\u00e9rer, la <strong>Banana Purple Punch Auto<\/strong> est une excellente option. Sa culture ne n\u00e9cessite pas de connaissances avanc\u00e9es, elle est donc parfaite pour les d\u00e9butants comme pour les cultivateurs exp\u00e9riment\u00e9s.<\/p>\n\n\n\n<p><strong>Difficult\u00e9 de culture :<\/strong> La <strong>Banana Purple Punch Auto<\/strong> est tr\u00e8s facile \u00e0 cultiver. Sa nature autoflorissante rend le processus simple et direct. Assurez-vous simplement de lui fournir les meilleures conditions possibles d\u00e8s le premier jour pour maximiser sa croissance et sa production.<\/p>\n\n\n\n<p><strong>Climat et conditions de culture ad\u00e9quates :<\/strong> Cette vari\u00e9t\u00e9 prosp\u00e8re dans des climats chauds et ensoleill\u00e9s, mais gr\u00e2ce \u00e0 sa g\u00e9n\u00e9tique robuste, elle s&#8217;adapte bien aussi aux climats plus temp\u00e9r\u00e9s. En ext\u00e9rieur, nous recommandons de la cultiver pendant le printemps et la premi\u00e8re moiti\u00e9 de l&#8217;\u00e9t\u00e9, lorsque les jours sont plus longs et ensoleill\u00e9s. En int\u00e9rieur, maintenez une temp\u00e9rature constante et un bon \u00e9clairage LED pour obtenir les meilleurs r\u00e9sultats.<\/p>\n\n\n\n<p><strong>R\u00e9sistance aux parasites et aux maladies :<\/strong> La <strong>Banana Purple Punch Auto<\/strong> est connue pour sa bonne r\u00e9sistance aux parasites et aux maladies courantes. Cependant, il est important de maintenir une bonne ventilation et d&#8217;\u00e9viter l&#8217;exc\u00e8s d&#8217;humidit\u00e9 pour pr\u00e9venir les probl\u00e8mes de moisissure et de champignons. Utiliser un grand pot d\u00e8s le d\u00e9but et \u00e9viter les transplantations aidera \u00e0 r\u00e9duire le stress et \u00e0 optimiser la croissance.<\/p>\n\n\n\n<div style=\"height:50px\" aria-hidden=\"true\" class=\"wp-block-spacer uag-hide-mob\"><\/div>\n\n\n\n<div class=\"wp-block-columns is-layout-flex wp-container-core-columns-is-layout-28f84493 wp-block-columns-is-layout-flex\">\n<div class=\"wp-block-column is-layout-flow wp-block-column-is-layout-flow\">\n<p class=\"has-text-align-center has-medium-font-size\"><strong>Ce que nous aimons le plus<\/strong><\/p>\n\n\n\n<ul class=\"wp-block-list\">\n<li>Tr\u00e8s facile \u00e0 cultiver, id\u00e9ale pour les d\u00e9butants.<\/li>\n\n\n\n<li>Production rapide et abondante.<\/li>\n\n\n\n<li>Ar\u00f4me et saveur uniques et d\u00e9licieux.<\/li>\n\n\n\n<li>Effets relaxants et joyeux, parfaits pour la fin de la journ\u00e9e.<\/li>\n<\/ul>\n<\/div>\n\n\n\n<div class=\"wp-block-column is-layout-flow wp-block-column-is-layout-flow\">\n<p class=\"has-text-align-center has-medium-font-size\"><strong>Ce que nous aimons le moins<\/strong><\/p>\n\n\n\n<ul class=\"wp-block-list\">\n<li>En floraison, elle est assez odorante.<\/li>\n\n\n\n<li>N\u00e9cessite une bonne ventilation pour \u00e9viter les probl\u00e8mes de moisissure.<\/li>\n<\/ul>\n<\/div>\n<\/div>\n\n\n\n<div style=\"height:50px\" aria-hidden=\"true\" class=\"wp-block-spacer uag-hide-mob\"><\/div>\n\n\n\n<h2 class=\"wp-block-heading\">Questions Fr\u00e9quentes<\/h2>\n\n\n\n<p>Vous trouverez ci-dessous les r\u00e9ponses aux questions les plus fr\u00e9quentes que se posent les cultivateurs int\u00e9ress\u00e9s par cette g\u00e9n\u00e9tique :<\/p>\n\n\n<div id=\"rank-math-faq\" class=\"rank-math-block\">\n<div class=\"rank-math-list \">\n<div id=\"faq-question-1722242020244\" class=\"rank-math-list-item\">\n<h3 class=\"rank-math-question \">Banana Purple Punch Auto est-elle sativa ou indica?<\/h3>\n<div class=\"rank-math-answer \">\n\n<p>La <strong>Banana Purple Punch Auto<\/strong> est une vari\u00e9t\u00e9 pr\u00e9dominamment indica. En g\u00e9n\u00e9ral, les plantes indica tendent \u00e0 \u00eatre plus compactes et robustes, avec des effets plus relaxants et s\u00e9datifs, id\u00e9ales pour la fin de journ\u00e9e. Les sativas, en revanche, sont g\u00e9n\u00e9ralement plus grandes et \u00e9lanc\u00e9es, avec des effets plus \u00e9nergisants et c\u00e9r\u00e9braux, parfaites pour une utilisation diurne. La Banana Purple Punch Auto combine le meilleur des deux mondes, avec une structure compacte et des effets majoritairement relaxants.<\/p>\n\n<\/div>\n<\/div>\n<div id=\"faq-question-1722242021340\" class=\"rank-math-list-item\">\n<h3 class=\"rank-math-question \">Quel croisement est Banana Purple Punch Auto?<\/h3>\n<div class=\"rank-math-answer \">\n\n<p>La <strong>Banana Purple Punch Auto<\/strong> est le r\u00e9sultat du croisement entre <strong>Banana OG<\/strong> et <strong>Purple Punch<\/strong>, deux vari\u00e9t\u00e9s l\u00e9gendaires dans la sc\u00e8ne cannabique, combin\u00e9es avec une g\u00e9n\u00e9tique autofleurissante secr\u00e8te pour offrir une floraison rapide et facile.<\/p>\n\n<\/div>\n<\/div>\n<div id=\"faq-question-1663029074962\" class=\"rank-math-list-item\">\n<h3 class=\"rank-math-question \">Quand commence \u00e0 fleurir Banana Purple Punch Auto en ext\u00e9rieur?<\/h3>\n<div class=\"rank-math-answer \">\n\n<p>La phase de floraison de la <strong>Banana Purple Punch Auto<\/strong> commence environ <strong>3-4 semaines<\/strong> apr\u00e8s la germination. Il est crucial de fournir les meilleures conditions possibles pendant cette phase initiale pour maximiser le rendement.<\/p>\n\n<\/div>\n<\/div>\n<div id=\"faq-question-1663029159933\" class=\"rank-math-list-item\">\n<h3 class=\"rank-math-question \">Combien de temps faut-il pour r\u00e9colter une Banana Purple Punch Auto depuis la germination?<\/h3>\n<div class=\"rank-math-answer \">\n\n<p>La <strong>Banana Purple Punch Auto<\/strong> se r\u00e9colte en un temps record de <strong>8 semaines<\/strong> apr\u00e8s la germination. Ce cycle de vie court permet plusieurs r\u00e9coltes par an, surtout en culture int\u00e9rieure.<\/p>\n\n<\/div>\n<\/div>\n<div id=\"faq-question-1663029165861\" class=\"rank-math-list-item\">\n<h3 class=\"rank-math-question \">Comment cultiver une Banana Purple Punch Auto f\u00e9minis\u00e9e?<\/h3>\n<div class=\"rank-math-answer \">\n\n<p>La <strong>Banana Purple Punch Auto<\/strong> est tr\u00e8s facile \u00e0 cultiver. Nous recommandons d&#8217;utiliser un grand pot d\u00e8s le d\u00e9but pour \u00e9viter le stress du repiquage. Maintenez une bonne ventilation et \u00e9vitez l&#8217;exc\u00e8s d&#8217;humidit\u00e9 pour pr\u00e9venir les probl\u00e8mes de moisissure et de champignons. En ext\u00e9rieur, la planter au printemps et durant la premi\u00e8re moiti\u00e9 de l&#8217;\u00e9t\u00e9 garantira les meilleurs r\u00e9sultats.<\/p>\n\n<\/div>\n<\/div>\n<div id=\"faq-question-1666780029954\" class=\"rank-math-list-item\">\n<h3 class=\"rank-math-question \">Quels sont les effets de Banana Purple Punch Auto en vrac?<\/h3>\n<div class=\"rank-math-answer \">\n\n<p>Les effets de la <strong>Banana Purple Punch Auto<\/strong> sont principalement relaxants et joyeux. Avec son taux \u00e9lev\u00e9 de THC, elle offre un high id\u00e9al pour d\u00e9connecter en fin de journ\u00e9e, lire un bon livre ou regarder une s\u00e9rie. Elle est parfaite pour soulager le stress et am\u00e9liorer l&#8217;humeur.<\/p>\n\n<\/div>\n<\/div>\n<div id=\"faq-question-1722242113262\" class=\"rank-math-list-item\">\n<h3 class=\"rank-math-question \">Quel est le go\u00fbt de Banana Purple Punch Auto?<\/h3>\n<div class=\"rank-math-answer \">\n\n<p>Le go\u00fbt de la <strong>Banana Purple Punch Auto<\/strong> est une d\u00e9licieuse combinaison de banane m\u00fbre, citron, ananas et fruits rouges, avec une arri\u00e8re-saveur terreuse qui ajoute de la profondeur. Chaque bouff\u00e9e est un voyage sensoriel qui vous transporte dans un paradis tropical.<\/p>\n\n<\/div>\n<\/div>\n<div id=\"faq-question-1722242115306\" class=\"rank-math-list-item\">\n<h3 class=\"rank-math-question \">Quel est le contenu en cannabino\u00efdes de Banana Purple Punch Auto?<\/h3>\n<div class=\"rank-math-answer \">\n\n<p>Les t\u00eates de la <strong>Banana Purple Punch Auto<\/strong> contiennent un taux \u00e9lev\u00e9 de <strong>THC, pouvant d\u00e9passer 25%<\/strong>, et un faible taux de <strong>CBD, inf\u00e9rieur \u00e0 1%<\/strong>. Cela garantit une exp\u00e9rience puissante ax\u00e9e sur le bien-\u00eatre et la cr\u00e9ativit\u00e9.<\/p>\n\n<\/div>\n<\/div>\n<\/div>\n<\/div>","protected":false},"excerpt":{"rendered":"<p><b>Banana Purple Punch Auto<\/b> combine facilit\u00e9 de culture avec des <strong>effets relaxants et joyeux<\/strong>. Id\u00e9ale pour n&#8217;importe quel espace, elle offre des r\u00e9coltes rapides et abondantes avec un <strong>d\u00e9licieux ar\u00f4me tropical<\/strong>. Parfaite pour ceux qui recherchent la discr\u00e9tion et une exp\u00e9rience cannabique compl\u00e8te.<\/p>\n","protected":false},"featured_media":11122,"comment_status":"open","ping_status":"closed","template":"","meta":{"_acf_changed":false,"inline_featured_image":false,"_uag_custom_page_level_css":""},"product_brand":[],"product_cat":[2265],"product_tag":[],"class_list":{"0":"post-10588","1":"product","2":"type-product","3":"status-publish","4":"has-post-thumbnail","6":"product_cat-graines-autofloraison-en-gros","8":"first","9":"instock","10":"taxable","11":"shipping-taxable","12":"purchasable","13":"product-type-simple"},"acf":[],"uagb_featured_image_src":{"full":["https:\/\/bulkgenetics.com\/wp-content\/uploads\/2022\/10\/banana-purple-punch-auto.jpg",1600,1600,false],"thumbnail":["https:\/\/bulkgenetics.com\/wp-content\/uploads\/2022\/10\/banana-purple-punch-auto-150x150.png",150,150,true],"medium":["https:\/\/bulkgenetics.com\/wp-content\/uploads\/2022\/10\/banana-purple-punch-auto-300x300.png",300,300,true],"medium_large":["https:\/\/bulkgenetics.com\/wp-content\/uploads\/2022\/10\/banana-purple-punch-auto-768x768.png",768,768,true],"large":["https:\/\/bulkgenetics.com\/wp-content\/uploads\/2022\/10\/banana-purple-punch-auto-1024x1024.png",1024,1024,true],"1536x1536":["https:\/\/bulkgenetics.com\/wp-content\/uploads\/2022\/10\/banana-purple-punch-auto-1536x1536.png",1536,1536,true],"2048x2048":["https:\/\/bulkgenetics.com\/wp-content\/uploads\/2022\/10\/banana-purple-punch-auto.jpg",1600,1600,false],"commercegurus-pdp-large":["https:\/\/bulkgenetics.com\/wp-content\/uploads\/2022\/10\/banana-purple-punch-auto-990x990.png",990,990,true],"commercegurus-plp-mobile":["https:\/\/bulkgenetics.com\/wp-content\/uploads\/2022\/10\/banana-purple-punch-auto-441x441.png",441,441,true],"cgkit_image_swatch":["https:\/\/bulkgenetics.com\/wp-content\/uploads\/2022\/10\/banana-purple-punch-auto-100x100.png",100,100,true],"woocommerce_thumbnail":["https:\/\/bulkgenetics.com\/wp-content\/uploads\/2022\/10\/banana-purple-punch-auto-300x300.png",300,300,true],"woocommerce_single":["https:\/\/bulkgenetics.com\/wp-content\/uploads\/2022\/10\/banana-purple-punch-auto-800x800.png",800,800,true],"woocommerce_gallery_thumbnail":["https:\/\/bulkgenetics.com\/wp-content\/uploads\/2022\/10\/banana-purple-punch-auto-150x150.png",150,150,true],"dgwt-wcas-product-suggestion":["https:\/\/bulkgenetics.com\/wp-content\/uploads\/2022\/10\/banana-purple-punch-auto-64x64.png",64,64,true]},"uagb_author_info":{"display_name":"Bruno Crespo","author_link":"https:\/\/bulkgenetics.com\/fr\/author\/"},"uagb_comment_info":0,"uagb_excerpt":"Banana Purple Punch Auto combine facilit\u00e9 de culture avec des effets relaxants et joyeux. Id\u00e9ale pour n'importe quel espace, elle offre des r\u00e9coltes rapides et abondantes avec un d\u00e9licieux ar\u00f4me tropical. Parfaite pour ceux qui recherchent la discr\u00e9tion et une exp\u00e9rience cannabique compl\u00e8te.","_links":{"self":[{"href":"https:\/\/bulkgenetics.com\/fr\/wp-json\/wp\/v2\/product\/10588","targetHints":{"allow":["GET"]}}],"collection":[{"href":"https:\/\/bulkgenetics.com\/fr\/wp-json\/wp\/v2\/product"}],"about":[{"href":"https:\/\/bulkgenetics.com\/fr\/wp-json\/wp\/v2\/types\/product"}],"replies":[{"embeddable":true,"href":"https:\/\/bulkgenetics.com\/fr\/wp-json\/wp\/v2\/comments?post=10588"}],"wp:featuredmedia":[{"embeddable":true,"href":"https:\/\/bulkgenetics.com\/fr\/wp-json\/wp\/v2\/media\/11122"}],"wp:attachment":[{"href":"https:\/\/bulkgenetics.com\/fr\/wp-json\/wp\/v2\/media?parent=10588"}],"wp:term":[{"taxonomy":"product_brand","embeddable":true,"href":"https:\/\/bulkgenetics.com\/fr\/wp-json\/wp\/v2\/product_brand?post=10588"},{"taxonomy":"product_cat","embeddable":true,"href":"https:\/\/bulkgenetics.com\/fr\/wp-json\/wp\/v2\/product_cat?post=10588"},{"taxonomy":"product_tag","embeddable":true,"href":"https:\/\/bulkgenetics.com\/fr\/wp-json\/wp\/v2\/product_tag?post=10588"}],"curies":[{"name":"wp","href":"https:\/\/api.w.org\/{rel}","templated":true}]}}