{"id":10590,"date":"2022-10-05T10:54:22","date_gmt":"2022-10-05T08:54:22","guid":{"rendered":"https:\/\/www.bulkgenetics.com\/og-kush-regular\/"},"modified":"2024-10-08T01:09:01","modified_gmt":"2024-10-07T23:09:01","slug":"og-kush-regular","status":"publish","type":"product","link":"https:\/\/bulkgenetics.com\/fr\/og-kush-regular\/","title":{"rendered":"OG Kush Regular"},"content":{"rendered":"\n<p>L&#8217;<strong>OG Kush Regular<\/strong> est la plus grande l\u00e9gende de la c\u00f4te ouest am\u00e9ricaine, c\u00e9l\u00e8bre dans le monde entier et tr\u00e8s appr\u00e9ci\u00e9e des consommateurs de cannabis m\u00e9dical.<\/p>\n\n\n\n<p>C&#8217;est un <strong>hybride \u00e0 dominance indica<\/strong> dont l&#8217;origine g\u00e9n\u00e9tique est inconnue. Les sources les plus fiables, y compris Seedfinder, disent qu&#8217;il s&#8217;agit d&#8217;un croisement entre <a href=\"https:\/\/bulkgenetics.com\/fr\/chemdog\/\">Chemdawg<\/a> et <strong>Lemon Thai<\/strong>\/<a href=\"https:\/\/bulkgenetics.com\/fr\/hindu-kush\/\">Hindu Kush<\/a>.<\/p>\n\n\n\n<p>C&#8217;est l&#8217;une des vari\u00e9t\u00e9s les plus utilis\u00e9es par les banques telles que Reserva Privada, Dinafem ou Humboldt, et elle est \u00e9galement utilis\u00e9e pour le d\u00e9veloppement de nouveaux et puissants hybrides. Dans notre cas, <strong>nous avons choisi de croiser l&#8217;OG Kush m\u00e2le et femelle<\/strong>, ce qui permettra au cultivateur de s\u00e9lectionner une bonne plante m\u00e2le et de faire de superbes croisements maison.<\/p>\n\n\n\n<h2 class=\"wp-block-heading\">Comment cultiver la OG Kush Regular<\/h2>\n\n\n\n<p>EC&#8217;est une plante qui ne n\u00e9cessite pas de grands soins, avec une <strong>croissance vigoureuse et tr\u00e8s r\u00e9sistante<\/strong>. Sa structure propose une forme de colonne, avec de longues branches secondaires.<\/p>\n\n\n\n<p><strong>\u00c0 l&#8217;ext\u00e9rieur<\/strong>, lorsqu&#8217;elle est mise \u00e0 germer au d\u00e9but du printemps, elle atteint une <strong>hauteur importante de 2,5 \u00e0 3 m\u00e8tres<\/strong>. Les producteurs proc\u00e8dent g\u00e9n\u00e9ralement \u00e0 une certaine taille pour r\u00e9duire la hauteur et obtenir un <strong>aspect plus touffu<\/strong>.<\/p>\n\n\n\n<p>La p\u00e9riode de floraison est courte et la r\u00e9colte a lieu entre <strong>la premi\u00e8re et la deuxi\u00e8me semaine d&#8217;octobre<\/strong>. Bien qu&#8217;elle pr\u00e9f\u00e8re les climats M\u00e9diterran\u00e9en, elle s&#8217;adapte aux temp\u00e9ratures trop basses.<\/p>\n\n\n\n<p><strong>En int\u00e9rieur<\/strong>, elle s&#8217;\u00e9tire moyennement au moment de la floraison. Et en raison de sa tendance \u00e0 concentrer la <strong>production sur les branches principales<\/strong>, c&#8217;est la vari\u00e9t\u00e9 parfaite pour les cultures SOG les plus spectaculaires.<\/p>\n\n\n\n<p>Apr\u00e8s le passage de la photop\u00e9riode pour d\u00e9clencher la floraison, <strong>il ne faudra que 55 \u00e0 60 jours avant de pouvoir r\u00e9colter<\/strong> les t\u00eates les plus collantes et les plus parfum\u00e9es que l&#8217;on puisse imaginer.<\/p>\n\n\n\n<h2 class=\"wp-block-heading\">Caract\u00e9ristiques de la OG Kush Regular<\/h2>\n\n\n\n<p>Les rendements sont \u00e9lev\u00e9s et, \u00e0 l&#8217;ext\u00e9rieur, vous pouvez esp\u00e9rer <strong>jusqu&#8217;\u00e0 900 grammes par plante<\/strong>. En int\u00e9rieur, avec une ampoule LED de 300-350W, on peut esp\u00e9rer un rendement <strong>allant jusqu&#8217;\u00e0 500 grammes par m\u00b2<\/strong>.<\/p>\n\n\n\n<p><strong>Les t\u00eates sont grandes, arrondies, tr\u00e8s dures<\/strong> et avec tellement de r\u00e9sine qu&#8217;il sera impossible de ne pas rester coinc\u00e9. C&#8217;est une plante de cannabis largement utilis\u00e9 pour fabriquer des extraits de haute qualit\u00e9.<\/p>\n\n\n\n<p><strong>L&#8217;ar\u00f4me et la saveur <\/strong>sont incomparables. Elle a des notes claires d&#8217;agrumes, de citron et de bois de pin, avec un fond terreux. Il y a aussi des <strong>traces de diesel, si typiques des hybrides am\u00e9ricaines<\/strong>.<\/p>\n\n\n\n<p><strong>Les effets sont tr\u00e8s puissants<\/strong>. Quelques bouff\u00e9es suffisent pour vous emmener dans un voyage plein d&#8217;\u00e9motions intenses. Au d\u00e9but, les sensations <strong>sont euphoriques, stimulantes et vous remplissent de bonheur<\/strong>. \u00c0 la fin, les effets deviennent tr\u00e8s relaxants et stimulent le sommeil.<\/p>\n\n\n\n<div style=\"height:50px\" aria-hidden=\"true\" class=\"wp-block-spacer uag-hide-mob\"><\/div>\n\n\n\n<div class=\"wp-block-columns is-layout-flex wp-container-core-columns-is-layout-28f84493 wp-block-columns-is-layout-flex\">\n<div class=\"wp-block-column is-layout-flow wp-block-column-is-layout-flow\">\n<p class=\"has-text-align-center has-medium-font-size\"><strong>Ce qui nous pla\u00eet le plus<\/strong><\/p>\n\n\n\n<ul class=\"wp-block-list\">\n<li>Tr\u00e8s facile \u00e0 cultiver.<\/li>\n\n\n\n<li>Production \u00e9lev\u00e9e.<\/li>\n\n\n\n<li>Saveur de citron et de pin.<\/li>\n\n\n\n<li>Puissance \u00e9lev\u00e9e.<\/li>\n\n\n\n<li>Son prix.<\/li>\n<\/ul>\n<\/div>\n\n\n\n<div class=\"wp-block-column is-layout-flow wp-block-column-is-layout-flow\">\n<p class=\"has-text-align-center has-medium-font-size\"><strong>Ce qui nous pla\u00eet le moins<\/strong><\/p>\n\n\n\n<ul class=\"wp-block-list\">\n<li>Odeur intense en floraison.<\/li>\n<\/ul>\n<\/div>\n<\/div>\n\n\n\n<div style=\"height:50px\" aria-hidden=\"true\" class=\"wp-block-spacer uag-hide-mob\"><\/div>\n\n\n\n<h2 class=\"wp-block-heading\">Questions fr\u00e9quentes<\/h2>\n\n\n\n<p>Nous r\u00e9pondons ci-dessous aux questions les plus fr\u00e9quemment pos\u00e9es par les cultivateurs int\u00e9ress\u00e9s par ces graines r\u00e9guli\u00e8res bon march\u00e9 :<\/p>\n\n\n<div id=\"rank-math-faq\" class=\"rank-math-block\">\n<div class=\"rank-math-list \">\n<div id=\"faq-question-1663029074962\" class=\"rank-math-list-item\">\n<h3 class=\"rank-math-question \">Quand commence la floraison de la OG Kush Regular en ext\u00e9rieur ? <\/h3>\n<div class=\"rank-math-answer \">\n\n<p>Selon la latitude de la culture, la floraison commence entre fin juillet et d\u00e9but ao\u00fbt.<\/p>\n\n<\/div>\n<\/div>\n<div id=\"faq-question-1663029159933\" class=\"rank-math-list-item\">\n<h3 class=\"rank-math-question \">Quand r\u00e9colter la OG Kush Regular en ext\u00e9rieur ?<\/h3>\n<div class=\"rank-math-answer \">\n\n<p>Il s&#8217;agit d&#8217;une vari\u00e9t\u00e9 \u00e0 floraison rapide qui est r\u00e9colt\u00e9e au cours des deux premi\u00e8res semaines d&#8217;octobre.<\/p>\n\n<\/div>\n<\/div>\n<div id=\"faq-question-1663029165861\" class=\"rank-math-list-item\">\n<h3 class=\"rank-math-question \">Comment cultiver la OG Kush Regular?<\/h3>\n<div class=\"rank-math-answer \">\n\n<p>C&#8217;est une plante tr\u00e8s facile \u00e0 cultiver. Elle peut atteindre 3 m\u00e8tres de haut si elle est mise \u00e0 germer au d\u00e9but du printemps.<\/p>\n\n<\/div>\n<\/div>\n<div id=\"faq-question-1666780029954\" class=\"rank-math-list-item\">\n<h3 class=\"rank-math-question \">Quels sont les effets de la OG Kush Regular en vrac ?<\/h3>\n<div class=\"rank-math-answer \">\n\n<p>Les effets sont tr\u00e8s puissants. Ils am\u00e9liorent l&#8217;humeur, vous remplissent de bonheur, activent le corps\u2026 et enfin, ils sont extr\u00eamement relaxants.<\/p>\n\n<\/div>\n<\/div>\n<\/div>\n<\/div>","protected":false},"excerpt":{"rendered":"<p>OG Kush Regular est une plante \u00e0 dominance Indica d\u00e9velopp\u00e9e aux \u00c9tats-Unis, o\u00f9 c&#8217;est une v\u00e9ritable l\u00e9gende. Facile \u00e0 cultiver, r\u00e9sistante et avec une courte p\u00e9riode de floraison, elle est parfaite pour le cultivateur qui veut assurer des r\u00e9coltes de premier ordre sans trop d&#8217;efforts. Elle est particuli\u00e8rement appr\u00e9ci\u00e9e pour ses t\u00eates dures comme de la pierre et collantes comme du miel. Sa saveur et son ar\u00f4me sont d&#8217;agrumes et de bois de pin, avec des effets tr\u00e8s intenses et euphoriques au d\u00e9but, et avec une forte relaxation \u00e0 la fin.<\/p>\n","protected":false},"featured_media":9162,"comment_status":"open","ping_status":"closed","template":"","meta":{"_acf_changed":false,"inline_featured_image":false,"_uag_custom_page_level_css":""},"product_brand":[],"product_cat":[2522],"product_tag":[],"class_list":{"0":"post-10590","1":"product","2":"type-product","3":"status-publish","4":"has-post-thumbnail","6":"product_cat-graines-regulieres-en-gros","8":"first","9":"instock","10":"taxable","11":"shipping-taxable","12":"purchasable","13":"product-type-simple"},"acf":[],"uagb_featured_image_src":{"full":["https:\/\/bulkgenetics.com\/wp-content\/uploads\/2022\/10\/OG-Kush.jpg",1600,1600,false],"thumbnail":["https:\/\/bulkgenetics.com\/wp-content\/uploads\/2022\/10\/OG-Kush-150x150.jpg",150,150,true],"medium":["https:\/\/bulkgenetics.com\/wp-content\/uploads\/2022\/10\/OG-Kush-300x300.jpg",300,300,true],"medium_large":["https:\/\/bulkgenetics.com\/wp-content\/uploads\/2022\/10\/OG-Kush-768x768.jpg",768,768,true],"large":["https:\/\/bulkgenetics.com\/wp-content\/uploads\/2022\/10\/OG-Kush-1024x1024.jpg",1024,1024,true],"1536x1536":["https:\/\/bulkgenetics.com\/wp-content\/uploads\/2022\/10\/OG-Kush-1536x1536.jpg",1536,1536,true],"2048x2048":["https:\/\/bulkgenetics.com\/wp-content\/uploads\/2022\/10\/OG-Kush.jpg",1600,1600,false],"commercegurus-pdp-large":["https:\/\/bulkgenetics.com\/wp-content\/uploads\/2022\/10\/OG-Kush-990x990.jpg",990,990,true],"commercegurus-plp-mobile":["https:\/\/bulkgenetics.com\/wp-content\/uploads\/2022\/10\/OG-Kush-441x441.jpg",441,441,true],"cgkit_image_swatch":["https:\/\/bulkgenetics.com\/wp-content\/uploads\/2022\/10\/OG-Kush-100x100.jpg",100,100,true],"woocommerce_thumbnail":["https:\/\/bulkgenetics.com\/wp-content\/uploads\/2022\/10\/OG-Kush-300x300.jpg",300,300,true],"woocommerce_single":["https:\/\/bulkgenetics.com\/wp-content\/uploads\/2022\/10\/OG-Kush-800x800.jpg",800,800,true],"woocommerce_gallery_thumbnail":["https:\/\/bulkgenetics.com\/wp-content\/uploads\/2022\/10\/OG-Kush-150x150.jpg",150,150,true],"dgwt-wcas-product-suggestion":["https:\/\/bulkgenetics.com\/wp-content\/uploads\/2022\/10\/OG-Kush-64x64.jpg",64,64,true]},"uagb_author_info":{"display_name":"J\u00e9r\u00f4me","author_link":"https:\/\/bulkgenetics.com\/fr\/author\/"},"uagb_comment_info":0,"uagb_excerpt":"OG Kush Regular est une plante \u00e0 dominance Indica d\u00e9velopp\u00e9e aux \u00c9tats-Unis, o\u00f9 c'est une v\u00e9ritable l\u00e9gende. Facile \u00e0 cultiver, r\u00e9sistante et avec une courte p\u00e9riode de floraison, elle est parfaite pour le cultivateur qui veut assurer des r\u00e9coltes de premier ordre sans trop d'efforts. Elle est particuli\u00e8rement appr\u00e9ci\u00e9e pour ses t\u00eates dures comme de\u2026","_links":{"self":[{"href":"https:\/\/bulkgenetics.com\/fr\/wp-json\/wp\/v2\/product\/10590","targetHints":{"allow":["GET"]}}],"collection":[{"href":"https:\/\/bulkgenetics.com\/fr\/wp-json\/wp\/v2\/product"}],"about":[{"href":"https:\/\/bulkgenetics.com\/fr\/wp-json\/wp\/v2\/types\/product"}],"replies":[{"embeddable":true,"href":"https:\/\/bulkgenetics.com\/fr\/wp-json\/wp\/v2\/comments?post=10590"}],"wp:featuredmedia":[{"embeddable":true,"href":"https:\/\/bulkgenetics.com\/fr\/wp-json\/wp\/v2\/media\/9162"}],"wp:attachment":[{"href":"https:\/\/bulkgenetics.com\/fr\/wp-json\/wp\/v2\/media?parent=10590"}],"wp:term":[{"taxonomy":"product_brand","embeddable":true,"href":"https:\/\/bulkgenetics.com\/fr\/wp-json\/wp\/v2\/product_brand?post=10590"},{"taxonomy":"product_cat","embeddable":true,"href":"https:\/\/bulkgenetics.com\/fr\/wp-json\/wp\/v2\/product_cat?post=10590"},{"taxonomy":"product_tag","embeddable":true,"href":"https:\/\/bulkgenetics.com\/fr\/wp-json\/wp\/v2\/product_tag?post=10590"}],"curies":[{"name":"wp","href":"https:\/\/api.w.org\/{rel}","templated":true}]}}