{"id":10591,"date":"2022-10-05T10:52:51","date_gmt":"2022-10-05T08:52:51","guid":{"rendered":"https:\/\/www.bulkgenetics.com\/jack-herer-regular\/"},"modified":"2024-10-08T01:09:01","modified_gmt":"2024-10-07T23:09:01","slug":"jack-herer-regular","status":"publish","type":"product","link":"https:\/\/bulkgenetics.com\/fr\/jack-herer-regular\/","title":{"rendered":"Jack Herer Regular"},"content":{"rendered":"\n<p><strong>Jack Herer Regular<\/strong> est l&#8217;une de nos vari\u00e9t\u00e9s les plus sp\u00e9ciales et celle qui surprend tous les cultivateurs gr\u00e2ce \u00e0 son incroyable qualit\u00e9. C&#8217;est une vari\u00e9t\u00e9 de cannabis hollandaise de la vieille \u00e9cole qui ravira tout le monde.<\/p>\n\n\n\n<p><strong>Jack Herer<\/strong> est l&#8217;une des vedettes du catalogue de <strong>Sensi Seeds<\/strong>. Elle a \u00e9t\u00e9 cr\u00e9\u00e9e en hommage \u00e0 l&#8217;activiste am\u00e9ricain du m\u00eame nom. Pour son d\u00e9veloppement, les 3 g\u00e9n\u00e9tiques les plus influentes ont \u00e9t\u00e9 combin\u00e9es, comme la <a href=\"https:\/\/bulkgenetics.com\/fr\/skunk-1\/\">Skunk #1<\/a>, la Haze et la <a href=\"https:\/\/bulkgenetics.com\/fr\/northern-lights\/\">Northern Lights #5<\/a>. Le r\u00e9sultat est l&#8217;une des meilleures plantes jamais cr\u00e9\u00e9es.<\/p>\n\n\n\n<p>Notre Jack Herer est le r\u00e9sultat de la combinaison d&#8217;une femelle et d&#8217;un m\u00e2le s\u00e9lectionn\u00e9s pour leur rapidit\u00e9, leur production et leur puissance. De plus, ces graines en vrac sont<strong> les moins ch\u00e8res que vous puissiez trouver<\/strong>.<\/p>\n\n\n\n<h2 class=\"wp-block-heading\">Comment cultiver la Jack Herer Regular<\/h2>\n\n\n\n<p>C&#8217;est une plante tr\u00e8s facile \u00e0 cultiver, avec <strong>une croissance vigoureuse et tr\u00e8s rapide<\/strong>. Sans soins particuliers, il sera toujours possible d&#8217;obtenir d&#8217;e<strong>xcellentes r\u00e9coltes<\/strong>, quelque chose que tous les cultivateurs appr\u00e9cieront.<\/p>\n\n\n\n<p><strong>En ext\u00e9rieur<\/strong>, si elle est germ\u00e9e au d\u00e9but du printemps et avec suffisamment d&#8217;espace, elle peut atteindre une <strong>hauteur de 3 m\u00e8tres<\/strong>. Sa structure est typiquement pyramidale, avec des branches longues et \u00e9paisses qui peuvent \u00e0 peine supporter le poids des fleurs.<\/p>\n\n\n\n<p>Elle a une dur\u00e9e de floraison moyenne et <strong>se r\u00e9colte dans la seconde moiti\u00e9 d&#8217;octobre<\/strong>. Ce n&#8217;est pas la vari\u00e9t\u00e9 de cannabis la plus adapt\u00e9e aux r\u00e9gions o\u00f9 les \u00e9t\u00e9s sont courts. Elle pr\u00e9f\u00e8re les climats plus secs comme celui de la M\u00e9diterran\u00e9e.<\/p>\n\n\n\n<p><strong>\u00c0 l&#8217;int\u00e9rieur<\/strong>, son fort h\u00e9ritage Sativa lui procure un strech important. Les producteurs optent souvent pour une technique telle que le SCROG. Gr\u00e2ce \u00e0 la taille et au palissage des branches, elle peut \u00eatre maintenue \u00e0 une hauteur plus convenable.<\/p>\n\n\n\n<p>\u00c0 partir du moment o\u00f9 la photop\u00e9riode est pass\u00e9e \u00e0 la floraison, il faudra environ 10 \u00e0 12 semaines avant de pouvoir r\u00e9colter les t\u00eates les plus impressionnantes que l&#8217;on puisse imaginer. La g\u00e9n\u00e9tique de la Skunk rend l&#8217;odeur tr\u00e8s intense.<\/p>\n\n\n\n<h2 class=\"wp-block-heading\">Caract\u00e9rsitiques de Jack Herer Regular<\/h2>\n\n\n\n<p>La production est tr\u00e8s importante. En ext\u00e9rieur, elle peut atteindre <strong>jusqu&#8217;\u00e0 un kilo par plante sur les plantes les plus d\u00e9velopp\u00e9es<\/strong>. En int\u00e9rieur, n&#8217;importe qui pourra produire jusqu&#8217;\u00e0 650 grammes par m\u00b2 avec un \u00e9clairage LED de 300-350W.<\/p>\n\n\n\n<p>Les t\u00eates sont \u00e9normes, <strong>tr\u00e8s r\u00e9sineuses et dures comme de la pierre<\/strong>. Elles sont \u00e9galement relativement faciles \u00e0 manucurer, car elles produisent peu de feuilles. Durant les extractions de r\u00e9sine, elle produit un hasch vraiment d\u00e9licieux.<\/p>\n\n\n\n<p>Son ar\u00f4me et son go\u00fbt sont <strong>old school, avec des notes d&#8217;\u00e9pices et de bois de pin<\/strong> dans la plupart des ph\u00e9notypes. Certains ont des notes plus citriques.<\/p>\n\n\n\n<div style=\"height:50px\" aria-hidden=\"true\" class=\"wp-block-spacer uag-hide-mob\"><\/div>\n\n\n\n<div class=\"wp-block-columns is-layout-flex wp-container-core-columns-is-layout-28f84493 wp-block-columns-is-layout-flex\">\n<div class=\"wp-block-column is-layout-flow wp-block-column-is-layout-flow\">\n<p class=\"has-text-align-center has-medium-font-size\"><strong>Ce qui nous pla\u00eet le plus<\/strong><\/p>\n\n\n\n<ul class=\"wp-block-list\">\n<li>Tr\u00e8s facile \u00e0 cultiver.<\/li>\n\n\n\n<li>Production tr\u00e8s \u00e9lev\u00e9e.<\/li>\n\n\n\n<li>Saveur hollandaise Old School.<\/li>\n\n\n\n<li>Effets tr\u00e8s positifs et heureux.<\/li>\n\n\n\n<li>Son prix.<\/li>\n<\/ul>\n<\/div>\n\n\n\n<div class=\"wp-block-column is-layout-flow wp-block-column-is-layout-flow\">\n<p class=\"has-text-align-center has-medium-font-size\"><strong>Ce qui nous pla\u00eet le moins<\/strong><\/p>\n\n\n\n<ul class=\"wp-block-list\">\n<li>Odeur intense en floraison.<\/li>\n<\/ul>\n<\/div>\n<\/div>\n\n\n\n<div style=\"height:50px\" aria-hidden=\"true\" class=\"wp-block-spacer uag-hide-mob\"><\/div>\n\n\n\n<h2 class=\"wp-block-heading\">Questions fr\u00e9quentes<\/h2>\n\n\n\n<p>Voici les r\u00e9ponses aux questions les plus fr\u00e9quemment pos\u00e9es par les cultivateurs int\u00e9ress\u00e9s par ces graines r\u00e9guli\u00e8res bon march\u00e9 :<\/p>\n\n\n<div id=\"rank-math-faq\" class=\"rank-math-block\">\n<div class=\"rank-math-list \">\n<div id=\"faq-question-1663029074962\" class=\"rank-math-list-item\">\n<h3 class=\"rank-math-question \">Quand commence la floraison de la Jack Herer Regular en ext\u00e9rieur ?<\/h3>\n<div class=\"rank-math-answer \">\n\n<p>Selon la latitude de la culture, la floraison commence au cours des deux premi\u00e8res semaines d&#8217;ao\u00fbt.<\/p>\n\n<\/div>\n<\/div>\n<div id=\"faq-question-1663029159933\" class=\"rank-math-list-item\">\n<h3 class=\"rank-math-question \">Quand r\u00e9colter la Jack Herer Regular en ext\u00e9rieur ?<\/h3>\n<div class=\"rank-math-answer \">\n\n<p>C&#8217;est une vari\u00e9t\u00e9 \u00e0 floraison moyenne qui se r\u00e9colte dans la seconde moiti\u00e9 d&#8217;octobre.<\/p>\n\n<\/div>\n<\/div>\n<div id=\"faq-question-1663029165861\" class=\"rank-math-list-item\">\n<h3 class=\"rank-math-question \">Comment cultiver la Jack Herer Regular?<\/h3>\n<div class=\"rank-math-answer \">\n\n<p>C&#8217;est une plante qui, malgr\u00e9 sa dominance Sativa, est tr\u00e8s facile \u00e0 cultiver. \u00c0 l&#8217;int\u00e9rieur, une taille sera n\u00e9cessaire pour contr\u00f4ler sa hauteur.<\/p>\n\n<\/div>\n<\/div>\n<div id=\"faq-question-1666780029954\" class=\"rank-math-list-item\">\n<h3 class=\"rank-math-question \">Quels sont les effets de la Jack Herer Regular en vrac ?<\/h3>\n<div class=\"rank-math-answer \">\n\n<p>Les effets sont tr\u00e8s puissants, \u00e9nergiques, cr\u00e9atifs et heureux. Une vari\u00e9t\u00e9 parfaite pour fumer \u00e0 tout moment de la journ\u00e9e.<\/p>\n\n<\/div>\n<\/div>\n<\/div>\n<\/div>","protected":false},"excerpt":{"rendered":"<p>Jack Herer Regular est une vari\u00e9t\u00e9 \u00e0 dominance Sativa et l&#8217;une des meilleures ventes de Sensi Seeds. Elle a d&#8217;ailleurs re\u00e7u diff\u00e9rents prix pour ses nombreuses qualit\u00e9s. C&#8217;est un hybride qui combine Skunk, Haze et Northern Lights #5, tr\u00e8s facile \u00e0 cultiver et r\u00e9sistante dans les mains de n&#8217;importe quel cultivateur. Elle atteint une grande hauteur de 2,5-3 m\u00e8tres et a une dur\u00e9e de floraison moyenne de 10-12 semaines. Les t\u00eates sont spectaculaires, tant pour leur taille que pour leur duret\u00e9 et leur douceur. Une fum\u00e9e hollandaise old school avec des notes d&#8217;\u00e9pices et de bois de pin remplira le consommateur d&#8217;\u00e9nergie, de bonheur et de cr\u00e9ativit\u00e9 pendant de longues heures.<\/p>\n","protected":false},"featured_media":9157,"comment_status":"open","ping_status":"closed","template":"","meta":{"_acf_changed":false,"inline_featured_image":false,"_uag_custom_page_level_css":""},"product_brand":[],"product_cat":[2522],"product_tag":[],"class_list":{"0":"post-10591","1":"product","2":"type-product","3":"status-publish","4":"has-post-thumbnail","6":"product_cat-graines-regulieres-en-gros","8":"first","9":"instock","10":"taxable","11":"shipping-taxable","12":"purchasable","13":"product-type-simple"},"acf":[],"uagb_featured_image_src":{"full":["https:\/\/bulkgenetics.com\/wp-content\/uploads\/2022\/10\/Jack-Herer.jpg",1600,1600,false],"thumbnail":["https:\/\/bulkgenetics.com\/wp-content\/uploads\/2022\/10\/Jack-Herer-150x150.jpg",150,150,true],"medium":["https:\/\/bulkgenetics.com\/wp-content\/uploads\/2022\/10\/Jack-Herer-300x300.jpg",300,300,true],"medium_large":["https:\/\/bulkgenetics.com\/wp-content\/uploads\/2022\/10\/Jack-Herer-768x768.jpg",768,768,true],"large":["https:\/\/bulkgenetics.com\/wp-content\/uploads\/2022\/10\/Jack-Herer-1024x1024.jpg",1024,1024,true],"1536x1536":["https:\/\/bulkgenetics.com\/wp-content\/uploads\/2022\/10\/Jack-Herer-1536x1536.jpg",1536,1536,true],"2048x2048":["https:\/\/bulkgenetics.com\/wp-content\/uploads\/2022\/10\/Jack-Herer.jpg",1600,1600,false],"commercegurus-pdp-large":["https:\/\/bulkgenetics.com\/wp-content\/uploads\/2022\/10\/Jack-Herer-990x990.jpg",990,990,true],"commercegurus-plp-mobile":["https:\/\/bulkgenetics.com\/wp-content\/uploads\/2022\/10\/Jack-Herer-441x441.jpg",441,441,true],"cgkit_image_swatch":["https:\/\/bulkgenetics.com\/wp-content\/uploads\/2022\/10\/Jack-Herer-100x100.jpg",100,100,true],"woocommerce_thumbnail":["https:\/\/bulkgenetics.com\/wp-content\/uploads\/2022\/10\/Jack-Herer-300x300.jpg",300,300,true],"woocommerce_single":["https:\/\/bulkgenetics.com\/wp-content\/uploads\/2022\/10\/Jack-Herer-800x800.jpg",800,800,true],"woocommerce_gallery_thumbnail":["https:\/\/bulkgenetics.com\/wp-content\/uploads\/2022\/10\/Jack-Herer-150x150.jpg",150,150,true],"dgwt-wcas-product-suggestion":["https:\/\/bulkgenetics.com\/wp-content\/uploads\/2022\/10\/Jack-Herer-64x64.jpg",64,64,true]},"uagb_author_info":{"display_name":"J\u00e9r\u00f4me","author_link":"https:\/\/bulkgenetics.com\/fr\/author\/"},"uagb_comment_info":1,"uagb_excerpt":"Jack Herer Regular est une vari\u00e9t\u00e9 \u00e0 dominance Sativa et l'une des meilleures ventes de Sensi Seeds. Elle a d'ailleurs re\u00e7u diff\u00e9rents prix pour ses nombreuses qualit\u00e9s. C'est un hybride qui combine Skunk, Haze et Northern Lights #5, tr\u00e8s facile \u00e0 cultiver et r\u00e9sistante dans les mains de n'importe quel cultivateur. Elle atteint une grande\u2026","_links":{"self":[{"href":"https:\/\/bulkgenetics.com\/fr\/wp-json\/wp\/v2\/product\/10591","targetHints":{"allow":["GET"]}}],"collection":[{"href":"https:\/\/bulkgenetics.com\/fr\/wp-json\/wp\/v2\/product"}],"about":[{"href":"https:\/\/bulkgenetics.com\/fr\/wp-json\/wp\/v2\/types\/product"}],"replies":[{"embeddable":true,"href":"https:\/\/bulkgenetics.com\/fr\/wp-json\/wp\/v2\/comments?post=10591"}],"wp:featuredmedia":[{"embeddable":true,"href":"https:\/\/bulkgenetics.com\/fr\/wp-json\/wp\/v2\/media\/9157"}],"wp:attachment":[{"href":"https:\/\/bulkgenetics.com\/fr\/wp-json\/wp\/v2\/media?parent=10591"}],"wp:term":[{"taxonomy":"product_brand","embeddable":true,"href":"https:\/\/bulkgenetics.com\/fr\/wp-json\/wp\/v2\/product_brand?post=10591"},{"taxonomy":"product_cat","embeddable":true,"href":"https:\/\/bulkgenetics.com\/fr\/wp-json\/wp\/v2\/product_cat?post=10591"},{"taxonomy":"product_tag","embeddable":true,"href":"https:\/\/bulkgenetics.com\/fr\/wp-json\/wp\/v2\/product_tag?post=10591"}],"curies":[{"name":"wp","href":"https:\/\/api.w.org\/{rel}","templated":true}]}}