{"id":10592,"date":"2022-10-04T16:52:00","date_gmt":"2022-10-04T14:52:00","guid":{"rendered":"https:\/\/www.bulkgenetics.com\/lsd-auto\/"},"modified":"2024-10-08T01:13:49","modified_gmt":"2024-10-07T23:13:49","slug":"lsd-auto","status":"publish","type":"product","link":"https:\/\/bulkgenetics.com\/fr\/lsd-auto\/","title":{"rendered":"LSD Auto"},"content":{"rendered":"\n<p>Voici LSD Auto,<strong> l&#8217;une des vari\u00e9t\u00e9s autoflorissantes les plus particuli\u00e8res<\/strong> de notre catalogue et pour laquelle nous recevons toujours d&#8217;excellents commentaires.<\/p>\n\n\n\n<p><a href=\"https:\/\/bulkgenetics.com\/fr\/lsd\/\">LSD<\/a> est un hybride \u00e0 <strong>forte dominance Indica<\/strong> et l&#8217;une des stars de Barney&#8217;s Farm. C&#8217;est un croisement extr\u00eamement puissant de Skunk #1 x Mazar. Le nom LSD n&#8217;est pas une r\u00e9f\u00e9rence vaine \u00e0 ses effets trippants.<\/p>\n\n\n\n<p>C&#8217;est une vari\u00e9t\u00e9 qui a \u00e9t\u00e9 largement d\u00e9clin\u00e9e par des banques telles que FastBuds. M\u00eame Barney Farm a sa propre version autofloraison. La seule diff\u00e9rence, nous disent les producteurs, est que <strong>nos graines en vrac sont moins ch\u00e8res<\/strong>.<\/p>\n\n\n\n<h2 class=\"wp-block-heading\">Comment cultiver la LSD Auto<\/h2>\n\n\n\n<p>Tout hybride de Skunk est synonyme de plantes faciles \u00e0 cultiver, r\u00e9sistantes et de grande qualit\u00e9.C&#8217;est bien le cas ici ! LSD Auto est une plante automatique qui ne pr\u00e9sente aucune difficult\u00e9 pour le cultivateur.<\/p>\n\n\n\n<p>Ce n&#8217;est pas la g\u00e9n\u00e9tique autofloraisons la plus petite ou la plus discr\u00e8te. Cela permettra cependant d&#8217;obtenir des rendements, rarement vu sur d&#8217;autres g\u00e9n\u00e9tiques. Si l&#8217;on utilise un grand pot d\u00e8s le d\u00e9part, les plantes peuvent atteindre une <strong>hauteur de 130 cm<\/strong>.<\/p>\n\n\n\n<p>Le cycle de vie est tr\u00e8s court et en <strong>seulement 9-10 semaines apr\u00e8s la germination des graines<\/strong>, vous pouvez r\u00e9colter les t\u00eates les plus spectaculaires et les plus parfum\u00e9s que vous puissiez imaginer.<\/p>\n\n\n\n<h2 class=\"wp-block-heading\">Caract\u00e9ristiques de la LSD Auto<\/h2>\n\n\n\n<p>Les fleurs sont grandes et allong\u00e9es comme des battes de baseball. Certains ph\u00e9notypes en fin de floraison acqui\u00e8rent des teintes brunes\/rouges, bien marqu\u00e9es et contrastant encore plus avec l&#8217;<strong>\u00e9paisse couche de r\u00e9sine<\/strong>.<\/p>\n\n\n\n<p><strong>L&#8217;ar\u00f4me et la saveur <\/strong>sont complexes et bien que les touches skunky soient tr\u00e8s pr\u00e9sentes, d&#8217;autres comme les agrumes, les fleurs, la terre et m\u00eame des notes de ch\u00e2taignes dominent.<\/p>\n\n\n\n<p><strong>Les effets sont tr\u00e8s puissants<\/strong>. Quelques coups suffiront \u00e0 faire d\u00e9coller votre corps plein d&#8217;\u00e9nergie. Malgr\u00e9 sa dominance Indica, elle propose des sensations euphorique et cr\u00e9ative comme une Sativa.<\/p>\n\n\n\n<p>Les rendements des plantes qui poussent plus haut en ext\u00e9rieur atteignent facilement 200 grammes par plante. En int\u00e9rieur, avec une ampoule LED de 300-350w par m\u00b2, il ne sera pas difficile d&#8217;atteindre 600 grammes.<\/p>\n\n\n\n<div style=\"height:50px\" aria-hidden=\"true\" class=\"wp-block-spacer uag-hide-mob\"><\/div>\n\n\n\n<div class=\"wp-block-columns is-layout-flex wp-container-core-columns-is-layout-28f84493 wp-block-columns-is-layout-flex\">\n<div class=\"wp-block-column is-layout-flow wp-block-column-is-layout-flow\">\n<p class=\"has-text-align-center has-medium-font-size\"><strong>Ce que nous aimons le plus<\/strong><\/p>\n\n\n\n<ul class=\"wp-block-list\">\n<li>Tr\u00e8s facile \u00e0 cultiver.<\/li>\n\n\n\n<li>Production abondante.<\/li>\n\n\n\n<li>Se r\u00e9colte en 9-10 semaines.<\/li>\n\n\n\n<li>Effets tr\u00e8s euphoriques, \u00e9nergiques et plaisants.<\/li>\n\n\n\n<li>Son prix.<\/li>\n<\/ul>\n<\/div>\n\n\n\n<div class=\"wp-block-column is-layout-flow wp-block-column-is-layout-flow\">\n<p class=\"has-text-align-center has-medium-font-size\"><strong>Ce que nous aimons le moins<\/strong><\/p>\n\n\n\n<ul class=\"wp-block-list\">\n<li>Odeur intense en floraison.<\/li>\n<\/ul>\n<\/div>\n<\/div>\n\n\n\n<div style=\"height:50px\" aria-hidden=\"true\" class=\"wp-block-spacer uag-hide-mob\"><\/div>\n\n\n\n<h2 class=\"wp-block-heading\">Questions fr\u00e9quentes<\/h2>\n\n\n\n<p>Vous trouverez ci-dessous les questions les plus fr\u00e9quemment pos\u00e9es par les cultivateurs int\u00e9ress\u00e9s par ces graines de cannabis en vrac :<\/p>\n\n\n<div id=\"rank-math-faq\" class=\"rank-math-block\">\n<div class=\"rank-math-list \">\n<div id=\"faq-question-1663029074962\" class=\"rank-math-list-item\">\n<h3 class=\"rank-math-question \">Quand commence la floraison de la LSD Auto?<\/h3>\n<div class=\"rank-math-answer \">\n\n<p>La p\u00e9riode de croissance est tr\u00e8s courte, seulement 3-4 semaines. Ensuite, la phase de floraison commence.<\/p>\n\n<\/div>\n<\/div>\n<div id=\"faq-question-1663029159933\" class=\"rank-math-list-item\">\n<h3 class=\"rank-math-question \">Quand r\u00e9colter la LSD Auto apr\u00e8s sa germination ?<\/h3>\n<div class=\"rank-math-answer \">\n\n<p>C&#8217;est une vari\u00e9t\u00e9 de cannabis autofloraison tr\u00e8s rapide qui se r\u00e9colte en 9 \u00e0 10 semaines au total.<\/p>\n\n<\/div>\n<\/div>\n<div id=\"faq-question-1663029165861\" class=\"rank-math-list-item\">\n<h3 class=\"rank-math-question \">Comment cultiver la LSD Auto f\u00e9minis\u00e9e ?<\/h3>\n<div class=\"rank-math-answer \">\n\n<p>En tant que bonne descendante de la Skunk, elle est tr\u00e8s r\u00e9sistante et n\u00e9cessite tr\u00e8s peu de soins. Fournissez-lui un bon substrat et un grand pot d\u00e8s le d\u00e9part.<\/p>\n\n<\/div>\n<\/div>\n<div id=\"faq-question-1666780029954\" class=\"rank-math-list-item\">\n<h3 class=\"rank-math-question \">Quels sont les effets de la LSD Auto en vrac ?<\/h3>\n<div class=\"rank-math-answer \">\n\n<p>C&#8217;est une vari\u00e9t\u00e9 de cannabis \u00e0 dominance Indica, mais ses effets sont tr\u00e8s euphoriques, \u00e9nergiques et cr\u00e9atifs comme ceux d&#8217;une Sativa.<\/p>\n\n<\/div>\n<\/div>\n<\/div>\n<\/div>","protected":false},"excerpt":{"rendered":"<p>LSD Auto est une vari\u00e9t\u00e9 qui plaira aux d\u00e9butants pour sa facilit\u00e9 de culture, mais aussi aux v\u00e9t\u00e9rans pour la qualit\u00e9 de ses r\u00e9coltes. C&#8217;est un croisement de Mazar-i-Sharif \u00e0 dominance Indica, Skunk-Afghani, qui en seulement 9-10 semaines de germination donne des t\u00eates collantes et compactes recouvertes d&#8217;une couche ahurissante de r\u00e9sine. Une fum\u00e9e d&#8217;agrumes, florale et terreuse \u00e9veillera vos sens du go\u00fbt et de l&#8217;odorat. Ensuite, un courant intense traversera votre corps en vous donnant une forte dose d&#8217;\u00e9nergie, d&#8217;euphorie et de cr\u00e9ativit\u00e9.<\/p>\n","protected":false},"featured_media":31770,"comment_status":"open","ping_status":"closed","template":"","meta":{"_acf_changed":false,"inline_featured_image":false,"_uag_custom_page_level_css":""},"product_brand":[],"product_cat":[2265,4112],"product_tag":[],"class_list":{"0":"post-10592","1":"product","2":"type-product","3":"status-publish","4":"has-post-thumbnail","6":"product_cat-graines-autofloraison-en-gros","7":"product_cat-graines-de-cannabis-a-1-euro","9":"first","10":"instock","11":"sale","12":"taxable","13":"shipping-taxable","14":"purchasable","15":"product-type-simple"},"acf":[],"uagb_featured_image_src":{"full":["https:\/\/bulkgenetics.com\/wp-content\/uploads\/2022\/10\/lsd-auto-strain-feminized-bulk-cannabis-seeds.jpg",1600,1600,false],"thumbnail":["https:\/\/bulkgenetics.com\/wp-content\/uploads\/2022\/10\/lsd-auto-strain-feminized-bulk-cannabis-seeds-150x150.jpg",150,150,true],"medium":["https:\/\/bulkgenetics.com\/wp-content\/uploads\/2022\/10\/lsd-auto-strain-feminized-bulk-cannabis-seeds-300x300.jpg",300,300,true],"medium_large":["https:\/\/bulkgenetics.com\/wp-content\/uploads\/2022\/10\/lsd-auto-strain-feminized-bulk-cannabis-seeds-768x768.jpg",768,768,true],"large":["https:\/\/bulkgenetics.com\/wp-content\/uploads\/2022\/10\/lsd-auto-strain-feminized-bulk-cannabis-seeds-1024x1024.jpg",1024,1024,true],"1536x1536":["https:\/\/bulkgenetics.com\/wp-content\/uploads\/2022\/10\/lsd-auto-strain-feminized-bulk-cannabis-seeds-1536x1536.jpg",1536,1536,true],"2048x2048":["https:\/\/bulkgenetics.com\/wp-content\/uploads\/2022\/10\/lsd-auto-strain-feminized-bulk-cannabis-seeds.jpg",1600,1600,false],"commercegurus-pdp-large":["https:\/\/bulkgenetics.com\/wp-content\/uploads\/2022\/10\/lsd-auto-strain-feminized-bulk-cannabis-seeds-990x990.jpg",990,990,true],"commercegurus-plp-mobile":["https:\/\/bulkgenetics.com\/wp-content\/uploads\/2022\/10\/lsd-auto-strain-feminized-bulk-cannabis-seeds-441x441.jpg",441,441,true],"cgkit_image_swatch":["https:\/\/bulkgenetics.com\/wp-content\/uploads\/2022\/10\/lsd-auto-strain-feminized-bulk-cannabis-seeds-100x100.jpg",100,100,true],"woocommerce_thumbnail":["https:\/\/bulkgenetics.com\/wp-content\/uploads\/2022\/10\/lsd-auto-strain-feminized-bulk-cannabis-seeds-300x300.jpg",300,300,true],"woocommerce_single":["https:\/\/bulkgenetics.com\/wp-content\/uploads\/2022\/10\/lsd-auto-strain-feminized-bulk-cannabis-seeds-800x800.jpg",800,800,true],"woocommerce_gallery_thumbnail":["https:\/\/bulkgenetics.com\/wp-content\/uploads\/2022\/10\/lsd-auto-strain-feminized-bulk-cannabis-seeds-150x150.jpg",150,150,true],"dgwt-wcas-product-suggestion":["https:\/\/bulkgenetics.com\/wp-content\/uploads\/2022\/10\/lsd-auto-strain-feminized-bulk-cannabis-seeds-64x64.jpg",64,64,true]},"uagb_author_info":{"display_name":"J\u00e9r\u00f4me","author_link":"https:\/\/bulkgenetics.com\/fr\/author\/"},"uagb_comment_info":0,"uagb_excerpt":"LSD Auto est une vari\u00e9t\u00e9 qui plaira aux d\u00e9butants pour sa facilit\u00e9 de culture, mais aussi aux v\u00e9t\u00e9rans pour la qualit\u00e9 de ses r\u00e9coltes. C'est un croisement de Mazar-i-Sharif \u00e0 dominance Indica, Skunk-Afghani, qui en seulement 9-10 semaines de germination donne des t\u00eates collantes et compactes recouvertes d'une couche ahurissante de r\u00e9sine. Une fum\u00e9e d'agrumes,\u2026","_links":{"self":[{"href":"https:\/\/bulkgenetics.com\/fr\/wp-json\/wp\/v2\/product\/10592","targetHints":{"allow":["GET"]}}],"collection":[{"href":"https:\/\/bulkgenetics.com\/fr\/wp-json\/wp\/v2\/product"}],"about":[{"href":"https:\/\/bulkgenetics.com\/fr\/wp-json\/wp\/v2\/types\/product"}],"replies":[{"embeddable":true,"href":"https:\/\/bulkgenetics.com\/fr\/wp-json\/wp\/v2\/comments?post=10592"}],"wp:featuredmedia":[{"embeddable":true,"href":"https:\/\/bulkgenetics.com\/fr\/wp-json\/wp\/v2\/media\/31770"}],"wp:attachment":[{"href":"https:\/\/bulkgenetics.com\/fr\/wp-json\/wp\/v2\/media?parent=10592"}],"wp:term":[{"taxonomy":"product_brand","embeddable":true,"href":"https:\/\/bulkgenetics.com\/fr\/wp-json\/wp\/v2\/product_brand?post=10592"},{"taxonomy":"product_cat","embeddable":true,"href":"https:\/\/bulkgenetics.com\/fr\/wp-json\/wp\/v2\/product_cat?post=10592"},{"taxonomy":"product_tag","embeddable":true,"href":"https:\/\/bulkgenetics.com\/fr\/wp-json\/wp\/v2\/product_tag?post=10592"}],"curies":[{"name":"wp","href":"https:\/\/api.w.org\/{rel}","templated":true}]}}