{"id":10596,"date":"2022-10-04T16:49:51","date_gmt":"2022-10-04T14:49:51","guid":{"rendered":"https:\/\/www.bulkgenetics.com\/lemon-haze-auto\/"},"modified":"2025-01-16T15:32:00","modified_gmt":"2025-01-16T14:32:00","slug":"lemon-haze-auto","status":"publish","type":"product","link":"https:\/\/bulkgenetics.com\/fr\/lemon-haze-auto\/","title":{"rendered":"Lemon Haze Auto"},"content":{"rendered":"\n<p><strong>Lemon Haze Auto<\/strong> est notre version super rapide de la l\u00e9gendaire Super Lemon Haze de Greenhouse, l&#8217;un des hybrides Haze les plus d\u00e9licieux jamais cr\u00e9\u00e9s et c\u00e9l\u00e8bre pour sa saveur intense de citron.<\/p>\n\n\n\n<p><strong><a href=\"https:\/\/bulkgenetics.com\/fr\/super-lemon-haze\/\">Super Lemon Haze<\/a> <\/strong> est une vari\u00e9t\u00e9 <strong>\u00e0 dominance Sativa<\/strong> r\u00e9sultant du croisement de la <a href=\"https:\/\/bulkgenetics.com\/fr\/super-silver-haze\/\">Super Silver Haze<\/a>, plusieurs fois championne, avec la <a href=\"https:\/\/bulkgenetics.com\/fr\/lemon-skunk\/\">Lemon Skunk<\/a> qui propose de fantastiques notes d&#8217;agrumes et raccourcit la p\u00e9riode de floraison.<\/p>\n\n\n\n<p>C&#8217;est une g\u00e9n\u00e9tique qui jouit d&#8217;un grand prestige international, avec des critiques et des avis constamment favorables sur des sites Web tels que Leafly et Seedfinder. Sur d&#8217;autres sites comme Growdiaries, vous pouvez trouver des suivis de culture qui sont vraiment \u00e9tonnants.<\/p>\n\n\n\n<h2 class=\"wp-block-heading\">Comment cultiver la Lemon Haze Auto<\/h2>\n\n\n\n<p>Les plantes \u00e0 forte charge de Skunk sont toujours tr\u00e8s faciles \u00e0 cultiver et r\u00e9sistantes, une caract\u00e9ristique que l&#8217;on retrouve dans cette Lemon Haze Auto. C&#8217;est la g\u00e9n\u00e9tique typique que tous les cultivateurs aiment car elle garantit toujours des r\u00e9coltes de premier ordre.<\/p>\n\n\n\n<p>Elle <strong>reste en dessous de 110 cm<\/strong>, ce qui la rend particuli\u00e8rement adapt\u00e9e aux petites terrasses ou balcons o\u00f9 elle sera tenue \u00e0 l&#8217;abri des regards indiscrets.<\/p>\n\n\n\n<p>\u00c9vite de rempoter pendant la phase de croissance. En effet, elle ne dure que 3-4 semaines, un ralentissement du d\u00e9veloppement des plantes serait donc fatal pour la r\u00e9colte. Il est pr\u00e9f\u00e9rable d&#8217;utiliser d\u00e8s le d\u00e9but un grand r\u00e9cipient d&#8217;au moins 20 litres pour un d\u00e9veloppement non perturb\u00e9.<\/p>\n\n\n\n<p>\u00c0 partir de la germination des graines,<strong> il ne faut attendre que 65-70 jours pour la r\u00e9colte<\/strong>. Il est possible de r\u00e9colter jusqu&#8217;\u00e0 3 r\u00e9coltes cons\u00e9cutives tout au long de la saison ext\u00e9rieure.<\/p>\n\n\n\n<h2 class=\"wp-block-heading\">Caract\u00e9ristiques de la Lemon Haze Auto<\/h2>\n\n\n\n<p>Elle produit des t\u00eate, grandes, lourdes et croustillantes, d\u00e9gageant une odeur intense lors de la floraison. \u00c0 l&#8217;int\u00e9rieur, nous vous conseillons d&#8217;utiliser un bon filtre \u00e0 charbon pour \u00e9viter les probl\u00e8mes de voisinage.<\/p>\n\n\n\n<p><strong>L&#8217;ar\u00f4me et la saveur sont nettement citronn\u00e9s<\/strong>, mais il y a aussi des notes exotiques de citron vert et de bois dur avec un soup\u00e7on de piquant h\u00e9rit\u00e9 de ses g\u00e8nes Haze.<\/p>\n\n\n\n<p>Les <strong>effets sont puissants<\/strong> et parfaits pour profiter de la journ\u00e9e. Apr\u00e8s quelques bouff\u00e9es, vous sentirez une vague d&#8217;\u00e9nergie et de cr\u00e9ativit\u00e9 d\u00e9ferler sur votre corps, vous faisant planer pendant de longues heures.<\/p>\n\n\n\n<p>Les rendements sont \u00e9lev\u00e9s et en ext\u00e9rieur, n&#8217;importe qui pourra facilement obtenir <strong>550 grammes par m\u00b2<\/strong> en utilisant une LED de 300-350W. En ext\u00e9rieur, les plus grandes plantes donneront<strong> jusqu&#8217;\u00e0 150 grammes<\/strong> par plante.<\/p>\n\n\n\n<div style=\"height:50px\" aria-hidden=\"true\" class=\"wp-block-spacer uag-hide-mob\"><\/div>\n\n\n\n<div class=\"wp-block-columns is-layout-flex wp-container-core-columns-is-layout-28f84493 wp-block-columns-is-layout-flex\">\n<div class=\"wp-block-column is-layout-flow wp-block-column-is-layout-flow\">\n<p class=\"has-text-align-center has-medium-font-size\"><strong>Ce que nous aimons le plus<\/strong><\/p>\n\n\n\n<ul class=\"wp-block-list\">\n<li>Tr\u00e8s facile \u00e0 cultiver.<\/li>\n\n\n\n<li>Production abondance.<\/li>\n\n\n\n<li>Go\u00fbt intense de citron.<\/li>\n\n\n\n<li>R\u00e9colte en seulement 65-70 jours.<\/li>\n\n\n\n<li>Des effets tr\u00e8s \u00e9nergiques et cr\u00e9atifs.<\/li>\n\n\n\n<li>Son prix.<\/li>\n<\/ul>\n<\/div>\n\n\n\n<div class=\"wp-block-column is-layout-flow wp-block-column-is-layout-flow\">\n<p class=\"has-text-align-center has-medium-font-size\"><strong>Ce que nous aimons le moins<\/strong><\/p>\n\n\n\n<ul class=\"wp-block-list\">\n<li>Odeur intense en floraison.<\/li>\n<\/ul>\n<\/div>\n<\/div>\n\n\n\n<div style=\"height:50px\" aria-hidden=\"true\" class=\"wp-block-spacer uag-hide-mob\"><\/div>\n\n\n\n<h2 class=\"wp-block-heading\">Questions fr\u00e9quentes<\/h2>\n\n\n\n<p>Si vous avez des questions sur la culture de ces graines en vrac bon march\u00e9, nous r\u00e9pondons aux questions les plus courantes ci-dessous :<\/p>\n\n\n<div id=\"rank-math-faq\" class=\"rank-math-block\">\n<div class=\"rank-math-list \">\n<div id=\"faq-question-1663029074962\" class=\"rank-math-list-item\">\n<h3 class=\"rank-math-question \">Quand commence la floraison de la Lemon Haze Auto ?<\/h3>\n<div class=\"rank-math-answer \">\n\n<p>La phase de croissance est tr\u00e8s courte, seulement 3-4 semaines. Ensuite, les plantes commenceront \u00e0 fleurir.<\/p>\n\n<\/div>\n<\/div>\n<div id=\"faq-question-1663029159933\" class=\"rank-math-list-item\">\n<h3 class=\"rank-math-question \">Quand r\u00e9colter la Lemon Haze Auto apr\u00e8s la germination ?<\/h3>\n<div class=\"rank-math-answer \">\n\n<p>Au total, elle est r\u00e9colt\u00e9e en 65-70 jours, en comptant \u00e0 partir de la germination des graines.<\/p>\n\n<\/div>\n<\/div>\n<div id=\"faq-question-1663029165861\" class=\"rank-math-list-item\">\n<h3 class=\"rank-math-question \">Comment cultiver une Lemon Haze Auto f\u00e9minis\u00e9e ?<\/h3>\n<div class=\"rank-math-answer \">\n\n<p>C&#8217;est une plante de cannabis tr\u00e8s facile \u00e0 cultiver, r\u00e9sistante et discr\u00e8te. Utilisez un grand pot d\u00e8s le premier jour pour permettre aux plantes de devenir plus grandes.<\/p>\n\n<\/div>\n<\/div>\n<div id=\"faq-question-1666780029954\" class=\"rank-math-list-item\">\n<h3 class=\"rank-math-question \">Quels sont les effets de Lemon Haze Auto en vrac ?<\/h3>\n<div class=\"rank-math-answer \">\n\n<p>Les effets sont puissants, tr\u00e8s \u00e9nergiques, joyeux et cr\u00e9atifs. C&#8217;est la vari\u00e9t\u00e9 de cannabis parfaite pour fumer pendant la journ\u00e9e.<\/p>\n\n<\/div>\n<\/div>\n<\/div>\n<\/div>","protected":false},"excerpt":{"rendered":"<p>Lemon Haze Auto est un croisement \u00e0 dominance Sativa entre Super Silver Haze x Lemon Skunk x Ruderalis. C&#8217;est une plante id\u00e9ale pour les petits espaces ext\u00e9rieurs gr\u00e2ce \u00e0 sa taille discr\u00e8te de 80-110 cm. Elle a un cycle de vie tr\u00e8s court et sera r\u00e9colt\u00e9e apr\u00e8s 65-70 jours \u00e0 partir de la germination. Les t\u00eates sont grandes, allong\u00e9es, denses et onctueuses, avec un agr\u00e9able ar\u00f4me de citron tr\u00e8s suggestif. Les effets sont positifs, vous oublierez tous vos probl\u00e8mes, votre corps sera charg\u00e9 d&#8217;\u00e9nergie et votre esprit coulera avec une \u00e9norme cr\u00e9ativit\u00e9.<\/p>\n","protected":false},"featured_media":11731,"comment_status":"open","ping_status":"closed","template":"","meta":{"_acf_changed":false,"inline_featured_image":false,"_uag_custom_page_level_css":""},"product_brand":[],"product_cat":[2265],"product_tag":[],"class_list":{"0":"post-10596","1":"product","2":"type-product","3":"status-publish","4":"has-post-thumbnail","6":"product_cat-graines-autofloraison-en-gros","8":"first","9":"instock","10":"taxable","11":"shipping-taxable","12":"purchasable","13":"product-type-simple"},"acf":[],"uagb_featured_image_src":{"full":["https:\/\/bulkgenetics.com\/wp-content\/uploads\/2022\/10\/lemon-haze-auto.jpg",1600,1600,false],"thumbnail":["https:\/\/bulkgenetics.com\/wp-content\/uploads\/2022\/10\/lemon-haze-auto-150x150.jpg",150,150,true],"medium":["https:\/\/bulkgenetics.com\/wp-content\/uploads\/2022\/10\/lemon-haze-auto-300x300.jpg",300,300,true],"medium_large":["https:\/\/bulkgenetics.com\/wp-content\/uploads\/2022\/10\/lemon-haze-auto-768x768.jpg",768,768,true],"large":["https:\/\/bulkgenetics.com\/wp-content\/uploads\/2022\/10\/lemon-haze-auto-1024x1024.jpg",1024,1024,true],"1536x1536":["https:\/\/bulkgenetics.com\/wp-content\/uploads\/2022\/10\/lemon-haze-auto-1536x1536.jpg",1536,1536,true],"2048x2048":["https:\/\/bulkgenetics.com\/wp-content\/uploads\/2022\/10\/lemon-haze-auto.jpg",1600,1600,false],"commercegurus-pdp-large":["https:\/\/bulkgenetics.com\/wp-content\/uploads\/2022\/10\/lemon-haze-auto-990x990.jpg",990,990,true],"commercegurus-plp-mobile":["https:\/\/bulkgenetics.com\/wp-content\/uploads\/2022\/10\/lemon-haze-auto-441x441.jpg",441,441,true],"cgkit_image_swatch":["https:\/\/bulkgenetics.com\/wp-content\/uploads\/2022\/10\/lemon-haze-auto-100x100.jpg",100,100,true],"woocommerce_thumbnail":["https:\/\/bulkgenetics.com\/wp-content\/uploads\/2022\/10\/lemon-haze-auto-300x300.jpg",300,300,true],"woocommerce_single":["https:\/\/bulkgenetics.com\/wp-content\/uploads\/2022\/10\/lemon-haze-auto-800x800.jpg",800,800,true],"woocommerce_gallery_thumbnail":["https:\/\/bulkgenetics.com\/wp-content\/uploads\/2022\/10\/lemon-haze-auto-150x150.jpg",150,150,true],"dgwt-wcas-product-suggestion":["https:\/\/bulkgenetics.com\/wp-content\/uploads\/2022\/10\/lemon-haze-auto-64x64.jpg",64,64,true]},"uagb_author_info":{"display_name":"J\u00e9r\u00f4me","author_link":"https:\/\/bulkgenetics.com\/fr\/author\/"},"uagb_comment_info":1,"uagb_excerpt":"Lemon Haze Auto est un croisement \u00e0 dominance Sativa entre Super Silver Haze x Lemon Skunk x Ruderalis. C'est une plante id\u00e9ale pour les petits espaces ext\u00e9rieurs gr\u00e2ce \u00e0 sa taille discr\u00e8te de 80-110 cm. Elle a un cycle de vie tr\u00e8s court et sera r\u00e9colt\u00e9e apr\u00e8s 65-70 jours \u00e0 partir de la germination. Les\u2026","_links":{"self":[{"href":"https:\/\/bulkgenetics.com\/fr\/wp-json\/wp\/v2\/product\/10596","targetHints":{"allow":["GET"]}}],"collection":[{"href":"https:\/\/bulkgenetics.com\/fr\/wp-json\/wp\/v2\/product"}],"about":[{"href":"https:\/\/bulkgenetics.com\/fr\/wp-json\/wp\/v2\/types\/product"}],"replies":[{"embeddable":true,"href":"https:\/\/bulkgenetics.com\/fr\/wp-json\/wp\/v2\/comments?post=10596"}],"wp:featuredmedia":[{"embeddable":true,"href":"https:\/\/bulkgenetics.com\/fr\/wp-json\/wp\/v2\/media\/11731"}],"wp:attachment":[{"href":"https:\/\/bulkgenetics.com\/fr\/wp-json\/wp\/v2\/media?parent=10596"}],"wp:term":[{"taxonomy":"product_brand","embeddable":true,"href":"https:\/\/bulkgenetics.com\/fr\/wp-json\/wp\/v2\/product_brand?post=10596"},{"taxonomy":"product_cat","embeddable":true,"href":"https:\/\/bulkgenetics.com\/fr\/wp-json\/wp\/v2\/product_cat?post=10596"},{"taxonomy":"product_tag","embeddable":true,"href":"https:\/\/bulkgenetics.com\/fr\/wp-json\/wp\/v2\/product_tag?post=10596"}],"curies":[{"name":"wp","href":"https:\/\/api.w.org\/{rel}","templated":true}]}}