{"id":10597,"date":"2022-10-04T16:48:31","date_gmt":"2022-10-04T14:48:31","guid":{"rendered":"https:\/\/www.bulkgenetics.com\/og-kush-cbd-auto\/"},"modified":"2024-10-08T01:13:49","modified_gmt":"2024-10-07T23:13:49","slug":"og-kush-cbd-auto","status":"publish","type":"product","link":"https:\/\/bulkgenetics.com\/fr\/og-kush-cbd-auto\/","title":{"rendered":"OG Kush CBD Auto"},"content":{"rendered":"\n<p><strong>OG Kush CBD Auto<\/strong> est la version la plus rapide et la plus th\u00e9rapeutique de la grande l\u00e9gende am\u00e9ricaine.<strong> Elle pr\u00e9sente des ratios THC:CBD entre 1:1 et 1:3<\/strong>, avec jusqu&#8217;\u00e0 trois fois plus de CBD que de THC. Elle a le gout classique de cannabis, elle sent le cannabis, mais ne provoque pas les effets typiques du cannabis.<\/p>\n\n\n\n<p><strong><a href=\"https:\/\/bulkgenetics.com\/fr\/og-kush\/\">OG Kush<\/a> <\/strong> est probablement un croisement <strong>Chemdawg x Lemon Thai\/Hindu Kush<\/strong> d\u00e9velopp\u00e9 sur la c\u00f4te ouest des \u00c9tats-Unis en Californie. OG est l&#8217;abr\u00e9viation de <em>Ocean Grow<\/em>. C&#8217;est-\u00e0-dire une Kush qui pousse dans l&#8217;oc\u00e9an ou proche dans ce cas proche.<\/p>\n\n\n\n<p>C&#8217;est la g\u00e9n\u00e9tique la plus demand\u00e9e dans les dispensaires de cannabis m\u00e9dical en Am\u00e9rique du Nord et elle a donn\u00e9 naissance \u00e0 certains des hybrides les plus puissants d&#8217;aujourd&#8217;hui, comme la <strong><a href=\"https:\/\/bulkgenetics.com\/fr\/bruce-banner\/\">Bruce Banner<\/a> <\/strong>, la<strong> <a href=\"https:\/\/bulkgenetics.com\/fr\/girl-scout-cookies\/\">Girl Scout Cookies <\/a> <\/strong>, la <strong><a href=\"https:\/\/bulkgenetics.com\/fr\/gelato-33\/\">Gelato<\/a> <\/strong>ou la <strong><a href=\"https:\/\/bulkgenetics.com\/fr\/candy-kush\/\">Kandy Kush<\/a> <\/strong>.<\/p>\n\n\n\n<h2 class=\"wp-block-heading\">Cultiver OG Kush CBD Auto<\/h2>\n\n\n\n<p>C&#8217;est une plante tr\u00e8s simple et r\u00e9sistante qui pousse rapidement pour atteindre une hauteur maximale de 130 cm. C&#8217;est une grande plante autofloraison avec des rendements sup\u00e9rieurs \u00e0 la moyenne.<\/p>\n\n\n\n<p>Sa p\u00e9riode de croissance est tr\u00e8s courte, apr\u00e8s <strong>3-4 semaines de germination, les graines commenceront \u00e0 fleurir<\/strong>. Pendant cette p\u00e9riode, il faut laisser les plantes pousser autant que possible. Les producteurs optent souvent pour un grand pot d\u00e8s le premier jour pour \u00e9viter le ralentissement typique apr\u00e8s le rempotage.<\/p>\n\n\n\n<p>C&#8217;est aussi une g\u00e9n\u00e9tique tr\u00e8s rapide qui <strong>se r\u00e9colte en un total de 70 jours<\/strong> \u00e0 partir de la germination. Il est possible de r\u00e9aliser jusqu&#8217;\u00e0 3 cultures cons\u00e9cutives tout au long de la saison ext\u00e9rieure.<\/p>\n\n\n\n<h2 class=\"wp-block-heading\">Caract\u00e9ristiques de la OG Kush CBD Auto<\/h2>\n\n\n\n<p>Les t\u00eates ne sont pas excessivement grosses, plut\u00f4t d&#8217;une taille moyenne, plut\u00f4t comme des balles de golf. Par contre, elles sont  tr\u00e8s nombreuses, particuli\u00e8rement compactes et super collantes. C&#8217;est une g\u00e9n\u00e9tique classique aux \u00c9tats-Unis pour la fabrication du BHO et du Rosin.<\/p>\n\n\n\n<p>L&#8217;<strong>ar\u00f4me et la saveur<\/strong> sont fid\u00e8les \u00e0 sa m\u00e8re OG Kush, domin\u00e9e par des notes d&#8217;agrumes citronn\u00e9es avec l&#8217;aigreur de carburant classique des hybrides Chemdawg.<\/p>\n\n\n\n<p>Les <strong>effets <\/strong>psychoactifs sont l\u00e9gers \u00e0 mod\u00e9r\u00e9s. Les niveaux de THC vont de 5 \u00e0 10 %, tandis que les <strong>niveaux de CBD vont de 10 \u00e0 15 %<\/strong>. Elle provoque des sentiments de bonheur et de bien-\u00eatre, avec une relaxation corporelle int\u00e9ressante et sans blocages.<\/p>\n\n\n\n<p>En termes de rendement, en ext\u00e9rieur et sur des plantes plus grandes, vous pouvez esp\u00e9rer jusqu&#8217;\u00e0 150 grammes de t\u00eates par plante. \u00c0 l&#8217;int\u00e9rieur, elle donnera <strong>400-450 grammes par m\u00b2<\/strong> sans trop d&#8217;efforts.<\/p>\n\n\n\n<div style=\"height:50px\" aria-hidden=\"true\" class=\"wp-block-spacer uag-hide-mob\"><\/div>\n\n\n\n<div class=\"wp-block-columns is-layout-flex wp-container-core-columns-is-layout-28f84493 wp-block-columns-is-layout-flex\">\n<div class=\"wp-block-column is-layout-flow wp-block-column-is-layout-flow\">\n<p class=\"has-text-align-center has-medium-font-size\"><strong>Ce que nous aimons le plus<\/strong><\/p>\n\n\n\n<ul class=\"wp-block-list\">\n<li>Tr\u00e8s facile \u00e0 cultiver.<\/li>\n\n\n\n<li>Production abondante.<\/li>\n\n\n\n<li>Se r\u00e9colte en seulement 70 jours.<\/li>\n\n\n\n<li>Go\u00fbt authentique d&#8217;OG.<\/li>\n\n\n\n<li>Tr\u00e8s th\u00e9rapeutique.<\/li>\n\n\n\n<li>Effets heureux et relaxants, sans blocages.<\/li>\n\n\n\n<li>Son prix.<\/li>\n<\/ul>\n<\/div>\n\n\n\n<div class=\"wp-block-column is-layout-flow wp-block-column-is-layout-flow\">\n<p class=\"has-text-align-center has-medium-font-size\"><strong>Ce que nous aimons le moins<\/strong><\/p>\n\n\n\n<ul class=\"wp-block-list\">\n<li>Si tu cherches un high puissant, ce n&#8217;est pas la plante qu&#8217;il vous faut.<\/li>\n<\/ul>\n<\/div>\n<\/div>\n\n\n\n<div style=\"height:50px\" aria-hidden=\"true\" class=\"wp-block-spacer uag-hide-mob\"><\/div>\n\n\n\n<h2 class=\"wp-block-heading\">Questions fr\u00e9quentes<\/h2>\n\n\n\n<p>Vous trouverez ci-dessous les r\u00e9ponses \u00e0 certaines des questions les plus courantes que nous posent les cultivateurs int\u00e9ress\u00e9s par cette g\u00e9n\u00e9tique :<\/p>\n\n\n<div id=\"rank-math-faq\" class=\"rank-math-block\">\n<div class=\"rank-math-list \">\n<div id=\"faq-question-1663029074962\" class=\"rank-math-list-item\">\n<h3 class=\"rank-math-question \">Quand commence la floraison de la OG Kush CBD Auto ?<\/h3>\n<div class=\"rank-math-answer \">\n\n<p>Environ 3-4 semaines apr\u00e8s que la germination des graines, la phase de floraison commencera.<\/p>\n\n<\/div>\n<\/div>\n<div id=\"faq-question-1663029159933\" class=\"rank-math-list-item\">\n<h3 class=\"rank-math-question \">Quand r\u00e9colter une OG Kush CBD Auto apr\u00e8s la germination ?<\/h3>\n<div class=\"rank-math-answer \">\n\n<p>Elle sera r\u00e9colt\u00e9e en 70 jours \u00e0 partir de la germination.<\/p>\n\n<\/div>\n<\/div>\n<div id=\"faq-question-1663029165861\" class=\"rank-math-list-item\">\n<h3 class=\"rank-math-question \">Comment cultiver la OG Kush CBD Auto f\u00e9minis\u00e9e ?<\/h3>\n<div class=\"rank-math-answer \">\n\n<p>Elle est tr\u00e8s facile \u00e0 cultiver. Si vous utilisez un grand pot d\u00e8s le premier jour, les plantes peuvent atteindre 130 cm de hauteur.<\/p>\n\n<\/div>\n<\/div>\n<div id=\"faq-question-1666780029954\" class=\"rank-math-list-item\">\n<h3 class=\"rank-math-question \">Quels sont les effets de la OG Kush CBD Auto en vrac ?<\/h3>\n<div class=\"rank-math-answer \">\n\n<p>Elle a des effets psychoactifs l\u00e9gers. Elle d\u00e9tend le corps et \u00e9gaie l&#8217;esprit, sans blocages d&#8217;aucune sorte.<\/p>\n\n<\/div>\n<\/div>\n<\/div>\n<\/div>","protected":false},"excerpt":{"rendered":"<p>OG Kush CBD Auto est la version la plus rapide et la plus riche en cannabidiol ou CBD de la l\u00e9gende am\u00e9ricaine. Elle est parfaite pour les personnes qui recherchent les bienfaits du cannabis sans avoir \u00e0 subir les effets psychoactifs du THC. C&#8217;est une plante facile \u00e0 cultiver qui atteint une hauteur maximale de 130 cm, tr\u00e8s discr\u00e8te pour pousser sur les balcons ou les terrasses. Les t\u00eates sont grandes, rondes, dures et r\u00e9sineuses, avec un extraordinaire ar\u00f4me d&#8217;agrumes, de pin et de terre. Les effets sont relaxants et clairs, sans provoquer de lourdeur mentale d&#8217;aucune sorte.<\/p>\n","protected":false},"featured_media":11961,"comment_status":"open","ping_status":"closed","template":"","meta":{"_acf_changed":false,"inline_featured_image":false,"_uag_custom_page_level_css":""},"product_brand":[],"product_cat":[2265],"product_tag":[],"class_list":{"0":"post-10597","1":"product","2":"type-product","3":"status-publish","4":"has-post-thumbnail","6":"product_cat-graines-autofloraison-en-gros","8":"first","9":"instock","10":"taxable","11":"shipping-taxable","12":"purchasable","13":"product-type-simple"},"acf":[],"uagb_featured_image_src":{"full":["https:\/\/bulkgenetics.com\/wp-content\/uploads\/2022\/10\/og-kush-cbd-auto.jpg",1600,1600,false],"thumbnail":["https:\/\/bulkgenetics.com\/wp-content\/uploads\/2022\/10\/og-kush-cbd-auto-150x150.jpg",150,150,true],"medium":["https:\/\/bulkgenetics.com\/wp-content\/uploads\/2022\/10\/og-kush-cbd-auto-300x300.jpg",300,300,true],"medium_large":["https:\/\/bulkgenetics.com\/wp-content\/uploads\/2022\/10\/og-kush-cbd-auto-768x768.jpg",768,768,true],"large":["https:\/\/bulkgenetics.com\/wp-content\/uploads\/2022\/10\/og-kush-cbd-auto-1024x1024.jpg",1024,1024,true],"1536x1536":["https:\/\/bulkgenetics.com\/wp-content\/uploads\/2022\/10\/og-kush-cbd-auto-1536x1536.jpg",1536,1536,true],"2048x2048":["https:\/\/bulkgenetics.com\/wp-content\/uploads\/2022\/10\/og-kush-cbd-auto.jpg",1600,1600,false],"commercegurus-pdp-large":["https:\/\/bulkgenetics.com\/wp-content\/uploads\/2022\/10\/og-kush-cbd-auto-990x990.jpg",990,990,true],"commercegurus-plp-mobile":["https:\/\/bulkgenetics.com\/wp-content\/uploads\/2022\/10\/og-kush-cbd-auto-441x441.jpg",441,441,true],"cgkit_image_swatch":["https:\/\/bulkgenetics.com\/wp-content\/uploads\/2022\/10\/og-kush-cbd-auto-100x100.jpg",100,100,true],"woocommerce_thumbnail":["https:\/\/bulkgenetics.com\/wp-content\/uploads\/2022\/10\/og-kush-cbd-auto-300x300.jpg",300,300,true],"woocommerce_single":["https:\/\/bulkgenetics.com\/wp-content\/uploads\/2022\/10\/og-kush-cbd-auto-800x800.jpg",800,800,true],"woocommerce_gallery_thumbnail":["https:\/\/bulkgenetics.com\/wp-content\/uploads\/2022\/10\/og-kush-cbd-auto-150x150.jpg",150,150,true],"dgwt-wcas-product-suggestion":["https:\/\/bulkgenetics.com\/wp-content\/uploads\/2022\/10\/og-kush-cbd-auto-64x64.jpg",64,64,true]},"uagb_author_info":{"display_name":"J\u00e9r\u00f4me","author_link":"https:\/\/bulkgenetics.com\/fr\/author\/"},"uagb_comment_info":0,"uagb_excerpt":"OG Kush CBD Auto est la version la plus rapide et la plus riche en cannabidiol ou CBD de la l\u00e9gende am\u00e9ricaine. Elle est parfaite pour les personnes qui recherchent les bienfaits du cannabis sans avoir \u00e0 subir les effets psychoactifs du THC. C'est une plante facile \u00e0 cultiver qui atteint une hauteur maximale de\u2026","_links":{"self":[{"href":"https:\/\/bulkgenetics.com\/fr\/wp-json\/wp\/v2\/product\/10597","targetHints":{"allow":["GET"]}}],"collection":[{"href":"https:\/\/bulkgenetics.com\/fr\/wp-json\/wp\/v2\/product"}],"about":[{"href":"https:\/\/bulkgenetics.com\/fr\/wp-json\/wp\/v2\/types\/product"}],"replies":[{"embeddable":true,"href":"https:\/\/bulkgenetics.com\/fr\/wp-json\/wp\/v2\/comments?post=10597"}],"wp:featuredmedia":[{"embeddable":true,"href":"https:\/\/bulkgenetics.com\/fr\/wp-json\/wp\/v2\/media\/11961"}],"wp:attachment":[{"href":"https:\/\/bulkgenetics.com\/fr\/wp-json\/wp\/v2\/media?parent=10597"}],"wp:term":[{"taxonomy":"product_brand","embeddable":true,"href":"https:\/\/bulkgenetics.com\/fr\/wp-json\/wp\/v2\/product_brand?post=10597"},{"taxonomy":"product_cat","embeddable":true,"href":"https:\/\/bulkgenetics.com\/fr\/wp-json\/wp\/v2\/product_cat?post=10597"},{"taxonomy":"product_tag","embeddable":true,"href":"https:\/\/bulkgenetics.com\/fr\/wp-json\/wp\/v2\/product_tag?post=10597"}],"curies":[{"name":"wp","href":"https:\/\/api.w.org\/{rel}","templated":true}]}}