{"id":10605,"date":"2022-10-04T16:43:55","date_gmt":"2022-10-04T14:43:55","guid":{"rendered":"https:\/\/www.bulkgenetics.com\/jack-herer-auto\/"},"modified":"2024-10-08T01:13:50","modified_gmt":"2024-10-07T23:13:50","slug":"jack-herer-auto","status":"publish","type":"product","link":"https:\/\/bulkgenetics.com\/fr\/jack-herer-auto\/","title":{"rendered":"Jack Herer Auto"},"content":{"rendered":"\n<p><strong>Jack Herer Auto<\/strong> est notre version autofloraison de l&#8217;une des vari\u00e9t\u00e9s de cannabis les plus d\u00e9licieuses et les plus puissantes jamais cr\u00e9\u00e9es, laur\u00e9ate de multiples prix, coupes et mentions qui corroborent son \u00e9norme qualit\u00e9.<\/p>\n\n\n\n<p>Cette vari\u00e9t\u00e9 \u00e0 dominance Sativa <strong>a \u00e9t\u00e9 cr\u00e9\u00e9e <\/strong>comme un<strong> hommage de Sensi Seeds pour leur ami Jack Herer<\/strong>, activiste du cannabis et auteur d&#8217;ouvrages tels que <em>L&#8217;Empereur est nu<\/em>, o\u00f9 il nous raconte ce que serait un avenir avec le cannabis comme substitut aux combustibles fossiles.<\/p>\n\n\n\n<p>Le d\u00e9veloppement des trois vari\u00e9t\u00e9s les plus influentes de l&#8217;histoire, <strong>Skunk, Haze et Northern Lights #5<\/strong>, est une combinaison encore difficile \u00e0 d\u00e9chiffrer aujourd&#8217;hui.  <\/p>\n\n\n\n<p>De nos jours, il existe de nombreuses banques de graines qui ont leurs propres versions ou hybrodes bas\u00e9es sur une s\u00e9lection de <a href=\"https:\/\/bulkgenetics.com\/fr\/jack-herer\/\">Jack Herer<\/a>, comme par exemple Advanced Seeds ou Greenhouse, et la Critical Jack Herer, la Black Jack ou la Jack 47.<\/p>\n\n\n\n<h2 class=\"wp-block-heading\">Comment cultiver la Jack Herer Auto<\/h2>\n\n\n\n<p>C&#8217;est une plante \u00e0 croissance rapide, tr\u00e8s facile \u00e0 cultiver et r\u00e9sistante \u00e0 l&#8217;int\u00e9rieur comme \u00e0 l&#8217;ext\u00e9rieur. <strong>Elle reste sous une hauteur d&#8217;un m\u00e8tre<\/strong>, parfaite pour les petites terrasses ou les balcons o\u00f9 elle n&#8217;attirera pas l&#8217;attention des curieux.<\/p>\n\n\n\n<p>Les vari\u00e9t\u00e9s de cannabis autofloraison ont toutes un comportement  similaire. <strong>Elles poussent pendant environ 3-4 semaines et commencent ensuite \u00e0 fleurir<\/strong>, quelle que soit leur taille et le nombre d&#8217;heures de lumi\u00e8re qu&#8217;elles re\u00e7oivent.<\/p>\n\n\n\n<p>Pendant cette courte phase, il faut laisser les plantes pousser sans faire de pause, et donc \u00e9viter les rempotage. Nous vous recommandons d&#8217;opter d\u00e8s le d\u00e9part pour un pot d&#8217;au moins 20 litres, et bien s\u00fbr, un bon substrat.<\/p>\n\n\n\n<p>Depuis la germination, les <strong>t\u00eates sont r\u00e9colt\u00e9es en seulement 65 jours<\/strong>. Tout le monde peut faire pousser jusqu&#8217;\u00e0 3 cultures cons\u00e9cutives pendant toute la saison de culture ext\u00e9rieure.<\/p>\n\n\n\n<h2 class=\"wp-block-heading\">Caract\u00e9ristiques de la Jack Herer Auto<\/h2>\n\n\n\n<p>Les <strong>fleurs sont tr\u00e8s grandes, compactes et r\u00e9sineuses<\/strong>. Son influence de Skunk rend son odeur tr\u00e8s intense pendant la floraison. \u00c0 l&#8217;int\u00e9rieur, nous vous recommandons d&#8217;utiliser un bon syst\u00e8me anti-odeur.<\/p>\n\n\n\n<p>L&#8217;<strong> ar\u00f4me et le go\u00fbt<\/strong> sont d\u00e9licieux, classique de la vieille \u00e9cole hollandaise. Notes d&#8217;\u00e9pices, d&#8217;herbes fra\u00eeches, de poivre et de bois de pin.<\/p>\n\n\n\n<p>Les <strong>effets <\/strong>sont tr\u00e8s puissants, une temp\u00eate de sentiments positifs, cr\u00e9atifs, \u00e9nergiques balaie votre corps et vous fait planer pendant de longues heures.<\/p>\n\n\n\n<p>Le rendement est tr\u00e8s important compte tenu de sa taille compacte. Les plantes les plus hautes offriront <strong>jusqu&#8217;\u00e0 200 grammes par plante<\/strong>. En int\u00e9rieur, avec un \u00e9clairage LED de 300-350 W, les rendements seront de <strong>450-550 grammes par m\u00b2<\/strong>.<\/p>\n\n\n\n<div style=\"height:50px\" aria-hidden=\"true\" class=\"wp-block-spacer uag-hide-mob\"><\/div>\n\n\n\n<div class=\"wp-block-columns is-layout-flex wp-container-core-columns-is-layout-28f84493 wp-block-columns-is-layout-flex\">\n<div class=\"wp-block-column is-layout-flow wp-block-column-is-layout-flow\">\n<p class=\"has-text-align-center has-medium-font-size\"><strong>Ce que nous aimons le plus<\/strong><\/p>\n\n\n\n<ul class=\"wp-block-list\">\n<li>Tr\u00e8s facile \u00e0 cultiver.<\/li>\n\n\n\n<li>Production abondante.<\/li>\n\n\n\n<li>Elle se r\u00e9colte en seulement 65 jours.<\/li>\n\n\n\n<li>Une v\u00e9ritable saveur old school.<\/li>\n\n\n\n<li>Effets euphoriques, \u00e9nergiques et heureux.<\/li>\n\n\n\n<li>Son prix.<\/li>\n<\/ul>\n<\/div>\n\n\n\n<div class=\"wp-block-column is-layout-flow wp-block-column-is-layout-flow\">\n<p class=\"has-text-align-center has-medium-font-size\"><strong>Ce que nous aimons le moins<\/strong><\/p>\n\n\n\n<ul class=\"wp-block-list\">\n<li>Odeur intense en floraison.<\/li>\n<\/ul>\n<\/div>\n<\/div>\n\n\n\n<div style=\"height:50px\" aria-hidden=\"true\" class=\"wp-block-spacer uag-hide-mob\"><\/div>\n\n\n\n<h2 class=\"wp-block-heading\">Questions fr\u00e9quentes<\/h2>\n\n\n\n<p>Vous trouverez ci-dessous les r\u00e9ponses aux questions les plus fr\u00e9quemment pos\u00e9es par les cultivateurs int\u00e9ress\u00e9s par cette vari\u00e9t\u00e9 de cannabis :<\/p>\n\n\n<div id=\"rank-math-faq\" class=\"rank-math-block\">\n<div class=\"rank-math-list \">\n<div id=\"faq-question-1663029074962\" class=\"rank-math-list-item\">\n<h3 class=\"rank-math-question \">Quand commence la floraison de la Jack Herer Auto en ext\u00e9rieur ?<\/h3>\n<div class=\"rank-math-answer \">\n\n<p>3-4 semaines apr\u00e8s la germination, les plantes commencent \u00e0 fleurir.<\/p>\n\n<\/div>\n<\/div>\n<div id=\"faq-question-1663029159933\" class=\"rank-math-list-item\">\n<h3 class=\"rank-math-question \">Quand r\u00e9colter la Jack Herer Auto apr\u00e8s la germination ?<\/h3>\n<div class=\"rank-math-answer \">\n\n<p>C&#8217;est une vari\u00e9t\u00e9 de cannabis autofloraison tr\u00e8s rapide. Au total, elle est r\u00e9colt\u00e9e en seulement 65 jours.<\/p>\n\n<\/div>\n<\/div>\n<div id=\"faq-question-1663029165861\" class=\"rank-math-list-item\">\n<h3 class=\"rank-math-question \">Comment cultiver la Jack Herer Auto f\u00e9minis\u00e9e ?<\/h3>\n<div class=\"rank-math-answer \">\n\n<p>Elle est tr\u00e8s facile \u00e0 cultiver, r\u00e9sistante et discr\u00e8te. \u00c9vitez de les rempoter, car cela peut retarder leur croissance. Il est pr\u00e9f\u00e9rable d&#8217;opter pour un grand pot d\u00e8s le d\u00e9part.<\/p>\n\n<\/div>\n<\/div>\n<div id=\"faq-question-1666780029954\" class=\"rank-math-list-item\">\n<h3 class=\"rank-math-question \">Quels sont les effets de Jack Herer Auto en vrac ?<\/h3>\n<div class=\"rank-math-answer \">\n\n<p>Les effets sont tr\u00e8s c\u00e9r\u00e9braux, \u00e9nergiques, euphoriques, cr\u00e9atifs et surtout positifs.<\/p>\n\n<\/div>\n<\/div>\n<\/div>\n<\/div>","protected":false},"excerpt":{"rendered":"<p>Jack Herer Auto a tout ce que les cultivateurs d\u00e9sirent. C&#8217;est une plante simple et peu exigeante qui donne des r\u00e9coltes de qualit\u00e9 sup\u00e9rieure en seulement 65 jours \u00e0 partir de la germination. Avec une taille finale d&#8217;un m\u00e8tre, elle est tr\u00e8s discr\u00e8te et convient aux terrasses et aux balcons. Les \u00e9normes bourgeons sont recouverts d&#8217;une \u00e9paisse couche de r\u00e9sine avec un agr\u00e9able ar\u00f4me d&#8217;herbes, de bois et d&#8217;\u00e9pices qui n&#8217;est qu&#8217;un pr\u00e9lude que le meilleur est \u00e0 venir. Quelques bouff\u00e9es suffiront pour qu&#8217;une vague de sensations positives envahisse votre \u00eatre, vous remplissent d&#8217;\u00e9nergie et de bonheur.<\/p>\n","protected":false},"featured_media":31213,"comment_status":"open","ping_status":"closed","template":"","meta":{"_acf_changed":false,"inline_featured_image":false,"_uag_custom_page_level_css":""},"product_brand":[],"product_cat":[2265],"product_tag":[],"class_list":{"0":"post-10605","1":"product","2":"type-product","3":"status-publish","4":"has-post-thumbnail","6":"product_cat-graines-autofloraison-en-gros","8":"first","9":"instock","10":"taxable","11":"shipping-taxable","12":"purchasable","13":"product-type-simple"},"acf":[],"uagb_featured_image_src":{"full":["https:\/\/bulkgenetics.com\/wp-content\/uploads\/2022\/10\/jack-herer-auto-autoflowering-seeds.jpg",1600,1600,false],"thumbnail":["https:\/\/bulkgenetics.com\/wp-content\/uploads\/2022\/10\/jack-herer-auto-autoflowering-seeds-150x150.jpg",150,150,true],"medium":["https:\/\/bulkgenetics.com\/wp-content\/uploads\/2022\/10\/jack-herer-auto-autoflowering-seeds-300x300.jpg",300,300,true],"medium_large":["https:\/\/bulkgenetics.com\/wp-content\/uploads\/2022\/10\/jack-herer-auto-autoflowering-seeds-768x768.jpg",768,768,true],"large":["https:\/\/bulkgenetics.com\/wp-content\/uploads\/2022\/10\/jack-herer-auto-autoflowering-seeds-1024x1024.jpg",1024,1024,true],"1536x1536":["https:\/\/bulkgenetics.com\/wp-content\/uploads\/2022\/10\/jack-herer-auto-autoflowering-seeds-1536x1536.jpg",1536,1536,true],"2048x2048":["https:\/\/bulkgenetics.com\/wp-content\/uploads\/2022\/10\/jack-herer-auto-autoflowering-seeds.jpg",1600,1600,false],"commercegurus-pdp-large":["https:\/\/bulkgenetics.com\/wp-content\/uploads\/2022\/10\/jack-herer-auto-autoflowering-seeds-990x990.jpg",990,990,true],"commercegurus-plp-mobile":["https:\/\/bulkgenetics.com\/wp-content\/uploads\/2022\/10\/jack-herer-auto-autoflowering-seeds-441x441.jpg",441,441,true],"cgkit_image_swatch":["https:\/\/bulkgenetics.com\/wp-content\/uploads\/2022\/10\/jack-herer-auto-autoflowering-seeds-100x100.jpg",100,100,true],"woocommerce_thumbnail":["https:\/\/bulkgenetics.com\/wp-content\/uploads\/2022\/10\/jack-herer-auto-autoflowering-seeds-300x300.jpg",300,300,true],"woocommerce_single":["https:\/\/bulkgenetics.com\/wp-content\/uploads\/2022\/10\/jack-herer-auto-autoflowering-seeds-800x800.jpg",800,800,true],"woocommerce_gallery_thumbnail":["https:\/\/bulkgenetics.com\/wp-content\/uploads\/2022\/10\/jack-herer-auto-autoflowering-seeds-150x150.jpg",150,150,true],"dgwt-wcas-product-suggestion":["https:\/\/bulkgenetics.com\/wp-content\/uploads\/2022\/10\/jack-herer-auto-autoflowering-seeds-64x64.jpg",64,64,true]},"uagb_author_info":{"display_name":"J\u00e9r\u00f4me","author_link":"https:\/\/bulkgenetics.com\/fr\/author\/"},"uagb_comment_info":0,"uagb_excerpt":"Jack Herer Auto a tout ce que les cultivateurs d\u00e9sirent. C'est une plante simple et peu exigeante qui donne des r\u00e9coltes de qualit\u00e9 sup\u00e9rieure en seulement 65 jours \u00e0 partir de la germination. Avec une taille finale d'un m\u00e8tre, elle est tr\u00e8s discr\u00e8te et convient aux terrasses et aux balcons. Les \u00e9normes bourgeons sont recouverts\u2026","_links":{"self":[{"href":"https:\/\/bulkgenetics.com\/fr\/wp-json\/wp\/v2\/product\/10605","targetHints":{"allow":["GET"]}}],"collection":[{"href":"https:\/\/bulkgenetics.com\/fr\/wp-json\/wp\/v2\/product"}],"about":[{"href":"https:\/\/bulkgenetics.com\/fr\/wp-json\/wp\/v2\/types\/product"}],"replies":[{"embeddable":true,"href":"https:\/\/bulkgenetics.com\/fr\/wp-json\/wp\/v2\/comments?post=10605"}],"wp:featuredmedia":[{"embeddable":true,"href":"https:\/\/bulkgenetics.com\/fr\/wp-json\/wp\/v2\/media\/31213"}],"wp:attachment":[{"href":"https:\/\/bulkgenetics.com\/fr\/wp-json\/wp\/v2\/media?parent=10605"}],"wp:term":[{"taxonomy":"product_brand","embeddable":true,"href":"https:\/\/bulkgenetics.com\/fr\/wp-json\/wp\/v2\/product_brand?post=10605"},{"taxonomy":"product_cat","embeddable":true,"href":"https:\/\/bulkgenetics.com\/fr\/wp-json\/wp\/v2\/product_cat?post=10605"},{"taxonomy":"product_tag","embeddable":true,"href":"https:\/\/bulkgenetics.com\/fr\/wp-json\/wp\/v2\/product_tag?post=10605"}],"curies":[{"name":"wp","href":"https:\/\/api.w.org\/{rel}","templated":true}]}}