{"id":10606,"date":"2022-10-04T13:22:14","date_gmt":"2022-10-04T11:22:14","guid":{"rendered":"https:\/\/www.bulkgenetics.com\/critical-kush-auto\/"},"modified":"2024-10-08T01:13:51","modified_gmt":"2024-10-07T23:13:51","slug":"critical-kush-auto","status":"publish","type":"product","link":"https:\/\/bulkgenetics.com\/fr\/critical-kush-auto\/","title":{"rendered":"Critical Kush Auto"},"content":{"rendered":"\n<p><strong>Critical Kush Auto<\/strong> est une vari\u00e9t\u00e9 de cannabis autofloraison avec une l\u00e9g\u00e8re dominance Indica. Cette g\u00e9n\u00e9tique r\u00e9unit deux des meilleures g\u00e9n\u00e9tiques provenant respectivement de Hollande et des \u00c9tats-Unis.  <\/p>\n\n\n\n<p>D&#8217;un c\u00f4t\u00e9, la Critical Mass de Mr Nice, c\u00e9l\u00e8bre pour \u00eatre <strong>l&#8217;une des vari\u00e9t\u00e9s les plus compl\u00e8tes<\/strong> disponibles sur le march\u00e9. D&#8217;autre part, la OG Kush, une l\u00e9gende californienne connue pour sa puissance et son go\u00fbt exceptionnel.  <\/p>\n\n\n\n<p><a href=\"https:\/\/bulkgenetics.com\/fr\/critical-kush\/\"><strong>Critical Kush<\/strong><\/a> est un hybride tr\u00e8s courant utilis\u00e9 par des banques comme Barney&#8217;s Farm et Dinafem. <strong>La seule diff\u00e9rence que vous trouverez est que nos graines sont moins ch\u00e8res.<\/strong><\/p>\n\n\n\n<h2 class=\"wp-block-heading\">Comment cultiver la Critical Kush Auto<\/h2>\n\n\n\n<p>C&#8217;est la plante typique qui est souvent <strong>recommand\u00e9e aux cultivateurs d\u00e9butants<\/strong> qui recherchent une culture peu compliqu\u00e9e avec d&#8217;excellents r\u00e9sultats.<\/p>\n\n\n\n<p>Elle pousse rapidement et vigoureusement jusqu&#8217;\u00e0 ce qu&#8217;elle atteigne <strong>une hauteur finale d&#8217;un m\u00e8tre<\/strong>. Elle est si discr\u00e8te qu&#8217;elle peut \u00eatre cultiv\u00e9e sur de petites terrasses ou des balcons, o\u00f9 elle passera compl\u00e8tement inaper\u00e7ue.<\/p>\n\n\n\n<p>Apr\u00e8s 3-4 semaines \u00e0 partir de la germination des graines, la phase de floraison commencera. Le rempotage est \u00e0 \u00e9viter, car il s&#8217;agit d&#8217;un stress et certaines plantes ralentiront leur croissance.<\/p>\n\n\n\n<p>La meilleure option est d&#8217;<strong>opter pour un grand pot d\u00e8s le premier jour<\/strong>. Cela permettra aux plantes de pousser de mani\u00e8re ininterrompue et d&#8217;atteindre la plus grande hauteur possible.<\/p>\n\n\n\n<p>\u00c0 partir de la germination,<strong> la r\u00e9colte se fait en seulement 8 semaines<\/strong>. Comme elle est tr\u00e8s facile \u00e0 cultiver, il est possible de faire jusqu&#8217;\u00e0 3 r\u00e9coltes cons\u00e9cutives pendant la saison ext\u00e9rieure.<\/p>\n\n\n\n<h2 class=\"wp-block-heading\">Caract\u00e9ristiques de la Critical Kush Auto<\/h2>\n\n\n\n<p>Les bt\u00eates sont collantes, <strong>dures comme la pierre et tr\u00e8s collantes<\/strong>, tout amateur d&#8217;extraction passionn\u00e9 appr\u00e9ciera le grand rendement et la qualit\u00e9 des r\u00e9sultat obtenue.<\/p>\n\n\n\n<p>L&#8217;<strong>ar\u00f4me et la saveur <\/strong>rappellent la Critical Mass avec ses notes d&#8217;agrumes citronn\u00e9es, compl\u00e9t\u00e9es par des notes de diesel, d&#8217;\u00e9pices et de bois de pin provenant de l&#8217;OG Kush.  <\/p>\n\n\n\n<p>Les <strong>effets<\/strong> produisent un high initial intense et euphorique, qui devient rapidement tr\u00e8s relaxant et permet m\u00eame de trouver le sommeil. C&#8217;est la vari\u00e9t\u00e9 parfaite \u00e0 d\u00e9guster en fin de journ\u00e9e.<\/p>\n\n\n\n<p>Les rendements sont tr\u00e8s \u00e9lev\u00e9s malgr\u00e9 sa taille discr\u00e8te, atteignant <strong>150 grammes par plante<\/strong> en ext\u00e9rieur. En int\u00e9rieur, avec un syst\u00e8me d&#8217;\u00e9clairage LED de 300-350 W, tout le monde peut r\u00e9colter <strong>jusqu&#8217;\u00e0 600 grammes par m\u00b2<\/strong>.<\/p>\n\n\n\n<div style=\"height:50px\" aria-hidden=\"true\" class=\"wp-block-spacer uag-hide-mob\"><\/div>\n\n\n\n<div class=\"wp-block-columns is-layout-flex wp-container-core-columns-is-layout-28f84493 wp-block-columns-is-layout-flex\">\n<div class=\"wp-block-column is-layout-flow wp-block-column-is-layout-flow\">\n<p class=\"has-text-align-center has-medium-font-size\"><strong>Ce que nous aimons le plus<\/strong><\/p>\n\n\n\n<ul class=\"wp-block-list\">\n<li>Tr\u00e8s facile \u00e0 cultiver.<\/li>\n\n\n\n<li>Production abondante.<\/li>\n\n\n\n<li>Elle se r\u00e9colte en seulement 56 jours.<\/li>\n\n\n\n<li>Des t\u00eates tr\u00e8s r\u00e9sineuses.<\/li>\n\n\n\n<li>Effets tr\u00e8s relaxants.<\/li>\n\n\n\n<li>Son prix.<\/li>\n<\/ul>\n<\/div>\n\n\n\n<div class=\"wp-block-column is-layout-flow wp-block-column-is-layout-flow\">\n<p class=\"has-text-align-center has-medium-font-size\"><strong>Ce que nous aimons le moins<\/strong><\/p>\n\n\n\n<ul class=\"wp-block-list\">\n<li>Odorante en floraison.<\/li>\n<\/ul>\n<\/div>\n<\/div>\n\n\n\n<div style=\"height:50px\" aria-hidden=\"true\" class=\"wp-block-spacer uag-hide-mob\"><\/div>\n\n\n\n<h2 class=\"wp-block-heading\">Questions fr\u00e9quentes<\/h2>\n\n\n\n<p>Vous trouverez ci-dessous les r\u00e9ponses aux questions les plus fr\u00e9quemment pos\u00e9es par les cultivateurs int\u00e9ress\u00e9s par cette vari\u00e9t\u00e9 :<\/p>\n\n\n<div id=\"rank-math-faq\" class=\"rank-math-block\">\n<div class=\"rank-math-list \">\n<div id=\"faq-question-1663029074962\" class=\"rank-math-list-item\">\n<h3 class=\"rank-math-question \">Quand commence la floraison de la Critical Kush Auto en ext\u00e9rieur ?<\/h3>\n<div class=\"rank-math-answer \">\n\n<p>La phase de croissance est tr\u00e8s courte. Environ 3-4 semaines apr\u00e8s la germination des graines, les plantes commencent \u00e0 fleurir.<\/p>\n\n<\/div>\n<\/div>\n<div id=\"faq-question-1663029159933\" class=\"rank-math-list-item\">\n<h3 class=\"rank-math-question \">Quand r\u00e9colter la Critical Kush Auto apr\u00e8s la germination ?<\/h3>\n<div class=\"rank-math-answer \">\n\n<p>C&#8217;est une vari\u00e9t\u00e9 de cannabis autofloraison tr\u00e8s rapide qui se r\u00e9colte en 8 semaines au total.<\/p>\n\n<\/div>\n<\/div>\n<div id=\"faq-question-1663029165861\" class=\"rank-math-list-item\">\n<h3 class=\"rank-math-question \">Comment cultiver la Critical Kush Auto f\u00e9minis\u00e9e ?<\/h3>\n<div class=\"rank-math-answer \">\n\n<p>Elle est tr\u00e8s facile \u00e0 cultiver et r\u00e9sistante \u00e0 l&#8217;int\u00e9rieur comme \u00e0 l&#8217;ext\u00e9rieur. \u00c9vitez les rempotages. Optez plut\u00f4t pour un grand pot pour permettre aux plantes d&#8217;atteindre la hauteur maximale possible.<\/p>\n\n<\/div>\n<\/div>\n<div id=\"faq-question-1666780029954\" class=\"rank-math-list-item\">\n<h3 class=\"rank-math-question \">Quels sont les effets de Critical Kush Auto en vrac ?<\/h3>\n<div class=\"rank-math-answer \">\n\n<p>Apr\u00e8s un d\u00e9but tr\u00e8s euphorique, une relaxation extr\u00eame s&#8217;installe. Id\u00e9al pour la fin de la journ\u00e9e ou pour aller se coucher.<\/p>\n\n<\/div>\n<\/div>\n<\/div>\n<\/div>","protected":false},"excerpt":{"rendered":"<p>Critical Kush Auto est une vari\u00e9t\u00e9 autofloraison \u00e0 dominance Indica qui offre des rendements abondants sans complications particuli\u00e8res. C&#8217;est une plante discr\u00e8te qui reste \u00e0 moins d&#8217;un m\u00e8tre de hauteur, parfaite pour pousser sur les terrasses ou les balcons. Elle est aussi tr\u00e8s rapide. \u00c0 partir de la germination, elle sera r\u00e9colt\u00e9e en seulement 8 semaines. Elle produit des bt\u00e8tes \u00e9normes et tr\u00e8s collantes avec un ar\u00f4me et une saveur d&#8217;agrumes, de pin et d&#8217;\u00e9pices. Les effets sont tr\u00e8s puissants et vous berceront dans une profonde relaxation.<\/p>\n","protected":false},"featured_media":30348,"comment_status":"open","ping_status":"closed","template":"","meta":{"_acf_changed":false,"inline_featured_image":false,"_uag_custom_page_level_css":""},"product_brand":[],"product_cat":[2265,4112],"product_tag":[],"class_list":{"0":"post-10606","1":"product","2":"type-product","3":"status-publish","4":"has-post-thumbnail","6":"product_cat-graines-autofloraison-en-gros","7":"product_cat-graines-de-cannabis-a-1-euro","9":"first","10":"instock","11":"sale","12":"taxable","13":"shipping-taxable","14":"purchasable","15":"product-type-simple"},"acf":[],"uagb_featured_image_src":{"full":["https:\/\/bulkgenetics.com\/wp-content\/uploads\/2022\/10\/critical-kush-auto-autoflowering-cannabis-seeds.jpg",1600,1600,false],"thumbnail":["https:\/\/bulkgenetics.com\/wp-content\/uploads\/2022\/10\/critical-kush-auto-autoflowering-cannabis-seeds-150x150.jpg",150,150,true],"medium":["https:\/\/bulkgenetics.com\/wp-content\/uploads\/2022\/10\/critical-kush-auto-autoflowering-cannabis-seeds-300x300.jpg",300,300,true],"medium_large":["https:\/\/bulkgenetics.com\/wp-content\/uploads\/2022\/10\/critical-kush-auto-autoflowering-cannabis-seeds-768x768.jpg",768,768,true],"large":["https:\/\/bulkgenetics.com\/wp-content\/uploads\/2022\/10\/critical-kush-auto-autoflowering-cannabis-seeds-1024x1024.jpg",1024,1024,true],"1536x1536":["https:\/\/bulkgenetics.com\/wp-content\/uploads\/2022\/10\/critical-kush-auto-autoflowering-cannabis-seeds-1536x1536.jpg",1536,1536,true],"2048x2048":["https:\/\/bulkgenetics.com\/wp-content\/uploads\/2022\/10\/critical-kush-auto-autoflowering-cannabis-seeds.jpg",1600,1600,false],"commercegurus-pdp-large":["https:\/\/bulkgenetics.com\/wp-content\/uploads\/2022\/10\/critical-kush-auto-autoflowering-cannabis-seeds-990x990.jpg",990,990,true],"commercegurus-plp-mobile":["https:\/\/bulkgenetics.com\/wp-content\/uploads\/2022\/10\/critical-kush-auto-autoflowering-cannabis-seeds-441x441.jpg",441,441,true],"cgkit_image_swatch":["https:\/\/bulkgenetics.com\/wp-content\/uploads\/2022\/10\/critical-kush-auto-autoflowering-cannabis-seeds-100x100.jpg",100,100,true],"woocommerce_thumbnail":["https:\/\/bulkgenetics.com\/wp-content\/uploads\/2022\/10\/critical-kush-auto-autoflowering-cannabis-seeds-300x300.jpg",300,300,true],"woocommerce_single":["https:\/\/bulkgenetics.com\/wp-content\/uploads\/2022\/10\/critical-kush-auto-autoflowering-cannabis-seeds-800x800.jpg",800,800,true],"woocommerce_gallery_thumbnail":["https:\/\/bulkgenetics.com\/wp-content\/uploads\/2022\/10\/critical-kush-auto-autoflowering-cannabis-seeds-150x150.jpg",150,150,true],"dgwt-wcas-product-suggestion":["https:\/\/bulkgenetics.com\/wp-content\/uploads\/2022\/10\/critical-kush-auto-autoflowering-cannabis-seeds-64x64.jpg",64,64,true]},"uagb_author_info":{"display_name":"J\u00e9r\u00f4me","author_link":"https:\/\/bulkgenetics.com\/fr\/author\/"},"uagb_comment_info":0,"uagb_excerpt":"Critical Kush Auto est une vari\u00e9t\u00e9 autofloraison \u00e0 dominance Indica qui offre des rendements abondants sans complications particuli\u00e8res. C'est une plante discr\u00e8te qui reste \u00e0 moins d'un m\u00e8tre de hauteur, parfaite pour pousser sur les terrasses ou les balcons. Elle est aussi tr\u00e8s rapide. \u00c0 partir de la germination, elle sera r\u00e9colt\u00e9e en seulement 8\u2026","_links":{"self":[{"href":"https:\/\/bulkgenetics.com\/fr\/wp-json\/wp\/v2\/product\/10606","targetHints":{"allow":["GET"]}}],"collection":[{"href":"https:\/\/bulkgenetics.com\/fr\/wp-json\/wp\/v2\/product"}],"about":[{"href":"https:\/\/bulkgenetics.com\/fr\/wp-json\/wp\/v2\/types\/product"}],"replies":[{"embeddable":true,"href":"https:\/\/bulkgenetics.com\/fr\/wp-json\/wp\/v2\/comments?post=10606"}],"wp:featuredmedia":[{"embeddable":true,"href":"https:\/\/bulkgenetics.com\/fr\/wp-json\/wp\/v2\/media\/30348"}],"wp:attachment":[{"href":"https:\/\/bulkgenetics.com\/fr\/wp-json\/wp\/v2\/media?parent=10606"}],"wp:term":[{"taxonomy":"product_brand","embeddable":true,"href":"https:\/\/bulkgenetics.com\/fr\/wp-json\/wp\/v2\/product_brand?post=10606"},{"taxonomy":"product_cat","embeddable":true,"href":"https:\/\/bulkgenetics.com\/fr\/wp-json\/wp\/v2\/product_cat?post=10606"},{"taxonomy":"product_tag","embeddable":true,"href":"https:\/\/bulkgenetics.com\/fr\/wp-json\/wp\/v2\/product_tag?post=10606"}],"curies":[{"name":"wp","href":"https:\/\/api.w.org\/{rel}","templated":true}]}}