{"id":10607,"date":"2022-10-04T16:43:30","date_gmt":"2022-10-04T14:43:30","guid":{"rendered":"https:\/\/www.bulkgenetics.com\/hindu-kush-auto\/"},"modified":"2024-10-08T01:13:50","modified_gmt":"2024-10-07T23:13:50","slug":"hindu-kush-auto","status":"publish","type":"product","link":"https:\/\/bulkgenetics.com\/fr\/hindu-kush-auto\/","title":{"rendered":"Hindu Kush Auto"},"content":{"rendered":"\n<p>Hindu Kush Auto est notre version la plus rapide de l&#8217;une des vari\u00e9t\u00e9s de cannabis Indica les plus spectaculaires et influentes de l&#8217;histoire. C&#8217;est aussi l&#8217;une des g\u00e9n\u00e9tiques les plus cultiv\u00e9es et celle que tout le monde aime pour son go\u00fbt et ses effets.<\/p>\n\n\n\n<p>Hindu Kush est une vari\u00e9t\u00e9 l\u00e9gendaire de Sensi Seeds provenant de la cha\u00eene de montagnes Hindu Kush. C&#8217;est dans cette r\u00e9gion d&#8217;Afghanistan que l&#8217;on trouve la plus forte densit\u00e9 de g\u00e9n\u00e9tique de cannabis Indica, connues sous le nom Hasch Plant.<\/p>\n\n\n\n<p>Aujourd&#8217;hui, bien qu&#8217;elle soit l&#8217;une des plus anciennes g\u00e9n\u00e9tiques commerciales, elle continue d&#8217;\u00eatre un incroyable succ\u00e8s de vente saison apr\u00e8s saison. Sur les sites Web sp\u00e9cialis\u00e9s comme Leafly ou Seedfindes, vous pouvez trouver des critiques et des avis qui sont toujours tr\u00e8s positifs.<\/p>\n\n\n\n<h2 class=\"wp-block-heading\">Comment cultiver l&#8217;Hindu Kush Auto<\/h2>\n\n\n\n<p>Elle est <strong>tr\u00e8s facile \u00e0 cultiver et r\u00e9sistante<\/strong>. Elle pousse tr\u00e8s vigoureusement et avec une structure pyramidale typiquement Indica jusqu&#8217;\u00e0 une hauteur tr\u00e8s discr\u00e8te d&#8217;un m\u00e8tre. C&#8217;est la plante parfaite pour les terrasses ou les petits balcons, o\u00f9 elle n&#8217;attirera pas l&#8217;attention.<\/p>\n\n\n\n<p>Les rempotages repr\u00e9sentent un certain stress qui peut entra\u00eener un ralentissement de la croissance pendant quelques jours. La meilleure option est donc un pot d&#8217;au moins 20 litres d\u00e8s le d\u00e9part. Cela permettra aux plantes de <strong>pousser sans interruption<\/strong> jusqu&#8217;\u00e0 ce que la phase de floraison commence.<\/p>\n\n\n\n<p>Elle est <strong>tr\u00e8s rapide<\/strong> et le cycle de vie total, de la germination \u00e0 la r\u00e9colte, <strong>ne dure que 8-9 semaines<\/strong>. Si la premi\u00e8re r\u00e9colte est lanc\u00e9e au d\u00e9but du printemps, jusqu&#8217;\u00e0 3 r\u00e9coltes ext\u00e9rieures par saison sont possibles.<\/p>\n\n\n\n<h2 class=\"wp-block-heading\">Caract\u00e9ristiques de l&#8217;Hindu Kush Auto<\/h2>\n\n\n\n<p><strong>Les fleurs sont grandes, super compactes et excessivement collantes<\/strong>. Ose faire une extraction de r\u00e9sine et tu d\u00e9couvriras le go\u00fbt et l&#8217;ar\u00f4me authentiques et d\u00e9licieux du haschisch afghan, avec des notes claires de terre, de bois, d&#8217;herbes et d&#8217;\u00e9pices.<\/p>\n\n\n\n<p><strong>Les effets sont puissants et particuli\u00e8rement relaxants<\/strong>. C&#8217;est la vari\u00e9t\u00e9 de cannabis parfaite pour se d\u00e9tendre apr\u00e8s une dure journ\u00e9e ou pour aller se coucher et dormir sans avoir de soucis \u00e0 l&#8217;esprit.<\/p>\n\n\n\n<p>Pour les plantes qui poussent plus haut en ext\u00e9rieur, les rendements pourront atteindre <strong>120 grammes par plante<\/strong>. En int\u00e9rieur, tout cultivateur novice obtiendra jusqu&#8217;\u00e0 550 grammes par m\u00b2 en utilisant un panneau LED de 300-350 W.<\/p>\n\n\n\n<div style=\"height:50px\" aria-hidden=\"true\" class=\"wp-block-spacer uag-hide-mob\"><\/div>\n\n\n\n<div class=\"wp-block-columns is-layout-flex wp-container-core-columns-is-layout-28f84493 wp-block-columns-is-layout-flex\">\n<div class=\"wp-block-column is-layout-flow wp-block-column-is-layout-flow\">\n<p class=\"has-text-align-center has-medium-font-size\"><strong>Ce que nous aimons le plus<\/strong><\/p>\n\n\n\n<ul class=\"wp-block-list\">\n<li>Tr\u00e8s facile \u00e0 cultiver.<\/li>\n\n\n\n<li>Haute production.<\/li>\n\n\n\n<li>R\u00e9colte en seulement 54-63 jours.<\/li>\n\n\n\n<li>Beaucoup, beaucoup de r\u00e9sine.<\/li>\n\n\n\n<li>Des effets tr\u00e8s relaxants.<\/li>\n\n\n\n<li>Son prix.<\/li>\n<\/ul>\n<\/div>\n\n\n\n<div class=\"wp-block-column is-layout-flow wp-block-column-is-layout-flow\">\n<p class=\"has-text-align-center has-medium-font-size\"><strong>Ce que nous aimons le moins<\/strong><\/p>\n\n\n\n<ul class=\"wp-block-list\">\n<li>Dans la journ\u00e9e, cela vous privera de toute envie de faire une activit\u00e9 physique.<\/li>\n<\/ul>\n<\/div>\n<\/div>\n\n\n\n<div style=\"height:50px\" aria-hidden=\"true\" class=\"wp-block-spacer uag-hide-mob\"><\/div>\n\n\n\n<h2 class=\"wp-block-heading\">Questions fr\u00e9quentes<\/h2>\n\n\n\n<p>Vous trouverez ci-dessous les r\u00e9ponses aux questions les plus fr\u00e9quemment pos\u00e9es par les cultivateurs int\u00e9ress\u00e9s par ces g\u00e9n\u00e9tiques :<\/p>\n\n\n<div id=\"rank-math-faq\" class=\"rank-math-block\">\n<div class=\"rank-math-list \">\n<div id=\"faq-question-1663029074962\" class=\"rank-math-list-item\">\n<h3 class=\"rank-math-question \">Quand l&#8217;Hindu Kush Auto commence-t-elle \u00e0 fleurir en ext\u00e9rieur ?<\/h3>\n<div class=\"rank-math-answer \">\n\n<p>Apr\u00e8s environ 3-4 semaines \u00e0 partir de la germination des graines, la floraison commencera.<\/p>\n\n<\/div>\n<\/div>\n<div id=\"faq-question-1663029159933\" class=\"rank-math-list-item\">\n<h3 class=\"rank-math-question \">Combien de temps faut-il pour r\u00e9colter l&#8217;Hindu Kush Auto \u00e0 partir de la germination ?<\/h3>\n<div class=\"rank-math-answer \">\n\n<p>Elle est tr\u00e8s rapide et se r\u00e9colte en seulement 8-9 semaines \u00e0 partir de la germination.<\/p>\n\n<\/div>\n<\/div>\n<div id=\"faq-question-1663029165861\" class=\"rank-math-list-item\">\n<h3 class=\"rank-math-question \">Comment faire pousser une Hindu Kush Auto f\u00e9minis\u00e9e ?<\/h3>\n<div class=\"rank-math-answer \">\n\n<p>C&#8217;est une plante facile et discr\u00e8te qui ne d\u00e9\u00e7oit jamais. Optez pour un grand pot d\u00e8s le d\u00e9part au lieu des rempotages. Les plantes pousseront plus haut et seront plus productives.<\/p>\n\n<\/div>\n<\/div>\n<div id=\"faq-question-1666780029954\" class=\"rank-math-list-item\">\n<h3 class=\"rank-math-question \">Quels sont les effets de l&#8217;Hindu Kush Auto en vrac ?<\/h3>\n<div class=\"rank-math-answer \">\n\n<p>Les effets sont d&#8217;une bonne Indica, tr\u00e8s relaxant et stimulant le sommeil.<\/p>\n\n<\/div>\n<\/div>\n<\/div>\n<\/div>","protected":false},"excerpt":{"rendered":"<p>Hindu Kush Auto est la version la plus rapide de la l\u00e9gendaire Indica de Sensi Seeds, en seulement 8-9 semaines \u00e0 partir de la germination, vous r\u00e9colterez. C&#8217;est une plante discr\u00e8te qui ne d\u00e9passe pas un m\u00e8tre de hauteur, id\u00e9ale pour les terrasses et les balcons o\u00f9 elle sera tenue \u00e0 l&#8217;abri des regards indiscrets. Ses t\u00eates sont grosses, tr\u00e8s compactes et tr\u00e8s r\u00e9sineuses, avec des notes spectaculaires de haschisch. Installez-vous confortablement, car apr\u00e8s quelques bouff\u00e9es, une forte brise s&#8217;emparera de votre corps et vous aurez l&#8217;impression de flotter dans les airs.<\/p>\n","protected":false},"featured_media":11648,"comment_status":"open","ping_status":"closed","template":"","meta":{"_acf_changed":false,"inline_featured_image":false,"_uag_custom_page_level_css":""},"product_brand":[],"product_cat":[2265],"product_tag":[],"class_list":{"0":"post-10607","1":"product","2":"type-product","3":"status-publish","4":"has-post-thumbnail","6":"product_cat-graines-autofloraison-en-gros","8":"first","9":"outofstock","10":"taxable","11":"shipping-taxable","12":"purchasable","13":"product-type-simple"},"acf":[],"uagb_featured_image_src":{"full":["https:\/\/bulkgenetics.com\/wp-content\/uploads\/2022\/10\/hindu-kush-auto.jpg",1600,1600,false],"thumbnail":["https:\/\/bulkgenetics.com\/wp-content\/uploads\/2022\/10\/hindu-kush-auto-150x150.jpg",150,150,true],"medium":["https:\/\/bulkgenetics.com\/wp-content\/uploads\/2022\/10\/hindu-kush-auto-300x300.jpg",300,300,true],"medium_large":["https:\/\/bulkgenetics.com\/wp-content\/uploads\/2022\/10\/hindu-kush-auto-768x768.jpg",768,768,true],"large":["https:\/\/bulkgenetics.com\/wp-content\/uploads\/2022\/10\/hindu-kush-auto-1024x1024.jpg",1024,1024,true],"1536x1536":["https:\/\/bulkgenetics.com\/wp-content\/uploads\/2022\/10\/hindu-kush-auto-1536x1536.jpg",1536,1536,true],"2048x2048":["https:\/\/bulkgenetics.com\/wp-content\/uploads\/2022\/10\/hindu-kush-auto.jpg",1600,1600,false],"commercegurus-pdp-large":["https:\/\/bulkgenetics.com\/wp-content\/uploads\/2022\/10\/hindu-kush-auto-990x990.jpg",990,990,true],"commercegurus-plp-mobile":["https:\/\/bulkgenetics.com\/wp-content\/uploads\/2022\/10\/hindu-kush-auto-441x441.jpg",441,441,true],"cgkit_image_swatch":["https:\/\/bulkgenetics.com\/wp-content\/uploads\/2022\/10\/hindu-kush-auto-100x100.jpg",100,100,true],"woocommerce_thumbnail":["https:\/\/bulkgenetics.com\/wp-content\/uploads\/2022\/10\/hindu-kush-auto-300x300.jpg",300,300,true],"woocommerce_single":["https:\/\/bulkgenetics.com\/wp-content\/uploads\/2022\/10\/hindu-kush-auto-800x800.jpg",800,800,true],"woocommerce_gallery_thumbnail":["https:\/\/bulkgenetics.com\/wp-content\/uploads\/2022\/10\/hindu-kush-auto-150x150.jpg",150,150,true],"dgwt-wcas-product-suggestion":["https:\/\/bulkgenetics.com\/wp-content\/uploads\/2022\/10\/hindu-kush-auto-64x64.jpg",64,64,true]},"uagb_author_info":{"display_name":"J\u00e9r\u00f4me","author_link":"https:\/\/bulkgenetics.com\/fr\/author\/"},"uagb_comment_info":0,"uagb_excerpt":"Hindu Kush Auto est la version la plus rapide de la l\u00e9gendaire Indica de Sensi Seeds, en seulement 8-9 semaines \u00e0 partir de la germination, vous r\u00e9colterez. C'est une plante discr\u00e8te qui ne d\u00e9passe pas un m\u00e8tre de hauteur, id\u00e9ale pour les terrasses et les balcons o\u00f9 elle sera tenue \u00e0 l'abri des regards indiscrets.\u2026","_links":{"self":[{"href":"https:\/\/bulkgenetics.com\/fr\/wp-json\/wp\/v2\/product\/10607","targetHints":{"allow":["GET"]}}],"collection":[{"href":"https:\/\/bulkgenetics.com\/fr\/wp-json\/wp\/v2\/product"}],"about":[{"href":"https:\/\/bulkgenetics.com\/fr\/wp-json\/wp\/v2\/types\/product"}],"replies":[{"embeddable":true,"href":"https:\/\/bulkgenetics.com\/fr\/wp-json\/wp\/v2\/comments?post=10607"}],"wp:featuredmedia":[{"embeddable":true,"href":"https:\/\/bulkgenetics.com\/fr\/wp-json\/wp\/v2\/media\/11648"}],"wp:attachment":[{"href":"https:\/\/bulkgenetics.com\/fr\/wp-json\/wp\/v2\/media?parent=10607"}],"wp:term":[{"taxonomy":"product_brand","embeddable":true,"href":"https:\/\/bulkgenetics.com\/fr\/wp-json\/wp\/v2\/product_brand?post=10607"},{"taxonomy":"product_cat","embeddable":true,"href":"https:\/\/bulkgenetics.com\/fr\/wp-json\/wp\/v2\/product_cat?post=10607"},{"taxonomy":"product_tag","embeddable":true,"href":"https:\/\/bulkgenetics.com\/fr\/wp-json\/wp\/v2\/product_tag?post=10607"}],"curies":[{"name":"wp","href":"https:\/\/api.w.org\/{rel}","templated":true}]}}