{"id":10608,"date":"2022-10-04T13:15:17","date_gmt":"2022-10-04T11:15:17","guid":{"rendered":"https:\/\/www.bulkgenetics.com\/jack-diesel-auto\/"},"modified":"2024-10-08T01:13:52","modified_gmt":"2024-10-07T23:13:52","slug":"jack-diesel-auto","status":"publish","type":"product","link":"https:\/\/bulkgenetics.com\/fr\/jack-diesel-auto\/","title":{"rendered":"Jack Diesel Auto"},"content":{"rendered":"\n<p>Jack Diesel Auto est une vari\u00e9t\u00e9 de cannabis autofloraison et la <strong>version la plus rapide de la NYC Diesel<\/strong>, l&#8217;une des plus c\u00e9l\u00e8bres vari\u00e9t\u00e9s d\u00e9velopp\u00e9es par Soma Seeds.<\/p>\n\n\n\n<p>NYC Diesel trouve ses origines dans la Grosse Pomme, \u00e0 New York. C&#8217;est <strong>un croisement \u00e0 dominance Sativa<\/strong> qui combine Sour Diesel avec un hybride afghan\/hawa\u00efen.<\/p>\n\n\n\n<p>Dans cette version automatique, nous avons opt\u00e9 pour une s\u00e9lection des traits les plus rapides \u00e0 fleurir et les plus sativa.<\/p>\n\n\n\n<h2 class=\"wp-block-heading\">Comment cultiver la Jack Diesel Auto<\/h2>\n\n\n\n<p>C&#8217;est une plante simple, avec une croissance vigoureuse et une hauteur finale tr\u00e8s discr\u00e8te. Elle <strong>reste sous les 110 cm<\/strong>, une taille parfaite pour les balcons ou les terrasses o\u00f9 elle n&#8217;attirera pas l&#8217;attention.<\/p>\n\n\n\n<p>Les vari\u00e9t\u00e9s de cannabis \u00e0 autofloraison ont une p\u00e9riode de croissance tr\u00e8s courte de seulement 3-4 semaines. Optez pour un grand pot et un<strong> substrat riche en nutriments<\/strong> d\u00e8s le premier jour pour permettre aux plantes de grandir le plus possible avant le d\u00e9but de la floraison.<\/p>\n\n\n\n<p>Au total, elle se r\u00e9colte en <strong>environ 8-9 semaines<\/strong>. Comme elle est si rapide, elle peut \u00eatre r\u00e9colt\u00e9e jusqu&#8217;\u00e0 3 fois de suite en ext\u00e9rieur pendant les mois de printemps et d&#8217;\u00e9t\u00e9.<\/p>\n\n\n\n<h2 class=\"wp-block-heading\">Caract\u00e9ristiques de la Jack Diesel Auto<\/h2>\n\n\n\n<p>Les t\u00eates sont spectaculaires, grosses, dures comme la pierre et recouvertes d&#8217;une couche reine cr\u00e9meuse, tr\u00e8s <strong>adapt\u00e9e \u00e0 la fabrication d&#8217;extractions<\/strong> pour des r\u00e9sultats de premi\u00e8re qualit\u00e9.<\/p>\n\n\n\n<p><strong>L&#8217;ar\u00f4me et la saveur classiques du diesel<\/strong>, si typiques des hybrides am\u00e9ricains, dominent, mais avec des notes intenses d&#8217;agrumes comme le pamplemousse.<\/p>\n\n\n\n<p><strong>Les effets sont puissants, \u00e9nergiques<\/strong>, cr\u00e9atifs et sociables, parfaits \u00e0 tout moment de la journ\u00e9e et toujours meilleurs en bonne compagnie.<\/p>\n\n\n\n<p>En termes de rendements et compte tenu de sa taille discr\u00e8te, ils peuvent \u00eatre consid\u00e9r\u00e9s comme tr\u00e8s \u00e9lev\u00e9s. En ext\u00e9rieur, vous pouvez esp\u00e9rer <strong>jusqu&#8217;\u00e0 150 grammes par plante<\/strong> pour les plus grandes. \u00c0 l&#8217;int\u00e9rieur, avec une LED de 300-350 W, n&#8217;importe qui pourra r\u00e9colter <strong>550 grammes par m\u00b2<\/strong>.<\/p>\n\n\n\n<div style=\"height:50px\" aria-hidden=\"true\" class=\"wp-block-spacer uag-hide-mob\"><\/div>\n\n\n\n<div class=\"wp-block-columns is-layout-flex wp-container-core-columns-is-layout-28f84493 wp-block-columns-is-layout-flex\">\n<div class=\"wp-block-column is-layout-flow wp-block-column-is-layout-flow\">\n<p class=\"has-text-align-center has-medium-font-size\"><strong>Ce que nous aimons le plus<\/strong><\/p>\n\n\n\n<ul class=\"wp-block-list\">\n<li>Tr\u00e8s facile \u00e0 cultiver.<\/li>\n\n\n\n<li>Production abondante.<\/li>\n\n\n\n<li>R\u00e9colte en seulement 8-9 semaines.<\/li>\n\n\n\n<li>Go\u00fbt de pamplemousse et de diesel.<\/li>\n\n\n\n<li>Des effets tr\u00e8s heureux, \u00e9nergiques et cr\u00e9atifs.<\/li>\n\n\n\n<li>Son prix.<\/li>\n<\/ul>\n<\/div>\n\n\n\n<div class=\"wp-block-column is-layout-flow wp-block-column-is-layout-flow\">\n<p class=\"has-text-align-center has-medium-font-size\"><strong>Ce que nous aimons le moins<\/strong><\/p>\n\n\n\n<ul class=\"wp-block-list\">\n<li>Odeur intense en floraison.<\/li>\n<\/ul>\n<\/div>\n<\/div>\n\n\n\n<div style=\"height:50px\" aria-hidden=\"true\" class=\"wp-block-spacer uag-hide-mob\"><\/div>\n\n\n\n<h2 class=\"wp-block-heading\">Questions fr\u00e9quentes<\/h2>\n\n\n\n<p>Si vous avez des questions li\u00e9es \u00e0 la culture de cette vari\u00e9t\u00e9 de cannabis automatique, nous r\u00e9pondons ci-dessous aux questions les plus fr\u00e9quentes :<\/p>\n\n\n<div id=\"rank-math-faq\" class=\"rank-math-block\">\n<div class=\"rank-math-list \">\n<div id=\"faq-question-1663029074962\" class=\"rank-math-list-item\">\n<h3 class=\"rank-math-question \">Quand commence la floraison de la Jack Diesel Auto en ext\u00e9rieur ?<\/h3>\n<div class=\"rank-math-answer \">\n\n<p>Apr\u00e8s environ 3-4 semaines, les plantes commenceront \u00e0 fleurir.<\/p>\n\n<\/div>\n<\/div>\n<div id=\"faq-question-1663029159933\" class=\"rank-math-list-item\">\n<h3 class=\"rank-math-question \">Quand r\u00e9colter la Jack Diesel Auto \u00e0 partir de la germination ?<\/h3>\n<div class=\"rank-math-answer \">\n\n<p>\u00c0 partir de la germination, il faut compter 8 \u00e0 9 semaines pour la r\u00e9colte.<\/p>\n\n<\/div>\n<\/div>\n<div id=\"faq-question-1663029165861\" class=\"rank-math-list-item\">\n<h3 class=\"rank-math-question \">Comment cultiver laJack Diesel Auto f\u00e9minis\u00e9e ?<\/h3>\n<div class=\"rank-math-answer \">\n\n<p>C&#8217;est une plante facile et r\u00e9sistante. Utilisez un grand pot avec un bon substrat d\u00e8s le premier jour. Si vous \u00e9vitez de les rempoter , elles grandiront et produiront davantage.<\/p>\n\n<\/div>\n<\/div>\n<div id=\"faq-question-1666780029954\" class=\"rank-math-list-item\">\n<h3 class=\"rank-math-question \">Quels sont les effets de Jack Diesel Auto en vrac ?<\/h3>\n<div class=\"rank-math-answer \">\n\n<p>Les effets sont tr\u00e8s \u00e9nergiques, cr\u00e9atifs et sociaux. C&#8217;est une vari\u00e9t\u00e9 parfaite pour la journ\u00e9e.<\/p>\n\n<\/div>\n<\/div>\n<\/div>\n<\/div>","protected":false},"excerpt":{"rendered":"<p>Jack Diesel Auto est la petite s\u0153ur rapide de la New York City Diesel, la grande l\u00e9gende de la Grosse Pomme. C&#8217;est une vari\u00e9te \u00e0 dominance sativa qui est tr\u00e8s facile \u00e0 cultiver et tr\u00e8s r\u00e9sistante. M\u00eame le cultivateur le plus novice obtiendra les r\u00e9coltes les plus spectaculaires en 8 \u00e0 9 semaines au total. Elle produit beaucoup de t\u00eates collantes et r\u00e9sineuses avec un agr\u00e9able go\u00fbt d&#8217;agrume et de pamplemousse accompagn\u00e9s de touches de diesel. Les effets sont comme une d\u00e9charge d&#8217;\u00e9nergie qui active le corps et l&#8217;esprit, parfaite pour le d\u00e9veloppement de t\u00e2ches cr\u00e9atives.<\/p>\n","protected":false},"featured_media":11718,"comment_status":"open","ping_status":"closed","template":"","meta":{"_acf_changed":false,"inline_featured_image":false,"_uag_custom_page_level_css":""},"product_brand":[],"product_cat":[2265],"product_tag":[],"class_list":{"0":"post-10608","1":"product","2":"type-product","3":"status-publish","4":"has-post-thumbnail","6":"product_cat-graines-autofloraison-en-gros","8":"first","9":"outofstock","10":"taxable","11":"shipping-taxable","12":"purchasable","13":"product-type-simple"},"acf":[],"uagb_featured_image_src":{"full":["https:\/\/bulkgenetics.com\/wp-content\/uploads\/2022\/10\/jack-diesel-auto-2.jpg",1600,1600,false],"thumbnail":["https:\/\/bulkgenetics.com\/wp-content\/uploads\/2022\/10\/jack-diesel-auto-2-150x150.jpg",150,150,true],"medium":["https:\/\/bulkgenetics.com\/wp-content\/uploads\/2022\/10\/jack-diesel-auto-2-300x300.jpg",300,300,true],"medium_large":["https:\/\/bulkgenetics.com\/wp-content\/uploads\/2022\/10\/jack-diesel-auto-2-768x768.jpg",768,768,true],"large":["https:\/\/bulkgenetics.com\/wp-content\/uploads\/2022\/10\/jack-diesel-auto-2-1024x1024.jpg",1024,1024,true],"1536x1536":["https:\/\/bulkgenetics.com\/wp-content\/uploads\/2022\/10\/jack-diesel-auto-2-1536x1536.jpg",1536,1536,true],"2048x2048":["https:\/\/bulkgenetics.com\/wp-content\/uploads\/2022\/10\/jack-diesel-auto-2.jpg",1600,1600,false],"commercegurus-pdp-large":["https:\/\/bulkgenetics.com\/wp-content\/uploads\/2022\/10\/jack-diesel-auto-2-990x990.jpg",990,990,true],"commercegurus-plp-mobile":["https:\/\/bulkgenetics.com\/wp-content\/uploads\/2022\/10\/jack-diesel-auto-2-441x441.jpg",441,441,true],"cgkit_image_swatch":["https:\/\/bulkgenetics.com\/wp-content\/uploads\/2022\/10\/jack-diesel-auto-2-100x100.jpg",100,100,true],"woocommerce_thumbnail":["https:\/\/bulkgenetics.com\/wp-content\/uploads\/2022\/10\/jack-diesel-auto-2-300x300.jpg",300,300,true],"woocommerce_single":["https:\/\/bulkgenetics.com\/wp-content\/uploads\/2022\/10\/jack-diesel-auto-2-800x800.jpg",800,800,true],"woocommerce_gallery_thumbnail":["https:\/\/bulkgenetics.com\/wp-content\/uploads\/2022\/10\/jack-diesel-auto-2-150x150.jpg",150,150,true],"dgwt-wcas-product-suggestion":["https:\/\/bulkgenetics.com\/wp-content\/uploads\/2022\/10\/jack-diesel-auto-2-64x64.jpg",64,64,true]},"uagb_author_info":{"display_name":"J\u00e9r\u00f4me","author_link":"https:\/\/bulkgenetics.com\/fr\/author\/"},"uagb_comment_info":0,"uagb_excerpt":"Jack Diesel Auto est la petite s\u0153ur rapide de la New York City Diesel, la grande l\u00e9gende de la Grosse Pomme. C'est une vari\u00e9te \u00e0 dominance sativa qui est tr\u00e8s facile \u00e0 cultiver et tr\u00e8s r\u00e9sistante. M\u00eame le cultivateur le plus novice obtiendra les r\u00e9coltes les plus spectaculaires en 8 \u00e0 9 semaines au total.\u2026","_links":{"self":[{"href":"https:\/\/bulkgenetics.com\/fr\/wp-json\/wp\/v2\/product\/10608","targetHints":{"allow":["GET"]}}],"collection":[{"href":"https:\/\/bulkgenetics.com\/fr\/wp-json\/wp\/v2\/product"}],"about":[{"href":"https:\/\/bulkgenetics.com\/fr\/wp-json\/wp\/v2\/types\/product"}],"replies":[{"embeddable":true,"href":"https:\/\/bulkgenetics.com\/fr\/wp-json\/wp\/v2\/comments?post=10608"}],"wp:featuredmedia":[{"embeddable":true,"href":"https:\/\/bulkgenetics.com\/fr\/wp-json\/wp\/v2\/media\/11718"}],"wp:attachment":[{"href":"https:\/\/bulkgenetics.com\/fr\/wp-json\/wp\/v2\/media?parent=10608"}],"wp:term":[{"taxonomy":"product_brand","embeddable":true,"href":"https:\/\/bulkgenetics.com\/fr\/wp-json\/wp\/v2\/product_brand?post=10608"},{"taxonomy":"product_cat","embeddable":true,"href":"https:\/\/bulkgenetics.com\/fr\/wp-json\/wp\/v2\/product_cat?post=10608"},{"taxonomy":"product_tag","embeddable":true,"href":"https:\/\/bulkgenetics.com\/fr\/wp-json\/wp\/v2\/product_tag?post=10608"}],"curies":[{"name":"wp","href":"https:\/\/api.w.org\/{rel}","templated":true}]}}