{"id":10609,"date":"2022-10-04T13:19:12","date_gmt":"2022-10-04T11:19:12","guid":{"rendered":"https:\/\/www.bulkgenetics.com\/gelato-auto\/"},"modified":"2024-10-08T01:13:51","modified_gmt":"2024-10-07T23:13:51","slug":"gelato-auto","status":"publish","type":"product","link":"https:\/\/bulkgenetics.com\/fr\/gelato-auto\/","title":{"rendered":"Gelato Auto"},"content":{"rendered":"\n<p><strong>Gelato Auto<\/strong> est la petite s\u0153ur plus rapide de la <strong>Gelato 33<\/strong>, l&#8217;une des g\u00e9n\u00e9tiques les plus en vogue et les plus recherch\u00e9es de ces derni\u00e8res ann\u00e9es, c\u00e9l\u00e8bre pour son go\u00fbt exceptionnel et ses effets brutaux.<\/p>\n\n\n\n<p><a href=\"https:\/\/bulkgenetics.com\/fr\/gelato-33\/\">Gelato 33<\/a> est un hybride am\u00e9ricain Indica\/Sativa combinant la <strong>Sunset Sherbert (Girl Scout Cookies x Pink Panties) et la Girl Scout Cookies<\/strong>.  <\/p>\n\n\n\n<p>Des banques de graines comme Sweet Seeds (Sweet Gelato Auto), Advanced Seeds ou FastBuds proposent leurs propres versions. La seule diff\u00e9rence que vous trouverez est que nos graines en vrac sont moins ch\u00e8res.<\/p>\n\n\n\n<h2 class=\"wp-block-heading\">Comment cultiver la Gelato Auto<\/h2>\n\n\n\n<p>C&#8217;est une plante qui ne demande pas beaucoup de soins, particuli\u00e8rement adapt\u00e9e au cultivateur d\u00e9butant gr\u00e2ce \u00e0 sa simplicit\u00e9 et sa r\u00e9sistance. Elle est \u00e9galement <strong>tr\u00e8s discr\u00e8te<\/strong>, ne poussant g\u00e9n\u00e9ralement pas plus d&#8217;un m\u00e8tre et n&#8217;attire pas l&#8217;attention sur les terrasses ou les balcons.<\/p>\n\n\n\n<p>Avec les vari\u00e9t\u00e9s de cannabis autofloraisons, dont la p\u00e9riode de croissance est si courte, il est important de donner aux plantes toutes les chances d&#8217;atteindre la hauteur maximale possible avant que la phase de floraison ne commence.<\/p>\n\n\n\n<p><strong>Utilise un grand pot d&#8217;au moins 20 litres d\u00e8s le d\u00e9but<\/strong>, plut\u00f4t que de faire des rempotages.C&#8217;est une manipulation qui peut \u00eatre stressante et parfois les plantes peuvent ralentir leur croissance pendant quelques jours.<\/p>\n\n\n\n<p>Apr\u00e8s la germination des graines, elle se r\u00e9colte en seulement 8-9 semaines. Comme elle est si rapide, il est possible de faire pousser jusqu&#8217;\u00e0 3 r\u00e9coltes par saison en ext\u00e9rieur.<\/p>\n\n\n\n<h2 class=\"wp-block-heading\">Caract\u00e9ristiques de la Gelato Auto<\/h2>\n\n\n\n<p>Visuellement, ses t\u00e8tes sont un v\u00e9ritable spectacle. <strong>Grandes, compactes et tr\u00e8s r\u00e9sineuse<\/strong>. Tout amateur d&#8217;extraction appr\u00e9ciera cette g\u00e9n\u00e9tique.<\/p>\n\n\n\n<p>Les t\u00eates proposent un <strong>ar\u00f4me et un go\u00fbt exceptionnels<\/strong>. Les notes claires sucr\u00e9es et de biscuit \u00e0 la vanille de la GSC se marient parfaitement avec les notes fra\u00eeches, fruit\u00e9es et d&#8217;agrumes de la Pink Panties, semblable \u00e0 un cornet de glace typique.<\/p>\n\n\n\n<p>Les <strong>effets sont tr\u00e8s puissants<\/strong>, m\u00eame pour les consommateurs les plus tol\u00e9rants au THC. Elle procure un high \u00e9nergique et euphorique tr\u00e8s agr\u00e9able et joyeux. C&#8217;est une vari\u00e9t\u00e9 parfaite \u00e0 appr\u00e9cier pendant la journ\u00e9e.<\/p>\n\n\n\n<p>Les rendements sont bien sup\u00e9rieurs \u00e0 la moyenne pour les vari\u00e9t\u00e9s de cannabis autofloraison, m\u00eame pour celles qui poussent beaucoup plus. En ext\u00e9rieur, il est possible d&#8217;atteindre jusqu&#8217;\u00e0 <strong>200 grammes par plante<\/strong> pour les plantes les plus grandes. \u00c0 l&#8217;int\u00e9rieur, n&#8217;importe qui pourra facilement obtneir jusqu&#8217;\u00e0 <strong>550 grammes par m\u00b2<\/strong> avec un panneau LED de 300-350 W.  <\/p>\n\n\n\n<div style=\"height:50px\" aria-hidden=\"true\" class=\"wp-block-spacer uag-hide-mob\"><\/div>\n\n\n\n<div class=\"wp-block-columns is-layout-flex wp-container-core-columns-is-layout-28f84493 wp-block-columns-is-layout-flex\">\n<div class=\"wp-block-column is-layout-flow wp-block-column-is-layout-flow\">\n<p class=\"has-text-align-center has-medium-font-size\"><strong>Ce que nous aimons le plus<\/strong><\/p>\n\n\n\n<ul class=\"wp-block-list\">\n<li>Tr\u00e8s simple \u00e0 cultiver.<\/li>\n\n\n\n<li>Production abondante.<\/li>\n\n\n\n<li>R\u00e9colte en seulement 8-9 semaines.<\/li>\n\n\n\n<li>D\u00e9licieuse saveur de cornet de glace aux fruits.<\/li>\n\n\n\n<li>Des effets tr\u00e8s puissants<\/li>\n\n\n\n<li>Son prix.<\/li>\n<\/ul>\n<\/div>\n\n\n\n<div class=\"wp-block-column is-layout-flow wp-block-column-is-layout-flow\">\n<p class=\"has-text-align-center has-medium-font-size\"><strong>Ce que nous aimons le moins<\/strong><\/p>\n\n\n\n<ul class=\"wp-block-list\">\n<li>Odeur intense en floraison,<\/li>\n\n\n\n<li>Des effets tr\u00e8s puissants.<\/li>\n<\/ul>\n<\/div>\n<\/div>\n\n\n\n<div style=\"height:50px\" aria-hidden=\"true\" class=\"wp-block-spacer uag-hide-mob\"><\/div>\n\n\n\n<h2 class=\"wp-block-heading\">Questions fr\u00e9quentes<\/h2>\n\n\n\n<p>Si vous avez des questions sur la culture de ces graines en vrac, nous r\u00e9pondons aux questions les plus fr\u00e9quentes ci-dessous :<\/p>\n\n\n<div id=\"rank-math-faq\" class=\"rank-math-block\">\n<div class=\"rank-math-list \">\n<div id=\"faq-question-1663029074962\" class=\"rank-math-list-item\">\n<h3 class=\"rank-math-question \">Quand commence la floraison de la Gelato Auto en ext\u00e9rieur ?<\/h3>\n<div class=\"rank-math-answer \">\n\n<p>Apr\u00e8s la germination, les plantes commenceront \u00e0 fleurir apr\u00e8s 3-4 semaines.<\/p>\n\n<\/div>\n<\/div>\n<div id=\"faq-question-1663029159933\" class=\"rank-math-list-item\">\n<h3 class=\"rank-math-question \">Quand r\u00e9colter la Gelato Auto apr\u00e8s la germination ?<\/h3>\n<div class=\"rank-math-answer \">\n\n<p>C&#8217;est une vari\u00e9t\u00e9 tr\u00e8s rapide qui se r\u00e9colte en seulement 8-9 semaines \u00e0 partir de la germination.<\/p>\n\n<\/div>\n<\/div>\n<div id=\"faq-question-1663029165861\" class=\"rank-math-list-item\">\n<h3 class=\"rank-math-question \">Comment cultiver la Gelato Auto f\u00e9minis\u00e9e ?<\/h3>\n<div class=\"rank-math-answer \">\n\n<p>C&#8217;est une plante discr\u00e8te et simple. Choisissez un grand pot et un bon substrat pour obtenir les plantes les plus grandes et les plus productives. \u00c9vitez tous rempotage.<\/p>\n\n<\/div>\n<\/div>\n<div id=\"faq-question-1666780029954\" class=\"rank-math-list-item\">\n<h3 class=\"rank-math-question \">Quels sont les effets de Gelato Auto en vrac ?<\/h3>\n<div class=\"rank-math-answer \">\n\n<p>Elle a des effets tr\u00e8s puissants en raison de sa teneur tr\u00e8s \u00e9lev\u00e9e en THC d&#8217;environ 25%. Elle produit des sentiments tr\u00e8s \u00e9nergiques, euphoriques et heureux avec des doses mod\u00e9r\u00e9es.<\/p>\n\n<\/div>\n<\/div>\n<\/div>\n<\/div>","protected":false},"excerpt":{"rendered":"<p>Gelato Auto est l&#8217;une des vari\u00e9t\u00e9s autofloraison les plus savoureuses et les plus puissantes, ainsi que rapide. Elle a une croissance tr\u00e8s vigoureuse et peu atteindre une hauteur discr\u00e8te d&#8217;un m\u00e8tre. Elle est r\u00e9colt\u00e9e en 8-9 semaines \u00e0 partir de la germination et malgr\u00e9 sa taille, elle offre des r\u00e9coltes tr\u00e8s abondante. D&#8217;\u00e9normes t\u00eates charg\u00e9es de r\u00e9sine inonderont toute la maison ou le jardin d&#8217;un ar\u00f4me d&#8217;agrumes, sucr\u00e9 et fruit\u00e9. Les effets sont comme un tourbillon d&#8217;\u00e9motions \u00e9nergiques, euphoriques, positives et heureuses.<\/p>\n","protected":false},"featured_media":31098,"comment_status":"open","ping_status":"closed","template":"","meta":{"_acf_changed":false,"inline_featured_image":false,"_uag_custom_page_level_css":""},"product_brand":[],"product_cat":[2265,4112],"product_tag":[],"class_list":{"0":"post-10609","1":"product","2":"type-product","3":"status-publish","4":"has-post-thumbnail","6":"product_cat-graines-autofloraison-en-gros","7":"product_cat-graines-de-cannabis-a-1-euro","9":"first","10":"instock","11":"sale","12":"taxable","13":"shipping-taxable","14":"purchasable","15":"product-type-simple"},"acf":[],"uagb_featured_image_src":{"full":["https:\/\/bulkgenetics.com\/wp-content\/uploads\/2022\/10\/gelato-auto-autoflower-cannabis-seeds.jpg",1600,1600,false],"thumbnail":["https:\/\/bulkgenetics.com\/wp-content\/uploads\/2022\/10\/gelato-auto-autoflower-cannabis-seeds-150x150.jpg",150,150,true],"medium":["https:\/\/bulkgenetics.com\/wp-content\/uploads\/2022\/10\/gelato-auto-autoflower-cannabis-seeds-300x300.jpg",300,300,true],"medium_large":["https:\/\/bulkgenetics.com\/wp-content\/uploads\/2022\/10\/gelato-auto-autoflower-cannabis-seeds-768x768.jpg",768,768,true],"large":["https:\/\/bulkgenetics.com\/wp-content\/uploads\/2022\/10\/gelato-auto-autoflower-cannabis-seeds-1024x1024.jpg",1024,1024,true],"1536x1536":["https:\/\/bulkgenetics.com\/wp-content\/uploads\/2022\/10\/gelato-auto-autoflower-cannabis-seeds-1536x1536.jpg",1536,1536,true],"2048x2048":["https:\/\/bulkgenetics.com\/wp-content\/uploads\/2022\/10\/gelato-auto-autoflower-cannabis-seeds.jpg",1600,1600,false],"commercegurus-pdp-large":["https:\/\/bulkgenetics.com\/wp-content\/uploads\/2022\/10\/gelato-auto-autoflower-cannabis-seeds-990x990.jpg",990,990,true],"commercegurus-plp-mobile":["https:\/\/bulkgenetics.com\/wp-content\/uploads\/2022\/10\/gelato-auto-autoflower-cannabis-seeds-441x441.jpg",441,441,true],"cgkit_image_swatch":["https:\/\/bulkgenetics.com\/wp-content\/uploads\/2022\/10\/gelato-auto-autoflower-cannabis-seeds-100x100.jpg",100,100,true],"woocommerce_thumbnail":["https:\/\/bulkgenetics.com\/wp-content\/uploads\/2022\/10\/gelato-auto-autoflower-cannabis-seeds-300x300.jpg",300,300,true],"woocommerce_single":["https:\/\/bulkgenetics.com\/wp-content\/uploads\/2022\/10\/gelato-auto-autoflower-cannabis-seeds-800x800.jpg",800,800,true],"woocommerce_gallery_thumbnail":["https:\/\/bulkgenetics.com\/wp-content\/uploads\/2022\/10\/gelato-auto-autoflower-cannabis-seeds-150x150.jpg",150,150,true],"dgwt-wcas-product-suggestion":["https:\/\/bulkgenetics.com\/wp-content\/uploads\/2022\/10\/gelato-auto-autoflower-cannabis-seeds-64x64.jpg",64,64,true]},"uagb_author_info":{"display_name":"J\u00e9r\u00f4me","author_link":"https:\/\/bulkgenetics.com\/fr\/author\/"},"uagb_comment_info":0,"uagb_excerpt":"Gelato Auto est l'une des vari\u00e9t\u00e9s autofloraison les plus savoureuses et les plus puissantes, ainsi que rapide. Elle a une croissance tr\u00e8s vigoureuse et peu atteindre une hauteur discr\u00e8te d'un m\u00e8tre. Elle est r\u00e9colt\u00e9e en 8-9 semaines \u00e0 partir de la germination et malgr\u00e9 sa taille, elle offre des r\u00e9coltes tr\u00e8s abondante. D'\u00e9normes t\u00eates charg\u00e9es\u2026","_links":{"self":[{"href":"https:\/\/bulkgenetics.com\/fr\/wp-json\/wp\/v2\/product\/10609","targetHints":{"allow":["GET"]}}],"collection":[{"href":"https:\/\/bulkgenetics.com\/fr\/wp-json\/wp\/v2\/product"}],"about":[{"href":"https:\/\/bulkgenetics.com\/fr\/wp-json\/wp\/v2\/types\/product"}],"replies":[{"embeddable":true,"href":"https:\/\/bulkgenetics.com\/fr\/wp-json\/wp\/v2\/comments?post=10609"}],"wp:featuredmedia":[{"embeddable":true,"href":"https:\/\/bulkgenetics.com\/fr\/wp-json\/wp\/v2\/media\/31098"}],"wp:attachment":[{"href":"https:\/\/bulkgenetics.com\/fr\/wp-json\/wp\/v2\/media?parent=10609"}],"wp:term":[{"taxonomy":"product_brand","embeddable":true,"href":"https:\/\/bulkgenetics.com\/fr\/wp-json\/wp\/v2\/product_brand?post=10609"},{"taxonomy":"product_cat","embeddable":true,"href":"https:\/\/bulkgenetics.com\/fr\/wp-json\/wp\/v2\/product_cat?post=10609"},{"taxonomy":"product_tag","embeddable":true,"href":"https:\/\/bulkgenetics.com\/fr\/wp-json\/wp\/v2\/product_tag?post=10609"}],"curies":[{"name":"wp","href":"https:\/\/api.w.org\/{rel}","templated":true}]}}