{"id":10610,"date":"2022-10-04T13:19:30","date_gmt":"2022-10-04T11:19:30","guid":{"rendered":"https:\/\/www.bulkgenetics.com\/girl-scout-cookies-auto\/"},"modified":"2024-10-08T01:13:51","modified_gmt":"2024-10-07T23:13:51","slug":"girl-scout-cookies-auto","status":"publish","type":"product","link":"https:\/\/bulkgenetics.com\/fr\/girl-scout-cookies-auto\/","title":{"rendered":"Girl Scout Cookies Auto"},"content":{"rendered":"\n<p><strong>Girl Scout Cookies Auto<\/strong> est la version la plus rapide de l&#8217;une des vari\u00e9t\u00e9 am\u00e9ricaines les plus embl\u00e9matiques et influentes, c\u00e9l\u00e8bre pour proposer un ar\u00f4me et un go\u00fbt incomparables semblable \u00e0 un biscuit fra\u00eechement cuit, d&#8217;o\u00f9 son nom.  <\/p>\n\n\n\n<p>C&#8217;est un hybride \u00e0 dominance Indica. Certaines sp\u00e9culations afirment qu&#8217;il pourrait s&#8217;agir d&#8217;<strong>un croisement original F1 Durban x OG Kush<\/strong> qui a finalement donn\u00e9 naissance \u00e0 la <em>famille Cookies<\/em>, une s\u00e9rie de souches dont la m\u00e8re est la fameuse <a href=\"https:\/\/bulkgenetics.com\/fr\/girl-scout-cookies\/\">Girl Scout Cookies<\/a>.<\/p>\n\n\n\n<p>Aujourd&#8217;hui, de nombreuses banques de graines proposent leurs propres versions f\u00e9minis\u00e9es ou autoflorissantes, comme Mr. Blueberry de Hyde Seeds ou FastBuds. Mais la seule diff\u00e9rence est que nos graines en vrac sont les moins ch\u00e8res que vous pourrez trouver.<\/p>\n\n\n\n<h2 class=\"wp-block-heading\">Comment cultiver la Girl Scout Cookies Auto<\/h2>\n\n\n\n<p>C&#8217;est une plante <strong>simple \u00e0 cultiver qui s&#8217;adapte \u00e0 n&#8217;importe quel environnement<\/strong>, l&#8217;une des g\u00e9n\u00e9tiques de cannabis que m\u00eame le cultivateur le plus novice appr\u00e9ciera. Elle pousse tr\u00e8s vite pour atteindre une hauteur maximale ne d\u00e9passant g\u00e9n\u00e9ralement pas 110 cm. Elle est tr\u00e8s discr\u00e8te sur les petites terrasses ou les balcons.<\/p>\n\n\n\n<p>Comme toute autre vari\u00e9t\u00e9 autofloraison, elle appr\u00e9cie d&#8217;\u00eatre plac\u00e9 <strong>dans un grand pot d\u00e8s le premier instant<\/strong>. Le rempotage peut repr\u00e9senter un certain stress et de nombreuses plantes ralentissent leur croissance pendant quelques jours. De cette fa\u00e7on, elles atteindront la plus grande hauteur possible et seront plus productives.<\/p>\n\n\n\n<p>\u00c0 partir de la germination des graines, il <strong>ne faudra que 9 \u00e0 10 semaines pour r\u00e9colter<\/strong> les fleurs les plus exquises que vous puissiez imaginer. Comme elle est tr\u00e8s rapide, il est possible de faire 3 r\u00e9coltes ext\u00e9rieures cons\u00e9cutives tout au long du printemps et de l&#8217;\u00e9t\u00e9.<\/p>\n\n\n\n<h2 class=\"wp-block-heading\">Caract\u00e9ristiques des Girl Scout Cookies Auto<\/h2>\n\n\n\n<p>Les fleurs sont grandes, tr\u00e8s compactes et charg\u00e9es de r\u00e9sine. L&#8217;ar\u00f4me et le go\u00fbt sont spectaculaires, des biscuits fra\u00eechement cuits avec des <strong>notes de cerise, de vanille, de citron et de menthe<\/strong>. La grande majorit\u00e9 de ses descendants ont ce go\u00fbt particulier.<\/p>\n\n\n\n<p>Les effets sont forts en raison de sa forte teneur en<strong> THC, plus de 25%<\/strong> dpour certains ph\u00e9notypes. Elle produit un high instantan\u00e9 tr\u00e8s joyeux, avec une fin tr\u00e8s relaxante et durable qui fait battre le c\u0153ur. C&#8217;est un bon choix pour la consommation du soir.<\/p>\n\n\n\n<p>Les rendements sont tr\u00e8s \u00e9lev\u00e9s. Les plantes plus grandes donneront<strong> jusqu&#8217;\u00e0 150 grammes<\/strong>. En int\u00e9rieur, c&#8217;est une souche de cannabis qui, avec une LED de 300 W, peut <strong>atteindre 600 grammes par m\u00b2<\/strong>.<\/p>\n\n\n\n<div style=\"height:50px\" aria-hidden=\"true\" class=\"wp-block-spacer uag-hide-mob\"><\/div>\n\n\n\n<div class=\"wp-block-columns is-layout-flex wp-container-core-columns-is-layout-28f84493 wp-block-columns-is-layout-flex\">\n<div class=\"wp-block-column is-layout-flow wp-block-column-is-layout-flow\">\n<p class=\"has-text-align-center has-medium-font-size\"><strong>Ce que nous aimons le plus<\/strong><\/p>\n\n\n\n<ul class=\"wp-block-list\">\n<li>Tr\u00e8s facile \u00e0 cultiver.<\/li>\n\n\n\n<li>Production abondante.<\/li>\n\n\n\n<li>R\u00e9colte en seulement 9-10 semaines.<\/li>\n\n\n\n<li>Des effets tr\u00e8s relaxants et positifs.<\/li>\n\n\n\n<li>Go\u00fbt de biscuit.<\/li>\n\n\n\n<li>Son prix.<\/li>\n<\/ul>\n<\/div>\n\n\n\n<div class=\"wp-block-column is-layout-flow wp-block-column-is-layout-flow\">\n<p class=\"has-text-align-center has-medium-font-size\"><strong>Ce que nous aimons le moins<\/strong><\/p>\n\n\n\n<ul class=\"wp-block-list\">\n<li>Odeur intense en floraison.<\/li>\n\n\n\n<li>Des effets tr\u00e8s puissants. Si vous \u00eates novice soyez prudent.<\/li>\n<\/ul>\n<\/div>\n<\/div>\n\n\n\n<div style=\"height:50px\" aria-hidden=\"true\" class=\"wp-block-spacer uag-hide-mob\"><\/div>\n\n\n\n<h2 class=\"wp-block-heading\">Questions fr\u00e9quentes<\/h2>\n\n\n\n<p>Vous trouverez ci-dessous les r\u00e9ponses aux questions les plus fr\u00e9quemment pos\u00e9es par les cultivateurs int\u00e9ress\u00e9s par ces g\u00e9n\u00e9tiques :<\/p>\n\n\n<div id=\"rank-math-faq\" class=\"rank-math-block\">\n<div class=\"rank-math-list \">\n<div id=\"faq-question-1663029074962\" class=\"rank-math-list-item\">\n<h3 class=\"rank-math-question \">Quand commence la floraison de la Girl Scout Cookies Auto en ext\u00e9rieur ?<\/h3>\n<div class=\"rank-math-answer \">\n\n<p>D\u00e8s la germination, c&#8217;est une plante qui commence \u00e0 fleurir en 3-4 semaines environ.<\/p>\n\n<\/div>\n<\/div>\n<div id=\"faq-question-1663029159933\" class=\"rank-math-list-item\">\n<h3 class=\"rank-math-question \">Quand r\u00e9colter la Girl Scout Cookies Auto apr\u00e8s la germination ?<\/h3>\n<div class=\"rank-math-answer \">\n\n<p>C&#8217;est une vari\u00e9t\u00e9 de cannabis autofleoraison rapide qui se r\u00e9colte en 9-10 semaines au total.<\/p>\n\n<\/div>\n<\/div>\n<div id=\"faq-question-1663029165861\" class=\"rank-math-list-item\">\n<h3 class=\"rank-math-question \">Comment cultiver la Girl Scout Cookies Auto f\u00e9minis\u00e9e ?<\/h3>\n<div class=\"rank-math-answer \">\n\n<p>C&#8217;est tr\u00e8s facile, r\u00e9sistante et discr\u00e9te. Utilisez un grand pot et un bon substrat d\u00e8s le premier jour pour aider les plantes \u00e0 grandir en hauteur, plut\u00f4t que de les rempoter.<\/p>\n\n<\/div>\n<\/div>\n<div id=\"faq-question-1666780029954\" class=\"rank-math-list-item\">\n<h3 class=\"rank-math-question \">Quels sont les effets de la Girl Scout Cookies Auto en vrac ?<\/h3>\n<div class=\"rank-math-answer \">\n\n<p>Les effets sont tr\u00e8s heureux et relaxants. C&#8217;est une vari\u00e9t\u00e9 \u00e0 consommer de pr\u00e9f\u00e9rence tard dans la journ\u00e9e.<\/p>\n\n<\/div>\n<\/div>\n<\/div>\n<\/div>","protected":false},"excerpt":{"rendered":"<p>Girl Scout Cookies Auto conserve tout le charme de sa m\u00e8re l\u00e9gendaire, concentr\u00e9 dans une plante discr\u00e8te qui d\u00e9passe rarement un m\u00e8tre de hauteur et se r\u00e9colte en 65-70 jours. Elle est \u00e9galement r\u00e9sistante et facile \u00e0 cultiver. Les t\u00eates sont grosses et tr\u00e8s collantes, vous remarquerez comment chaque jour, elles produisent de plus en plus de gros trichomes. Elle a un ar\u00f4me et un go\u00fbt de biscuits fra\u00eechement cuits, avec des notes de cerise, de menthe et de vanille tr\u00e8s marqu\u00e9es. Prenez garde aux effets, car avec des taux de THC sup\u00e9rieurs \u00e0 20 %, elle pourra frapper tr\u00e8s fort.<\/p>\n","protected":false},"featured_media":11564,"comment_status":"open","ping_status":"closed","template":"","meta":{"_acf_changed":false,"inline_featured_image":false,"_uag_custom_page_level_css":""},"product_brand":[],"product_cat":[2265,4112],"product_tag":[],"class_list":{"0":"post-10610","1":"product","2":"type-product","3":"status-publish","4":"has-post-thumbnail","6":"product_cat-graines-autofloraison-en-gros","7":"product_cat-graines-de-cannabis-a-1-euro","9":"first","10":"instock","11":"sale","12":"taxable","13":"shipping-taxable","14":"purchasable","15":"product-type-simple"},"acf":[],"uagb_featured_image_src":{"full":["https:\/\/bulkgenetics.com\/wp-content\/uploads\/2022\/10\/girl-scout-cookies-auto.jpg",1600,1600,false],"thumbnail":["https:\/\/bulkgenetics.com\/wp-content\/uploads\/2022\/10\/girl-scout-cookies-auto-150x150.jpg",150,150,true],"medium":["https:\/\/bulkgenetics.com\/wp-content\/uploads\/2022\/10\/girl-scout-cookies-auto-300x300.jpg",300,300,true],"medium_large":["https:\/\/bulkgenetics.com\/wp-content\/uploads\/2022\/10\/girl-scout-cookies-auto-768x768.jpg",768,768,true],"large":["https:\/\/bulkgenetics.com\/wp-content\/uploads\/2022\/10\/girl-scout-cookies-auto-1024x1024.jpg",1024,1024,true],"1536x1536":["https:\/\/bulkgenetics.com\/wp-content\/uploads\/2022\/10\/girl-scout-cookies-auto-1536x1536.jpg",1536,1536,true],"2048x2048":["https:\/\/bulkgenetics.com\/wp-content\/uploads\/2022\/10\/girl-scout-cookies-auto.jpg",1600,1600,false],"commercegurus-pdp-large":["https:\/\/bulkgenetics.com\/wp-content\/uploads\/2022\/10\/girl-scout-cookies-auto-990x990.jpg",990,990,true],"commercegurus-plp-mobile":["https:\/\/bulkgenetics.com\/wp-content\/uploads\/2022\/10\/girl-scout-cookies-auto-441x441.jpg",441,441,true],"cgkit_image_swatch":["https:\/\/bulkgenetics.com\/wp-content\/uploads\/2022\/10\/girl-scout-cookies-auto-100x100.jpg",100,100,true],"woocommerce_thumbnail":["https:\/\/bulkgenetics.com\/wp-content\/uploads\/2022\/10\/girl-scout-cookies-auto-300x300.jpg",300,300,true],"woocommerce_single":["https:\/\/bulkgenetics.com\/wp-content\/uploads\/2022\/10\/girl-scout-cookies-auto-800x800.jpg",800,800,true],"woocommerce_gallery_thumbnail":["https:\/\/bulkgenetics.com\/wp-content\/uploads\/2022\/10\/girl-scout-cookies-auto-150x150.jpg",150,150,true],"dgwt-wcas-product-suggestion":["https:\/\/bulkgenetics.com\/wp-content\/uploads\/2022\/10\/girl-scout-cookies-auto-64x64.jpg",64,64,true]},"uagb_author_info":{"display_name":"J\u00e9r\u00f4me","author_link":"https:\/\/bulkgenetics.com\/fr\/author\/"},"uagb_comment_info":1,"uagb_excerpt":"Girl Scout Cookies Auto conserve tout le charme de sa m\u00e8re l\u00e9gendaire, concentr\u00e9 dans une plante discr\u00e8te qui d\u00e9passe rarement un m\u00e8tre de hauteur et se r\u00e9colte en 65-70 jours. Elle est \u00e9galement r\u00e9sistante et facile \u00e0 cultiver. Les t\u00eates sont grosses et tr\u00e8s collantes, vous remarquerez comment chaque jour, elles produisent de plus en\u2026","_links":{"self":[{"href":"https:\/\/bulkgenetics.com\/fr\/wp-json\/wp\/v2\/product\/10610","targetHints":{"allow":["GET"]}}],"collection":[{"href":"https:\/\/bulkgenetics.com\/fr\/wp-json\/wp\/v2\/product"}],"about":[{"href":"https:\/\/bulkgenetics.com\/fr\/wp-json\/wp\/v2\/types\/product"}],"replies":[{"embeddable":true,"href":"https:\/\/bulkgenetics.com\/fr\/wp-json\/wp\/v2\/comments?post=10610"}],"wp:featuredmedia":[{"embeddable":true,"href":"https:\/\/bulkgenetics.com\/fr\/wp-json\/wp\/v2\/media\/11564"}],"wp:attachment":[{"href":"https:\/\/bulkgenetics.com\/fr\/wp-json\/wp\/v2\/media?parent=10610"}],"wp:term":[{"taxonomy":"product_brand","embeddable":true,"href":"https:\/\/bulkgenetics.com\/fr\/wp-json\/wp\/v2\/product_brand?post=10610"},{"taxonomy":"product_cat","embeddable":true,"href":"https:\/\/bulkgenetics.com\/fr\/wp-json\/wp\/v2\/product_cat?post=10610"},{"taxonomy":"product_tag","embeddable":true,"href":"https:\/\/bulkgenetics.com\/fr\/wp-json\/wp\/v2\/product_tag?post=10610"}],"curies":[{"name":"wp","href":"https:\/\/api.w.org\/{rel}","templated":true}]}}