{"id":10618,"date":"2022-10-04T13:14:10","date_gmt":"2022-10-04T11:14:10","guid":{"rendered":"https:\/\/www.bulkgenetics.com\/rouge-caramel-auto\/"},"modified":"2024-10-08T01:13:52","modified_gmt":"2024-10-07T23:13:52","slug":"red-caramel-auto","status":"publish","type":"product","link":"https:\/\/bulkgenetics.com\/fr\/red-caramel-auto\/","title":{"rendered":"Red Caramel Auto"},"content":{"rendered":"\n<p><strong>Red Caramel Auto<\/strong> est une vari\u00e9t\u00e9 autofloraison \u00e0 forte dominance Indica. Gr\u00e2ce \u00e0 la couleur rouge frappante de ses t\u00eates, elle sera sans aucun doute l&#8217;une des reines de tout jardin ou culture int\u00e9rieure.<\/p>\n\n\n\n<p>C&#8217;est un hybride qui combine les d\u00e9licieuses <strong>Dark Devil et Black Cream<\/strong> de Sweet Seeds, deux g\u00e9n\u00e9tique tr\u00e8s sp\u00e9ciales qui b\u00e9n\u00e9ficient d&#8217;excellentes critiques sur des sites comme Leafly ou Seedfinder.<\/p>\n\n\n\n<h2 class=\"wp-block-heading\">Comment cultiver la Red Caramel Auto<\/h2>\n\n\n\n<p>C&#8217;est une plante tr\u00e8s facile \u00e0 cultiver et tr\u00e8s r\u00e9sistante, id\u00e9ale pour les cultivateurs d\u00e9butants. Elle est aussi tr\u00e8s discr\u00e8te et reste en dessous de <strong>110 cm de hauteur<\/strong>. Cette taille est parfaite pour les terrasses ou les balcons pour ne pas attirer l&#8217;attention.<\/p>\n\n\n\n<p>Les vari\u00e9t\u00e9s de cannabis autofloraison ont toutes un comportement similaire. \u00c0 partir de la germination, elles <strong>poussent pendant 3-4 semaines, puis la floraison commence<\/strong>, ind\u00e9pendamment de la hauteur des plantes et de la quantit\u00e9 de lumi\u00e8re qu&#8217;elles re\u00e7oivent.<\/p>\n\n\n\n<p>Elles doivent donc \u00eatre aussi hautes que possible avant le d\u00e9but de la floraison, afin d&#8217;obtenir la meilleure r\u00e9colte. Nous vous conseillons d&#8217;<strong>\u00e9viter les rempotages<\/strong>, car cela provoque un petit stress qui ralentit la croissance des plantes pendant quelques jours.<\/p>\n\n\n\n<p>Il est pr\u00e9f\u00e9rable d&#8217;opter d\u00e8s le d\u00e9part pour un grand pot avec un bon substrat. De cette fa\u00e7on, elles pousseront sans interruption et atteindront une plus grande taille.<\/p>\n\n\n\n<p>Le cycle de vie est tr\u00e8s court et <strong>au total, la r\u00e9colte se fait en 8 semaines<\/strong>. Vous pouvez facilement faire pousser jusqu&#8217;\u00e0 3 cultures pendant les mois de printemps et d&#8217;\u00e9t\u00e9.<\/p>\n\n\n\n<h2 class=\"wp-block-heading\">Caract\u00e9ristiques de la Red Caramel Auto<\/h2>\n\n\n\n<p>Les t\u00eates sont magnifiques. Les teintes rouge\u00e2tres sur les <strong>t\u00eates larges, dures et frappantes<\/strong> contrastent avec l&#8217;\u00e9paisse couverture de trichomes brillants. M\u00eame lorsque le haschisch est fabriqu\u00e9 \u00e0 partir des t\u00eates, la couleur est \u00e9galement rouge\u00e2tre.<\/p>\n\n\n\n<p>L&#8217;<strong>ar\u00f4me et la saveur<\/strong> sont tr\u00e8s riches, avec de d\u00e9licieuses notes de citron, de fruits sucr\u00e9s sur un l\u00e9ger fond d&#8217;encens qui est vraiment app\u00e9tissant.<\/p>\n\n\n\n<p>Les <strong>effets<\/strong> sont puissants et dominent les traits de ses g\u00e8nes Indica. Les sensations de d\u00e9tente et de somnolence s&#8217;empareront de votre corps, tout en gardant votre esprit clair et joyeux.<\/p>\n\n\n\n<p>Les rendements sont \u00e9lev\u00e9s compte tenu de sa petite taille. En ext\u00e9rieur, les plus grandes plantes atteignent <strong>150 grammes<\/strong>. En int\u00e9rieur et avec un \u00e9clairage LED de 300-350 W, on obtient <strong>550 grammes par m\u00b2<\/strong>.<\/p>\n\n\n\n<div style=\"height:50px\" aria-hidden=\"true\" class=\"wp-block-spacer uag-hide-mob\"><\/div>\n\n\n\n<div class=\"wp-block-columns is-layout-flex wp-container-core-columns-is-layout-28f84493 wp-block-columns-is-layout-flex\">\n<div class=\"wp-block-column is-layout-flow wp-block-column-is-layout-flow\">\n<p class=\"has-text-align-center has-medium-font-size\"><strong>Ce que nous aimons le plus<\/strong><\/p>\n\n\n\n<ul class=\"wp-block-list\">\n<li>Tr\u00e8s facile \u00e0 cultiver.<\/li>\n\n\n\n<li>T\u00eates rouges.<\/li>\n\n\n\n<li>R\u00e9colte en seulement 8 semaines.<\/li>\n\n\n\n<li>Effets tr\u00e8s relaxants et joyeux.<\/li>\n\n\n\n<li>Son prix.<\/li>\n<\/ul>\n<\/div>\n\n\n\n<div class=\"wp-block-column is-layout-flow wp-block-column-is-layout-flow\">\n<p class=\"has-text-align-center has-medium-font-size\"><strong>Ce que nous aimons le moins<\/strong><\/p>\n\n\n\n<ul class=\"wp-block-list\">\n<li>Odeur intense en floraison.<\/li>\n<\/ul>\n<\/div>\n<\/div>\n\n\n\n<div style=\"height:50px\" aria-hidden=\"true\" class=\"wp-block-spacer uag-hide-mob\"><\/div>\n\n\n\n<h2 class=\"wp-block-heading\">Questions fr\u00e9quentes<\/h2>\n\n\n\n<p>Vous trouverez ci-dessous les r\u00e9ponses \u00e0 certaines des questions les plus fr\u00e9quemment pos\u00e9es par les cultivateurs int\u00e9ress\u00e9s par cette vari\u00e9t\u00e9 de cannabis:<\/p>\n\n\n<div id=\"rank-math-faq\" class=\"rank-math-block\">\n<div class=\"rank-math-list \">\n<div id=\"faq-question-1663029074962\" class=\"rank-math-list-item\">\n<h3 class=\"rank-math-question \">Quand commence la floraison de la Red Caramel Auto en ext\u00e9rieur ?<\/h3>\n<div class=\"rank-math-answer \">\n\n<p>Environ 3-4 semaines apr\u00e8s la germination des graines, les plantes commencent \u00e0 fleurir.<\/p>\n\n<\/div>\n<\/div>\n<div id=\"faq-question-1663029159933\" class=\"rank-math-list-item\">\n<h3 class=\"rank-math-question \">Quand r\u00e9colter la Red Caramel Auto \u00e0 partir de la germination ?<\/h3>\n<div class=\"rank-math-answer \">\n\n<p>C&#8217;est une plante tr\u00e8s rapide qui se r\u00e9colte en seulement 8 semaines \u00e0 partir de la germination.<\/p>\n\n<\/div>\n<\/div>\n<div id=\"faq-question-1663029165861\" class=\"rank-math-list-item\">\n<h3 class=\"rank-math-question \">Comment cultiver une Red Caramel Auto f\u00e9minis\u00e9e ?<\/h3>\n<div class=\"rank-math-answer \">\n\n<p>Elle est tr\u00e8s facile \u00e0 cultiver, discr\u00e8te et r\u00e9sistante. Utilisez un grand pot d\u00e8s le premier jour pour \u00e9viter le rempotage. Cela permettra aux plantes de devenir plus grandes et de donner plus de rendement.<\/p>\n\n<\/div>\n<\/div>\n<div id=\"faq-question-1666780029954\" class=\"rank-math-list-item\">\n<h3 class=\"rank-math-question \">Quels sont les effets de Red Caramel Auto en vrac ?<\/h3>\n<div class=\"rank-math-answer \">\n\n<p>Les effets sont relaxants et stimulants, parfaits pour se d\u00e9tendre \u00e0 la fin d&#8217;une dure journ\u00e9e.<\/p>\n\n<\/div>\n<\/div>\n<\/div>\n<\/div>","protected":false},"excerpt":{"rendered":"<p>Red Caramel Auto est une vari\u00e9t\u00e9 autofloraison \u00e0 forte dominance Indica. C&#8217;est une vari\u00e9t\u00e9 particuli\u00e8rement adapt\u00e9e aux cultivateurs qui recherchent des plantes faciles \u00e0 cultiver, productives et diff\u00e9rentes. Avec une hauteur maximale de 110 cm, elle est tr\u00e8s discr\u00e8te et peu encombrante sur les terrasses ou les balcons. Elle est tr\u00e8s rapide et en 8 semaines au total \u00e0 partir de la germination, vous obtiendrez de grosses t\u00eates cr\u00e9meuses avec de magnifiques nuances allant du rose profond au violet ou au rouge. Son go\u00fbt est fruit\u00e9, sucr\u00e9, citrique et avec des notes d&#8217;encens. Les effets sont puissants, un regard de bonheur appara\u00eetra sur votre visage et vous aurez l&#8217;impression de vous reposer sur un lit de nuages.<\/p>\n","protected":false},"featured_media":23010,"comment_status":"open","ping_status":"closed","template":"","meta":{"_acf_changed":false,"inline_featured_image":false,"_uag_custom_page_level_css":""},"product_brand":[],"product_cat":[2265],"product_tag":[],"class_list":{"0":"post-10618","1":"product","2":"type-product","3":"status-publish","4":"has-post-thumbnail","6":"product_cat-graines-autofloraison-en-gros","8":"first","9":"outofstock","10":"taxable","11":"shipping-taxable","12":"purchasable","13":"product-type-simple"},"acf":[],"uagb_featured_image_src":{"full":["https:\/\/bulkgenetics.com\/wp-content\/uploads\/2022\/10\/red-caramel-auto-1.jpg",1600,1600,false],"thumbnail":["https:\/\/bulkgenetics.com\/wp-content\/uploads\/2022\/10\/red-caramel-auto-1-150x150.jpg",150,150,true],"medium":["https:\/\/bulkgenetics.com\/wp-content\/uploads\/2022\/10\/red-caramel-auto-1-300x300.jpg",300,300,true],"medium_large":["https:\/\/bulkgenetics.com\/wp-content\/uploads\/2022\/10\/red-caramel-auto-1-768x768.jpg",768,768,true],"large":["https:\/\/bulkgenetics.com\/wp-content\/uploads\/2022\/10\/red-caramel-auto-1-1024x1024.jpg",1024,1024,true],"1536x1536":["https:\/\/bulkgenetics.com\/wp-content\/uploads\/2022\/10\/red-caramel-auto-1-1536x1536.jpg",1536,1536,true],"2048x2048":["https:\/\/bulkgenetics.com\/wp-content\/uploads\/2022\/10\/red-caramel-auto-1.jpg",1600,1600,false],"commercegurus-pdp-large":["https:\/\/bulkgenetics.com\/wp-content\/uploads\/2022\/10\/red-caramel-auto-1-990x990.jpg",990,990,true],"commercegurus-plp-mobile":["https:\/\/bulkgenetics.com\/wp-content\/uploads\/2022\/10\/red-caramel-auto-1-441x441.jpg",441,441,true],"cgkit_image_swatch":["https:\/\/bulkgenetics.com\/wp-content\/uploads\/2022\/10\/red-caramel-auto-1-100x100.jpg",100,100,true],"woocommerce_thumbnail":["https:\/\/bulkgenetics.com\/wp-content\/uploads\/2022\/10\/red-caramel-auto-1-300x300.jpg",300,300,true],"woocommerce_single":["https:\/\/bulkgenetics.com\/wp-content\/uploads\/2022\/10\/red-caramel-auto-1-800x800.jpg",800,800,true],"woocommerce_gallery_thumbnail":["https:\/\/bulkgenetics.com\/wp-content\/uploads\/2022\/10\/red-caramel-auto-1-150x150.jpg",150,150,true],"dgwt-wcas-product-suggestion":["https:\/\/bulkgenetics.com\/wp-content\/uploads\/2022\/10\/red-caramel-auto-1-64x64.jpg",64,64,true]},"uagb_author_info":{"display_name":"\u00c1ngel Flores","author_link":"https:\/\/bulkgenetics.com\/fr\/author\/"},"uagb_comment_info":0,"uagb_excerpt":"Red Caramel Auto est une vari\u00e9t\u00e9 autofloraison \u00e0 forte dominance Indica. C'est une vari\u00e9t\u00e9 particuli\u00e8rement adapt\u00e9e aux cultivateurs qui recherchent des plantes faciles \u00e0 cultiver, productives et diff\u00e9rentes. Avec une hauteur maximale de 110 cm, elle est tr\u00e8s discr\u00e8te et peu encombrante sur les terrasses ou les balcons. Elle est tr\u00e8s rapide et en 8\u2026","_links":{"self":[{"href":"https:\/\/bulkgenetics.com\/fr\/wp-json\/wp\/v2\/product\/10618","targetHints":{"allow":["GET"]}}],"collection":[{"href":"https:\/\/bulkgenetics.com\/fr\/wp-json\/wp\/v2\/product"}],"about":[{"href":"https:\/\/bulkgenetics.com\/fr\/wp-json\/wp\/v2\/types\/product"}],"replies":[{"embeddable":true,"href":"https:\/\/bulkgenetics.com\/fr\/wp-json\/wp\/v2\/comments?post=10618"}],"wp:featuredmedia":[{"embeddable":true,"href":"https:\/\/bulkgenetics.com\/fr\/wp-json\/wp\/v2\/media\/23010"}],"wp:attachment":[{"href":"https:\/\/bulkgenetics.com\/fr\/wp-json\/wp\/v2\/media?parent=10618"}],"wp:term":[{"taxonomy":"product_brand","embeddable":true,"href":"https:\/\/bulkgenetics.com\/fr\/wp-json\/wp\/v2\/product_brand?post=10618"},{"taxonomy":"product_cat","embeddable":true,"href":"https:\/\/bulkgenetics.com\/fr\/wp-json\/wp\/v2\/product_cat?post=10618"},{"taxonomy":"product_tag","embeddable":true,"href":"https:\/\/bulkgenetics.com\/fr\/wp-json\/wp\/v2\/product_tag?post=10618"}],"curies":[{"name":"wp","href":"https:\/\/api.w.org\/{rel}","templated":true}]}}