{"id":10621,"date":"2022-10-04T17:36:14","date_gmt":"2022-10-04T15:36:14","guid":{"rendered":"https:\/\/www.bulkgenetics.com\/sour-diesel-auto\/"},"modified":"2024-10-08T01:09:05","modified_gmt":"2024-10-07T23:09:05","slug":"sour-diesel-auto","status":"publish","type":"product","link":"https:\/\/bulkgenetics.com\/fr\/sour-diesel-auto\/","title":{"rendered":"Sour Diesel Auto"},"content":{"rendered":"\n<p><strong>Sour Diesel Auto<\/strong> est la version la plus rapide de l&#8217;un des grands hybrides d\u00e9velopp\u00e9s aux \u00c9tats-Unis et l&#8217;une des vari\u00e9t\u00e9s les plus marquantes.<\/p>\n\n\n\n<p>C&#8217;est un croisement hybride \u00e0 dominance sativa de <strong>Chem Dawg x Super Skunk<\/strong>, deux g\u00e9n\u00e9tiques du nouveau et du vieux continent qui fusionnent pour donner naissance \u00e0 l&#8217;une des vari\u00e9t\u00e9s de cannabis les plus influentes de l&#8217;histoire.<\/p>\n\n\n\n<p>De nombreuses banques ont d\u00e9velopp\u00e9 leurs propres versions de la <a href=\"https:\/\/bulkgenetics.com\/fr\/sour-diesel\/\">Sour Diesel<\/a> ou bien l&#8217;ont utilis\u00e9 pour cr\u00e9er de nouveaux croisements, de Dinafem ou Humboldt \u00e0 Growbarato. La seule diff\u00e9rence est que nos graines en vrac ont la m\u00eame qualit\u00e9 mais sont les moins ch\u00e8res.<\/p>\n\n\n\n<h2 class=\"wp-block-heading\">Comment cultiver la Sour Diesel Auto<\/h2>\n\n\n\n<p>C&#8217;est une plante tr\u00e8s simple \u00e0 cultiver que m\u00eame le cultivateur le plus novice n&#8217;aura aucun mal \u00e0 r\u00e9ussir avec des r\u00e9sultats exceptionnels. <strong>Elle est tr\u00e8s discr\u00e8te et ne d\u00e9passe pas 130 cm de haut<\/strong>, une hauteur parfaite pour les terrasses et les balcons o\u00f9 elle n&#8217;attirera pas l&#8217;attention.<\/p>\n\n\n\n<p>Comme toute autre vari\u00e9t\u00e9 autofloraison, elle a une p\u00e9riode de croissance de 3-4 semaines, quelle que soit sa taille ou le nombre d&#8217;heures de lumi\u00e8re qu&#8217;elle re\u00e7oit.  <\/p>\n\n\n\n<p>Le rempotage, bien que b\u00e9n\u00e9fique pour les g\u00e9n\u00e9tiques \u00e0 floraison normale, est contre-productif pour les g\u00e9n\u00e9tiques autofloraison. C&#8217;est une manipulation qui peut \u00eatre stressantes et les plantes peuvent ralentir leur croissance pendant quelques jours, un temps precieux pour ce type de vari\u00e9t\u00e9s. La meilleure option est d&#8217;<strong>utiliser un grand pot avec un bon substrat<\/strong> d\u00e8s le d\u00e9part.<\/p>\n\n\n\n<p>\u00c0 partir de la germination des graines, vous devrez attendre <strong>seulement 65-70 jours pour r\u00e9colter les<\/strong> fleurs digne des meilleurs coffeeshop. Il est possible de faire pousser jusqu&#8217;\u00e0 3 cultures par saison en ext\u00e9rieur si le mois d&#8217;octobre est sec.<\/p>\n\n\n\n<h2 class=\"wp-block-heading\">Caract\u00e9ristiques de la Sour Diesel Auto<\/h2>\n\n\n\n<p>Sour Diesel n&#8217;est pas une vari\u00e9t\u00e9s particuli\u00e8rement connue pour sa production. Les t\u00eates sont de taille moyenne, mais d&#8217;une duret\u00e9 in\u00e9gal\u00e9e. De plus, elles ressemblent \u00e0 des bonbons enrob\u00e9s de sucre en raison de la grande quantit\u00e9 de r\u00e9sine qu&#8217;elles accumulent.<\/p>\n\n\n\n<p>Son <strong>go\u00fbt et son ar\u00f4me<\/strong>, c&#8217;est le diesel classique, aigre et <em>skunky<\/em>, si caract\u00e9ristique de l&#8217;\u00e9cole am\u00e9ricaine. Les avis varient, mais la grande majorit\u00e9 des consommateurs trouvent le go\u00fbt tr\u00e8s agr\u00e9able.<\/p>\n\n\n\n<p>Les <strong>effets sont tr\u00e8s puissants<\/strong>, une vague d&#8217;\u00e9nergie et de cr\u00e9ativit\u00e9 d\u00e9ferlera sur votre corps et votre esprit. C&#8217;est la vari\u00e9t\u00e9 de cannabis parfaite pour la journ\u00e9e.<\/p>\n\n\n\n<div style=\"height:50px\" aria-hidden=\"true\" class=\"wp-block-spacer uag-hide-mob\"><\/div>\n\n\n\n<div class=\"wp-block-columns is-layout-flex wp-container-core-columns-is-layout-28f84493 wp-block-columns-is-layout-flex\">\n<div class=\"wp-block-column is-layout-flow wp-block-column-is-layout-flow\">\n<p class=\"has-text-align-center has-medium-font-size\"><strong>Ce que nous aimons le plus<\/strong><\/p>\n\n\n\n<ul class=\"wp-block-list\">\n<li>Tr\u00e8s facile \u00e0 cultiver.<\/li>\n\n\n\n<li>R\u00e9colte en seulement 65-70 jours.<\/li>\n\n\n\n<li>Go\u00fbt de diesel authentique.<\/li>\n\n\n\n<li>Des effets tr\u00e8s relaxants et positifs.<\/li>\n\n\n\n<li>Son faible prix.<\/li>\n<\/ul>\n<\/div>\n\n\n\n<div class=\"wp-block-column is-layout-flow wp-block-column-is-layout-flow\">\n<p class=\"has-text-align-center has-medium-font-size\"><strong>Ce que nous aimons le moins<\/strong><\/p>\n\n\n\n<ul class=\"wp-block-list\">\n<li>Odeur intense en floraison.<\/li>\n<\/ul>\n<\/div>\n<\/div>\n\n\n\n<div style=\"height:50px\" aria-hidden=\"true\" class=\"wp-block-spacer uag-hide-mob\"><\/div>\n\n\n\n<h2 class=\"wp-block-heading\">Questions fr\u00e9quentes<\/h2>\n\n\n\n<p>Nous r\u00e9pondons ci-dessous \u00e0 certaines des questions les plus courantes que nous posent les cultivateurs int\u00e9ress\u00e9s par ces graines bon march\u00e9 :<\/p>\n\n\n<div id=\"rank-math-faq\" class=\"rank-math-block\">\n<div class=\"rank-math-list \">\n<div id=\"faq-question-1663029074962\" class=\"rank-math-list-item\">\n<h3 class=\"rank-math-question \">Quand commence la floraison de la Sour Diesel Auto en ext\u00e9rieur ?<\/h3>\n<div class=\"rank-math-answer \">\n\n<p>La p\u00e9riode de croissance est tr\u00e8s rapide et apr\u00e8s environ 3-4 semaines \u00e0 partir de la germination des graines, les plantes commencent \u00e0 fleurir.<\/p>\n\n<\/div>\n<\/div>\n<div id=\"faq-question-1663029159933\" class=\"rank-math-list-item\">\n<h3 class=\"rank-math-question \">Quand r\u00e9colter la Sour Diesel Auto \u00e0 partir de la germination ?<\/h3>\n<div class=\"rank-math-answer \">\n\n<p>C&#8217;est une vari\u00e9t\u00e9 tr\u00e8s rapide qui se r\u00e9colte en 65-70 jours au total.<\/p>\n\n<\/div>\n<\/div>\n<div id=\"faq-question-1663029165861\" class=\"rank-math-list-item\">\n<h3 class=\"rank-math-question \">Comment cultiver la Sour Diesel Auto f\u00e9minis\u00e9e ?<\/h3>\n<div class=\"rank-math-answer \">\n\n<p>Elle est tr\u00e8s facile \u00e0 cultiver et r\u00e9sistante, ainsi que discr\u00e8te. Choisissez un bon substrat et un pot d&#8217;au moins 20 litres pour obtenir les plus grandes plantes.<\/p>\n\n<\/div>\n<\/div>\n<div id=\"faq-question-1666780029954\" class=\"rank-math-list-item\">\n<h3 class=\"rank-math-question \">Quels sont les effets de la Sour Diesel Auto en vrac ?<\/h3>\n<div class=\"rank-math-answer \">\n\n<p>Les effets sont \u00e9nergiques, sociaux et cr\u00e9atifs, parfaits pour la sociabiliser et pour le plaisir \u00e0 tout moment de la journ\u00e9e.<\/p>\n\n<\/div>\n<\/div>\n<\/div>\n<\/div>","protected":false},"excerpt":{"rendered":"<p>Sour Diesel Auto est la version rapide de la v\u00e9ritable vari\u00e9t\u00e9 am\u00e9ricaine, un classique de la sc\u00e8ne du cannabis depuis des d\u00e9cennies. C&#8217;est une plante tr\u00e8s facile \u00e0 cultiver et discr\u00e8te, car elle a une hauteur de 100-130 cm, parfaite pour les petits jardins, terrasses ou balcons. Les fleurs sont denses, allong\u00e9es et collantes comme du miel. Son go\u00fbt aigre, diesel et <em>skunky <\/em>nous ram\u00e8nera aux origines de certaines des g\u00e9n\u00e9tiques les plus en vogue aujourd&#8217;hui, comme la Gorilla Glue, la Gelato ou la Sunset Sherbert. Les effets sont puissants, \u00e9nergiques et cr\u00e9atifs, pour profiter de moments agr\u00e9ables en compagnie.<\/p>\n","protected":false},"featured_media":10866,"comment_status":"open","ping_status":"closed","template":"","meta":{"_acf_changed":false,"inline_featured_image":false,"_uag_custom_page_level_css":""},"product_brand":[],"product_cat":[2265,4112],"product_tag":[],"class_list":{"0":"post-10621","1":"product","2":"type-product","3":"status-publish","4":"has-post-thumbnail","6":"product_cat-graines-autofloraison-en-gros","7":"product_cat-graines-de-cannabis-a-1-euro","9":"first","10":"instock","11":"sale","12":"taxable","13":"shipping-taxable","14":"purchasable","15":"product-type-simple"},"acf":[],"uagb_featured_image_src":{"full":["https:\/\/bulkgenetics.com\/wp-content\/uploads\/2022\/10\/sour-diesel-auto.jpg",1600,1600,false],"thumbnail":["https:\/\/bulkgenetics.com\/wp-content\/uploads\/2022\/10\/sour-diesel-auto-150x150.jpg",150,150,true],"medium":["https:\/\/bulkgenetics.com\/wp-content\/uploads\/2022\/10\/sour-diesel-auto-300x300.jpg",300,300,true],"medium_large":["https:\/\/bulkgenetics.com\/wp-content\/uploads\/2022\/10\/sour-diesel-auto-768x768.jpg",768,768,true],"large":["https:\/\/bulkgenetics.com\/wp-content\/uploads\/2022\/10\/sour-diesel-auto-1024x1024.jpg",1024,1024,true],"1536x1536":["https:\/\/bulkgenetics.com\/wp-content\/uploads\/2022\/10\/sour-diesel-auto-1536x1536.jpg",1536,1536,true],"2048x2048":["https:\/\/bulkgenetics.com\/wp-content\/uploads\/2022\/10\/sour-diesel-auto.jpg",1600,1600,false],"commercegurus-pdp-large":["https:\/\/bulkgenetics.com\/wp-content\/uploads\/2022\/10\/sour-diesel-auto-990x990.jpg",990,990,true],"commercegurus-plp-mobile":["https:\/\/bulkgenetics.com\/wp-content\/uploads\/2022\/10\/sour-diesel-auto-441x441.jpg",441,441,true],"cgkit_image_swatch":["https:\/\/bulkgenetics.com\/wp-content\/uploads\/2022\/10\/sour-diesel-auto-100x100.jpg",100,100,true],"woocommerce_thumbnail":["https:\/\/bulkgenetics.com\/wp-content\/uploads\/2022\/10\/sour-diesel-auto-300x300.jpg",300,300,true],"woocommerce_single":["https:\/\/bulkgenetics.com\/wp-content\/uploads\/2022\/10\/sour-diesel-auto-800x800.jpg",800,800,true],"woocommerce_gallery_thumbnail":["https:\/\/bulkgenetics.com\/wp-content\/uploads\/2022\/10\/sour-diesel-auto-150x150.jpg",150,150,true],"dgwt-wcas-product-suggestion":["https:\/\/bulkgenetics.com\/wp-content\/uploads\/2022\/10\/sour-diesel-auto-64x64.jpg",64,64,true]},"uagb_author_info":{"display_name":"J\u00e9r\u00f4me","author_link":"https:\/\/bulkgenetics.com\/fr\/author\/"},"uagb_comment_info":0,"uagb_excerpt":"Sour Diesel Auto est la version rapide de la v\u00e9ritable vari\u00e9t\u00e9 am\u00e9ricaine, un classique de la sc\u00e8ne du cannabis depuis des d\u00e9cennies. C'est une plante tr\u00e8s facile \u00e0 cultiver et discr\u00e8te, car elle a une hauteur de 100-130 cm, parfaite pour les petits jardins, terrasses ou balcons. Les fleurs sont denses, allong\u00e9es et collantes comme\u2026","_links":{"self":[{"href":"https:\/\/bulkgenetics.com\/fr\/wp-json\/wp\/v2\/product\/10621","targetHints":{"allow":["GET"]}}],"collection":[{"href":"https:\/\/bulkgenetics.com\/fr\/wp-json\/wp\/v2\/product"}],"about":[{"href":"https:\/\/bulkgenetics.com\/fr\/wp-json\/wp\/v2\/types\/product"}],"replies":[{"embeddable":true,"href":"https:\/\/bulkgenetics.com\/fr\/wp-json\/wp\/v2\/comments?post=10621"}],"wp:featuredmedia":[{"embeddable":true,"href":"https:\/\/bulkgenetics.com\/fr\/wp-json\/wp\/v2\/media\/10866"}],"wp:attachment":[{"href":"https:\/\/bulkgenetics.com\/fr\/wp-json\/wp\/v2\/media?parent=10621"}],"wp:term":[{"taxonomy":"product_brand","embeddable":true,"href":"https:\/\/bulkgenetics.com\/fr\/wp-json\/wp\/v2\/product_brand?post=10621"},{"taxonomy":"product_cat","embeddable":true,"href":"https:\/\/bulkgenetics.com\/fr\/wp-json\/wp\/v2\/product_cat?post=10621"},{"taxonomy":"product_tag","embeddable":true,"href":"https:\/\/bulkgenetics.com\/fr\/wp-json\/wp\/v2\/product_tag?post=10621"}],"curies":[{"name":"wp","href":"https:\/\/api.w.org\/{rel}","templated":true}]}}