{"id":10622,"date":"2022-09-30T17:39:05","date_gmt":"2022-09-30T15:39:05","guid":{"rendered":"https:\/\/www.bulkgenetics.com\/cookies-des-eclaireuses\/"},"modified":"2024-10-08T01:14:01","modified_gmt":"2024-10-07T23:14:01","slug":"girl-scout-cookies","status":"publish","type":"product","link":"https:\/\/bulkgenetics.com\/fr\/girl-scout-cookies\/","title":{"rendered":"Girl Scout Cookies"},"content":{"rendered":"\n<p><strong>Girl Scout Cookies<\/strong> est l&#8217;une des vari\u00e9t\u00e9s les plus embl\u00e9matiques de Californie. Cette l\u00e9gende cannabique est n\u00e9e de la combinaison entre <a href=\"https:\/\/bulkgenetics.com\/fr\/durban-poison\/\"><strong>Durban Poison<\/strong><\/a> et <a href=\"https:\/\/bulkgenetics.com\/fr\/og-kush\/\"><strong>OG Kush<\/strong><\/a>, cr\u00e9ant un hybride qui a conquis des c\u0153urs et remport\u00e9 de nombreux prix dans le monde entier.<\/p>\n\n\n\n<p>Les g\u00e8nes de Girl Scout Cookies ont donn\u00e9 naissance \u00e0 toute une famille d&#8217;hybrides connue sous le nom de <em>Cookies family<\/em>. Son nom est d\u00fb \u00e0 son d\u00e9licieux go\u00fbt qui rappelle les fameux biscuits des Girl Scouts am\u00e9ricaines. Cette strain a \u00e9t\u00e9 perfectionn\u00e9e et propos\u00e9e par de nombreuses banques de graines, mais notre version se distingue par son prix abordable et sa qualit\u00e9 sup\u00e9rieure.<\/p>\n\n\n\n<p>Cette plante \u00e0 dominance indica se caract\u00e9rise par sa structure robuste et compacte, avec des entren\u0153uds moyens et des feuilles d&#8217;un vert intense. En ext\u00e9rieur, elle ne d\u00e9passe g\u00e9n\u00e9ralement pas les deux m\u00e8tres de hauteur, ce qui la rend id\u00e9ale pour ceux qui recherchent la discr\u00e9tion dans leur culture.<\/p>\n\n\n\n<p>Les <strong>buds<\/strong> de Girl Scout Cookies sont un v\u00e9ritable spectacle. De taille moyenne, ils surprennent par leur extr\u00eame duret\u00e9 et l&#8217;abondance de trichomes qui les couvrent, donnant l&#8217;apparence d&#8217;\u00eatre saupoudr\u00e9s de poudre de diamant. De plus, lorsque les temp\u00e9ratures sont douces, les buds tendent \u00e0 prendre de belles teintes violettes, les rendant encore plus attrayants.<\/p>\n\n\n\n<h2 class=\"wp-block-heading\">Saveur et Effets<\/h2>\n\n\n\n<p>L&#8217;<strong>ar\u00f4me<\/strong> de Girl Scout Cookies est un v\u00e9ritable d\u00e9lice pour les sens. En ouvrant un pot, vous serez accueilli par des notes sucr\u00e9es et terreuses, avec des touches de vanille, de menthe et de cerise. Ce profil aromatique si distinctif est l&#8217;une des raisons pour lesquelles cette vari\u00e9t\u00e9 a gagn\u00e9 tant de popularit\u00e9 parmi les connaisseurs de cannabis.<\/p>\n\n\n\n<p>Quant \u00e0 sa <strong>saveur<\/strong>, Girl Scout Cookies ne d\u00e9\u00e7oit pas. Chaque bouff\u00e9e vous transporte dans un monde de biscuits fra\u00eechement cuits, m\u00e9lang\u00e9s avec une touche douce de vanille et de menthe. C&#8217;est comme d\u00e9guster un dessert gourmet, avec une saveur qui persiste sur le palais et vous laisse en redemander.<\/p>\n\n\n\n<p>Les <strong>effets<\/strong> de Girl Scout Cookies sont tout aussi impressionnants. Avec une teneur en THC variant entre 20% et 25%, cette vari\u00e9t\u00e9 vous procurera une puissante sensation de bonheur et de relaxation. Pr\u00e9parez-vous \u00e0 ressentir une vague d&#8217;euphorie qui vous enveloppe, suivie d&#8217;une profonde relaxation corporelle qui vous laissera compl\u00e8tement \u00e0 l&#8217;aise. Ses faibles niveaux de CBD, autour de 0,2%, compl\u00e8tent ces effets sans \u00eatre accablants.<\/p>\n\n\n\n<h3 class=\"wp-block-heading\">Terp\u00e8nes de Girl Scout Cookies<\/h3>\n\n\n\n<p>La richesse des <strong>terp\u00e8nes<\/strong> dans Girl Scout Cookies est l&#8217;une des cl\u00e9s de son succ\u00e8s. Parmi eux, on trouve :<\/p>\n\n\n\n<ul class=\"wp-block-list\">\n<li><strong>Alpha-Pinene<\/strong> : Apporte un ar\u00f4me frais de pin et am\u00e9liore la m\u00e9moire et la vigilance mentale.<\/li>\n\n\n\n<li><strong>Myrc\u00e8ne<\/strong> : Avec son parfum terreux, il offre un effet relaxant et est connu pour ses propri\u00e9t\u00e9s s\u00e9datives.<\/li>\n\n\n\n<li><strong>Limon\u00e8ne<\/strong> : Responsable des notes d&#8217;agrumes qui \u00e9l\u00e8vent l&#8217;humeur et combattent le stress.<\/li>\n\n\n\n<li><strong>Beta-Caryophyll\u00e8ne<\/strong> : Avec son ar\u00f4me \u00e9pic\u00e9, il a des propri\u00e9t\u00e9s anti-inflammatoires et contribue \u00e0 la relaxation.<\/li>\n<\/ul>\n\n\n\n<p>Ces terp\u00e8nes contribuent non seulement au profil aromatique et gustatif de Girl Scout Cookies, mais ils renforcent \u00e9galement ses effets th\u00e9rapeutiques. C&#8217;est pourquoi cette vari\u00e9t\u00e9 est un choix populaire pour ceux qui recherchent un soulagement du stress, de la fatigue et des spasmes musculaires.<\/p>\n\n\n\n<h2 class=\"wp-block-heading\">Production et Temps de Floraison<\/h2>\n\n\n\n<p>La <strong>production<\/strong> de Girl Scout Cookies est l&#8217;un de ses grands avantages, tant pour les cultivateurs novices que pour les experts. En int\u00e9rieur, cette vari\u00e9t\u00e9 est parfaite pour les cultures en SOG (Sea of Green) \u00e0 partir de clones, bien qu&#8217;elle accepte \u00e9galement d&#8217;autres techniques de culture. Avec 300-350W de lampes LED par m\u00e8tre carr\u00e9 de culture, on peut s&#8217;attendre \u00e0 des rendements compris entre 450 et 500 grammes par m\u00e8tre carr\u00e9. Dans les cultures optimis\u00e9es, il ne sera pas difficile d&#8217;atteindre 550 grammes par m\u00e8tre carr\u00e9.<\/p>\n\n\n\n<p>En ext\u00e9rieur, Girl Scout Cookies montre tout son potentiel. Sous la lumi\u00e8re du soleil et avec des soins appropri\u00e9s, elle peut produire des rendements allant jusqu&#8217;\u00e0 800 grammes par plante. Sa structure robuste et sa hauteur discr\u00e8te, qui ne d\u00e9passe g\u00e9n\u00e9ralement pas deux m\u00e8tres, la rendent id\u00e9ale pour ceux qui recherchent une culture plus r\u00e9serv\u00e9e.<\/p>\n\n\n\n<p>Le <strong>temps de floraison<\/strong> de Girl Scout Cookies varie en fonction des conditions de culture. En int\u00e9rieur, \u00e0 partir du moment o\u00f9 la photop\u00e9riode de croissance est r\u00e9duite \u00e0 la floraison, environ 9 semaines seront n\u00e9cessaires pour pouvoir r\u00e9colter. Il est important de noter que pendant cette phase, les odeurs sont intenses, il peut donc \u00eatre n\u00e9cessaire d&#8217;avoir un bon syst\u00e8me anti-odeurs.<\/p>\n\n\n\n<p>En ext\u00e9rieur, la floraison commence entre fin juillet et d\u00e9but ao\u00fbt, en fonction de la latitude. La r\u00e9colte se fait g\u00e9n\u00e9ralement d\u00e9but octobre, avec certains ph\u00e9notypes l\u00e9g\u00e8rement plus tardifs qui seront pr\u00eats la deuxi\u00e8me semaine d&#8217;octobre. Cette vari\u00e9t\u00e9 pr\u00e9f\u00e8re les climats avec un d\u00e9but d&#8217;automne sec et ensoleill\u00e9 pour maximiser son rendement et sa qualit\u00e9.<\/p>\n\n\n\n<h2 class=\"wp-block-heading\">Comment Cultiver Girl Scout Cookies<\/h2>\n\n\n\n<p>En ce qui concerne la <strong>difficult\u00e9 de culture<\/strong>, Girl Scout Cookies est une vari\u00e9t\u00e9 mod\u00e9r\u00e9ment facile \u00e0 cultiver. Sa nature r\u00e9sistante la rend adapt\u00e9e aux cultivateurs d\u00e9butants, tandis que les plus exp\u00e9riment\u00e9s peuvent tirer parti de techniques avanc\u00e9es pour maximiser son rendement et sa qualit\u00e9. C&#8217;est une plante polyvalente qui s&#8217;adapte bien \u00e0 diff\u00e9rentes m\u00e9thodes de culture, y compris SOG et ScrOG.<\/p>\n\n\n\n<p>Pour obtenir les meilleurs r\u00e9sultats, il est essentiel de fournir \u00e0 Girl Scout Cookies le <strong>climat et les conditions de culture appropri\u00e9s<\/strong>. Cette vari\u00e9t\u00e9 pr\u00e9f\u00e8re un climat chaud et sec. En int\u00e9rieur, nous maintenons les temp\u00e9ratures diurnes entre 20\u00b0C et 26\u00b0C, en r\u00e9duisant la temp\u00e9rature nocturne de 7\u00b0C \u00e0 9\u00b0C. L&#8217;humidit\u00e9 relative doit \u00eatre maintenue entre 55% et 60% pendant la phase v\u00e9g\u00e9tative, en la r\u00e9duisant \u00e0 environ 40% pendant la phase de floraison, et finalement \u00e0 30% pendant la r\u00e9colte. En ext\u00e9rieur, Girl Scout Cookies prosp\u00e8re lorsqu&#8217;elle est sem\u00e9e en avril et r\u00e9colt\u00e9e d\u00e9but octobre, en s&#8217;assurant que les plantes re\u00e7oivent le maximum de lumi\u00e8re solaire possible.<\/p>\n\n\n\n<p>Girl Scout Cookies est remarquablement <strong>r\u00e9sistante aux ravageurs et aux maladies<\/strong>, ce qui en fait une option fiable pour les cultivateurs de tous niveaux. Cependant, il est toujours prudent de rester vigilant et de prendre des mesures pr\u00e9ventives, comme l&#8217;utilisation de pesticides biologiques et l&#8217;inspection r\u00e9guli\u00e8re des plantes pour d\u00e9tecter tout signe de probl\u00e8me.<\/p>\n\n\n\n<div style=\"height:50px\" aria-hidden=\"true\" class=\"wp-block-spacer uag-hide-mob\"><\/div>\n\n\n\n<div class=\"wp-block-columns is-layout-flex wp-container-core-columns-is-layout-28f84493 wp-block-columns-is-layout-flex\">\n<div class=\"wp-block-column is-layout-flow wp-block-column-is-layout-flow\">\n<p class=\"has-text-align-center has-medium-font-size\"><strong>Ce que nous aimons le plus<\/strong><\/p>\n\n\n\n<ul class=\"wp-block-list\">\n<li>Ses buds denses et r\u00e9sineux, parfaits pour les extractions.<\/li>\n\n\n\n<li>Le profil de terp\u00e8nes diversifi\u00e9 et aromatique.<\/li>\n\n\n\n<li>La facilit\u00e9 de culture en int\u00e9rieur comme en ext\u00e9rieur.<\/li>\n\n\n\n<li>Ses effets puissants, \u00e9quilibrant bonheur et relaxation.<\/li>\n<\/ul>\n<\/div>\n\n\n\n<div class=\"wp-block-column is-layout-flow wp-block-column-is-layout-flow\">\n<p class=\"has-text-align-center has-medium-font-size\"><strong>Ce que nous aimons le moins<\/strong><\/p>\n\n\n\n<ul class=\"wp-block-list\">\n<li>N\u00e9cessite un contr\u00f4le pr\u00e9cis de l&#8217;humidit\u00e9, surtout pendant la phase de floraison.<\/li>\n\n\n\n<li>Peut n\u00e9cessiter un soutien suppl\u00e9mentaire en raison du poids des buds.<\/li>\n<\/ul>\n<\/div>\n<\/div>\n\n\n\n<div style=\"height:50px\" aria-hidden=\"true\" class=\"wp-block-spacer uag-hide-mob\"><\/div>\n\n\n\n<h2 class=\"wp-block-heading\">Questions Fr\u00e9quentes sur Girl Scout Cookies<\/h2>\n\n\n\n<p>Voici quelques-unes des questions les plus courantes pos\u00e9es par les cultivateurs int\u00e9ress\u00e9s par cette vari\u00e9t\u00e9 :<\/p>\n\n\n<div id=\"rank-math-faq\" class=\"rank-math-block\">\n<div class=\"rank-math-list \">\n<div id=\"faq-question-1663029074962\" class=\"rank-math-list-item\">\n<h3 class=\"rank-math-question \">Quand commence la floraison des Girl Scout Cookies en ext\u00e9rieur ?<\/h3>\n<div class=\"rank-math-answer \">\n\n<p>La floraison des Girl Scout Cookies en ext\u00e9rieur commence entre fin juillet et d\u00e9but ao\u00fbt, selon la latitude et les conditions climatiques sp\u00e9cifiques de la zone de culture.<\/p>\n\n<\/div>\n<\/div>\n<div id=\"faq-question-1663029159933\" class=\"rank-math-list-item\">\n<h3 class=\"rank-math-question \">Quand r\u00e9colter une Girl Scout Cookies en ext\u00e9rieur ?<\/h3>\n<div class=\"rank-math-answer \">\n\n<p>Girl Scout Cookies a une p\u00e9riode de floraison relativement courte. En ext\u00e9rieur, elle est g\u00e9n\u00e9ralement r\u00e9colt\u00e9e d\u00e9but octobre, avec certains ph\u00e9notypes qui peuvent \u00eatre pr\u00eats jusqu&#8217;\u00e0 la deuxi\u00e8me semaine d&#8217;octobre.<\/p>\n\n<\/div>\n<\/div>\n<div id=\"faq-question-1663029165861\" class=\"rank-math-list-item\">\n<h3 class=\"rank-math-question \">Comment cultiver une Girl Scout Cookies f\u00e9minis\u00e9e ?<\/h3>\n<div class=\"rank-math-answer \">\n\n<p>Girl Scout Cookies est une plante facile \u00e0 cultiver, adapt\u00e9e tant aux d\u00e9butants qu&#8217;aux experts. Elle pr\u00e9f\u00e8re les climats chauds et secs et peut \u00eatre cultiv\u00e9e en int\u00e9rieur et en ext\u00e9rieur. En int\u00e9rieur, elle est id\u00e9ale pour des techniques comme le SOG et le ScrOG, et n\u00e9cessite un contr\u00f4le pr\u00e9cis de l&#8217;humidit\u00e9. En ext\u00e9rieur, elle prosp\u00e8re lorsqu&#8217;elle est sem\u00e9e en avril et r\u00e9colt\u00e9e en octobre.<\/p>\n\n<\/div>\n<\/div>\n<div id=\"faq-question-1666773419447\" class=\"rank-math-list-item\">\n<h3 class=\"rank-math-question \">Quels sont les effets des Girl Scout Cookies en gros ?<\/h3>\n<div class=\"rank-math-answer \">\n\n<p>Les effets des Girl Scout Cookies sont tr\u00e8s puissants. Elle procure une sensation de <strong>bonheur<\/strong> et de <strong>relaxation<\/strong> profonde, accompagn\u00e9e d&#8217;une euphorie qui enveloppe tout le corps. Elle est id\u00e9ale pour se d\u00e9tendre apr\u00e8s une longue journ\u00e9e, soulager le stress et la douleur, et profiter d&#8217;un \u00e9tat de bien-\u00eatre g\u00e9n\u00e9ral.<\/p>\n\n<\/div>\n<\/div>\n<div id=\"faq-question-1721400686910\" class=\"rank-math-list-item\">\n<h3 class=\"rank-math-question \">Les Girl Scout Cookies sont-elles sativa ou indica ?<\/h3>\n<div class=\"rank-math-answer \">\n\n<p>Les Girl Scout Cookies sont une vari\u00e9t\u00e9 hybride avec une <strong>dominance indica<\/strong>. Elles ont environ 60% de g\u00e9n\u00e9tique indica et 40% de g\u00e9n\u00e9tique sativa. Les vari\u00e9t\u00e9s indica sont connues pour leurs effets relaxants et s\u00e9datifs, id\u00e9ales pour le soulagement de la douleur et de l&#8217;anxi\u00e9t\u00e9, tandis que les sativas offrent g\u00e9n\u00e9ralement des effets plus \u00e9nergisants et stimulants, parfaits pour la cr\u00e9ativit\u00e9 et l&#8217;activit\u00e9 diurne. Les Girl Scout Cookies combinent le meilleur des deux mondes, fournissant une relaxation profonde avec une euphorie joyeuse.<\/p>\n\n<\/div>\n<\/div>\n<div id=\"faq-question-1721400691716\" class=\"rank-math-list-item\">\n<h3 class=\"rank-math-question \">Quel est le go\u00fbt des Girl Scout Cookies ?<\/h3>\n<div class=\"rank-math-answer \">\n\n<p>Le go\u00fbt des Girl Scout Cookies est un m\u00e9lange d\u00e9licieux qui rappelle des <strong>biscuits fra\u00eechement cuits<\/strong> avec des touches de vanille, de menthe et de cerise. Cette combinaison de saveurs sucr\u00e9es et terreuses en fait l&#8217;une des vari\u00e9t\u00e9s les plus appr\u00e9ci\u00e9es par les connaisseurs.<\/p>\n\n<\/div>\n<\/div>\n<div id=\"faq-question-1721400692797\" class=\"rank-math-list-item\">\n<h3 class=\"rank-math-question \">Quel est le contenu en cannabino\u00efdes des Girl Scout Cookies ?<\/h3>\n<div class=\"rank-math-answer \">\n\n<p>Les Girl Scout Cookies ont une teneur \u00e9lev\u00e9e en <strong>THC<\/strong>, qui varie entre 20% et 25%, et une faible teneur en <strong>CBD<\/strong>, autour de 0,2%. Ces niveaux de cannabino\u00efdes contribuent \u00e0 leurs puissants effets psychoactifs et th\u00e9rapeutiques.<\/p>\n\n<\/div>\n<\/div>\n<div id=\"faq-question-1721400693934\" class=\"rank-math-list-item\">\n<h3 class=\"rank-math-question \">Quel est le croisement des Girl Scout Cookies ?<\/h3>\n<div class=\"rank-math-answer \">\n\n<p>Les Girl Scout Cookies sont le r\u00e9sultat d&#8217;un croisement entre <strong>Durban Poison<\/strong> et <strong>OG Kush<\/strong>. Cette combinaison g\u00e9n\u00e9tique a donn\u00e9 naissance \u00e0 une vari\u00e9t\u00e9 avec une grande dominance indica et un profil de terp\u00e8nes diversifi\u00e9 et aromatique.<\/p>\n\n<\/div>\n<\/div>\n<\/div>\n<\/div>","protected":false},"excerpt":{"rendered":"<p><b>Girl Scout Cookies<\/b> offre une exp\u00e9rience unique avec ses puissants <strong>effets de bonheur et de relaxation profonde<\/strong>. Parfaite pour les cultivateurs de tous niveaux, cette vari\u00e9t\u00e9 garantit des <strong>buds denses et r\u00e9sineux<\/strong> avec un d\u00e9licieux <strong>go\u00fbt de biscuit<\/strong> fra\u00eechement cuit. D\u00e9couvrez pourquoi elle est une l\u00e9gende dans le monde du cannabis !<\/p>\n","protected":false},"featured_media":21800,"comment_status":"open","ping_status":"closed","template":"","meta":{"_acf_changed":false,"inline_featured_image":false,"_uag_custom_page_level_css":""},"product_brand":[],"product_cat":[1125,4112],"product_tag":[],"class_list":{"0":"post-10622","1":"product","2":"type-product","3":"status-publish","4":"has-post-thumbnail","6":"product_cat-graines-feminisees-en-gros","7":"product_cat-graines-de-cannabis-a-1-euro","9":"first","10":"instock","11":"sale","12":"taxable","13":"shipping-taxable","14":"purchasable","15":"product-type-simple"},"acf":[],"uagb_featured_image_src":{"full":["https:\/\/bulkgenetics.com\/wp-content\/uploads\/2022\/09\/girl-scout-cookies-weed-strain.jpg",1600,1600,false],"thumbnail":["https:\/\/bulkgenetics.com\/wp-content\/uploads\/2022\/09\/girl-scout-cookies-weed-strain-150x150.jpg",150,150,true],"medium":["https:\/\/bulkgenetics.com\/wp-content\/uploads\/2022\/09\/girl-scout-cookies-weed-strain-300x300.jpg",300,300,true],"medium_large":["https:\/\/bulkgenetics.com\/wp-content\/uploads\/2022\/09\/girl-scout-cookies-weed-strain-768x768.jpg",768,768,true],"large":["https:\/\/bulkgenetics.com\/wp-content\/uploads\/2022\/09\/girl-scout-cookies-weed-strain-1024x1024.jpg",1024,1024,true],"1536x1536":["https:\/\/bulkgenetics.com\/wp-content\/uploads\/2022\/09\/girl-scout-cookies-weed-strain-1536x1536.jpg",1536,1536,true],"2048x2048":["https:\/\/bulkgenetics.com\/wp-content\/uploads\/2022\/09\/girl-scout-cookies-weed-strain.jpg",1600,1600,false],"commercegurus-pdp-large":["https:\/\/bulkgenetics.com\/wp-content\/uploads\/2022\/09\/girl-scout-cookies-weed-strain-990x990.jpg",990,990,true],"commercegurus-plp-mobile":["https:\/\/bulkgenetics.com\/wp-content\/uploads\/2022\/09\/girl-scout-cookies-weed-strain-441x441.jpg",441,441,true],"cgkit_image_swatch":["https:\/\/bulkgenetics.com\/wp-content\/uploads\/2022\/09\/girl-scout-cookies-weed-strain-100x100.jpg",100,100,true],"woocommerce_thumbnail":["https:\/\/bulkgenetics.com\/wp-content\/uploads\/2022\/09\/girl-scout-cookies-weed-strain-300x300.jpg",300,300,true],"woocommerce_single":["https:\/\/bulkgenetics.com\/wp-content\/uploads\/2022\/09\/girl-scout-cookies-weed-strain-800x800.jpg",800,800,true],"woocommerce_gallery_thumbnail":["https:\/\/bulkgenetics.com\/wp-content\/uploads\/2022\/09\/girl-scout-cookies-weed-strain-150x150.jpg",150,150,true],"dgwt-wcas-product-suggestion":["https:\/\/bulkgenetics.com\/wp-content\/uploads\/2022\/09\/girl-scout-cookies-weed-strain-64x64.jpg",64,64,true]},"uagb_author_info":{"display_name":"Bruno Crespo","author_link":"https:\/\/bulkgenetics.com\/fr\/author\/"},"uagb_comment_info":0,"uagb_excerpt":"Girl Scout Cookies offre une exp\u00e9rience unique avec ses puissants effets de bonheur et de relaxation profonde. Parfaite pour les cultivateurs de tous niveaux, cette vari\u00e9t\u00e9 garantit des buds denses et r\u00e9sineux avec un d\u00e9licieux go\u00fbt de biscuit fra\u00eechement cuit. D\u00e9couvrez pourquoi elle est une l\u00e9gende dans le monde du cannabis !","_links":{"self":[{"href":"https:\/\/bulkgenetics.com\/fr\/wp-json\/wp\/v2\/product\/10622","targetHints":{"allow":["GET"]}}],"collection":[{"href":"https:\/\/bulkgenetics.com\/fr\/wp-json\/wp\/v2\/product"}],"about":[{"href":"https:\/\/bulkgenetics.com\/fr\/wp-json\/wp\/v2\/types\/product"}],"replies":[{"embeddable":true,"href":"https:\/\/bulkgenetics.com\/fr\/wp-json\/wp\/v2\/comments?post=10622"}],"wp:featuredmedia":[{"embeddable":true,"href":"https:\/\/bulkgenetics.com\/fr\/wp-json\/wp\/v2\/media\/21800"}],"wp:attachment":[{"href":"https:\/\/bulkgenetics.com\/fr\/wp-json\/wp\/v2\/media?parent=10622"}],"wp:term":[{"taxonomy":"product_brand","embeddable":true,"href":"https:\/\/bulkgenetics.com\/fr\/wp-json\/wp\/v2\/product_brand?post=10622"},{"taxonomy":"product_cat","embeddable":true,"href":"https:\/\/bulkgenetics.com\/fr\/wp-json\/wp\/v2\/product_cat?post=10622"},{"taxonomy":"product_tag","embeddable":true,"href":"https:\/\/bulkgenetics.com\/fr\/wp-json\/wp\/v2\/product_tag?post=10622"}],"curies":[{"name":"wp","href":"https:\/\/api.w.org\/{rel}","templated":true}]}}