{"id":10648,"date":"2022-10-04T17:44:57","date_gmt":"2022-10-04T15:44:57","guid":{"rendered":"https:\/\/www.bulkgenetics.com\/zkittlez-auto\/"},"modified":"2024-10-08T01:09:05","modified_gmt":"2024-10-07T23:09:05","slug":"zkittlez-auto","status":"publish","type":"product","link":"https:\/\/bulkgenetics.com\/fr\/zkittlez-auto\/","title":{"rendered":"Zkittlez Auto"},"content":{"rendered":"\n<p><strong>Zkittlez Auto<\/strong> est la version autofloraison de la Zikittlez, <strong>l&#8217;une des vari\u00e9t\u00e9s les plus en vogue<\/strong> et les plus recherch\u00e9es au monde. Elle vous donnera aussi les r\u00e9coltes les plus rapides.<\/p>\n\n\n\n<p>Zkittlez est une vari\u00e9t\u00e9 de cannabis \u00e0 <strong>dominance Indica<\/strong> obtenue en Am\u00e9rique du Nord \u00e0 partir d&#8217;un hybride de Grapefruit combin\u00e9 \u00e0 une souche d&#8217;origine inconnue.  <\/p>\n\n\n\n<p>Son nom fait r\u00e9f\u00e9rence au <strong>l\u00e9gendaire bonbon aux fruits Skittles<\/strong>. C&#8217;est parce que son go\u00fbt est excellent et qu&#8217;il rappelle beaucoup ces petits bonbons color\u00e9s.<\/p>\n\n\n\n<p>De nos jours, il existe de nombreuses banques de graines qui proposent leur propre version f\u00e9minis\u00e9e ou autofloraison, comme FastBuds ou Advanced Seeds.<strong> Elle a \u00e9galement servi au d\u00e9veloppement de nouveaux hybrides<\/strong> tels que Gorilla Zkittlez Auto ou Watermelon Zkittlez Auto.<\/p>\n\n\n\n<p>Sur des sites Web tels que Growdiaries, Seedfinder et Leafly, c&#8217;est une vari\u00e9t\u00e9 de cannabis qui b\u00e9n\u00e9ficie d&#8217;excellents commentaires et critiques.<\/p>\n\n\n\n<h2 class=\"wp-block-heading\">Comment cultiver la Zkittlez Auto<\/h2>\n\n\n\n<p>C&#8217;est une plante facile \u00e0 cultiver, qui convient aussi bien au d\u00e9butant qui cherche une culture sans complication qu&#8217;au v\u00e9t\u00e9ran qui cherche des r\u00e9coltes pr\u00e9coces de la plus haute qualit\u00e9.<\/p>\n\n\n\n<p>Sa structure est typique d&#8217;un sapin, avec une branche forte entour\u00e9 de nombreuses branches secondaires. Sa hauteur reste inf\u00e9rieure \u00e0 110 cm, ce qui la rend tr\u00e8s discr\u00e8te et id\u00e9ale pour les terrasses et les balcons.<\/p>\n\n\n\n<p>Nous vous recommandons d&#8217;opter pour un grand pot d\u00e8s le d\u00e9part. De cette fa\u00e7on, les plantes pousseront sans l&#8217;interruption du rempotage et atteindront la plus grande hauteur possible avant le d\u00e9but de la floraison.<\/p>\n\n\n\n<p>Depuis la germination, la r\u00e9colte se fait en 65-70 jours au total, ce qui permet de faire 3 r\u00e9coltes cons\u00e9cutives pendant la saison ext\u00e9rieure.<\/p>\n\n\n\n<h2 class=\"wp-block-heading\">Caract\u00e9ristiques de la Zkittlez Auto<\/h2>\n\n\n\n<p>Les fleurs sont grandes, dures et se rejoignent pour former de longues t\u00eates tr\u00e8s faciles \u00e0 manucurer. Certains sp\u00e9cimens acqui\u00e8rent de belles teintes violettes en floraison qui contrastent avec l&#8217;\u00e9norme quantit\u00e9 de r\u00e9sine brillante.<\/p>\n\n\n\n<p>L&#8217;ar\u00f4me et le go\u00fbt sont tout simplement d\u00e9licieux, un vrai cocktail de fruits tropicaux. Des notes claires et douces de pamplemousse, de raisin et de baies raviront les papilles.<\/p>\n\n\n\n<p>Avec des niveaux de THC atteignant 25%, c&#8217;est une vari\u00e9t\u00e9 de cannabis aux effets tr\u00e8s puissants. Vous commencerez par ressentir une sensation de picotement dans tout votre corps, puis vous entrerez dans un monde de paix qui vous m\u00e8nera au repos le plus profond.<\/p>\n\n\n\n<p>Les rendements pour sa petite taille sont tr\u00e8s \u00e9lev\u00e9s. En ext\u00e9rieur, elle donnera jusqu&#8217;\u00e0 150 grammes sur des plantes plus grandes. En int\u00e9rieur, le rendement sera de 450-550 grammes par m\u00b2 avec un \u00e9clairage LED de 300-350W.<\/p>\n\n\n\n<div style=\"height:50px\" aria-hidden=\"true\" class=\"wp-block-spacer uag-hide-mob\"><\/div>\n\n\n\n<div class=\"wp-block-columns is-layout-flex wp-container-core-columns-is-layout-28f84493 wp-block-columns-is-layout-flex\">\n<div class=\"wp-block-column is-layout-flow wp-block-column-is-layout-flow\">\n<p class=\"has-text-align-center has-medium-font-size\"><strong>Ce que nous aimons le plus<\/strong><\/p>\n\n\n\n<ul class=\"wp-block-list\">\n<li>Tr\u00e8s facile \u00e0 cultiver.<\/li>\n\n\n\n<li>Production \u00e9lev\u00e9e.<\/li>\n\n\n\n<li>Tr\u00e8s discr\u00e8te.<\/li>\n\n\n\n<li>Se r\u00e9colte en 65-70 jours.<\/li>\n\n\n\n<li>Go\u00fbt de bonbon aux fruits.<\/li>\n\n\n\n<li>Son prix.<\/li>\n<\/ul>\n<\/div>\n\n\n\n<div class=\"wp-block-column is-layout-flow wp-block-column-is-layout-flow\">\n<p class=\"has-text-align-center has-medium-font-size\"><strong>Ce que nous aimons le moins<\/strong><\/p>\n\n\n\n<ul class=\"wp-block-list\">\n<li>Odeur intense en floraison.<\/li>\n<\/ul>\n<\/div>\n<\/div>\n\n\n\n<div style=\"height:50px\" aria-hidden=\"true\" class=\"wp-block-spacer uag-hide-mob\"><\/div>\n\n\n\n<h2 class=\"wp-block-heading\">Questions fr\u00e9quentes<\/h2>\n\n\n\n<p>Vous trouverez ci-dessous les r\u00e9ponses aux questions les plus courantes pos\u00e9es par les cultivateurs int\u00e9ress\u00e9s par ces graines bon march\u00e9 :<\/p>\n\n\n<div id=\"rank-math-faq\" class=\"rank-math-block\">\n<div class=\"rank-math-list \">\n<div id=\"faq-question-1663029074962\" class=\"rank-math-list-item\">\n<h3 class=\"rank-math-question \">Quand commence la floraison de la Zkittlez Auto en ext\u00e9rieur ?<\/h3>\n<div class=\"rank-math-answer \">\n\n<p>La p\u00e9riode de croissance est tr\u00e8s rapide, seulement 3-4 semaines.<\/p>\n\n<\/div>\n<\/div>\n<div id=\"faq-question-1663029159933\" class=\"rank-math-list-item\">\n<h3 class=\"rank-math-question \">Quand r\u00e9colter la Zkittlez Auto \u00e0 partir de la germination ?<\/h3>\n<div class=\"rank-math-answer \">\n\n<p>De la germination \u00e0 la r\u00e9colte il faudra attendre 65-70 jours.<\/p>\n\n<\/div>\n<\/div>\n<div id=\"faq-question-1663029165861\" class=\"rank-math-list-item\">\n<h3 class=\"rank-math-question \">Comment cultiver la Zkittlez Auto f\u00e9minis\u00e9e ?<\/h3>\n<div class=\"rank-math-answer \">\n\n<p>C&#8217;est une plante tr\u00e8s simple et discr\u00e8te, id\u00e9ale pour les terrasses et les balcons. Utilisez un grand pot et un substrat riche en nutriments.<\/p>\n\n<\/div>\n<\/div>\n<div id=\"faq-question-1666780029954\" class=\"rank-math-list-item\">\n<h3 class=\"rank-math-question \">Quels sont les effets de Zkittlez Auto en vrac ?<\/h3>\n<div class=\"rank-math-answer \">\n\n<p>Les effets sont relaxants, parfaits pour la fin de la journ\u00e9e.<\/p>\n\n<\/div>\n<\/div>\n<\/div>\n<\/div>","protected":false},"excerpt":{"rendered":"<p>Zkittlez Auto est la version autofleurrissante de l&#8217;une des vari\u00e9t\u00e9s les plus en vogue et les plus r\u00e9ussies au monde. C&#8217;est une plante peu exigeante qui atteint une hauteur discr\u00e8te de 80-110 cm. De la germination \u00e0 la r\u00e9colte, il ne faudra que 65-70 jours, produisant les t\u00eates les plus r\u00e9sineuses et les plus collantes imaginables en un temps record. Un ar\u00f4me et une saveur intenses de raisins, de baies et de pamplemousse vont secouer votre palais. Cependant, la grosse surprise viendra de ses effets puissants qui vous pousseront \u00e0 aller sur le canap\u00e9 ou au lit.<\/p>\n","protected":false},"featured_media":30416,"comment_status":"open","ping_status":"closed","template":"","meta":{"_acf_changed":false,"inline_featured_image":false,"_uag_custom_page_level_css":""},"product_brand":[],"product_cat":[2265,4112],"product_tag":[],"class_list":{"0":"post-10648","1":"product","2":"type-product","3":"status-publish","4":"has-post-thumbnail","6":"product_cat-graines-autofloraison-en-gros","7":"product_cat-graines-de-cannabis-a-1-euro","9":"first","10":"instock","11":"sale","12":"taxable","13":"shipping-taxable","14":"purchasable","15":"product-type-simple"},"acf":[],"uagb_featured_image_src":{"full":["https:\/\/bulkgenetics.com\/wp-content\/uploads\/2022\/10\/zkittlez-auto-autoflower-cannabis-seeds.jpg",1600,1600,false],"thumbnail":["https:\/\/bulkgenetics.com\/wp-content\/uploads\/2022\/10\/zkittlez-auto-autoflower-cannabis-seeds-150x150.jpg",150,150,true],"medium":["https:\/\/bulkgenetics.com\/wp-content\/uploads\/2022\/10\/zkittlez-auto-autoflower-cannabis-seeds-300x300.jpg",300,300,true],"medium_large":["https:\/\/bulkgenetics.com\/wp-content\/uploads\/2022\/10\/zkittlez-auto-autoflower-cannabis-seeds-768x768.jpg",768,768,true],"large":["https:\/\/bulkgenetics.com\/wp-content\/uploads\/2022\/10\/zkittlez-auto-autoflower-cannabis-seeds-1024x1024.jpg",1024,1024,true],"1536x1536":["https:\/\/bulkgenetics.com\/wp-content\/uploads\/2022\/10\/zkittlez-auto-autoflower-cannabis-seeds-1536x1536.jpg",1536,1536,true],"2048x2048":["https:\/\/bulkgenetics.com\/wp-content\/uploads\/2022\/10\/zkittlez-auto-autoflower-cannabis-seeds.jpg",1600,1600,false],"commercegurus-pdp-large":["https:\/\/bulkgenetics.com\/wp-content\/uploads\/2022\/10\/zkittlez-auto-autoflower-cannabis-seeds-990x990.jpg",990,990,true],"commercegurus-plp-mobile":["https:\/\/bulkgenetics.com\/wp-content\/uploads\/2022\/10\/zkittlez-auto-autoflower-cannabis-seeds-441x441.jpg",441,441,true],"cgkit_image_swatch":["https:\/\/bulkgenetics.com\/wp-content\/uploads\/2022\/10\/zkittlez-auto-autoflower-cannabis-seeds-100x100.jpg",100,100,true],"woocommerce_thumbnail":["https:\/\/bulkgenetics.com\/wp-content\/uploads\/2022\/10\/zkittlez-auto-autoflower-cannabis-seeds-300x300.jpg",300,300,true],"woocommerce_single":["https:\/\/bulkgenetics.com\/wp-content\/uploads\/2022\/10\/zkittlez-auto-autoflower-cannabis-seeds-800x800.jpg",800,800,true],"woocommerce_gallery_thumbnail":["https:\/\/bulkgenetics.com\/wp-content\/uploads\/2022\/10\/zkittlez-auto-autoflower-cannabis-seeds-150x150.jpg",150,150,true],"dgwt-wcas-product-suggestion":["https:\/\/bulkgenetics.com\/wp-content\/uploads\/2022\/10\/zkittlez-auto-autoflower-cannabis-seeds-64x64.jpg",64,64,true]},"uagb_author_info":{"display_name":"J\u00e9r\u00f4me","author_link":"https:\/\/bulkgenetics.com\/fr\/author\/"},"uagb_comment_info":2,"uagb_excerpt":"Zkittlez Auto est la version autofleurrissante de l'une des vari\u00e9t\u00e9s les plus en vogue et les plus r\u00e9ussies au monde. C'est une plante peu exigeante qui atteint une hauteur discr\u00e8te de 80-110 cm. De la germination \u00e0 la r\u00e9colte, il ne faudra que 65-70 jours, produisant les t\u00eates les plus r\u00e9sineuses et les plus collantes\u2026","_links":{"self":[{"href":"https:\/\/bulkgenetics.com\/fr\/wp-json\/wp\/v2\/product\/10648","targetHints":{"allow":["GET"]}}],"collection":[{"href":"https:\/\/bulkgenetics.com\/fr\/wp-json\/wp\/v2\/product"}],"about":[{"href":"https:\/\/bulkgenetics.com\/fr\/wp-json\/wp\/v2\/types\/product"}],"replies":[{"embeddable":true,"href":"https:\/\/bulkgenetics.com\/fr\/wp-json\/wp\/v2\/comments?post=10648"}],"wp:featuredmedia":[{"embeddable":true,"href":"https:\/\/bulkgenetics.com\/fr\/wp-json\/wp\/v2\/media\/30416"}],"wp:attachment":[{"href":"https:\/\/bulkgenetics.com\/fr\/wp-json\/wp\/v2\/media?parent=10648"}],"wp:term":[{"taxonomy":"product_brand","embeddable":true,"href":"https:\/\/bulkgenetics.com\/fr\/wp-json\/wp\/v2\/product_brand?post=10648"},{"taxonomy":"product_cat","embeddable":true,"href":"https:\/\/bulkgenetics.com\/fr\/wp-json\/wp\/v2\/product_cat?post=10648"},{"taxonomy":"product_tag","embeddable":true,"href":"https:\/\/bulkgenetics.com\/fr\/wp-json\/wp\/v2\/product_tag?post=10648"}],"curies":[{"name":"wp","href":"https:\/\/api.w.org\/{rel}","templated":true}]}}