{"id":10655,"date":"2022-10-04T13:02:52","date_gmt":"2022-10-04T11:02:52","guid":{"rendered":"https:\/\/www.bulkgenetics.com\/critical-xxl-auto\/"},"modified":"2024-10-08T01:13:53","modified_gmt":"2024-10-07T23:13:53","slug":"critical-xxl-auto","status":"publish","type":"product","link":"https:\/\/bulkgenetics.com\/fr\/critical-xxl-auto\/","title":{"rendered":"Critical XXL Auto"},"content":{"rendered":"\n<p><strong>Critical XXL Auto<\/strong> est la version autofleurrissante super productive de la l\u00e9gendaire Critical Mass de Mr Nice, l&#8217;une des vari\u00e9t\u00e9s les plus cultiv\u00e9es de l&#8217;histoire. Sur n&#8217;importe quel forum ou site Web sp\u00e9cialis\u00e9, vous pourrez trouver des suivis impressionnants ou lire des avis toujours favorables sur cette g\u00e9n\u00e9tique.<\/p>\n\n\n\n<p>C&#8217;est un hybride parfait \u00e0 dominance Indica, un <strong>croisement de Skunk x Afghani<\/strong>. Elle est surtout connue pour \u00eatre une plante exceptionnelle \u00e0 tous points de vue.<\/p>\n\n\n\n<p>Aujourd&#8217;hui, c&#8217;est une souche qui est utilis\u00e9e par de nombreuses banques, aussi bien en version f\u00e9minis\u00e9e qu&#8217;autofloraison. En outre, elle <strong>a servi au d\u00e9veloppement de nouvelles vari\u00e9t\u00e9s<\/strong> de cannabis, h\u00e9ritant largement de ses meilleures caract\u00e9ristiques.<\/p>\n\n\n\n<h2 class=\"wp-block-heading\">Comment cultiver la Critical XXL Auto<\/h2>\n\n\n\n<p>C&#8217;est l&#8217;une des plantes de cannabis les plus faciles \u00e0 faire pousser. Elle est r\u00e9sitante comme peu d&#8217;autres, pousse avec beaucoup de vigueur dans toutes les conditions et laisse toujours le cultivateur satisfait.<\/p>\n\n\n\n<p>Lorsque les conditions sont favorables, elle atteint <strong>une hauteur de 1,5 m\u00e8tre<\/strong>. Ce n&#8217;est pas la plus petite et la plus discr\u00e8te des autofloraisons, mais c&#8217;est l&#8217;une des plus productives.<\/p>\n\n\n\n<p>Elle a une phase de croissance tr\u00e8s courte et <strong>commencera \u00e0 fleurir en seulement 3-4 semaines<\/strong>. Pendant cette courte p\u00e9riode, le rempotage doit \u00eatre \u00e9vit\u00e9, car c&#8217;est une manipulation qui peut \u00eatre stressante et les plantes peuvent arr\u00eater leur d\u00e9veloppement pendant quelques jours pr\u00e9cieux.<\/p>\n\n\n\n<p>Chez Bulk Genetics, nous recommandons d&#8217;utiliser un grand pot d\u00e8s le premier jour avec un substrat de qualit\u00e9. Cela permettra aux plantes d&#8217;atteindre la taille maximale possible avant le d\u00e9but de la floraison. <strong>Elle est r\u00e9colt\u00e9e environ 8-9 semaines apr\u00e8s la germination<\/strong>, avec jusqu&#8217;\u00e0 3 r\u00e9coltes cons\u00e9cutives possibles pendant les mois de printemps et d&#8217;\u00e9t\u00e9.<\/p>\n\n\n\n<h2 class=\"wp-block-heading\">Caract\u00e9ristiques de la Critical XXL Auto <\/h2>\n\n\n\n<p>Cette g\u00e9n\u00e9tique produit des buds de comp\u00e9titions, grosses, tr\u00e8s compactes et tr\u00e8s r\u00e9sineuses. Dans les environnements humides, une bonne ventilation est n\u00e9cessaire pour \u00e9viter les probl\u00e8mes de moisissures.<\/p>\n\n\n\n<p>Son <strong>ar\u00f4me et sa saveur<\/strong> sont fid\u00e8les \u00e0 ceux de sa m\u00e8re Critical, avec une nette touche citrique, fruit\u00e9e et <em>skunky<\/em>, sur un fond bois\u00e9. Les hybrides de Skunk sont aussi c\u00e9l\u00e8bres pour leur odeur intense, \u00e0 l&#8217;int\u00e9rieur il est conseill\u00e9 d&#8217;utiliser un bon syst\u00e8me anti-odeur.<\/p>\n\n\n\n<p>Les <strong>effets sont tr\u00e8s puissants<\/strong>. Elle a un d\u00e9but tr\u00e8s psychoactif h\u00e9rit\u00e9 de ses g\u00e8nes Sativa, mais rapidement les sensations deviennent tr\u00e8s relaxantes et pacifiantes. C&#8217;est une vari\u00e9t\u00e9 parfaite pour la fin de la journ\u00e9e.<\/p>\n\n\n\n<p>Les rendements sont tr\u00e8s \u00e9lev\u00e9s, jusqu&#8217;\u00e0 <strong>200 grammes en ext\u00e9rieur<\/strong> pour les plus grandes plantes. En int\u00e9rieur et avec un \u00e9clairage LED de 300-350 W, on obtient <strong>550 grammes par m\u00b2<\/strong>.<\/p>\n\n\n\n<div style=\"height:50px\" aria-hidden=\"true\" class=\"wp-block-spacer uag-hide-mob\"><\/div>\n\n\n\n<div class=\"wp-block-columns is-layout-flex wp-container-core-columns-is-layout-28f84493 wp-block-columns-is-layout-flex\">\n<div class=\"wp-block-column is-layout-flow wp-block-column-is-layout-flow\">\n<p class=\"has-text-align-center has-medium-font-size\"><strong>Ce que nous aimons le plus<\/strong><\/p>\n\n\n\n<ul class=\"wp-block-list\">\n<li>Tr\u00e8s facile \u00e0 cultiver.<\/li>\n\n\n\n<li>Production tr\u00e8s abondante.<\/li>\n\n\n\n<li>R\u00e9colte en seulement 8-9 semaines.<\/li>\n\n\n\n<li>Effets relaxants et somnolents.<\/li>\n\n\n\n<li>Son prix.<\/li>\n<\/ul>\n<\/div>\n\n\n\n<div class=\"wp-block-column is-layout-flow wp-block-column-is-layout-flow\">\n<p class=\"has-text-align-center has-medium-font-size\"><strong>Ce que nous aimons le moins<\/strong><\/p>\n\n\n\n<ul class=\"wp-block-list\">\n<li>Odeur intense en floraison.<\/li>\n\n\n\n<li>Un peu sensible aux champignons dans les climats tr\u00e8s humides.<\/li>\n<\/ul>\n<\/div>\n<\/div>\n\n\n\n<div style=\"height:50px\" aria-hidden=\"true\" class=\"wp-block-spacer uag-hide-mob\"><\/div>\n\n\n\n<h2 class=\"wp-block-heading\">Questions fr\u00e9quentes<\/h2>\n\n\n\n<p>Voici quelques-unes des questions les plus courantes pos\u00e9es par les cultivateurs int\u00e9ress\u00e9s par cette souche :<\/p>\n\n\n<div id=\"rank-math-faq\" class=\"rank-math-block\">\n<div class=\"rank-math-list \">\n<div id=\"faq-question-1663029074962\" class=\"rank-math-list-item\">\n<h3 class=\"rank-math-question \">Quand commence la floraison de la Critical XXL Auto en ext\u00e9rieur ?<\/h3>\n<div class=\"rank-math-answer \">\n\n<p>La p\u00e9riode de croissance est tr\u00e8s rapide, seulement 3-4 semaines.<\/p>\n\n<\/div>\n<\/div>\n<div id=\"faq-question-1663029159933\" class=\"rank-math-list-item\">\n<h3 class=\"rank-math-question \">Quand r\u00e9colter la Critical XXL Auto apr\u00e8s la germination ?<\/h3>\n<div class=\"rank-math-answer \">\n\n<p>Suite \u00e0 la germination, la r\u00e9colte se fait apr\u00e8s 54-63 jours.<\/p>\n\n<\/div>\n<\/div>\n<div id=\"faq-question-1663029165861\" class=\"rank-math-list-item\">\n<h3 class=\"rank-math-question \">Comment cultiver la Critical XXL Auto f\u00e9minis\u00e9e ?<\/h3>\n<div class=\"rank-math-answer \">\n\n<p>C&#8217;est l&#8217;une des plantes les plus faciles \u00e0 cultiver et l&#8217;une des pr\u00e9f\u00e9r\u00e9es des d\u00e9butants. \u00c0 l&#8217;int\u00e9rieur ou \u00e0 l&#8217;ext\u00e9rieur, elle fournit toujours les meilleures r\u00e9coltes.<\/p>\n\n<\/div>\n<\/div>\n<div id=\"faq-question-1666780029954\" class=\"rank-math-list-item\">\n<h3 class=\"rank-math-question \">Quels sont les effets de Critical XXL Auto en vrac ?<\/h3>\n<div class=\"rank-math-answer \">\n\n<p>Les effets sont initialement euphoriques et \u00e9nergiques, mais deviennent rapidement tr\u00e8s relaxants.<\/p>\n\n<\/div>\n<\/div>\n<\/div>\n<\/div>","protected":false},"excerpt":{"rendered":"<p>Critical XXL Auto est l&#8217;une des vari\u00e9t\u00e9s autofloraison les plus compl\u00e8tes. Elle a tout ce que tout cultivateur attend d&#8217;une plante, comme une croissance rapide, une taille discr\u00e8te, une \u00e9norme production de t\u00eates, beaucoup de r\u00e9sine, un go\u00fbt spectaculaire et entonnant d&#8217;agrumes et de fruits, des effets tr\u00e8s puissants et un cycle de croissance tr\u00e8s court de seulement 8-9 semaines.<\/p>\n","protected":false},"featured_media":11314,"comment_status":"open","ping_status":"closed","template":"","meta":{"_acf_changed":false,"inline_featured_image":false,"_uag_custom_page_level_css":""},"product_brand":[],"product_cat":[2265],"product_tag":[],"class_list":{"0":"post-10655","1":"product","2":"type-product","3":"status-publish","4":"has-post-thumbnail","6":"product_cat-graines-autofloraison-en-gros","8":"first","9":"outofstock","10":"taxable","11":"shipping-taxable","12":"purchasable","13":"product-type-simple"},"acf":[],"uagb_featured_image_src":{"full":["https:\/\/bulkgenetics.com\/wp-content\/uploads\/2022\/10\/critical-xxl-auto.jpg",1600,1600,false],"thumbnail":["https:\/\/bulkgenetics.com\/wp-content\/uploads\/2022\/10\/critical-xxl-auto-150x150.jpg",150,150,true],"medium":["https:\/\/bulkgenetics.com\/wp-content\/uploads\/2022\/10\/critical-xxl-auto-300x300.jpg",300,300,true],"medium_large":["https:\/\/bulkgenetics.com\/wp-content\/uploads\/2022\/10\/critical-xxl-auto-768x768.jpg",768,768,true],"large":["https:\/\/bulkgenetics.com\/wp-content\/uploads\/2022\/10\/critical-xxl-auto-1024x1024.jpg",1024,1024,true],"1536x1536":["https:\/\/bulkgenetics.com\/wp-content\/uploads\/2022\/10\/critical-xxl-auto-1536x1536.jpg",1536,1536,true],"2048x2048":["https:\/\/bulkgenetics.com\/wp-content\/uploads\/2022\/10\/critical-xxl-auto.jpg",1600,1600,false],"commercegurus-pdp-large":["https:\/\/bulkgenetics.com\/wp-content\/uploads\/2022\/10\/critical-xxl-auto-990x990.jpg",990,990,true],"commercegurus-plp-mobile":["https:\/\/bulkgenetics.com\/wp-content\/uploads\/2022\/10\/critical-xxl-auto-441x441.jpg",441,441,true],"cgkit_image_swatch":["https:\/\/bulkgenetics.com\/wp-content\/uploads\/2022\/10\/critical-xxl-auto-100x100.jpg",100,100,true],"woocommerce_thumbnail":["https:\/\/bulkgenetics.com\/wp-content\/uploads\/2022\/10\/critical-xxl-auto-300x300.jpg",300,300,true],"woocommerce_single":["https:\/\/bulkgenetics.com\/wp-content\/uploads\/2022\/10\/critical-xxl-auto-800x800.jpg",800,800,true],"woocommerce_gallery_thumbnail":["https:\/\/bulkgenetics.com\/wp-content\/uploads\/2022\/10\/critical-xxl-auto-150x150.jpg",150,150,true],"dgwt-wcas-product-suggestion":["https:\/\/bulkgenetics.com\/wp-content\/uploads\/2022\/10\/critical-xxl-auto-64x64.jpg",64,64,true]},"uagb_author_info":{"display_name":"J\u00e9r\u00f4me","author_link":"https:\/\/bulkgenetics.com\/fr\/author\/"},"uagb_comment_info":0,"uagb_excerpt":"Critical XXL Auto est l'une des vari\u00e9t\u00e9s autofloraison les plus compl\u00e8tes. Elle a tout ce que tout cultivateur attend d'une plante, comme une croissance rapide, une taille discr\u00e8te, une \u00e9norme production de t\u00eates, beaucoup de r\u00e9sine, un go\u00fbt spectaculaire et entonnant d'agrumes et de fruits, des effets tr\u00e8s puissants et un cycle de croissance tr\u00e8s\u2026","_links":{"self":[{"href":"https:\/\/bulkgenetics.com\/fr\/wp-json\/wp\/v2\/product\/10655","targetHints":{"allow":["GET"]}}],"collection":[{"href":"https:\/\/bulkgenetics.com\/fr\/wp-json\/wp\/v2\/product"}],"about":[{"href":"https:\/\/bulkgenetics.com\/fr\/wp-json\/wp\/v2\/types\/product"}],"replies":[{"embeddable":true,"href":"https:\/\/bulkgenetics.com\/fr\/wp-json\/wp\/v2\/comments?post=10655"}],"wp:featuredmedia":[{"embeddable":true,"href":"https:\/\/bulkgenetics.com\/fr\/wp-json\/wp\/v2\/media\/11314"}],"wp:attachment":[{"href":"https:\/\/bulkgenetics.com\/fr\/wp-json\/wp\/v2\/media?parent=10655"}],"wp:term":[{"taxonomy":"product_brand","embeddable":true,"href":"https:\/\/bulkgenetics.com\/fr\/wp-json\/wp\/v2\/product_brand?post=10655"},{"taxonomy":"product_cat","embeddable":true,"href":"https:\/\/bulkgenetics.com\/fr\/wp-json\/wp\/v2\/product_cat?post=10655"},{"taxonomy":"product_tag","embeddable":true,"href":"https:\/\/bulkgenetics.com\/fr\/wp-json\/wp\/v2\/product_tag?post=10655"}],"curies":[{"name":"wp","href":"https:\/\/api.w.org\/{rel}","templated":true}]}}