{"id":10658,"date":"2022-10-04T12:37:00","date_gmt":"2022-10-04T10:37:00","guid":{"rendered":"https:\/\/www.bulkgenetics.com\/blue-dream-auto\/"},"modified":"2024-10-08T01:13:55","modified_gmt":"2024-10-07T23:13:55","slug":"blue-dream-auto","status":"publish","type":"product","link":"https:\/\/bulkgenetics.com\/fr\/blue-dream-auto\/","title":{"rendered":"Blue Dream Auto"},"content":{"rendered":"\n<p><strong>Blue Dream Auto<\/strong> est la version la plus rapide de l&#8217;une des vari\u00e9t\u00e9s les plus l\u00e9gendaires n\u00e9es en Californie : la Blue Dream. Cette autoflorissante est le r\u00e9sultat du croisement entre l&#8217;iconique <a href=\"https:\/\/bulkgenetics.com\/fr\/blueberry\/\"><strong>Blueberry<\/strong><\/a> et la l\u00e9gendaire <a href=\"https:\/\/bulkgenetics.com\/fr\/super-silver-haze\/\"><strong>Super Silver Haze<\/strong><\/a>, combinant le meilleur des deux mondes pour offrir une exp\u00e9rience unique. Avec l&#8217;incorporation de la <strong>Ruderalis<\/strong>, cette strain garantit une r\u00e9sistance et une rapidit\u00e9 in\u00e9gal\u00e9es, devenant ainsi la compagne parfaite pour les cultivateurs de tous niveaux.<\/p>\n\n\n\n<p>Visuellement, <strong>Blue Dream Auto<\/strong> est une v\u00e9ritable beaut\u00e9. Les plantes atteignent g\u00e9n\u00e9ralement jusqu&#8217;\u00e0 1,5 m\u00e8tres de hauteur et pr\u00e9sentent une structure principalement sativa, \u00e9l\u00e9gante et allong\u00e9e. Sa morphologie est typique d&#8217;un sapin, avec une grande apicale et de nombreuses branches secondaires tr\u00e8s productives. Les t\u00eates sont grandes, denses et couvertes d&#8217;une couche de trichomes qui leur conf\u00e8re un \u00e9clat cristallin spectaculaire. De plus, la couleur verte vibrante avec des nuances bleues et les poils ambr\u00e9s qui les ornent ne soulignent pas seulement sa beaut\u00e9, mais indiquent \u00e9galement la qualit\u00e9 supr\u00eame de cette vari\u00e9t\u00e9.<\/p>\n\n\n\n<h2 class=\"wp-block-heading\">Saveur et Effets<\/h2>\n\n\n\n<p>L&#8217;ar\u00f4me et la saveur de <strong>Blue Dream Auto<\/strong> sont un v\u00e9ritable d\u00e9lice pour les sens. Imaginez un d\u00e9licieux g\u00e2teau aux myrtilles fra\u00eechement cuit, avec des touches de mangue et une douceur citronn\u00e9e qui fait saliver. Chaque bouff\u00e9e est une explosion de saveurs qui reste sur le palais, transformant chaque inhalation en un plaisir sublime. Ce profil de saveur complexe et captivant est l&#8217;un des aspects les plus appr\u00e9ci\u00e9s de cette vari\u00e9t\u00e9.<\/p>\n\n\n\n<p>En consommant <strong>Blue Dream Auto<\/strong>, vous \u00e9prouverez une mont\u00e9e c\u00e9r\u00e9brale euphorique et motivante, id\u00e9ale pour ces moments o\u00f9 vous avez besoin d&#8217;un coup de pouce en cr\u00e9ativit\u00e9 et productivit\u00e9. Avec une teneur en <strong>THC<\/strong> oscillant entre 15% et 20%, et un faible <strong>CBD<\/strong> inf\u00e9rieur \u00e0 1%, cette vari\u00e9t\u00e9 offre un \u00e9quilibre parfait entre euphorie et calme. \u00c0 mesure que l&#8217;effet progresse, une relaxation physique douce et r\u00e9confortante soulage le stress et les tensions, sans vous coller au canap\u00e9. C&#8217;est l&#8217;\u00e9quilibre parfait entre un \u00e9tat d&#8217;alerte mental et une relaxation corporelle.<\/p>\n\n\n\n<h3 class=\"wp-block-heading\">Terp\u00e8nes de Blue Dream Auto<\/h3>\n\n\n\n<p>La symphonie de terp\u00e8nes dans <strong>Blue Dream Auto<\/strong> contribue non seulement \u00e0 sa saveur et \u00e0 son ar\u00f4me uniques, mais aussi \u00e0 ses bienfaits th\u00e9rapeutiques. Les principaux terp\u00e8nes pr\u00e9sents incluent :<\/p>\n\n\n\n<ul class=\"wp-block-list\">\n<li><strong>B\u00eata-Caryophyll\u00e8ne :<\/strong> Connu pour ses propri\u00e9t\u00e9s anti-inflammatoires et analg\u00e9siques, ce terp\u00e8ne ajoute une touche \u00e9pic\u00e9e au m\u00e9lange, offrant un soulagement pour la douleur et l&#8217;inflammation.<\/li>\n\n\n\n<li><strong>Limon\u00e8ne :<\/strong> Apporte un ar\u00f4me citronn\u00e9 rafra\u00eechissant et est r\u00e9put\u00e9 pour ses effets de r\u00e9duction du stress et d&#8217;am\u00e9lioration de l&#8217;humeur. Parfait pour ces jours o\u00f9 vous avez besoin d&#8217;un coup de pouce de bonheur.<\/li>\n\n\n\n<li><strong>Linalol :<\/strong> Ce terp\u00e8ne floral a des propri\u00e9t\u00e9s apaisantes et peut aider \u00e0 soulager l&#8217;anxi\u00e9t\u00e9, procurant une sensation de tranquillit\u00e9 et de paix.<\/li>\n\n\n\n<li><strong>Myrc\u00e8ne :<\/strong> Avec son ar\u00f4me terreux et musqu\u00e9, il est connu pour ses effets s\u00e9datifs et relaxants, id\u00e9aux pour une nuit tranquille et r\u00e9paratrice.<\/li>\n\n\n\n<li><strong>Para-Cym\u00e8ne :<\/strong> Contribue avec des notes citronn\u00e9es et herbac\u00e9es, aidant \u00e0 renforcer les effets relaxants de la vari\u00e9t\u00e9 et ajoutant de la profondeur au profil aromatique.<\/li>\n\n\n\n<li><strong>Terpinol\u00e8ne :<\/strong> Ajoute une touche fra\u00eeche et florale, compl\u00e9tant l&#8217;exp\u00e9rience aromatique complexe et agr\u00e9able de <strong>Blue Dream Auto<\/strong>, et fournissant des effets antioxydants et s\u00e9datifs.<\/li>\n<\/ul>\n\n\n\n<p>Ces terp\u00e8nes travaillent en synergie pour offrir une exp\u00e9rience compl\u00e8te, tant en saveur qu&#8217;en effets, faisant de <strong>Blue Dream Auto<\/strong> un choix populaire parmi les connaisseurs de cannabis. Chacun de ces compos\u00e9s am\u00e9liore non seulement l&#8217;ar\u00f4me et la saveur, mais apporte \u00e9galement des bienfaits sp\u00e9cifiques, cr\u00e9ant une exp\u00e9rience de consommation riche et \u00e9quilibr\u00e9e.<\/p>\n\n\n\n<h2 class=\"wp-block-heading\">Production et Temps de Floraison<\/h2>\n\n\n\n<p>La <strong>Blue Dream Auto<\/strong> se distingue non seulement par son apparence impressionnante et sa saveur, mais aussi par sa g\u00e9n\u00e9reuse production. En culture int\u00e9rieure, cette vari\u00e9t\u00e9 peut offrir jusqu&#8217;\u00e0 <strong>400-500 grammes par m\u00e8tre carr\u00e9<\/strong>, \u00e0 condition d&#8217;utiliser un \u00e9clairage LED de 300-350W. En ext\u00e9rieur, les rendements sont \u00e9galement notables, avec des plantes produisant entre <strong>80 et 120 grammes<\/strong> chacune, surtout pour les sp\u00e9cimens atteignant la plus grande taille.<\/p>\n\n\n\n<p>Un des avantages les plus attrayants de <strong>Blue Dream Auto<\/strong> est son cycle de vie rapide. De la germination \u00e0 la r\u00e9colte, le temps total n&#8217;est que de <strong>70-75 jours<\/strong>. Cela permet aux cultivateurs d&#8217;obtenir jusqu&#8217;\u00e0 trois r\u00e9coltes cons\u00e9cutives pendant les mois de printemps et d&#8217;\u00e9t\u00e9, maximisant ainsi la production annuelle.<\/p>\n\n\n\n<p>En int\u00e9rieur, le temps de floraison est \u00e9galement rapide, avec des plantes pr\u00eates \u00e0 \u00eatre r\u00e9colt\u00e9es en environ <strong>7 \u00e0 9 semaines<\/strong>. Cela, combin\u00e9 \u00e0 sa facilit\u00e9 de culture, fait de <strong>Blue Dream Auto<\/strong> un choix id\u00e9al tant pour les cultivateurs novices que pour ceux ayant plus d&#8217;exp\u00e9rience.<\/p>\n\n\n\n<h2 class=\"wp-block-heading\">Comment Cultiver Blue Dream Auto<\/h2>\n\n\n\n<p>La culture de <strong>Blue Dream Auto<\/strong> est une exp\u00e9rience gratifiante pour les cultivateurs de tous niveaux. Avec une <strong>difficult\u00e9 de culture faible<\/strong>, cette strain est accessible tant aux d\u00e9butants qu&#8217;aux experts. La chose la plus importante est de fournir \u00e0 nos plantes un environnement ad\u00e9quat pour maximiser leur potentiel.<\/p>\n\n\n\n<p>Pour obtenir les meilleurs r\u00e9sultats, il est fondamental que nos plantes poussent dans un <strong>climat chaud et ensoleill\u00e9<\/strong>. Les temp\u00e9ratures id\u00e9ales pour <strong>Blue Dream Auto<\/strong> varient entre 20\u00b0C et 26\u00b0C. Bien qu&#8217;elle puisse s&#8217;adapter \u00e0 diff\u00e9rents environnements, elle prosp\u00e8re particuli\u00e8rement bien dans les endroits avec de nombreuses heures de lumi\u00e8re solaire. En int\u00e9rieur, nous recommandons une configuration de lumi\u00e8re de 18\/6 ou 20\/4 heures de lumi\u00e8re\/obscurit\u00e9 pour des rendements optimaux.<\/p>\n\n\n\n<p>Un des grands avantages de <strong>Blue Dream Auto<\/strong> est sa <strong>r\u00e9sistance naturelle aux parasites et aux maladies<\/strong>. Cela facilite sa culture, car nous n&#8217;aurons pas \u00e0 nous inqui\u00e9ter autant de l&#8217;apparition de probl\u00e8mes courants. Cependant, il est important de maintenir une bonne hygi\u00e8ne dans notre espace de culture et d&#8217;\u00eatre attentif \u00e0 tout signe de probl\u00e8me. Utiliser des substrats de qualit\u00e9 et fournir une ventilation ad\u00e9quate aidera \u00e0 garder nos plantes saines et vigoureuses.<\/p>\n\n\n\n<div style=\"height:50px\" aria-hidden=\"true\" class=\"wp-block-spacer uag-hide-mob\"><\/div>\n\n\n\n<div class=\"wp-block-columns is-layout-flex wp-container-core-columns-is-layout-28f84493 wp-block-columns-is-layout-flex\">\n<div class=\"wp-block-column is-layout-flow wp-block-column-is-layout-flow\">\n<p class=\"has-text-align-center has-medium-font-size\"><strong>Ce que nous aimons le plus<\/strong><\/p>\n\n\n\n<ul class=\"wp-block-list\">\n<li>Facile \u00e0 cultiver pour tous les niveaux d&#8217;exp\u00e9rience.<\/li>\n\n\n\n<li>Produit des r\u00e9coltes abondantes en int\u00e9rieur comme en ext\u00e9rieur.<\/li>\n\n\n\n<li>Temps de floraison rapide, permettant plusieurs r\u00e9coltes par an.<\/li>\n\n\n\n<li>Profil aromatique et gustatif exquis qui enchante les sens.<\/li>\n\n\n\n<li>R\u00e9sistante aux parasites et aux maladies courantes.<\/li>\n<\/ul>\n<\/div>\n\n\n\n<div class=\"wp-block-column is-layout-flow wp-block-column-is-layout-flow\">\n<p class=\"has-text-align-center has-medium-font-size\"><strong>Ce que nous aimons le moins<\/strong><\/p>\n\n\n\n<ul class=\"wp-block-list\">\n<li>Peut \u00eatre tr\u00e8s odorante pendant la floraison, n\u00e9cessitant un bon contr\u00f4le des odeurs.<\/li>\n\n\n\n<li>N\u00e9cessite un climat chaud pour donner le meilleur d&#8217;elle-m\u00eame.<\/li>\n<\/ul>\n<\/div>\n<\/div>\n\n\n\n<div style=\"height:50px\" aria-hidden=\"true\" class=\"wp-block-spacer uag-hide-mob\"><\/div>\n\n\n\n<h2 class=\"wp-block-heading\">Questions Fr\u00e9quemment Pos\u00e9es<\/h2>\n\n\n\n<p>Ci-dessous vous trouverez les r\u00e9ponses aux questions les plus fr\u00e9quentes pos\u00e9es par les cultivateurs int\u00e9ress\u00e9s par cette g\u00e9n\u00e9tique :<\/p>\n\n\n<div id=\"rank-math-faq\" class=\"rank-math-block\">\n<div class=\"rank-math-list \">\n<div id=\"faq-question-1722327949412\" class=\"rank-math-list-item\">\n<h3 class=\"rank-math-question \">Blue Dream Auto est-elle sativa ou indica?<\/h3>\n<div class=\"rank-math-answer \">\n\n<p>Blue Dream Auto est principalement sativa. Les vari\u00e9t\u00e9s sativa offrent g\u00e9n\u00e9ralement une mont\u00e9e c\u00e9r\u00e9brale \u00e9nergisante et stimulante, id\u00e9ale pour la journ\u00e9e et les activit\u00e9s cr\u00e9atives. En revanche, les indicas sont connues pour leurs effets relaxants et s\u00e9datifs, parfaits pour une utilisation nocturne. Blue Dream Auto combine le meilleur des deux mondes, offrant une euphorie mentale accompagn\u00e9e d&#8217;une douce relaxation physique.<\/p>\n\n<\/div>\n<\/div>\n<div id=\"faq-question-1722327951524\" class=\"rank-math-list-item\">\n<h3 class=\"rank-math-question \">Quel est le croisement de Blue Dream Auto?<\/h3>\n<div class=\"rank-math-answer \">\n\n<p>Blue Dream Auto est le r\u00e9sultat du croisement entre Blueberry et Super Silver Haze, avec l&#8217;ajout de Ruderalis pour lui conf\u00e9rer ses caract\u00e9ristiques autoflorissantes. Cette combinaison offre un m\u00e9lange parfait de saveur, puissance et facilit\u00e9 de culture.<\/p>\n\n<\/div>\n<\/div>\n<div id=\"faq-question-1663029074962\" class=\"rank-math-list-item\">\n<h3 class=\"rank-math-question \">Quand commence la floraison de Blue Dream Auto en ext\u00e9rieur?<\/h3>\n<div class=\"rank-math-answer \">\n\n<p>Blue Dream Auto a une p\u00e9riode de croissance tr\u00e8s rapide de seulement 3-4 semaines avant de commencer automatiquement la floraison, sans n\u00e9cessiter de changements dans le cycle lumineux.<\/p>\n\n<\/div>\n<\/div>\n<div id=\"faq-question-1663029159933\" class=\"rank-math-list-item\">\n<h3 class=\"rank-math-question \">Combien de temps faut-il pour r\u00e9colter une Blue Dream Auto depuis la germination?<\/h3>\n<div class=\"rank-math-answer \">\n\n<p>De la germination \u00e0 la r\u00e9colte, Blue Dream Auto est pr\u00eate en un total de 70-75 jours. Cela permet plusieurs r\u00e9coltes par an, surtout pendant les mois de printemps et d&#8217;\u00e9t\u00e9.<\/p>\n\n<\/div>\n<\/div>\n<div id=\"faq-question-1663029165861\" class=\"rank-math-list-item\">\n<h3 class=\"rank-math-question \">Comment cultiver une Blue Dream Auto f\u00e9minis\u00e9e?<\/h3>\n<div class=\"rank-math-answer \">\n\n<p>Blue Dream Auto est tr\u00e8s facile \u00e0 cultiver et r\u00e9sistante. Nous recommandons d&#8217;utiliser un grand pot et de faire germer pendant les mois de printemps et d&#8217;\u00e9t\u00e9 pour obtenir des plantes de grande taille et une production \u00e9lev\u00e9e. Fournissez un substrat enrichi et assurez-vous que les plantes re\u00e7oivent suffisamment de lumi\u00e8re et de ventilation.<\/p>\n\n<\/div>\n<\/div>\n<div id=\"faq-question-1666780029954\" class=\"rank-math-list-item\">\n<h3 class=\"rank-math-question \">Quels sont les effets de Blue Dream Auto en vrac?<\/h3>\n<div class=\"rank-math-answer \">\n\n<p>Les effets de Blue Dream Auto sont puissants et \u00e9quilibr\u00e9s. Elle procure une euphorie c\u00e9r\u00e9brale et un boost de cr\u00e9ativit\u00e9, suivis d&#8217;une douce et r\u00e9confortante relaxation physique. Id\u00e9ale pour soulager le stress, am\u00e9liorer l&#8217;humeur et favoriser la cr\u00e9ativit\u00e9.<\/p>\n\n<\/div>\n<\/div>\n<div id=\"faq-question-1722328026204\" class=\"rank-math-list-item\">\n<h3 class=\"rank-math-question \">Quelle est la saveur de Blue Dream Auto?<\/h3>\n<div class=\"rank-math-answer \">\n\n<p>La saveur de Blue Dream Auto est un d\u00e9lice, avec des notes de myrtille, de mangue et une douceur citronn\u00e9e. Chaque inhalation est un plaisir pour le palais, offrant une exp\u00e9rience sensorielle inoubliable.<\/p>\n\n<\/div>\n<\/div>\n<div id=\"faq-question-1722328028068\" class=\"rank-math-list-item\">\n<h3 class=\"rank-math-question \">Quel est le contenu en cannabino\u00efdes de Blue Dream Auto?<\/h3>\n<div class=\"rank-math-answer \">\n\n<p>Blue Dream Auto a une teneur en THC qui varie entre 15% et 20%, et une teneur en CBD faible, inf\u00e9rieure \u00e0 1%. Cette combinaison offre un \u00e9quilibre parfait entre euphorie et relaxation.<\/p>\n\n<\/div>\n<\/div>\n<\/div>\n<\/div>","protected":false},"excerpt":{"rendered":"<p><b>Blue Dream Auto<\/b> vous offre une r\u00e9colte rapide et abondante avec une <strong>d\u00e9licieuse saveur de myrtille et de mangue<\/strong>. Profitez d&#8217;une <strong>mont\u00e9e c\u00e9r\u00e9brale euphorique et d&#8217;une douce relaxation physique<\/strong>. Parfaite pour les cultivateurs de tous niveaux gr\u00e2ce \u00e0 sa <strong>r\u00e9sistance et facilit\u00e9<\/strong> de culture.<\/p>\n","protected":false},"featured_media":31971,"comment_status":"open","ping_status":"closed","template":"","meta":{"_acf_changed":false,"inline_featured_image":false,"_uag_custom_page_level_css":""},"product_brand":[],"product_cat":[2265,4112],"product_tag":[],"class_list":{"0":"post-10658","1":"product","2":"type-product","3":"status-publish","4":"has-post-thumbnail","6":"product_cat-graines-autofloraison-en-gros","7":"product_cat-graines-de-cannabis-a-1-euro","9":"first","10":"instock","11":"sale","12":"taxable","13":"shipping-taxable","14":"purchasable","15":"product-type-simple"},"acf":[],"uagb_featured_image_src":{"full":["https:\/\/bulkgenetics.com\/wp-content\/uploads\/2022\/10\/blue-dream-auto-seeds-autoflowering-cannabis.jpg",1600,1600,false],"thumbnail":["https:\/\/bulkgenetics.com\/wp-content\/uploads\/2022\/10\/blue-dream-auto-seeds-autoflowering-cannabis-150x150.jpg",150,150,true],"medium":["https:\/\/bulkgenetics.com\/wp-content\/uploads\/2022\/10\/blue-dream-auto-seeds-autoflowering-cannabis-300x300.jpg",300,300,true],"medium_large":["https:\/\/bulkgenetics.com\/wp-content\/uploads\/2022\/10\/blue-dream-auto-seeds-autoflowering-cannabis-768x768.jpg",768,768,true],"large":["https:\/\/bulkgenetics.com\/wp-content\/uploads\/2022\/10\/blue-dream-auto-seeds-autoflowering-cannabis-1024x1024.jpg",1024,1024,true],"1536x1536":["https:\/\/bulkgenetics.com\/wp-content\/uploads\/2022\/10\/blue-dream-auto-seeds-autoflowering-cannabis-1536x1536.jpg",1536,1536,true],"2048x2048":["https:\/\/bulkgenetics.com\/wp-content\/uploads\/2022\/10\/blue-dream-auto-seeds-autoflowering-cannabis.jpg",1600,1600,false],"commercegurus-pdp-large":["https:\/\/bulkgenetics.com\/wp-content\/uploads\/2022\/10\/blue-dream-auto-seeds-autoflowering-cannabis-990x990.jpg",990,990,true],"commercegurus-plp-mobile":["https:\/\/bulkgenetics.com\/wp-content\/uploads\/2022\/10\/blue-dream-auto-seeds-autoflowering-cannabis-441x441.jpg",441,441,true],"cgkit_image_swatch":["https:\/\/bulkgenetics.com\/wp-content\/uploads\/2022\/10\/blue-dream-auto-seeds-autoflowering-cannabis-100x100.jpg",100,100,true],"woocommerce_thumbnail":["https:\/\/bulkgenetics.com\/wp-content\/uploads\/2022\/10\/blue-dream-auto-seeds-autoflowering-cannabis-300x300.jpg",300,300,true],"woocommerce_single":["https:\/\/bulkgenetics.com\/wp-content\/uploads\/2022\/10\/blue-dream-auto-seeds-autoflowering-cannabis-800x800.jpg",800,800,true],"woocommerce_gallery_thumbnail":["https:\/\/bulkgenetics.com\/wp-content\/uploads\/2022\/10\/blue-dream-auto-seeds-autoflowering-cannabis-150x150.jpg",150,150,true],"dgwt-wcas-product-suggestion":["https:\/\/bulkgenetics.com\/wp-content\/uploads\/2022\/10\/blue-dream-auto-seeds-autoflowering-cannabis-64x64.jpg",64,64,true]},"uagb_author_info":{"display_name":"Bruno Crespo","author_link":"https:\/\/bulkgenetics.com\/fr\/author\/"},"uagb_comment_info":0,"uagb_excerpt":"Blue Dream Auto vous offre une r\u00e9colte rapide et abondante avec une d\u00e9licieuse saveur de myrtille et de mangue. Profitez d'une mont\u00e9e c\u00e9r\u00e9brale euphorique et d'une douce relaxation physique. Parfaite pour les cultivateurs de tous niveaux gr\u00e2ce \u00e0 sa r\u00e9sistance et facilit\u00e9 de culture.","_links":{"self":[{"href":"https:\/\/bulkgenetics.com\/fr\/wp-json\/wp\/v2\/product\/10658","targetHints":{"allow":["GET"]}}],"collection":[{"href":"https:\/\/bulkgenetics.com\/fr\/wp-json\/wp\/v2\/product"}],"about":[{"href":"https:\/\/bulkgenetics.com\/fr\/wp-json\/wp\/v2\/types\/product"}],"replies":[{"embeddable":true,"href":"https:\/\/bulkgenetics.com\/fr\/wp-json\/wp\/v2\/comments?post=10658"}],"wp:featuredmedia":[{"embeddable":true,"href":"https:\/\/bulkgenetics.com\/fr\/wp-json\/wp\/v2\/media\/31971"}],"wp:attachment":[{"href":"https:\/\/bulkgenetics.com\/fr\/wp-json\/wp\/v2\/media?parent=10658"}],"wp:term":[{"taxonomy":"product_brand","embeddable":true,"href":"https:\/\/bulkgenetics.com\/fr\/wp-json\/wp\/v2\/product_brand?post=10658"},{"taxonomy":"product_cat","embeddable":true,"href":"https:\/\/bulkgenetics.com\/fr\/wp-json\/wp\/v2\/product_cat?post=10658"},{"taxonomy":"product_tag","embeddable":true,"href":"https:\/\/bulkgenetics.com\/fr\/wp-json\/wp\/v2\/product_tag?post=10658"}],"curies":[{"name":"wp","href":"https:\/\/api.w.org\/{rel}","templated":true}]}}