{"id":10659,"date":"2022-10-04T16:54:28","date_gmt":"2022-10-04T14:54:28","guid":{"rendered":"https:\/\/www.bulkgenetics.com\/maxi-gom-auto\/"},"modified":"2024-10-08T01:13:48","modified_gmt":"2024-10-07T23:13:48","slug":"maxi-gom-auto","status":"publish","type":"product","link":"https:\/\/bulkgenetics.com\/fr\/maxi-gom-auto\/","title":{"rendered":"Maxi Gom Auto"},"content":{"rendered":"\n<p><strong>Maxi Gom Auto<\/strong> est une vari\u00e9t\u00e9 autofloraison tr\u00e8s populaire parmi les cultivateurs europ\u00e9ens et c\u00e9l\u00e8bre pour sa fiabilit\u00e9. Dans les mains de n&#8217;importe quel cultivateur, elle donne toujours des r\u00e9sultats exceptionnels.<\/p>\n\n\n\n<p>Maxi Gom a \u00e9t\u00e9 l&#8217;une des premi\u00e8res vari\u00e9t\u00e9s de cannabis automatique \u00e0 trouver sa place dans le c\u0153ur des jardiniers. C&#8217;est un croisement de <a href=\"https:\/\/bulkgenetics.com\/fr\/critical-mass\/\"><strong>Critical Mass<\/strong> <\/a> x <strong> <a href=\"https:\/\/bulkgenetics.com\/fr\/ak-47\/\">AK 47<\/a> <\/strong> pour un r\u00e9sultat \u00e0 dominance indica d\u00e9velopp\u00e9 par Grassomatic.<\/p>\n\n\n\n<p>C&#8217;est une vari\u00e9t\u00e9 assez populaire et les Grow Shops comme PevGrow et Growbarato ont leurs propres graines en vrac. La seule diff\u00e9rence n&#8217;est pas la qualit\u00e9, mais le prix. Nos graines sont moins ch\u00e8res.<\/p>\n\n\n\n<h2 class=\"wp-block-heading\">Comment cultiver la Maxi Gom Auto<\/h2>\n\n\n\n<p>C&#8217;est la plante typique que chaque cultivateur aime cultiver car elle est tr\u00e8s simple, r\u00e9sistante et n\u00e9cessite tr\u00e8s peu de soins. Sa hauteur discr\u00e8te ne d\u00e9passe pas les<strong> 110 cm<\/strong>, parfaite pour les petites terrasses ou les balcons.<\/p>\n\n\n\n<p>Les sp\u00e9cimens les plus hauts sont obtenus lorsqu&#8217;<strong>on utilise un grand pot d\u00e8s le d\u00e9part<\/strong>. De cette fa\u00e7on, la plante ne souffre pas des arr\u00eats typiques apr\u00e8s le rempotage et peut atteindre la taille maximale possible avant le d\u00e9but de la floraison.<\/p>\n\n\n\n<p>De la germination des graines <strong>\u00e0 la r\u00e9colte, il faudra attendre seulement 9 semaines<\/strong>. Comme elle est tr\u00e8s rapide, il est possible de r\u00e9colter jusqu&#8217;\u00e0 3 fois cons\u00e9cutive tout au long du printemps et de l&#8217;\u00e9t\u00e9.<\/p>\n\n\n\n<h2 class=\"wp-block-heading\">Caract\u00e9ristiques de la Maxi Gom Auto<\/h2>\n\n\n\n<p><strong>Les t\u00eates sont aussi grosses et r\u00e9sineuses<\/strong> que des canettes de soda  N&#8217;oubliez  pas que les g\u00e8nes Skunk de sa m\u00e8re Critical en font une vari\u00e9t\u00e9 de cannabis tr\u00e8s parfum\u00e9e \u00e0 la floraison.<\/p>\n\n\n\n<p><strong>Son go\u00fbt est tr\u00e8s sucr\u00e9 et fruit\u00e9<\/strong>, tout comme son ar\u00f4me. Bien s\u00fbr, vous pouvez sentir ces touches <em>skunky<\/em> que tout le monde aime tant.<\/p>\n\n\n\n<p>Les <strong>effets sont puissants<\/strong> et avec une nette dominance d&#8217;Indica, des sensations relaxantes et pacifiantes balayeront votre corps, vous amenant \u00e0 un \u00e9tat de calme total. Parfaite pour consommer la nuit.<\/p>\n\n\n\n<p>C&#8217;est une vari\u00e9t\u00e9 qui offre un rendement tr\u00e8s \u00e9lev\u00e9 pour sa taille, atteignant jusqu&#8217;\u00e0 <strong>200 grammes par plante <\/strong>en ext\u00e9rieur pour les plantes les plus grandes. En int\u00e9rieur, avec un \u00e9clairage LED de 300-350 W, tout cultivateur pourra obtenir un rendement allant jusqu&#8217;\u00e0 <strong>550 grammes par m\u00b2<\/strong>.<\/p>\n\n\n\n<div style=\"height:50px\" aria-hidden=\"true\" class=\"wp-block-spacer uag-hide-mob\"><\/div>\n\n\n\n<div class=\"wp-block-columns is-layout-flex wp-container-core-columns-is-layout-28f84493 wp-block-columns-is-layout-flex\">\n<div class=\"wp-block-column is-layout-flow wp-block-column-is-layout-flow\">\n<p class=\"has-text-align-center has-medium-font-size\"><strong>Ce que nous aimons le plus<\/strong><\/p>\n\n\n\n<ul class=\"wp-block-list\">\n<li>Tr\u00e8s facile \u00e0 cultiver.<\/li>\n\n\n\n<li>Production abondante.<\/li>\n\n\n\n<li>Elle se r\u00e9colte en seulement 63 jours.<\/li>\n\n\n\n<li>Go\u00fbt tr\u00e8s fruit\u00e9 et citrique.<\/li>\n\n\n\n<li>Effets tr\u00e8s relaxants et pacifiants.<\/li>\n\n\n\n<li>Son prix.<\/li>\n<\/ul>\n<\/div>\n\n\n\n<div class=\"wp-block-column is-layout-flow wp-block-column-is-layout-flow\">\n<p class=\"has-text-align-center has-medium-font-size\"><strong>Ce que nous aimons le moins<\/strong><\/p>\n\n\n\n<ul class=\"wp-block-list\">\n<li>Elle est tr\u00e8s parfum\u00e9e lorsqu&#8217;elle fleurit.<\/li>\n<\/ul>\n<\/div>\n<\/div>\n\n\n\n<div style=\"height:50px\" aria-hidden=\"true\" class=\"wp-block-spacer uag-hide-mob\"><\/div>\n\n\n\n<h2 class=\"wp-block-heading\">Questions fr\u00e9quentes<\/h2>\n\n\n\n<p>Vous trouverez ci-dessous les r\u00e9ponses aux questions les plus fr\u00e9quemment pos\u00e9es par les cultivateurs int\u00e9ress\u00e9s par cette vari\u00e9t\u00e9 :<\/p>\n\n\n<div id=\"rank-math-faq\" class=\"rank-math-block\">\n<div class=\"rank-math-list \">\n<div id=\"faq-question-1663029074962\" class=\"rank-math-list-item\">\n<h3 class=\"rank-math-question \">Quand commence la floraison de la Maxi Gom Auto ?<\/h3>\n<div class=\"rank-math-answer \">\n\n<p>La p\u00e9riode de croissance est tr\u00e8s courte, les plantes commencent \u00e0 fleurir seulement 3-4 semaines apr\u00e8s la germination.<\/p>\n\n<\/div>\n<\/div>\n<div id=\"faq-question-1663029159933\" class=\"rank-math-list-item\">\n<h3 class=\"rank-math-question \">Quand r\u00e9colter la Maxi Gom Auto apr\u00e8s la germination ?<\/h3>\n<div class=\"rank-math-answer \">\n\n<p>C&#8217;est une vari\u00e9t\u00e9 de cannabis autofloraison tr\u00e8s rapide qui se r\u00e9colte en 9 semaines au total.<\/p>\n\n<\/div>\n<\/div>\n<div id=\"faq-question-1663029165861\" class=\"rank-math-list-item\">\n<h3 class=\"rank-math-question \">Comment cultiver la Maxi Gom Auto f\u00e9minis\u00e9e ?<\/h3>\n<div class=\"rank-math-answer \">\n\n<p>Elle est simple \u00e0 cultiver et n\u00e9cessite peu de soins. Utilisez un grand pot d\u00e8s le d\u00e9but pour obtenir des plantes plus grandes et plus productives.<\/p>\n\n<\/div>\n<\/div>\n<div id=\"faq-question-1666780029954\" class=\"rank-math-list-item\">\n<h3 class=\"rank-math-question \">Quels sont les effets de Maxi Gom Auto en vrac ?<\/h3>\n<div class=\"rank-math-answer \">\n\n<p>Elle a un effet relaxant et pacifiant. C&#8217;est une vari\u00e9t\u00e9 qui s&#8217;adapte mieux en fin de journ\u00e9e.<\/p>\n\n<\/div>\n<\/div>\n<\/div>\n<\/div>","protected":false},"excerpt":{"rendered":"<p>Maxi Gom Auto est l&#8217;une des vari\u00e9t\u00e9s autoflorissantes pr\u00e9f\u00e9r\u00e9es des cultivateurs depuis de nombreuses ann\u00e9es. C&#8217;est une plante fiable, r\u00e9sistante et facile \u00e0 cultiver dans les mains de n&#8217;importe quel cultivateur. Avec une hauteur ne d\u00e9passant pas 110 cm, elle est tr\u00e8s discr\u00e8te sur les terrasses et les balcons. En seulement 9 semaines apr\u00e8s la germination, elle produit de longues branches qui se rejoignent pour former de longues t\u00eates de plusieurs dizaines de centim\u00e8tres. Une fum\u00e9e sucr\u00e9e et fruit\u00e9e \u00e9veillera vos sens, puis vous remarquerez comment votre corps s&#8217;affaiblit, vous laissant extr\u00eamement d\u00e9tendu.<\/p>\n","protected":false},"featured_media":11911,"comment_status":"open","ping_status":"closed","template":"","meta":{"_acf_changed":false,"inline_featured_image":false,"_uag_custom_page_level_css":""},"product_brand":[],"product_cat":[2265,4112],"product_tag":[],"class_list":{"0":"post-10659","1":"product","2":"type-product","3":"status-publish","4":"has-post-thumbnail","6":"product_cat-graines-autofloraison-en-gros","7":"product_cat-graines-de-cannabis-a-1-euro","9":"first","10":"instock","11":"sale","12":"taxable","13":"shipping-taxable","14":"purchasable","15":"product-type-simple"},"acf":[],"uagb_featured_image_src":{"full":["https:\/\/bulkgenetics.com\/wp-content\/uploads\/2022\/10\/maxi-gom-auto.jpg",1600,1600,false],"thumbnail":["https:\/\/bulkgenetics.com\/wp-content\/uploads\/2022\/10\/maxi-gom-auto-150x150.jpg",150,150,true],"medium":["https:\/\/bulkgenetics.com\/wp-content\/uploads\/2022\/10\/maxi-gom-auto-300x300.jpg",300,300,true],"medium_large":["https:\/\/bulkgenetics.com\/wp-content\/uploads\/2022\/10\/maxi-gom-auto-768x768.jpg",768,768,true],"large":["https:\/\/bulkgenetics.com\/wp-content\/uploads\/2022\/10\/maxi-gom-auto-1024x1024.jpg",1024,1024,true],"1536x1536":["https:\/\/bulkgenetics.com\/wp-content\/uploads\/2022\/10\/maxi-gom-auto-1536x1536.jpg",1536,1536,true],"2048x2048":["https:\/\/bulkgenetics.com\/wp-content\/uploads\/2022\/10\/maxi-gom-auto.jpg",1600,1600,false],"commercegurus-pdp-large":["https:\/\/bulkgenetics.com\/wp-content\/uploads\/2022\/10\/maxi-gom-auto-990x990.jpg",990,990,true],"commercegurus-plp-mobile":["https:\/\/bulkgenetics.com\/wp-content\/uploads\/2022\/10\/maxi-gom-auto-441x441.jpg",441,441,true],"cgkit_image_swatch":["https:\/\/bulkgenetics.com\/wp-content\/uploads\/2022\/10\/maxi-gom-auto-100x100.jpg",100,100,true],"woocommerce_thumbnail":["https:\/\/bulkgenetics.com\/wp-content\/uploads\/2022\/10\/maxi-gom-auto-300x300.jpg",300,300,true],"woocommerce_single":["https:\/\/bulkgenetics.com\/wp-content\/uploads\/2022\/10\/maxi-gom-auto-800x800.jpg",800,800,true],"woocommerce_gallery_thumbnail":["https:\/\/bulkgenetics.com\/wp-content\/uploads\/2022\/10\/maxi-gom-auto-150x150.jpg",150,150,true],"dgwt-wcas-product-suggestion":["https:\/\/bulkgenetics.com\/wp-content\/uploads\/2022\/10\/maxi-gom-auto-64x64.jpg",64,64,true]},"uagb_author_info":{"display_name":"J\u00e9r\u00f4me","author_link":"https:\/\/bulkgenetics.com\/fr\/author\/"},"uagb_comment_info":0,"uagb_excerpt":"Maxi Gom Auto est l'une des vari\u00e9t\u00e9s autoflorissantes pr\u00e9f\u00e9r\u00e9es des cultivateurs depuis de nombreuses ann\u00e9es. C'est une plante fiable, r\u00e9sistante et facile \u00e0 cultiver dans les mains de n'importe quel cultivateur. Avec une hauteur ne d\u00e9passant pas 110 cm, elle est tr\u00e8s discr\u00e8te sur les terrasses et les balcons. En seulement 9 semaines apr\u00e8s la\u2026","_links":{"self":[{"href":"https:\/\/bulkgenetics.com\/fr\/wp-json\/wp\/v2\/product\/10659","targetHints":{"allow":["GET"]}}],"collection":[{"href":"https:\/\/bulkgenetics.com\/fr\/wp-json\/wp\/v2\/product"}],"about":[{"href":"https:\/\/bulkgenetics.com\/fr\/wp-json\/wp\/v2\/types\/product"}],"replies":[{"embeddable":true,"href":"https:\/\/bulkgenetics.com\/fr\/wp-json\/wp\/v2\/comments?post=10659"}],"wp:featuredmedia":[{"embeddable":true,"href":"https:\/\/bulkgenetics.com\/fr\/wp-json\/wp\/v2\/media\/11911"}],"wp:attachment":[{"href":"https:\/\/bulkgenetics.com\/fr\/wp-json\/wp\/v2\/media?parent=10659"}],"wp:term":[{"taxonomy":"product_brand","embeddable":true,"href":"https:\/\/bulkgenetics.com\/fr\/wp-json\/wp\/v2\/product_brand?post=10659"},{"taxonomy":"product_cat","embeddable":true,"href":"https:\/\/bulkgenetics.com\/fr\/wp-json\/wp\/v2\/product_cat?post=10659"},{"taxonomy":"product_tag","embeddable":true,"href":"https:\/\/bulkgenetics.com\/fr\/wp-json\/wp\/v2\/product_tag?post=10659"}],"curies":[{"name":"wp","href":"https:\/\/api.w.org\/{rel}","templated":true}]}}