{"id":10729,"date":"2022-10-05T10:48:12","date_gmt":"2022-10-05T08:48:12","guid":{"rendered":"https:\/\/www.bulkgenetics.com\/critique-regulier\/"},"modified":"2024-10-08T01:09:01","modified_gmt":"2024-10-07T23:09:01","slug":"critical-regular","status":"publish","type":"product","link":"https:\/\/bulkgenetics.com\/fr\/critical-regular\/","title":{"rendered":"Critical Regular"},"content":{"rendered":"\n<p><strong>Critical Regular<\/strong> est probablement la vari\u00e9t\u00e9 de cannabis la plus cultiv\u00e9e de ces 20 derni\u00e8res ann\u00e9es, mondialement connue pour sa stabilit\u00e9, sa simplicit\u00e9 de culture et ses rendements \u00e9normes de la plus haute qualit\u00e9.<\/p>\n\n\n\n<p><a href=\"https:\/\/bulkgenetics.com\/fr\/critical-mass\/\">Critical Mass<\/a> est un hybride \u00e0 dominance Indica d\u00e9velopp\u00e9 par la banque de graines n\u00e9erlandaise Mr Nice. Pour cela, <strong>ils ont combin\u00e9 la Skunk et l&#8217;Afghani<\/strong>. Le r\u00e9sultat est tout simplement parfait.<\/p>\n\n\n\n<p>Depuis son apparition sur le march\u00e9, de nombreuses banques de graines proposent leurs propres versions. C<strong>ette g\u00e9n\u00e9tique est \u00e9galement utilis\u00e9e pour le d\u00e9veloppement de nouveaux croisements puissants<\/strong>. Dans notre cas, nous avons opt\u00e9 pour une m\u00e8re et un p\u00e8re s\u00e9lectionn\u00e9s pour leur qualit\u00e9 afin de vous <strong>proposer ces graines r\u00e9guli\u00e8res au meilleur prix<\/strong>.<\/p>\n\n\n\n<h2 class=\"wp-block-heading\">Comment cultiver la Critical Regular<\/h2>\n\n\n\n<p>La Critical est r\u00e9put\u00e9e pour <strong>sa facilit\u00e9 de culture<\/strong>. C&#8217;est l&#8217;une des vari\u00e9t\u00e9s de cannabis les plus populaires aupr\u00e8s des d\u00e9butants, mais aussi des professionnels \u00e0 la recherche d&#8217;une plante de premier ordre.<\/p>\n\n\n\n<p>Elle pousse rapidement en ext\u00e9rieur et <strong>peut atteindre une taille de 2,5 m\u00e8tres<\/strong>. Malgr\u00e9 sa dominance Indica, elle pr\u00e9sente quelques traits Sativa tels que des entre-n\u0153uds tr\u00e8s espac\u00e9s et des feuilles aux p\u00e9tioles pointus.<\/p>\n\n\n\n<p>La floraison est tr\u00e8s rapide et la r\u00e9colte se fera entre fin septembre et d\u00e9but octobre. Vous devrez utiliser des tuteurs au cours des derni\u00e8res semaines afin que les branches ne c\u00e8dent pas sous le poids des \u00e9normes fleurs.<\/p>\n\n\n\n<p><strong>En int\u00e9rieur<\/strong>, elle s&#8217;\u00e9tire moyennement en floraison. Nous recommandons des phases de croissance d&#8217;environ 4 semaines. Lorsqu&#8217;une bonne plante m\u00e8re est s\u00e9lectionn\u00e9e, il s&#8217;agit d&#8217;<strong>une vari\u00e9t\u00e9 qui produira des r\u00e9coltes massives<\/strong> lors des cultures SOG.<\/p>\n\n\n\n<p>\u00c0 partir du changement de photop\u00e9riode, <strong>elle se r\u00e9colte en 45-55 jours<\/strong>. Son h\u00e9ritage de Skunk est tr\u00e8s perceptible en floraison et il sera n\u00e9cessaire d&#8217;utiliser un bon syst\u00e8me anti-odeur.<\/p>\n\n\n\n<h2 class=\"wp-block-heading\">Caract\u00e9ristiques de la Critical Regular<\/h2>\n\n\n\n<p>Les rendements sont exceptionnels et, en ext\u00e9rieur, vous pouvez esp\u00e9rer <strong>jusqu&#8217;\u00e0 1000 grammes par plante<\/strong> sur les plus grandes plantes. En int\u00e9rieur, avec un \u00e9clairage LED de 300-350W, tout cultivateur pourra obtenir un rendement allant <strong>jusqu&#8217;\u00e0 550 grammes par m\u00b2<\/strong>.<\/p>\n\n\n\n<p><strong>Les t\u00eates sont impressionnantes, dignes d&#8217;un concour<\/strong>s. En plus d&#8217;\u00eatre grandes et dures, elles sont recouvertes d&#8217;une \u00e9paisse couche de r\u00e9sine brillante \u00e0 l&#8217;odeur intense.<\/p>\n\n\n\n<p><strong>Le go\u00fbt est une autre de ses grandes force<\/strong>s, m\u00eame si \u00e0 vrais dire. elle n&#8217;a pas r\u00e9element de points faibles. Elle propose des <strong>notes fruit\u00e9es, d&#8217;agrumes et de fleurs<\/strong>, toujours avec le <strong>fond <em>skunky<\/em><\/strong> classique des hybrides de Skunk.<\/p>\n\n\n\n<p>Les effets commencent par un <strong>high fort et euphorique<\/strong>, un h\u00e9ritage de ses g\u00e8nes sativa. Il se dissipe rapidement, comme un mirage, pour laisser place \u00e0 une sensation de paix et de d\u00e9tente.<\/p>\n\n\n\n<div style=\"height:50px\" aria-hidden=\"true\" class=\"wp-block-spacer uag-hide-mob\"><\/div>\n\n\n\n<div class=\"wp-block-columns is-layout-flex wp-container-core-columns-is-layout-28f84493 wp-block-columns-is-layout-flex\">\n<div class=\"wp-block-column is-layout-flow wp-block-column-is-layout-flow\">\n<p class=\"has-text-align-center has-medium-font-size\"><strong>Ce qui nous pla\u00eet le plus<\/strong><\/p>\n\n\n\n<ul class=\"wp-block-list\">\n<li>Tr\u00e8s facile \u00e0 cultiver et r\u00e9sistante.<\/li>\n\n\n\n<li>Production tr\u00e8s \u00e9lev\u00e9e.<\/li>\n\n\n\n<li>Floraison tr\u00e8s rapide.<\/li>\n\n\n\n<li>Delicieuse saveur fruit\u00e9e et sucr\u00e9e.<\/li>\n\n\n\n<li>Son prix.<\/li>\n<\/ul>\n<\/div>\n\n\n\n<div class=\"wp-block-column is-layout-flow wp-block-column-is-layout-flow\">\n<p class=\"has-text-align-center has-medium-font-size\"><strong>Ce qui nous pla\u00eet le moins<\/strong><\/p>\n\n\n\n<ul class=\"wp-block-list\">\n<li>Odeur intense en floraison.<\/li>\n<\/ul>\n<\/div>\n<\/div>\n\n\n\n<div style=\"height:50px\" aria-hidden=\"true\" class=\"wp-block-spacer uag-hide-mob\"><\/div>\n\n\n\n<h2 class=\"wp-block-heading\">Questions fr\u00e9quentes<\/h2>\n\n\n\n<p>Nous r\u00e9pondons ici \u00e0 certaines des questions les plus fr\u00e9quemment pos\u00e9es par les cultivateurs int\u00e9ress\u00e9s par ces graines r\u00e9guli\u00e8res bon march\u00e9 :<\/p>\n\n\n<div id=\"rank-math-faq\" class=\"rank-math-block\">\n<div class=\"rank-math-list \">\n<div id=\"faq-question-1663029074962\" class=\"rank-math-list-item\">\n<h3 class=\"rank-math-question \">Quand commence la floraison de la Critical Regular en ext\u00e9rieur ?<\/h3>\n<div class=\"rank-math-answer \">\n\n<p>La floraison commence entre fin juillet et d\u00e9but ao\u00fbt, selon la latitude.<\/p>\n\n<\/div>\n<\/div>\n<div id=\"faq-question-1663029159933\" class=\"rank-math-list-item\">\n<h3 class=\"rank-math-question \">Quand r\u00e9colter la Critical Regular en ext\u00e9rieur ?<\/h3>\n<div class=\"rank-math-answer \">\n\n<p>C&#8217;est une vari\u00e9t\u00e9 \u00e0 floraison tr\u00e8s rapide qui se r\u00e9colte entre fin septembre et d\u00e9but octobre.<\/p>\n\n<\/div>\n<\/div>\n<div id=\"faq-question-1663029165861\" class=\"rank-math-list-item\">\n<h3 class=\"rank-math-question \">Comment cultiver la Critical Regular?<\/h3>\n<div class=\"rank-math-answer \">\n\n<p>C&#8217;est l&#8217;une des vari\u00e9t\u00e9s les plus faciles et les plus r\u00e9sistantes \u00e0 cultiver. \u00c0 l&#8217;int\u00e9rieur, elle s&#8217;\u00e9tire beaucoup, il ne faut donc pas trop prolonger la phase de croissance.<\/p>\n\n<\/div>\n<\/div>\n<div id=\"faq-question-1663227754932\" class=\"rank-math-list-item\">\n<h3 class=\"rank-math-question \">Quels sont les effets de la Critical Regular en vrac ?<\/h3>\n<div class=\"rank-math-answer \">\n\n<p>Au d\u00e9part, les effets sont de type sativa, \u00e9nergiques et dans une certaine mesure euphoriques. Apr\u00e8s cela, ils deviennent tr\u00e8s relaxants et apaisants.<\/p>\n\n<\/div>\n<\/div>\n<\/div>\n<\/div>","protected":false},"excerpt":{"rendered":"<p>Critical Regular est une vari\u00e9t\u00e9 \u00e0 dominance Indica, un croisement entre le clone Bilbo de Critical Mass et un m\u00e2le de Critical Mass. C&#8217;est l&#8217;une des plantes les plus cultiv\u00e9es par les d\u00e9butants et les v\u00e9t\u00e9rans en raison de sa stabilit\u00e9, de sa facilit\u00e9 de culture et de ses \u00e9normes rendements. Elle atteint une hauteur moyenne de 2-2,5 m\u00e8tres, avec des branches flexibles qui se remplissent de grosses t\u00eates tr\u00e8s collantes, dures comme de la pierre. La p\u00e9riode de floraison est tr\u00e8s courte, la r\u00e9colte se fait en 45-55 jours environ. Un ar\u00f4me et une saveur fruit\u00e9s et d&#8217;agrumes r\u00e9veilleront les papilles gustatives, suivis imm\u00e9diatement par un fort hit c\u00e9r\u00e9bral. Progressivement, le corps plonge dans un ab\u00eeme de tranquillit\u00e9 et de relaxation.<\/p>\n","protected":false},"featured_media":9152,"comment_status":"open","ping_status":"closed","template":"","meta":{"_acf_changed":false,"inline_featured_image":false,"_uag_custom_page_level_css":""},"product_brand":[],"product_cat":[2522],"product_tag":[],"class_list":{"0":"post-10729","1":"product","2":"type-product","3":"status-publish","4":"has-post-thumbnail","6":"product_cat-graines-regulieres-en-gros","8":"first","9":"instock","10":"taxable","11":"shipping-taxable","12":"purchasable","13":"product-type-simple"},"acf":[],"uagb_featured_image_src":{"full":["https:\/\/bulkgenetics.com\/wp-content\/uploads\/2022\/10\/Critical.jpg",1600,1600,false],"thumbnail":["https:\/\/bulkgenetics.com\/wp-content\/uploads\/2022\/10\/Critical-150x150.jpg",150,150,true],"medium":["https:\/\/bulkgenetics.com\/wp-content\/uploads\/2022\/10\/Critical-300x300.jpg",300,300,true],"medium_large":["https:\/\/bulkgenetics.com\/wp-content\/uploads\/2022\/10\/Critical-768x768.jpg",768,768,true],"large":["https:\/\/bulkgenetics.com\/wp-content\/uploads\/2022\/10\/Critical-1024x1024.jpg",1024,1024,true],"1536x1536":["https:\/\/bulkgenetics.com\/wp-content\/uploads\/2022\/10\/Critical-1536x1536.jpg",1536,1536,true],"2048x2048":["https:\/\/bulkgenetics.com\/wp-content\/uploads\/2022\/10\/Critical.jpg",1600,1600,false],"commercegurus-pdp-large":["https:\/\/bulkgenetics.com\/wp-content\/uploads\/2022\/10\/Critical-990x990.jpg",990,990,true],"commercegurus-plp-mobile":["https:\/\/bulkgenetics.com\/wp-content\/uploads\/2022\/10\/Critical-441x441.jpg",441,441,true],"cgkit_image_swatch":["https:\/\/bulkgenetics.com\/wp-content\/uploads\/2022\/10\/Critical-100x100.jpg",100,100,true],"woocommerce_thumbnail":["https:\/\/bulkgenetics.com\/wp-content\/uploads\/2022\/10\/Critical-300x300.jpg",300,300,true],"woocommerce_single":["https:\/\/bulkgenetics.com\/wp-content\/uploads\/2022\/10\/Critical-800x800.jpg",800,800,true],"woocommerce_gallery_thumbnail":["https:\/\/bulkgenetics.com\/wp-content\/uploads\/2022\/10\/Critical-150x150.jpg",150,150,true],"dgwt-wcas-product-suggestion":["https:\/\/bulkgenetics.com\/wp-content\/uploads\/2022\/10\/Critical-64x64.jpg",64,64,true]},"uagb_author_info":{"display_name":"J\u00e9r\u00f4me","author_link":"https:\/\/bulkgenetics.com\/fr\/author\/"},"uagb_comment_info":0,"uagb_excerpt":"Critical Regular est une vari\u00e9t\u00e9 \u00e0 dominance Indica, un croisement entre le clone Bilbo de Critical Mass et un m\u00e2le de Critical Mass. C'est l'une des plantes les plus cultiv\u00e9es par les d\u00e9butants et les v\u00e9t\u00e9rans en raison de sa stabilit\u00e9, de sa facilit\u00e9 de culture et de ses \u00e9normes rendements. Elle atteint une hauteur\u2026","_links":{"self":[{"href":"https:\/\/bulkgenetics.com\/fr\/wp-json\/wp\/v2\/product\/10729","targetHints":{"allow":["GET"]}}],"collection":[{"href":"https:\/\/bulkgenetics.com\/fr\/wp-json\/wp\/v2\/product"}],"about":[{"href":"https:\/\/bulkgenetics.com\/fr\/wp-json\/wp\/v2\/types\/product"}],"replies":[{"embeddable":true,"href":"https:\/\/bulkgenetics.com\/fr\/wp-json\/wp\/v2\/comments?post=10729"}],"wp:featuredmedia":[{"embeddable":true,"href":"https:\/\/bulkgenetics.com\/fr\/wp-json\/wp\/v2\/media\/9152"}],"wp:attachment":[{"href":"https:\/\/bulkgenetics.com\/fr\/wp-json\/wp\/v2\/media?parent=10729"}],"wp:term":[{"taxonomy":"product_brand","embeddable":true,"href":"https:\/\/bulkgenetics.com\/fr\/wp-json\/wp\/v2\/product_brand?post=10729"},{"taxonomy":"product_cat","embeddable":true,"href":"https:\/\/bulkgenetics.com\/fr\/wp-json\/wp\/v2\/product_cat?post=10729"},{"taxonomy":"product_tag","embeddable":true,"href":"https:\/\/bulkgenetics.com\/fr\/wp-json\/wp\/v2\/product_tag?post=10729"}],"curies":[{"name":"wp","href":"https:\/\/api.w.org\/{rel}","templated":true}]}}