{"id":10731,"date":"2022-10-05T10:47:17","date_gmt":"2022-10-05T08:47:17","guid":{"rendered":"https:\/\/www.bulkgenetics.com\/big-bud-regular\/"},"modified":"2024-10-08T01:09:02","modified_gmt":"2024-10-07T23:09:02","slug":"big-bud-regular","status":"publish","type":"product","link":"https:\/\/bulkgenetics.com\/fr\/big-bud-regular\/","title":{"rendered":"Big Bud Regular"},"content":{"rendered":"\n<p>La <strong>Big Bud Regular<\/strong> est l&#8217;une des vari\u00e9t\u00e9s de cannabis n\u00e9erlandaises les plus l\u00e9gendaires et les plus cultiv\u00e9es au monde. Un bijou qui fera tomber n&#8217;importe quel cultivateur amoureux de ses \u00e9normes t\u00eates pleines de r\u00e9sine.<\/p>\n\n\n\n<p>Le Big Bud est un hybride \u00e0 dominance Indica d\u00e9velopp\u00e9 par Sensi Seeds et consid\u00e9r\u00e9 comme le pr\u00e9curseur de la non moins c\u00e9l\u00e8bre <a href=\"https:\/\/bulkgenetics.com\/fr\/critical-mass\/\">Critical Mass<\/a>.<\/p>\n\n\n\n<p>Pour cr\u00e9er notre Big Bud Regular, nous avons combin\u00e9 un m\u00e2le et une femelle m\u00e9ticuleusement s\u00e9lectionn\u00e9s. <strong>Ce sont les graines les mois cher que vous puissiez trouver<\/strong>. Gr\u00e2ce au format de graines r\u00e9guli\u00e8res, vous pourrez s\u00e9lectionner un bon m\u00e2le pour les croisements maisons.<\/p>\n\n\n\n<h2 class=\"wp-block-heading\">Comment cultiver la Big Bud Regular<\/h2>\n\n\n\n<p>C&#8217;est l&#8217;une des plantes <strong>les plus faciles \u00e0 cultiver<\/strong> et elle est souvent recommand\u00e9e pour le d\u00e9butant qui recherche une <strong>excellente r\u00e9colte<\/strong> sans avoir \u00e0 consacrer beaucoup de temps \u00e0 l&#8217;entretien des plantes.<\/p>\n\n\n\n<p><strong>\u00c0 l&#8217;ext\u00e9rieur<\/strong>, vous obtiendrez des plantes discr\u00e8tes de <strong>2 \u00e0 2,5 m\u00e8tres de hauteur et une structure typique de sapin<\/strong>, avec des branches longues et \u00e9paisses qui se raccourcissent pour se terminer par une grande branche principale.<\/p>\n\n\n\n<p>La p\u00e9riode de floraison est tr\u00e8s courte, puisqu&#8217;<strong>elle est r\u00e9colt\u00e9e \u00e0 la fin du mois de septembre<\/strong>. C&#8217;est une vari\u00e9t\u00e9 qui, dans les r\u00e9gions o\u00f9 les \u00e9t\u00e9s sont courts, sera en train de s\u00e9cher avant les premi\u00e8res pluies.<\/p>\n\n\n\n<p><strong>En int\u00e9rieur<\/strong>, celle est tr\u00e8s facile \u00e0 cultiver et ne pose aucun probl\u00e8me au cultivateur, si ce n&#8217;est celui de toujours obtenir un rendement maximal. Elle est parfaite pour <strong>la culture SOG<\/strong> \u00e0 partir de petites boutures en raison de sa tendance \u00e0 concentrer la production dans d&#8217;\u00e9normes branches principales.<\/p>\n\n\n\n<p>Du changement de photop\u00e9riode \u00e0 la floraison, elle <strong>se r\u00e9colte en 55 jours seulement<\/strong>. Durant cette phase et en raison de ses g\u00e8nes Skunk, un bon filtre \u00e0 charbon sera n\u00e9cessaire en raison des odeurs intenses.<\/p>\n\n\n\n<h2 class=\"wp-block-heading\">Caract\u00e9ristiques de la Big Bud Regular<\/h2>\n\n\n\n<p>Les rendements sont tr\u00e8s \u00e9lev\u00e9s et sup\u00e9rieurs \u00e0 de nombreuses vari\u00e9t\u00e9s plus grandes, <strong>jusqu&#8217;\u00e0 900 grammes par plante<\/strong> en ext\u00e9rieur. En int\u00e9rieur, avec une LED de 300-350 W, on obtient un rendement allant <strong>jusqu&#8217;\u00e0 600 grammes par m\u00b2<\/strong>.<\/p>\n\n\n\n<p><strong>Les t\u00eates sont \u00e9normes, super dures et tr\u00e8s r\u00e9sineuses<\/strong>. Les amateurs de haschich trouveront ici une vari\u00e9t\u00e9 id\u00e9ale pour r\u00e9aliser des extractions de grande qualit\u00e9.<\/p>\n\n\n\n<p><strong>L&#8217;ar\u00f4me et la saveur<\/strong> \u00e9veilleront vos sens avec des <strong>notes douces et sucr\u00e9es, des notes \u00e9pic\u00e9es et fruit\u00e9es<\/strong>, et un fond terreux typique des Afghans.<\/p>\n\n\n\n<p><strong>Les effets sont puissants<\/strong>, il vous mettra dans un \u00e9tat de relaxation maximale et de somnolence que vous ne voudrez plus quitter. Elle est parfaite comme vari\u00e9t\u00e9 de cannabis pour la nuit.<\/p>\n\n\n\n<div style=\"height:50px\" aria-hidden=\"true\" class=\"wp-block-spacer uag-hide-mob\"><\/div>\n\n\n\n<div class=\"wp-block-columns is-layout-flex wp-container-core-columns-is-layout-28f84493 wp-block-columns-is-layout-flex\">\n<div class=\"wp-block-column is-layout-flow wp-block-column-is-layout-flow\">\n<p class=\"has-text-align-center has-medium-font-size\"><strong>Ce qui nous pla\u00eet le plus<\/strong><\/p>\n\n\n\n<ul class=\"wp-block-list\">\n<li>Tr\u00e8s facile \u00e0 cultiver.<\/li>\n\n\n\n<li>Production abondante.<\/li>\n\n\n\n<li>Saveur douce et sucr\u00e9.<\/li>\n\n\n\n<li>Effets tr\u00e8s relaxants.<\/li>\n\n\n\n<li>Son prix.<\/li>\n<\/ul>\n<\/div>\n\n\n\n<div class=\"wp-block-column is-layout-flow wp-block-column-is-layout-flow\">\n<p class=\"has-text-align-center has-medium-font-size\"><strong>Ce qui nous pla\u00eet le moins<\/strong><\/p>\n\n\n\n<ul class=\"wp-block-list\">\n<li>Odeur intense en floraison.<\/li>\n<\/ul>\n<\/div>\n<\/div>\n\n\n\n<div style=\"height:50px\" aria-hidden=\"true\" class=\"wp-block-spacer uag-hide-mob\"><\/div>\n\n\n\n<h2 class=\"wp-block-heading\">Questions fr\u00e9quentes<\/h2>\n\n\n\n<p>Voici les r\u00e9ponses aux questions les plus courantes pos\u00e9es par les cultivateurs int\u00e9ress\u00e9s par ces graines r\u00e9guli\u00e8res en vrac :<\/p>\n\n\n<div id=\"rank-math-faq\" class=\"rank-math-block\">\n<div class=\"rank-math-list \">\n<div id=\"faq-question-1663029074962\" class=\"rank-math-list-item\">\n<h3 class=\"rank-math-question \">Quand commence la floraison de la Big Bud Regular en ext\u00e9rieur ?<\/h3>\n<div class=\"rank-math-answer \">\n\n<p>La floraison commence pendant la premi\u00e8re quinzaine d&#8217;ao\u00fbt.<\/p>\n\n<\/div>\n<\/div>\n<div id=\"faq-question-1663029159933\" class=\"rank-math-list-item\">\n<h3 class=\"rank-math-question \">Quand r\u00e9colter la Big Bud Regular en ext\u00e9rieur ?<\/h3>\n<div class=\"rank-math-answer \">\n\n<p>C&#8217;est une vari\u00e9t\u00e9 \u00e0 floraison tr\u00e8s rapide qui se r\u00e9colte \u00e0 la fin du mois de septembre.<\/p>\n\n<\/div>\n<\/div>\n<div id=\"faq-question-1663029165861\" class=\"rank-math-list-item\">\n<h3 class=\"rank-math-question \">Comment cultiver la Big Bud Regular?<\/h3>\n<div class=\"rank-math-answer \">\n\n<p>C&#8217;est l&#8217;une des plantes les plus faciles \u00e0 cultiver. En ext\u00e9rieur, elle est assez discr\u00e8te et s&#8217;adapte \u00e0 toutes les techniques de culture.<\/p>\n\n<\/div>\n<\/div>\n<div id=\"faq-question-1666780029954\" class=\"rank-math-list-item\">\n<h3 class=\"rank-math-question \">Quels sont les effets de la Big Bud Regular en vrac ?<\/h3>\n<div class=\"rank-math-answer \">\n\n<p>Les effets sont tr\u00e8s relaxants. C&#8217;est une vari\u00e9t\u00e9 parfaite \u00e0 consommer le soir.<\/p>\n\n<\/div>\n<\/div>\n<\/div>\n<\/div>","protected":false},"excerpt":{"rendered":"<p>Big Bud Regular est une vari\u00e9t\u00e9 tr\u00e8s r\u00e9sistante qui garantit des r\u00e9coltes de grande qualit\u00e9 sans se prendre la t\u00eate. C&#8217;est une v\u00e9ritable star du monde cannabique n\u00e9erlandais, pr\u00e9curseur de la Critical Mass. D&#8217;une taille moyenne de 2-2,5 m\u00e8tres, elle a une p\u00e9riode de floraison tr\u00e8s courte d&#8217;environ 8 semaines. Elle produit des t\u00eates \u00e9normes, compactes comme des pierres et tr\u00e8s r\u00e9sineuses. Une fum\u00e9e d\u00e9licieusement \u00e9pic\u00e9e et fruit\u00e9e vous bercera dans une profonde relaxation. Id\u00e9ale pour s&#8217;endormir.<\/p>\n","protected":false},"featured_media":9142,"comment_status":"open","ping_status":"closed","template":"","meta":{"_acf_changed":false,"inline_featured_image":false,"_uag_custom_page_level_css":""},"product_brand":[],"product_cat":[2522],"product_tag":[],"class_list":{"0":"post-10731","1":"product","2":"type-product","3":"status-publish","4":"has-post-thumbnail","6":"product_cat-graines-regulieres-en-gros","8":"first","9":"instock","10":"taxable","11":"shipping-taxable","12":"purchasable","13":"product-type-simple"},"acf":[],"uagb_featured_image_src":{"full":["https:\/\/bulkgenetics.com\/wp-content\/uploads\/2022\/10\/Big-Bud.jpg",1600,1600,false],"thumbnail":["https:\/\/bulkgenetics.com\/wp-content\/uploads\/2022\/10\/Big-Bud-150x150.jpg",150,150,true],"medium":["https:\/\/bulkgenetics.com\/wp-content\/uploads\/2022\/10\/Big-Bud-300x300.jpg",300,300,true],"medium_large":["https:\/\/bulkgenetics.com\/wp-content\/uploads\/2022\/10\/Big-Bud-768x768.jpg",768,768,true],"large":["https:\/\/bulkgenetics.com\/wp-content\/uploads\/2022\/10\/Big-Bud-1024x1024.jpg",1024,1024,true],"1536x1536":["https:\/\/bulkgenetics.com\/wp-content\/uploads\/2022\/10\/Big-Bud-1536x1536.jpg",1536,1536,true],"2048x2048":["https:\/\/bulkgenetics.com\/wp-content\/uploads\/2022\/10\/Big-Bud.jpg",1600,1600,false],"commercegurus-pdp-large":["https:\/\/bulkgenetics.com\/wp-content\/uploads\/2022\/10\/Big-Bud-990x990.jpg",990,990,true],"commercegurus-plp-mobile":["https:\/\/bulkgenetics.com\/wp-content\/uploads\/2022\/10\/Big-Bud-441x441.jpg",441,441,true],"cgkit_image_swatch":["https:\/\/bulkgenetics.com\/wp-content\/uploads\/2022\/10\/Big-Bud-100x100.jpg",100,100,true],"woocommerce_thumbnail":["https:\/\/bulkgenetics.com\/wp-content\/uploads\/2022\/10\/Big-Bud-300x300.jpg",300,300,true],"woocommerce_single":["https:\/\/bulkgenetics.com\/wp-content\/uploads\/2022\/10\/Big-Bud-800x800.jpg",800,800,true],"woocommerce_gallery_thumbnail":["https:\/\/bulkgenetics.com\/wp-content\/uploads\/2022\/10\/Big-Bud-150x150.jpg",150,150,true],"dgwt-wcas-product-suggestion":["https:\/\/bulkgenetics.com\/wp-content\/uploads\/2022\/10\/Big-Bud-64x64.jpg",64,64,true]},"uagb_author_info":{"display_name":"J\u00e9r\u00f4me","author_link":"https:\/\/bulkgenetics.com\/fr\/author\/"},"uagb_comment_info":0,"uagb_excerpt":"Big Bud Regular est une vari\u00e9t\u00e9 tr\u00e8s r\u00e9sistante qui garantit des r\u00e9coltes de grande qualit\u00e9 sans se prendre la t\u00eate. C'est une v\u00e9ritable star du monde cannabique n\u00e9erlandais, pr\u00e9curseur de la Critical Mass. D'une taille moyenne de 2-2,5 m\u00e8tres, elle a une p\u00e9riode de floraison tr\u00e8s courte d'environ 8 semaines. Elle produit des t\u00eates \u00e9normes,\u2026","_links":{"self":[{"href":"https:\/\/bulkgenetics.com\/fr\/wp-json\/wp\/v2\/product\/10731","targetHints":{"allow":["GET"]}}],"collection":[{"href":"https:\/\/bulkgenetics.com\/fr\/wp-json\/wp\/v2\/product"}],"about":[{"href":"https:\/\/bulkgenetics.com\/fr\/wp-json\/wp\/v2\/types\/product"}],"replies":[{"embeddable":true,"href":"https:\/\/bulkgenetics.com\/fr\/wp-json\/wp\/v2\/comments?post=10731"}],"wp:featuredmedia":[{"embeddable":true,"href":"https:\/\/bulkgenetics.com\/fr\/wp-json\/wp\/v2\/media\/9142"}],"wp:attachment":[{"href":"https:\/\/bulkgenetics.com\/fr\/wp-json\/wp\/v2\/media?parent=10731"}],"wp:term":[{"taxonomy":"product_brand","embeddable":true,"href":"https:\/\/bulkgenetics.com\/fr\/wp-json\/wp\/v2\/product_brand?post=10731"},{"taxonomy":"product_cat","embeddable":true,"href":"https:\/\/bulkgenetics.com\/fr\/wp-json\/wp\/v2\/product_cat?post=10731"},{"taxonomy":"product_tag","embeddable":true,"href":"https:\/\/bulkgenetics.com\/fr\/wp-json\/wp\/v2\/product_tag?post=10731"}],"curies":[{"name":"wp","href":"https:\/\/api.w.org\/{rel}","templated":true}]}}