{"id":10732,"date":"2022-10-05T10:47:45","date_gmt":"2022-10-05T08:47:45","guid":{"rendered":"https:\/\/www.bulkgenetics.com\/myrtille-regular\/"},"modified":"2024-10-08T01:09:02","modified_gmt":"2024-10-07T23:09:02","slug":"blueberry-regular","status":"publish","type":"product","link":"https:\/\/bulkgenetics.com\/fr\/blueberry-regular\/","title":{"rendered":"Blueberry Regular"},"content":{"rendered":"\n<p><strong>Blueberry Regular<\/strong> est l&#8217;un des joyaux de notre collection. Personne ne peut r\u00e9sister \u00e0 son go\u00fbt d\u00e9licieux et \u00e0 ses effets puissants. C&#8217;est sans doute l&#8217;une des vari\u00e9t\u00e9s de cannabis les plus c\u00e9l\u00e8bres et les plus spectaculaires jamais cr\u00e9\u00e9es.<\/p>\n\n\n\n<p><a href=\"https:\/\/bulkgenetics.com\/fr\/blueberry\/\">Blueberry<\/a> est un hybride Indica\/Sativa d\u00e9velopp\u00e9 \u00e0 la fin des ann\u00e9es 70 et au d\u00e9but des ann\u00e9es 80 par Daniel John, alias DJ Short. Elle combine <strong>des vari\u00e9t\u00e9s Sativa tha\u00eflandaises et Indica afghanes<\/strong>. Le r\u00e9sultat, apr\u00e8s un long processus de croisement, est proche de la perfection.<\/p>\n\n\n\n<p>Aujourd&#8217;hui, il existe de tr\u00e8s nombreuses banques de semences qui travaillent sur leurs propres versions. Certains, comme Dutch Passion, ont <strong>une lign\u00e9e qui provient directement du breeder<\/strong>. Dans notre cas, nous avons opt\u00e9 pour une femelle et un m\u00e2le s\u00e9lectionn\u00e9s pour offrir une g\u00e9n\u00e9tique fid\u00e8le \u00e0 l&#8217;original.<\/p>\n\n\n\n<h2 class=\"wp-block-heading\">Comment cultiver la Blueberry Regular<\/h2>\n\n\n\n<p>C&#8217;est une plante <strong>simple \u00e0 cultiver, \u00e0 croissance rapide<\/strong>, qui convient aussi bien \u00e0 l&#8217;int\u00e9rieur qu&#8217;\u00e0 l&#8217;ext\u00e9rieur. Elle ne tol\u00e8re pas des niveaux de nutriments tr\u00e8s \u00e9lev\u00e9s, une alimentation douce est donc la meilleure option.<\/p>\n\n\n\n<p><strong>En ext\u00e9rieur<\/strong>, c&#8217;est une vari\u00e9t\u00e9 tr\u00e8s discr\u00e8te qui reste g\u00e9n\u00e9ralement <strong>sous les 2 m\u00e8tres de haut<\/strong>. Sa structure est assez colonnaire, avec des branches contenues et robustes qui supporteront le poids des fleurs.<\/p>\n\n\n\n<p>La p\u00e9riode de floraison est courte et la r\u00e9colte a lieu <strong>entre fin septembre et d\u00e9but octobre<\/strong>. Elle est \u00e9galement r\u00e9sistante aux moisissures et tol\u00e8re donc des taux d&#8217;humidit\u00e9 l\u00e9g\u00e8rement \u00e9lev\u00e9s.<\/p>\n\n\n\n<p><strong>En int\u00e9rieur<\/strong>, elle s&#8217;adapte \u00e0 tous les types de techniques de culture, bien que la meilleure option pour les rendements les plus \u00e9lev\u00e9s soit la culture SOG \u00e0 partir de petites boutures.<\/p>\n\n\n\n<p><strong>Elle est r\u00e9colt\u00e9e en 55 jours<\/strong> seulement apr\u00e8s le changement de photop\u00e9riode \u00e0 la floraison. Durant cette phase, l&#8217;odeur est d\u00e9licieuse, mais aussi tr\u00e8s intense. Il est conseill\u00e9 d&#8217;installer un bon filtre \u00e0 charbon.<\/p>\n\n\n\n<h2 class=\"wp-block-heading\">Caract\u00e9ristiques de la Blueberry Regular<\/h2>\n\n\n\n<p>Les plantes qui poussent plus haut \u00e0 l&#8217;ext\u00e9rieur donneront <strong>jusqu&#8217;\u00e0 800 grammes<\/strong>. Avec une LED de 300-350W, n&#8217;importe quel culture en int\u00e9rieur <strong>donnera 400-450 grammes par m\u00b2<\/strong>. Ce n&#8217;est pas la vari\u00e9te la plus productive, mais d&#8217;autres aspects uniques comme le go\u00fbt compensent.<\/p>\n\n\n\n<p>Les t\u00eates sont excessivement <strong>compactes et super collantes<\/strong>. En outre, la r\u00e9sine brillante contraste avec des teintes bleues et violettes vraiment saisissantes.<\/p>\n\n\n\n<p>L&#8217;ar\u00f4me et le go\u00fbt sont incomparables. <strong>\u00c7a sent les myrtilles et \u00e7a a le go\u00fbt des myrtilles<\/strong>. S&#8217;agissant de graines ordinaires, il est tout aussi int\u00e9ressant de s\u00e9lectionner une femelle que de s\u00e9lectionner un m\u00e2le avec lequel faire des croisements maison. Vous pouvez \u00eatre s\u00fbr qu&#8217;ils h\u00e9riteront tous de cette saveur particuli\u00e8re.<\/p>\n\n\n\n<p>Les effets sont puissants et <strong>tr\u00e8s positifs, stimulants et \u00e9nergisants<\/strong>. Elle est parfaite comme vari\u00e9t\u00e9 de cannabis pour toute la journ\u00e9e.<\/p>\n\n\n\n<div style=\"height:50px\" aria-hidden=\"true\" class=\"wp-block-spacer uag-hide-mob\"><\/div>\n\n\n\n<div class=\"wp-block-columns is-layout-flex wp-container-core-columns-is-layout-28f84493 wp-block-columns-is-layout-flex\">\n<div class=\"wp-block-column is-layout-flow wp-block-column-is-layout-flow\">\n<p class=\"has-text-align-center has-medium-font-size\"><strong>Ce qui nous pla\u00eet le plus<\/strong><\/p>\n\n\n\n<ul class=\"wp-block-list\">\n<li>Tr\u00e8s facile \u00e0 cultiver.<\/li>\n\n\n\n<li>T\u00eates pourpres.<\/li>\n\n\n\n<li>Saveur de myrtilles.<\/li>\n\n\n\n<li>Effets tr\u00e8s positifs.<\/li>\n\n\n\n<li>Son prix.<\/li>\n<\/ul>\n<\/div>\n\n\n\n<div class=\"wp-block-column is-layout-flow wp-block-column-is-layout-flow\">\n<p class=\"has-text-align-center has-medium-font-size\"><strong>Ce qui nous pla\u00eet le moins<\/strong><\/p>\n\n\n\n<ul class=\"wp-block-list\">\n<li>Ce n&#8217;est pas la vari\u00e9t\u00e9 la plus productive.<\/li>\n\n\n\n<li>Odeur intense en floraison.<\/li>\n<\/ul>\n<\/div>\n<\/div>\n\n\n\n<div style=\"height:50px\" aria-hidden=\"true\" class=\"wp-block-spacer uag-hide-mob\"><\/div>\n\n\n\n<h2 class=\"wp-block-heading\">Questions fr\u00e9quentes<\/h2>\n\n\n\n<p>Vous trouverez ci-dessous les r\u00e9ponses aux questions les plus fr\u00e9quemment pos\u00e9es par les cultivateurs int\u00e9ress\u00e9s par ces graines r\u00e9guli\u00e8res bon march\u00e9 :<\/p>\n\n\n<div id=\"rank-math-faq\" class=\"rank-math-block\">\n<div class=\"rank-math-list \">\n<div id=\"faq-question-1663029074962\" class=\"rank-math-list-item\">\n<h3 class=\"rank-math-question \">Quand commence la floraison de la Blueberry Regular en ext\u00e9rieur ?<\/h3>\n<div class=\"rank-math-answer \">\n\n<p>Selon la latitude de la culture, la floraison commence au cours des deux premi\u00e8res semaines d&#8217;ao\u00fbt.<\/p>\n\n<\/div>\n<\/div>\n<div id=\"faq-question-1663029159933\" class=\"rank-math-list-item\">\n<h3 class=\"rank-math-question \">Quand r\u00e9colter la Blueberry Regular en ext\u00e9rieur ?<\/h3>\n<div class=\"rank-math-answer \">\n\n<p>C&#8217;est une vari\u00e9t\u00e9 \u00e0 floraison rapide qui se r\u00e9colte entre fin septembre et d\u00e9but octobre.<\/p>\n\n<\/div>\n<\/div>\n<div id=\"faq-question-1663029165861\" class=\"rank-math-list-item\">\n<h3 class=\"rank-math-question \">Comment cultiver la Blueberry Regular f\u00e9minis\u00e9e ?<\/h3>\n<div class=\"rank-math-answer \">\n\n<p>C&#8217;est une plante facile \u00e0 cultiver, mais qui ne tol\u00e8re pas les niveaux \u00e9lev\u00e9s de nutriments. Utilisez une gamme d&#8217;engrais organiques pour obtenir le meilleur go\u00fbt de myrtille.<\/p>\n\n<\/div>\n<\/div>\n<div id=\"faq-question-1666780029954\" class=\"rank-math-list-item\">\n<h3 class=\"rank-math-question \">Quels sont les effets de la Blueberry Regular en vrac ?<\/h3>\n<div class=\"rank-math-answer \">\n\n<p>Les effets sont tr\u00e8s positifs, ils vous remplissent de bonheur et d&#8217;\u00e9nergie \u00e0 tout moment de la journ\u00e9e.<\/p>\n\n<\/div>\n<\/div>\n<\/div>\n<\/div>","protected":false},"excerpt":{"rendered":"<p>Blueberry Regular est l&#8217;une des vari\u00e9t\u00e9s de cannabis les plus d\u00e9licieuses jamais cr\u00e9\u00e9es. C&#8217;est un hybride \u00e0 dominance Indica qui combine des g\u00e9n\u00e9tiques de Tha\u00eflande et d&#8217;Afghanistan. Elle a une taille moyenne de 2 m\u00e8tres et une courte p\u00e9riode de floraison de seulement 8 semaines. Les rendements sont moyens, mais la qualit\u00e9 des t\u00eates compense largement son l\u00e9ger manque de production. Les t\u00eates sont dure comme de la pierre et tr\u00e8s r\u00e9sineuses. De plus, elles proposent de belles teintes bleues. Le go\u00fbt est un v\u00e9ritable festival de saveurs, avec une base de myrtille tr\u00e8s marqu\u00e9e. Les effets sont stimulants et \u00e9nergisants \u00e0 tout moment de la journ\u00e9e.<\/p>\n","protected":false},"featured_media":9102,"comment_status":"open","ping_status":"closed","template":"","meta":{"_acf_changed":false,"inline_featured_image":false,"_uag_custom_page_level_css":""},"product_brand":[],"product_cat":[2522],"product_tag":[],"class_list":{"0":"post-10732","1":"product","2":"type-product","3":"status-publish","4":"has-post-thumbnail","6":"product_cat-graines-regulieres-en-gros","8":"first","9":"instock","10":"taxable","11":"shipping-taxable","12":"purchasable","13":"product-type-simple"},"acf":[],"uagb_featured_image_src":{"full":["https:\/\/bulkgenetics.com\/wp-content\/uploads\/2022\/09\/Blueberry.jpg",1600,1600,false],"thumbnail":["https:\/\/bulkgenetics.com\/wp-content\/uploads\/2022\/09\/Blueberry-150x150.jpg",150,150,true],"medium":["https:\/\/bulkgenetics.com\/wp-content\/uploads\/2022\/09\/Blueberry-300x300.jpg",300,300,true],"medium_large":["https:\/\/bulkgenetics.com\/wp-content\/uploads\/2022\/09\/Blueberry-768x768.jpg",768,768,true],"large":["https:\/\/bulkgenetics.com\/wp-content\/uploads\/2022\/09\/Blueberry-1024x1024.jpg",1024,1024,true],"1536x1536":["https:\/\/bulkgenetics.com\/wp-content\/uploads\/2022\/09\/Blueberry-1536x1536.jpg",1536,1536,true],"2048x2048":["https:\/\/bulkgenetics.com\/wp-content\/uploads\/2022\/09\/Blueberry.jpg",1600,1600,false],"commercegurus-pdp-large":["https:\/\/bulkgenetics.com\/wp-content\/uploads\/2022\/09\/Blueberry-990x990.jpg",990,990,true],"commercegurus-plp-mobile":["https:\/\/bulkgenetics.com\/wp-content\/uploads\/2022\/09\/Blueberry-441x441.jpg",441,441,true],"cgkit_image_swatch":["https:\/\/bulkgenetics.com\/wp-content\/uploads\/2022\/09\/Blueberry-100x100.jpg",100,100,true],"woocommerce_thumbnail":["https:\/\/bulkgenetics.com\/wp-content\/uploads\/2022\/09\/Blueberry-300x300.jpg",300,300,true],"woocommerce_single":["https:\/\/bulkgenetics.com\/wp-content\/uploads\/2022\/09\/Blueberry-800x800.jpg",800,800,true],"woocommerce_gallery_thumbnail":["https:\/\/bulkgenetics.com\/wp-content\/uploads\/2022\/09\/Blueberry-150x150.jpg",150,150,true],"dgwt-wcas-product-suggestion":["https:\/\/bulkgenetics.com\/wp-content\/uploads\/2022\/09\/Blueberry-64x64.jpg",64,64,true]},"uagb_author_info":{"display_name":"J\u00e9r\u00f4me","author_link":"https:\/\/bulkgenetics.com\/fr\/author\/"},"uagb_comment_info":1,"uagb_excerpt":"Blueberry Regular est l'une des vari\u00e9t\u00e9s de cannabis les plus d\u00e9licieuses jamais cr\u00e9\u00e9es. C'est un hybride \u00e0 dominance Indica qui combine des g\u00e9n\u00e9tiques de Tha\u00eflande et d'Afghanistan. Elle a une taille moyenne de 2 m\u00e8tres et une courte p\u00e9riode de floraison de seulement 8 semaines. Les rendements sont moyens, mais la qualit\u00e9 des t\u00eates compense\u2026","_links":{"self":[{"href":"https:\/\/bulkgenetics.com\/fr\/wp-json\/wp\/v2\/product\/10732","targetHints":{"allow":["GET"]}}],"collection":[{"href":"https:\/\/bulkgenetics.com\/fr\/wp-json\/wp\/v2\/product"}],"about":[{"href":"https:\/\/bulkgenetics.com\/fr\/wp-json\/wp\/v2\/types\/product"}],"replies":[{"embeddable":true,"href":"https:\/\/bulkgenetics.com\/fr\/wp-json\/wp\/v2\/comments?post=10732"}],"wp:featuredmedia":[{"embeddable":true,"href":"https:\/\/bulkgenetics.com\/fr\/wp-json\/wp\/v2\/media\/9102"}],"wp:attachment":[{"href":"https:\/\/bulkgenetics.com\/fr\/wp-json\/wp\/v2\/media?parent=10732"}],"wp:term":[{"taxonomy":"product_brand","embeddable":true,"href":"https:\/\/bulkgenetics.com\/fr\/wp-json\/wp\/v2\/product_brand?post=10732"},{"taxonomy":"product_cat","embeddable":true,"href":"https:\/\/bulkgenetics.com\/fr\/wp-json\/wp\/v2\/product_cat?post=10732"},{"taxonomy":"product_tag","embeddable":true,"href":"https:\/\/bulkgenetics.com\/fr\/wp-json\/wp\/v2\/product_tag?post=10732"}],"curies":[{"name":"wp","href":"https:\/\/api.w.org\/{rel}","templated":true}]}}