{"id":10733,"date":"2022-10-05T10:46:59","date_gmt":"2022-10-05T08:46:59","guid":{"rendered":"https:\/\/www.bulkgenetics.com\/amnesia-regular\/"},"modified":"2024-10-08T01:09:02","modified_gmt":"2024-10-07T23:09:02","slug":"amnesia-regular","status":"publish","type":"product","link":"https:\/\/bulkgenetics.com\/fr\/amnesia-regular\/","title":{"rendered":"Amnesia Regular"},"content":{"rendered":"\n<p>L&#8217;<strong>Amnesia Regular<\/strong> est l&#8217;une des vari\u00e9t\u00e9s de cannabis les plus prim\u00e9es et cultiv\u00e9es au monde. C&#8217;est l&#8217;un des grands classiques n\u00e9erlandais qui ne se d\u00e9modera jamais gr\u00e2ce \u00e0 tout ce qu&#8217;elle a offrir.<\/p>\n\n\n\n<p>Amnesia est un puissant <strong>hybride \u00e0 dominance Sativa<\/strong> provenant de la banque de graines Hy-Pro. C&#8217;est tr\u00e8s probablement une s\u00e9lection de la <a href=\"https:\/\/bulkgenetics.com\/fr\/super-silver-haze\/\">Super Silver Haze<\/a> de Greenhouse. Sur les sites r\u00e9put\u00e9s comme Seedfinder ou Leafly, c&#8217;est l&#8217;une des vari\u00e9t\u00e9s les plus r\u00e9put\u00e9es.<\/p>\n\n\n\n<p>Dans ce cas, nous avons crois\u00e9 la meilleure m\u00e8re Amnesia avec le meilleur p\u00e8re Amnesia pour obtenir ces graines r\u00e9guli\u00e8res en vrac qui conservent <strong>tout le charme de la vari\u00e9t\u00e9 originale<\/strong>, mais \u00e0 un prix beaucoup plus bas.<\/p>\n\n\n\n<h2 class=\"wp-block-heading\">Comment cultiver la Amnesia Regular<\/h2>\n\n\n\n<p>Malgr\u00e9 sa <strong>dominance Sativa, elle est tr\u00e8s facile \u00e0 cultiver<\/strong>, m\u00eame en int\u00e9rieur. Cependant, c&#8217;est certainement \u00e0 l&#8217;ext\u00e9rieur et dans les climats aux longs \u00e9t\u00e9s qu&#8217;elle s&#8217;\u00e9panouira le mieux.<\/p>\n\n\n\n<p><strong>\u00c0 l&#8217;ext\u00e9rieur<\/strong>, si on lui donne de l&#8217;espace et qu&#8217;elle est mise \u00e0 germer au d\u00e9but du printemps, elle deviendra un grand arbre <strong>pouvant atteindre 3,5 m\u00e8tres de haut<\/strong>.<\/p>\n\n\n\n<p>Dans les derni\u00e8res semaines, les branches auront besoin d&#8217;\u00eatre soutenues afin qu&#8217;elles ne c\u00e8dent pas sous le poids des fleurs. La p\u00e9riode de floraison est moyenne et <strong>la r\u00e9colte a lieu dans la seconde moiti\u00e9 d&#8217;octobre<\/strong>.<\/p>\n\n\n\n<p><strong>En int\u00e9rieur<\/strong>, les cultivateurs ont souvent recours \u00e0 des techniques de culture telles que le SCROG, o\u00f9 la taille et le palissage des branches sont utilis\u00e9s pour maintenir une hauteur convenable.<\/p>\n\n\n\n<p>Du changement de photop\u00e9riode \u00e0 la floraison, <strong>il faut environ 70-77 jours pour r\u00e9colter<\/strong>. Durant cette phase, l&#8217;odeur devient tr\u00e8s forte et nous vous conseillons d&#8217;utiliser un bon filtre anti-odeur.<\/p>\n\n\n\n<h2 class=\"wp-block-heading\">Caract\u00e9ristiques de la Amnesia Regular<\/h2>\n\n\n\n<p>Les rendements sont massifs. En int\u00e9rieur, c&#8217;est l&#8217;une de ces vari\u00e9t\u00e9s de cannabis qui peuvent fournir 2 g\/w. Avec une LED de 300W, <strong>il atteindra 600 grammes par m<\/strong>\u00b2. En ext\u00e9rieur, les plus grandes <strong>plantes donnent plus d&#8217;un kilo<\/strong>.<\/p>\n\n\n\n<p>Les t\u00eates sont grandes et se rejoignent pour former de longues branches, <strong>tr\u00e8s compactes et charg\u00e9es de trichomes brillants<\/strong>. C&#8217;est l&#8217;une des rares vari\u00e9t\u00e9s de Sativa qui a un rendement \u00e9quivalent \u00e0 celui des meilleures Indicas.<\/p>\n\n\n\n<p><strong>L&#8217;ar\u00f4me et le go\u00fbt sont d\u00e9licieux<\/strong>. Vous pouvez appr\u00e9cier des notes de fruits tropicaux sucr\u00e9s comme la mangue. On peut \u00e9galement appr\u00e9cier les touches encens\u00e9es et bois\u00e9es typiques h\u00e9rit\u00e9es de la Haze.<\/p>\n\n\n\n<p><strong>Les effets sont tr\u00e8s puissants<\/strong>, avec un high tr\u00e8s \u00e9nergique, euphorique, stimulant et cr\u00e9atif. La descente est lente et relaxante, mais ne vous laissera pas tomber.<\/p>\n\n\n\n<div style=\"height:50px\" aria-hidden=\"true\" class=\"wp-block-spacer uag-hide-mob\"><\/div>\n\n\n\n<div class=\"wp-block-columns is-layout-flex wp-container-core-columns-is-layout-28f84493 wp-block-columns-is-layout-flex\">\n<div class=\"wp-block-column is-layout-flow wp-block-column-is-layout-flow\">\n<p class=\"has-text-align-center has-medium-font-size\"><strong>Ce qui nous pla\u00eet le plus<\/strong><\/p>\n\n\n\n<ul class=\"wp-block-list\">\n<li>Tr\u00e8s r\u00e9sistante et facile \u00e0 cultiver.<\/li>\n\n\n\n<li>Production massive.<\/li>\n\n\n\n<li>Saveur Haze sucr\u00e9e et tropicale.<\/li>\n\n\n\n<li>Effets tr\u00e8s euphoriques.<\/li>\n\n\n\n<li>Son prix.<\/li>\n<\/ul>\n<\/div>\n\n\n\n<div class=\"wp-block-column is-layout-flow wp-block-column-is-layout-flow\">\n<p class=\"has-text-align-center has-medium-font-size\"><strong>Ce qui nous pla\u00eet le moins<\/strong><\/p>\n\n\n\n<ul class=\"wp-block-list\">\n<li>Ce n&#8217;est pas la vari\u00e9t\u00e9 la plus adapt\u00e9e pour les zones aux \u00e9t\u00e9s courts.<\/li>\n\n\n\n<li>Odeur intense en int\u00e9rieur.<\/li>\n<\/ul>\n<\/div>\n<\/div>\n\n\n\n<div style=\"height:50px\" aria-hidden=\"true\" class=\"wp-block-spacer uag-hide-mob\"><\/div>\n\n\n\n<h2 class=\"wp-block-heading\">Questions fr\u00e9quentes<\/h2>\n\n\n\n<p>Vous d\u00e9couvrirez ci-dessous les questions les plus courantes que nous posent les personnes int\u00e9ress\u00e9es par ces graines r\u00e9guli\u00e8res en vrac :<\/p>\n\n\n<div id=\"rank-math-faq\" class=\"rank-math-block\">\n<div class=\"rank-math-list \">\n<div id=\"faq-question-1663029074962\" class=\"rank-math-list-item\">\n<h3 class=\"rank-math-question \">Quand commence la floraison de la Amnesia Regular en ext\u00e9rieur ?<\/h3>\n<div class=\"rank-math-answer \">\n\n<p>Selon la latitude de la culture, la floraison commence au cours de la premi\u00e8re quinzaine d&#8217;ao\u00fbt.<\/p>\n\n<\/div>\n<\/div>\n<div id=\"faq-question-1663029159933\" class=\"rank-math-list-item\">\n<h3 class=\"rank-math-question \">Quand r\u00e9colter la Amnesia Regular en ext\u00e9rieur ?<\/h3>\n<div class=\"rank-math-answer \">\n\n<p>Il s&#8217;agit d&#8217;une vari\u00e9t\u00e9 \u00e0 floraison moyenne qui se r\u00e9colte entre le milieu et la fin du mois d&#8217;octobre.<\/p>\n\n<\/div>\n<\/div>\n<div id=\"faq-question-1663029165861\" class=\"rank-math-list-item\">\n<h3 class=\"rank-math-question \">Comment cultiver la Amnesia Regular?<\/h3>\n<div class=\"rank-math-answer \">\n\n<p>C&#8217;est une plante tr\u00e8s facile \u00e0 cultiver. Si vous lui donnez de l&#8217;espace, elle peut atteindre une hauteur de 3,5 m\u00e8tres. \u00c0 l&#8217;int\u00e9rieur, elle peut \u00eatre taill\u00e9 ou paliss\u00e9.<\/p>\n\n<\/div>\n<\/div>\n<div id=\"faq-question-1666780029954\" class=\"rank-math-list-item\">\n<h3 class=\"rank-math-question \">Quels sont les effets de la Amnesia Regular en vrac ?<\/h3>\n<div class=\"rank-math-answer \">\n\n<p>Les effets sont un high rapide, euphorique, \u00e9nergique et cr\u00e9atif. La descente est lente et relaxante, mais sans blocages.<\/p>\n\n<\/div>\n<\/div>\n<\/div>\n<\/div>","protected":false},"excerpt":{"rendered":"<p>Amnesia Regular est une vari\u00e9t\u00e9 avec une forte dominance Sativa, consid\u00e9r\u00e9e comme l&#8217;un des plus grands hybrides Haze de l&#8217;histoire. C&#8217;est une plante facile \u00e0 cultiver qui pousse en ext\u00e9rieur jusqu&#8217;\u00e0 une grande hauteur de 3 m\u00e8tres avec une p\u00e9riode de floraison moyenne de 10-12 semaines. Les rendements sont \u00e0 la mesure de leur taille, monstrueux. Elle produit de grosses t\u00eates charg\u00e9es de r\u00e9sine avec un ar\u00f4me et une saveur encens\u00e9s, \u00e9pic\u00e9s et fruit\u00e9s. Les effets sont tr\u00e8s puissants et intenses, elle rechargera vos batteries \u00e0 tout moment de la journ\u00e9e produisant un large sourire qui illuminera votre visage.<\/p>\n","protected":false},"featured_media":8997,"comment_status":"open","ping_status":"closed","template":"","meta":{"_acf_changed":false,"inline_featured_image":false,"_uag_custom_page_level_css":""},"product_brand":[],"product_cat":[2522],"product_tag":[],"class_list":{"0":"post-10733","1":"product","2":"type-product","3":"status-publish","4":"has-post-thumbnail","6":"product_cat-graines-regulieres-en-gros","8":"first","9":"instock","10":"taxable","11":"shipping-taxable","12":"purchasable","13":"product-type-simple"},"acf":[],"uagb_featured_image_src":{"full":["https:\/\/bulkgenetics.com\/wp-content\/uploads\/2022\/09\/Amnesia.jpg",1600,1600,false],"thumbnail":["https:\/\/bulkgenetics.com\/wp-content\/uploads\/2022\/09\/Amnesia-150x150.jpg",150,150,true],"medium":["https:\/\/bulkgenetics.com\/wp-content\/uploads\/2022\/09\/Amnesia-300x300.jpg",300,300,true],"medium_large":["https:\/\/bulkgenetics.com\/wp-content\/uploads\/2022\/09\/Amnesia-768x768.jpg",768,768,true],"large":["https:\/\/bulkgenetics.com\/wp-content\/uploads\/2022\/09\/Amnesia-1024x1024.jpg",1024,1024,true],"1536x1536":["https:\/\/bulkgenetics.com\/wp-content\/uploads\/2022\/09\/Amnesia-1536x1536.jpg",1536,1536,true],"2048x2048":["https:\/\/bulkgenetics.com\/wp-content\/uploads\/2022\/09\/Amnesia.jpg",1600,1600,false],"commercegurus-pdp-large":["https:\/\/bulkgenetics.com\/wp-content\/uploads\/2022\/09\/Amnesia-990x990.jpg",990,990,true],"commercegurus-plp-mobile":["https:\/\/bulkgenetics.com\/wp-content\/uploads\/2022\/09\/Amnesia-441x441.jpg",441,441,true],"cgkit_image_swatch":["https:\/\/bulkgenetics.com\/wp-content\/uploads\/2022\/09\/Amnesia-100x100.jpg",100,100,true],"woocommerce_thumbnail":["https:\/\/bulkgenetics.com\/wp-content\/uploads\/2022\/09\/Amnesia-300x300.jpg",300,300,true],"woocommerce_single":["https:\/\/bulkgenetics.com\/wp-content\/uploads\/2022\/09\/Amnesia-800x800.jpg",800,800,true],"woocommerce_gallery_thumbnail":["https:\/\/bulkgenetics.com\/wp-content\/uploads\/2022\/09\/Amnesia-150x150.jpg",150,150,true],"dgwt-wcas-product-suggestion":["https:\/\/bulkgenetics.com\/wp-content\/uploads\/2022\/09\/Amnesia-64x64.jpg",64,64,true]},"uagb_author_info":{"display_name":"J\u00e9r\u00f4me","author_link":"https:\/\/bulkgenetics.com\/fr\/author\/"},"uagb_comment_info":0,"uagb_excerpt":"Amnesia Regular est une vari\u00e9t\u00e9 avec une forte dominance Sativa, consid\u00e9r\u00e9e comme l'un des plus grands hybrides Haze de l'histoire. C'est une plante facile \u00e0 cultiver qui pousse en ext\u00e9rieur jusqu'\u00e0 une grande hauteur de 3 m\u00e8tres avec une p\u00e9riode de floraison moyenne de 10-12 semaines. Les rendements sont \u00e0 la mesure de leur taille,\u2026","_links":{"self":[{"href":"https:\/\/bulkgenetics.com\/fr\/wp-json\/wp\/v2\/product\/10733","targetHints":{"allow":["GET"]}}],"collection":[{"href":"https:\/\/bulkgenetics.com\/fr\/wp-json\/wp\/v2\/product"}],"about":[{"href":"https:\/\/bulkgenetics.com\/fr\/wp-json\/wp\/v2\/types\/product"}],"replies":[{"embeddable":true,"href":"https:\/\/bulkgenetics.com\/fr\/wp-json\/wp\/v2\/comments?post=10733"}],"wp:featuredmedia":[{"embeddable":true,"href":"https:\/\/bulkgenetics.com\/fr\/wp-json\/wp\/v2\/media\/8997"}],"wp:attachment":[{"href":"https:\/\/bulkgenetics.com\/fr\/wp-json\/wp\/v2\/media?parent=10733"}],"wp:term":[{"taxonomy":"product_brand","embeddable":true,"href":"https:\/\/bulkgenetics.com\/fr\/wp-json\/wp\/v2\/product_brand?post=10733"},{"taxonomy":"product_cat","embeddable":true,"href":"https:\/\/bulkgenetics.com\/fr\/wp-json\/wp\/v2\/product_cat?post=10733"},{"taxonomy":"product_tag","embeddable":true,"href":"https:\/\/bulkgenetics.com\/fr\/wp-json\/wp\/v2\/product_tag?post=10733"}],"curies":[{"name":"wp","href":"https:\/\/api.w.org\/{rel}","templated":true}]}}