{"id":10734,"date":"2022-10-04T18:13:04","date_gmt":"2022-10-04T16:13:04","guid":{"rendered":"https:\/\/www.bulkgenetics.com\/mandarine-caramel-version-rapide\/"},"modified":"2025-10-28T20:32:08","modified_gmt":"2025-10-28T19:32:08","slug":"mandarine-caramel-fast-version","status":"publish","type":"product","link":"https:\/\/bulkgenetics.com\/fr\/mandarine-caramel-fast-version\/","title":{"rendered":"Mandarine Caramel Fast Version"},"content":{"rendered":"\n<p><strong>Mandarine Caramel Fast Version<\/strong> est une vari\u00e9t\u00e9 de cannabis qui vous surprendra par son bon go\u00fbt, mais \u00e9galement par sa qualit\u00e9. Elle sera l&#8217;une des reines de tout jardin ou de toute culture d&#8217;int\u00e9rieur.<\/p>\n\n\n\n<p>Il s&#8217;agit d&#8217;une vari\u00e9t\u00e9 \u00e0 dominance Indica d\u00e9velopp\u00e9e \u00e0 partir d&#8217;une s\u00e9lection de <strong>Cream Mandarine F1 de Sweet Seeds<\/strong> \u00e0 la recherche des ph\u00e9notypes les plus rapides, les plus r\u00e9sistants, productifs et intens\u00e9ment aromatiques.<\/p>\n\n\n\n<h2 class=\"wp-block-heading\">Comment cultiver la Mandarine Caramel Fast Version<\/h2>\n\n\n\n<p>C&#8217;est une <strong>vari\u00e9t\u00e9 de cannabis tr\u00e8s simple \u00e0 cultiver<\/strong> qui ne demande pas beaucoup d&#8217;attention. En raison de sa floraison rapide, elle est parfaite pour les r\u00e9gions o\u00f9 les \u00e9t\u00e9s sont plus courts.<\/p>\n\n\n\n<p><strong>\u00c0 l&#8217;ext\u00e9rieur<\/strong>, il reste \u00e0 une <strong>taille assez discr\u00e8te de 2-2,5 m\u00e8tres<\/strong>. Sa structure est typique d&#8217;un sapin, avec une grosse t\u00eate et de nombreuses branches satellites tr\u00e8s productives.<\/p>\n\n\n\n<p>Elle se r\u00e9colte tr\u00e8s t\u00f4t, <strong>d\u00e9but septembre, vous la couperez d\u00e9j\u00e0<\/strong>. C&#8217;est l&#8217;une des vari\u00e9t\u00e9s les plus rapides disponibles sans \u00eatre autofloraisons.<\/p>\n\n\n\n<p><strong>En int\u00e9rieur<\/strong>, elle s&#8217;adapte \u00e0 toutes les techniques de culture, <strong>notamment en SOG \u00e0 partir de boutures<\/strong> lorsqu&#8217;elle dispose d&#8217;une bonne plante m\u00e8re.<\/p>\n\n\n\n<p>Entre le moment o\u00f9 la photop\u00e9riode est r\u00e9duite de la croissance \u00e0 la floraison, <strong>la r\u00e9colte ne prend que 45 \u00e0 50 jours<\/strong>. Durant cette phase, les odeurs, bien que d\u00e9licieuses, sont tr\u00e8s intenses.<\/p>\n\n\n\n<h2 class=\"wp-block-heading\">Caract\u00e9ristiques de la Mandarine Caramel Fast Version<\/h2>\n\n\n\n<p>Les t\u00eates sont <strong>grandes, super compactes et tr\u00e8s collantes<\/strong>, tout amateur d&#8217;extractions les appr\u00e9ciera pour faire le plus d\u00e9licieux des hashs ou Rosin.<\/p>\n\n\n\n<p>Surtout dans les derni\u00e8res semaines de la floraison, un <strong>intense ar\u00f4me de mandarine sucr\u00e9e<\/strong> inondera les environs de la culture. Son go\u00fbt ne d\u00e9\u00e7oit pas non plus, on a l&#8217;impression de <strong>croquer dans une mandarine tr\u00e8s sucr\u00e9e<\/strong>, des saveurs h\u00e9rit\u00e9es de ses g\u00e8nes <a href=\"https:\/\/bulkgenetics.com\/fr\/new-york-diesel\/\">NYC Diesel<\/a>. Elle pr\u00e9sente \u00e9galement de <strong>subtiles notes de bois et des \u00e9pices tr\u00e8s agr\u00e9ables<\/strong>.<\/p>\n\n\n\n<p><strong>Les effets sont puissants<\/strong>, au d\u00e9but vous ressentirez une bouff\u00e9e de bonheur et d&#8217;\u00e9nergie et vous entrerez lentement dans un \u00e9tat de relaxation physique, tout en conservant une clart\u00e9 mentale.<\/p>\n\n\n\n<p>Les rendements sont \u00e9lev\u00e9s. En int\u00e9rieur et avec un \u00e9clairage de 300-350 W par m\u00b2, on peut obtenir des rendements allant <strong>jusqu&#8217;\u00e0 600 grammes<\/strong>. En ext\u00e9rieur, les plantes plus grandes donneront <strong>jusqu&#8217;\u00e0 900 grammes<\/strong>.<\/p>\n\n\n\n<div style=\"height:50px\" aria-hidden=\"true\" class=\"wp-block-spacer uag-hide-mob\"><\/div>\n\n\n\n<div class=\"wp-block-columns is-layout-flex wp-container-core-columns-is-layout-28f84493 wp-block-columns-is-layout-flex\">\n<div class=\"wp-block-column is-layout-flow wp-block-column-is-layout-flow\">\n<p class=\"has-text-align-center has-medium-font-size\"><strong>Ce qui nous pla\u00eet le plus<\/strong><\/p>\n\n\n\n<ul class=\"wp-block-list\">\n<li>Tr\u00e8s simple \u00e0 cultiver.<\/li>\n\n\n\n<li>Production tr\u00e8s abondante.<\/li>\n\n\n\n<li>Floraison tr\u00e8s rapide.<\/li>\n\n\n\n<li>D\u00e9licieuses saveurs de mandarine sucr\u00e9e.<\/li>\n\n\n\n<li>Effets tr\u00e8s puissants et agr\u00e9ables.<\/li>\n\n\n\n<li>Son prix.<\/li>\n<\/ul>\n<\/div>\n\n\n\n<div class=\"wp-block-column is-layout-flow wp-block-column-is-layout-flow\">\n<p class=\"has-text-align-center has-medium-font-size\"><strong>Ce qui nous pla\u00eet le moins<\/strong><\/p>\n\n\n\n<ul class=\"wp-block-list\">\n<li>Odeur intense en floraison.<\/li>\n<\/ul>\n<\/div>\n<\/div>\n\n\n\n<div style=\"height:50px\" aria-hidden=\"true\" class=\"wp-block-spacer uag-hide-mob\"><\/div>\n\n\n\n<h2 class=\"wp-block-heading\">Questions fr\u00e9quentes<\/h2>\n\n\n\n<p>Vous trouverez ci-dessous les r\u00e9ponses aux questions les plus fr\u00e9quemment pos\u00e9es par les cultivateurs int\u00e9ress\u00e9s par cette vari\u00e9t\u00e9 :<\/p>\n\n\n<div id=\"rank-math-faq\" class=\"rank-math-block\">\n<div class=\"rank-math-list \">\n<div id=\"faq-question-1663029074962\" class=\"rank-math-list-item\">\n<h3 class=\"rank-math-question \">Quand commence la floraison de la <strong>Mandarine Caramel Fast Version<\/strong> en ext\u00e9rieur ?<\/h3>\n<div class=\"rank-math-answer \">\n\n<p>La floraison commence g\u00e9n\u00e9ralement au cours de la premi\u00e8re quinzaine d&#8217;ao\u00fbt.<\/p>\n\n<\/div>\n<\/div>\n<div id=\"faq-question-1663029159933\" class=\"rank-math-list-item\">\n<h3 class=\"rank-math-question \">Quand r\u00e9colter la <strong>Mandarine Caramel Fast Version<\/strong> en ext\u00e9rieur ?<\/h3>\n<div class=\"rank-math-answer \">\n\n<p>C&#8217;est une vari\u00e9t\u00e9 \u00e0 floraison tr\u00e8s rapide qui se r\u00e9colte d\u00e9but septembre.<\/p>\n\n<\/div>\n<\/div>\n<div id=\"faq-question-1663029165861\" class=\"rank-math-list-item\">\n<h3 class=\"rank-math-question \">Comment cultiver la <strong>Mandarine Caramel Fast Version<\/strong> f\u00e9minis\u00e9e ?<\/h3>\n<div class=\"rank-math-answer \">\n\n<p>C&#8217;est une plante simple \u00e0 cultiver et tr\u00e8s r\u00e9cente. Elle accepte la taille et le palissage des branches \u00e0 l&#8217;int\u00e9rieur comme \u00e0 l&#8217;ext\u00e9rieur.<\/p>\n\n<\/div>\n<\/div>\n<div id=\"faq-question-1666780029954\" class=\"rank-math-list-item\">\n<h3 class=\"rank-math-question \">Quels sont les effets de la <strong>Mandarine Caramel Fast Version<\/strong> en vrac ?<\/h3>\n<div class=\"rank-math-answer \">\n\n<p>Les effets sont heureux et \u00e9nergiques, avec une fin lente et relaxante mais non bloquante.<\/p>\n\n<\/div>\n<\/div>\n<\/div>\n<\/div>","protected":false},"excerpt":{"rendered":"<p>Mandarine Caramel Fast Version est une vari\u00e9t\u00e9 facile \u00e0 cultiver et r\u00e9sistante. Elle a une p\u00e9riode de floraison super rapide et se r\u00e9colte d\u00e9but septembre, ce qui la rend parfaite pour les r\u00e9gions aux \u00e9t\u00e9s courts. Elle produit une longue branche principale et dense avec d&#8217;\u00e9normes t\u00eates \u00e9galement sur les branches inf\u00e9rieures, tr\u00e8s r\u00e9sineuse et avec un d\u00e9licieux ar\u00f4me de mandarine sucr\u00e9e, h\u00e9rit\u00e9 de ses anc\u00eatres Diesel. Les effets sont tr\u00e8s \u00e9quilibr\u00e9s entre le physique et le mental. Apr\u00e8s un d\u00e9but \u00e9nergique, elle est suivie d&#8217;une d\u00e9tente tr\u00e8s agr\u00e9able et tr\u00e8s joyeuse.<\/p>\n","protected":false},"featured_media":11802,"comment_status":"open","ping_status":"closed","template":"","meta":{"_acf_changed":false,"inline_featured_image":false,"_uag_custom_page_level_css":""},"product_brand":[],"product_cat":[3567],"product_tag":[],"class_list":{"0":"post-10734","1":"product","2":"type-product","3":"status-publish","4":"has-post-thumbnail","6":"product_cat-graines-fast-version","8":"first","9":"instock","10":"taxable","11":"shipping-taxable","12":"purchasable","13":"product-type-simple"},"acf":[],"uagb_featured_image_src":{"full":["https:\/\/bulkgenetics.com\/wp-content\/uploads\/2022\/10\/Mandarine-caramel-fast-version.jpg",1600,1600,false],"thumbnail":["https:\/\/bulkgenetics.com\/wp-content\/uploads\/2022\/10\/Mandarine-caramel-fast-version-150x150.jpg",150,150,true],"medium":["https:\/\/bulkgenetics.com\/wp-content\/uploads\/2022\/10\/Mandarine-caramel-fast-version-300x300.jpg",300,300,true],"medium_large":["https:\/\/bulkgenetics.com\/wp-content\/uploads\/2022\/10\/Mandarine-caramel-fast-version-768x768.jpg",768,768,true],"large":["https:\/\/bulkgenetics.com\/wp-content\/uploads\/2022\/10\/Mandarine-caramel-fast-version-1024x1024.jpg",1024,1024,true],"1536x1536":["https:\/\/bulkgenetics.com\/wp-content\/uploads\/2022\/10\/Mandarine-caramel-fast-version-1536x1536.jpg",1536,1536,true],"2048x2048":["https:\/\/bulkgenetics.com\/wp-content\/uploads\/2022\/10\/Mandarine-caramel-fast-version.jpg",1600,1600,false],"commercegurus-pdp-large":["https:\/\/bulkgenetics.com\/wp-content\/uploads\/2022\/10\/Mandarine-caramel-fast-version-990x990.jpg",990,990,true],"commercegurus-plp-mobile":["https:\/\/bulkgenetics.com\/wp-content\/uploads\/2022\/10\/Mandarine-caramel-fast-version-441x441.jpg",441,441,true],"cgkit_image_swatch":["https:\/\/bulkgenetics.com\/wp-content\/uploads\/2022\/10\/Mandarine-caramel-fast-version-100x100.jpg",100,100,true],"woocommerce_thumbnail":["https:\/\/bulkgenetics.com\/wp-content\/uploads\/2022\/10\/Mandarine-caramel-fast-version-300x300.jpg",300,300,true],"woocommerce_single":["https:\/\/bulkgenetics.com\/wp-content\/uploads\/2022\/10\/Mandarine-caramel-fast-version-800x800.jpg",800,800,true],"woocommerce_gallery_thumbnail":["https:\/\/bulkgenetics.com\/wp-content\/uploads\/2022\/10\/Mandarine-caramel-fast-version-150x150.jpg",150,150,true],"dgwt-wcas-product-suggestion":["https:\/\/bulkgenetics.com\/wp-content\/uploads\/2022\/10\/Mandarine-caramel-fast-version-64x64.jpg",64,64,true]},"uagb_author_info":{"display_name":"J\u00e9r\u00f4me","author_link":"https:\/\/bulkgenetics.com\/fr\/author\/"},"uagb_comment_info":3,"uagb_excerpt":"Mandarine Caramel Fast Version est une vari\u00e9t\u00e9 facile \u00e0 cultiver et r\u00e9sistante. Elle a une p\u00e9riode de floraison super rapide et se r\u00e9colte d\u00e9but septembre, ce qui la rend parfaite pour les r\u00e9gions aux \u00e9t\u00e9s courts. Elle produit une longue branche principale et dense avec d'\u00e9normes t\u00eates \u00e9galement sur les branches inf\u00e9rieures, tr\u00e8s r\u00e9sineuse et\u2026","_links":{"self":[{"href":"https:\/\/bulkgenetics.com\/fr\/wp-json\/wp\/v2\/product\/10734","targetHints":{"allow":["GET"]}}],"collection":[{"href":"https:\/\/bulkgenetics.com\/fr\/wp-json\/wp\/v2\/product"}],"about":[{"href":"https:\/\/bulkgenetics.com\/fr\/wp-json\/wp\/v2\/types\/product"}],"replies":[{"embeddable":true,"href":"https:\/\/bulkgenetics.com\/fr\/wp-json\/wp\/v2\/comments?post=10734"}],"wp:featuredmedia":[{"embeddable":true,"href":"https:\/\/bulkgenetics.com\/fr\/wp-json\/wp\/v2\/media\/11802"}],"wp:attachment":[{"href":"https:\/\/bulkgenetics.com\/fr\/wp-json\/wp\/v2\/media?parent=10734"}],"wp:term":[{"taxonomy":"product_brand","embeddable":true,"href":"https:\/\/bulkgenetics.com\/fr\/wp-json\/wp\/v2\/product_brand?post=10734"},{"taxonomy":"product_cat","embeddable":true,"href":"https:\/\/bulkgenetics.com\/fr\/wp-json\/wp\/v2\/product_cat?post=10734"},{"taxonomy":"product_tag","embeddable":true,"href":"https:\/\/bulkgenetics.com\/fr\/wp-json\/wp\/v2\/product_tag?post=10734"}],"curies":[{"name":"wp","href":"https:\/\/api.w.org\/{rel}","templated":true}]}}