{"id":10735,"date":"2022-10-04T18:11:31","date_gmt":"2022-10-04T16:11:31","guid":{"rendered":"https:\/\/www.bulkgenetics.com\/caramel-blanc-version-rapide\/"},"modified":"2024-10-08T01:09:03","modified_gmt":"2024-10-07T23:09:03","slug":"caramel-fast-version","status":"publish","type":"product","link":"https:\/\/bulkgenetics.com\/fr\/caramel-fast-version\/","title":{"rendered":"Caramel Fast Version"},"content":{"rendered":"\n<p><strong>Caramel Fast Version<\/strong> est une vari\u00e9t\u00e9 de cannabis f\u00e9minis\u00e9e \u00e0 <strong>floraison super rapide<\/strong>. Il s&#8217;agit d&#8217;une vari\u00e9t\u00e9 \u00e0 dominance Indica qui plaira aux cultivateurs vivant dans des r\u00e9gions aux \u00e9t\u00e9s tr\u00e8s courts.<\/p>\n\n\n\n<p>C&#8217;est une version de notre <a href=\"https:\/\/bulkgenetics.com\/fr\/white-caramel\/\">Caramel<\/a>, une s\u00e9lection de Cream Caramel de Sweet Seeds qui se distingue par sa douceur, <strong>sa production et ses effets puissants<\/strong>. Lorsqu&#8217;elle est combin\u00e9e avec une Ruderalis, la premi\u00e8re g\u00e9n\u00e9ration n&#8217;h\u00e9rite pas du g\u00e8ne d&#8217;autofloraison, mais r\u00e9duit simplement le temps de floraison.<\/p>\n\n\n\n<h2 class=\"wp-block-heading\">Comment cultiver la Caramel Fast Version<\/h2>\n\n\n\n<p>C&#8217;est une plante <strong>tr\u00e8s simple \u00e0 cultiver, \u00e9l\u00e9gante et \u00e0 croissance rapide<\/strong>. Avec un minimum de soins, les r\u00e9coltes les plus impressionnantes sont toujours assur\u00e9es.<\/p>\n\n\n\n<p><strong>\u00c0 l&#8217;ext\u00e9rieur<\/strong>, elle reste \u00e0 une hauteur <strong>assez discr\u00e8te de 2 \u00e0 2,5 m\u00e8tres<\/strong>. Sa structure est compacte, avec des branches \u00e9paisses qui se rempliront d&#8217;<strong>\u00e9normes fleurs r\u00e9sineuses<\/strong>.<\/p>\n\n\n\n<p>La <strong>p\u00e9riode de floraison est tr\u00e8s courte et la r\u00e9colte a lieu \u00e0 la mi-septembre<\/strong>, bien avant que les premi\u00e8res pluies d&#8217;automne ne viennent g\u00e2cher les fleurs.<\/p>\n\n\n\n<p><strong>\u00c0 l&#8217;int\u00e9rieur<\/strong>, elle est contenue et ne s&#8217;\u00e9tire pas excessivement. Les cultures les plus productives sont obtenues en SOG \u00e0 partir de petites boutures lorsqu&#8217;on s\u00e9lectionne <strong>une bonne plante m\u00e8re avec une croissance plus colonnaire<\/strong>.<\/p>\n\n\n\n<p>Apr\u00e8s le changement de photop\u00e9riode pour d\u00e9clencher la floraison,<strong> il ne faudra que 45 \u00e0 50 jours avant de pouvoir r\u00e9colter <\/strong>les fleurs les plus collantes que vous puissiez imaginer.<\/p>\n\n\n\n<h2 class=\"wp-block-heading\">Caract\u00e9ristiques de la Caramel Fast Version<\/h2>\n\n\n\n<p>Les rendements sont tr\u00e8s \u00e9lev\u00e9s, jusqu&#8217;\u00e0 <strong>800 grammes par plante en ext\u00e9rieur<\/strong>. En int\u00e9rieur, avec un panneau LED de 300-350 W, tout cultivateur obtiendra un rendement <strong>allant jusqu&#8217;\u00e0 550 grammes par m\u00b2<\/strong>.<\/p>\n\n\n\n<p><strong>Les t\u00eates sont magnifiques<\/strong>. En plus d&#8217;\u00eatre grandes et <strong>dures comme la pierre<\/strong>, elles sont enti\u00e8rement recouvertes d&#8217;une \u00e9paisse couche de r\u00e9sine. Elle convient parfaitement \u00e0 la fabrication du plus d\u00e9licieux des haschischs.<\/p>\n\n\n\n<p><strong>Sa saveur et ses ar\u00f4mes<\/strong> sont un spectacle. Elle a des touches tr\u00e8s sucr\u00e9es, semblables \u00e0 des bonbons, qui se m\u00ealent \u00e0 des notes d&#8217;agrumes, de cypr\u00e8s et de terre.<\/p>\n\n\n\n<p>Quant aux effets, <strong>installez-vous confortablement pour profiter d&#8217;une relaxation intense<\/strong> qui vous emm\u00e8nera dans un monde o\u00f9 seul le bonheur existe. Id\u00e9al pour se d\u00e9tendre apr\u00e8s une dure journ\u00e9e.<\/p>\n\n\n\n<div style=\"height:50px\" aria-hidden=\"true\" class=\"wp-block-spacer uag-hide-mob\"><\/div>\n\n\n\n<div class=\"wp-block-columns is-layout-flex wp-container-core-columns-is-layout-28f84493 wp-block-columns-is-layout-flex\">\n<div class=\"wp-block-column is-layout-flow wp-block-column-is-layout-flow\">\n<p class=\"has-text-align-center has-medium-font-size\"><strong>Ce qui nous pla\u00eet le plus<\/strong><\/p>\n\n\n\n<ul class=\"wp-block-list\">\n<li>Tr\u00e8s facile \u00e0 cultiver.<\/li>\n\n\n\n<li>Production \u00e9lev\u00e9e.<\/li>\n\n\n\n<li>Saveur sucr\u00e9e de bonbons.<\/li>\n\n\n\n<li>Effets tr\u00e8s relaxants et positifs.<\/li>\n\n\n\n<li>Son prix.<\/li>\n<\/ul>\n<\/div>\n\n\n\n<div class=\"wp-block-column is-layout-flow wp-block-column-is-layout-flow\">\n<p class=\"has-text-align-center has-medium-font-size\"><strong>Ce qui nous pla\u00eet le moins<\/strong><\/p>\n\n\n\n<ul class=\"wp-block-list\">\n<li>Odeur intense en floraison.<\/li>\n<\/ul>\n<\/div>\n<\/div>\n\n\n\n<div style=\"height:50px\" aria-hidden=\"true\" class=\"wp-block-spacer uag-hide-mob\"><\/div>\n\n\n\n<h2 class=\"wp-block-heading\">Questions fr\u00e9quentes<\/h2>\n\n\n\n<p>Voici les r\u00e9ponses aux questions les plus courantes que nous posent les cultivateurs int\u00e9ress\u00e9s par ces graines f\u00e9minis\u00e9es en vrac :<\/p>\n\n\n<div id=\"rank-math-faq\" class=\"rank-math-block\">\n<div class=\"rank-math-list \">\n<div id=\"faq-question-1663029074962\" class=\"rank-math-list-item\">\n<h3 class=\"rank-math-question \">Quand commence la floraison de la Caramel Fast Version en ext\u00e9rieur ?<\/h3>\n<div class=\"rank-math-answer \">\n\n<p>La floraison commence entre la fin du mois de juillet et le d\u00e9but du mois d&#8217;ao\u00fbt.<\/p>\n\n<\/div>\n<\/div>\n<div id=\"faq-question-1663029159933\" class=\"rank-math-list-item\">\n<h3 class=\"rank-math-question \">Quand r\u00e9colter la Caramel Fast Version en ext\u00e9rieur ?<\/h3>\n<div class=\"rank-math-answer \">\n\n<p>C&#8217;est une vari\u00e9t\u00e9 \u00e0 floraison tr\u00e8s rapide qui est r\u00e9colt\u00e9e \u00e0 la mi-septembre.<\/p>\n\n<\/div>\n<\/div>\n<div id=\"faq-question-1663029165861\" class=\"rank-math-list-item\">\n<h3 class=\"rank-math-question \">Comment cultiver la Caramel Fast Version f\u00e9minis\u00e9e ?<\/h3>\n<div class=\"rank-math-answer \">\n\n<p>C&#8217;est une plante de cannabis tr\u00e8s simple qui reste assez discr\u00e8te en hauteur. Elle s&#8217;adapte \u00e0 tous les climats.<\/p>\n\n<\/div>\n<\/div>\n<div id=\"faq-question-1666780029954\" class=\"rank-math-list-item\">\n<h3 class=\"rank-math-question \">Quels sont les effets de la Caramel Fast Version en vrac ?<\/h3>\n<div class=\"rank-math-answer \">\n\n<p>Les effets sont relaxants et joyeux, id\u00e9aux \u00e0 appr\u00e9cier le soir ou apr\u00e8s une dure journ\u00e9e.<\/p>\n\n<\/div>\n<\/div>\n<\/div>\n<\/div>","protected":false},"excerpt":{"rendered":"<p>Caramel Fast Version est une vari\u00e9t\u00e9 \u00e0 floraison super rapide de seulement 7 semaines. Il s&#8217;agit d&#8217;une version de la Cream Caramel, un d\u00e9licieux hybride \u00e0 dominance Indica dont elle h\u00e9rite du d\u00e9licieux go\u00fbt de bonbons. Elle est aussi tr\u00e8s facile \u00e0 cultiver et tr\u00e8s reconnaissante. Ses t\u00eates sont toujours grandes, compactes et recouvertes d&#8217;une couche \u00e9paisse et onctueuse de r\u00e9sine blanche. Les effets sont principalement relaxants, id\u00e9aux pour terminer la journ\u00e9e en oubliant tous les soucis.<\/p>\n","protected":false},"featured_media":23872,"comment_status":"open","ping_status":"closed","template":"","meta":{"_acf_changed":false,"inline_featured_image":false,"_uag_custom_page_level_css":""},"product_brand":[],"product_cat":[3567],"product_tag":[],"class_list":{"0":"post-10735","1":"product","2":"type-product","3":"status-publish","4":"has-post-thumbnail","6":"product_cat-graines-fast-version","8":"first","9":"instock","10":"taxable","11":"shipping-taxable","12":"purchasable","13":"product-type-simple"},"acf":[],"uagb_featured_image_src":{"full":["https:\/\/bulkgenetics.com\/wp-content\/uploads\/2022\/10\/caramel-fast-version.jpg",1600,1600,false],"thumbnail":["https:\/\/bulkgenetics.com\/wp-content\/uploads\/2022\/10\/caramel-fast-version-150x150.jpg",150,150,true],"medium":["https:\/\/bulkgenetics.com\/wp-content\/uploads\/2022\/10\/caramel-fast-version-300x300.jpg",300,300,true],"medium_large":["https:\/\/bulkgenetics.com\/wp-content\/uploads\/2022\/10\/caramel-fast-version-768x768.jpg",768,768,true],"large":["https:\/\/bulkgenetics.com\/wp-content\/uploads\/2022\/10\/caramel-fast-version-1024x1024.jpg",1024,1024,true],"1536x1536":["https:\/\/bulkgenetics.com\/wp-content\/uploads\/2022\/10\/caramel-fast-version-1536x1536.jpg",1536,1536,true],"2048x2048":["https:\/\/bulkgenetics.com\/wp-content\/uploads\/2022\/10\/caramel-fast-version.jpg",1600,1600,false],"commercegurus-pdp-large":["https:\/\/bulkgenetics.com\/wp-content\/uploads\/2022\/10\/caramel-fast-version-990x990.jpg",990,990,true],"commercegurus-plp-mobile":["https:\/\/bulkgenetics.com\/wp-content\/uploads\/2022\/10\/caramel-fast-version-441x441.jpg",441,441,true],"cgkit_image_swatch":["https:\/\/bulkgenetics.com\/wp-content\/uploads\/2022\/10\/caramel-fast-version-100x100.jpg",100,100,true],"woocommerce_thumbnail":["https:\/\/bulkgenetics.com\/wp-content\/uploads\/2022\/10\/caramel-fast-version-300x300.jpg",300,300,true],"woocommerce_single":["https:\/\/bulkgenetics.com\/wp-content\/uploads\/2022\/10\/caramel-fast-version-800x800.jpg",800,800,true],"woocommerce_gallery_thumbnail":["https:\/\/bulkgenetics.com\/wp-content\/uploads\/2022\/10\/caramel-fast-version-150x150.jpg",150,150,true],"dgwt-wcas-product-suggestion":["https:\/\/bulkgenetics.com\/wp-content\/uploads\/2022\/10\/caramel-fast-version-64x64.jpg",64,64,true]},"uagb_author_info":{"display_name":"\u00c1ngel Flores","author_link":"https:\/\/bulkgenetics.com\/fr\/author\/"},"uagb_comment_info":0,"uagb_excerpt":"Caramel Fast Version est une vari\u00e9t\u00e9 \u00e0 floraison super rapide de seulement 7 semaines. Il s'agit d'une version de la Cream Caramel, un d\u00e9licieux hybride \u00e0 dominance Indica dont elle h\u00e9rite du d\u00e9licieux go\u00fbt de bonbons. Elle est aussi tr\u00e8s facile \u00e0 cultiver et tr\u00e8s reconnaissante. Ses t\u00eates sont toujours grandes, compactes et recouvertes d'une\u2026","_links":{"self":[{"href":"https:\/\/bulkgenetics.com\/fr\/wp-json\/wp\/v2\/product\/10735","targetHints":{"allow":["GET"]}}],"collection":[{"href":"https:\/\/bulkgenetics.com\/fr\/wp-json\/wp\/v2\/product"}],"about":[{"href":"https:\/\/bulkgenetics.com\/fr\/wp-json\/wp\/v2\/types\/product"}],"replies":[{"embeddable":true,"href":"https:\/\/bulkgenetics.com\/fr\/wp-json\/wp\/v2\/comments?post=10735"}],"wp:featuredmedia":[{"embeddable":true,"href":"https:\/\/bulkgenetics.com\/fr\/wp-json\/wp\/v2\/media\/23872"}],"wp:attachment":[{"href":"https:\/\/bulkgenetics.com\/fr\/wp-json\/wp\/v2\/media?parent=10735"}],"wp:term":[{"taxonomy":"product_brand","embeddable":true,"href":"https:\/\/bulkgenetics.com\/fr\/wp-json\/wp\/v2\/product_brand?post=10735"},{"taxonomy":"product_cat","embeddable":true,"href":"https:\/\/bulkgenetics.com\/fr\/wp-json\/wp\/v2\/product_cat?post=10735"},{"taxonomy":"product_tag","embeddable":true,"href":"https:\/\/bulkgenetics.com\/fr\/wp-json\/wp\/v2\/product_tag?post=10735"}],"curies":[{"name":"wp","href":"https:\/\/api.w.org\/{rel}","templated":true}]}}