{"id":10736,"date":"2022-10-04T18:10:53","date_gmt":"2022-10-04T16:10:53","guid":{"rendered":"https:\/\/www.bulkgenetics.com\/caramel-blanc-cbd\/"},"modified":"2024-10-08T01:09:03","modified_gmt":"2024-10-07T23:09:03","slug":"white-caramel-cbd","status":"publish","type":"product","link":"https:\/\/bulkgenetics.com\/fr\/white-caramel-cbd\/","title":{"rendered":"White Caramel CBD"},"content":{"rendered":"\n<p>La White Caramel CBD est notre version la plus th\u00e9rapeutique de la <a href=\"https:\/\/bulkgenetics.com\/fr\/white-caramel\/\">White Caramel<\/a>. Elle a une teneur \u00e9lev\u00e9e en cannabidiol, jusqu&#8217;\u00e0 15 %, <strong>un cannabino\u00efde non psychoactif<\/strong> ayant d&#8217;importantes propri\u00e9t\u00e9s m\u00e9dicinales.<\/p>\n\n\n\n<p>Dans les pays ou le cannabis m\u00e9dical est l\u00e9gal, <strong>le CBD est utilis\u00e9, par exemple, comme un anti-convulsif<\/strong>, analg\u00e9sique, anxiolytique, neuroprotecteur, anti-naus\u00e9eux et anti-\u00e9m\u00e9tique.<\/p>\n\n\n\n<p>Cette vari\u00e9t\u00e9 de cannabis \u00e0 <strong>dominance Indica<\/strong> a \u00e9t\u00e9 d\u00e9velopp\u00e9e en croisant une s\u00e9lection de Cream Caramel de Sweet Seeds et une Indica secr\u00e8te dont elle h\u00e9rite les niveaux \u00e9lev\u00e9s de CBD. <\/p>\n\n\n\n<h2 class=\"wp-block-heading\">Comment cultiver la White Caramel CBD<\/h2>\n\n\n\n<p>C&#8217;est une plante tr\u00e8s simple \u00e0 cultiver qui <strong>ne demande pas beaucoup de soins<\/strong>. Peu importe que vous soyez novice ou que vous ayez peu de connaissance, vous obtiendrez d&#8217;<strong>excellentes r\u00e9coltes de la plus haute qualit\u00e9<\/strong>.<\/p>\n\n\n\n<p><strong>\u00c0 l&#8217;ext\u00e9rieur<\/strong>, apr\u00e8s avoir mis \u00e0 germer au d\u00e9but du printemps, les plantes poussent rapidement et atteignent une <strong>hauteur moyenne de 2 \u00e0 2,5 m\u00e8tres<\/strong>. Sa structure est typique d&#8217;une Indica pyramidale.<\/p>\n\n\n\n<p>Sa p\u00e9riode de floraison est tr\u00e8s courte, ce qui lui permet d&#8217;\u00eatre cultiv\u00e9e dans presque tous les climats. <strong>Avant la fin du mois de septembre<\/strong>, il sera suspendu dans le hangar de s\u00e9chage.<\/p>\n\n\n\n<p><strong>\u00c0 l&#8217;int\u00e9rieur<\/strong>, elle s&#8217;\u00e9tire peu et ne rend jamais la vie difficile au cultivateur. Si vous voulez obtenir un rendement maximal, s\u00e9lectionnez une bonne plante m\u00e8re pour la culture SOG \u00e0 partir de petites boutures.<\/p>\n\n\n\n<p>\u00c0 partir du changement de photop\u00e9riode, de la croissance \u00e0 la floraison, <strong>elle se r\u00e9colte en 8 semaines environ<\/strong>. Durant cette phase, l&#8217;odeur est intense et l&#8217;utilisation d&#8217;un bon syst\u00e8me de filtre \u00e0 charbon sera n\u00e9cessaire..<\/p>\n\n\n\n<h2 class=\"wp-block-heading\">Caract\u00e9ristiques de la White Caramel CBD<\/h2>\n\n\n\n<p>En outre, le rendement est tr\u00e8s \u00e9lev\u00e9. Vous devrez manucurer des <strong>grosses t\u00eates, dures et surtout collantes<\/strong>. Lorsque vous go\u00fbterez la r\u00e9sine qui restera sur les ciseaux, \u00e7a vous motivera surement de r\u00e9aliser des extractions en bonne et due forme.<\/p>\n\n\n\n<p>En ext\u00e9rieur, les plantes plus grandes donnent <strong>jusqu&#8217;\u00e0 800 grammes par plante<\/strong>. En int\u00e9rieur, avec une ampoule LED de 300-350W, on obtiendra pr\u00e8s de <strong>550 grammes par m\u00b2<\/strong>.<\/p>\n\n\n\n<p><strong>L&#8217;ar\u00f4me et le go\u00fbt<\/strong> sont doux et rappellent ceux d&#8217;un magasin de bonbons. Elle a \u00e9galement des notes de baies, un h\u00e9ritage de la g\u00e9n\u00e9tique Blueberry.<\/p>\n\n\n\n<p><strong>Les effets sont tr\u00e8s agr\u00e9ables<\/strong>, avec une psychoactivit\u00e9 l tr\u00e8s l\u00e9g\u00e8re. Le CBD agit comme un tampon pour le THC, r\u00e9duisant ses effets. Les ratios sont toujours proches de 1:1 (<strong>entre 10% et 15%<\/strong> ). Le CBD produit une sensation de s\u00e9dation corporelle et de bonheur, sans blocages.<\/p>\n\n\n\n<div style=\"height:50px\" aria-hidden=\"true\" class=\"wp-block-spacer uag-hide-mob\"><\/div>\n\n\n\n<div class=\"wp-block-columns is-layout-flex wp-container-core-columns-is-layout-28f84493 wp-block-columns-is-layout-flex\">\n<div class=\"wp-block-column is-layout-flow wp-block-column-is-layout-flow\">\n<p class=\"has-text-align-center has-medium-font-size\"><strong>Ce qui nous pla\u00eet le plus<\/strong><\/p>\n\n\n\n<ul class=\"wp-block-list\">\n<li>Tr\u00e8s facile \u00e0 cultiver.<\/li>\n\n\n\n<li>Production \u00e9lev\u00e9e.<\/li>\n\n\n\n<li>Saveur tr\u00e8s douce et sucr\u00e9e.<\/li>\n\n\n\n<li>Effets tr\u00e8s th\u00e9rapeutiques.<\/li>\n\n\n\n<li>Son prix.<\/li>\n<\/ul>\n<\/div>\n\n\n\n<div class=\"wp-block-column is-layout-flow wp-block-column-is-layout-flow\">\n<p class=\"has-text-align-center has-medium-font-size\"><strong>Ce qui nous pla\u00eet le moins<\/strong><\/p>\n\n\n\n<ul class=\"wp-block-list\">\n<li>Ce n&#8217;est pas la vari\u00e9t\u00e9 la plus adapt\u00e9e pour ceux qui recherchent des effets psychoactifs. <\/li>\n<\/ul>\n<\/div>\n<\/div>\n\n\n\n<div style=\"height:50px\" aria-hidden=\"true\" class=\"wp-block-spacer uag-hide-mob\"><\/div>\n\n\n\n<h2 class=\"wp-block-heading\">Questions fr\u00e9quentes<\/h2>\n\n\n\n<p>Voici les r\u00e9ponses aux questions les plus courantes que se posent les cultivateurs int\u00e9ress\u00e9s par ces graines de cannabis m\u00e9dical :<\/p>\n\n\n<div id=\"rank-math-faq\" class=\"rank-math-block\">\n<div class=\"rank-math-list \">\n<div id=\"faq-question-1663029074962\" class=\"rank-math-list-item\">\n<h3 class=\"rank-math-question \">Quand commence la floraison de la White Caramel CBD en ext\u00e9rieur ?<\/h3>\n<div class=\"rank-math-answer \">\n\n<p>En g\u00e9n\u00e9ral, la floraison commence au cours de la premi\u00e8re quinzaine du mois d&#8217;ao\u00fbt.<\/p>\n\n<\/div>\n<\/div>\n<div id=\"faq-question-1663029159933\" class=\"rank-math-list-item\">\n<h3 class=\"rank-math-question \">Quand r\u00e9colter la White Caramel CBD en ext\u00e9rieur ?<\/h3>\n<div class=\"rank-math-answer \">\n\n<p>C&#8217;est une vari\u00e9t\u00e9 de cannabis \u00e0 floraison rapide qui est r\u00e9colt\u00e9e \u00e0 la fin du mois de septembre.<\/p>\n\n<\/div>\n<\/div>\n<div id=\"faq-question-1663029165861\" class=\"rank-math-list-item\">\n<h3 class=\"rank-math-question \">Comment cultiver la White Caramel CBD f\u00e9minis\u00e9e?<\/h3>\n<div class=\"rank-math-answer \">\n\n<p>C&#8217;est une plante tr\u00e8s facile \u00e0 cultiver, tant \u00e0 l&#8217;int\u00e9rieur qu&#8217;\u00e0 l&#8217;ext\u00e9rieur. Nous recommandons une gamme de nutriments biologiques, pour profiter au mieux de tout ce qu&#8217;elle a \u00e0 offrir !<\/p>\n\n<\/div>\n<\/div>\n<div id=\"faq-question-1666780029954\" class=\"rank-math-list-item\">\n<h3 class=\"rank-math-question \">Quels sont les effets de la White Caramel CBD en vrac ?<\/h3>\n<div class=\"rank-math-answer \">\n\n<p>Les effets psychoactifs sont n\u00e9gligeables en raison de la forte teneur en CBD. Elle est physiquement relaxante et n&#8217;entrave aucune activit\u00e9..<\/p>\n\n<\/div>\n<\/div>\n<\/div>\n<\/div>","protected":false},"excerpt":{"rendered":"<p>White Caramel CBD est une plante simple \u00e0 cultiver et r\u00e9sistante, r\u00e9sultat de la combinaison d&#8217;une s\u00e9lection de Cream Caramel, dont elle h\u00e9rite de la d\u00e9licieuse saveur et d&#8217;un ar\u00f4me de bonbons, avec une Indica \u00e0 forte teneur en CBD. Elle est de taille moyenne, entre 2 et 2,5 m. Elle est r\u00e9colt\u00e9e tr\u00e8s t\u00f4t, vers la fin du mois de septembre. Ses t\u00eates sont spectaculaires, dures comme des pierres, tr\u00e8s r\u00e9sineuses et avec une odeur tr\u00e8s douce et app\u00e9tissante. Les effets dus au niveau \u00e9lev\u00e9 de cannabidiol sont l\u00e9gers au niveau mental, mais intenses au niveau physique, provoquant une relaxation sans blocages d&#8217;aucune sorte.<\/p>\n","protected":false},"featured_media":9202,"comment_status":"open","ping_status":"closed","template":"","meta":{"_acf_changed":false,"inline_featured_image":false,"_uag_custom_page_level_css":""},"product_brand":[],"product_cat":[2403],"product_tag":[],"class_list":{"0":"post-10736","1":"product","2":"type-product","3":"status-publish","4":"has-post-thumbnail","6":"product_cat-graines-cbd-en-gros","8":"first","9":"instock","10":"taxable","11":"shipping-taxable","12":"purchasable","13":"product-type-simple"},"acf":[],"uagb_featured_image_src":{"full":["https:\/\/bulkgenetics.com\/wp-content\/uploads\/2022\/10\/White-Caramel-CBD.jpg",1600,1600,false],"thumbnail":["https:\/\/bulkgenetics.com\/wp-content\/uploads\/2022\/10\/White-Caramel-CBD-150x150.jpg",150,150,true],"medium":["https:\/\/bulkgenetics.com\/wp-content\/uploads\/2022\/10\/White-Caramel-CBD-300x300.jpg",300,300,true],"medium_large":["https:\/\/bulkgenetics.com\/wp-content\/uploads\/2022\/10\/White-Caramel-CBD-768x768.jpg",768,768,true],"large":["https:\/\/bulkgenetics.com\/wp-content\/uploads\/2022\/10\/White-Caramel-CBD-1024x1024.jpg",1024,1024,true],"1536x1536":["https:\/\/bulkgenetics.com\/wp-content\/uploads\/2022\/10\/White-Caramel-CBD-1536x1536.jpg",1536,1536,true],"2048x2048":["https:\/\/bulkgenetics.com\/wp-content\/uploads\/2022\/10\/White-Caramel-CBD.jpg",1600,1600,false],"commercegurus-pdp-large":["https:\/\/bulkgenetics.com\/wp-content\/uploads\/2022\/10\/White-Caramel-CBD-990x990.jpg",990,990,true],"commercegurus-plp-mobile":["https:\/\/bulkgenetics.com\/wp-content\/uploads\/2022\/10\/White-Caramel-CBD-441x441.jpg",441,441,true],"cgkit_image_swatch":["https:\/\/bulkgenetics.com\/wp-content\/uploads\/2022\/10\/White-Caramel-CBD-100x100.jpg",100,100,true],"woocommerce_thumbnail":["https:\/\/bulkgenetics.com\/wp-content\/uploads\/2022\/10\/White-Caramel-CBD-300x300.jpg",300,300,true],"woocommerce_single":["https:\/\/bulkgenetics.com\/wp-content\/uploads\/2022\/10\/White-Caramel-CBD-800x800.jpg",800,800,true],"woocommerce_gallery_thumbnail":["https:\/\/bulkgenetics.com\/wp-content\/uploads\/2022\/10\/White-Caramel-CBD-150x150.jpg",150,150,true],"dgwt-wcas-product-suggestion":["https:\/\/bulkgenetics.com\/wp-content\/uploads\/2022\/10\/White-Caramel-CBD-64x64.jpg",64,64,true]},"uagb_author_info":{"display_name":"J\u00e9r\u00f4me","author_link":"https:\/\/bulkgenetics.com\/fr\/author\/"},"uagb_comment_info":0,"uagb_excerpt":"White Caramel CBD est une plante simple \u00e0 cultiver et r\u00e9sistante, r\u00e9sultat de la combinaison d'une s\u00e9lection de Cream Caramel, dont elle h\u00e9rite de la d\u00e9licieuse saveur et d'un ar\u00f4me de bonbons, avec une Indica \u00e0 forte teneur en CBD. Elle est de taille moyenne, entre 2 et 2,5 m. Elle est r\u00e9colt\u00e9e tr\u00e8s t\u00f4t,\u2026","_links":{"self":[{"href":"https:\/\/bulkgenetics.com\/fr\/wp-json\/wp\/v2\/product\/10736","targetHints":{"allow":["GET"]}}],"collection":[{"href":"https:\/\/bulkgenetics.com\/fr\/wp-json\/wp\/v2\/product"}],"about":[{"href":"https:\/\/bulkgenetics.com\/fr\/wp-json\/wp\/v2\/types\/product"}],"replies":[{"embeddable":true,"href":"https:\/\/bulkgenetics.com\/fr\/wp-json\/wp\/v2\/comments?post=10736"}],"wp:featuredmedia":[{"embeddable":true,"href":"https:\/\/bulkgenetics.com\/fr\/wp-json\/wp\/v2\/media\/9202"}],"wp:attachment":[{"href":"https:\/\/bulkgenetics.com\/fr\/wp-json\/wp\/v2\/media?parent=10736"}],"wp:term":[{"taxonomy":"product_brand","embeddable":true,"href":"https:\/\/bulkgenetics.com\/fr\/wp-json\/wp\/v2\/product_brand?post=10736"},{"taxonomy":"product_cat","embeddable":true,"href":"https:\/\/bulkgenetics.com\/fr\/wp-json\/wp\/v2\/product_cat?post=10736"},{"taxonomy":"product_tag","embeddable":true,"href":"https:\/\/bulkgenetics.com\/fr\/wp-json\/wp\/v2\/product_tag?post=10736"}],"curies":[{"name":"wp","href":"https:\/\/api.w.org\/{rel}","templated":true}]}}