{"id":10737,"date":"2022-10-04T18:07:59","date_gmt":"2022-10-04T16:07:59","guid":{"rendered":"https:\/\/www.bulkgenetics.com\/critical-green-cbd\/"},"modified":"2025-05-26T23:45:32","modified_gmt":"2025-05-26T21:45:32","slug":"critical-green-cbd","status":"publish","type":"product","link":"https:\/\/bulkgenetics.com\/fr\/critical-green-cbd\/","title":{"rendered":"Critical Green CBD"},"content":{"rendered":"\n<p>Critical Green CBD est une vari\u00e9t\u00e9 de cannabis th\u00e9rapeutique \u00e0 forte teneur en cannabidiol ou CBD, un cannabino\u00efde sans effets psychoactifs et tr\u00e8s int\u00e9ressant d&#8217;un point de vue m\u00e9dicinal. Selon de nombreuses \u00e9tudes, le CBD a des <strong>propri\u00e9t\u00e9s anticonvulsives, analg\u00e9siques, anxiolytiques, neuroprotectrices, anti-naus\u00e9euses et anti\u00e9m\u00e9tiques<\/strong>.<\/p>\n\n\n\n<p>Pour son d\u00e9veloppement, nous avons combin\u00e9 une s\u00e9lection puissante de <strong>Green Poison<\/strong> de Sweet Seeds avec une <strong>Critical CBD<\/strong>. Le r\u00e9sultat est un hybride \u00e0 dominance Indica qui offre des rapports THC:CBD compris entre 2:1 et 1:2,<strong> avec des niveaux variables entre 5 % et 10 %<\/strong>.<\/p>\n\n\n\n<h2 class=\"wp-block-heading\">Comment cultiver la Critical Green CBD<\/h2>\n\n\n\n<p>Sa g\u00e9n\u00e9tique Skunk \u00e9lev\u00e9e en fait une <strong>plante facile \u00e0 cultiver et tr\u00e8s r\u00e9sistante.<\/strong> M\u00eame le cultivateur le plus novice obtiendra des r\u00e9coltes de premi\u00e8re classe.<\/p>\n\n\n\n<p><strong>En ext\u00e9rieur<\/strong>, si elle est mise \u00e0 germer au d\u00e9but du printemps, que le climat est favorable et qu&#8217;il y a suffisamment d&#8217;espace, elle atteindra <strong>une grande taille allant jusqu&#8217;\u00e0 3 m\u00e8tres<\/strong>, presque aussi large que haute.<\/p>\n\n\n\n<p>Elle a une p\u00e9riode de floraison tr\u00e8s courte et se r\u00e9colte entre mi- et fin septembre. Dans les environnements tr\u00e8s humides, elle peut \u00eatre <strong>quelque peu sensible aux moisissures<\/strong> qui attaquent la fleur, comme le botrytis.<\/p>\n\n\n\n<p><strong>En int\u00e9rieur<\/strong>, elle accepte toutes les techniques de culture telles que la taille et le palissage des branches. Sinon, nous vous conseillons de passer \u00e0 la floraison <strong>lorsqu&#8217;elles atteignent environ 30 cm de hauteur<\/strong>.<\/p>\n\n\n\n<p>\u00c0 partir du changement de photop\u00e9riode, elle <strong>se r\u00e9colte en 55 jours seulement<\/strong>. Durant cette phase, les odeurs deviennent tr\u00e8s intenses et piquantes. Utilisez un bon syst\u00e8me anti-odeur pour \u00e9viter les probl\u00e8mes.<\/p>\n\n\n\n<h2 class=\"wp-block-heading\">Caract\u00e9ristiques de la Critical Green CBD<\/h2>\n\n\n\n<p>Les rendements sont tr\u00e8s \u00e9lev\u00e9s, atteignant <strong>jusqu&#8217;\u00e0 un kilo par plante<\/strong> en ext\u00e9rieur pour les plus grandes. En int\u00e9rieur, avec une ampoule LED de 300-350 W, les rendements atteignent <strong>facilement 600 grammes par m\u00b2<\/strong>.<\/p>\n\n\n\n<p>Elle produit des t\u00eates lourdes, extr\u00eamement dures et tr\u00e8s collantes. C&#8217;est une vari\u00e9t\u00e9 de cannabis parfaite pour fabriquer toutes sortes d&#8217;extractions et id\u00e9ale comme ingr\u00e9dient principal dans la cuisine au cannabis.<\/p>\n\n\n\n<p>L&#8217;ar\u00f4me et le go\u00fbt sont tr\u00e8s <a href=\"https:\/\/bulkgenetics.com\/fr\/critical-mass\/\">Critical<\/a>, avec des <strong>notes claires de skunky sur un fond d&#8217;agrumes<\/strong>, de fleurs et de fruits. Un vrai bonbon que tout le monde aime.<\/p>\n\n\n\n<p><strong>Les effets psychoactifs sont l\u00e9gers \u00e0 mod\u00e9r\u00e9s<\/strong> en raison de la forte teneur en CBD qui att\u00e9nue les effets du THC. Elle est parfaite non seulement pour ceux qui recherchent les bienfaits de ce cannabino\u00efde, mais aussi pour ceux qui veulent <strong>profiter du cannabis sans les effets intenses<\/strong>. Elle procure des sensations heureuses et relaxantes, mais sans blocages d&#8217;aucune sorte.<\/p>\n\n\n\n<div style=\"height:50px\" aria-hidden=\"true\" class=\"wp-block-spacer uag-hide-mob\"><\/div>\n\n\n\n<div class=\"wp-block-columns is-layout-flex wp-container-core-columns-is-layout-28f84493 wp-block-columns-is-layout-flex\">\n<div class=\"wp-block-column is-layout-flow wp-block-column-is-layout-flow\">\n<p class=\"has-text-align-center has-medium-font-size\"><strong>Ce qui nous pla\u00eet le plus<\/strong><\/p>\n\n\n\n<ul class=\"wp-block-list\">\n<li>Tr\u00e8s facile \u00e0 cultiver.<\/li>\n\n\n\n<li>Production tr\u00e8s abondante.<\/li>\n\n\n\n<li>Saveur tr\u00e8s Critical.<\/li>\n\n\n\n<li>Effets th\u00e9rapeutiques.<\/li>\n\n\n\n<li>Son prix.<\/li>\n<\/ul>\n<\/div>\n\n\n\n<div class=\"wp-block-column is-layout-flow wp-block-column-is-layout-flow\">\n<p class=\"has-text-align-center has-medium-font-size\"><strong>Ce qui nous pla\u00eet le moins<\/strong><\/p>\n\n\n\n<ul class=\"wp-block-list\">\n<li>N&#8217;est pas conseill\u00e9 pour les personnes recherchant des effets psychoactifs.<\/li>\n<\/ul>\n<\/div>\n<\/div>\n\n\n\n<div style=\"height:50px\" aria-hidden=\"true\" class=\"wp-block-spacer uag-hide-mob\"><\/div>\n\n\n\n<h2 class=\"wp-block-heading\">Questions fr\u00e9quentes<\/h2>\n\n\n\n<p>Vous trouverez ci-dessous les r\u00e9ponses aux questions les plus fr\u00e9quemment pos\u00e9es par les cultivateurs int\u00e9ress\u00e9s par cette vari\u00e9t\u00e9 :<\/p>\n\n\n<div id=\"rank-math-faq\" class=\"rank-math-block\">\n<div class=\"rank-math-list \">\n<div id=\"faq-question-1663029074962\" class=\"rank-math-list-item\">\n<h3 class=\"rank-math-question \">Quand commence la floraison de la Critical Green CBD en ext\u00e9rieur ?<\/h3>\n<div class=\"rank-math-answer \">\n\n<p>La floraison commence pendant la premi\u00e8re quinzaine d&#8217;ao\u00fbt.<\/p>\n\n<\/div>\n<\/div>\n<div id=\"faq-question-1663029159933\" class=\"rank-math-list-item\">\n<h3 class=\"rank-math-question \">Quand r\u00e9colter la Critical Green CBD en ext\u00e9rieur ?<\/h3>\n<div class=\"rank-math-answer \">\n\n<p>C&#8217;est une vari\u00e9t\u00e9 \u00e0 floraison rapide qui se r\u00e9colte durant la seconde moiti\u00e9 de septembre.<\/p>\n\n<\/div>\n<\/div>\n<div id=\"faq-question-1663029165861\" class=\"rank-math-list-item\">\n<h3 class=\"rank-math-question \">Comment cultiver la Critical Green CBD f\u00e9minis\u00e9e ?<\/h3>\n<div class=\"rank-math-answer \">\n\n<p>C&#8217;est une plante tr\u00e8s facile \u00e0 cultiver et tr\u00e8s r\u00e9sistante. \u00c0 l&#8217;ext\u00e9rieur, elle peut atteindre une hauteur de 3 m\u00e8tres lorsqu&#8217;elle germe au d\u00e9but du printemps.<\/p>\n\n<\/div>\n<\/div>\n<div id=\"faq-question-1666780029954\" class=\"rank-math-list-item\">\n<h3 class=\"rank-math-question \">Quels sont les effets de la Critical Green CBD en vrac ?<\/h3>\n<div class=\"rank-math-answer \">\n\n<p>Les effets psychoactifs sont pratiquement inexistants sur le plan mental. Elle permet de garder l&#8217;esprit clair et le corps d\u00e9tendu, et n&#8217;emp\u00eache aucune activit\u00e9.<\/p>\n\n<\/div>\n<\/div>\n<\/div>\n<\/div>","protected":false},"excerpt":{"rendered":"<p>Critical Green CBD est une vari\u00e9t\u00e9 \u00e0 tr\u00e8s forte teneur en cannabidiol, r\u00e9sultat du croisement de Critical CBD et Green Poison. Elle est tr\u00e8s r\u00e9sistante et facile \u00e0 cultiver, et sa courte p\u00e9riode de floraison de 7 semaines la rend particuli\u00e8rement adapt\u00e9e aux r\u00e9gions aux \u00e9t\u00e9s courts. Elle atteint une hauteur \u00e9norme de 3 m\u00e8tres, avec un rendement massif de grosses t\u00eates tr\u00e8s collantes. Son go\u00fbt est citrique, floral et fruit\u00e9, avec des notes claires de Skunk. En raison de la faible teneur en THC et de la forte teneur en CBD, les effets c\u00e9r\u00e9braux sont pratiquement nuls. Vous vous sentirez heureux, d\u00e9tendue et lib\u00e9r\u00e9e de toute sorte de blocages.<\/p>\n","protected":false},"featured_media":9187,"comment_status":"open","ping_status":"closed","template":"","meta":{"_acf_changed":false,"inline_featured_image":false,"_uag_custom_page_level_css":""},"product_brand":[],"product_cat":[2403],"product_tag":[],"class_list":{"0":"post-10737","1":"product","2":"type-product","3":"status-publish","4":"has-post-thumbnail","6":"product_cat-graines-cbd-en-gros","8":"first","9":"instock","10":"taxable","11":"shipping-taxable","12":"purchasable","13":"product-type-simple"},"acf":[],"uagb_featured_image_src":{"full":["https:\/\/bulkgenetics.com\/wp-content\/uploads\/2022\/10\/Critical-Green-CBD.jpg",1600,1600,false],"thumbnail":["https:\/\/bulkgenetics.com\/wp-content\/uploads\/2022\/10\/Critical-Green-CBD-150x150.jpg",150,150,true],"medium":["https:\/\/bulkgenetics.com\/wp-content\/uploads\/2022\/10\/Critical-Green-CBD-300x300.jpg",300,300,true],"medium_large":["https:\/\/bulkgenetics.com\/wp-content\/uploads\/2022\/10\/Critical-Green-CBD-768x768.jpg",768,768,true],"large":["https:\/\/bulkgenetics.com\/wp-content\/uploads\/2022\/10\/Critical-Green-CBD-1024x1024.jpg",1024,1024,true],"1536x1536":["https:\/\/bulkgenetics.com\/wp-content\/uploads\/2022\/10\/Critical-Green-CBD-1536x1536.jpg",1536,1536,true],"2048x2048":["https:\/\/bulkgenetics.com\/wp-content\/uploads\/2022\/10\/Critical-Green-CBD.jpg",1600,1600,false],"commercegurus-pdp-large":["https:\/\/bulkgenetics.com\/wp-content\/uploads\/2022\/10\/Critical-Green-CBD-990x990.jpg",990,990,true],"commercegurus-plp-mobile":["https:\/\/bulkgenetics.com\/wp-content\/uploads\/2022\/10\/Critical-Green-CBD-441x441.jpg",441,441,true],"cgkit_image_swatch":["https:\/\/bulkgenetics.com\/wp-content\/uploads\/2022\/10\/Critical-Green-CBD-100x100.jpg",100,100,true],"woocommerce_thumbnail":["https:\/\/bulkgenetics.com\/wp-content\/uploads\/2022\/10\/Critical-Green-CBD-300x300.jpg",300,300,true],"woocommerce_single":["https:\/\/bulkgenetics.com\/wp-content\/uploads\/2022\/10\/Critical-Green-CBD-800x800.jpg",800,800,true],"woocommerce_gallery_thumbnail":["https:\/\/bulkgenetics.com\/wp-content\/uploads\/2022\/10\/Critical-Green-CBD-150x150.jpg",150,150,true],"dgwt-wcas-product-suggestion":["https:\/\/bulkgenetics.com\/wp-content\/uploads\/2022\/10\/Critical-Green-CBD-64x64.jpg",64,64,true]},"uagb_author_info":{"display_name":"J\u00e9r\u00f4me","author_link":"https:\/\/bulkgenetics.com\/fr\/author\/"},"uagb_comment_info":0,"uagb_excerpt":"Critical Green CBD est une vari\u00e9t\u00e9 \u00e0 tr\u00e8s forte teneur en cannabidiol, r\u00e9sultat du croisement de Critical CBD et Green Poison. Elle est tr\u00e8s r\u00e9sistante et facile \u00e0 cultiver, et sa courte p\u00e9riode de floraison de 7 semaines la rend particuli\u00e8rement adapt\u00e9e aux r\u00e9gions aux \u00e9t\u00e9s courts. Elle atteint une hauteur \u00e9norme de 3 m\u00e8tres,\u2026","_links":{"self":[{"href":"https:\/\/bulkgenetics.com\/fr\/wp-json\/wp\/v2\/product\/10737","targetHints":{"allow":["GET"]}}],"collection":[{"href":"https:\/\/bulkgenetics.com\/fr\/wp-json\/wp\/v2\/product"}],"about":[{"href":"https:\/\/bulkgenetics.com\/fr\/wp-json\/wp\/v2\/types\/product"}],"replies":[{"embeddable":true,"href":"https:\/\/bulkgenetics.com\/fr\/wp-json\/wp\/v2\/comments?post=10737"}],"wp:featuredmedia":[{"embeddable":true,"href":"https:\/\/bulkgenetics.com\/fr\/wp-json\/wp\/v2\/media\/9187"}],"wp:attachment":[{"href":"https:\/\/bulkgenetics.com\/fr\/wp-json\/wp\/v2\/media?parent=10737"}],"wp:term":[{"taxonomy":"product_brand","embeddable":true,"href":"https:\/\/bulkgenetics.com\/fr\/wp-json\/wp\/v2\/product_brand?post=10737"},{"taxonomy":"product_cat","embeddable":true,"href":"https:\/\/bulkgenetics.com\/fr\/wp-json\/wp\/v2\/product_cat?post=10737"},{"taxonomy":"product_tag","embeddable":true,"href":"https:\/\/bulkgenetics.com\/fr\/wp-json\/wp\/v2\/product_tag?post=10737"}],"curies":[{"name":"wp","href":"https:\/\/api.w.org\/{rel}","templated":true}]}}