{"id":10745,"date":"2022-10-04T18:01:13","date_gmt":"2022-10-04T16:01:13","guid":{"rendered":"https:\/\/www.bulkgenetics.com\/rouge-californie-orange-version-rapide\/"},"modified":"2024-11-08T23:33:40","modified_gmt":"2024-11-08T22:33:40","slug":"red-california-orange-fast-version","status":"publish","type":"product","link":"https:\/\/bulkgenetics.com\/fr\/red-california-orange-fast-version\/","title":{"rendered":"Red California Orange Fast Version"},"content":{"rendered":"\n<p><strong>Red California Orange Fast Version<\/strong> est l&#8217;une de nos vari\u00e9t\u00e9s \u00e0 floraison rapide les plus spectaculaires et les mieux not\u00e9es.<\/p>\n\n\n\n<p>Il s&#8217;agit d&#8217;un hybride \u00e0 dominance Indica qui combine le go\u00fbt sucr\u00e9 et orang\u00e9 de Tangie avec les grosses t\u00eates lourdes et de couleur rouge de <a href=\"https:\/\/bulkgenetics.com\/fr\/red-skunk-auto\/\">Red Skunk Auto<\/a>.<\/p>\n\n\n\n<p>Il s&#8217;agit d&#8217;une vari\u00e9t\u00e9 similaire \u00e0 la Red Mandarine F1 Fast Version de Sweet Seeds. Elle a re\u00e7u de tr\u00e8s bonnes critiques sur des sites comme Leafly, <strong>mais son go\u00fbt est plus intense et son prix est beaucoup plus bas<\/strong>.<\/p>\n\n\n\n<h2 class=\"wp-block-heading\">Comment cultiver la Red California Orange Fast Version<\/h2>\n\n\n\n<p>C&#8217;est une <strong>vari\u00e9t\u00e9 de cannabis tr\u00e8s simple \u00e0 cultiver<\/strong> et qui ne n\u00e9cessite aucun soin particulier. De plus, sa floraison rapide lui permet de s&#8217;adapter \u00e0 presque toutes les r\u00e9gions, m\u00eame celles o\u00f9 les \u00e9t\u00e9s sont plus courts.<\/p>\n\n\n\n<p><strong>En ext\u00e9rieur<\/strong>, lorsqu&#8217;elle est mise \u00e0 germer au d\u00e9but du printemps et que les conditions sont optimales, <strong>elle atteint une taille importante de 2,5 m\u00e8tres de haut<\/strong>.<\/p>\n\n\n\n<p>Elle est r\u00e9colt\u00e9e tr\u00e8s t\u00f4t, <strong>entre mi- et fin septembre, vous couperez les fleurs les plus aromatiques<\/strong> que vous puissiez imaginer.<\/p>\n\n\n\n<p><strong>En int\u00e9rieur<\/strong>, elle s&#8217;adapte \u00e0 toutes les techniques de culture. En SOG, \u00e0 partir de petites boutures, elle va concentrer sa production dans les branches apicales. En SCROG, elle se ramifie rapidement lorsque les branches sont taill\u00e9es ou guid\u00e9es.<\/p>\n\n\n\n<p>Au changement de photop\u00e9riode pour la floraison, <strong>elle est r\u00e9colt\u00e9e en 50-55 jours<\/strong>. Au cours des derni\u00e8res semaines, les odeurs deviennent tr\u00e8s intenses et il est conseill\u00e9 d&#8217;utiliser un bon syst\u00e8me anti-odeurs.<\/p>\n\n\n\n<h2 class=\"wp-block-heading\">Caract\u00e9ristiques de la Red California Orange Fast Version<\/h2>\n\n\n\n<p>Sans aucun doute, cette vari\u00e9t\u00e9 de cannabis sera la reine de n&#8217;importe quel jardin. Ses t\u00eates de couleur rouge feront l&#8217;envie de tous. Elles sont \u00e9galement grosses, dures comme de la pierre et tr\u00e8s r\u00e9sineuses.<\/p>\n\n\n\n<p>Les rendements sont tr\u00e8s \u00e9lev\u00e9s et en int\u00e9rieur, il ne sera pas difficile d&#8217;atteindre <strong>jusqu&#8217;\u00e0 550 grammes par m\u00b2<\/strong> avec un \u00e9clairage LED de 300-350W. En ext\u00e9rieur, des rendements allant <strong>jusqu&#8217;\u00e0 800 grammes par plante<\/strong> peuvent \u00eatre atteints avec les plus grandes plantes.<\/p>\n\n\n\n<p>Son ar\u00f4me va remplir toute la salle de culture. Son go\u00fbt vous rappellera <strong>un rafra\u00eechissement d&#8217;agrumes sucr\u00e9s comme la mandarine<\/strong>, avec de l\u00e9g\u00e8res notes de pin.<\/p>\n\n\n\n<p><strong>Les effets sont puissants et assez \u00e9quilibr\u00e9s<\/strong>. Apr\u00e8s quelques bouff\u00e9es, votre corps se remplira d&#8217;\u00e9nergie, laissant lentement place \u00e0 des sensations plus relaxantes et toujours heureuses.<\/p>\n\n\n\n<div style=\"height:50px\" aria-hidden=\"true\" class=\"wp-block-spacer uag-hide-mob\"><\/div>\n\n\n\n<div class=\"wp-block-columns is-layout-flex wp-container-core-columns-is-layout-28f84493 wp-block-columns-is-layout-flex\">\n<div class=\"wp-block-column is-layout-flow wp-block-column-is-layout-flow\">\n<p class=\"has-text-align-center has-medium-font-size\"><strong>Ce qui nous pla\u00eet le plus<\/strong><\/p>\n\n\n\n<ul class=\"wp-block-list\">\n<li>Tr\u00e8s facile \u00e0 cultiver.<\/li>\n\n\n\n<li>Production \u00e9lev\u00e9e.<\/li>\n\n\n\n<li>Saveur de mandarine.<\/li>\n\n\n\n<li>Effets tr\u00e8s balanc\u00e9s.<\/li>\n\n\n\n<li>Son prix.<\/li>\n<\/ul>\n<\/div>\n\n\n\n<div class=\"wp-block-column is-layout-flow wp-block-column-is-layout-flow\">\n<p class=\"has-text-align-center has-medium-font-size\"><strong>Ce qui nous pla\u00eet le moins<\/strong><\/p>\n\n\n\n<ul class=\"wp-block-list\">\n<li>Odeur intense en floraison.<\/li>\n<\/ul>\n<\/div>\n<\/div>\n\n\n\n<div style=\"height:50px\" aria-hidden=\"true\" class=\"wp-block-spacer uag-hide-mob\"><\/div>\n\n\n\n<h2 class=\"wp-block-heading\">Questions fr\u00e9quentes<\/h2>\n\n\n\n<p>Vous trouverez ci-dessous les questions les plus courantes que nous posent souvent les cultivateurs int\u00e9ress\u00e9s par ces graines en vrac :<\/p>\n\n\n<div id=\"rank-math-faq\" class=\"rank-math-block\">\n<div class=\"rank-math-list \">\n<div id=\"faq-question-1663029074962\" class=\"rank-math-list-item\">\n<h3 class=\"rank-math-question \">Quand commence la floraison de la Red California Orange Fast Version en ext\u00e9rieur ?<\/h3>\n<div class=\"rank-math-answer \">\n\n<p>Selon la latitude de la culture, la floraison commence entre fin septembre et mi-ao\u00fbt.<\/p>\n\n<\/div>\n<\/div>\n<div id=\"faq-question-1663029159933\" class=\"rank-math-list-item\">\n<h3 class=\"rank-math-question \">Quand r\u00e9colter la Red California Orange Fast Version en exterieur ?<\/h3>\n<div class=\"rank-math-answer \">\n\n<p>C&#8217;est une vari\u00e9t\u00e9 de cannabis \u00e0 floraison tr\u00e8s rapide qui est r\u00e9colt\u00e9e dans la seconde moiti\u00e9 de septembre.<\/p>\n\n<\/div>\n<\/div>\n<div id=\"faq-question-1663029165861\" class=\"rank-math-list-item\">\n<h3 class=\"rank-math-question \">Comment cultiver la Red California Orange Fast Version feminis\u00e9e ?<\/h3>\n<div class=\"rank-math-answer \">\n\n<p>C&#8217;est une plante de cannabis tr\u00e8s simple \u00e0 cultiver, id\u00e9ale, m\u00eame pour les r\u00e9gions o\u00f9 les \u00e9t\u00e9s sont plus courts, car elle est r\u00e9colt\u00e9e en seulement 50-55 jours.<\/p>\n\n<\/div>\n<\/div>\n<div id=\"faq-question-1666780029954\" class=\"rank-math-list-item\">\n<h3 class=\"rank-math-question \">Quels sont les effets de la Red California Orange Fast Version en vrac ?<\/h3>\n<div class=\"rank-math-answer \">\n\n<p>Les effets sont \u00e9quilibr\u00e9s, tr\u00e8s positifs et puissants. Apr\u00e8s un d\u00e9but tr\u00e8s \u00e9nergique vient une d\u00e9tente tr\u00e8s agr\u00e9able<\/p>\n\n<\/div>\n<\/div>\n<\/div>\n<\/div>","protected":false},"excerpt":{"rendered":"<p>Red California Orange Fast Version est un croisement f\u00e9minis\u00e9 entre la Tangie et la Critical Red. C&#8217;est une plante facile \u00e0 cultiver, r\u00e9sistante et c&#8217;est un excellent choix pour les r\u00e9gions aux \u00e9t\u00e9s courts. Elle a une floraison tr\u00e8s rapide et est r\u00e9colt\u00e9e en 7-8 semaines. Elle produit une \u00e9norme quantit\u00e9 de t\u00eates tr\u00e8s r\u00e9sineuxse et de couleur rouge qui s&#8217;assemblent pour former des t\u00eates longues et denses de la taille d&#8217;une batte de baseball. Sa saveur est spectaculaire, tr\u00e8s sucr\u00e9 et orang\u00e9e avec des notes de cypr\u00e8s. Les effets sont puissants, une explosion d&#8217;\u00e9nergie balaie votre corps et vous tomberez lentement dans une relaxation bienheureuse.<\/p>\n","protected":false},"featured_media":18904,"comment_status":"open","ping_status":"closed","template":"","meta":{"_acf_changed":false,"inline_featured_image":false,"_uag_custom_page_level_css":""},"product_brand":[],"product_cat":[3567],"product_tag":[],"class_list":{"0":"post-10745","1":"product","2":"type-product","3":"status-publish","4":"has-post-thumbnail","6":"product_cat-graines-fast-version","8":"first","9":"outofstock","10":"taxable","11":"shipping-taxable","12":"purchasable","13":"product-type-simple"},"acf":[],"uagb_featured_image_src":{"full":["https:\/\/bulkgenetics.com\/wp-content\/uploads\/2022\/10\/Red-California-Orange-Fast-Version-Weed-Strain.jpg",1600,1600,false],"thumbnail":["https:\/\/bulkgenetics.com\/wp-content\/uploads\/2022\/10\/Red-California-Orange-Fast-Version-Weed-Strain-150x150.jpg",150,150,true],"medium":["https:\/\/bulkgenetics.com\/wp-content\/uploads\/2022\/10\/Red-California-Orange-Fast-Version-Weed-Strain-300x300.jpg",300,300,true],"medium_large":["https:\/\/bulkgenetics.com\/wp-content\/uploads\/2022\/10\/Red-California-Orange-Fast-Version-Weed-Strain-768x768.jpg",768,768,true],"large":["https:\/\/bulkgenetics.com\/wp-content\/uploads\/2022\/10\/Red-California-Orange-Fast-Version-Weed-Strain-1024x1024.jpg",1024,1024,true],"1536x1536":["https:\/\/bulkgenetics.com\/wp-content\/uploads\/2022\/10\/Red-California-Orange-Fast-Version-Weed-Strain-1536x1536.jpg",1536,1536,true],"2048x2048":["https:\/\/bulkgenetics.com\/wp-content\/uploads\/2022\/10\/Red-California-Orange-Fast-Version-Weed-Strain.jpg",1600,1600,false],"commercegurus-pdp-large":["https:\/\/bulkgenetics.com\/wp-content\/uploads\/2022\/10\/Red-California-Orange-Fast-Version-Weed-Strain-990x990.jpg",990,990,true],"commercegurus-plp-mobile":["https:\/\/bulkgenetics.com\/wp-content\/uploads\/2022\/10\/Red-California-Orange-Fast-Version-Weed-Strain-441x441.jpg",441,441,true],"cgkit_image_swatch":["https:\/\/bulkgenetics.com\/wp-content\/uploads\/2022\/10\/Red-California-Orange-Fast-Version-Weed-Strain-100x100.jpg",100,100,true],"woocommerce_thumbnail":["https:\/\/bulkgenetics.com\/wp-content\/uploads\/2022\/10\/Red-California-Orange-Fast-Version-Weed-Strain-300x300.jpg",300,300,true],"woocommerce_single":["https:\/\/bulkgenetics.com\/wp-content\/uploads\/2022\/10\/Red-California-Orange-Fast-Version-Weed-Strain-800x800.jpg",800,800,true],"woocommerce_gallery_thumbnail":["https:\/\/bulkgenetics.com\/wp-content\/uploads\/2022\/10\/Red-California-Orange-Fast-Version-Weed-Strain-150x150.jpg",150,150,true],"dgwt-wcas-product-suggestion":["https:\/\/bulkgenetics.com\/wp-content\/uploads\/2022\/10\/Red-California-Orange-Fast-Version-Weed-Strain-64x64.jpg",64,64,true]},"uagb_author_info":{"display_name":"J\u00e9r\u00f4me","author_link":"https:\/\/bulkgenetics.com\/fr\/author\/"},"uagb_comment_info":1,"uagb_excerpt":"Red California Orange Fast Version est un croisement f\u00e9minis\u00e9 entre la Tangie et la Critical Red. C'est une plante facile \u00e0 cultiver, r\u00e9sistante et c'est un excellent choix pour les r\u00e9gions aux \u00e9t\u00e9s courts. Elle a une floraison tr\u00e8s rapide et est r\u00e9colt\u00e9e en 7-8 semaines. Elle produit une \u00e9norme quantit\u00e9 de t\u00eates tr\u00e8s r\u00e9sineuxse\u2026","_links":{"self":[{"href":"https:\/\/bulkgenetics.com\/fr\/wp-json\/wp\/v2\/product\/10745","targetHints":{"allow":["GET"]}}],"collection":[{"href":"https:\/\/bulkgenetics.com\/fr\/wp-json\/wp\/v2\/product"}],"about":[{"href":"https:\/\/bulkgenetics.com\/fr\/wp-json\/wp\/v2\/types\/product"}],"replies":[{"embeddable":true,"href":"https:\/\/bulkgenetics.com\/fr\/wp-json\/wp\/v2\/comments?post=10745"}],"wp:featuredmedia":[{"embeddable":true,"href":"https:\/\/bulkgenetics.com\/fr\/wp-json\/wp\/v2\/media\/18904"}],"wp:attachment":[{"href":"https:\/\/bulkgenetics.com\/fr\/wp-json\/wp\/v2\/media?parent=10745"}],"wp:term":[{"taxonomy":"product_brand","embeddable":true,"href":"https:\/\/bulkgenetics.com\/fr\/wp-json\/wp\/v2\/product_brand?post=10745"},{"taxonomy":"product_cat","embeddable":true,"href":"https:\/\/bulkgenetics.com\/fr\/wp-json\/wp\/v2\/product_cat?post=10745"},{"taxonomy":"product_tag","embeddable":true,"href":"https:\/\/bulkgenetics.com\/fr\/wp-json\/wp\/v2\/product_tag?post=10745"}],"curies":[{"name":"wp","href":"https:\/\/api.w.org\/{rel}","templated":true}]}}