{"id":10746,"date":"2022-10-04T17:54:54","date_gmt":"2022-10-04T15:54:54","guid":{"rendered":"https:\/\/www.bulkgenetics.com\/nicole-kush\/"},"modified":"2025-12-29T10:16:43","modified_gmt":"2025-12-29T09:16:43","slug":"nicole-kush","status":"publish","type":"product","link":"https:\/\/bulkgenetics.com\/fr\/nicole-kush\/","title":{"rendered":"Nicole Kush"},"content":{"rendered":"\n<p>Nicole Kush na\u00eet de la combinaison parfaite entre deux vari\u00e9t\u00e9s l\u00e9gendaires. D&#8217;un c\u00f4t\u00e9, <a href=\"https:\/\/bulkgenetics.com\/fr\/kosher-kush\/\"><strong>Kosher Kush<\/strong><\/a>, connue pour ses effets relaxants et sa capacit\u00e9 \u00e0 produire de la r\u00e9sine. De l&#8217;autre, <strong>Nicole<\/strong> apporte cette touche sp\u00e9ciale qui fait de cette strain un choix incomparable. Ensemble, elles ont donn\u00e9 vie \u00e0 une plante robuste et facile \u00e0 g\u00e9rer, parfaite pour les cultivateurs de tous niveaux.<\/p>\n\n\n\n<p>Ce hybride d\u00e9velopp\u00e9 par les breeders de DNA Genetics, est propos\u00e9 par des banques comme Universal Seeds ou Nirvana. Et sur des sites comme Seedfinder ou Leafly, c&#8217;est l&#8217;une des vari\u00e9t\u00e9s de cannabis les mieux not\u00e9es, se distinguant particuli\u00e8rement par son excellence pour produire du hash gr\u00e2ce \u00e0 la quantit\u00e9 de r\u00e9sine qu&#8217;elle g\u00e9n\u00e8re.<\/p>\n\n\n\n<p>Nicole Kush est v\u00e9ritablement impressionnante. C&#8217;est une plante qui pousse avec vigueur, atteignant une taille moyenne aussi bien en int\u00e9rieur qu&#8217;en ext\u00e9rieur. Sa structure est robuste, avec des entre-n\u0153uds moyens et de grandes feuilles qui, vers la fin de la floraison, prennent des teintes orang\u00e9es et violettes. Les t\u00eates sont allong\u00e9es, denses et compactes, et tendent \u00e9galement \u00e0 prendre des teintes pourpres tr\u00e8s intenses, surtout si les temp\u00e9ratures sont douces.<\/p>\n\n\n\n<h2 class=\"wp-block-heading\">Saveur et Effets<\/h2>\n\n\n\n<p>L&#8217;ar\u00f4me et la saveur de Nicole Kush sont complexes et profond\u00e9ment agr\u00e9ables. En la fumant, on appr\u00e9cie des touches d&#8217;agrumes de citron m\u00fbr et de pamplemousse sucr\u00e9, accompagn\u00e9es de notes fra\u00eeches de menthe et d&#8217;un fond terreux de Kush. Cette combinaison de saveurs fait de chaque bouff\u00e9e une exp\u00e9rience unique et d\u00e9licieuse.<\/p>\n\n\n\n<p>Les effets de Nicole Kush sont <strong>tr\u00e8s puissants et vous feront vivre des montagnes russes de sensations<\/strong>. Au d\u00e9but, vous ressentirez une mont\u00e9e joyeuse et \u00e9nergique qui vous remplira d&#8217;euphorie et de positivit\u00e9. Au fur et \u00e0 mesure que l&#8217;effet progresse, vous sentirez une relaxation profonde et apaisante, parfaite pour d\u00e9connecter et se d\u00e9tendre en fin de journ\u00e9e. \u00c0 des doses \u00e9lev\u00e9es, les effets peuvent \u00eatre soporifiques, vous conduisant \u00e0 un sommeil r\u00e9parateur et profond.<\/p>\n\n\n\n<p>La teneur en THC de Nicole Kush varie entre 15 % et 20 %, garantissant une exp\u00e9rience puissante et durable. En revanche, sa teneur en CBD est faible, g\u00e9n\u00e9ralement inf\u00e9rieure \u00e0 1 %, ce qui en fait une vari\u00e9t\u00e9 plus ax\u00e9e sur l&#8217;effet psychoactif que sur l&#8217;effet th\u00e9rapeutique, bien qu&#8217;elle offre toujours des avantages m\u00e9dicinaux significatifs.<\/p>\n\n\n\n<h3 class=\"wp-block-heading\">Terp\u00e8nes de Nicole Kush<\/h3>\n\n\n\n<p>Les terp\u00e8nes de Nicole Kush jouent un r\u00f4le crucial dans son profil aromatique et ses effets. Les ar\u00f4mes dominants incluent des notes de citron, de menthe et une touche de pamplemousse sucr\u00e9, provenant de terp\u00e8nes comme le limon\u00e8ne et le pin\u00e8ne. Ces terp\u00e8nes ne se contentent pas d&#8217;ajouter \u00e0 sa saveur d\u00e9licieuse, mais contribuent \u00e9galement \u00e0 ses effets th\u00e9rapeutiques.<\/p>\n\n\n\n<p>Le limon\u00e8ne, responsable des ar\u00f4mes d&#8217;agrumes, est connu pour ses propri\u00e9t\u00e9s \u00e9l\u00e9vatrices de l&#8217;humeur et anti-anxi\u00e9t\u00e9. Le pin\u00e8ne, avec son parfum frais de menthe et de pin, aide \u00e0 am\u00e9liorer la m\u00e9moire et la concentration, en plus de poss\u00e9der des propri\u00e9t\u00e9s anti-inflammatoires. Enfin, le myrc\u00e8ne, bien que non mentionn\u00e9 directement dans les ar\u00f4mes, contribue \u00e0 une relaxation profonde et poss\u00e8de des propri\u00e9t\u00e9s s\u00e9datives qui compl\u00e8tent les effets apaisants de Nicole Kush.<\/p>\n\n\n\n<p>Ensemble, ces terp\u00e8nes enrichissent non seulement l&#8217;exp\u00e9rience sensorielle de la consommation de Nicole Kush, mais augmentent \u00e9galement ses avantages th\u00e9rapeutiques, faisant de cette vari\u00e9t\u00e9 une excellente option pour une utilisation r\u00e9cr\u00e9ative ou m\u00e9dicale.<\/p>\n\n\n\n<h2 class=\"wp-block-heading\">Production et Temps de Floraison<\/h2>\n\n\n\n<p>Nicole Kush se distingue non seulement par sa facilit\u00e9 de culture, mais aussi par sa production g\u00e9n\u00e9reuse, tant en int\u00e9rieur qu&#8217;en ext\u00e9rieur. En int\u00e9rieur, cette vari\u00e9t\u00e9 est id\u00e9ale pour toutes les techniques de culture, du SCROG au SOG. Avec seulement 4-5 plantes, vous pouvez couvrir une armoire de 100&#215;100 cm en quelques semaines, obtenant une r\u00e9colte impressionnante. Avec une lampe LED de 300-350 W, il est possible d&#8217;obtenir un rendement allant jusqu&#8217;\u00e0 550 grammes par m\u00e8tre carr\u00e9.<\/p>\n\n\n\n<p>En ext\u00e9rieur, Nicole Kush atteint une taille moyenne de 2 \u00e0 2,5 m\u00e8tres, selon la date de plantation. Malgr\u00e9 sa structure robuste et ses branches fortes, le poids des t\u00eates peut n\u00e9cessiter un support suppl\u00e9mentaire. La production en ext\u00e9rieur est \u00e9galement remarquable, avec des plantes de plus grande taille pouvant produire entre 700 et 900 grammes.<\/p>\n\n\n\n<p>Le temps de floraison de Nicole Kush est relativement court, ce qui la rend attrayante pour les cultivateurs recherchant des r\u00e9sultats rapides. En int\u00e9rieur, la floraison se termine en seulement 8-9 semaines apr\u00e8s le changement de photop\u00e9riode. En ext\u00e9rieur, la r\u00e9colte se fait entre fin septembre et d\u00e9but octobre, faisant de cette vari\u00e9t\u00e9 une option viable pour une large gamme de climats.<\/p>\n\n\n\n<h2 class=\"wp-block-heading\">Comment Cultiver Nicole Kush<\/h2>\n\n\n\n<p>Nicole Kush est l&#8217;une de ces vari\u00e9t\u00e9s qui facilitent la vie du cultivateur. Sa <strong>faible difficult\u00e9 de culture<\/strong> la rend id\u00e9ale pour les d\u00e9butants comme pour les cultivateurs exp\u00e9riment\u00e9s. Cette vari\u00e9t\u00e9 est tr\u00e8s r\u00e9sistante et tol\u00e9rante \u00e0 diff\u00e9rentes techniques de culture, du SCROG au SOG, s&#8217;adaptant parfaitement \u00e0 tout environnement de culture.<\/p>\n\n\n\n<p>Pour obtenir les meilleurs r\u00e9sultats, nous recommandons de cultiver Nicole Kush dans un climat chaud et m\u00e9diterran\u00e9en. Bien qu&#8217;elle puisse \u00e9galement prosp\u00e9rer dans des climats plus froids, elle pr\u00e9f\u00e8re des temp\u00e9ratures douces et stables. En int\u00e9rieur, il est essentiel de maintenir un contr\u00f4le ad\u00e9quat de l&#8217;humidit\u00e9 et de la temp\u00e9rature pour imiter les conditions optimales.<\/p>\n\n\n\n<p>Nicole Kush est <strong>hautement r\u00e9sistante aux parasites et aux maladies<\/strong>, ce qui r\u00e9duit consid\u00e9rablement le risque de probl\u00e8mes pendant la culture. Sa structure robuste et ses grandes feuilles aident \u00e0 prot\u00e9ger les t\u00eates et \u00e0 maintenir la plante en bonne sant\u00e9 tout au long de son cycle de croissance.<\/p>\n\n\n\n<div style=\"height:50px\" aria-hidden=\"true\" class=\"wp-block-spacer uag-hide-mob\"><\/div>\n\n\n\n<div class=\"wp-block-columns is-layout-flex wp-container-core-columns-is-layout-28f84493 wp-block-columns-is-layout-flex\">\n<div class=\"wp-block-column is-layout-flow wp-block-column-is-layout-flow\">\n<p class=\"has-text-align-center has-medium-font-size\"><strong>Ce que nous aimons le plus<\/strong><\/p>\n\n\n\n<ul class=\"wp-block-list\">\n<li>Tr\u00e8s facile \u00e0 cultiver.<\/li>\n\n\n\n<li>Production XXL.<\/li>\n\n\n\n<li>Savoureux go\u00fbt citronn\u00e9 et menthol\u00e9.<\/li>\n\n\n\n<li>Effets tr\u00e8s puissants.<\/li>\n<\/ul>\n<\/div>\n\n\n\n<div class=\"wp-block-column is-layout-flow wp-block-column-is-layout-flow\">\n<p class=\"has-text-align-center has-medium-font-size\"><strong>Ce que nous aimons le moins<\/strong><\/p>\n\n\n\n<ul class=\"wp-block-list\">\n<li>En floraison, l&#8217;odeur est intense.<\/li>\n<\/ul>\n<\/div>\n<\/div>\n\n\n\n<div style=\"height:50px\" aria-hidden=\"true\" class=\"wp-block-spacer uag-hide-mob\"><\/div>\n\n\n\n<h2 class=\"wp-block-heading\">Questions Fr\u00e9quentes<\/h2>\n\n\n\n<p>Si vous avez des questions concernant la culture de ces graines en gros bon march\u00e9, vous trouverez ci-dessous les questions les plus fr\u00e9quemment pos\u00e9es :<\/p>\n\n\n<div id=\"rank-math-faq\" class=\"rank-math-block\">\n<div class=\"rank-math-list \">\n<div id=\"faq-question-1663029074962\" class=\"rank-math-list-item\">\n<h3 class=\"rank-math-question \">Nicole Kush est-elle sativa ou indica ?<\/h3>\n<div class=\"rank-math-answer \">\n\n<p>Nicole Kush est une vari\u00e9t\u00e9 majoritairement Indica, avec 75 % de g\u00e9n\u00e9tique Indica et 25 % Sativa. Les vari\u00e9t\u00e9s Indica, comme Nicole Kush, ont tendance \u00e0 \u00eatre plus compactes et ont des effets plus relaxants et s\u00e9datifs. En revanche, les vari\u00e9t\u00e9s Sativa ont tendance \u00e0 \u00eatre plus grandes et plus fines, avec des effets plus \u00e9nerg\u00e9tiques et euphoriques.<\/p>\n\n<\/div>\n<\/div>\n<div id=\"faq-question-1721728618431\" class=\"rank-math-list-item\">\n<h3 class=\"rank-math-question \">Quel est le croisement de Nicole Kush ?<\/h3>\n<div class=\"rank-math-answer \">\n\n<p>Nicole Kush est le r\u00e9sultat du croisement entre la c\u00e9l\u00e8bre Kosher Kush et Nicole. Ce croisement combine les meilleures caract\u00e9ristiques des deux vari\u00e9t\u00e9s, offrant une plante robuste, facile \u00e0 cultiver et avec des effets tr\u00e8s puissants.<\/p>\n\n<\/div>\n<\/div>\n<div id=\"faq-question-1721728620748\" class=\"rank-math-list-item\">\n<h3 class=\"rank-math-question \">Quand commence la floraison de Nicole Kush ?<\/h3>\n<div class=\"rank-math-answer \">\n\n<p>La floraison de Nicole Kush en ext\u00e9rieur commence au cours des quinze premiers jours d&#8217;ao\u00fbt, selon la latitude de la culture. En int\u00e9rieur, la floraison commence apr\u00e8s le changement de photop\u00e9riode.<\/p>\n\n<\/div>\n<\/div>\n<div id=\"faq-question-1721728621725\" class=\"rank-math-list-item\">\n<h3 class=\"rank-math-question \">Quand r\u00e9colte-t-on Nicole Kush ?<\/h3>\n<div class=\"rank-math-answer \">\n\n<p>Nicole Kush est une vari\u00e9t\u00e9 \u00e0 floraison rapide qui se r\u00e9colte entre fin septembre et d\u00e9but octobre en ext\u00e9rieur. En int\u00e9rieur, la r\u00e9colte se fait environ 8 \u00e0 9 semaines apr\u00e8s le d\u00e9but de la floraison.<\/p>\n\n<\/div>\n<\/div>\n<div id=\"faq-question-1721728622487\" class=\"rank-math-list-item\">\n<h3 class=\"rank-math-question \">Comment cultiver Nicole Kush ?<\/h3>\n<div class=\"rank-math-answer \">\n\n<p>Nicole Kush est tr\u00e8s facile \u00e0 cultiver et tr\u00e8s r\u00e9sistante, id\u00e9ale pour les d\u00e9butants. C&#8217;est une plante robuste, de taille moyenne et avec une production tr\u00e8s \u00e9lev\u00e9e. Elle s&#8217;adapte bien \u00e0 diff\u00e9rentes techniques de culture et est hautement r\u00e9sistante aux parasites et aux maladies.<\/p>\n\n<\/div>\n<\/div>\n<div id=\"faq-question-1721728623860\" class=\"rank-math-list-item\">\n<h3 class=\"rank-math-question \">Quel est le go\u00fbt de Nicole Kush ?<\/h3>\n<div class=\"rank-math-answer \">\n\n<p>Le go\u00fbt de Nicole Kush est complexe et d\u00e9licieux, avec des touches d&#8217;agrumes de citron m\u00fbr et de pamplemousse sucr\u00e9, des notes fra\u00eeches de menthe et un fond terreux de Kush. Chaque bouff\u00e9e offre une exp\u00e9rience sensorielle unique.<\/p>\n\n<\/div>\n<\/div>\n<div id=\"faq-question-1721728624810\" class=\"rank-math-list-item\">\n<h3 class=\"rank-math-question \">Quel est le contenu en cannabino\u00efdes de Nicole Kush ?<\/h3>\n<div class=\"rank-math-answer \">\n\n<p>Nicole Kush a une teneur en THC qui varie entre 15 % et 20 %, offrant une exp\u00e9rience puissante et durable. Sa teneur en CBD est faible, g\u00e9n\u00e9ralement inf\u00e9rieure \u00e0 1 %.<\/p>\n\n<\/div>\n<\/div>\n<div id=\"faq-question-1721728625594\" class=\"rank-math-list-item\">\n<h3 class=\"rank-math-question \">Quels sont les effets de Nicole Kush ?<\/h3>\n<div class=\"rank-math-answer \">\n\n<p>Les effets de Nicole Kush sont tr\u00e8s puissants, commen\u00e7ant par une mont\u00e9e joyeuse et \u00e9nergique suivie d&#8217;une relaxation profonde et apaisante. Elle est parfaite pour d\u00e9connecter et se d\u00e9tendre, et \u00e0 des doses \u00e9lev\u00e9es, elle peut \u00eatre soporifique, procurant un sommeil r\u00e9parateur et profond.<\/p>\n\n<\/div>\n<\/div>\n<\/div>\n<\/div>","protected":false},"excerpt":{"rendered":"<p><strong>Nicole Kush<\/strong> offre une exp\u00e9rience de culture facile et gratifiante avec une <strong>production XXL<\/strong>. Profite de ses puissants effets relaxants et de sa d\u00e9licieuse <strong>saveur citronn\u00e9e et menthol\u00e9e<\/strong>. Id\u00e9ale aussi bien pour les d\u00e9butants que pour les experts, cette vari\u00e9t\u00e9 garantit des <strong>t\u00eates r\u00e9sineuses et color\u00e9es<\/strong> qui feront de chaque r\u00e9colte un v\u00e9ritable joyau.<\/p>\n","protected":false},"featured_media":26596,"comment_status":"open","ping_status":"closed","template":"","meta":{"_acf_changed":false,"inline_featured_image":false,"_uag_custom_page_level_css":""},"product_brand":[],"product_cat":[1125,4112],"product_tag":[],"class_list":{"0":"post-10746","1":"product","2":"type-product","3":"status-publish","4":"has-post-thumbnail","6":"product_cat-graines-feminisees-en-gros","7":"product_cat-graines-de-cannabis-a-1-euro","9":"first","10":"instock","11":"sale","12":"taxable","13":"shipping-taxable","14":"purchasable","15":"product-type-simple"},"acf":[],"uagb_featured_image_src":{"full":["https:\/\/bulkgenetics.com\/wp-content\/uploads\/2022\/10\/nicole-kush-1.jpeg",1600,1600,false],"thumbnail":["https:\/\/bulkgenetics.com\/wp-content\/uploads\/2022\/10\/nicole-kush-1-150x150.jpeg",150,150,true],"medium":["https:\/\/bulkgenetics.com\/wp-content\/uploads\/2022\/10\/nicole-kush-1-300x300.jpeg",300,300,true],"medium_large":["https:\/\/bulkgenetics.com\/wp-content\/uploads\/2022\/10\/nicole-kush-1-768x768.jpeg",768,768,true],"large":["https:\/\/bulkgenetics.com\/wp-content\/uploads\/2022\/10\/nicole-kush-1-1024x1024.jpeg",1024,1024,true],"1536x1536":["https:\/\/bulkgenetics.com\/wp-content\/uploads\/2022\/10\/nicole-kush-1-1536x1536.jpeg",1536,1536,true],"2048x2048":["https:\/\/bulkgenetics.com\/wp-content\/uploads\/2022\/10\/nicole-kush-1.jpeg",1600,1600,false],"commercegurus-pdp-large":["https:\/\/bulkgenetics.com\/wp-content\/uploads\/2022\/10\/nicole-kush-1-990x990.jpeg",990,990,true],"commercegurus-plp-mobile":["https:\/\/bulkgenetics.com\/wp-content\/uploads\/2022\/10\/nicole-kush-1-441x441.jpeg",441,441,true],"cgkit_image_swatch":["https:\/\/bulkgenetics.com\/wp-content\/uploads\/2022\/10\/nicole-kush-1-100x100.jpeg",100,100,true],"woocommerce_thumbnail":["https:\/\/bulkgenetics.com\/wp-content\/uploads\/2022\/10\/nicole-kush-1-300x300.jpeg",300,300,true],"woocommerce_single":["https:\/\/bulkgenetics.com\/wp-content\/uploads\/2022\/10\/nicole-kush-1-800x800.jpeg",800,800,true],"woocommerce_gallery_thumbnail":["https:\/\/bulkgenetics.com\/wp-content\/uploads\/2022\/10\/nicole-kush-1-150x150.jpeg",150,150,true],"dgwt-wcas-product-suggestion":["https:\/\/bulkgenetics.com\/wp-content\/uploads\/2022\/10\/nicole-kush-1-64x64.jpeg",64,64,true]},"uagb_author_info":{"display_name":"Bruno Crespo","author_link":"https:\/\/bulkgenetics.com\/fr\/author\/"},"uagb_comment_info":0,"uagb_excerpt":"Nicole Kush offre une exp\u00e9rience de culture facile et gratifiante avec une production XXL. Profite de ses puissants effets relaxants et de sa d\u00e9licieuse saveur citronn\u00e9e et menthol\u00e9e. Id\u00e9ale aussi bien pour les d\u00e9butants que pour les experts, cette vari\u00e9t\u00e9 garantit des t\u00eates r\u00e9sineuses et color\u00e9es qui feront de chaque r\u00e9colte un v\u00e9ritable joyau.","_links":{"self":[{"href":"https:\/\/bulkgenetics.com\/fr\/wp-json\/wp\/v2\/product\/10746","targetHints":{"allow":["GET"]}}],"collection":[{"href":"https:\/\/bulkgenetics.com\/fr\/wp-json\/wp\/v2\/product"}],"about":[{"href":"https:\/\/bulkgenetics.com\/fr\/wp-json\/wp\/v2\/types\/product"}],"replies":[{"embeddable":true,"href":"https:\/\/bulkgenetics.com\/fr\/wp-json\/wp\/v2\/comments?post=10746"}],"wp:featuredmedia":[{"embeddable":true,"href":"https:\/\/bulkgenetics.com\/fr\/wp-json\/wp\/v2\/media\/26596"}],"wp:attachment":[{"href":"https:\/\/bulkgenetics.com\/fr\/wp-json\/wp\/v2\/media?parent=10746"}],"wp:term":[{"taxonomy":"product_brand","embeddable":true,"href":"https:\/\/bulkgenetics.com\/fr\/wp-json\/wp\/v2\/product_brand?post=10746"},{"taxonomy":"product_cat","embeddable":true,"href":"https:\/\/bulkgenetics.com\/fr\/wp-json\/wp\/v2\/product_cat?post=10746"},{"taxonomy":"product_tag","embeddable":true,"href":"https:\/\/bulkgenetics.com\/fr\/wp-json\/wp\/v2\/product_tag?post=10746"}],"curies":[{"name":"wp","href":"https:\/\/api.w.org\/{rel}","templated":true}]}}