{"id":10748,"date":"2022-10-04T17:35:29","date_gmt":"2022-10-04T15:35:29","guid":{"rendered":"https:\/\/www.bulkgenetics.com\/blue-kush-auto\/"},"modified":"2024-10-08T01:13:46","modified_gmt":"2024-10-07T23:13:46","slug":"blue-kush-auto","status":"publish","type":"product","link":"https:\/\/bulkgenetics.com\/fr\/blue-kush-auto\/","title":{"rendered":"Blue Kush Auto"},"content":{"rendered":"\n<p>Blue Kush Auto est une vari\u00e9t\u00e9 de cannabis autofloraison qui r\u00e9unit deux l\u00e9gendes, la <a href=\"https:\/\/bulkgenetics.com\/fr\/blueberry\/\">Blueberry<\/a> et la <a href=\"https:\/\/bulkgenetics.com\/fr\/og-kush\/\">OG Kush<\/a>. Elle h\u00e9rite des meilleures caract\u00e9ristiques de chacune d&#8217;entre elle, comme le bon go\u00fbt de la Blueberry et les effets puissants de la OG.<\/p>\n\n\n\n<p>C&#8217;est un hybride Indica\/Sativa tr\u00e8s populaire avec lequel de nombreuses banques travaillent, comme Dinafem ou Xtreme Seeds (Blue Kush 99 Auto). La principale diff\u00e9rence avec nos graines en vrac n&#8217;est pas la qualit\u00e9, mais le prix.<\/p>\n\n\n\n<h2 class=\"wp-block-heading\">Comment cultiver la Blue Kush Auto<\/h2>\n\n\n\n<p>C&#8217;est une plante typique de cannabis, elle est tr\u00e8s facile \u00e0 cultiver et ne demande pas beaucoup de soins. Si vous la placez directement dans un grand pot d\u00e8s le premier jour, elle atteindra une grande taille de 1,3 m\u00e8tre. Ce n&#8217;est pas l&#8217;autofloraison la plus discr\u00e8te, mais en termes de rendement, elle est au-dessus de la moyenne.<\/p>\n\n\n\n<p>Il est important d&#8217;<strong>\u00e9viter le rempotage<\/strong>. En effet, cette manipulation repr\u00e9sente un petit stress et certaines plantes ralentissent leur d\u00e9veloppement pendant quelques jours, ce qui affecte leur hauteur finale et leur rendement.<\/p>\n\n\n\n<p>\u00c0 partir de la germination, les graines sont <strong>r\u00e9colt\u00e9es en 70-75 jours au total<\/strong>. Les producteurs peuvent faire deux r\u00e9coltes cons\u00e9cutives pendant la saison ext\u00e9rieure.<\/p>\n\n\n\n<h2 class=\"wp-block-heading\">Caract\u00e9ristiques de la Blue Kush Auto<\/h2>\n\n\n\n<p>Les t\u00eatess sont grandes, tr\u00e8s compactes et super collantes. De la m\u00e8re Blueberry, certains ph\u00e9notypes h\u00e9ritent de belles teintes bleues en fin de floraison, plus intenses dans les climats doux.<\/p>\n\n\n\n<p><strong>La saveur et les ar\u00f4mes<\/strong> sont une grande fusion de notes douces de baies h\u00e9rit\u00e9es de la Berry, avec d&#8217;agr\u00e9ables notes d&#8217;agrumes et de pin de l&#8217;OG. Tout simplement d\u00e9licieux.<\/p>\n\n\n\n<p>Les effets sont puissants et principalement c\u00e9r\u00e9braux. Une vague d&#8217;\u00e9nergie s&#8217;emparera de votre \u00eatre, vous procurant des sensations joyeuses et stimulantes.<\/p>\n\n\n\n<p>Les rendements sont \u00e9lev\u00e9s et, en int\u00e9rieur, n&#8217;importe qui peut r\u00e9colter jusqu&#8217;\u00e0 450 grammes par m\u00b2 avec un syst\u00e8me d&#8217;\u00e9clairage LED de 300W. En ext\u00e9rieur, les plantes plus grandes donneront jusqu&#8217;\u00e0 150 grammes.<\/p>\n\n\n\n<div style=\"height:50px\" aria-hidden=\"true\" class=\"wp-block-spacer uag-hide-mob\"><\/div>\n\n\n\n<div class=\"wp-block-columns is-layout-flex wp-container-core-columns-is-layout-28f84493 wp-block-columns-is-layout-flex\">\n<div class=\"wp-block-column is-layout-flow wp-block-column-is-layout-flow\">\n<p class=\"has-text-align-center has-medium-font-size\"><strong>Ce que nous aimons le plus<\/strong><\/p>\n\n\n\n<ul class=\"wp-block-list\">\n<li>Tr\u00e8s facile \u00e0 cultiver.<\/li>\n\n\n\n<li>Production \u00c9lev\u00e9e.<\/li>\n\n\n\n<li>R\u00e9colte en seulement 70-75 jours.<\/li>\n\n\n\n<li>D\u00e9licieuse saveurs de baies et de citron.<\/li>\n\n\n\n<li>Effets stimulants et \u00e9nerg\u00e9tiques.<\/li>\n\n\n\n<li>Son prix.<\/li>\n<\/ul>\n<\/div>\n\n\n\n<div class=\"wp-block-column is-layout-flow wp-block-column-is-layout-flow\">\n<p class=\"has-text-align-center has-medium-font-size\"><strong>Ce que nous aimons le moins<\/strong><\/p>\n\n\n\n<ul class=\"wp-block-list\">\n<li>Odeur intense en floraison.<\/li>\n<\/ul>\n<\/div>\n<\/div>\n\n\n\n<div style=\"height:50px\" aria-hidden=\"true\" class=\"wp-block-spacer uag-hide-mob\"><\/div>\n\n\n\n<h2 class=\"wp-block-heading\">Questions fr\u00e9quentes<\/h2>\n\n\n\n<p>Si vous avez des questions sur la culture de ces graines en vrac bon march\u00e9, voici les r\u00e9ponses \u00e0 certaines des questions les plus fr\u00e9quemment pos\u00e9es :<\/p>\n\n\n<div id=\"rank-math-faq\" class=\"rank-math-block\">\n<div class=\"rank-math-list \">\n<div id=\"faq-question-1663029074962\" class=\"rank-math-list-item\">\n<h3 class=\"rank-math-question \">Quand commence la floraison de la Blue Kush Auto?<\/h3>\n<div class=\"rank-math-answer \">\n\n<p>Environ 3-4 semaines apr\u00e8s la germination des graines, la phase de floraison commence.<\/p>\n\n<\/div>\n<\/div>\n<div id=\"faq-question-1663029159933\" class=\"rank-math-list-item\">\n<h3 class=\"rank-math-question \">Quand r\u00e9colter la Blue Kush Auto apr\u00e8s la germination ?<\/h3>\n<div class=\"rank-math-answer \">\n\n<p>Il s&#8217;agit d&#8217;une vari\u00e9t\u00e9 de cannabis \u00e0 autofloraison qui se r\u00e9colte en 70-75 jours au total.<\/p>\n\n<\/div>\n<\/div>\n<div id=\"faq-question-1663029165861\" class=\"rank-math-list-item\">\n<h3 class=\"rank-math-question \">Comment cultiver la Blue Kush Auto f\u00e9minis\u00e9e ?<\/h3>\n<div class=\"rank-math-answer \">\n\n<p>C&#8217;est une plante qui ne demande pas beaucoup de soins. Si vous voulez de grandes plantes, utilisez un grand pot d\u00e8s le d\u00e9part.<\/p>\n\n<\/div>\n<\/div>\n<div id=\"faq-question-1666780029954\" class=\"rank-math-list-item\">\n<h3 class=\"rank-math-question \">Quels sont les effets de la Blue Kush Auto en vrac ?<\/h3>\n<div class=\"rank-math-answer \">\n\n<p>Les effets sont puissants, tr\u00e8s \u00e9nergiques, stimulants et joyeux. C&#8217;est une vari\u00e9t\u00e9 parfaite \u00e0 fumer pendant la journ\u00e9e en bonne compagnie.<\/p>\n\n<\/div>\n<\/div>\n<\/div>\n<\/div>","protected":false},"excerpt":{"rendered":"<p>Blue Kush Auto est une vari\u00e9t\u00e9 autofloraison qui combine deux l\u00e9gendes que sont la Blueberry et la OG Kush. Elle est facile \u00e0 cultiver \u00e0 l&#8217;int\u00e9rieur comme \u00e0 l&#8217;ext\u00e9rieur, avec une hauteur discr\u00e8te de 80 \u00e0 100 cm, et un cycle de vie tr\u00e8s court. En seulement 70-75 jours \u00e0 partir de la germination, vous r\u00e9colterez de grosses t\u00eates allong\u00e9es recouvertes d&#8217;une couche de r\u00e9sine \u00e9paisse et brillante. Son go\u00fbt est un pur spectacle, avec des notes de myrtilles et de citron intenses. Les effets sont tr\u00e8s puissants, formidablement stimulants et excitants, et am\u00e9lioreront les relations amoureuses jusqu&#8217;\u00e0 des limites insoup\u00e7onn\u00e9es.<\/p>\n","protected":false},"featured_media":11031,"comment_status":"open","ping_status":"closed","template":"","meta":{"_acf_changed":false,"inline_featured_image":false,"_uag_custom_page_level_css":""},"product_brand":[],"product_cat":[2265],"product_tag":[],"class_list":{"0":"post-10748","1":"product","2":"type-product","3":"status-publish","4":"has-post-thumbnail","6":"product_cat-graines-autofloraison-en-gros","8":"first","9":"instock","10":"taxable","11":"shipping-taxable","12":"purchasable","13":"product-type-simple"},"acf":[],"uagb_featured_image_src":{"full":["https:\/\/bulkgenetics.com\/wp-content\/uploads\/2022\/10\/blue-kush-auto.jpg",1600,1600,false],"thumbnail":["https:\/\/bulkgenetics.com\/wp-content\/uploads\/2022\/10\/blue-kush-auto-150x150.jpg",150,150,true],"medium":["https:\/\/bulkgenetics.com\/wp-content\/uploads\/2022\/10\/blue-kush-auto-300x300.jpg",300,300,true],"medium_large":["https:\/\/bulkgenetics.com\/wp-content\/uploads\/2022\/10\/blue-kush-auto-768x768.jpg",768,768,true],"large":["https:\/\/bulkgenetics.com\/wp-content\/uploads\/2022\/10\/blue-kush-auto-1024x1024.jpg",1024,1024,true],"1536x1536":["https:\/\/bulkgenetics.com\/wp-content\/uploads\/2022\/10\/blue-kush-auto-1536x1536.jpg",1536,1536,true],"2048x2048":["https:\/\/bulkgenetics.com\/wp-content\/uploads\/2022\/10\/blue-kush-auto.jpg",1600,1600,false],"commercegurus-pdp-large":["https:\/\/bulkgenetics.com\/wp-content\/uploads\/2022\/10\/blue-kush-auto-990x990.jpg",990,990,true],"commercegurus-plp-mobile":["https:\/\/bulkgenetics.com\/wp-content\/uploads\/2022\/10\/blue-kush-auto-441x441.jpg",441,441,true],"cgkit_image_swatch":["https:\/\/bulkgenetics.com\/wp-content\/uploads\/2022\/10\/blue-kush-auto-100x100.jpg",100,100,true],"woocommerce_thumbnail":["https:\/\/bulkgenetics.com\/wp-content\/uploads\/2022\/10\/blue-kush-auto-300x300.jpg",300,300,true],"woocommerce_single":["https:\/\/bulkgenetics.com\/wp-content\/uploads\/2022\/10\/blue-kush-auto-800x800.jpg",800,800,true],"woocommerce_gallery_thumbnail":["https:\/\/bulkgenetics.com\/wp-content\/uploads\/2022\/10\/blue-kush-auto-150x150.jpg",150,150,true],"dgwt-wcas-product-suggestion":["https:\/\/bulkgenetics.com\/wp-content\/uploads\/2022\/10\/blue-kush-auto-64x64.jpg",64,64,true]},"uagb_author_info":{"display_name":"J\u00e9r\u00f4me","author_link":"https:\/\/bulkgenetics.com\/fr\/author\/"},"uagb_comment_info":0,"uagb_excerpt":"Blue Kush Auto est une vari\u00e9t\u00e9 autofloraison qui combine deux l\u00e9gendes que sont la Blueberry et la OG Kush. Elle est facile \u00e0 cultiver \u00e0 l'int\u00e9rieur comme \u00e0 l'ext\u00e9rieur, avec une hauteur discr\u00e8te de 80 \u00e0 100 cm, et un cycle de vie tr\u00e8s court. En seulement 70-75 jours \u00e0 partir de la germination, vous\u2026","_links":{"self":[{"href":"https:\/\/bulkgenetics.com\/fr\/wp-json\/wp\/v2\/product\/10748","targetHints":{"allow":["GET"]}}],"collection":[{"href":"https:\/\/bulkgenetics.com\/fr\/wp-json\/wp\/v2\/product"}],"about":[{"href":"https:\/\/bulkgenetics.com\/fr\/wp-json\/wp\/v2\/types\/product"}],"replies":[{"embeddable":true,"href":"https:\/\/bulkgenetics.com\/fr\/wp-json\/wp\/v2\/comments?post=10748"}],"wp:featuredmedia":[{"embeddable":true,"href":"https:\/\/bulkgenetics.com\/fr\/wp-json\/wp\/v2\/media\/11031"}],"wp:attachment":[{"href":"https:\/\/bulkgenetics.com\/fr\/wp-json\/wp\/v2\/media?parent=10748"}],"wp:term":[{"taxonomy":"product_brand","embeddable":true,"href":"https:\/\/bulkgenetics.com\/fr\/wp-json\/wp\/v2\/product_brand?post=10748"},{"taxonomy":"product_cat","embeddable":true,"href":"https:\/\/bulkgenetics.com\/fr\/wp-json\/wp\/v2\/product_cat?post=10748"},{"taxonomy":"product_tag","embeddable":true,"href":"https:\/\/bulkgenetics.com\/fr\/wp-json\/wp\/v2\/product_tag?post=10748"}],"curies":[{"name":"wp","href":"https:\/\/api.w.org\/{rel}","templated":true}]}}