{"id":10750,"date":"2022-10-04T17:32:50","date_gmt":"2022-10-04T15:32:50","guid":{"rendered":"https:\/\/www.bulkgenetics.com\/white-russian-auto\/"},"modified":"2024-10-08T01:13:47","modified_gmt":"2024-10-07T23:13:47","slug":"russian-snow-auto","status":"publish","type":"product","link":"https:\/\/bulkgenetics.com\/fr\/russian-snow-auto\/","title":{"rendered":"Russian Snow Auto"},"content":{"rendered":"\n<p><strong>Russian Snow Auto<\/strong> est notre version autofloraison de l&#8217;une des vari\u00e9t\u00e9s n\u00e9erlandaises les plus r\u00e9sineuses et productives, laur\u00e9ate d&#8217;une HighTimes Cannabis Cup en 1996.<\/p>\n\n\n\n<p>La <strong>Russian Snow <\/strong>est l&#8217;une des stars de Serious Seeds, d\u00e9velopp\u00e9e en combinant leur meilleure <a href=\"https:\/\/bulkgenetics.com\/fr\/ak-47\/\">AK47<\/a> et une <a href=\"https:\/\/bulkgenetics.com\/fr\/white-widow\/\">White Widow<\/a>.<\/p>\n\n\n\n<p>Depuis son apparition au milieu des ann\u00e9es 90, elle repr\u00e9sente l&#8217;<strong>objet du d\u00e9sir de tous les cultivateurs<\/strong>. En particulier en hydroponie, c&#8217;est l&#8217;une des vari\u00e9t\u00e9s de cannabis ayant les rendements les plus \u00e9lev\u00e9s.<\/p>\n\n\n\n<h2 class=\"wp-block-heading\">Comment cultiver la Russian Snow Auto<\/h2>\n\n\n\n<p>Elle est tr\u00e8s facile \u00e0 cultiver et ne n\u00e9cessite pas beaucoup de soins, m\u00eame les cultivateurs novices obtiendront des <strong>plantes \u00e0 croissance rapide et r\u00e9sistantes<\/strong>.<\/p>\n\n\n\n<p>Sa taille est tr\u00e8s discr\u00e8te, <strong>ne d\u00e9passant g\u00e9n\u00e9ralement pas 110 cm<\/strong>, une hauteur id\u00e9ale pour les petites terrasses ou les balcons, o\u00f9 elle passera inaper\u00e7ue.<\/p>\n\n\n\n<p>Il est pr\u00e9f\u00e9rable de cultiver les plantes autofloraisons dans un grand pot d\u00e8s le premier jour. Si le rempotage est \u00e9vit\u00e9, les plantes deviendront plus grandes avant le d\u00e9but de la floraison.<\/p>\n\n\n\n<p>Au total, <strong>il faut environ 70-75 jours entre la germination des graines et la r\u00e9colte<\/strong>. Deux cultures en ext\u00e9rieur peuvent \u00eatre r\u00e9alis\u00e9es pendant les mois de printemps et d&#8217;\u00e9t\u00e9, m\u00eame trois si le mois d&#8217;octobre est sec.<\/p>\n\n\n\n<h2 class=\"wp-block-heading\">Caract\u00e9ristiques de la Russian Snow Auto<\/h2>\n\n\n\n<p>Elle produit de grosses t\u00eates dures et arrondies comme des balles de golf, mais surtout beaucoup, beaucoup de r\u00e9sine. Un choix privil\u00e9gi\u00e9 par les amateurs d&#8217;extractions qui l&#8217;appr\u00e9cieront tout particuli\u00e8rement.<\/p>\n\n\n\n<p><strong>Son go\u00fbt est tr\u00e8s exotique et tropical<\/strong>. Elle a des touches tr\u00e8s skunky avec des notes sucr\u00e9es, fruit\u00e9es et florales tr\u00e8s intenses et app\u00e9tissantes.<\/p>\n\n\n\n<p><strong>Les effets sont puissants et quelques bouff\u00e9es suffisent<\/strong> pour que votre corps soit frapp\u00e9 par une vague \u00e9nerg\u00e9tique, stimulante et cr\u00e9ative. Apr\u00e8s un moment, le tout devient plus relaxant et apaisant.<\/p>\n\n\n\n<p><strong>Les rendements sont \u00e9lev\u00e9s<\/strong>. En ext\u00e9rieur, les plus grandes plantes produisent jusqu&#8217;\u00e0 <strong>150 grammes par plante<\/strong>. En culture int\u00e9rieure, elle peut produire jusqu&#8217;\u00e0 <strong>550 grammes par m\u00b2<\/strong> avec une lampe LED de 300 \u00e0 350 watts.<\/p>\n\n\n\n<div style=\"height:50px\" aria-hidden=\"true\" class=\"wp-block-spacer uag-hide-mob\"><\/div>\n\n\n\n<div class=\"wp-block-columns is-layout-flex wp-container-core-columns-is-layout-28f84493 wp-block-columns-is-layout-flex\">\n<div class=\"wp-block-column is-layout-flow wp-block-column-is-layout-flow\">\n<p class=\"has-text-align-center has-medium-font-size\"><strong>Ce qui nous pla\u00eet le plus<\/strong><\/p>\n\n\n\n<ul class=\"wp-block-list\">\n<li>Tr\u00e8s facile \u00e0 cultiver.<\/li>\n\n\n\n<li>Production \u00e9lev\u00e9e.<\/li>\n\n\n\n<li>R\u00e9colte en 10 semaines.<\/li>\n\n\n\n<li>Effets tr\u00e8s puissants.<\/li>\n\n\n\n<li>Son prix.<\/li>\n<\/ul>\n<\/div>\n\n\n\n<div class=\"wp-block-column is-layout-flow wp-block-column-is-layout-flow\">\n<p class=\"has-text-align-center has-medium-font-size\"><strong>Ce qui nous pla\u00eet le moins<\/strong><\/p>\n\n\n\n<ul class=\"wp-block-list\">\n<li>Odeur intense en floraison.<\/li>\n<\/ul>\n<\/div>\n<\/div>\n\n\n\n<div style=\"height:50px\" aria-hidden=\"true\" class=\"wp-block-spacer uag-hide-mob\"><\/div>\n\n\n\n<h2 class=\"wp-block-heading\">Questions fr\u00e9quentes<\/h2>\n\n\n\n<p>Vous trouverez ci-dessous les r\u00e9ponses aux questions les plus fr\u00e9quemment pos\u00e9es par les cultivateurs int\u00e9ress\u00e9s par cette vari\u00e9t\u00e9 de cannabis autofleurissante :<\/p>\n\n\n<div id=\"rank-math-faq\" class=\"rank-math-block\">\n<div class=\"rank-math-list \">\n<div id=\"faq-question-1663029074962\" class=\"rank-math-list-item\">\n<h3 class=\"rank-math-question \">Quand commence la floraison de la Russian Snow Auto?<\/h3>\n<div class=\"rank-math-answer \">\n\n<p>La floraison commence 3 \u00e0 4 semaines apr\u00e8s la germination.<\/p>\n\n<\/div>\n<\/div>\n<div id=\"faq-question-1663029159933\" class=\"rank-math-list-item\">\n<h3 class=\"rank-math-question \">Quand r\u00e9colter la Russian Snow Auto depuis la germination ?<\/h3>\n<div class=\"rank-math-answer \">\n\n<p>Elle se r\u00e9colte 70 \u00e0 74 jours apr\u00e8s la germiantion. <\/p>\n\n<\/div>\n<\/div>\n<div id=\"faq-question-1663029165861\" class=\"rank-math-list-item\">\n<h3 class=\"rank-math-question \">Comment cultiver la Russian Snow Auto f\u00e9minis\u00e9e ?<\/h3>\n<div class=\"rank-math-answer \">\n\n<p>C&#8217;est une vari\u00e9t\u00e9 de cannabis tr\u00e8s simple \u00e0 cultiver et discr\u00e8te. Si elle est cultiv\u00e9e dans un grand pot d\u00e8s le d\u00e9but, elle atteindra une hauteur de 110 cm et un rendement de 150 grammes.<\/p>\n\n<\/div>\n<\/div>\n<div id=\"faq-question-1666780029954\" class=\"rank-math-list-item\">\n<h3 class=\"rank-math-question \">Quels sont les effets de la Russian Snow Auto en vrac ?<\/h3>\n<div class=\"rank-math-answer \">\n\n<p>Elle a un effet puissant, tr\u00e8s \u00e9nergique, euphorique et cr\u00e9atif, avec une fin lente et relaxante.<\/p>\n\n<\/div>\n<\/div>\n<\/div>\n<\/div>","protected":false},"excerpt":{"rendered":"<p>Russian Snow Auto est la version autofleurrissante la plus rapide de la grande l\u00e9gende de Serious Seeds. C&#8217;est une vari\u00e9te \u00e0 dominance indica, tr\u00e8s facile \u00e0 cultiver et r\u00e9sistante. Avec une hauteur comprise entre 80 et 110 cm, elle est \u00e9galement tr\u00e8s discr\u00e8te et id\u00e9ale pour les petites terrasses ou les balcons. Apr\u00e9s 70-75 jours \u00e0 partir de la germination, vous r\u00e9colterez des t\u00eates denses et tr\u00e8s collantes avec un ar\u00f4me et une saveur tr\u00e8s fruit\u00e9s et florale, accompagn\u00e9s de notes <em>skunky<\/em>. Les effets sont tr\u00e8s puissants, elle rechargera vos batteries \u00e0 tout moment de la journ\u00e9e, vous donnant de l&#8217;\u00e9nergie avec un l\u00e9ger effet relaxant.<\/p>\n","protected":false},"featured_media":23919,"comment_status":"open","ping_status":"closed","template":"","meta":{"_acf_changed":false,"inline_featured_image":false,"_uag_custom_page_level_css":""},"product_brand":[],"product_cat":[2265],"product_tag":[],"class_list":{"0":"post-10750","1":"product","2":"type-product","3":"status-publish","4":"has-post-thumbnail","6":"product_cat-graines-autofloraison-en-gros","8":"first","9":"instock","10":"taxable","11":"shipping-taxable","12":"purchasable","13":"product-type-simple"},"acf":[],"uagb_featured_image_src":{"full":["https:\/\/bulkgenetics.com\/wp-content\/uploads\/2022\/10\/auto-russian-snow.jpg",1600,1600,false],"thumbnail":["https:\/\/bulkgenetics.com\/wp-content\/uploads\/2022\/10\/auto-russian-snow-150x150.jpg",150,150,true],"medium":["https:\/\/bulkgenetics.com\/wp-content\/uploads\/2022\/10\/auto-russian-snow-300x300.jpg",300,300,true],"medium_large":["https:\/\/bulkgenetics.com\/wp-content\/uploads\/2022\/10\/auto-russian-snow-768x768.jpg",768,768,true],"large":["https:\/\/bulkgenetics.com\/wp-content\/uploads\/2022\/10\/auto-russian-snow-1024x1024.jpg",1024,1024,true],"1536x1536":["https:\/\/bulkgenetics.com\/wp-content\/uploads\/2022\/10\/auto-russian-snow-1536x1536.jpg",1536,1536,true],"2048x2048":["https:\/\/bulkgenetics.com\/wp-content\/uploads\/2022\/10\/auto-russian-snow.jpg",1600,1600,false],"commercegurus-pdp-large":["https:\/\/bulkgenetics.com\/wp-content\/uploads\/2022\/10\/auto-russian-snow-990x990.jpg",990,990,true],"commercegurus-plp-mobile":["https:\/\/bulkgenetics.com\/wp-content\/uploads\/2022\/10\/auto-russian-snow-441x441.jpg",441,441,true],"cgkit_image_swatch":["https:\/\/bulkgenetics.com\/wp-content\/uploads\/2022\/10\/auto-russian-snow-100x100.jpg",100,100,true],"woocommerce_thumbnail":["https:\/\/bulkgenetics.com\/wp-content\/uploads\/2022\/10\/auto-russian-snow-300x300.jpg",300,300,true],"woocommerce_single":["https:\/\/bulkgenetics.com\/wp-content\/uploads\/2022\/10\/auto-russian-snow-800x800.jpg",800,800,true],"woocommerce_gallery_thumbnail":["https:\/\/bulkgenetics.com\/wp-content\/uploads\/2022\/10\/auto-russian-snow-150x150.jpg",150,150,true],"dgwt-wcas-product-suggestion":["https:\/\/bulkgenetics.com\/wp-content\/uploads\/2022\/10\/auto-russian-snow-64x64.jpg",64,64,true]},"uagb_author_info":{"display_name":"\u00c1ngel Flores","author_link":"https:\/\/bulkgenetics.com\/fr\/author\/"},"uagb_comment_info":0,"uagb_excerpt":"Russian Snow Auto est la version autofleurrissante la plus rapide de la grande l\u00e9gende de Serious Seeds. C'est une vari\u00e9te \u00e0 dominance indica, tr\u00e8s facile \u00e0 cultiver et r\u00e9sistante. Avec une hauteur comprise entre 80 et 110 cm, elle est \u00e9galement tr\u00e8s discr\u00e8te et id\u00e9ale pour les petites terrasses ou les balcons. Apr\u00e9s 70-75 jours\u2026","_links":{"self":[{"href":"https:\/\/bulkgenetics.com\/fr\/wp-json\/wp\/v2\/product\/10750","targetHints":{"allow":["GET"]}}],"collection":[{"href":"https:\/\/bulkgenetics.com\/fr\/wp-json\/wp\/v2\/product"}],"about":[{"href":"https:\/\/bulkgenetics.com\/fr\/wp-json\/wp\/v2\/types\/product"}],"replies":[{"embeddable":true,"href":"https:\/\/bulkgenetics.com\/fr\/wp-json\/wp\/v2\/comments?post=10750"}],"wp:featuredmedia":[{"embeddable":true,"href":"https:\/\/bulkgenetics.com\/fr\/wp-json\/wp\/v2\/media\/23919"}],"wp:attachment":[{"href":"https:\/\/bulkgenetics.com\/fr\/wp-json\/wp\/v2\/media?parent=10750"}],"wp:term":[{"taxonomy":"product_brand","embeddable":true,"href":"https:\/\/bulkgenetics.com\/fr\/wp-json\/wp\/v2\/product_brand?post=10750"},{"taxonomy":"product_cat","embeddable":true,"href":"https:\/\/bulkgenetics.com\/fr\/wp-json\/wp\/v2\/product_cat?post=10750"},{"taxonomy":"product_tag","embeddable":true,"href":"https:\/\/bulkgenetics.com\/fr\/wp-json\/wp\/v2\/product_tag?post=10750"}],"curies":[{"name":"wp","href":"https:\/\/api.w.org\/{rel}","templated":true}]}}