{"id":10751,"date":"2022-10-04T17:32:21","date_gmt":"2022-10-04T15:32:21","guid":{"rendered":"https:\/\/www.bulkgenetics.com\/runtz-muffin-xl-auto\/"},"modified":"2024-10-08T01:13:47","modified_gmt":"2024-10-07T23:13:47","slug":"runtz-muffin-xl-auto","status":"publish","type":"product","link":"https:\/\/bulkgenetics.com\/fr\/runtz-muffin-xl-auto\/","title":{"rendered":"Runtz Muffin XL Auto"},"content":{"rendered":"\n<p><strong>Runtz Muffin XL Auto<\/strong> est la version d&#8217;une des vari\u00e9t\u00e9s les plus en vogue ces derni\u00e8res ann\u00e9es, c\u00e9l\u00e8bre \u00e0 la fois pour son go\u00fbt exceptionnel et ses effets puissants.<\/p>\n\n\n\n<p>Runtz Muffin est un croisement hybride \u00e0 dominance Indica entre <a href=\"https:\/\/bulkgenetics.com\/fr\/runtz\/\">Runtz<\/a> (Zkittlez et Gelato) et <strong>Orange Punch<\/strong> (Larry OG x Granddaddy Purple).<\/p>\n\n\n\n<p>C&#8217;est une vari\u00e9t\u00e9 tr\u00e8s populaire qui a donn\u00e9 naissance \u00e0 des vari\u00e9t\u00e9s autofloraisons g\u00e9antes comme la Skywalker OG Runtz XL Auto ou la Runtz XL Auto de Sweet Seeds. La principale diff\u00e9rence est que nos graines de cannabis en vrac sont les moins ch\u00e8res.<\/p>\n\n\n\n<h2 class=\"wp-block-heading\">Comment cultiver la Runtz Muffin XL Auto<\/h2>\n\n\n\n<p>C&#8217;est une plante que tout cultivateur appr\u00e9cie pour sa vigueur et sa r\u00e9sistance. <strong>Sa hauteur maximale de 110 cm<\/strong> la rend tr\u00e8s discr\u00e8te et parfaite pour les terrasses ou les balcons.<\/p>\n\n\n\n<p>Les cultivateurs optent g\u00e9n\u00e9ralement pour un grand pot d\u00e8s le d\u00e9part. Le rempotage est un peu stressant et les plantes peuvent r\u00e9agir en ralentissant leur croissance pendant quelques jours.<\/p>\n\n\n\n<p>\u00c0 partir du moment o\u00f9 les graines ont germ\u00e9es, il faut <strong>attendre 9 semaines seulement pour r\u00e9colter de belles fleurs<\/strong>. Comme elle est tr\u00e8s rapide, vous pouvez obtenir jusqu&#8217;\u00e0 3 r\u00e9coltes cons\u00e9cutives pendant les mois de printemps et d&#8217;\u00e9t\u00e9.<\/p>\n\n\n\n<h2 class=\"wp-block-heading\">Caract\u00e9ristiques de la Runtz Muffin XL Auto<\/h2>\n\n\n\n<p>Les fleurs sont grosses et allong\u00e9es comme des bouteilles de soda, avec <strong>de belles couleurs violettes<\/strong>, qui s&#8217;accentuent avec des temp\u00e9ratures douces vers la fin de la floraison. Elles sont tr\u00e8s r\u00e9sineuses, m\u00eame les feuilles qui les entourent accumulent une couche spectaculaire de trichomes.<\/p>\n\n\n\n<p><strong>La saveur et l&#8217;ar\u00f4me<\/strong> sont un d\u00e9lice, avec des notes sucr\u00e9es, florales et fruit\u00e9es avec de l\u00e9g\u00e8res touches d&#8217;agrumes et d&#8217;orange h\u00e9rit\u00e9es de sa m\u00e8re Orange Punch.<\/p>\n\n\n\n<p><strong>Les effets sont puissants<\/strong> en raison de son taux \u00e9lev\u00e9 de THC, proche de 20 %. Elle procure un high \u00e9nergique, tr\u00e8s joyeux, puis descend lentement vers des sensations plus calmes et plus relaxantes.<\/p>\n\n\n\n<p>Les rendements sont \u00e9lev\u00e9s malgr\u00e9 sa taille compacte et discr\u00e8te. En ext\u00e9rieur, les plus grandes plantes produisent jusqu&#8217;\u00e0 150 grammes par plante. En int\u00e9rieur, tous les cultivateurs peuvent produire jusqu&#8217;\u00e0 550 grammes par m\u00b2 avec une ampoule LED de 300-350 W.<\/p>\n\n\n\n<div style=\"height:50px\" aria-hidden=\"true\" class=\"wp-block-spacer uag-hide-mob\"><\/div>\n\n\n\n<div class=\"wp-block-columns is-layout-flex wp-container-core-columns-is-layout-28f84493 wp-block-columns-is-layout-flex\">\n<div class=\"wp-block-column is-layout-flow wp-block-column-is-layout-flow\">\n<p class=\"has-text-align-center has-medium-font-size\"><strong>Ce qui nous pla\u00eet le plus<\/strong><\/p>\n\n\n\n<ul class=\"wp-block-list\">\n<li>Tr\u00e8s facile \u00e0 cultiver.<\/li>\n\n\n\n<li>Discr\u00e8te.<\/li>\n\n\n\n<li>Production \u00e9lev\u00e9e.<\/li>\n\n\n\n<li>Se r\u00e9colte en 9 semaines seulement.<\/li>\n\n\n\n<li>Effets \u00e9quilibr\u00e9s et tr\u00e8s puissants.<\/li>\n\n\n\n<li>Son prix.<\/li>\n<\/ul>\n<\/div>\n\n\n\n<div class=\"wp-block-column is-layout-flow wp-block-column-is-layout-flow\">\n<p class=\"has-text-align-center has-medium-font-size\"><strong>Ce qui nous pla\u00eet le moins<\/strong><\/p>\n\n\n\n<ul class=\"wp-block-list\">\n<li>Odeur intense en floraison.<\/li>\n\n\n\n<li>Tr\u00e8s puissante.<\/li>\n<\/ul>\n<\/div>\n<\/div>\n\n\n\n<div style=\"height:50px\" aria-hidden=\"true\" class=\"wp-block-spacer uag-hide-mob\"><\/div>\n\n\n\n<h2 class=\"wp-block-heading\">Questions fr\u00e9quentes<\/h2>\n\n\n\n<p>Vous trouverez ci-dessous les r\u00e9ponses aux questions les plus fr\u00e9quemment pos\u00e9es par les cultivateurs int\u00e9ress\u00e9s par ces g\u00e9n\u00e9tiques :<\/p>\n\n\n<div id=\"rank-math-faq\" class=\"rank-math-block\">\n<div class=\"rank-math-list \">\n<div id=\"faq-question-1663029074962\" class=\"rank-math-list-item\">\n<h3 class=\"rank-math-question \">Quand commence la floraison de la Runtz Muffin XL Auto?<\/h3>\n<div class=\"rank-math-answer \">\n\n<p>La floraison commence entre la troisi\u00e8me et la quatri\u00e8me semaine apr\u00e8s la germination des graines.<\/p>\n\n<\/div>\n<\/div>\n<div id=\"faq-question-1663029159933\" class=\"rank-math-list-item\">\n<h3 class=\"rank-math-question \">Quand r\u00e9colter la Runtz Muffin XL Auto apr\u00e8s la germination ?<\/h3>\n<div class=\"rank-math-answer \">\n\n<p>C&#8217;est une vari\u00e9t\u00e9 de cannabis autofloraison tr\u00e8s rapide qui se r\u00e9colte en 9 semaines au total.<\/p>\n\n<\/div>\n<\/div>\n<div id=\"faq-question-1663029165861\" class=\"rank-math-list-item\">\n<h3 class=\"rank-math-question \">Comment cultiver la  Runtz Muffin XL Auto f\u00e9minis\u00e9e ?<\/h3>\n<div class=\"rank-math-answer \">\n\n<p>C&#8217;est une vari\u00e9t\u00e9 de cannabis discr\u00e8te, facile \u00e0 cultiver et r\u00e9sistante. Utilisez un grand pot d\u00e8s le d\u00e9part pour obtenir les plantes les plus grandes et les plus productives.<\/p>\n\n<\/div>\n<\/div>\n<div id=\"faq-question-1666780029954\" class=\"rank-math-list-item\">\n<h3 class=\"rank-math-question \">Quels sont les effets de la Runtz Muffin XL Auto en vrac ?<\/h3>\n<div class=\"rank-math-answer \">\n\n<p>Elle a un effet tr\u00e8s puissant. Un high tr\u00e8s \u00e9nergique et positif qui est suivi d&#8217;un effet relaxant de longue dur\u00e9e.<\/p>\n\n<\/div>\n<\/div>\n<\/div>\n<\/div>","protected":false},"excerpt":{"rendered":"<p>Runtz Muffin XL Auto est l&#8217;une des vari\u00e9t\u00e9s autofloraisons les plus puissantes, avec des taux de THC atteignant 25% pour certaines plantes. C&#8217;est une sg\u00e9n\u00e9tique qui pousse tr\u00e8s vite et dont la taille tr\u00e8s discr\u00e8te d\u00e9passe \u00e0 peine un m\u00e8tre. Elle a un cycle de vie tr\u00e8s court et est r\u00e9colt\u00e9 en 9 semaines au total. Elle produit de grosses t\u00eates avec beaucoup de r\u00e9sine, avec un ar\u00f4me fruit\u00e9, sucr\u00e9 et floral intense et enivrant. Les effets sont tr\u00e8s puissants, trop puissants m\u00eame pour les plus exp\u00e9riment\u00e9s. Une vague de paix relaxante vous fera flotter dans un oc\u00e9an calme pendant de longues heures.<\/p>\n","protected":false},"featured_media":18717,"comment_status":"open","ping_status":"closed","template":"","meta":{"_acf_changed":false,"inline_featured_image":false,"_uag_custom_page_level_css":""},"product_brand":[],"product_cat":[2265],"product_tag":[],"class_list":{"0":"post-10751","1":"product","2":"type-product","3":"status-publish","4":"has-post-thumbnail","6":"product_cat-graines-autofloraison-en-gros","8":"first","9":"instock","10":"taxable","11":"shipping-taxable","12":"purchasable","13":"product-type-simple"},"acf":[],"uagb_featured_image_src":{"full":["https:\/\/bulkgenetics.com\/wp-content\/uploads\/2022\/10\/Runtz-Muffin-XL-Auto.jpg",1600,1600,false],"thumbnail":["https:\/\/bulkgenetics.com\/wp-content\/uploads\/2022\/10\/Runtz-Muffin-XL-Auto-150x150.jpg",150,150,true],"medium":["https:\/\/bulkgenetics.com\/wp-content\/uploads\/2022\/10\/Runtz-Muffin-XL-Auto-300x300.jpg",300,300,true],"medium_large":["https:\/\/bulkgenetics.com\/wp-content\/uploads\/2022\/10\/Runtz-Muffin-XL-Auto-768x768.jpg",768,768,true],"large":["https:\/\/bulkgenetics.com\/wp-content\/uploads\/2022\/10\/Runtz-Muffin-XL-Auto-1024x1024.jpg",1024,1024,true],"1536x1536":["https:\/\/bulkgenetics.com\/wp-content\/uploads\/2022\/10\/Runtz-Muffin-XL-Auto-1536x1536.jpg",1536,1536,true],"2048x2048":["https:\/\/bulkgenetics.com\/wp-content\/uploads\/2022\/10\/Runtz-Muffin-XL-Auto.jpg",1600,1600,false],"commercegurus-pdp-large":["https:\/\/bulkgenetics.com\/wp-content\/uploads\/2022\/10\/Runtz-Muffin-XL-Auto-990x990.jpg",990,990,true],"commercegurus-plp-mobile":["https:\/\/bulkgenetics.com\/wp-content\/uploads\/2022\/10\/Runtz-Muffin-XL-Auto-441x441.jpg",441,441,true],"cgkit_image_swatch":["https:\/\/bulkgenetics.com\/wp-content\/uploads\/2022\/10\/Runtz-Muffin-XL-Auto-100x100.jpg",100,100,true],"woocommerce_thumbnail":["https:\/\/bulkgenetics.com\/wp-content\/uploads\/2022\/10\/Runtz-Muffin-XL-Auto-300x300.jpg",300,300,true],"woocommerce_single":["https:\/\/bulkgenetics.com\/wp-content\/uploads\/2022\/10\/Runtz-Muffin-XL-Auto-800x800.jpg",800,800,true],"woocommerce_gallery_thumbnail":["https:\/\/bulkgenetics.com\/wp-content\/uploads\/2022\/10\/Runtz-Muffin-XL-Auto-150x150.jpg",150,150,true],"dgwt-wcas-product-suggestion":["https:\/\/bulkgenetics.com\/wp-content\/uploads\/2022\/10\/Runtz-Muffin-XL-Auto-64x64.jpg",64,64,true]},"uagb_author_info":{"display_name":"J\u00e9r\u00f4me","author_link":"https:\/\/bulkgenetics.com\/fr\/author\/"},"uagb_comment_info":0,"uagb_excerpt":"Runtz Muffin XL Auto est l'une des vari\u00e9t\u00e9s autofloraisons les plus puissantes, avec des taux de THC atteignant 25% pour certaines plantes. C'est une sg\u00e9n\u00e9tique qui pousse tr\u00e8s vite et dont la taille tr\u00e8s discr\u00e8te d\u00e9passe \u00e0 peine un m\u00e8tre. Elle a un cycle de vie tr\u00e8s court et est r\u00e9colt\u00e9 en 9 semaines au\u2026","_links":{"self":[{"href":"https:\/\/bulkgenetics.com\/fr\/wp-json\/wp\/v2\/product\/10751","targetHints":{"allow":["GET"]}}],"collection":[{"href":"https:\/\/bulkgenetics.com\/fr\/wp-json\/wp\/v2\/product"}],"about":[{"href":"https:\/\/bulkgenetics.com\/fr\/wp-json\/wp\/v2\/types\/product"}],"replies":[{"embeddable":true,"href":"https:\/\/bulkgenetics.com\/fr\/wp-json\/wp\/v2\/comments?post=10751"}],"wp:featuredmedia":[{"embeddable":true,"href":"https:\/\/bulkgenetics.com\/fr\/wp-json\/wp\/v2\/media\/18717"}],"wp:attachment":[{"href":"https:\/\/bulkgenetics.com\/fr\/wp-json\/wp\/v2\/media?parent=10751"}],"wp:term":[{"taxonomy":"product_brand","embeddable":true,"href":"https:\/\/bulkgenetics.com\/fr\/wp-json\/wp\/v2\/product_brand?post=10751"},{"taxonomy":"product_cat","embeddable":true,"href":"https:\/\/bulkgenetics.com\/fr\/wp-json\/wp\/v2\/product_cat?post=10751"},{"taxonomy":"product_tag","embeddable":true,"href":"https:\/\/bulkgenetics.com\/fr\/wp-json\/wp\/v2\/product_tag?post=10751"}],"curies":[{"name":"wp","href":"https:\/\/api.w.org\/{rel}","templated":true}]}}