{"id":10752,"date":"2022-10-04T17:31:58","date_gmt":"2022-10-04T15:31:58","guid":{"rendered":"https:\/\/www.bulkgenetics.com\/fraise-banane-auto\/"},"modified":"2024-10-08T01:13:47","modified_gmt":"2024-10-07T23:13:47","slug":"strawberry-banana-auto","status":"publish","type":"product","link":"https:\/\/bulkgenetics.com\/fr\/strawberry-banana-auto\/","title":{"rendered":"Strawberry Banana Auto"},"content":{"rendered":"\n<p><strong>Strawberry Banana Auto<\/strong> est la version autofloraison et plus rapide d&#8217;<strong>une des meilleures g\u00e9n\u00e9tiques<\/strong> de la banque de graines Reserva Privada, une filiale de DNA Genetics.<\/p>\n\n\n\n<p><a href=\"https:\/\/bulkgenetics.com\/fr\/strawberry-banana-auto\/\">Strawberry Banana<\/a> est un <strong>croisement hybride \u00e0 dominance Indica<\/strong> de Banana Kush et Bubblegum c\u00e9l\u00e8bre pour sa saveur exceptionnelle, laur\u00e9at d&#8217;un premier prix \u00e0 la Santa Cruz Cup 2018 dans la cat\u00e9gorie meilleur hybride ext\u00e9rieur.<\/p>\n\n\n\n<p>Il s&#8217;agit d&#8217;une vari\u00e9t\u00e9 de cannabis largement utilis\u00e9e par des banques telles que Sweet Seeds et FastBuds, et sur des sites web tels que Growdiaries et Leafly, elle a des avis tr\u00e8s positifs et des suivis de culture vraiment spectaculaires.<\/p>\n\n\n\n<h2 class=\"wp-block-heading\">Comment cultiver la Strawberry Banana Auto<\/h2>\n\n\n\n<p>C&#8217;est une vari\u00e9t\u00e9 r\u00e9sistante, qui n\u00e9cessite peu de soins et qui pousse avec une grande vigueur d\u00e8s le premier jour, pour atteindre une <strong>hauteur discr\u00e8te d&#8217;1 m<\/strong>. Elle est parfaite pour les terrasses ou les balcons o\u00f9 elle n&#8217;attirera pas l&#8217;attention.<\/p>\n\n\n\n<p>Ces types de vari\u00e9t\u00e9s autofloraisons ont une phase de croissance tr\u00e8s courte. <strong>En seulement 3-4 semaines apr\u00e8s la germination, les plantes commencent \u00e0 fleurir<\/strong>, ind\u00e9pendamment de leur taille ou de la quantit\u00e9 de lumi\u00e8re qu&#8217;elles re\u00e7oivent.<\/p>\n\n\n\n<p>Les producteurs utilisent de grands pots d\u00e8s le d\u00e9but pour <strong>\u00e9viter que les plantes ne se bloquent dans leur d\u00e9veloppement<\/strong>, ce qui est typique pour certaines plantes apr\u00e8s un rempotage.<\/p>\n\n\n\n<p>Au total, <strong>en 70 jours seulement, vous r\u00e9colterez les t\u00eates<\/strong> les plus parfum\u00e9es que l&#8217;on puisse imaginer. \u00c0 l&#8217;ext\u00e9rieur, vous pouvez r\u00e9colter jusqu&#8217;\u00e0 3 cultures tout au long du printemps et de l&#8217;\u00e9t\u00e9.<\/p>\n\n\n\n<h2 class=\"wp-block-heading\">Caract\u00e9ristiques de la Strawberry Banana Auto<\/h2>\n\n\n\n<p>Les t\u00eates sont grosses, lourdes, tr\u00e8s compactes et recouvertes d&#8217;une \u00e9paisse couche de r\u00e9sine cr\u00e9meuse et brillante. La plupart des ph\u00e9notypes acqui\u00e8rent \u00e9galement des couleurs tr\u00e8s vives vers la fin de la floraison. C&#8217;est une g\u00e9n\u00e9tique qui se comporte tr\u00e8s bien lors des extractions.<\/p>\n\n\n\n<p><strong>L&#8217;ar\u00f4me et la saveur <\/strong>sont certainement son principal atout. Une fum\u00e9e \u00e9paisse avec des notes de fraise et de banane fera sauter vos papilles de plaisir. Elle propose \u00e9galement un l\u00e9ger soup\u00e7on de bois qui compl\u00e8te le bouquet de fa\u00e7on exceptionnelle.<\/p>\n\n\n\n<p><strong>Les effets sont puissants et durables<\/strong>, un high \u00e9nergique et cr\u00e9atif vous fera planer pendant de longues heures. Parfait pour fumer en journ\u00e9e.<\/p>\n\n\n\n<p>Les rendements sont \u00e9lev\u00e9s par rapport \u00e0 sa taille discr\u00e8te. En int\u00e9rieur, tout cultivateur pourra obtenir <strong>500 grammes par m\u00b2<\/strong> avec une ampoule LED de 300-350W. En int\u00e9rieur, les plantes plus grandes donnent jusqu&#8217;\u00e0 <strong>120 grammes par plante<\/strong>.<\/p>\n\n\n\n<div style=\"height:50px\" aria-hidden=\"true\" class=\"wp-block-spacer uag-hide-mob\"><\/div>\n\n\n\n<div class=\"wp-block-columns is-layout-flex wp-container-core-columns-is-layout-28f84493 wp-block-columns-is-layout-flex\">\n<div class=\"wp-block-column is-layout-flow wp-block-column-is-layout-flow\">\n<p class=\"has-text-align-center has-medium-font-size\"><strong>Ce qui nous pla\u00eet le plus<\/strong><\/p>\n\n\n\n<ul class=\"wp-block-list\">\n<li>Tr\u00e8s facile \u00e0 cultiver.<\/li>\n\n\n\n<li>Tr\u00e8s discr\u00e9te.<\/li>\n\n\n\n<li>Se r\u00e9colte en 70 jours seulement.<\/li>\n\n\n\n<li>D\u00e9licieuse saveur de fraise et de banane.<\/li>\n\n\n\n<li>Effets tr\u00e8s cr\u00e9atifs et \u00e9nergiques.<\/li>\n\n\n\n<li>Son prix.<\/li>\n<\/ul>\n<\/div>\n\n\n\n<div class=\"wp-block-column is-layout-flow wp-block-column-is-layout-flow\">\n<p class=\"has-text-align-center has-medium-font-size\"><strong>Ce qui nous pla\u00eet le moins<\/strong><\/p>\n\n\n\n<ul class=\"wp-block-list\">\n<li>Odeur intense en floraison.<\/li>\n<\/ul>\n<\/div>\n<\/div>\n\n\n\n<div style=\"height:50px\" aria-hidden=\"true\" class=\"wp-block-spacer uag-hide-mob\"><\/div>\n\n\n\n<h2 class=\"wp-block-heading\">Questions fr\u00e9quentes<\/h2>\n\n\n\n<p>Vous trouverez ci-dessous les r\u00e9ponses aux questions les plus fr\u00e9quemment pos\u00e9es par les cultivateurs int\u00e9ress\u00e9s par ces g\u00e9n\u00e9tiques :<\/p>\n\n\n<div id=\"rank-math-faq\" class=\"rank-math-block\">\n<div class=\"rank-math-list \">\n<div id=\"faq-question-1663029074962\" class=\"rank-math-list-item\">\n<h3 class=\"rank-math-question \">Quand commence la floraison de la Strawberry Banana Auto ?<\/h3>\n<div class=\"rank-math-answer \">\n\n<p>3-4 semaines apr\u00e8s la germination, les plantes commencent \u00e0 fleurir.<\/p>\n\n<\/div>\n<\/div>\n<div id=\"faq-question-1663029159933\" class=\"rank-math-list-item\">\n<h3 class=\"rank-math-question \">Quand r\u00e9colter la Strawberry Banana Auto depuis sa germination ?<\/h3>\n<div class=\"rank-math-answer \">\n\n<p>\u00c0 partir de la germination, elle se r\u00e9colte en seulement 10 semaines.<\/p>\n\n<\/div>\n<\/div>\n<div id=\"faq-question-1663029165861\" class=\"rank-math-list-item\">\n<h3 class=\"rank-math-question \">Comment cultiver la Strawberry Banana Auto f\u00e9minis\u00e9e ?<\/h3>\n<div class=\"rank-math-answer \">\n\n<p>C&#8217;est une plante tr\u00e8s facile \u00e0 cultiver et tr\u00e8s r\u00e9sistante. Sa taille est discr\u00e8te, id\u00e9ale pour les terrasses, les balcons ou les petits jardins. Utilisez un grand pot d\u00e8s le premier jour.<\/p>\n\n<\/div>\n<\/div>\n<div id=\"faq-question-1666780029954\" class=\"rank-math-list-item\">\n<h3 class=\"rank-math-question \">Quels sont les effets de Strawberry Banana Auto en vrac ?<\/h3>\n<div class=\"rank-math-answer \">\n\n<p>Les effets sont tr\u00e8s \u00e9nergiques et cr\u00e9atifs. C&#8217;est une vari\u00e9t\u00e9 de cannabis parfaite pour la journ\u00e9e.<\/p>\n\n<\/div>\n<\/div>\n<\/div>\n<\/div>","protected":false},"excerpt":{"rendered":"<p>Strawberry Banana Auto est une version tr\u00e8s rapide de la c\u00e9l\u00e8bre vari\u00e9t\u00e9 de Reserva Privada. C&#8217;est une plante facile \u00e0 cultiver, avec une taille compacte et discr\u00e8te qui ne d\u00e9passe g\u00e9n\u00e9ralement pas 100 cm. Le cycle de vie est court et il ne faudra qu&#8217;environ 70-75 jours pour r\u00e9colter des t\u00eates compactes charg\u00e9es de trichomes brillants. Une fum\u00e9e spectaculaire avec des notes de fraise et de banane qui vous transporteront dans un paradis tropical, tandis que votre corps se remplit lentement d&#8217;\u00e9nergie et de cr\u00e9ativit\u00e9.<\/p>\n","protected":false},"featured_media":11108,"comment_status":"open","ping_status":"closed","template":"","meta":{"_acf_changed":false,"inline_featured_image":false,"_uag_custom_page_level_css":""},"product_brand":[],"product_cat":[2265],"product_tag":[],"class_list":{"0":"post-10752","1":"product","2":"type-product","3":"status-publish","4":"has-post-thumbnail","6":"product_cat-graines-autofloraison-en-gros","8":"first","9":"instock","10":"taxable","11":"shipping-taxable","12":"purchasable","13":"product-type-simple"},"acf":[],"uagb_featured_image_src":{"full":["https:\/\/bulkgenetics.com\/wp-content\/uploads\/2022\/10\/strawberry-banana-auto.jpg",1600,1600,false],"thumbnail":["https:\/\/bulkgenetics.com\/wp-content\/uploads\/2022\/10\/strawberry-banana-auto-150x150.png",150,150,true],"medium":["https:\/\/bulkgenetics.com\/wp-content\/uploads\/2022\/10\/strawberry-banana-auto-300x300.png",300,300,true],"medium_large":["https:\/\/bulkgenetics.com\/wp-content\/uploads\/2022\/10\/strawberry-banana-auto-768x768.png",768,768,true],"large":["https:\/\/bulkgenetics.com\/wp-content\/uploads\/2022\/10\/strawberry-banana-auto-1024x1024.png",1024,1024,true],"1536x1536":["https:\/\/bulkgenetics.com\/wp-content\/uploads\/2022\/10\/strawberry-banana-auto-1536x1536.png",1536,1536,true],"2048x2048":["https:\/\/bulkgenetics.com\/wp-content\/uploads\/2022\/10\/strawberry-banana-auto.jpg",1600,1600,false],"commercegurus-pdp-large":["https:\/\/bulkgenetics.com\/wp-content\/uploads\/2022\/10\/strawberry-banana-auto-990x990.png",990,990,true],"commercegurus-plp-mobile":["https:\/\/bulkgenetics.com\/wp-content\/uploads\/2022\/10\/strawberry-banana-auto-441x441.png",441,441,true],"cgkit_image_swatch":["https:\/\/bulkgenetics.com\/wp-content\/uploads\/2022\/10\/strawberry-banana-auto-100x100.png",100,100,true],"woocommerce_thumbnail":["https:\/\/bulkgenetics.com\/wp-content\/uploads\/2022\/10\/strawberry-banana-auto-300x300.png",300,300,true],"woocommerce_single":["https:\/\/bulkgenetics.com\/wp-content\/uploads\/2022\/10\/strawberry-banana-auto-800x800.png",800,800,true],"woocommerce_gallery_thumbnail":["https:\/\/bulkgenetics.com\/wp-content\/uploads\/2022\/10\/strawberry-banana-auto-150x150.png",150,150,true],"dgwt-wcas-product-suggestion":["https:\/\/bulkgenetics.com\/wp-content\/uploads\/2022\/10\/strawberry-banana-auto-64x64.png",64,64,true]},"uagb_author_info":{"display_name":"J\u00e9r\u00f4me","author_link":"https:\/\/bulkgenetics.com\/fr\/author\/"},"uagb_comment_info":0,"uagb_excerpt":"Strawberry Banana Auto est une version tr\u00e8s rapide de la c\u00e9l\u00e8bre vari\u00e9t\u00e9 de Reserva Privada. C'est une plante facile \u00e0 cultiver, avec une taille compacte et discr\u00e8te qui ne d\u00e9passe g\u00e9n\u00e9ralement pas 100 cm. Le cycle de vie est court et il ne faudra qu'environ 70-75 jours pour r\u00e9colter des t\u00eates compactes charg\u00e9es de trichomes\u2026","_links":{"self":[{"href":"https:\/\/bulkgenetics.com\/fr\/wp-json\/wp\/v2\/product\/10752","targetHints":{"allow":["GET"]}}],"collection":[{"href":"https:\/\/bulkgenetics.com\/fr\/wp-json\/wp\/v2\/product"}],"about":[{"href":"https:\/\/bulkgenetics.com\/fr\/wp-json\/wp\/v2\/types\/product"}],"replies":[{"embeddable":true,"href":"https:\/\/bulkgenetics.com\/fr\/wp-json\/wp\/v2\/comments?post=10752"}],"wp:featuredmedia":[{"embeddable":true,"href":"https:\/\/bulkgenetics.com\/fr\/wp-json\/wp\/v2\/media\/11108"}],"wp:attachment":[{"href":"https:\/\/bulkgenetics.com\/fr\/wp-json\/wp\/v2\/media?parent=10752"}],"wp:term":[{"taxonomy":"product_brand","embeddable":true,"href":"https:\/\/bulkgenetics.com\/fr\/wp-json\/wp\/v2\/product_brand?post=10752"},{"taxonomy":"product_cat","embeddable":true,"href":"https:\/\/bulkgenetics.com\/fr\/wp-json\/wp\/v2\/product_cat?post=10752"},{"taxonomy":"product_tag","embeddable":true,"href":"https:\/\/bulkgenetics.com\/fr\/wp-json\/wp\/v2\/product_tag?post=10752"}],"curies":[{"name":"wp","href":"https:\/\/api.w.org\/{rel}","templated":true}]}}