{"id":10754,"date":"2022-10-04T17:23:02","date_gmt":"2022-10-04T15:23:02","guid":{"rendered":"https:\/\/www.bulkgenetics.com\/rouge-king-kong-auto\/"},"modified":"2024-10-08T01:13:47","modified_gmt":"2024-10-07T23:13:47","slug":"red-king-kong-auto","status":"publish","type":"product","link":"https:\/\/bulkgenetics.com\/fr\/red-king-kong-auto\/","title":{"rendered":"Red King Kong Auto"},"content":{"rendered":"\n<p><strong>Red King Kong Auto<\/strong> est une vari\u00e9t\u00e9 de cannabis autofloraison que vous allez adorer. Il s&#8217;agit de notre version \u00e0 t\u00eates rouges de la c\u00e9l\u00e8bre Gorilla Glue #4, l&#8217;une des vari\u00e9t\u00e9s les plus puissantes disponibles sur le march\u00e9 actuellement.<\/p>\n\n\n\n<p>Pour son d\u00e9veloppement, le clone original de l&#8217;extra-r\u00e9sineuse <a href=\"https:\/\/bulkgenetics.com\/fr\/gorilla-glue-4\/\">Gorilla Glue #4<\/a> a \u00e9t\u00e9 combin\u00e9 avec une Ruderalis Red dont elle h\u00e9rite ses couleurs saisissantes.<\/p>\n\n\n\n<p>Depuis la sortie de la GG4, de nombreuses nouvelles versions et hybrides ont \u00e9t\u00e9 d\u00e9velopp\u00e9es en tirant parti de ses grandes caract\u00e9ristiques. Notre Red King Kong Auto est similaire \u00e0 la Red Gorilla Girl XL Auto de Sweet Seeds, mais en beaucoup moins ch\u00e8re.<\/p>\n\n\n\n<h2 class=\"wp-block-heading\">Comment cultiver la Red King Kong Auto<\/h2>\n\n\n\n<p>C&#8217;est une plante simple \u00e0 cultiver qui ne n\u00e9cessite aucun soin particulier. Sa taille est moyenne pour une plante autofleurissante et <strong>elle peut atteindre une hauteur de 120 cm<\/strong> lorsque les conditions sont favorables.<\/p>\n\n\n\n<p>Nous vous conseillons d&#8217;opter d\u00e8s le d\u00e9part pour un grand pot d&#8217;au moins 20 litres. Le rempotage est \u00e0 \u00e9viter car il arrive que les plantes ralentissent leur croissance pendant quelques jours et n&#8217;atteignent pas leur pleine taille avant le d\u00e9but de la floraison.<\/p>\n\n\n\n<p>Son cycle de vie est si rapide que l&#8217;on peut faire jusqu&#8217;\u00e0 3 r\u00e9coltes cons\u00e9cutives en ext\u00e9rieur tout au long du printemps et de l&#8217;\u00e9t\u00e9. Au total, elle <strong>sera r\u00e9colt\u00e9e en 9 semaines<\/strong>.<\/p>\n\n\n\n<h2 class=\"wp-block-heading\">Caract\u00e9ristiques de la Red King Kong Auto<\/h2>\n\n\n\n<p>Les t\u00eates sont spectaculaires, <strong>les plus r\u00e9sineuses que l&#8217;on puisse imaginer<\/strong>. En plus d&#8217;\u00eatre grande et dure, les couleurs frappantes des fleurs et des feuilles feront de cette vari\u00e9t\u00e9 l&#8217;une des reines de votre jardin.<\/p>\n\n\n\n<p><strong>Les ar\u00f4mes et les saveurs<\/strong> sont complexes mais d\u00e9licieuses. Des notes sucr\u00e9es, citronn\u00e9es, de cypr\u00e8s et d&#8217;\u00e9pices persistent longtemps en bouche.<\/p>\n\n\n\n<p><strong>Les effets sont tr\u00e8s tr\u00e8s puissants<\/strong> gr\u00e2ce \u00e0 des taux de THC allant jusqu&#8217;\u00e0 25%. Ils produisent une relaxation et une somnolence intenses qui vous feront oublier tous vos soucis. Parfaite pour consommer la nuit.<\/p>\n\n\n\n<p>Les rendements sont \u00e9lev\u00e9s et \u00e0 l&#8217;ext\u00e9rieur, ils atteignent <strong>150 grammes par plante<\/strong> pour les plus grandes. En int\u00e9rieur et avec un panneau LED de 300-350W, il sera possible d&#8217;atteindre <strong>550 grammes par m\u00b2<\/strong>.<\/p>\n\n\n\n<div style=\"height:50px\" aria-hidden=\"true\" class=\"wp-block-spacer uag-hide-mob\"><\/div>\n\n\n\n<div class=\"wp-block-columns is-layout-flex wp-container-core-columns-is-layout-28f84493 wp-block-columns-is-layout-flex\">\n<div class=\"wp-block-column is-layout-flow wp-block-column-is-layout-flow\">\n<p class=\"has-text-align-center has-medium-font-size\"><strong>Ce qui nous pla\u00eet le plus<\/strong><\/p>\n\n\n\n<ul class=\"wp-block-list\">\n<li>Tr\u00e8s facile \u00e0 cultiver.<\/li>\n\n\n\n<li>Se r\u00e9colte en 9 semaines seulement.<\/li>\n\n\n\n<li>T\u00eates de couleur rouge.<\/li>\n\n\n\n<li>Effets tr\u00e8s relaxants.<\/li>\n\n\n\n<li>Son prix.<\/li>\n<\/ul>\n<\/div>\n\n\n\n<div class=\"wp-block-column is-layout-flow wp-block-column-is-layout-flow\">\n<p class=\"has-text-align-center has-medium-font-size\"><strong>Ce qui nous pla\u00eet le moins<\/strong><\/p>\n\n\n\n<ul class=\"wp-block-list\">\n<li>Odeur intense en floraisons.<\/li>\n\n\n\n<li>Tr\u00e8s puissante.<\/li>\n<\/ul>\n<\/div>\n<\/div>\n\n\n\n<div style=\"height:50px\" aria-hidden=\"true\" class=\"wp-block-spacer uag-hide-mob\"><\/div>\n\n\n\n<h2 class=\"wp-block-heading\">Questions fr\u00e9quentes<\/h2>\n\n\n\n<p>Si vous avez des questions concernant la culture de cette vari\u00e9t\u00e9, voici les r\u00e9ponses aux questions les plus fr\u00e9quentes que nous recevons :<\/p>\n\n\n<div id=\"rank-math-faq\" class=\"rank-math-block\">\n<div class=\"rank-math-list \">\n<div id=\"faq-question-1663029074962\" class=\"rank-math-list-item\">\n<h3 class=\"rank-math-question \">Quand commence la floraison de la Red King Kong Auto?<\/h3>\n<div class=\"rank-math-answer \">\n\n<p>La floraison commence 3-4 semaines apr\u00e8s la germination des graines.<\/p>\n\n<\/div>\n<\/div>\n<div id=\"faq-question-1663029159933\" class=\"rank-math-list-item\">\n<h3 class=\"rank-math-question \">Quand r\u00e9colter la Red King Kong Auto apr\u00e8s sa germination ?<\/h3>\n<div class=\"rank-math-answer \">\n\n<p>C&#8217;est une vari\u00e9t\u00e9 de cannabis autofloraison tr\u00e8s rapide. Elle se r\u00e9colte en 9 semaines au total.<\/p>\n\n<\/div>\n<\/div>\n<div id=\"faq-question-1663029165861\" class=\"rank-math-list-item\">\n<h3 class=\"rank-math-question \">Comment cultiver la Red King Kong Auto f\u00e9minis\u00e9e ?<\/h3>\n<div class=\"rank-math-answer \">\n\n<p>Elle est tr\u00e8s facile \u00e0 cultiver, r\u00e9sistante et discr\u00e8te. Utilisez un grand pot d\u00e8s le premier jour pour obtenir des plantes plus grandes et plus productives.<\/p>\n\n<\/div>\n<\/div>\n<div id=\"faq-question-1666780029954\" class=\"rank-math-list-item\">\n<h3 class=\"rank-math-question \">Quels sont les effets de la Red King Kong Auto en vrac ?<\/h3>\n<div class=\"rank-math-answer \">\n\n<p>La puissance est extr\u00eame. Une relaxation intense va parcourir votre corps. Parfait pour dormir.<\/p>\n\n<\/div>\n<\/div>\n<\/div>\n<\/div>","protected":false},"excerpt":{"rendered":"<p>Red King Kong Auto est un croisement puissant entre la tr\u00e8s puissante Gorilla Glue et une vari\u00e9t\u00e9 autofloraison rouge tr\u00e8s rapide. Derri\u00e8re la belle apparence d&#8217;une plante discr\u00e8te avec de grosses t\u00eates tr\u00e8s collantes de couleur violette, se cache une b\u00eate capable de produire des taux de THC de plus de 20%. Elle a une douce saveur d&#8217;agrumes avec un fond de cypr\u00e8s. Ne faites pas de projets avant de le fumer, car vous tomberez dans une profonde relaxation et une somnolence qui vous emp\u00eacheront de les r\u00e9aliser.<\/p>\n","protected":false},"featured_media":23038,"comment_status":"open","ping_status":"closed","template":"","meta":{"_acf_changed":false,"inline_featured_image":false,"_uag_custom_page_level_css":""},"product_brand":[],"product_cat":[2265],"product_tag":[],"class_list":{"0":"post-10754","1":"product","2":"type-product","3":"status-publish","4":"has-post-thumbnail","6":"product_cat-graines-autofloraison-en-gros","8":"first","9":"instock","10":"taxable","11":"shipping-taxable","12":"purchasable","13":"product-type-simple"},"acf":[],"uagb_featured_image_src":{"full":["https:\/\/bulkgenetics.com\/wp-content\/uploads\/2022\/10\/red-king-kong-auto-1.jpg",1600,1600,false],"thumbnail":["https:\/\/bulkgenetics.com\/wp-content\/uploads\/2022\/10\/red-king-kong-auto-1-150x150.jpg",150,150,true],"medium":["https:\/\/bulkgenetics.com\/wp-content\/uploads\/2022\/10\/red-king-kong-auto-1-300x300.jpg",300,300,true],"medium_large":["https:\/\/bulkgenetics.com\/wp-content\/uploads\/2022\/10\/red-king-kong-auto-1-768x768.jpg",768,768,true],"large":["https:\/\/bulkgenetics.com\/wp-content\/uploads\/2022\/10\/red-king-kong-auto-1-1024x1024.jpg",1024,1024,true],"1536x1536":["https:\/\/bulkgenetics.com\/wp-content\/uploads\/2022\/10\/red-king-kong-auto-1-1536x1536.jpg",1536,1536,true],"2048x2048":["https:\/\/bulkgenetics.com\/wp-content\/uploads\/2022\/10\/red-king-kong-auto-1.jpg",1600,1600,false],"commercegurus-pdp-large":["https:\/\/bulkgenetics.com\/wp-content\/uploads\/2022\/10\/red-king-kong-auto-1-990x990.jpg",990,990,true],"commercegurus-plp-mobile":["https:\/\/bulkgenetics.com\/wp-content\/uploads\/2022\/10\/red-king-kong-auto-1-441x441.jpg",441,441,true],"cgkit_image_swatch":["https:\/\/bulkgenetics.com\/wp-content\/uploads\/2022\/10\/red-king-kong-auto-1-100x100.jpg",100,100,true],"woocommerce_thumbnail":["https:\/\/bulkgenetics.com\/wp-content\/uploads\/2022\/10\/red-king-kong-auto-1-300x300.jpg",300,300,true],"woocommerce_single":["https:\/\/bulkgenetics.com\/wp-content\/uploads\/2022\/10\/red-king-kong-auto-1-800x800.jpg",800,800,true],"woocommerce_gallery_thumbnail":["https:\/\/bulkgenetics.com\/wp-content\/uploads\/2022\/10\/red-king-kong-auto-1-150x150.jpg",150,150,true],"dgwt-wcas-product-suggestion":["https:\/\/bulkgenetics.com\/wp-content\/uploads\/2022\/10\/red-king-kong-auto-1-64x64.jpg",64,64,true]},"uagb_author_info":{"display_name":"J\u00e9r\u00f4me","author_link":"https:\/\/bulkgenetics.com\/fr\/author\/"},"uagb_comment_info":0,"uagb_excerpt":"Red King Kong Auto est un croisement puissant entre la tr\u00e8s puissante Gorilla Glue et une vari\u00e9t\u00e9 autofloraison rouge tr\u00e8s rapide. Derri\u00e8re la belle apparence d'une plante discr\u00e8te avec de grosses t\u00eates tr\u00e8s collantes de couleur violette, se cache une b\u00eate capable de produire des taux de THC de plus de 20%. Elle a une\u2026","_links":{"self":[{"href":"https:\/\/bulkgenetics.com\/fr\/wp-json\/wp\/v2\/product\/10754","targetHints":{"allow":["GET"]}}],"collection":[{"href":"https:\/\/bulkgenetics.com\/fr\/wp-json\/wp\/v2\/product"}],"about":[{"href":"https:\/\/bulkgenetics.com\/fr\/wp-json\/wp\/v2\/types\/product"}],"replies":[{"embeddable":true,"href":"https:\/\/bulkgenetics.com\/fr\/wp-json\/wp\/v2\/comments?post=10754"}],"wp:featuredmedia":[{"embeddable":true,"href":"https:\/\/bulkgenetics.com\/fr\/wp-json\/wp\/v2\/media\/23038"}],"wp:attachment":[{"href":"https:\/\/bulkgenetics.com\/fr\/wp-json\/wp\/v2\/media?parent=10754"}],"wp:term":[{"taxonomy":"product_brand","embeddable":true,"href":"https:\/\/bulkgenetics.com\/fr\/wp-json\/wp\/v2\/product_brand?post=10754"},{"taxonomy":"product_cat","embeddable":true,"href":"https:\/\/bulkgenetics.com\/fr\/wp-json\/wp\/v2\/product_cat?post=10754"},{"taxonomy":"product_tag","embeddable":true,"href":"https:\/\/bulkgenetics.com\/fr\/wp-json\/wp\/v2\/product_tag?post=10754"}],"curies":[{"name":"wp","href":"https:\/\/api.w.org\/{rel}","templated":true}]}}