{"id":10755,"date":"2022-10-04T17:08:33","date_gmt":"2022-10-04T15:08:33","guid":{"rendered":"https:\/\/www.bulkgenetics.com\/purple-punch-auto\/"},"modified":"2024-10-08T01:13:47","modified_gmt":"2024-10-07T23:13:47","slug":"purple-punch-auto","status":"publish","type":"product","link":"https:\/\/bulkgenetics.com\/fr\/purple-punch-auto\/","title":{"rendered":"Purple Punch Auto"},"content":{"rendered":"\n<p>Voici la <strong>Purple Punch Auto<\/strong>, la version rapide de l&#8217;un des grands hybrides am\u00e9ricains, ayant remport\u00e9 deux prix \u00e0 la Santa Cruz Cup 2018, dont celui de la meilleure vari\u00e9t\u00e9 de cannabis Indica d&#8217;ext\u00e9rieur.<\/p>\n\n\n\n<p><a href=\"https:\/\/bulkgenetics.com\/fr\/purple-punch\/\">Purple Punch<\/a> est un croisement \u00e0 forte dominance Indica qui combine Larry OG et Granddaddy Purple, dont elle a h\u00e9rit\u00e9 de magnifiques couleurs frappantes qui en font l&#8217;une des reines de toute culture.<\/p>\n\n\n\n<p>Des banques comme Barney&#8217;s Farm ou FastBuds proposent des versions de cette l\u00e9gende am\u00e9ricaine. Nos graines en vrac proposent la m\u00eame qualit\u00e9, mais sont beaucoup moins ch\u00e8res.<\/p>\n\n\n\n<h2 class=\"wp-block-heading\">Comment cultiver la Purple Punch Auto<\/h2>\n\n\n\n<p>C&#8217;est une plante simple \u00e0 cultiver que tout cultivateur novice sera heureux d&#8217;avoir dans son jardin. Elle reste en <strong>dessous de 100 cm de hauteur<\/strong>, ce qui est parfait pour les terrasses ou les balcons.<\/p>\n\n\n\n<p>Nous vous conseillons d&#8217;utiliser un grand pot d\u00e8s le premier jour. Cela permettra <strong>aux plantes de se d\u00e9velopper sans le ralentissement<\/strong> qui se produit parfois apr\u00e8s le rempotage et elles atteindront ainsi une taille plus importante.<\/p>\n\n\n\n<p><strong>Elle se r\u00e9colte en seulement 60 jours \u00e0 partir de la germination<\/strong>. Comme elle est tr\u00e8s rapide, elle peut \u00eatre cultiv\u00e9e trois fois de suite pendant les mois de printemps et d&#8217;\u00e9t\u00e9.<\/p>\n\n\n\n<h2 class=\"wp-block-heading\">Caract\u00e9ristiques de la Purple Punch Auto<\/h2>\n\n\n\n<p>Les t\u00eates sont frappantes avec leurs couleurs violettes qui contrastent avec l&#8217;\u00e9clat de leur \u00e9paisse couche de r\u00e9sine. Elles sont longues, dures et \u00e9paisses comme des battes de baseball.<\/p>\n\n\n\n<p><strong>L&#8217;ar\u00f4me et le go\u00fbt sont tr\u00e8s doux et fruit\u00e9s<\/strong>. Les producteurs parlent d&#8217;un go\u00fbt de tarte aux pommes garnie de confiture de baies.<\/p>\n\n\n\n<p><strong>Les effets sont puissants et \u00e0 dominance Indica<\/strong>, tr\u00e8s relaxants et parfaits pour se d\u00e9tendre apr\u00e8s une dure journ\u00e9e ou pour dormir de longues heures en oubliant tous nos probl\u00e8mes.<\/p>\n\n\n\n<p>Les rendements, malgr\u00e9 sa taille discr\u00e8te, sont sup\u00e9rieurs \u00e0 la moyenne. En int\u00e9rieur, avec un panneau LED de 300-350W, tout cultivateur atteindra facilement <strong>jusqu&#8217;\u00e0 500 grammes par m\u00b2<\/strong>. En ext\u00e9rieur, les plantes plus grandes donneront jusqu&#8217;\u00e0 <strong>120 grammes par plant<\/strong>e.<\/p>\n\n\n\n<div style=\"height:50px\" aria-hidden=\"true\" class=\"wp-block-spacer uag-hide-mob\"><\/div>\n\n\n\n<div class=\"wp-block-columns is-layout-flex wp-container-core-columns-is-layout-28f84493 wp-block-columns-is-layout-flex\">\n<div class=\"wp-block-column is-layout-flow wp-block-column-is-layout-flow\">\n<p class=\"has-text-align-center has-medium-font-size\"><strong>Ce qui nous pla\u00eet le plus<\/strong><\/p>\n\n\n\n<ul class=\"wp-block-list\">\n<li>Tr\u00e8s facile \u00e0 cultiver.<\/li>\n\n\n\n<li>Fleurs violettes.<\/li>\n\n\n\n<li>Se r\u00e9colte en 60 jours seulement.<\/li>\n\n\n\n<li>Saveur de tarte aux pommes et aux baies.<\/li>\n\n\n\n<li>Effets tr\u00e8s relaxants.<\/li>\n\n\n\n<li>Son prix.<\/li>\n<\/ul>\n<\/div>\n\n\n\n<div class=\"wp-block-column is-layout-flow wp-block-column-is-layout-flow\">\n<p class=\"has-text-align-center has-medium-font-size\"><strong>Ce qui nous pla\u00eet le moins<\/strong><\/p>\n\n\n\n<ul class=\"wp-block-list\">\n<li>Odeur intense en floraison.<\/li>\n<\/ul>\n<\/div>\n<\/div>\n\n\n\n<div style=\"height:50px\" aria-hidden=\"true\" class=\"wp-block-spacer uag-hide-mob\"><\/div>\n\n\n\n<h2 class=\"wp-block-heading\">Questions fr\u00e9quentes<\/h2>\n\n\n\n<p>Vous trouverez ci-dessous les r\u00e9ponses aux questions les plus fr\u00e9quemment pos\u00e9es par les cultivateurs int\u00e9ress\u00e9s par ces g\u00e9n\u00e9tiques :<\/p>\n\n\n<div id=\"rank-math-faq\" class=\"rank-math-block\">\n<div class=\"rank-math-list \">\n<div id=\"faq-question-1663029074962\" class=\"rank-math-list-item\">\n<h3 class=\"rank-math-question \">Quand commence la floraison de la Purple Punch Auto?<\/h3>\n<div class=\"rank-math-answer \">\n\n<p>graines, les plantes commenceront \u00e0 fleurir.<\/p>\n\n<\/div>\n<\/div>\n<div id=\"faq-question-1663029159933\" class=\"rank-math-list-item\">\n<h3 class=\"rank-math-question \">Quand r\u00e9colter la Purple Punch Auto apr\u00e8s la germiantion ?<\/h3>\n<div class=\"rank-math-answer \">\n\n<p>Il s&#8217;agit d&#8217;une vari\u00e9t\u00e9 de cannabis autofloraison tr\u00e8s rapide qui se r\u00e9colte en 60 jours au total.<\/p>\n\n<\/div>\n<\/div>\n<div id=\"faq-question-1663029165861\" class=\"rank-math-list-item\">\n<h3 class=\"rank-math-question \">Comment cultiver une Purple Punch Auto f\u00e9minis\u00e9e ?<\/h3>\n<div class=\"rank-math-answer \">\n\n<p>Elle est tr\u00e8s simple \u00e0 cultiver et ne n\u00e9cessite pas beaucoup de soins. Pr\u00e9f\u00e9rez un grand pot d\u00e8s le premier jour plut\u00f4t qu&#8217;un remportage. Le rendement sera plus \u00e9lev\u00e9.<\/p>\n\n<\/div>\n<\/div>\n<div id=\"faq-question-1666780029954\" class=\"rank-math-list-item\">\n<h3 class=\"rank-math-question \">Quels sont les effets de la Purple Punch Auto aen vrac ?<\/h3>\n<div class=\"rank-math-answer \">\n\n<p>Les effets sont relaxants et permettent de trouver le sommeil. C&#8217;est une vari\u00e9t\u00e9 de cannabis parfaite pour la nuit.<\/p>\n\n<\/div>\n<\/div>\n<\/div>\n<\/div>","protected":false},"excerpt":{"rendered":"<p>Purple Punch Auto est la version la plus rapide de l&#8217;un des grands classiques am\u00e9ricains. Elle est facile \u00e0 cultiver \u00e0 l&#8217;int\u00e9rieur et \u00e0 l&#8217;ext\u00e9rieur, o\u00f9 elle est tr\u00e8s discr\u00e8te gr\u00e2ce \u00e0 sa hauteur inf\u00e9rieure \u00e0 un m\u00e8tre. \u00c0 partir de la germination, il ne faut que 60 jours pour obtenir de grosses t\u00eates violettes, collantes et saisissantes. Elle a un go\u00fbt tr\u00e8s doux de baies et de tarte aux pommes et un effet tr\u00e8s relaxant. C&#8217;est id\u00e9al pour la fin de la journ\u00e9e.<\/p>\n","protected":false},"featured_media":18711,"comment_status":"open","ping_status":"closed","template":"","meta":{"_acf_changed":false,"inline_featured_image":false,"_uag_custom_page_level_css":""},"product_brand":[],"product_cat":[2265],"product_tag":[],"class_list":{"0":"post-10755","1":"product","2":"type-product","3":"status-publish","4":"has-post-thumbnail","6":"product_cat-graines-autofloraison-en-gros","8":"first","9":"instock","10":"taxable","11":"shipping-taxable","12":"purchasable","13":"product-type-simple"},"acf":[],"uagb_featured_image_src":{"full":["https:\/\/bulkgenetics.com\/wp-content\/uploads\/2022\/10\/Purple-Punch-Auto-1.jpg",1600,1600,false],"thumbnail":["https:\/\/bulkgenetics.com\/wp-content\/uploads\/2022\/10\/Purple-Punch-Auto-1-150x150.jpg",150,150,true],"medium":["https:\/\/bulkgenetics.com\/wp-content\/uploads\/2022\/10\/Purple-Punch-Auto-1-300x300.jpg",300,300,true],"medium_large":["https:\/\/bulkgenetics.com\/wp-content\/uploads\/2022\/10\/Purple-Punch-Auto-1-768x768.jpg",768,768,true],"large":["https:\/\/bulkgenetics.com\/wp-content\/uploads\/2022\/10\/Purple-Punch-Auto-1-1024x1024.jpg",1024,1024,true],"1536x1536":["https:\/\/bulkgenetics.com\/wp-content\/uploads\/2022\/10\/Purple-Punch-Auto-1-1536x1536.jpg",1536,1536,true],"2048x2048":["https:\/\/bulkgenetics.com\/wp-content\/uploads\/2022\/10\/Purple-Punch-Auto-1.jpg",1600,1600,false],"commercegurus-pdp-large":["https:\/\/bulkgenetics.com\/wp-content\/uploads\/2022\/10\/Purple-Punch-Auto-1-990x990.jpg",990,990,true],"commercegurus-plp-mobile":["https:\/\/bulkgenetics.com\/wp-content\/uploads\/2022\/10\/Purple-Punch-Auto-1-441x441.jpg",441,441,true],"cgkit_image_swatch":["https:\/\/bulkgenetics.com\/wp-content\/uploads\/2022\/10\/Purple-Punch-Auto-1-100x100.jpg",100,100,true],"woocommerce_thumbnail":["https:\/\/bulkgenetics.com\/wp-content\/uploads\/2022\/10\/Purple-Punch-Auto-1-300x300.jpg",300,300,true],"woocommerce_single":["https:\/\/bulkgenetics.com\/wp-content\/uploads\/2022\/10\/Purple-Punch-Auto-1-800x800.jpg",800,800,true],"woocommerce_gallery_thumbnail":["https:\/\/bulkgenetics.com\/wp-content\/uploads\/2022\/10\/Purple-Punch-Auto-1-150x150.jpg",150,150,true],"dgwt-wcas-product-suggestion":["https:\/\/bulkgenetics.com\/wp-content\/uploads\/2022\/10\/Purple-Punch-Auto-1-64x64.jpg",64,64,true]},"uagb_author_info":{"display_name":"J\u00e9r\u00f4me","author_link":"https:\/\/bulkgenetics.com\/fr\/author\/"},"uagb_comment_info":0,"uagb_excerpt":"Purple Punch Auto est la version la plus rapide de l'un des grands classiques am\u00e9ricains. Elle est facile \u00e0 cultiver \u00e0 l'int\u00e9rieur et \u00e0 l'ext\u00e9rieur, o\u00f9 elle est tr\u00e8s discr\u00e8te gr\u00e2ce \u00e0 sa hauteur inf\u00e9rieure \u00e0 un m\u00e8tre. \u00c0 partir de la germination, il ne faut que 60 jours pour obtenir de grosses t\u00eates violettes,\u2026","_links":{"self":[{"href":"https:\/\/bulkgenetics.com\/fr\/wp-json\/wp\/v2\/product\/10755","targetHints":{"allow":["GET"]}}],"collection":[{"href":"https:\/\/bulkgenetics.com\/fr\/wp-json\/wp\/v2\/product"}],"about":[{"href":"https:\/\/bulkgenetics.com\/fr\/wp-json\/wp\/v2\/types\/product"}],"replies":[{"embeddable":true,"href":"https:\/\/bulkgenetics.com\/fr\/wp-json\/wp\/v2\/comments?post=10755"}],"wp:featuredmedia":[{"embeddable":true,"href":"https:\/\/bulkgenetics.com\/fr\/wp-json\/wp\/v2\/media\/18711"}],"wp:attachment":[{"href":"https:\/\/bulkgenetics.com\/fr\/wp-json\/wp\/v2\/media?parent=10755"}],"wp:term":[{"taxonomy":"product_brand","embeddable":true,"href":"https:\/\/bulkgenetics.com\/fr\/wp-json\/wp\/v2\/product_brand?post=10755"},{"taxonomy":"product_cat","embeddable":true,"href":"https:\/\/bulkgenetics.com\/fr\/wp-json\/wp\/v2\/product_cat?post=10755"},{"taxonomy":"product_tag","embeddable":true,"href":"https:\/\/bulkgenetics.com\/fr\/wp-json\/wp\/v2\/product_tag?post=10755"}],"curies":[{"name":"wp","href":"https:\/\/api.w.org\/{rel}","templated":true}]}}