{"id":10762,"date":"2022-10-04T17:06:25","date_gmt":"2022-10-04T15:06:25","guid":{"rendered":"https:\/\/www.bulkgenetics.com\/ananas-express-auto\/"},"modified":"2024-10-08T01:13:48","modified_gmt":"2024-10-07T23:13:48","slug":"pineapple-express-auto","status":"publish","type":"product","link":"https:\/\/bulkgenetics.com\/fr\/pineapple-express-auto\/","title":{"rendered":"Pineapple Express Auto"},"content":{"rendered":"\n<p><strong>Pineapple Express Auto<\/strong> est la version autofleurrissante de l&#8217;une des g\u00e9n\u00e9tiques les plus c\u00e9l\u00e8bres et les plus r\u00e9compens\u00e9es de Barney&#8217;s Farm, c\u00e9l\u00e8bre parmi les cultivateurs d\u00e9butants pour <strong>sa simplicit\u00e9 et ses excellents r\u00e9sultats<\/strong>.<\/p>\n\n\n\n<p><a href=\"https:\/\/bulkgenetics.com\/fr\/pineapple-chunk\/\">Pineapple Chunk<\/a> est un hybride <strong>100% Skunk \u00e0 dominance Indica<\/strong>, sa m\u00e8re est une <a href=\"https:\/\/bulkgenetics.com\/fr\/skunk-1\/\">Skunk #1<\/a> et son p\u00e8re une <a href=\"https:\/\/bulkgenetics.com\/fr\/cheese\/\">Cheese<\/a>, l&#8217;une des plus c\u00e9l\u00e8bres s\u00e9lections de Skunk #1 et connue pour son go\u00fbt de Cheetos.<\/p>\n\n\n\n<p>C&#8217;est une g\u00e9n\u00e9tique qui a d&#8217;excellentes critiques sur des sites web tels que Growdiaries ou Leafly, et qui est \u00e9galement versionn\u00e9e par des banques telles que FastBuds ou G13 Labs. La principale diff\u00e9rence est que nos graines en vrac sont moins ch\u00e8res.<\/p>\n\n\n\n<h2 class=\"wp-block-heading\">Comment cultiver la Pineapple Express Auto<\/h2>\n\n\n\n<p>Comme une bonne Skunk, c&#8217;est une plante r\u00e9sistante et simple \u00e0 cultiver,qui ne demande pas beaucoup de soins. C&#8217;est la vari\u00e9t\u00e9 de cannabis typique qui est <strong>recommand\u00e9e pour le cultivateur novice<\/strong>.<\/p>\n\n\n\n<p>Lorsqu&#8217;un grand pot est utilis\u00e9 d\u00e8s le d\u00e9but, <strong>elle peut atteindre une taille importante, jusqu&#8217;\u00e0 130 cm<\/strong>. Il est important d&#8217;\u00e9viter le rempotage pour que les plantes ne soient pas frein\u00e9es dans leur croissance et poussent le plus haut possible.<\/p>\n\n\n\n<p>\u00c0 partir du moment o\u00f9 les graines germent, <strong>il ne faut attendre que 9 semaines avant la r\u00e9colt<\/strong>e. Elle est si rapide, que vous pouvez r\u00e9colter jusqu&#8217;\u00e0 3 fois cons\u00e9cutives pendant la saison ext\u00e9rieure.<\/p>\n\n\n\n<h2 class=\"wp-block-heading\">Caract\u00e9ristiques de la Pineapple Express Auto<\/h2>\n\n\n\n<p>Les t\u00eates sont grosses, collantes et dures comme de la pierre. L&#8217;odeur intense vous obligera \u00e0 utiliser un filtre \u00e0 charbon ou un ozonateur \u00e0 l&#8217;int\u00e9rieur pour \u00e9viter les probl\u00e8mes.<\/p>\n\n\n\n<p><strong>L&#8217;ar\u00f4me et la saveur sont d\u00e9licieux<\/strong>, la v\u00e9ritable Skunk, mais avec des notes tr\u00e8s sp\u00e9ciales d&#8217;ananas doux et de fromage sal\u00e9 qui la rendent unique.<\/p>\n\n\n\n<p><strong>Les effets sont puissants et produisent une sensation de picotement intense<\/strong> dans tout le corps avec des sentiments de grand bonheur. Elle est \u00e9galement r\u00e9put\u00e9e pour stimuler l&#8217;app\u00e9tit.<\/p>\n\n\n\n<p><strong>Les rendements sont tr\u00e8s \u00e9lev\u00e9s<\/strong> et, en int\u00e9rieur, il ne sera pas difficile d&#8217;atteindre 550 grammes par m\u00b2 avec un syst\u00e8me LED de 300-350 W. En ext\u00e9rieur, les plus grandes plantes donnent jusqu&#8217;\u00e0 200 grammes.<\/p>\n\n\n\n<div style=\"height:50px\" aria-hidden=\"true\" class=\"wp-block-spacer uag-hide-mob\"><\/div>\n\n\n\n<div class=\"wp-block-columns is-layout-flex wp-container-core-columns-is-layout-28f84493 wp-block-columns-is-layout-flex\">\n<div class=\"wp-block-column is-layout-flow wp-block-column-is-layout-flow\">\n<p class=\"has-text-align-center has-medium-font-size\"><strong>Ce qui nous pla\u00eet le plus<\/strong><\/p>\n\n\n\n<ul class=\"wp-block-list\">\n<li>Tr\u00e8s simple \u00e0 cultiver.<\/li>\n\n\n\n<li>Production abondante.<\/li>\n\n\n\n<li>Se r\u00e9colte en seulement 63 jours.<\/li>\n\n\n\n<li>Incroyable saveur d&#8217;ananas et de fromage.<\/li>\n\n\n\n<li>Effets super positifs.<\/li>\n\n\n\n<li>Son prix.<\/li>\n<\/ul>\n<\/div>\n\n\n\n<div class=\"wp-block-column is-layout-flow wp-block-column-is-layout-flow\">\n<p class=\"has-text-align-center has-medium-font-size\"><strong>Ce qui nous pla\u00eet le moins.<\/strong><\/p>\n\n\n\n<ul class=\"wp-block-list\">\n<li>Tr\u00e8s odorante en floraison.<\/li>\n<\/ul>\n<\/div>\n<\/div>\n\n\n\n<div style=\"height:50px\" aria-hidden=\"true\" class=\"wp-block-spacer uag-hide-mob\"><\/div>\n\n\n\n<h2 class=\"wp-block-heading\">Questions fr\u00e9quentes<\/h2>\n\n\n\n<p>Vous trouverez ci-dessous les questions les plus fr\u00e9quentes que nous posent les personnes int\u00e9ress\u00e9es par la culture de cette vari\u00e9t\u00e9 de cannabis :<\/p>\n\n\n<div id=\"rank-math-faq\" class=\"rank-math-block\">\n<div class=\"rank-math-list \">\n<div id=\"faq-question-1663029074962\" class=\"rank-math-list-item\">\n<h3 class=\"rank-math-question \">Quand commence la floraison de la Pineapple Express Auto?<\/h3>\n<div class=\"rank-math-answer \">\n\n<p>Apr\u00e8s 3-4 semaines \u00e0 partir de la germination des graines, la phase de floraison commence.<\/p>\n\n<\/div>\n<\/div>\n<div id=\"faq-question-1663029159933\" class=\"rank-math-list-item\">\n<h3 class=\"rank-math-question \">Quand r\u00e9colter une Pineapple Express Auto apr\u00e8s sa germiantion ?<\/h3>\n<div class=\"rank-math-answer \">\n\n<p>C&#8217;est une vari\u00e9t\u00e9 de cannabis tr\u00e8s rapide qui se r\u00e9colte en un total de 9 semaines \u00e0 partir de la germination.<\/p>\n\n<\/div>\n<\/div>\n<div id=\"faq-question-1663029165861\" class=\"rank-math-list-item\">\n<h3 class=\"rank-math-question \">Comment cultiver une Pineapple Express Auto f\u00e9minis\u00e9e ?<\/h3>\n<div class=\"rank-math-answer \">\n\n<p>C&#8217;est l&#8217;une des plantes les plus faciles \u00e0 cultiver. Utilisez un grand pot d\u00e8s le d\u00e9part avec un bon substrat pour qu&#8217;elles grandissent le plus possible.<\/p>\n\n<\/div>\n<\/div>\n<div id=\"faq-question-1666780029954\" class=\"rank-math-list-item\">\n<h3 class=\"rank-math-question \">Quels sont les effets de la Pineapple Express Auto en vrac ?<\/h3>\n<div class=\"rank-math-answer \">\n\n<p>Elle produit des effets puissants et particuli\u00e8rement positifs.<\/p>\n\n<\/div>\n<\/div>\n<\/div>\n<\/div>","protected":false},"excerpt":{"rendered":"<p>Pineapple Express Auto est la version autofleurrissante de Pineapple Chunk, le best-seller de Barney&#8217;s Farm. C&#8217;est une plante facile \u00e0 cultiver et tr\u00e8s r\u00e9sistante, aucune grande connaissance n&#8217;est n\u00e9cessaire pour profiter des meilleures r\u00e9coltes. Elle a une taille discr\u00e8te de 100-130 cm et un cycle de vie tr\u00e8s court de seulement 9 semaines. Elle produit des t\u00eates denses et collantes avec un ar\u00f4me tropical tr\u00e8s app\u00e9tissant accompag\u00e9 de nuances <em>skunky <\/em>. Les effets sont puissants, une sensation de picotement parcourra votre corps en vous procuera d&#8217;agr\u00e9ables frissons.<\/p>\n","protected":false},"featured_media":11969,"comment_status":"open","ping_status":"closed","template":"","meta":{"_acf_changed":false,"inline_featured_image":false,"_uag_custom_page_level_css":""},"product_brand":[],"product_cat":[2265,4112],"product_tag":[],"class_list":{"0":"post-10762","1":"product","2":"type-product","3":"status-publish","4":"has-post-thumbnail","6":"product_cat-graines-autofloraison-en-gros","7":"product_cat-graines-de-cannabis-a-1-euro","9":"first","10":"instock","11":"sale","12":"taxable","13":"shipping-taxable","14":"purchasable","15":"product-type-simple"},"acf":[],"uagb_featured_image_src":{"full":["https:\/\/bulkgenetics.com\/wp-content\/uploads\/2022\/10\/pineapple-express-auto.jpg",1600,1600,false],"thumbnail":["https:\/\/bulkgenetics.com\/wp-content\/uploads\/2022\/10\/pineapple-express-auto-150x150.jpg",150,150,true],"medium":["https:\/\/bulkgenetics.com\/wp-content\/uploads\/2022\/10\/pineapple-express-auto-300x300.jpg",300,300,true],"medium_large":["https:\/\/bulkgenetics.com\/wp-content\/uploads\/2022\/10\/pineapple-express-auto-768x768.jpg",768,768,true],"large":["https:\/\/bulkgenetics.com\/wp-content\/uploads\/2022\/10\/pineapple-express-auto-1024x1024.jpg",1024,1024,true],"1536x1536":["https:\/\/bulkgenetics.com\/wp-content\/uploads\/2022\/10\/pineapple-express-auto-1536x1536.jpg",1536,1536,true],"2048x2048":["https:\/\/bulkgenetics.com\/wp-content\/uploads\/2022\/10\/pineapple-express-auto.jpg",1600,1600,false],"commercegurus-pdp-large":["https:\/\/bulkgenetics.com\/wp-content\/uploads\/2022\/10\/pineapple-express-auto-990x990.jpg",990,990,true],"commercegurus-plp-mobile":["https:\/\/bulkgenetics.com\/wp-content\/uploads\/2022\/10\/pineapple-express-auto-441x441.jpg",441,441,true],"cgkit_image_swatch":["https:\/\/bulkgenetics.com\/wp-content\/uploads\/2022\/10\/pineapple-express-auto-100x100.jpg",100,100,true],"woocommerce_thumbnail":["https:\/\/bulkgenetics.com\/wp-content\/uploads\/2022\/10\/pineapple-express-auto-300x300.jpg",300,300,true],"woocommerce_single":["https:\/\/bulkgenetics.com\/wp-content\/uploads\/2022\/10\/pineapple-express-auto-800x800.jpg",800,800,true],"woocommerce_gallery_thumbnail":["https:\/\/bulkgenetics.com\/wp-content\/uploads\/2022\/10\/pineapple-express-auto-150x150.jpg",150,150,true],"dgwt-wcas-product-suggestion":["https:\/\/bulkgenetics.com\/wp-content\/uploads\/2022\/10\/pineapple-express-auto-64x64.jpg",64,64,true]},"uagb_author_info":{"display_name":"J\u00e9r\u00f4me","author_link":"https:\/\/bulkgenetics.com\/fr\/author\/"},"uagb_comment_info":0,"uagb_excerpt":"Pineapple Express Auto est la version autofleurrissante de Pineapple Chunk, le best-seller de Barney's Farm. C'est une plante facile \u00e0 cultiver et tr\u00e8s r\u00e9sistante, aucune grande connaissance n'est n\u00e9cessaire pour profiter des meilleures r\u00e9coltes. Elle a une taille discr\u00e8te de 100-130 cm et un cycle de vie tr\u00e8s court de seulement 9 semaines. Elle produit\u2026","_links":{"self":[{"href":"https:\/\/bulkgenetics.com\/fr\/wp-json\/wp\/v2\/product\/10762","targetHints":{"allow":["GET"]}}],"collection":[{"href":"https:\/\/bulkgenetics.com\/fr\/wp-json\/wp\/v2\/product"}],"about":[{"href":"https:\/\/bulkgenetics.com\/fr\/wp-json\/wp\/v2\/types\/product"}],"replies":[{"embeddable":true,"href":"https:\/\/bulkgenetics.com\/fr\/wp-json\/wp\/v2\/comments?post=10762"}],"wp:featuredmedia":[{"embeddable":true,"href":"https:\/\/bulkgenetics.com\/fr\/wp-json\/wp\/v2\/media\/11969"}],"wp:attachment":[{"href":"https:\/\/bulkgenetics.com\/fr\/wp-json\/wp\/v2\/media?parent=10762"}],"wp:term":[{"taxonomy":"product_brand","embeddable":true,"href":"https:\/\/bulkgenetics.com\/fr\/wp-json\/wp\/v2\/product_brand?post=10762"},{"taxonomy":"product_cat","embeddable":true,"href":"https:\/\/bulkgenetics.com\/fr\/wp-json\/wp\/v2\/product_cat?post=10762"},{"taxonomy":"product_tag","embeddable":true,"href":"https:\/\/bulkgenetics.com\/fr\/wp-json\/wp\/v2\/product_tag?post=10762"}],"curies":[{"name":"wp","href":"https:\/\/api.w.org\/{rel}","templated":true}]}}