{"id":10765,"date":"2022-10-04T17:05:36","date_gmt":"2022-10-04T15:05:36","guid":{"rendered":"https:\/\/www.bulkgenetics.com\/og-kush-auto\/"},"modified":"2024-10-08T01:13:48","modified_gmt":"2024-10-07T23:13:48","slug":"og-kush-auto","status":"publish","type":"product","link":"https:\/\/bulkgenetics.com\/fr\/og-kush-auto\/","title":{"rendered":"OG Kush Auto"},"content":{"rendered":"\n<p>OG Kush Auto est une vari\u00e9t\u00e9 autofloraison qui conserve tout le charme de sa m\u00e8re OG Kush, la vari\u00e9t\u00e9 la plus c\u00e9l\u00e8bre d&#8217;Am\u00e9rique, mais qui se r\u00e9colte en un temps record.<\/p>\n\n\n\n<p>L&#8217;<a href=\"https:\/\/bulkgenetics.com\/fr\/og-kush\/\">OG Kush<\/a> est probablement un croisement entre la Chemdawg et un hybride Lemon Thai x Hindu Kush, une vari\u00e9t\u00e9 prim\u00e9e \u00e0 plusieurs reprises et qui a donn\u00e9 naissance \u00e0 de nombreuses autres vari\u00e9t\u00e9s telles que la <a href=\"https:\/\/bulkgenetics.com\/fr\/bruce-banner\/\">Bruce Banner<\/a>, la <a href=\"https:\/\/bulkgenetics.com\/fr\/girl-scout-cookies\/\">Girl Scout Cookies<\/a>, la <a href=\"https:\/\/bulkgenetics.com\/fr\/gelato-33\/\">Gelato<\/a> ou la <a href=\"https:\/\/bulkgenetics.com\/fr\/candy-kush\/\">Kandy Kush<\/a>.<\/p>\n\n\n\n<p>Las siglas OG hacen referencia a&nbsp;<strong>Ocean Grow<\/strong> porque, originariamente, esta cepa crec\u00eda pr\u00f3xima a la costa oeste del estado de California. Hoy en d\u00eda es una planta ampliamente versionada por bancos como Humboldt Seeds, FastBuds, Seedsman, Sensi Seeds, Dinafem o Piramyd, entre muchos otros. La \u00fanica diferencia que hay, es que nuestras semillas a granel son las m\u00e1s baratas.<\/p>\n\n\n\n<h2 class=\"wp-block-heading\">Comment cultiver la OG Kush Auto<\/h2>\n\n\n\n<p>C&#8217;est une plante \u00e0 croissance rapide, \u00e9l\u00e9gante, avec une structure en forme de colonne. Lorsque les conditions sont favorables, elle peut atteindre <strong>une hauteur de 1,5 m\u00e8tre<\/strong>. Pour cela, utilisez d\u00e8s le d\u00e9but un <strong>grand pot d&#8217;au moins 20-25 litres<\/strong>. De cette fa\u00e7on, les plantes ne ralentiront pas leur croissance, comme cela arrive parfois lors de la transplantation, et atteindront la taille maximale possible.<\/p>\n\n\n\n<p>\u00c0 partir de la germination des graines,<strong> il faut compter environ 63-70 jours pour la r\u00e9colte<\/strong>. En ext\u00e9rieur, il est possible de r\u00e9colter deux r\u00e9coltes cons\u00e9cutives pendant la p\u00e9riode de v\u00e9g\u00e9tation, et jusqu&#8217;\u00e0 trois si le mois d&#8217;octobre a tendance \u00e0 \u00eatre sec.<\/p>\n\n\n\n<h2 class=\"wp-block-heading\">Caract\u00e9ristiques de la OG Kush Auto<\/h2>\n\n\n\n<p>Ce n&#8217;est pas une vari\u00e9t\u00e9 c\u00e9l\u00e8bre pour sa production. Ses t\u00eates sont de la taille d&#8217;une balle de golf, mais tr\u00e8s nombreuses, tr\u00e8s compactes et excessivement r\u00e9sineuses.<\/p>\n\n\n\n<p><strong>Son ar\u00f4me et sa saveur<\/strong> sont presque inimitables, avec des notes d&#8217;agrumes, de citron, de pin et de diesel. C&#8217;est l&#8217;un de ses points forts et c&#8217;est \u00e0 cela qu&#8217;il doit une grande partie de sa renomm\u00e9e.<\/p>\n\n\n\n<p><strong>Les effets sont tr\u00e8s puissants<\/strong>, avec un high rapide, vif et euphorique qui laissera place \u00e0 des sensations plus d\u00e9tendues, relaxantes et heureuses. C&#8217;est la vari\u00e9t\u00e9 de cannabis m\u00e9dical la plus demand\u00e9e dans les dispensaires am\u00e9ricains.<\/p>\n\n\n\n<p>Les rendements sont moyens \u00e0 \u00e9lev\u00e9s. Les plantes d&#8217;ext\u00e9rieur qui poussent plus haut donnent <strong>jusqu&#8217;\u00e0 150 grammes<\/strong>. En int\u00e9rieur, avec un syst\u00e8me d&#8217;\u00e9clairage LED de 300-350 W, les rendements atteignent <strong>500 grammes par m\u00b2<\/strong>.<\/p>\n\n\n\n<div style=\"height:50px\" aria-hidden=\"true\" class=\"wp-block-spacer uag-hide-mob\"><\/div>\n\n\n\n<div class=\"wp-block-columns is-layout-flex wp-container-core-columns-is-layout-28f84493 wp-block-columns-is-layout-flex\">\n<div class=\"wp-block-column is-layout-flow wp-block-column-is-layout-flow\">\n<p class=\"has-text-align-center has-medium-font-size\"><strong>Ce qui nous pla\u00eet le plus<\/strong><\/p>\n\n\n\n<ul class=\"wp-block-list\">\n<li>Tr\u00e8s facile \u00e0 cultiver.<\/li>\n\n\n\n<li>Cycle de vie tr\u00e8s court.<\/li>\n\n\n\n<li>Intense saveur de pin et de citron.<\/li>\n\n\n\n<li>Effets positifs et tr\u00e8s agr\u00e9ables.<\/li>\n\n\n\n<li>Son prix.<\/li>\n<\/ul>\n<\/div>\n\n\n\n<div class=\"wp-block-column is-layout-flow wp-block-column-is-layout-flow\">\n<p class=\"has-text-align-center has-medium-font-size\"><strong>Ce qui nous pla\u00eet le moins<\/strong><\/p>\n\n\n\n<ul class=\"wp-block-list\">\n<li>Sa production est moyenne<\/li>\n<\/ul>\n<\/div>\n<\/div>\n\n\n\n<div style=\"height:50px\" aria-hidden=\"true\" class=\"wp-block-spacer uag-hide-mob\"><\/div>\n\n\n\n<h2 class=\"wp-block-heading\">Questions fr\u00e9quentes<\/h2>\n\n\n\n<p>Nous r\u00e9pondons ci-dessous aux questions les plus fr\u00e9quemment pos\u00e9es par les cultivateurs int\u00e9ress\u00e9s par cette g\u00e9n\u00e9tique :<\/p>\n\n\n<div id=\"rank-math-faq\" class=\"rank-math-block\">\n<div class=\"rank-math-list \">\n<div id=\"faq-question-1663029074962\" class=\"rank-math-list-item\">\n<h3 class=\"rank-math-question \">Quand commence la floraison de la OG Kush Auto?<\/h3>\n<div class=\"rank-math-answer \">\n\n<p>Apr\u00e8s une phase de croissance de 3-4 semaines, les plantes commenceront \u00e0 fleurir.<\/p>\n\n<\/div>\n<\/div>\n<div id=\"faq-question-1663029159933\" class=\"rank-math-list-item\">\n<h3 class=\"rank-math-question \">Quand r\u00e9colter la OG Kush Auto apr\u00e8s sa germination ?<\/h3>\n<div class=\"rank-math-answer \">\n\n<p>C&#8217;est une vari\u00e9t\u00e9 de cannabis autofloraison rapide qui se r\u00e9colte en 8 \u00e0 9 semaines au total.<\/p>\n\n<\/div>\n<\/div>\n<div id=\"faq-question-1663029165861\" class=\"rank-math-list-item\">\n<h3 class=\"rank-math-question \">Comment cultiver la OG Kush Auto f\u00e9minis\u00e9e ?<\/h3>\n<div class=\"rank-math-answer \">\n\n<p>Elle est tr\u00e8s facile \u00e0 cultiver et tr\u00e8s r\u00e9sistante. Lorsqu&#8217;un grand pot est utilis\u00e9 d\u00e8s le d\u00e9part, elle peut atteindre une hauteur de 1,5 m\u00e8tre.<\/p>\n\n<\/div>\n<\/div>\n<div id=\"faq-question-1666780029954\" class=\"rank-math-list-item\">\n<h3 class=\"rank-math-question \">Quels sont les effets de la OG Kush Auto en vrac ?<\/h3>\n<div class=\"rank-math-answer \">\n\n<p>Apr\u00e8s un high intense, tr\u00e8s vif et euphorique, le corps est rempli de sensations relaxantes. Parfaite pour consommer en soir\u00e9e avant d&#8217;aller se coucher.<\/p>\n\n<\/div>\n<\/div>\n<\/div>\n<\/div>","protected":false},"excerpt":{"rendered":"<p>OG Kush Auto conserve les meilleures caract\u00e9ristiques de la l\u00e9gende am\u00e9ricaine, concentr\u00e9es dans une plante beaucoup plus discr\u00e8te et tr\u00e8s rapide. Son cycle de vie est tr\u00e8s court et \u00e0 partir de la germination, elle se r\u00e9colte en 9-10 semaines environ. Les t\u00eates sont allong\u00e9es, dures comme de l&#8217;acier et collantes comme du miel. Une saveur et un ar\u00f4me de citron intenses et p\u00e9n\u00e9trants feront que votre palais se r\u00e9jouira tandis qu&#8217;une tornade de sensations euphoriques, heureuses et relaxantes s&#8217;emparera de votre \u00eatre.<\/p>\n","protected":false},"featured_media":11955,"comment_status":"open","ping_status":"closed","template":"","meta":{"_acf_changed":false,"inline_featured_image":false,"_uag_custom_page_level_css":""},"product_brand":[],"product_cat":[2265,4112],"product_tag":[],"class_list":{"0":"post-10765","1":"product","2":"type-product","3":"status-publish","4":"has-post-thumbnail","6":"product_cat-graines-autofloraison-en-gros","7":"product_cat-graines-de-cannabis-a-1-euro","9":"first","10":"instock","11":"sale","12":"taxable","13":"shipping-taxable","14":"purchasable","15":"product-type-simple"},"acf":[],"uagb_featured_image_src":{"full":["https:\/\/bulkgenetics.com\/wp-content\/uploads\/2022\/10\/og-kush-auto.jpg",1600,1600,false],"thumbnail":["https:\/\/bulkgenetics.com\/wp-content\/uploads\/2022\/10\/og-kush-auto-150x150.jpg",150,150,true],"medium":["https:\/\/bulkgenetics.com\/wp-content\/uploads\/2022\/10\/og-kush-auto-300x300.jpg",300,300,true],"medium_large":["https:\/\/bulkgenetics.com\/wp-content\/uploads\/2022\/10\/og-kush-auto-768x768.jpg",768,768,true],"large":["https:\/\/bulkgenetics.com\/wp-content\/uploads\/2022\/10\/og-kush-auto-1024x1024.jpg",1024,1024,true],"1536x1536":["https:\/\/bulkgenetics.com\/wp-content\/uploads\/2022\/10\/og-kush-auto-1536x1536.jpg",1536,1536,true],"2048x2048":["https:\/\/bulkgenetics.com\/wp-content\/uploads\/2022\/10\/og-kush-auto.jpg",1600,1600,false],"commercegurus-pdp-large":["https:\/\/bulkgenetics.com\/wp-content\/uploads\/2022\/10\/og-kush-auto-990x990.jpg",990,990,true],"commercegurus-plp-mobile":["https:\/\/bulkgenetics.com\/wp-content\/uploads\/2022\/10\/og-kush-auto-441x441.jpg",441,441,true],"cgkit_image_swatch":["https:\/\/bulkgenetics.com\/wp-content\/uploads\/2022\/10\/og-kush-auto-100x100.jpg",100,100,true],"woocommerce_thumbnail":["https:\/\/bulkgenetics.com\/wp-content\/uploads\/2022\/10\/og-kush-auto-300x300.jpg",300,300,true],"woocommerce_single":["https:\/\/bulkgenetics.com\/wp-content\/uploads\/2022\/10\/og-kush-auto-800x800.jpg",800,800,true],"woocommerce_gallery_thumbnail":["https:\/\/bulkgenetics.com\/wp-content\/uploads\/2022\/10\/og-kush-auto-150x150.jpg",150,150,true],"dgwt-wcas-product-suggestion":["https:\/\/bulkgenetics.com\/wp-content\/uploads\/2022\/10\/og-kush-auto-64x64.jpg",64,64,true]},"uagb_author_info":{"display_name":"J\u00e9r\u00f4me","author_link":"https:\/\/bulkgenetics.com\/fr\/author\/"},"uagb_comment_info":0,"uagb_excerpt":"OG Kush Auto conserve les meilleures caract\u00e9ristiques de la l\u00e9gende am\u00e9ricaine, concentr\u00e9es dans une plante beaucoup plus discr\u00e8te et tr\u00e8s rapide. Son cycle de vie est tr\u00e8s court et \u00e0 partir de la germination, elle se r\u00e9colte en 9-10 semaines environ. Les t\u00eates sont allong\u00e9es, dures comme de l'acier et collantes comme du miel. Une\u2026","_links":{"self":[{"href":"https:\/\/bulkgenetics.com\/fr\/wp-json\/wp\/v2\/product\/10765","targetHints":{"allow":["GET"]}}],"collection":[{"href":"https:\/\/bulkgenetics.com\/fr\/wp-json\/wp\/v2\/product"}],"about":[{"href":"https:\/\/bulkgenetics.com\/fr\/wp-json\/wp\/v2\/types\/product"}],"replies":[{"embeddable":true,"href":"https:\/\/bulkgenetics.com\/fr\/wp-json\/wp\/v2\/comments?post=10765"}],"wp:featuredmedia":[{"embeddable":true,"href":"https:\/\/bulkgenetics.com\/fr\/wp-json\/wp\/v2\/media\/11955"}],"wp:attachment":[{"href":"https:\/\/bulkgenetics.com\/fr\/wp-json\/wp\/v2\/media?parent=10765"}],"wp:term":[{"taxonomy":"product_brand","embeddable":true,"href":"https:\/\/bulkgenetics.com\/fr\/wp-json\/wp\/v2\/product_brand?post=10765"},{"taxonomy":"product_cat","embeddable":true,"href":"https:\/\/bulkgenetics.com\/fr\/wp-json\/wp\/v2\/product_cat?post=10765"},{"taxonomy":"product_tag","embeddable":true,"href":"https:\/\/bulkgenetics.com\/fr\/wp-json\/wp\/v2\/product_tag?post=10765"}],"curies":[{"name":"wp","href":"https:\/\/api.w.org\/{rel}","templated":true}]}}