{"id":10766,"date":"2022-10-04T17:01:31","date_gmt":"2022-10-04T15:01:31","guid":{"rendered":"https:\/\/www.bulkgenetics.com\/northern-lights-auto\/"},"modified":"2024-10-08T01:13:48","modified_gmt":"2024-10-07T23:13:48","slug":"northern-lights-auto","status":"publish","type":"product","link":"https:\/\/bulkgenetics.com\/fr\/northern-lights-auto\/","title":{"rendered":"Northern Lights Auto"},"content":{"rendered":"\n<p>Northern Lights Auto est la version autofloraison et plus rapide de la vari\u00e9t\u00e9 de cannabis Indica sans doute la plus influente de l&#8217;histoire<\/p>\n\n\n\n<p>La <a href=\"https:\/\/bulkgenetics.com\/fr\/northern-lights\/\">Northern Lights<\/a> est une vieille Indica afghane qui a \u00e9t\u00e9 \u00e9lev\u00e9e en Californie et apport\u00e9e en Europe par Nevil Schoenmakers. Il deviendra plus tard un acteur cl\u00e9 chez Sensi Seeds et dans le d\u00e9veloppement de nombre de leurs hybrides.<\/p>\n\n\n\n<p>Sur des sites tels que Growdiaeries, il b\u00e9n\u00e9ficie des meilleurs avis et critiques. Et c&#8217;est l&#8217;une des vari\u00e9t\u00e9s de cannabis les plus populaires utilis\u00e9es par des banques telles que 00 Seeds et Royal Queen Seeds. La seule diff\u00e9rence que vous trouverez est que <strong>nos graines en vrac sont les moins ch\u00e8res<\/strong>.<\/p>\n\n\n\n<h2 class=\"wp-block-heading\">Comment cultiver la Northern Lights Auto<\/h2>\n\n\n\n<p>C&#8217;est l&#8217;une des plantes les plus faciles \u00e0 cultiver, c\u00e9l\u00e8bre parmi les cultivateurs d&#8217;int\u00e9rieur pour son odeur discr\u00e8te. <strong>Elle ne d\u00e9passe pas 110 cm de hauteur<\/strong>, ce qui la rend tr\u00e8s discr\u00e8te sur les terrasses, les balcons ou dans les petits jardins.<\/p>\n\n\n\n<p>Toutes les vari\u00e9t\u00e9s de cannabis \u00e0 autofloraison ont un comportement similaire. Elles poussent pendant environ 3-4 semaines, puis commencent \u00e0 fleurir, ind\u00e9pendamment de leur taille et du nombre d&#8217;heures de lumi\u00e8re qu&#8217;elles re\u00e7oivent.<\/p>\n\n\n\n<p>La phase de croissance est si courte qu&#8217;il est important que les plantes ne souffrent d&#8217;aucun arr\u00eat de croissance, comme cela se produit parfois apr\u00e8s le rempotage. <strong>Les cultivateurs utilisent g\u00e9n\u00e9ralement un grand pot<\/strong> d\u00e8s le d\u00e9part et un substrat riche en nutriments.<\/p>\n\n\n\n<p>\u00c0 partir de la germination des graines, <strong>les fleurs seront pr\u00eates en 65-70 jours<\/strong>. Il est possible de faire jusqu&#8217;\u00e0 3 r\u00e9coltes cons\u00e9cutives pendant toute la saison ext\u00e9rieure.<\/p>\n\n\n\n<h2 class=\"wp-block-heading\">Caract\u00e9ristiques de la Northern Lights Auto<\/h2>\n\n\n\n<p>Elle produit de grosses t\u00eates, tr\u00e8s compactes et tr\u00e8s r\u00e9sineuses. C&#8217;est la plante id\u00e9ale pour fabriquer un d\u00e9licieux et authentique haschisch afghan.<\/p>\n\n\n\n<p><strong>L&#8217;ar\u00f4me est tr\u00e8s subtil<\/strong> pendant la culture, mais une fois que les fleurs sont s\u00e9ch\u00e9es, il devient plus intense et complexe. On peut appr\u00e9cier des notes sucr\u00e9es et mielleuses, \u00e9pic\u00e9es, herbac\u00e9es et terreuses.<\/p>\n\n\n\n<p><strong>Les effets sont dignes d&#8217;une bonne Indica<\/strong>, apr\u00e8s quelques bouff\u00e9es, vous sentirez comme un c\u00e2lin g\u00e9ant, chaud et confortable. C&#8217;est la vari\u00e9t\u00e9 parfaite pour se d\u00e9tendre le soir et regarder la t\u00e9l\u00e9vision ou au moins essayer de le regarder.<\/p>\n\n\n\n<p><strong>Le rendement est tr\u00e8s \u00e9lev\u00e9<\/strong>. En int\u00e9rieur, on peut atteindre 550 grammes par m\u00b2 avec un \u00e9quipement LED de 300-350 grammes. En ext\u00e9rieur, des rendements de 200 grammes par plante peuvent facilement \u00eatre atteints avec les plus grandes plantes.<\/p>\n\n\n\n<div style=\"height:50px\" aria-hidden=\"true\" class=\"wp-block-spacer uag-hide-mob\"><\/div>\n\n\n\n<div class=\"wp-block-columns is-layout-flex wp-container-core-columns-is-layout-28f84493 wp-block-columns-is-layout-flex\">\n<div class=\"wp-block-column is-layout-flow wp-block-column-is-layout-flow\">\n<p class=\"has-text-align-center has-medium-font-size\"><strong>Ce que nous aimons le plus<\/strong><\/p>\n\n\n\n<ul class=\"wp-block-list\">\n<li>Tr\u00e8s facile \u00e0 cultiver.<\/li>\n\n\n\n<li>Production abondante.<\/li>\n\n\n\n<li>R\u00e9colte en seulement 65-70 jours.<\/li>\n\n\n\n<li>Effets tr\u00e8s relaxants.<\/li>\n\n\n\n<li>Son prix.<\/li>\n<\/ul>\n<\/div>\n\n\n\n<div class=\"wp-block-column is-layout-flow wp-block-column-is-layout-flow\">\n<p class=\"has-text-align-center has-medium-font-size\"><strong>Ce que nous aimons le moins<\/strong><\/p>\n\n\n\n<ul class=\"wp-block-list\">\n<li>Ce n&#8217;est pas une vari\u00e9t\u00e9 pour la journ\u00e9e.<\/li>\n<\/ul>\n<\/div>\n<\/div>\n\n\n\n<div style=\"height:50px\" aria-hidden=\"true\" class=\"wp-block-spacer uag-hide-mob\"><\/div>\n\n\n\n<h2 class=\"wp-block-heading\">Questions fr\u00e9quentes<\/h2>\n\n\n\n<p>Vous trouverez ci-dessous les r\u00e9ponses \u00e0 certaines des questions les plus courantes que nous posent les cultivateurs int\u00e9ress\u00e9s par cette g\u00e9n\u00e9tique :<\/p>\n\n\n<div id=\"rank-math-faq\" class=\"rank-math-block\">\n<div class=\"rank-math-list \">\n<div id=\"faq-question-1663029074962\" class=\"rank-math-list-item\">\n<h3 class=\"rank-math-question \">Quand commence la floraison de la Northern Lights Auto?<\/h3>\n<div class=\"rank-math-answer \">\n\n<p>Apr\u00e8s 3-4 semaines \u00e0 partir de la germination des graines, les plantes commenceront \u00e0 fleurir.<\/p>\n\n<\/div>\n<\/div>\n<div id=\"faq-question-1663029159933\" class=\"rank-math-list-item\">\n<h3 class=\"rank-math-question \">Quand r\u00e9colter la  Northern Lights Auto apr\u00e8s sa germiantion ?<\/h3>\n<div class=\"rank-math-answer \">\n\n<p>C&#8217;est une vari\u00e9t\u00e9 tr\u00e8s rapide qui se r\u00e9colte en 65-70 jours au total.<\/p>\n\n<\/div>\n<\/div>\n<div id=\"faq-question-1663029165861\" class=\"rank-math-list-item\">\n<h3 class=\"rank-math-question \">Comment cultiver la Northern Lights Auto fe\u00e9minis\u00e9e ?<\/h3>\n<div class=\"rank-math-answer \">\n\n<p>C&#8217;est une plante facile\u00e0 cultiver, r\u00e9sistante et \u00e0 l&#8217;odeur tr\u00e8s discr\u00e8te. Utilisez un grand pot d\u00e8s le premier jour pour obtenir les plantes les plus grandes et les plus productives.<\/p>\n\n<\/div>\n<\/div>\n<div id=\"faq-question-1666780029954\" class=\"rank-math-list-item\">\n<h3 class=\"rank-math-question \">Quels sont les effets de la Northern Lights Auto en vrac ?<\/h3>\n<div class=\"rank-math-answer \">\n\n<p>Elle a un effet tr\u00e8s relaxant, chaleureux et qui aide \u00e0 trouver le sommeil. Elle est parfaite pour fumer en fin de journ\u00e9e.<\/p>\n\n<\/div>\n<\/div>\n<\/div>\n<\/div>","protected":false},"excerpt":{"rendered":"<p>Northern Lights Auto est la version ultra-rapide de la g\u00e9n\u00e9tique Indica la plus influente de l&#8217;histoire. Elle est discr\u00e8te et reste sous les 110 cm de hauteur, un excellent choix pour les terrasses et les balcons. \u00c0 partir de la germination, il ne faudra que 9 semaines pour r\u00e9colter des t\u00eates denses, compactes et allong\u00e9es, avec tellement de r\u00e9sine qu&#8217;il sera impossible de ne pas se coller les doigts en les manucurant. Le go\u00fbt est doux et sucr\u00e9, et les effets sont forts, \u00e0 appr\u00e9cier de pr\u00e9f\u00e9rence en fin de journ\u00e9e pour une relaxation extr\u00eame.<\/p>\n","protected":false},"featured_media":30114,"comment_status":"open","ping_status":"closed","template":"","meta":{"_acf_changed":false,"inline_featured_image":false,"_uag_custom_page_level_css":""},"product_brand":[],"product_cat":[2265,4112],"product_tag":[],"class_list":{"0":"post-10766","1":"product","2":"type-product","3":"status-publish","4":"has-post-thumbnail","6":"product_cat-graines-autofloraison-en-gros","7":"product_cat-graines-de-cannabis-a-1-euro","9":"first","10":"instock","11":"sale","12":"taxable","13":"shipping-taxable","14":"purchasable","15":"product-type-simple"},"acf":[],"uagb_featured_image_src":{"full":["https:\/\/bulkgenetics.com\/wp-content\/uploads\/2022\/10\/northern-lights-auto-autoflowering-cannabis-seeds.jpg",1600,1600,false],"thumbnail":["https:\/\/bulkgenetics.com\/wp-content\/uploads\/2022\/10\/northern-lights-auto-autoflowering-cannabis-seeds-150x150.jpg",150,150,true],"medium":["https:\/\/bulkgenetics.com\/wp-content\/uploads\/2022\/10\/northern-lights-auto-autoflowering-cannabis-seeds-300x300.jpg",300,300,true],"medium_large":["https:\/\/bulkgenetics.com\/wp-content\/uploads\/2022\/10\/northern-lights-auto-autoflowering-cannabis-seeds-768x768.jpg",768,768,true],"large":["https:\/\/bulkgenetics.com\/wp-content\/uploads\/2022\/10\/northern-lights-auto-autoflowering-cannabis-seeds-1024x1024.jpg",1024,1024,true],"1536x1536":["https:\/\/bulkgenetics.com\/wp-content\/uploads\/2022\/10\/northern-lights-auto-autoflowering-cannabis-seeds-1536x1536.jpg",1536,1536,true],"2048x2048":["https:\/\/bulkgenetics.com\/wp-content\/uploads\/2022\/10\/northern-lights-auto-autoflowering-cannabis-seeds.jpg",1600,1600,false],"commercegurus-pdp-large":["https:\/\/bulkgenetics.com\/wp-content\/uploads\/2022\/10\/northern-lights-auto-autoflowering-cannabis-seeds-990x990.jpg",990,990,true],"commercegurus-plp-mobile":["https:\/\/bulkgenetics.com\/wp-content\/uploads\/2022\/10\/northern-lights-auto-autoflowering-cannabis-seeds-441x441.jpg",441,441,true],"cgkit_image_swatch":["https:\/\/bulkgenetics.com\/wp-content\/uploads\/2022\/10\/northern-lights-auto-autoflowering-cannabis-seeds-100x100.jpg",100,100,true],"woocommerce_thumbnail":["https:\/\/bulkgenetics.com\/wp-content\/uploads\/2022\/10\/northern-lights-auto-autoflowering-cannabis-seeds-300x300.jpg",300,300,true],"woocommerce_single":["https:\/\/bulkgenetics.com\/wp-content\/uploads\/2022\/10\/northern-lights-auto-autoflowering-cannabis-seeds-800x800.jpg",800,800,true],"woocommerce_gallery_thumbnail":["https:\/\/bulkgenetics.com\/wp-content\/uploads\/2022\/10\/northern-lights-auto-autoflowering-cannabis-seeds-150x150.jpg",150,150,true],"dgwt-wcas-product-suggestion":["https:\/\/bulkgenetics.com\/wp-content\/uploads\/2022\/10\/northern-lights-auto-autoflowering-cannabis-seeds-64x64.jpg",64,64,true]},"uagb_author_info":{"display_name":"J\u00e9r\u00f4me","author_link":"https:\/\/bulkgenetics.com\/fr\/author\/"},"uagb_comment_info":1,"uagb_excerpt":"Northern Lights Auto est la version ultra-rapide de la g\u00e9n\u00e9tique Indica la plus influente de l'histoire. Elle est discr\u00e8te et reste sous les 110 cm de hauteur, un excellent choix pour les terrasses et les balcons. \u00c0 partir de la germination, il ne faudra que 9 semaines pour r\u00e9colter des t\u00eates denses, compactes et allong\u00e9es,\u2026","_links":{"self":[{"href":"https:\/\/bulkgenetics.com\/fr\/wp-json\/wp\/v2\/product\/10766","targetHints":{"allow":["GET"]}}],"collection":[{"href":"https:\/\/bulkgenetics.com\/fr\/wp-json\/wp\/v2\/product"}],"about":[{"href":"https:\/\/bulkgenetics.com\/fr\/wp-json\/wp\/v2\/types\/product"}],"replies":[{"embeddable":true,"href":"https:\/\/bulkgenetics.com\/fr\/wp-json\/wp\/v2\/comments?post=10766"}],"wp:featuredmedia":[{"embeddable":true,"href":"https:\/\/bulkgenetics.com\/fr\/wp-json\/wp\/v2\/media\/30114"}],"wp:attachment":[{"href":"https:\/\/bulkgenetics.com\/fr\/wp-json\/wp\/v2\/media?parent=10766"}],"wp:term":[{"taxonomy":"product_brand","embeddable":true,"href":"https:\/\/bulkgenetics.com\/fr\/wp-json\/wp\/v2\/product_brand?post=10766"},{"taxonomy":"product_cat","embeddable":true,"href":"https:\/\/bulkgenetics.com\/fr\/wp-json\/wp\/v2\/product_cat?post=10766"},{"taxonomy":"product_tag","embeddable":true,"href":"https:\/\/bulkgenetics.com\/fr\/wp-json\/wp\/v2\/product_tag?post=10766"}],"curies":[{"name":"wp","href":"https:\/\/api.w.org\/{rel}","templated":true}]}}